{"id":195,"date":"2022-12-05T15:58:03","date_gmt":"2022-12-05T08:58:03","guid":{"rendered":"http:\/\/mau.hoabinhweb.com\/thucpham1\/?post_type=product&#038;p=195"},"modified":"2022-12-05T16:00:44","modified_gmt":"2022-12-05T09:00:44","slug":"pate-thit-dong-hop-cot-den-hai-phong-ha-long-150g","status":"publish","type":"product","link":"https:\/\/mau.hoabinhweb.com\/thucpham1\/san-pham\/pate-thit-dong-hop-cot-den-hai-phong-ha-long-150g\/","title":{"rendered":"Pate th\u1ecbt \u0111\u00f3ng h\u1ed9p c\u1ed9t \u0111\u00e8n H\u1ea3i Ph\u00f2ng H\u1ea1 Long 150g"},"content":{"rendered":"<div class=\"short-description\">Pate H\u1ea1 Long\u00a0th\u01a1m ngon ti\u1ec7n l\u1ee3i cho b\u1eefa \u0103n c\u1ee7a b\u1ea1n th\u00eam ph\u1ea7n h\u1ea5p d\u1eabn.\u00a0Pate th\u1ecbt \u0111\u00f3ng h\u1ed9p c\u1ed9t \u0111\u00e8n H\u1ea3i Ph\u00f2ng H\u1ea1 Long h\u1ed9p 150g\u00a0\u0111\u01b0\u1ee3c l\u00e0m t\u1eeb nh\u1eefng nguy\u00ean li\u1ec7u t\u01b0\u01a1i ngon, ch\u1ecdn l\u1ecdc k\u1ef9 l\u01b0\u1ee1ng nh\u01b0 th\u1ecbt heo, gan heo.\u00a0Pate th\u1ecbt\u00a0mang \u0111\u1ebfn h\u01b0\u01a1ng v\u1ecb th\u01a1m ngon cho ng\u01b0\u1eddi d\u00f9ng.<\/div>\n<ul class=\"infoproduct nospeci\">\n<li>Th\u01b0\u01a1ng hi\u1ec7u\n<div>H\u1ea1 Long (Vi\u1ec7t Nam)<\/div>\n<\/li>\n<li>N\u01a1i s\u1ea3n xu\u1ea5t\n<div>Vi\u1ec7t Nam<\/div>\n<\/li>\n<li>Kh\u1ed1i l\u01b0\u1ee3ng\n<div>150g<\/div>\n<\/li>\n<li>Th\u00e0nh ph\u1ea7n\n<div>M\u1ee1 heo, n\u01b0\u1edbc, th\u1ecbt heo, gan heo, h\u00e0nh t\u00edm, ch\u1ea5t \u0111i\u1ec1u v\u1ecb (451i), t\u1ecfi, b\u1ed9t m\u00ec, b\u1ed9t kem b\u00e9o th\u1ef1c v\u1eadt, b\u1ed9t th\u1ecbt heo, ti\u00eau tr\u1eafng, \u0111\u01b0\u1eddng, chi\u1ebft xu\u1ea5t n\u1ea5m men, mu\u1ed1i, ch\u1ea5t t\u1ea1o m\u00e0u t\u1ed5ng h\u1ee3p (127), ch\u1ea5t gi\u1eef m\u00e0u (250).<\/div>\n<\/li>\n<li>Khuy\u00ean d\u00f9ng\n<div>Ngon h\u01a1n khi h\u00e2m n\u00f3ng<\/div>\n<\/li>\n<li>C\u00e1ch d\u00f9ng\n<div>C\u00f3 th\u1ec3 s\u1eed d\u1ee5ng tr\u1ef1c ti\u1ebfp ho\u1eb7c d\u00f9ng \u0111\u1ec3 ch\u1ebf bi\u1ebfn c\u00e1c s\u1ea3n ph\u1ea9m kh\u00e1c<\/div>\n<\/li>\n<li>B\u1ea3o qu\u1ea3n\n<div>N\u01a1i kh\u00f4 r\u00e1o tho\u00e1ng m\u00e1t, tr\u00e1nh \u00e1nh n\u1eafng tr\u1ef1c ti\u1ebfp. B\u1ea3o qu\u1ea3n l\u1ea1nh sau khi m\u1edf n\u1eafp, n\u00ean d\u00f9ng h\u1ebft trong ng\u00e0y<\/div>\n<\/li>\n<\/ul>\n","protected":false},"excerpt":{"rendered":"<ul>\n<li>Cam k\u1ebft ch\u1ea5t l\u01b0\u1ee3ng<\/li>\n<li>V\u1eadn chuy\u1ec3n tr\u00ean to\u00e0n qu\u1ed1c<\/li>\n<li>Ki\u1ec3m tra h\u00e0ng tr\u01b0\u1edbc khi thanh to\u00e1n<\/li>\n<li>Cam k\u1ebft v\u1ec7 sinh an to\u00e0n th\u1ef1c ph\u1ea9m<\/li>\n<\/ul>\n","protected":false},"featured_media":199,"template":"","meta":[],"product_cat":[19],"product_tag":[],"class_list":["post-195","product","type-product","status-publish","has-post-thumbnail","hentry","product_cat-san-pham-noi-bat"],"yoast_head":"<!-- This site is optimized with the Yoast SEO plugin v19.11 - https:\/\/yoast.com\/wordpress\/plugins\/seo\/ -->\n<title>Pate th\u1ecbt \u0111\u00f3ng h\u1ed9p c\u1ed9t \u0111\u00e8n H\u1ea3i Ph\u00f2ng H\u1ea1 Long 150g - Pate C\u1ed9t \u0110\u00e8n<\/title>\n<meta name=\"robots\" content=\"noindex, follow, max-snippet:-1, max-image-preview:large, max-video-preview:-1\" \/>\n<meta property=\"og:locale\" content=\"vi_VN\" \/>\n<meta property=\"og:type\" content=\"article\" \/>\n<meta property=\"og:title\" content=\"Pate th\u1ecbt \u0111\u00f3ng h\u1ed9p c\u1ed9t \u0111\u00e8n H\u1ea3i Ph\u00f2ng H\u1ea1 Long 150g - Pate C\u1ed9t \u0110\u00e8n\" \/>\n<meta property=\"og:description\" content=\"Cam k\u1ebft ch\u1ea5t l\u01b0\u1ee3ng  V\u1eadn chuy\u1ec3n tr\u00ean to\u00e0n qu\u1ed1c  Ki\u1ec3m tra h\u00e0ng tr\u01b0\u1edbc khi thanh to\u00e1n  Cam k\u1ebft v\u1ec7 sinh an to\u00e0n th\u1ef1c ph\u1ea9m\" \/>\n<meta property=\"og:url\" content=\"https:\/\/mau.hoabinhweb.com\/thucpham1\/san-pham\/pate-thit-dong-hop-cot-den-hai-phong-ha-long-150g\/\" \/>\n<meta property=\"og:site_name\" content=\"Pate C\u1ed9t \u0110\u00e8n\" \/>\n<meta property=\"article:modified_time\" content=\"2022-12-05T09:00:44+00:00\" \/>\n<meta property=\"og:image\" content=\"https:\/\/mau.hoabinhweb.com\/thucpham1\/wp-content\/uploads\/2022\/12\/sanpham7.jpg\" \/>\n\t<meta property=\"og:image:width\" content=\"600\" \/>\n\t<meta property=\"og:image:height\" content=\"600\" \/>\n\t<meta property=\"og:image:type\" content=\"image\/jpeg\" \/>\n<meta name=\"twitter:card\" content=\"summary_large_image\" \/>\n<meta name=\"twitter:label1\" content=\"\u01af\u1edbc t\u00ednh th\u1eddi gian \u0111\u1ecdc\" \/>\n\t<meta name=\"twitter:data1\" content=\"1 ph\u00fat\" \/>\n<script type=\"application\/ld+json\" class=\"yoast-schema-graph\">{\"@context\":\"https:\/\/schema.org\",\"@graph\":[{\"@type\":\"WebPage\",\"@id\":\"https:\/\/mau.hoabinhweb.com\/thucpham1\/san-pham\/pate-thit-dong-hop-cot-den-hai-phong-ha-long-150g\/\",\"url\":\"https:\/\/mau.hoabinhweb.com\/thucpham1\/san-pham\/pate-thit-dong-hop-cot-den-hai-phong-ha-long-150g\/\",\"name\":\"Pate th\u1ecbt \u0111\u00f3ng h\u1ed9p c\u1ed9t \u0111\u00e8n H\u1ea3i Ph\u00f2ng H\u1ea1 Long 150g - Pate C\u1ed9t \u0110\u00e8n\",\"isPartOf\":{\"@id\":\"https:\/\/mau.hoabinhweb.com\/thucpham1\/#website\"},\"datePublished\":\"2022-12-05T08:58:03+00:00\",\"dateModified\":\"2022-12-05T09:00:44+00:00\",\"breadcrumb\":{\"@id\":\"https:\/\/mau.hoabinhweb.com\/thucpham1\/san-pham\/pate-thit-dong-hop-cot-den-hai-phong-ha-long-150g\/#breadcrumb\"},\"inLanguage\":\"vi\",\"potentialAction\":[{\"@type\":\"ReadAction\",\"target\":[\"https:\/\/mau.hoabinhweb.com\/thucpham1\/san-pham\/pate-thit-dong-hop-cot-den-hai-phong-ha-long-150g\/\"]}]},{\"@type\":\"BreadcrumbList\",\"@id\":\"https:\/\/mau.hoabinhweb.com\/thucpham1\/san-pham\/pate-thit-dong-hop-cot-den-hai-phong-ha-long-150g\/#breadcrumb\",\"itemListElement\":[{\"@type\":\"ListItem\",\"position\":1,\"name\":\"Trang ch\u1ee7\",\"item\":\"https:\/\/mau.hoabinhweb.com\/thucpham1\/\"},{\"@type\":\"ListItem\",\"position\":2,\"name\":\"S\u1ea3n ph\u1ea9m\",\"item\":\"https:\/\/mau.hoabinhweb.com\/thucpham1\/san-pham\/\"},{\"@type\":\"ListItem\",\"position\":3,\"name\":\"Pate th\u1ecbt \u0111\u00f3ng h\u1ed9p c\u1ed9t \u0111\u00e8n H\u1ea3i Ph\u00f2ng H\u1ea1 Long 150g\"}]},{\"@type\":\"WebSite\",\"@id\":\"https:\/\/mau.hoabinhweb.com\/thucpham1\/#website\",\"url\":\"https:\/\/mau.hoabinhweb.com\/thucpham1\/\",\"name\":\"Pate C\u1ed9t \u0110\u00e8n\",\"description\":\"\",\"potentialAction\":[{\"@type\":\"SearchAction\",\"target\":{\"@type\":\"EntryPoint\",\"urlTemplate\":\"https:\/\/mau.hoabinhweb.com\/thucpham1\/?s={search_term_string}\"},\"query-input\":\"required name=search_term_string\"}],\"inLanguage\":\"vi\"}]}<\/script>\n<!-- \/ Yoast SEO plugin. -->","yoast_head_json":{"title":"Pate th\u1ecbt \u0111\u00f3ng h\u1ed9p c\u1ed9t \u0111\u00e8n H\u1ea3i Ph\u00f2ng H\u1ea1 Long 150g - Pate C\u1ed9t \u0110\u00e8n","robots":{"index":"noindex","follow":"follow","max-snippet":"max-snippet:-1","max-image-preview":"max-image-preview:large","max-video-preview":"max-video-preview:-1"},"og_locale":"vi_VN","og_type":"article","og_title":"Pate th\u1ecbt \u0111\u00f3ng h\u1ed9p c\u1ed9t \u0111\u00e8n H\u1ea3i Ph\u00f2ng H\u1ea1 Long 150g - Pate C\u1ed9t \u0110\u00e8n","og_description":"Cam k\u1ebft ch\u1ea5t l\u01b0\u1ee3ng  V\u1eadn chuy\u1ec3n tr\u00ean to\u00e0n qu\u1ed1c  Ki\u1ec3m tra h\u00e0ng tr\u01b0\u1edbc khi thanh to\u00e1n  Cam k\u1ebft v\u1ec7 sinh an to\u00e0n th\u1ef1c ph\u1ea9m","og_url":"https:\/\/mau.hoabinhweb.com\/thucpham1\/san-pham\/pate-thit-dong-hop-cot-den-hai-phong-ha-long-150g\/","og_site_name":"Pate C\u1ed9t \u0110\u00e8n","article_modified_time":"2022-12-05T09:00:44+00:00","og_image":[{"width":600,"height":600,"url":"https:\/\/mau.hoabinhweb.com\/thucpham1\/wp-content\/uploads\/2022\/12\/sanpham7.jpg","type":"image\/jpeg"}],"twitter_card":"summary_large_image","twitter_misc":{"\u01af\u1edbc t\u00ednh th\u1eddi gian \u0111\u1ecdc":"1 ph\u00fat"},"schema":{"@context":"https:\/\/schema.org","@graph":[{"@type":"WebPage","@id":"https:\/\/mau.hoabinhweb.com\/thucpham1\/san-pham\/pate-thit-dong-hop-cot-den-hai-phong-ha-long-150g\/","url":"https:\/\/mau.hoabinhweb.com\/thucpham1\/san-pham\/pate-thit-dong-hop-cot-den-hai-phong-ha-long-150g\/","name":"Pate th\u1ecbt \u0111\u00f3ng h\u1ed9p c\u1ed9t \u0111\u00e8n H\u1ea3i Ph\u00f2ng H\u1ea1 Long 150g - Pate C\u1ed9t \u0110\u00e8n","isPartOf":{"@id":"https:\/\/mau.hoabinhweb.com\/thucpham1\/#website"},"datePublished":"2022-12-05T08:58:03+00:00","dateModified":"2022-12-05T09:00:44+00:00","breadcrumb":{"@id":"https:\/\/mau.hoabinhweb.com\/thucpham1\/san-pham\/pate-thit-dong-hop-cot-den-hai-phong-ha-long-150g\/#breadcrumb"},"inLanguage":"vi","potentialAction":[{"@type":"ReadAction","target":["https:\/\/mau.hoabinhweb.com\/thucpham1\/san-pham\/pate-thit-dong-hop-cot-den-hai-phong-ha-long-150g\/"]}]},{"@type":"BreadcrumbList","@id":"https:\/\/mau.hoabinhweb.com\/thucpham1\/san-pham\/pate-thit-dong-hop-cot-den-hai-phong-ha-long-150g\/#breadcrumb","itemListElement":[{"@type":"ListItem","position":1,"name":"Trang ch\u1ee7","item":"https:\/\/mau.hoabinhweb.com\/thucpham1\/"},{"@type":"ListItem","position":2,"name":"S\u1ea3n ph\u1ea9m","item":"https:\/\/mau.hoabinhweb.com\/thucpham1\/san-pham\/"},{"@type":"ListItem","position":3,"name":"Pate th\u1ecbt \u0111\u00f3ng h\u1ed9p c\u1ed9t \u0111\u00e8n H\u1ea3i Ph\u00f2ng H\u1ea1 Long 150g"}]},{"@type":"WebSite","@id":"https:\/\/mau.hoabinhweb.com\/thucpham1\/#website","url":"https:\/\/mau.hoabinhweb.com\/thucpham1\/","name":"Pate C\u1ed9t \u0110\u00e8n","description":"","potentialAction":[{"@type":"SearchAction","target":{"@type":"EntryPoint","urlTemplate":"https:\/\/mau.hoabinhweb.com\/thucpham1\/?s={search_term_string}"},"query-input":"required name=search_term_string"}],"inLanguage":"vi"}]}},"_links":{"self":[{"href":"https:\/\/mau.hoabinhweb.com\/thucpham1\/wp-json\/wp\/v2\/product\/195","targetHints":{"allow":["GET"]}}],"collection":[{"href":"https:\/\/mau.hoabinhweb.com\/thucpham1\/wp-json\/wp\/v2\/product"}],"about":[{"href":"https:\/\/mau.hoabinhweb.com\/thucpham1\/wp-json\/wp\/v2\/types\/product"}],"wp:featuredmedia":[{"embeddable":true,"href":"https:\/\/mau.hoabinhweb.com\/thucpham1\/wp-json\/wp\/v2\/media\/199"}],"wp:attachment":[{"href":"https:\/\/mau.hoabinhweb.com\/thucpham1\/wp-json\/wp\/v2\/media?parent=195"}],"wp:term":[{"taxonomy":"product_cat","embeddable":true,"href":"https:\/\/mau.hoabinhweb.com\/thucpham1\/wp-json\/wp\/v2\/product_cat?post=195"},{"taxonomy":"product_tag","embeddable":true,"href":"https:\/\/mau.hoabinhweb.com\/thucpham1\/wp-json\/wp\/v2\/product_tag?post=195"}],"curies":[{"name":"wp","href":"https:\/\/api.w.org\/{rel}","templated":true}]}}