{"id":142,"date":"2022-10-06T23:28:33","date_gmt":"2022-10-06T16:28:33","guid":{"rendered":"http:\/\/mau.hoabinhweb.com\/thucpham1\/?post_type=product&#038;p=142"},"modified":"2022-12-05T15:23:55","modified_gmt":"2022-12-05T08:23:55","slug":"bo-bit-tet-sot-ca-ri-ha-long-150g","status":"publish","type":"product","link":"https:\/\/mau.hoabinhweb.com\/thucpham1\/san-pham\/bo-bit-tet-sot-ca-ri-ha-long-150g\/","title":{"rendered":"B\u00f2 b\u00edt t\u1ebft s\u1ed1t c\u00e0 ri H\u1ea1 Long 150g"},"content":{"rendered":"<div class=\"short-description\">B\u00f2 h\u1ed9p H\u1ea1 Long\u00a0bao g\u1ed3m\u00a0<strong>th\u1ecbt b\u00f2, th\u1ecbt heo<\/strong>\u00a0c\u00f9ng\u00a0<strong>c\u00e1c lo\u1ea1i gia v\u1ecb kh\u00e1c.\u00a0<\/strong>\u00a0V\u1edbi B\u00f2 b\u00edt t\u1ebft s\u1ed1t C\u00e0 ri H\u1ea1 Long h\u1ed9p 150g,\u00a0 b\u1ea1n s\u1ebd r\u00fat ng\u1eafn \u0111\u01b0\u1ee3c th\u1eddi gian cho vi\u1ec7c n\u1ea5u \u0103n, ch\u1ec9 c\u1ea7n l\u00e0m n\u00f3ng l\u1ea1i\u00a0b\u00f2 h\u1ed9p\u00a0tr\u01b0\u1edbc khi d\u00f9ng l\u00e0 \u0111\u00e3 s\u1eb5n s\u00e0ng cho m\u1ed9t m\u00f3n \u0103n th\u01a1m ngon b\u1ed5 d\u01b0\u1ee1ng<\/div>\n<ul class=\"infoproduct nospeci\">\n<li>Th\u01b0\u01a1ng hi\u1ec7u\n<div>H\u1ea1 Long (Vi\u1ec7t Nam)<\/div>\n<\/li>\n<li>N\u01a1i s\u1ea3n xu\u1ea5t\n<div>Vi\u1ec7t Nam<\/div>\n<\/li>\n<li>Kh\u1ed1i l\u01b0\u1ee3ng t\u1ecbnh\n<div>150g<\/div>\n<\/li>\n<li>Kh\u1ed1i l\u01b0\u1ee3ng th\u1ecbt\n<div>Th\u1ecbt b\u00f2 45%<\/div>\n<\/li>\n<li>C\u00e1ch d\u00f9ng\n<div>Sau khi m\u1edf n\u1eafp d\u00f9ng ngay ho\u1eb7c gi\u1eef \u1edf nhi\u1ec7t \u0111\u1ed9 5 \u0111\u1ed9 C v\u00e0 s\u1eed d\u1ee5ng trong v\u00f2ng 24 gi\u1edd<\/div>\n<\/li>\n<li>Khuy\u00ean d\u00f9ng\n<div>Ngon h\u01a1n khi h\u00e2m n\u00f3ng<\/div>\n<\/li>\n<li>Th\u00e0nh ph\u1ea7n\n<div>Th\u1ecbt b\u00f2, khoai t\u00e2y, s\u1ed1t c\u00e0 ri, n\u01b0\u1edbc, h\u00e0nh t\u00edm, d\u1ea7u n\u00e0nh, \u0111\u01b0\u1eddng, ch\u1ea5t l\u00e0m d\u00e0y, mu\u1ed1i, d\u1ea7u h\u00e0o, chi\u1ebft xu\u1ea5t n\u1ea5m men, ch\u1ea5t t\u1ea1o m\u00e0u t\u1ed5ng h\u1ee3p, ch\u1ea5t \u0111i\u1ec1u v\u1ecb&#8230;<\/div>\n<\/li>\n<li>B\u1ea3o qu\u1ea3n\n<div>Sau khi m\u1edf n\u1eafp d\u00f9ng ngay ho\u1eb7c d\u01b0\u1edbi 5 \u0111\u1ed9 C v\u00e0 d\u00f9ng trong 24 gi\u1edd<\/div>\n<\/li>\n<\/ul>\n","protected":false},"excerpt":{"rendered":"<ul>\n<li>Cam k\u1ebft ch\u1ea5t l\u01b0\u1ee3ng<\/li>\n<li>V\u1eadn chuy\u1ec3n tr\u00ean to\u00e0n qu\u1ed1c<\/li>\n<li>Ki\u1ec3m tra h\u00e0ng tr\u01b0\u1edbc khi thanh to\u00e1n<\/li>\n<li>Cam k\u1ebft v\u1ec7 sinh an to\u00e0n th\u1ef1c ph\u1ea9m<\/li>\n<\/ul>\n","protected":false},"featured_media":159,"template":"","meta":[],"product_cat":[19],"product_tag":[],"class_list":["post-142","product","type-product","status-publish","has-post-thumbnail","hentry","product_cat-san-pham-noi-bat"],"yoast_head":"<!-- This site is optimized with the Yoast SEO plugin v19.11 - https:\/\/yoast.com\/wordpress\/plugins\/seo\/ -->\n<title>B\u00f2 b\u00edt t\u1ebft s\u1ed1t c\u00e0 ri H\u1ea1 Long 150g - Pate C\u1ed9t \u0110\u00e8n<\/title>\n<meta name=\"robots\" content=\"noindex, follow, max-snippet:-1, max-image-preview:large, max-video-preview:-1\" \/>\n<meta property=\"og:locale\" content=\"vi_VN\" \/>\n<meta property=\"og:type\" content=\"article\" \/>\n<meta property=\"og:title\" content=\"B\u00f2 b\u00edt t\u1ebft s\u1ed1t c\u00e0 ri H\u1ea1 Long 150g - Pate C\u1ed9t \u0110\u00e8n\" \/>\n<meta property=\"og:description\" content=\"Cam k\u1ebft ch\u1ea5t l\u01b0\u1ee3ng  V\u1eadn chuy\u1ec3n tr\u00ean to\u00e0n qu\u1ed1c  Ki\u1ec3m tra h\u00e0ng tr\u01b0\u1edbc khi thanh to\u00e1n  Cam k\u1ebft v\u1ec7 sinh an to\u00e0n th\u1ef1c ph\u1ea9m\" \/>\n<meta property=\"og:url\" content=\"https:\/\/mau.hoabinhweb.com\/thucpham1\/san-pham\/bo-bit-tet-sot-ca-ri-ha-long-150g\/\" \/>\n<meta property=\"og:site_name\" content=\"Pate C\u1ed9t \u0110\u00e8n\" \/>\n<meta property=\"article:modified_time\" content=\"2022-12-05T08:23:55+00:00\" \/>\n<meta property=\"og:image\" content=\"https:\/\/mau.hoabinhweb.com\/thucpham1\/wp-content\/uploads\/2022\/10\/sanpham2.jpg\" \/>\n\t<meta property=\"og:image:width\" content=\"600\" \/>\n\t<meta property=\"og:image:height\" content=\"600\" \/>\n\t<meta property=\"og:image:type\" content=\"image\/jpeg\" \/>\n<meta name=\"twitter:card\" content=\"summary_large_image\" \/>\n<meta name=\"twitter:label1\" content=\"\u01af\u1edbc t\u00ednh th\u1eddi gian \u0111\u1ecdc\" \/>\n\t<meta name=\"twitter:data1\" content=\"1 ph\u00fat\" \/>\n<script type=\"application\/ld+json\" class=\"yoast-schema-graph\">{\"@context\":\"https:\/\/schema.org\",\"@graph\":[{\"@type\":\"WebPage\",\"@id\":\"https:\/\/mau.hoabinhweb.com\/thucpham1\/san-pham\/bo-bit-tet-sot-ca-ri-ha-long-150g\/\",\"url\":\"https:\/\/mau.hoabinhweb.com\/thucpham1\/san-pham\/bo-bit-tet-sot-ca-ri-ha-long-150g\/\",\"name\":\"B\u00f2 b\u00edt t\u1ebft s\u1ed1t c\u00e0 ri H\u1ea1 Long 150g - Pate C\u1ed9t \u0110\u00e8n\",\"isPartOf\":{\"@id\":\"https:\/\/mau.hoabinhweb.com\/thucpham1\/#website\"},\"datePublished\":\"2022-10-06T16:28:33+00:00\",\"dateModified\":\"2022-12-05T08:23:55+00:00\",\"breadcrumb\":{\"@id\":\"https:\/\/mau.hoabinhweb.com\/thucpham1\/san-pham\/bo-bit-tet-sot-ca-ri-ha-long-150g\/#breadcrumb\"},\"inLanguage\":\"vi\",\"potentialAction\":[{\"@type\":\"ReadAction\",\"target\":[\"https:\/\/mau.hoabinhweb.com\/thucpham1\/san-pham\/bo-bit-tet-sot-ca-ri-ha-long-150g\/\"]}]},{\"@type\":\"BreadcrumbList\",\"@id\":\"https:\/\/mau.hoabinhweb.com\/thucpham1\/san-pham\/bo-bit-tet-sot-ca-ri-ha-long-150g\/#breadcrumb\",\"itemListElement\":[{\"@type\":\"ListItem\",\"position\":1,\"name\":\"Trang ch\u1ee7\",\"item\":\"https:\/\/mau.hoabinhweb.com\/thucpham1\/\"},{\"@type\":\"ListItem\",\"position\":2,\"name\":\"S\u1ea3n ph\u1ea9m\",\"item\":\"https:\/\/mau.hoabinhweb.com\/thucpham1\/san-pham\/\"},{\"@type\":\"ListItem\",\"position\":3,\"name\":\"B\u00f2 b\u00edt t\u1ebft s\u1ed1t c\u00e0 ri H\u1ea1 Long 150g\"}]},{\"@type\":\"WebSite\",\"@id\":\"https:\/\/mau.hoabinhweb.com\/thucpham1\/#website\",\"url\":\"https:\/\/mau.hoabinhweb.com\/thucpham1\/\",\"name\":\"Pate C\u1ed9t \u0110\u00e8n\",\"description\":\"\",\"potentialAction\":[{\"@type\":\"SearchAction\",\"target\":{\"@type\":\"EntryPoint\",\"urlTemplate\":\"https:\/\/mau.hoabinhweb.com\/thucpham1\/?s={search_term_string}\"},\"query-input\":\"required name=search_term_string\"}],\"inLanguage\":\"vi\"}]}<\/script>\n<!-- \/ Yoast SEO plugin. -->","yoast_head_json":{"title":"B\u00f2 b\u00edt t\u1ebft s\u1ed1t c\u00e0 ri H\u1ea1 Long 150g - Pate C\u1ed9t \u0110\u00e8n","robots":{"index":"noindex","follow":"follow","max-snippet":"max-snippet:-1","max-image-preview":"max-image-preview:large","max-video-preview":"max-video-preview:-1"},"og_locale":"vi_VN","og_type":"article","og_title":"B\u00f2 b\u00edt t\u1ebft s\u1ed1t c\u00e0 ri H\u1ea1 Long 150g - Pate C\u1ed9t \u0110\u00e8n","og_description":"Cam k\u1ebft ch\u1ea5t l\u01b0\u1ee3ng  V\u1eadn chuy\u1ec3n tr\u00ean to\u00e0n qu\u1ed1c  Ki\u1ec3m tra h\u00e0ng tr\u01b0\u1edbc khi thanh to\u00e1n  Cam k\u1ebft v\u1ec7 sinh an to\u00e0n th\u1ef1c ph\u1ea9m","og_url":"https:\/\/mau.hoabinhweb.com\/thucpham1\/san-pham\/bo-bit-tet-sot-ca-ri-ha-long-150g\/","og_site_name":"Pate C\u1ed9t \u0110\u00e8n","article_modified_time":"2022-12-05T08:23:55+00:00","og_image":[{"width":600,"height":600,"url":"https:\/\/mau.hoabinhweb.com\/thucpham1\/wp-content\/uploads\/2022\/10\/sanpham2.jpg","type":"image\/jpeg"}],"twitter_card":"summary_large_image","twitter_misc":{"\u01af\u1edbc t\u00ednh th\u1eddi gian \u0111\u1ecdc":"1 ph\u00fat"},"schema":{"@context":"https:\/\/schema.org","@graph":[{"@type":"WebPage","@id":"https:\/\/mau.hoabinhweb.com\/thucpham1\/san-pham\/bo-bit-tet-sot-ca-ri-ha-long-150g\/","url":"https:\/\/mau.hoabinhweb.com\/thucpham1\/san-pham\/bo-bit-tet-sot-ca-ri-ha-long-150g\/","name":"B\u00f2 b\u00edt t\u1ebft s\u1ed1t c\u00e0 ri H\u1ea1 Long 150g - Pate C\u1ed9t \u0110\u00e8n","isPartOf":{"@id":"https:\/\/mau.hoabinhweb.com\/thucpham1\/#website"},"datePublished":"2022-10-06T16:28:33+00:00","dateModified":"2022-12-05T08:23:55+00:00","breadcrumb":{"@id":"https:\/\/mau.hoabinhweb.com\/thucpham1\/san-pham\/bo-bit-tet-sot-ca-ri-ha-long-150g\/#breadcrumb"},"inLanguage":"vi","potentialAction":[{"@type":"ReadAction","target":["https:\/\/mau.hoabinhweb.com\/thucpham1\/san-pham\/bo-bit-tet-sot-ca-ri-ha-long-150g\/"]}]},{"@type":"BreadcrumbList","@id":"https:\/\/mau.hoabinhweb.com\/thucpham1\/san-pham\/bo-bit-tet-sot-ca-ri-ha-long-150g\/#breadcrumb","itemListElement":[{"@type":"ListItem","position":1,"name":"Trang ch\u1ee7","item":"https:\/\/mau.hoabinhweb.com\/thucpham1\/"},{"@type":"ListItem","position":2,"name":"S\u1ea3n ph\u1ea9m","item":"https:\/\/mau.hoabinhweb.com\/thucpham1\/san-pham\/"},{"@type":"ListItem","position":3,"name":"B\u00f2 b\u00edt t\u1ebft s\u1ed1t c\u00e0 ri H\u1ea1 Long 150g"}]},{"@type":"WebSite","@id":"https:\/\/mau.hoabinhweb.com\/thucpham1\/#website","url":"https:\/\/mau.hoabinhweb.com\/thucpham1\/","name":"Pate C\u1ed9t \u0110\u00e8n","description":"","potentialAction":[{"@type":"SearchAction","target":{"@type":"EntryPoint","urlTemplate":"https:\/\/mau.hoabinhweb.com\/thucpham1\/?s={search_term_string}"},"query-input":"required name=search_term_string"}],"inLanguage":"vi"}]}},"_links":{"self":[{"href":"https:\/\/mau.hoabinhweb.com\/thucpham1\/wp-json\/wp\/v2\/product\/142","targetHints":{"allow":["GET"]}}],"collection":[{"href":"https:\/\/mau.hoabinhweb.com\/thucpham1\/wp-json\/wp\/v2\/product"}],"about":[{"href":"https:\/\/mau.hoabinhweb.com\/thucpham1\/wp-json\/wp\/v2\/types\/product"}],"wp:featuredmedia":[{"embeddable":true,"href":"https:\/\/mau.hoabinhweb.com\/thucpham1\/wp-json\/wp\/v2\/media\/159"}],"wp:attachment":[{"href":"https:\/\/mau.hoabinhweb.com\/thucpham1\/wp-json\/wp\/v2\/media?parent=142"}],"wp:term":[{"taxonomy":"product_cat","embeddable":true,"href":"https:\/\/mau.hoabinhweb.com\/thucpham1\/wp-json\/wp\/v2\/product_cat?post=142"},{"taxonomy":"product_tag","embeddable":true,"href":"https:\/\/mau.hoabinhweb.com\/thucpham1\/wp-json\/wp\/v2\/product_tag?post=142"}],"curies":[{"name":"wp","href":"https:\/\/api.w.org\/{rel}","templated":true}]}}