{"id":140,"date":"2022-10-06T23:28:22","date_gmt":"2022-10-06T16:28:22","guid":{"rendered":"http:\/\/mau.hoabinhweb.com\/thucpham1\/?post_type=product&#038;p=140"},"modified":"2022-12-05T15:25:38","modified_gmt":"2022-12-05T08:25:38","slug":"pate-gan-ha-long-170g","status":"publish","type":"product","link":"https:\/\/mau.hoabinhweb.com\/thucpham1\/san-pham\/pate-gan-ha-long-170g\/","title":{"rendered":"Pate gan H\u1ea1 Long 170g"},"content":{"rendered":"<div class=\"short-description\">G\u1ed3m th\u1ecbt heo, gan heo,&#8230;\u0111\u01b0\u1ee3c ch\u1ecdn l\u1ef1a k\u0129 c\u00e0ng, quy tr\u00ecnh ch\u1ebf bi\u1ebfn \u0111\u01b0\u1ee3c ki\u1ec3m tra nghi\u00eam ng\u1eb7t, kh\u00f4ng l\u1eabn t\u1ea1p ch\u1ea5t h\u00f3a h\u1ecdc \u0111\u1ed9c h\u1ea1i, lu\u00f4n mang \u0111\u1ebfn ch\u1ea5t l\u01b0\u1ee3ng t\u1ed1t nh\u1ea5t cho ng\u01b0\u1eddi ti\u00eau d\u00f9ng. Pate gan heo H\u1ea1 Long h\u1ed9p 170g\u00a0\u0111\u00f3ng h\u1ed9p nh\u1ecf g\u1ecdn, ti\u1ec7n l\u1ee3i s\u1eed d\u1ee5ng trong gia \u0111\u00ecnh ho\u1eb7c mang \u0111i du l\u1ecbch, d\u00e3 ngo\u1ea1i.<\/div>\n<ul class=\"infoproduct\">\n<li>Th\u01b0\u01a1ng hi\u1ec7u\n<div>H\u1ea1 Long (Vi\u1ec7t Nam)<\/div>\n<\/li>\n<li>N\u01a1i s\u1ea3n xu\u1ea5t\n<div>Vi\u1ec7t Nam<\/div>\n<\/li>\n<li>Kh\u1ed1i l\u01b0\u1ee3ng\n<div>170g<\/div>\n<\/li>\n<li>Th\u00e0nh ph\u1ea7n\n<div>Th\u1ecbt heo, gan heo 18%, n\u01b0\u1edbc, tinh b\u1ed9t, h\u00e0nh&#8230;<\/div>\n<\/li>\n<li>Khuy\u00ean d\u00f9ng\n<div>Ngon h\u01a1n khi h\u00e2m n\u00f3ng<\/div>\n<\/li>\n<li>C\u00e1ch d\u00f9ng\n<div>\u0102n tr\u1ef1c ti\u1ebfp ho\u1eb7c \u0103n k\u00e8m c\u01a1m, b\u00e1nh m\u00ec, tr\u1ed9n salad<\/div>\n<\/li>\n<li>B\u1ea3o qu\u1ea3n\n<div>N\u01a1i kh\u00f4 r\u00e1o tho\u00e1ng m\u00e1t, tr\u00e1nh \u00e1nh n\u1eafng tr\u1ef1c ti\u1ebfp. B\u1ea3o qu\u1ea3n l\u1ea1nh sau khi m\u1edf n\u1eafp, n\u00ean d\u00f9ng h\u1ebft trong ng\u00e0y<\/div>\n<\/li>\n<\/ul>\n<div class=\"description show-moreinfo\">\n<p>V\u1edbi\u00a0Pate gan heo H\u1ea1 Long h\u1ed9p 170g\u00a0c\u1ee7a th\u01b0\u01a1ng hi\u1ec7u\u00a0pate h\u1ed9p H\u1ea1 Long,\u00a0 b\u1ea1n s\u1ebd r\u00fat ng\u1eafn \u0111\u01b0\u1ee3c th\u1eddi gian cho vi\u1ec7c n\u1ea5u \u0103n, ch\u1ec9 c\u1ea7n khui\u00a0pate h\u1ed9p\u00a0l\u00e0 \u0111\u00e3 c\u00f3 m\u1ed9t m\u00f3n \u0103n k\u00e8m th\u01a1m ngon h\u1ea5p d\u1eabn.<\/p>\n<\/div>\n","protected":false},"excerpt":{"rendered":"<ul>\n<li>Cam k\u1ebft ch\u1ea5t l\u01b0\u1ee3ng<\/li>\n<li>V\u1eadn chuy\u1ec3n tr\u00ean to\u00e0n qu\u1ed1c<\/li>\n<li>Ki\u1ec3m tra h\u00e0ng tr\u01b0\u1edbc khi thanh to\u00e1n<\/li>\n<li>Cam k\u1ebft v\u1ec7 sinh an to\u00e0n th\u1ef1c ph\u1ea9m<\/li>\n<\/ul>\n","protected":false},"featured_media":161,"template":"","meta":[],"product_cat":[19],"product_tag":[],"class_list":["post-140","product","type-product","status-publish","has-post-thumbnail","hentry","product_cat-san-pham-noi-bat"],"yoast_head":"<!-- This site is optimized with the Yoast SEO plugin v19.11 - https:\/\/yoast.com\/wordpress\/plugins\/seo\/ -->\n<title>Pate gan H\u1ea1 Long 170g - Pate C\u1ed9t \u0110\u00e8n<\/title>\n<meta name=\"robots\" content=\"noindex, follow, max-snippet:-1, max-image-preview:large, max-video-preview:-1\" \/>\n<meta property=\"og:locale\" content=\"vi_VN\" \/>\n<meta property=\"og:type\" content=\"article\" \/>\n<meta property=\"og:title\" content=\"Pate gan H\u1ea1 Long 170g - Pate C\u1ed9t \u0110\u00e8n\" \/>\n<meta property=\"og:description\" content=\"Cam k\u1ebft ch\u1ea5t l\u01b0\u1ee3ng  V\u1eadn chuy\u1ec3n tr\u00ean to\u00e0n qu\u1ed1c  Ki\u1ec3m tra h\u00e0ng tr\u01b0\u1edbc khi thanh to\u00e1n  Cam k\u1ebft v\u1ec7 sinh an to\u00e0n th\u1ef1c ph\u1ea9m\" \/>\n<meta property=\"og:url\" content=\"https:\/\/mau.hoabinhweb.com\/thucpham1\/san-pham\/pate-gan-ha-long-170g\/\" \/>\n<meta property=\"og:site_name\" content=\"Pate C\u1ed9t \u0110\u00e8n\" \/>\n<meta property=\"article:modified_time\" content=\"2022-12-05T08:25:38+00:00\" \/>\n<meta property=\"og:image\" content=\"https:\/\/mau.hoabinhweb.com\/thucpham1\/wp-content\/uploads\/2022\/10\/sanpham4.jpg\" \/>\n\t<meta property=\"og:image:width\" content=\"600\" \/>\n\t<meta property=\"og:image:height\" content=\"600\" \/>\n\t<meta property=\"og:image:type\" content=\"image\/jpeg\" \/>\n<meta name=\"twitter:card\" content=\"summary_large_image\" \/>\n<meta name=\"twitter:label1\" content=\"\u01af\u1edbc t\u00ednh th\u1eddi gian \u0111\u1ecdc\" \/>\n\t<meta name=\"twitter:data1\" content=\"1 ph\u00fat\" \/>\n<script type=\"application\/ld+json\" class=\"yoast-schema-graph\">{\"@context\":\"https:\/\/schema.org\",\"@graph\":[{\"@type\":\"WebPage\",\"@id\":\"https:\/\/mau.hoabinhweb.com\/thucpham1\/san-pham\/pate-gan-ha-long-170g\/\",\"url\":\"https:\/\/mau.hoabinhweb.com\/thucpham1\/san-pham\/pate-gan-ha-long-170g\/\",\"name\":\"Pate gan H\u1ea1 Long 170g - Pate C\u1ed9t \u0110\u00e8n\",\"isPartOf\":{\"@id\":\"https:\/\/mau.hoabinhweb.com\/thucpham1\/#website\"},\"datePublished\":\"2022-10-06T16:28:22+00:00\",\"dateModified\":\"2022-12-05T08:25:38+00:00\",\"breadcrumb\":{\"@id\":\"https:\/\/mau.hoabinhweb.com\/thucpham1\/san-pham\/pate-gan-ha-long-170g\/#breadcrumb\"},\"inLanguage\":\"vi\",\"potentialAction\":[{\"@type\":\"ReadAction\",\"target\":[\"https:\/\/mau.hoabinhweb.com\/thucpham1\/san-pham\/pate-gan-ha-long-170g\/\"]}]},{\"@type\":\"BreadcrumbList\",\"@id\":\"https:\/\/mau.hoabinhweb.com\/thucpham1\/san-pham\/pate-gan-ha-long-170g\/#breadcrumb\",\"itemListElement\":[{\"@type\":\"ListItem\",\"position\":1,\"name\":\"Trang ch\u1ee7\",\"item\":\"https:\/\/mau.hoabinhweb.com\/thucpham1\/\"},{\"@type\":\"ListItem\",\"position\":2,\"name\":\"S\u1ea3n ph\u1ea9m\",\"item\":\"https:\/\/mau.hoabinhweb.com\/thucpham1\/san-pham\/\"},{\"@type\":\"ListItem\",\"position\":3,\"name\":\"Pate gan H\u1ea1 Long 170g\"}]},{\"@type\":\"WebSite\",\"@id\":\"https:\/\/mau.hoabinhweb.com\/thucpham1\/#website\",\"url\":\"https:\/\/mau.hoabinhweb.com\/thucpham1\/\",\"name\":\"Pate C\u1ed9t \u0110\u00e8n\",\"description\":\"\",\"potentialAction\":[{\"@type\":\"SearchAction\",\"target\":{\"@type\":\"EntryPoint\",\"urlTemplate\":\"https:\/\/mau.hoabinhweb.com\/thucpham1\/?s={search_term_string}\"},\"query-input\":\"required name=search_term_string\"}],\"inLanguage\":\"vi\"}]}<\/script>\n<!-- \/ Yoast SEO plugin. -->","yoast_head_json":{"title":"Pate gan H\u1ea1 Long 170g - Pate C\u1ed9t \u0110\u00e8n","robots":{"index":"noindex","follow":"follow","max-snippet":"max-snippet:-1","max-image-preview":"max-image-preview:large","max-video-preview":"max-video-preview:-1"},"og_locale":"vi_VN","og_type":"article","og_title":"Pate gan H\u1ea1 Long 170g - Pate C\u1ed9t \u0110\u00e8n","og_description":"Cam k\u1ebft ch\u1ea5t l\u01b0\u1ee3ng  V\u1eadn chuy\u1ec3n tr\u00ean to\u00e0n qu\u1ed1c  Ki\u1ec3m tra h\u00e0ng tr\u01b0\u1edbc khi thanh to\u00e1n  Cam k\u1ebft v\u1ec7 sinh an to\u00e0n th\u1ef1c ph\u1ea9m","og_url":"https:\/\/mau.hoabinhweb.com\/thucpham1\/san-pham\/pate-gan-ha-long-170g\/","og_site_name":"Pate C\u1ed9t \u0110\u00e8n","article_modified_time":"2022-12-05T08:25:38+00:00","og_image":[{"width":600,"height":600,"url":"https:\/\/mau.hoabinhweb.com\/thucpham1\/wp-content\/uploads\/2022\/10\/sanpham4.jpg","type":"image\/jpeg"}],"twitter_card":"summary_large_image","twitter_misc":{"\u01af\u1edbc t\u00ednh th\u1eddi gian \u0111\u1ecdc":"1 ph\u00fat"},"schema":{"@context":"https:\/\/schema.org","@graph":[{"@type":"WebPage","@id":"https:\/\/mau.hoabinhweb.com\/thucpham1\/san-pham\/pate-gan-ha-long-170g\/","url":"https:\/\/mau.hoabinhweb.com\/thucpham1\/san-pham\/pate-gan-ha-long-170g\/","name":"Pate gan H\u1ea1 Long 170g - Pate C\u1ed9t \u0110\u00e8n","isPartOf":{"@id":"https:\/\/mau.hoabinhweb.com\/thucpham1\/#website"},"datePublished":"2022-10-06T16:28:22+00:00","dateModified":"2022-12-05T08:25:38+00:00","breadcrumb":{"@id":"https:\/\/mau.hoabinhweb.com\/thucpham1\/san-pham\/pate-gan-ha-long-170g\/#breadcrumb"},"inLanguage":"vi","potentialAction":[{"@type":"ReadAction","target":["https:\/\/mau.hoabinhweb.com\/thucpham1\/san-pham\/pate-gan-ha-long-170g\/"]}]},{"@type":"BreadcrumbList","@id":"https:\/\/mau.hoabinhweb.com\/thucpham1\/san-pham\/pate-gan-ha-long-170g\/#breadcrumb","itemListElement":[{"@type":"ListItem","position":1,"name":"Trang ch\u1ee7","item":"https:\/\/mau.hoabinhweb.com\/thucpham1\/"},{"@type":"ListItem","position":2,"name":"S\u1ea3n ph\u1ea9m","item":"https:\/\/mau.hoabinhweb.com\/thucpham1\/san-pham\/"},{"@type":"ListItem","position":3,"name":"Pate gan H\u1ea1 Long 170g"}]},{"@type":"WebSite","@id":"https:\/\/mau.hoabinhweb.com\/thucpham1\/#website","url":"https:\/\/mau.hoabinhweb.com\/thucpham1\/","name":"Pate C\u1ed9t \u0110\u00e8n","description":"","potentialAction":[{"@type":"SearchAction","target":{"@type":"EntryPoint","urlTemplate":"https:\/\/mau.hoabinhweb.com\/thucpham1\/?s={search_term_string}"},"query-input":"required name=search_term_string"}],"inLanguage":"vi"}]}},"_links":{"self":[{"href":"https:\/\/mau.hoabinhweb.com\/thucpham1\/wp-json\/wp\/v2\/product\/140","targetHints":{"allow":["GET"]}}],"collection":[{"href":"https:\/\/mau.hoabinhweb.com\/thucpham1\/wp-json\/wp\/v2\/product"}],"about":[{"href":"https:\/\/mau.hoabinhweb.com\/thucpham1\/wp-json\/wp\/v2\/types\/product"}],"wp:featuredmedia":[{"embeddable":true,"href":"https:\/\/mau.hoabinhweb.com\/thucpham1\/wp-json\/wp\/v2\/media\/161"}],"wp:attachment":[{"href":"https:\/\/mau.hoabinhweb.com\/thucpham1\/wp-json\/wp\/v2\/media?parent=140"}],"wp:term":[{"taxonomy":"product_cat","embeddable":true,"href":"https:\/\/mau.hoabinhweb.com\/thucpham1\/wp-json\/wp\/v2\/product_cat?post=140"},{"taxonomy":"product_tag","embeddable":true,"href":"https:\/\/mau.hoabinhweb.com\/thucpham1\/wp-json\/wp\/v2\/product_tag?post=140"}],"curies":[{"name":"wp","href":"https:\/\/api.w.org\/{rel}","templated":true}]}}