{"id":32,"date":"2022-05-29T13:18:11","date_gmt":"2022-05-29T06:18:11","guid":{"rendered":"http:\/\/mau.hoabinhweb.com\/taxitai1\/?page_id=32"},"modified":"2022-05-29T13:18:11","modified_gmt":"2022-05-29T06:18:11","slug":"lien-he","status":"publish","type":"page","link":"https:\/\/mau.hoabinhweb.com\/taxitai1\/lien-he\/","title":{"rendered":"Li\u00ean h\u1ec7"},"content":{"rendered":"<h2>Taxi T\u1ea3i HB Agency<\/h2>\n<ul>\n<li>Tr\u1ee5 s\u1edf: 129 H\u1ed3ng Ti\u1ebfn,P.B\u1ed3 \u0110\u1ec1, Q.Long Bi\u00ean, H\u00e0 N\u1ed9i<\/li>\n<li>\u0110T: 024.38.733.733 \u2013 38.73.13.13 \u2013 38.725.725<\/li>\n<li>VP\u0110D t\u1ea1i TP.HCM: 1942\/1C V\u01b0\u1eddn L\u00e0i n\u1ed1i d\u00e0i, P.An Ph\u00fa \u0110\u00f4ng, Q.12, HCM<\/li>\n<li>\u0110T: 028.54.360.360 \u2013 39.876.876 \u2013 62.90.90.90<\/li>\n<\/ul>\n<h2>B\u1ea3n \u0111\u1ed3 ch\u1ec9 d\u1eabn<\/h2>\n<p><iframe loading=\"lazy\" style=\"border: 0;\" src=\"https:\/\/www.google.com\/maps\/embed?pb=!1m14!1m8!1m3!1d14895.20640486859!2d105.874766!3d21.040623!3m2!1i1024!2i768!4f13.1!3m3!1m2!1s0x0%3A0x25c043c0726d3bad!2zSMOjbmcgVGF4aSBU4bqjaSBUaMOgbmggSMawbmc!5e0!3m2!1svi!2sus!4v1653805259467!5m2!1svi!2sus\" width=\"100%\" height=\"450\" allowfullscreen=\"allowfullscreen\"><span data-mce-type=\"bookmark\" style=\"display: inline-block; width: 0px; overflow: hidden; line-height: 0;\" class=\"mce_SELRES_start\">\ufeff<\/span><\/iframe><\/p>\n","protected":false},"excerpt":{"rendered":"<p>Taxi T\u1ea3i HB Agency Tr\u1ee5 s\u1edf: 129 H\u1ed3ng Ti\u1ebfn,P.B\u1ed3 \u0110\u1ec1, Q.Long Bi\u00ean, H\u00e0 N\u1ed9i \u0110T: 024.38.733.733 \u2013 38.73.13.13 \u2013 38.725.725 VP\u0110D t\u1ea1i TP.HCM: 1942\/1C V\u01b0\u1eddn L\u00e0i n\u1ed1i d\u00e0i, P.An Ph\u00fa \u0110\u00f4ng, Q.12, HCM \u0110T: 028.54.360.360 \u2013 39.876.876 \u2013 62.90.90.90 B\u1ea3n \u0111\u1ed3 ch\u1ec9 d\u1eabn \ufeff<\/p>\n","protected":false},"author":1,"featured_media":0,"parent":0,"menu_order":0,"comment_status":"closed","ping_status":"closed","template":"","meta":{"footnotes":""},"class_list":["post-32","page","type-page","status-publish","hentry"],"yoast_head":"<!-- This site is optimized with the Yoast SEO plugin v18.6 - https:\/\/yoast.com\/wordpress\/plugins\/seo\/ -->\n<title>Li\u00ean h\u1ec7 - Taxi T\u1ea3i HB Agency<\/title>\n<meta name=\"robots\" content=\"noindex, follow, max-snippet:-1, max-image-preview:large, max-video-preview:-1\" \/>\n<meta property=\"og:locale\" content=\"vi_VN\" \/>\n<meta property=\"og:type\" content=\"article\" \/>\n<meta property=\"og:title\" content=\"Li\u00ean h\u1ec7 - Taxi T\u1ea3i HB Agency\" \/>\n<meta property=\"og:description\" content=\"Taxi T\u1ea3i HB Agency Tr\u1ee5 s\u1edf: 129 H\u1ed3ng Ti\u1ebfn,P.B\u1ed3 \u0110\u1ec1, Q.Long Bi\u00ean, H\u00e0 N\u1ed9i \u0110T: 024.38.733.733 \u2013 38.73.13.13 \u2013 38.725.725 VP\u0110D t\u1ea1i TP.HCM: 1942\/1C V\u01b0\u1eddn L\u00e0i n\u1ed1i d\u00e0i, P.An Ph\u00fa \u0110\u00f4ng, Q.12, HCM \u0110T: 028.54.360.360 \u2013 39.876.876 \u2013 62.90.90.90 B\u1ea3n \u0111\u1ed3 ch\u1ec9 d\u1eabn \ufeff\" \/>\n<meta property=\"og:url\" content=\"https:\/\/mau.hoabinhweb.com\/taxitai1\/lien-he\/\" \/>\n<meta property=\"og:site_name\" content=\"Taxi T\u1ea3i HB Agency\" \/>\n<meta name=\"twitter:card\" content=\"summary_large_image\" \/>\n<meta name=\"twitter:label1\" content=\"\u01af\u1edbc t\u00ednh th\u1eddi gian \u0111\u1ecdc\" \/>\n\t<meta name=\"twitter:data1\" content=\"1 ph\u00fat\" \/>\n<script type=\"application\/ld+json\" class=\"yoast-schema-graph\">{\"@context\":\"https:\/\/schema.org\",\"@graph\":[{\"@type\":\"WebSite\",\"@id\":\"https:\/\/mau.hoabinhweb.com\/taxitai1\/#website\",\"url\":\"https:\/\/mau.hoabinhweb.com\/taxitai1\/\",\"name\":\"Taxi T\u1ea3i HB Agency\",\"description\":\"\",\"potentialAction\":[{\"@type\":\"SearchAction\",\"target\":{\"@type\":\"EntryPoint\",\"urlTemplate\":\"https:\/\/mau.hoabinhweb.com\/taxitai1\/?s={search_term_string}\"},\"query-input\":\"required name=search_term_string\"}],\"inLanguage\":\"vi\"},{\"@type\":\"WebPage\",\"@id\":\"https:\/\/mau.hoabinhweb.com\/taxitai1\/lien-he\/#webpage\",\"url\":\"https:\/\/mau.hoabinhweb.com\/taxitai1\/lien-he\/\",\"name\":\"Li\u00ean h\u1ec7 - Taxi T\u1ea3i HB Agency\",\"isPartOf\":{\"@id\":\"https:\/\/mau.hoabinhweb.com\/taxitai1\/#website\"},\"datePublished\":\"2022-05-29T06:18:11+00:00\",\"dateModified\":\"2022-05-29T06:18:11+00:00\",\"breadcrumb\":{\"@id\":\"https:\/\/mau.hoabinhweb.com\/taxitai1\/lien-he\/#breadcrumb\"},\"inLanguage\":\"vi\",\"potentialAction\":[{\"@type\":\"ReadAction\",\"target\":[\"https:\/\/mau.hoabinhweb.com\/taxitai1\/lien-he\/\"]}]},{\"@type\":\"BreadcrumbList\",\"@id\":\"https:\/\/mau.hoabinhweb.com\/taxitai1\/lien-he\/#breadcrumb\",\"itemListElement\":[{\"@type\":\"ListItem\",\"position\":1,\"name\":\"Trang ch\u1ee7\",\"item\":\"https:\/\/mau.hoabinhweb.com\/taxitai1\/\"},{\"@type\":\"ListItem\",\"position\":2,\"name\":\"Li\u00ean h\u1ec7\"}]}]}<\/script>\n<!-- \/ Yoast SEO plugin. -->","yoast_head_json":{"title":"Li\u00ean h\u1ec7 - Taxi T\u1ea3i HB Agency","robots":{"index":"noindex","follow":"follow","max-snippet":"max-snippet:-1","max-image-preview":"max-image-preview:large","max-video-preview":"max-video-preview:-1"},"og_locale":"vi_VN","og_type":"article","og_title":"Li\u00ean h\u1ec7 - Taxi T\u1ea3i HB Agency","og_description":"Taxi T\u1ea3i HB Agency Tr\u1ee5 s\u1edf: 129 H\u1ed3ng Ti\u1ebfn,P.B\u1ed3 \u0110\u1ec1, Q.Long Bi\u00ean, H\u00e0 N\u1ed9i \u0110T: 024.38.733.733 \u2013 38.73.13.13 \u2013 38.725.725 VP\u0110D t\u1ea1i TP.HCM: 1942\/1C V\u01b0\u1eddn L\u00e0i n\u1ed1i d\u00e0i, P.An Ph\u00fa \u0110\u00f4ng, Q.12, HCM \u0110T: 028.54.360.360 \u2013 39.876.876 \u2013 62.90.90.90 B\u1ea3n \u0111\u1ed3 ch\u1ec9 d\u1eabn \ufeff","og_url":"https:\/\/mau.hoabinhweb.com\/taxitai1\/lien-he\/","og_site_name":"Taxi T\u1ea3i HB Agency","twitter_card":"summary_large_image","twitter_misc":{"\u01af\u1edbc t\u00ednh th\u1eddi gian \u0111\u1ecdc":"1 ph\u00fat"},"schema":{"@context":"https:\/\/schema.org","@graph":[{"@type":"WebSite","@id":"https:\/\/mau.hoabinhweb.com\/taxitai1\/#website","url":"https:\/\/mau.hoabinhweb.com\/taxitai1\/","name":"Taxi T\u1ea3i HB Agency","description":"","potentialAction":[{"@type":"SearchAction","target":{"@type":"EntryPoint","urlTemplate":"https:\/\/mau.hoabinhweb.com\/taxitai1\/?s={search_term_string}"},"query-input":"required name=search_term_string"}],"inLanguage":"vi"},{"@type":"WebPage","@id":"https:\/\/mau.hoabinhweb.com\/taxitai1\/lien-he\/#webpage","url":"https:\/\/mau.hoabinhweb.com\/taxitai1\/lien-he\/","name":"Li\u00ean h\u1ec7 - Taxi T\u1ea3i HB Agency","isPartOf":{"@id":"https:\/\/mau.hoabinhweb.com\/taxitai1\/#website"},"datePublished":"2022-05-29T06:18:11+00:00","dateModified":"2022-05-29T06:18:11+00:00","breadcrumb":{"@id":"https:\/\/mau.hoabinhweb.com\/taxitai1\/lien-he\/#breadcrumb"},"inLanguage":"vi","potentialAction":[{"@type":"ReadAction","target":["https:\/\/mau.hoabinhweb.com\/taxitai1\/lien-he\/"]}]},{"@type":"BreadcrumbList","@id":"https:\/\/mau.hoabinhweb.com\/taxitai1\/lien-he\/#breadcrumb","itemListElement":[{"@type":"ListItem","position":1,"name":"Trang ch\u1ee7","item":"https:\/\/mau.hoabinhweb.com\/taxitai1\/"},{"@type":"ListItem","position":2,"name":"Li\u00ean h\u1ec7"}]}]}},"_links":{"self":[{"href":"https:\/\/mau.hoabinhweb.com\/taxitai1\/wp-json\/wp\/v2\/pages\/32","targetHints":{"allow":["GET"]}}],"collection":[{"href":"https:\/\/mau.hoabinhweb.com\/taxitai1\/wp-json\/wp\/v2\/pages"}],"about":[{"href":"https:\/\/mau.hoabinhweb.com\/taxitai1\/wp-json\/wp\/v2\/types\/page"}],"author":[{"embeddable":true,"href":"https:\/\/mau.hoabinhweb.com\/taxitai1\/wp-json\/wp\/v2\/users\/1"}],"replies":[{"embeddable":true,"href":"https:\/\/mau.hoabinhweb.com\/taxitai1\/wp-json\/wp\/v2\/comments?post=32"}],"version-history":[{"count":1,"href":"https:\/\/mau.hoabinhweb.com\/taxitai1\/wp-json\/wp\/v2\/pages\/32\/revisions"}],"predecessor-version":[{"id":37,"href":"https:\/\/mau.hoabinhweb.com\/taxitai1\/wp-json\/wp\/v2\/pages\/32\/revisions\/37"}],"wp:attachment":[{"href":"https:\/\/mau.hoabinhweb.com\/taxitai1\/wp-json\/wp\/v2\/media?parent=32"}],"curies":[{"name":"wp","href":"https:\/\/api.w.org\/{rel}","templated":true}]}}