{"id":31,"date":"2022-05-29T13:15:36","date_gmt":"2022-05-29T06:15:36","guid":{"rendered":"http:\/\/mau.hoabinhweb.com\/taxitai1\/?page_id=31"},"modified":"2022-05-29T13:15:36","modified_gmt":"2022-05-29T06:15:36","slug":"so-do-cong-ty","status":"publish","type":"page","link":"https:\/\/mau.hoabinhweb.com\/taxitai1\/so-do-cong-ty\/","title":{"rendered":"S\u01a1 \u0111\u1ed3 C\u00f4ng ty"},"content":{"rendered":"<p>Taxi t\u1ea3i HB Agency \u2013 H\u00e3ng Taxi t\u1ea3i \u0111\u1ea7u ti\u00ean t\u1ea1i Vi\u1ec7t Nam<\/p>\n<p>Hi\u1ec7n nay, kh\u00f4ng qu\u00e1 kh\u00f3 \u0111\u1ec3 b\u1ea1n c\u00f3 th\u1ec3 t\u00ecm th\u1ea5y m\u1ed9t \u0111\u01a1n v\u1ecb cung c\u1ea5p\u00a0d\u1ecbch v\u1ee5 taxi t\u1ea3i\u00a0v\u1eadn chuy\u1ec3n h\u00e0ng h\u00f3a t\u1ea1i H\u00e0 N\u1ed9i v\u00e0 TPHCM. Tuy nhi\u00ean, \u0111\u1ec3 \u0111\u1ea3m b\u1ea3o an to\u00e0n cho c\u00e1c t\u00e0i s\u1ea3n khi v\u1eadn chuy\u1ec3n c\u0169ng nh\u01b0 gi\u00e1 c\u01b0\u1edbc v\u1eadn t\u1ea3i h\u1ee3p l\u00fd. H\u1ea7u h\u1ebft c\u00e1c kh\u00e1ch h\u00e0ng th\u01b0\u1eddng t\u00ecm \u0111\u1ebfn\u00a0H\u00e3ng Taxi T\u1ea3i HB Agency. \u0110\u00e2y kh\u00f4ng ph\u1ea3i l\u00e0 m\u1ed9t l\u1ef1a ch\u1ecdn ng\u1eabu nhi\u00ean, m\u00e0 l\u00e0 s\u1ef1 l\u1ef1a ch\u1ecdn th\u00f4ng th\u00e1i. B\u1edfi HB Agency l\u00e0 h\u00e3ng khai sinh ra d\u1ecbch v\u1ee5 taxi t\u1ea3i chuy\u1ec3n nh\u00e0, v\u0103n ph\u00f2ng t\u1ea1i Vi\u1ec7t Nam v\u1edbi uy t\u00edn v\u00e0 ch\u1ea5t l\u01b0\u1ee3ng d\u1ecbch v\u1ee5 h\u00e0ng \u0111\u1ea7u, gi\u00e1 c\u1ea3 h\u1ee3p l\u00fd\u2026<\/p>\n<h2>HB Agency l\u00e0 H\u00e3ng khai sinh ra d\u1ecbch v\u1ee5 taxi t\u1ea3i t\u1ea1i Vi\u1ec7t Nam<\/h2>\n<p>\u0110\u01b0\u1ee3c th\u00e0nh l\u1eadp t\u1eeb n\u0103m 1996. HB Agency l\u00e0 h\u00e3ng khai sinh ra d\u1ecbch v\u1ee5 taxi t\u1ea3i v\u1eadn chuy\u1ec3n h\u00e0ng h\u00f3a t\u1ea1i Vi\u1ec7t Nam. Th\u01b0\u01a1ng hi\u1ec7u HB Agency \u0111\u00e3 tr\u1edf n\u00ean quen thu\u1ed9c, g\u1eafn li\u1ec1n v\u1edbi nhi\u1ec1u th\u1ebf h\u1ec7 trong su\u1ed1t h\u01a1n 25 n\u0103m qua. C\u00f4ng ty g\u00f3p ph\u1ea7n thay \u0111\u1ed5i t\u01b0 duy v\u1eadn chuy\u1ec3n h\u00e0ng h\u00f3a. T\u1eeb ph\u01b0\u01a1ng ti\u1ec7n th\u00f4 s\u01a1 nh\u01b0 xe ba g\u00e1c sang ph\u01b0\u01a1ng ti\u1ec7n hi\u1ec7n \u0111\u1ea1i, an to\u00e0n v\u00e0 ti\u1ebft ki\u1ec7m. Nh\u1edd v\u1eady, ng\u00e0y nay khi nh\u1eafc \u0111\u1ebfn taxi t\u1ea3i,\u00a0H\u00e3ng Taxi T\u1ea3i HB Agency\u00a0nh\u01b0 m\u1ed9t ng\u01b0\u1eddi \u201canh c\u1ea3\u201d. Lu\u00f4n \u0111i \u0111\u1ea7u v\u1ec1 ch\u1ea5t l\u01b0\u1ee3ng d\u1ecbch v\u1ee5, gi\u00e1 c\u01b0\u1edbc v\u1eadn t\u1ea3i r\u1ebb, \u0111\u00e1p \u1ee9ng d\u1ecbch v\u1ee5 24\/24h.<\/p>\n<p><img loading=\"lazy\" decoding=\"async\" class=\"aligncenter size-full wp-image-3795\" src=\"https:\/\/taxitaithanhhung.com\/wp-content\/uploads\/Taxi-Tai-Thanh-Hung-3-768x386-3.png\" sizes=\"auto, (max-width: 768px) 100vw, 768px\" srcset=\"https:\/\/taxitaithanhhung.com\/wp-content\/uploads\/Taxi-Tai-Thanh-Hung-3-768x386-3.png 768w, https:\/\/taxitaithanhhung.com\/wp-content\/uploads\/Taxi-Tai-Thanh-Hung-3-768x386-3-300x151.png 300w, https:\/\/taxitaithanhhung.com\/wp-content\/uploads\/Taxi-Tai-Thanh-Hung-3-768x386-3-150x75.png 150w\" alt=\"\" width=\"768\" height=\"386\" \/><\/p>\n<h2>Ch\u1ea5t l\u01b0\u1ee3ng d\u1ecbch v\u1ee5 lu\u00f4n d\u1eabn \u0111\u1ea7u, h\u00e0ng h\u00f3a \u0111\u1ea3m b\u1ea3o tuy\u1ec7t \u0111\u1ed1i<\/h2>\n<p>V\u1edbi ph\u01b0\u01a1ng ch\u00e2m \u201cLu\u00f4n kh\u1edfi \u0111\u1ea7u, lu\u00f4n c\u1ed1ng hi\u1ebfn\u201d. Ngay t\u1eeb khi th\u00e0nh l\u1eadp, H\u00e3ng Taxi T\u1ea3i HB Agency \u0111\u00e3 kh\u00f4ng ng\u1eebng s\u00e1ng t\u1ea1o, \u0111\u1ed5i m\u1edbi v\u00e0 n\u00e2ng c\u1ea5p d\u1ecbch v\u1ee5. \u0110\u1ec3 mang \u0111\u1ebfn d\u1ecbch v\u1ee5 t\u1ed1t nh\u1ea5t v\u01b0\u1ee3t mong \u0111\u1ee3i cho Qu\u00fd kh\u00e1ch h\u00e0ng. M\u1ecdi h\u00e0ng h\u00f3a tr\u01b0\u1edbc khi v\u1eadn chuy\u1ec3n \u0111\u1ec1u \u0111\u01b0\u1ee3c b\u1ecdc l\u00f3t c\u1ea9n th\u1eadn b\u1eb1ng c\u00e1c v\u1eadt li\u1ec7u chuy\u00ean d\u1ee5ng. \u0110\u1ed3ng th\u1eddi, c\u00f9ng v\u1edbi vi\u1ec7c \u0111\u01b0\u1ee3c h\u1ed7 tr\u1ee3 b\u1edfi c\u00e1c ph\u01b0\u01a1ng ti\u1ec7n k\u1ef9 thu\u1eadt hi\u1ec7n \u0111\u1ea1i nh\u01b0 xe n\u00e2ng, xe c\u1ea9u\u2026M\u1ecdi t\u00e0i s\u1ea3n \u0111\u1ec1u \u0111\u01b0\u1ee3c \u0111\u1ea3m b\u1ea3o an to\u00e0n tuy\u1ec7t \u0111\u1ed1i d\u00f9 ph\u1ea3i chuy\u1ec3n l\u00ean nh\u00e0 cao t\u1ea7ng, hay s\u00e2u c\u00f9ng ng\u00f5 h\u1ebbm.<\/p>\n<h2>Chi ph\u00ed v\u1eadn chuy\u1ec3n r\u1ebb, mi\u1ec5n ph\u00ed cu\u1ed9c g\u1ecdi t\u1ed5ng \u0111\u00e0i 1800.0033<\/h2>\n<p>\u0110\u01b0\u1ee3c ni\u00eam y\u1ebft c\u00f4ng khai, minh b\u1ea1ch tr\u00ean website. Ch\u1ec9 v\u1edbi h\u01a1n 100 ngh\u00ecn, b\u1ea1n c\u00f3 th\u1ec3 tho\u1ea3i m\u00e1i l\u1ef1a ch\u1ecdn c\u00e1c xe t\u1ea3i v\u1edbi tr\u1ecdng t\u1ea3i kh\u00e1c nhau. T\u1eeb 5,5 t\u1ea1 \u0111\u1ebfn 1,25 t\u1ea5n trong ph\u1ea1m phi 3,5km. Kh\u00f4ng nh\u1eefng v\u1eady, c\u00f4ng ty mi\u1ec5n ph\u00ed to\u00e0n b\u1ed9 c\u01b0\u1edbc g\u1ecdi th\u00f4ng qua h\u1ec7 th\u1ed1ng t\u1ed5ng \u0111\u00e0i HB Agency 1800.0033. Nh\u1edd v\u1eady, Qu\u00fd kh\u00e1ch ti\u1ebft ki\u1ec7m \u0111\u01b0\u1ee3c m\u1ed9t kho\u1ea3n chi ph\u00ed kh\u00f4ng nh\u1ecf khi s\u1eed d\u1ee5ng d\u1ecbch v\u1ee5 chuy\u1ec3n nh\u00e0 HB Agency. \u0110\u1ed1i v\u1edbi Qu\u00fd kh\u00e1ch s\u1eed d\u1ee5ng d\u1ecbch v\u1ee5 chuy\u1ec3n nh\u00e0, v\u0103n ph\u00f2ng tr\u1ecdn g\u00f3i t\u1ea1i c\u00f4ng ty. Ch\u00fang t\u00f4i \u0111\u1ec1u c\u00f3 nh\u00e2n vi\u00ean \u0111\u1ebfn kh\u1ea3o s\u00e1t t\u1eadn nh\u00e0, b\u00e1o gi\u00e1 c\u1ea1nh tranh tr\u01b0\u1edbc khi tri\u1ec3n khai d\u1ecbch v\u1ee5.<\/p>\n<h2>Cam k\u1ebft b\u1ed3i th\u01b0\u1eddng thi\u1ec7t h\u1ea1i 100% n\u1ebfu x\u1ea3y ra h\u1ecfng h\u00f3c \u0111\u1ed3 \u0111\u1ea1c<\/h2>\n<p>Lu\u00f4n l\u00e0 nh\u01b0 v\u1eady. \u0110\u00e2y l\u00e0 ch\u00ednh s\u00e1ch cam k\u1ebft ch\u1ec9 c\u00f3 t\u1ea1i\u00a0H\u00e3ng Taxi T\u1ea3i HB Agency\u00a0ch\u00ednh h\u00e3ng. V\u1edbi quy tr\u00ecnh v\u1eadn chuy\u1ec3n chuy\u00ean nghi\u1ec7p. M\u1ecdi t\u00e0i s\u1ea3n c\u1ee7a Kh\u00e1ch h\u00e0ng \u0111\u1ec3u \u0111\u01b0\u1ee3c b\u1ecdc l\u00f3t c\u1ea9n th\u1eadn. Trong qu\u00e1 tr\u00ecnh di chuy\u1ec3n, t\u1ea5t c\u1ea3 h\u00e0ng h\u00f3a \u0111\u1ec1u \u0111\u01b0\u1ee3c v\u1eadn chuy\u1ec3n nh\u1eb9 nh\u00e0ng, khoa h\u1ecdc. Nh\u1edd v\u1eady, c\u00e1c m\u00f3n h\u00e0ng lu\u00f4n \u0111\u01b0\u1ee3c b\u1ea3o v\u1ec7 tuy\u1ec7t \u0111\u1ed1i, kh\u00f4ng b\u1ecb tr\u1ea7y x\u01b0\u1edbc, \u0111\u1ed5 v\u1ee1\u2026Kh\u00f4ng nh\u1eefng v\u1eady, Qu\u00fd kh\u00e1ch khi s\u1eed d\u1ee5ng d\u1ecbch v\u1ee5 chuy\u1ec3n nh\u00e0, v\u0103n ph\u00f2ng tr\u1ecdn g\u00f3i lu\u00f4n c\u00f3 h\u1ee3p \u0111\u1ed3ng r\u00f5 r\u00e0ng. Trong h\u1ee3p \u0111\u1ed3ng c\u00f3 \u0111\u1ea7y \u0111\u1ee7 c\u00e1c \u0111i\u1ec1u kho\u1ea3n b\u1ed3i th\u01b0\u1eddng n\u1ebfu x\u1ea3y ra h\u1ecfng h\u00f3c, th\u1ea5t tho\u00e1t \u0111\u1ed3 \u0111\u1ea1c. C\u00f4ng ty cam k\u1ebft b\u1ed3i ho\u00e0n 100% gi\u00e1 tr\u1ecb c\u1ee7a t\u00e0i s\u1ea3n n\u1ebfu x\u1ea3y ra t\u1ed5n th\u1ea5t.<\/p>\n<h2>\u0110\u00e1p \u1ee9ng m\u1ecdi nhu c\u1ea7u v\u1eadn chuy\u1ec3n h\u00e0ng h\u00f3a c\u1ee7a Qu\u00fd kh\u00e1ch h\u00e0ng<\/h2>\n<p>V\u1edbi s\u1ed1 l\u01b0\u1ee3ng h\u00e0ng ngh\u00ecn xe t\u1ea3i t\u1ea1i 02 th\u00e0nh ph\u1ed1 l\u1edbn, H\u00e3ng\u00a0Taxi T\u1ea3i HB Agency\u00a0\u0111\u00e1p \u1ee9ng m\u1ecdi nhu c\u1ea7u v\u1eadn chuy\u1ec3n c\u1ee7a Qu\u00fd kh\u00e1ch. \u0110\u1eb7c bi\u1ec7t c\u00e1c c\u00f4ng ty, t\u1eadp \u0111o\u00e0n c\u1ea7n s\u1ed1 l\u01b0\u1ee3ng xe t\u1ea3i v\u00e0 nh\u00e2n c\u00f4ng b\u1ed1c x\u1ebfp l\u1edbn. Khi \u0111\u00f3 ch\u1ec9 HB Agency c\u00f3 th\u1ec3 \u0111\u00e1p \u1ee9ng t\u1ed1t nhu c\u1ea7u v\u1eadn chuy\u1ec3n. \u0110\u1ed3ng th\u1eddi, \u0111\u1ed9i ng\u0169 nh\u00e2n vi\u00ean k\u1ef9 thu\u1eadt \u0111\u01b0\u1ee3c ph\u00e2n chia th\u00e0nh t\u1eebng b\u1ed9 ph\u1eadn chuy\u00ean m\u00f4n nh\u01b0: t\u1ed5 \u0111i\u1ec7n l\u1ea1nh, t\u1ed5 m\u1ed9c v\u00e0 n\u1ed9i th\u1ea5t\u2026Do \u0111\u00f3, m\u1ecdi kh\u00f3 kh\u0103n khi chuy\u1ec3n nh\u00e0, v\u0103n ph\u00f2ng \u0111\u1ec1u \u0111\u01b0\u1ee3c gi\u1ea3i quy\u1ebft hi\u1ec7u qu\u1ea3, an to\u00e0n theo \u0111\u00fang ph\u01b0\u01a1ng ch\u00e2m: Chuy\u1ec3n nh\u00e0 kh\u00f3 \u2013 \u0110\u00e3 c\u00f3 HB Agency.<\/p>\n<h2>Ph\u1ee5c v\u1ee5 24\/24h v\u00e0o t\u1ea5t c\u1ea3 c\u00e1c ng\u00e0y trong tu\u1ea7n, k\u1ec3 c\u1ea3 ng\u00e0y L\u1ec5, T\u1ebft<\/h2>\n<p>L\u00e0 h\u00e3ng Taxi T\u1ea3i l\u1edbn v\u00e0 uy t\u00edn s\u1ed1 1 Vi\u1ec7t Nam. C\u00f4ng ty c\u00f3 \u0111\u1ed9i ng\u0169 nh\u00e2n vi\u00ean lu\u00f4n s\u1eb5n s\u00e0ng ph\u1ee5c v\u1ee5 Kh\u00e1ch h\u00e0ng 24\/24h. Ch\u1ec9 c\u1ea7n g\u1ecdi t\u1ed5ng \u0111\u00e0i mi\u1ec5n ph\u00ed, d\u00f9 l\u00e0 \u0111\u00eam t\u1ed1i hay ng\u00e0y L\u1ec5 T\u1ebft, HB Agency lu\u00f4n c\u00f3 nh\u00e2n vi\u00ean th\u01b0\u1eddng tr\u1ef1c v\u00e0 s\u1eb5n s\u00e0ng ph\u1ee5c v\u1ee5.<\/p>\n<p>D\u00f9 l\u00e0 trong hay ngo\u00e0i gi\u1edd h\u00e0nh ch\u00ednh, ch\u1ec9 c\u1ea7n g\u1ecdi 1800.0033, HB Agency lu\u00f4n s\u1eb5n s\u00e0ng!<\/p>\n","protected":false},"excerpt":{"rendered":"<p>Taxi t\u1ea3i HB Agency \u2013 H\u00e3ng Taxi t\u1ea3i \u0111\u1ea7u ti\u00ean t\u1ea1i Vi\u1ec7t Nam Hi\u1ec7n nay, kh\u00f4ng qu\u00e1 kh\u00f3 \u0111\u1ec3 b\u1ea1n c\u00f3 th\u1ec3 t\u00ecm th\u1ea5y m\u1ed9t \u0111\u01a1n v\u1ecb cung c\u1ea5p\u00a0d\u1ecbch v\u1ee5 taxi t\u1ea3i\u00a0v\u1eadn chuy\u1ec3n h\u00e0ng h\u00f3a t\u1ea1i H\u00e0 N\u1ed9i v\u00e0 TPHCM. Tuy nhi\u00ean, \u0111\u1ec3 \u0111\u1ea3m b\u1ea3o an to\u00e0n cho c\u00e1c t\u00e0i s\u1ea3n khi v\u1eadn chuy\u1ec3n c\u0169ng<\/p>\n","protected":false},"author":1,"featured_media":0,"parent":0,"menu_order":0,"comment_status":"closed","ping_status":"closed","template":"","meta":{"footnotes":""},"class_list":["post-31","page","type-page","status-publish","hentry"],"yoast_head":"<!-- This site is optimized with the Yoast SEO plugin v18.6 - https:\/\/yoast.com\/wordpress\/plugins\/seo\/ -->\n<title>S\u01a1 \u0111\u1ed3 C\u00f4ng ty - Taxi T\u1ea3i HB Agency<\/title>\n<meta name=\"robots\" content=\"noindex, follow, max-snippet:-1, max-image-preview:large, max-video-preview:-1\" \/>\n<meta property=\"og:locale\" content=\"vi_VN\" \/>\n<meta property=\"og:type\" content=\"article\" \/>\n<meta property=\"og:title\" content=\"S\u01a1 \u0111\u1ed3 C\u00f4ng ty - Taxi T\u1ea3i HB Agency\" \/>\n<meta property=\"og:description\" content=\"Taxi t\u1ea3i HB Agency \u2013 H\u00e3ng Taxi t\u1ea3i \u0111\u1ea7u ti\u00ean t\u1ea1i Vi\u1ec7t Nam Hi\u1ec7n nay, kh\u00f4ng qu\u00e1 kh\u00f3 \u0111\u1ec3 b\u1ea1n c\u00f3 th\u1ec3 t\u00ecm th\u1ea5y m\u1ed9t \u0111\u01a1n v\u1ecb cung c\u1ea5p\u00a0d\u1ecbch v\u1ee5 taxi t\u1ea3i\u00a0v\u1eadn chuy\u1ec3n h\u00e0ng h\u00f3a t\u1ea1i H\u00e0 N\u1ed9i v\u00e0 TPHCM. Tuy nhi\u00ean, \u0111\u1ec3 \u0111\u1ea3m b\u1ea3o an to\u00e0n cho c\u00e1c t\u00e0i s\u1ea3n khi v\u1eadn chuy\u1ec3n c\u0169ng\" \/>\n<meta property=\"og:url\" content=\"https:\/\/mau.hoabinhweb.com\/taxitai1\/so-do-cong-ty\/\" \/>\n<meta property=\"og:site_name\" content=\"Taxi T\u1ea3i HB Agency\" \/>\n<meta property=\"og:image\" content=\"https:\/\/taxitaithanhhung.com\/wp-content\/uploads\/Taxi-Tai-Thanh-Hung-3-768x386-3.png\" \/>\n<meta name=\"twitter:card\" content=\"summary_large_image\" \/>\n<meta name=\"twitter:label1\" content=\"\u01af\u1edbc t\u00ednh th\u1eddi gian \u0111\u1ecdc\" \/>\n\t<meta name=\"twitter:data1\" content=\"7 ph\u00fat\" \/>\n<script type=\"application\/ld+json\" class=\"yoast-schema-graph\">{\"@context\":\"https:\/\/schema.org\",\"@graph\":[{\"@type\":\"WebSite\",\"@id\":\"https:\/\/mau.hoabinhweb.com\/taxitai1\/#website\",\"url\":\"https:\/\/mau.hoabinhweb.com\/taxitai1\/\",\"name\":\"Taxi T\u1ea3i HB Agency\",\"description\":\"\",\"potentialAction\":[{\"@type\":\"SearchAction\",\"target\":{\"@type\":\"EntryPoint\",\"urlTemplate\":\"https:\/\/mau.hoabinhweb.com\/taxitai1\/?s={search_term_string}\"},\"query-input\":\"required name=search_term_string\"}],\"inLanguage\":\"vi\"},{\"@type\":\"ImageObject\",\"@id\":\"https:\/\/mau.hoabinhweb.com\/taxitai1\/so-do-cong-ty\/#primaryimage\",\"inLanguage\":\"vi\",\"url\":\"https:\/\/taxitaithanhhung.com\/wp-content\/uploads\/Taxi-Tai-Thanh-Hung-3-768x386-3.png\",\"contentUrl\":\"https:\/\/taxitaithanhhung.com\/wp-content\/uploads\/Taxi-Tai-Thanh-Hung-3-768x386-3.png\"},{\"@type\":\"WebPage\",\"@id\":\"https:\/\/mau.hoabinhweb.com\/taxitai1\/so-do-cong-ty\/#webpage\",\"url\":\"https:\/\/mau.hoabinhweb.com\/taxitai1\/so-do-cong-ty\/\",\"name\":\"S\u01a1 \u0111\u1ed3 C\u00f4ng ty - Taxi T\u1ea3i HB Agency\",\"isPartOf\":{\"@id\":\"https:\/\/mau.hoabinhweb.com\/taxitai1\/#website\"},\"primaryImageOfPage\":{\"@id\":\"https:\/\/mau.hoabinhweb.com\/taxitai1\/so-do-cong-ty\/#primaryimage\"},\"datePublished\":\"2022-05-29T06:15:36+00:00\",\"dateModified\":\"2022-05-29T06:15:36+00:00\",\"breadcrumb\":{\"@id\":\"https:\/\/mau.hoabinhweb.com\/taxitai1\/so-do-cong-ty\/#breadcrumb\"},\"inLanguage\":\"vi\",\"potentialAction\":[{\"@type\":\"ReadAction\",\"target\":[\"https:\/\/mau.hoabinhweb.com\/taxitai1\/so-do-cong-ty\/\"]}]},{\"@type\":\"BreadcrumbList\",\"@id\":\"https:\/\/mau.hoabinhweb.com\/taxitai1\/so-do-cong-ty\/#breadcrumb\",\"itemListElement\":[{\"@type\":\"ListItem\",\"position\":1,\"name\":\"Trang ch\u1ee7\",\"item\":\"https:\/\/mau.hoabinhweb.com\/taxitai1\/\"},{\"@type\":\"ListItem\",\"position\":2,\"name\":\"S\u01a1 \u0111\u1ed3 C\u00f4ng ty\"}]}]}<\/script>\n<!-- \/ Yoast SEO plugin. -->","yoast_head_json":{"title":"S\u01a1 \u0111\u1ed3 C\u00f4ng ty - Taxi T\u1ea3i HB Agency","robots":{"index":"noindex","follow":"follow","max-snippet":"max-snippet:-1","max-image-preview":"max-image-preview:large","max-video-preview":"max-video-preview:-1"},"og_locale":"vi_VN","og_type":"article","og_title":"S\u01a1 \u0111\u1ed3 C\u00f4ng ty - Taxi T\u1ea3i HB Agency","og_description":"Taxi t\u1ea3i HB Agency \u2013 H\u00e3ng Taxi t\u1ea3i \u0111\u1ea7u ti\u00ean t\u1ea1i Vi\u1ec7t Nam Hi\u1ec7n nay, kh\u00f4ng qu\u00e1 kh\u00f3 \u0111\u1ec3 b\u1ea1n c\u00f3 th\u1ec3 t\u00ecm th\u1ea5y m\u1ed9t \u0111\u01a1n v\u1ecb cung c\u1ea5p\u00a0d\u1ecbch v\u1ee5 taxi t\u1ea3i\u00a0v\u1eadn chuy\u1ec3n h\u00e0ng h\u00f3a t\u1ea1i H\u00e0 N\u1ed9i v\u00e0 TPHCM. Tuy nhi\u00ean, \u0111\u1ec3 \u0111\u1ea3m b\u1ea3o an to\u00e0n cho c\u00e1c t\u00e0i s\u1ea3n khi v\u1eadn chuy\u1ec3n c\u0169ng","og_url":"https:\/\/mau.hoabinhweb.com\/taxitai1\/so-do-cong-ty\/","og_site_name":"Taxi T\u1ea3i HB Agency","og_image":[{"url":"https:\/\/taxitaithanhhung.com\/wp-content\/uploads\/Taxi-Tai-Thanh-Hung-3-768x386-3.png"}],"twitter_card":"summary_large_image","twitter_misc":{"\u01af\u1edbc t\u00ednh th\u1eddi gian \u0111\u1ecdc":"7 ph\u00fat"},"schema":{"@context":"https:\/\/schema.org","@graph":[{"@type":"WebSite","@id":"https:\/\/mau.hoabinhweb.com\/taxitai1\/#website","url":"https:\/\/mau.hoabinhweb.com\/taxitai1\/","name":"Taxi T\u1ea3i HB Agency","description":"","potentialAction":[{"@type":"SearchAction","target":{"@type":"EntryPoint","urlTemplate":"https:\/\/mau.hoabinhweb.com\/taxitai1\/?s={search_term_string}"},"query-input":"required name=search_term_string"}],"inLanguage":"vi"},{"@type":"ImageObject","@id":"https:\/\/mau.hoabinhweb.com\/taxitai1\/so-do-cong-ty\/#primaryimage","inLanguage":"vi","url":"https:\/\/taxitaithanhhung.com\/wp-content\/uploads\/Taxi-Tai-Thanh-Hung-3-768x386-3.png","contentUrl":"https:\/\/taxitaithanhhung.com\/wp-content\/uploads\/Taxi-Tai-Thanh-Hung-3-768x386-3.png"},{"@type":"WebPage","@id":"https:\/\/mau.hoabinhweb.com\/taxitai1\/so-do-cong-ty\/#webpage","url":"https:\/\/mau.hoabinhweb.com\/taxitai1\/so-do-cong-ty\/","name":"S\u01a1 \u0111\u1ed3 C\u00f4ng ty - Taxi T\u1ea3i HB Agency","isPartOf":{"@id":"https:\/\/mau.hoabinhweb.com\/taxitai1\/#website"},"primaryImageOfPage":{"@id":"https:\/\/mau.hoabinhweb.com\/taxitai1\/so-do-cong-ty\/#primaryimage"},"datePublished":"2022-05-29T06:15:36+00:00","dateModified":"2022-05-29T06:15:36+00:00","breadcrumb":{"@id":"https:\/\/mau.hoabinhweb.com\/taxitai1\/so-do-cong-ty\/#breadcrumb"},"inLanguage":"vi","potentialAction":[{"@type":"ReadAction","target":["https:\/\/mau.hoabinhweb.com\/taxitai1\/so-do-cong-ty\/"]}]},{"@type":"BreadcrumbList","@id":"https:\/\/mau.hoabinhweb.com\/taxitai1\/so-do-cong-ty\/#breadcrumb","itemListElement":[{"@type":"ListItem","position":1,"name":"Trang ch\u1ee7","item":"https:\/\/mau.hoabinhweb.com\/taxitai1\/"},{"@type":"ListItem","position":2,"name":"S\u01a1 \u0111\u1ed3 C\u00f4ng ty"}]}]}},"_links":{"self":[{"href":"https:\/\/mau.hoabinhweb.com\/taxitai1\/wp-json\/wp\/v2\/pages\/31","targetHints":{"allow":["GET"]}}],"collection":[{"href":"https:\/\/mau.hoabinhweb.com\/taxitai1\/wp-json\/wp\/v2\/pages"}],"about":[{"href":"https:\/\/mau.hoabinhweb.com\/taxitai1\/wp-json\/wp\/v2\/types\/page"}],"author":[{"embeddable":true,"href":"https:\/\/mau.hoabinhweb.com\/taxitai1\/wp-json\/wp\/v2\/users\/1"}],"replies":[{"embeddable":true,"href":"https:\/\/mau.hoabinhweb.com\/taxitai1\/wp-json\/wp\/v2\/comments?post=31"}],"version-history":[{"count":1,"href":"https:\/\/mau.hoabinhweb.com\/taxitai1\/wp-json\/wp\/v2\/pages\/31\/revisions"}],"predecessor-version":[{"id":36,"href":"https:\/\/mau.hoabinhweb.com\/taxitai1\/wp-json\/wp\/v2\/pages\/31\/revisions\/36"}],"wp:attachment":[{"href":"https:\/\/mau.hoabinhweb.com\/taxitai1\/wp-json\/wp\/v2\/media?parent=31"}],"curies":[{"name":"wp","href":"https:\/\/api.w.org\/{rel}","templated":true}]}}