{"id":112,"date":"2020-08-21T07:40:02","date_gmt":"2020-08-21T00:40:02","guid":{"rendered":"http:\/\/mau.hoabinhweb.com\/mypham2\/?post_type=product&#038;p=112"},"modified":"2021-03-09T09:52:28","modified_gmt":"2021-03-09T02:52:28","slug":"muoi-tam-trang-da-sua-bo-spa-milk-salt-bonne","status":"publish","type":"product","link":"https:\/\/mau.hoabinhweb.com\/mypham2\/san-pham\/muoi-tam-trang-da-sua-bo-spa-milk-salt-bonne\/","title":{"rendered":"Mu\u1ed1i T\u1eafm Tr\u1eafng Da S\u1eefa B\u00f2 Spa Milk Salt Bonne\u2019"},"content":{"rendered":"<div class=\"item-note \">\n<div class=\"title-member\">\n<h2>TH\u00d4NG TIN V\u1ec0 MU\u1ed0I T\u1eaeM TR\u1eaeNG DA S\u1eeeA B\u00d2 MILK SALT BONNE\u2019 TH\u00c1I LAN<\/h2>\n<\/div>\n<div class=\"back-content\">\n<p>Mu\u1ed1i t\u1eafm Bonne\u2019 l\u00e0 s\u1ef1 k\u1ebft h\u1ee3p ho\u00e0n h\u1ea3o gi\u1eefa mu\u1ed1i kho\u00e1ng thi\u00ean nhi\u00ean v\u00e0 s\u1eefa b\u00f2 tinh khi\u1ebft n\u00ean v\u00f4 c\u00f9ng an to\u00e0n cho da. Hi\u1ec7n s\u1ea3n ph\u1ea9m \u0111\u00e3 v\u1ec1 t\u1ea1i\u00a0Beauty Garden\u00a0r\u1ed3i c\u00e1c n\u00e0ng \u01a1i!<\/p>\n<p><strong>Mu\u1ed1i t\u1eafm tr\u1eafng da s\u1eefa b\u00f2 Milk Salt Bonne\u2019 Th\u00e1i Lan\u00a0<\/strong>\u0111\u01b0\u1ee3c b\u1ed5 sung tinh ch\u1ea5t t\u1eeb s\u1eefa b\u00f2, yourt, vitamin C n\u00ean \u0111\u1ed9 an to\u00e0n cao, kh\u00f4ng lo da b\u1ecb d\u1ecb \u1ee9ng. Mu\u1ed1i t\u1eafm s\u1eefa b\u00f2 s\u1ebd lo\u1ea1i b\u1ecf h\u1eb3n \u0111i m\u1ed1i lo v\u1ec1 m\u1ee5n tr\u1ee9ng c\u00e1 \u1edf lung v\u00e0 b\u1ec7nh vi\u00eam nang l\u00f4ng. \u0110i\u1ec1u \u0111\u1eb7c bi\u1ec7t c\u1ee7a mu\u1ed1i t\u1eafm Spa Milk Salt l\u00e0 sau khi t\u1eafm xong v\u1edbi mu\u1ed1i ch\u1ec9 c\u1ea7n t\u1eafm l\u1ea1i b\u1eb1ng n\u01b0\u1edbc s\u1ea1ch m\u00e0 kh\u00f4ng c\u1ea7n d\u00f9ng \u0111\u1ebfn s\u1ea3n ph\u1ea9m s\u1eefa t\u1eafm n\u00e0o kh\u00e1c. S\u1ea3n ph\u1ea9m gi\u00fap to\u00e0n th\u00e2n tr\u1eafng h\u1ed3ng, m\u1ecbn m\u00e0ng h\u01a1n bao gi\u1edd h\u1ebft.<\/p>\n<p><img class=\"lazy\" src=\"https:\/\/adminbeauty.hvnet.vn\/Upload\/images\/muoi-tam-trang-da-sua-bo-spa-milk-salt-bonne-thai-lan-hinh-anh-1.jpg\" alt=\"muoi tam trang da sua bo spa milk salt bonne thai lan hinh anh 1\" data-src=\"https:\/\/adminbeauty.hvnet.vn\/Upload\/images\/muoi-tam-trang-da-sua-bo-spa-milk-salt-bonne-thai-lan-hinh-anh-1.jpg\" \/><\/p>\n<\/div>\n<\/div>\n<div class=\"item-note \">\n<div class=\"title-member right-border title-behide\">\n<h2>C\u00d4NG D\u1ee4NG N\u1ed4I B\u1eacT MU\u1ed0I T\u1eaeM TR\u1eaeNG DA S\u1eeeA B\u00d2 MILK SALT BONNE\u2019 TH\u00c1I LAN<\/h2>\n<\/div>\n<div class=\"back-content\">\n<p>Mu\u1ed1i t\u1eafm\u00a0<em>Milk Salt Bonne\u2019 Th\u00e1i Lan<\/em>\u00a0mang \u0111\u1ebfn r\u1ea5t nhi\u1ec1u c\u00f4ng d\u1ee5ng c\u00f3 th\u1ec3 k\u1ebf \u0111\u1ebfn nh\u01b0:<\/p>\n<p>&#8211; Vitamin E v\u00e0 Glycerin t\u00e1i t\u1ea1o da m\u1edbi, c\u00e2n b\u1eb1ng \u0111\u1ed9 \u1ea9m cho da m\u1ec1m m\u1ea1i, m\u1ecbn m\u00e0ng<\/p>\n<p>&#8211; C\u00f3 t\u00e1c d\u1ee5ng gi\u1ea3i \u0111\u1ed9c tr\u00ean da, l\u00e0m s\u1ea1ch n\u1ea5m m\u1ed1c, n\u1ee9t n\u1ebb g\u00f3t ch\u00e2n, n\u01b0\u1edbc \u0103n ch\u00e2n.<\/p>\n<p>&#8211; Gi\u00fap t\u1ea9y s\u1ea1ch b\u1ee5i b\u1ea9n v\u00e0 t\u1ebf b\u00e0o ch\u1ebft tr\u00ean da<\/p>\n<p>&#8211; Protein t\u1eeb s\u1eefa s\u1ebd nu\u00f4i d\u01b0\u1ee1ng l\u00e0n da tr\u1edf n\u00ean m\u1ec1m m\u1ea1i v\u00e0 m\u1ecbn m\u00e0ng<\/p>\n<p>&#8211; Ch\u1ea5t d\u01b0\u1ee1ng tr\u1eafng chi\u1ebft xu\u1ea5t t\u1eeb thi\u00ean nhi\u00ean, s\u1ebd mang \u0111\u1ebfn cho b\u1ea1n l\u00e0n da tr\u1eafng h\u1ed3ng r\u1ea1ng r\u1ee1<\/p>\n<p>&#8211; K\u00edch th\u00edch s\u1ef1 tu\u1ea7n ho\u00e0n m\u00e1u cho l\u00e0n da. Ngo\u00e0i ra, chi\u1ebft xu\u1ea5t t\u1eeb s\u1eefa t\u01b0\u01a1i t\u1eeb\u00a0Milk Salt Bonne\u2019\u00a0\u00a0s\u1ebd nu\u00f4i d\u01b0\u1ee1ng da b\u1ea1n t\u1eeb b\u00ean trong cho b\u1ea1n l\u00e0n da kh\u1ecfe m\u1ea1nh.<\/p>\n<p><img class=\"lazy\" src=\"https:\/\/adminbeauty.hvnet.vn\/Upload\/images\/muoi-tam-trang-da-sua-bo-spa-milk-salt-bonne-thai-lan-hinh-anh-4.jpg\" alt=\"muoi tam trang da sua bo spa milk salt bonne thai lan hinh anh 4\" data-src=\"https:\/\/adminbeauty.hvnet.vn\/Upload\/images\/muoi-tam-trang-da-sua-bo-spa-milk-salt-bonne-thai-lan-hinh-anh-4.jpg\" \/><\/p>\n<\/div>\n<\/div>\n","protected":false},"excerpt":{"rendered":"<ul>\n<li>V\u1eadn chuy\u1ec3n tr\u00ean to\u00e0n qu\u1ed1c<\/li>\n<li>Cam k\u1ebft s\u1ea3n ph\u1ea9m \u0111\u00fang ch\u1ea5t l\u01b0\u1ee3ng mi\u00eau t\u1ea3 tr\u00ean website<\/li>\n<li>B\u1ea3o h\u00e0nh ch\u00ednh h\u00e3ng<\/li>\n<li>Ki\u1ec3m tra h\u00e0ng tr\u01b0\u1edbc khi thanh to\u00e1n<\/li>\n<li>Hotline: 035 609 3690<\/li>\n<\/ul>\n","protected":false},"featured_media":357,"template":"","meta":[],"product_cat":[26,30],"product_tag":[],"yoast_head":"<!-- This site is optimized with the Yoast SEO plugin v16.5 - https:\/\/yoast.com\/wordpress\/plugins\/seo\/ -->\n<title>Mu\u1ed1i T\u1eafm Tr\u1eafng Da S\u1eefa B\u00f2 Spa Milk Salt Bonne\u2019 - Skin Bee<\/title>\n<meta name=\"robots\" content=\"noindex, follow, max-snippet:-1, max-image-preview:large, max-video-preview:-1\" \/>\n<meta property=\"og:locale\" content=\"vi_VN\" \/>\n<meta property=\"og:type\" content=\"article\" \/>\n<meta property=\"og:title\" content=\"Mu\u1ed1i T\u1eafm Tr\u1eafng Da S\u1eefa B\u00f2 Spa Milk Salt Bonne\u2019 - Skin Bee\" \/>\n<meta property=\"og:description\" content=\"V\u1eadn chuy\u1ec3n tr\u00ean to\u00e0n qu\u1ed1c  Cam k\u1ebft s\u1ea3n ph\u1ea9m \u0111\u00fang ch\u1ea5t l\u01b0\u1ee3ng mi\u00eau t\u1ea3 tr\u00ean website  B\u1ea3o h\u00e0nh ch\u00ednh h\u00e3ng  Ki\u1ec3m tra h\u00e0ng tr\u01b0\u1edbc khi thanh to\u00e1n  Hotline: 035 609 3690\" \/>\n<meta property=\"og:url\" content=\"https:\/\/mau.hoabinhweb.com\/mypham2\/san-pham\/muoi-tam-trang-da-sua-bo-spa-milk-salt-bonne\/\" \/>\n<meta property=\"og:site_name\" content=\"Skin Bee\" \/>\n<meta property=\"article:modified_time\" content=\"2021-03-09T02:52:28+00:00\" \/>\n<meta property=\"og:image\" content=\"http:\/\/mau.hoabinhweb.com\/mypham2\/wp-content\/uploads\/2020\/08\/sanpham-mypham2.jpg\" \/>\n\t<meta property=\"og:image:width\" content=\"600\" \/>\n\t<meta property=\"og:image:height\" content=\"600\" \/>\n<meta name=\"twitter:card\" content=\"summary_large_image\" \/>\n<meta name=\"twitter:label1\" content=\"\u01af\u1edbc t\u00ednh th\u1eddi gian \u0111\u1ecdc\" \/>\n\t<meta name=\"twitter:data1\" content=\"2 ph\u00fat\" \/>\n<script type=\"application\/ld+json\" class=\"yoast-schema-graph\">{\"@context\":\"https:\/\/schema.org\",\"@graph\":[{\"@type\":\"WebSite\",\"@id\":\"https:\/\/mau.hoabinhweb.com\/mypham2\/#website\",\"url\":\"https:\/\/mau.hoabinhweb.com\/mypham2\/\",\"name\":\"Skin Bee\",\"description\":\"\",\"potentialAction\":[{\"@type\":\"SearchAction\",\"target\":\"https:\/\/mau.hoabinhweb.com\/mypham2\/?s={search_term_string}\",\"query-input\":\"required name=search_term_string\"}],\"inLanguage\":\"vi\"},{\"@type\":\"ImageObject\",\"@id\":\"https:\/\/mau.hoabinhweb.com\/mypham2\/san-pham\/muoi-tam-trang-da-sua-bo-spa-milk-salt-bonne\/#primaryimage\",\"inLanguage\":\"vi\",\"url\":\"https:\/\/mau.hoabinhweb.com\/mypham2\/wp-content\/uploads\/2020\/08\/sanpham-mypham2.jpg\",\"contentUrl\":\"https:\/\/mau.hoabinhweb.com\/mypham2\/wp-content\/uploads\/2020\/08\/sanpham-mypham2.jpg\",\"width\":600,\"height\":600,\"caption\":\"Sanpham Mypham2\"},{\"@type\":\"WebPage\",\"@id\":\"https:\/\/mau.hoabinhweb.com\/mypham2\/san-pham\/muoi-tam-trang-da-sua-bo-spa-milk-salt-bonne\/#webpage\",\"url\":\"https:\/\/mau.hoabinhweb.com\/mypham2\/san-pham\/muoi-tam-trang-da-sua-bo-spa-milk-salt-bonne\/\",\"name\":\"Mu\\u1ed1i T\\u1eafm Tr\\u1eafng Da S\\u1eefa B\\u00f2 Spa Milk Salt Bonne\\u2019 - Skin Bee\",\"isPartOf\":{\"@id\":\"https:\/\/mau.hoabinhweb.com\/mypham2\/#website\"},\"primaryImageOfPage\":{\"@id\":\"https:\/\/mau.hoabinhweb.com\/mypham2\/san-pham\/muoi-tam-trang-da-sua-bo-spa-milk-salt-bonne\/#primaryimage\"},\"datePublished\":\"2020-08-21T00:40:02+00:00\",\"dateModified\":\"2021-03-09T02:52:28+00:00\",\"breadcrumb\":{\"@id\":\"https:\/\/mau.hoabinhweb.com\/mypham2\/san-pham\/muoi-tam-trang-da-sua-bo-spa-milk-salt-bonne\/#breadcrumb\"},\"inLanguage\":\"vi\",\"potentialAction\":[{\"@type\":\"ReadAction\",\"target\":[\"https:\/\/mau.hoabinhweb.com\/mypham2\/san-pham\/muoi-tam-trang-da-sua-bo-spa-milk-salt-bonne\/\"]}]},{\"@type\":\"BreadcrumbList\",\"@id\":\"https:\/\/mau.hoabinhweb.com\/mypham2\/san-pham\/muoi-tam-trang-da-sua-bo-spa-milk-salt-bonne\/#breadcrumb\",\"itemListElement\":[{\"@type\":\"ListItem\",\"position\":1,\"name\":\"Trang ch\\u1ee7\",\"item\":\"https:\/\/mau.hoabinhweb.com\/mypham2\/\"},{\"@type\":\"ListItem\",\"position\":2,\"name\":\"S\\u1ea3n ph\\u1ea9m\",\"item\":\"https:\/\/mau.hoabinhweb.com\/mypham2\/san-pham\/\"},{\"@type\":\"ListItem\",\"position\":3,\"name\":\"Mu\\u1ed1i T\\u1eafm Tr\\u1eafng Da S\\u1eefa B\\u00f2 Spa Milk Salt Bonne\\u2019\"}]}]}<\/script>\n<!-- \/ Yoast SEO plugin. -->","_links":{"self":[{"href":"https:\/\/mau.hoabinhweb.com\/mypham2\/wp-json\/wp\/v2\/product\/112"}],"collection":[{"href":"https:\/\/mau.hoabinhweb.com\/mypham2\/wp-json\/wp\/v2\/product"}],"about":[{"href":"https:\/\/mau.hoabinhweb.com\/mypham2\/wp-json\/wp\/v2\/types\/product"}],"wp:featuredmedia":[{"embeddable":true,"href":"https:\/\/mau.hoabinhweb.com\/mypham2\/wp-json\/wp\/v2\/media\/357"}],"wp:attachment":[{"href":"https:\/\/mau.hoabinhweb.com\/mypham2\/wp-json\/wp\/v2\/media?parent=112"}],"wp:term":[{"taxonomy":"product_cat","embeddable":true,"href":"https:\/\/mau.hoabinhweb.com\/mypham2\/wp-json\/wp\/v2\/product_cat?post=112"},{"taxonomy":"product_tag","embeddable":true,"href":"https:\/\/mau.hoabinhweb.com\/mypham2\/wp-json\/wp\/v2\/product_tag?post=112"}],"curies":[{"name":"wp","href":"https:\/\/api.w.org\/{rel}","templated":true}]}}