{"id":111,"date":"2020-08-21T07:40:01","date_gmt":"2020-08-21T00:40:01","guid":{"rendered":"http:\/\/mau.hoabinhweb.com\/mypham2\/?post_type=product&#038;p=111"},"modified":"2021-03-09T09:53:22","modified_gmt":"2021-03-09T02:53:22","slug":"nuoc-hoa-hong-some-by-mi-aha-bha-pha-toner","status":"publish","type":"product","link":"https:\/\/mau.hoabinhweb.com\/mypham2\/san-pham\/nuoc-hoa-hong-some-by-mi-aha-bha-pha-toner\/","title":{"rendered":"N\u01b0\u1edbc Hoa H\u1ed3ng Some By Mi AHA-BHA-PHA Toner"},"content":{"rendered":"<div class=\"item-note \">\n<div class=\"title-member\">\n<h2>TH\u00d4NG TIN N\u01af\u1edaC HOA H\u1ed2NG SOME BY MI AHA-BHA-PHA TONER<\/h2>\n<\/div>\n<div class=\"back-content\">\n<p>\u0110\u1ed1i v\u1edbi l\u00e0n da h\u1ed7n h\u1ee3p, da d\u1ea7u, m\u1ee5n th\u00ec vi\u1ec7c gi\u1eef g\u00ecn cho l\u00e0n da s\u1ea1ch s\u1ebd, th\u00f4ng tho\u00e1ng l\u00e0 v\u00f4 c\u00f9ng c\u1ea7n thi\u1ebft. N\u1ebfu l\u01b0\u1ee3ng d\u1ea7u th\u1eeba tr\u00ean da m\u1eb7t ti\u1ebft ra qu\u00e1 nhi\u1ec1u kh\u00f4ng ch\u1ec9 l\u00e0m t\u1eafc ngh\u1ebdn l\u1ed7 ch\u00e2n l\u00f4ng, khi\u1ebfn cho da kh\u00f4ng &#8220;th\u1edf&#8221; \u0111\u01b0\u1ee3c m\u00e0 c\u00f2n thu h\u00fat v\u00f4 v\u00e0n b\u1ee5i b\u1ea9n, ch\u1ea5t b\u1ea9n l\u00ean b\u1ec1n m\u1eb7t da. L\u00e2u ng\u00e0y s\u1ebd sinh ra vi\u00eam l\u1ed7 ch\u00e2n l\u00f4ng, g\u00e2y m\u1ee5n s\u01b0ng, m\u1ee5n vi\u00eam, l\u1ed7 ch\u00e2n l\u00f4ng ng\u00e0y c\u00e0ng n\u1edf to ra r\u1ea5t m\u1ea5t th\u1ea9m m\u1ef9.<\/p>\n<p>Vi\u1ec7c l\u00e0m s\u1ea1ch s\u00e2u cho da h\u1ed7n h\u1ee3p, da d\u1ea7u, m\u1ee5n kh\u00f4ng ph\u1ea3i l\u00e0 d\u1ec5 d\u00e0ng, ngo\u00e0i vi\u1ec7c ph\u1ea3i t\u1ea9y trang, s\u1eed d\u1ee5ng s\u1eefa r\u1eeda m\u1eb7t t\u1ed1t th\u00f4i ch\u01b0a \u0111\u1ee7, ch\u00fang ta c\u00f2n r\u1ea5t c\u1ea7n s\u1ef1 h\u1ed7 tr\u1ee3 t\u1eeb m\u1ed9t s\u1ea3n ph\u1ea9m th\u1ee9 ba mang t\u00ean &#8220;Toner &#8211; n\u01b0\u1edbc hoa h\u1ed3ng&#8221;.<\/p>\n<p>Beauty Garden\u00a0xin \u0111\u01a1n c\u1eed m\u1ed9t \u1ee9ng c\u1eed vi\u00ean m\u1edbi toanh nh\u01b0ng v\u00f4 c\u00f9ng n\u1eb7ng k\u00ed, ch\u1eafc ch\u1eafn s\u1ebd khi\u1ebfn nhi\u1ec1u c\u00f4 n\u00e0ng h\u00e0i l\u00f2ng v\u1ec1 kh\u1ea3 n\u0103ng l\u00e0m s\u1ea1ch c\u0169ng nh\u01b0 h\u1ed7 tr\u1ee3 \u0111i\u1ec1u tr\u1ecb l\u00e0m gi\u1ea3m m\u1ee5n mang t\u00ean &#8220;<strong>N\u01b0\u1edbc Hoa H\u1ed3ng Some By Mi AHA-BHA-PHA 30 Days Miracle Toner 150ml<\/strong>&#8221;<\/p>\n<p>Nghe t\u00ean c\u00f3 th\u1ec3 c\u00f2n kh\u00e1 l\u1ea1 l\u1eabm v\u1edbi h\u1ed9i ch\u1ecb em t\u1ea1i Vi\u1ec7t Nam, nh\u01b0ng c\u00e1c c\u00f4 g\u00e1i c\u1ee9 y\u00ean t\u00e2m, s\u1ea3n ph\u1ea9m n\u00e0y \u0111ang \u0111\u01b0\u1ee3c xem l\u00e0 c\u1ef1c ph\u1ea9m gi\u1ea3m m\u1ee5n trong 30 ng\u00e0y, l\u00e0m m\u01b0a l\u00e0m gi\u00f3 kh\u00f4ng ng\u1edbt trong \u0111\u1ea7u n\u0103m 2018 t\u1ea1i th\u1ecb tr\u01b0\u1eddng H\u00e0n Qu\u1ed1c. R\u1ea5t nhi\u1ec1u Beauty Guru x\u1ee9 s\u1edf Kim Chi ph\u1ea3i m\u00ea em \u1ea5y &#8220;\u0111i\u1ebfu \u0111\u1ed5&#8221; ch\u1ee9 kh\u00f4ng \u0111\u00f9a \u0111\u00e2u nh\u00e9.<\/p>\n<p><img class=\"lazy\" src=\"https:\/\/adminbeauty.hvnet.vn\/Upload\/images\/gi%e1%bb%9bi%20thi%e1%bb%87uuu(1).jpg\" alt=\"\" data-src=\"https:\/\/adminbeauty.hvnet.vn\/Upload\/images\/gi%e1%bb%9bi%20thi%e1%bb%87uuu(1).jpg\" \/><\/p>\n<\/div>\n<\/div>\n<div class=\"item-note \">\n<div class=\"title-member right-border title-behide\">\n<h2>C\u00d4NG D\u1ee4NG N\u01af\u1edaC HOA H\u1ed2NG SOME BY MI AHA-BHA-PHA TONER<\/h2>\n<\/div>\n<div class=\"back-content\">\n<p><em>N\u01b0\u1edbc Hoa H\u1ed3ng Tr\u1ecb M\u1ee5n Some By Mi AHA-BHA-PHA 30 Days Miracle Toner 150ml<\/em>\u00a0\u0111\u1ebfn t\u1eeb th\u01b0\u01a1ng hi\u1ec7u Some By Mi, H\u00e0n Qu\u1ed1c. Tuy ch\u1ec9 v\u1eeba m\u1edbi ra m\u1eaft trong th\u1eddi gian g\u1ea7n \u0111\u00e2y, nh\u01b0ng \u0111\u00e3 s\u1edbm nh\u1eadn \u0111\u01b0\u1ee3c nhi\u1ec1u l\u1eddi ng\u1ee3i khen c\u00f3 c\u00e1nh b\u1edfi hi\u1ec7u qu\u1ea3 th\u1ef1c t\u1ebf \u0111\u1ea1t \u0111\u01b0\u1ee3c c\u1ee7a s\u1ea3n ph\u1ea9m.<\/p>\n<p>R\u1ea5t nhi\u1ec1u ng\u01b0\u1eddi tr\u1ea3i nghi\u1ec7m th\u1eed s\u1ea3n ph\u1ea9m \u0111\u1ec1u ho\u00e0n to\u00e0n h\u00e0i l\u00f2ng v\u1ec1 k\u1ebft qu\u1ea3 \u0111\u1ea1t \u0111\u01b0\u1ee3c sau 30 ng\u00e0y, m\u1ee5n s\u01b0ng gi\u1ea3m h\u1eb3n, th\u00e2m m\u1ee5n m\u1edd \u0111i kh\u00e1 nhi\u1ec1u v\u00e0 l\u1ed7 ch\u00e2n l\u00f4ng se l\u1ea1i \u0111\u00e1ng k\u1ec3. Qu\u1ea3 th\u1eadt kh\u00f4ng d\u1ec5 d\u00e0ng c\u00f3 th\u1ec3 t\u00ecm \u0111\u01b0\u1ee3c m\u1ed9t s\u1ea3n ph\u1ea9m c\u00f3 hi\u1ec7u qu\u1ea3 tuy\u1ec7t v\u1eddi nh\u01b0 v\u1eady ch\u1ec9 v\u1edbi m\u1ed9t m\u1ee9c gi\u00e1 h\u1ebft s\u1ee9c h\u1ee3p l\u00fd nh\u01b0\u00a0N\u01b0\u1edbc Hoa H\u1ed3ng Tr\u1ecb M\u1ee5n Some By Mi AHA-BHA-PHA 30 Days Miracle Toner 150ml.<\/p>\n<p><img class=\"lazy\" src=\"https:\/\/adminbeauty.hvnet.vn\/Upload\/images\/h%c3%acnh%20%e1%ba%a3nh%20s%e1%ba%a3n%20ph%e1%ba%a9m.jpg\" alt=\"\" data-src=\"https:\/\/adminbeauty.hvnet.vn\/Upload\/images\/h%c3%acnh%20%e1%ba%a3nh%20s%e1%ba%a3n%20ph%e1%ba%a9m.jpg\" \/><\/p>\n<p>N\u01b0\u1edbc Hoa H\u1ed3ng Tr\u1ecb M\u1ee5n Some By Mi AHA-BHA-PHA 30 Days Miracle Toner 150ml c\u00f3 ch\u1ee9a c\u00e1c ho\u1ea1t ch\u1ea5t gi\u00fap l\u00e0m s\u1ea1ch s\u00e2u<em>\u00a0<\/em>da hi\u1ec7u qu\u1ea3<\/p>\n<p>1. AHA: Gi\u00fap l\u00e0m s\u1ea1ch b\u1ee5i b\u1ea9n v\u00e0 da ch\u1ebft tr\u00ean b\u1ec1 m\u1eb7t da. H\u1ed7 tr\u1ee3 l\u00e0m s\u00e1ng v\u00e0 \u0111\u1ec1u m\u00e0u da.<\/p>\n<p>2. BHA: L\u00e0m s\u1ea1ch s\u00e2u b\u00e3 nh\u1eddn, t\u1ebf b\u00e0o ch\u1ebft t\u1eadn b\u00ean trong l\u1ed7 ch\u00e2n l\u00f4ng. K\u00edch th\u00edch t\u00e1i t\u1ea1o Collagen m\u1edbi. L\u00e0m se v\u00e0 gi\u1ea3m s\u01b0ng m\u1ee5n<\/p>\n<p>3. PHA: H\u1ed7 tr\u1ee3 l\u00e0m s\u1ea1ch to\u00e0n b\u1ed9 t\u1ebf b\u00e0o ch\u1ebft tr\u00ean da, \u0111\u1ed3ng th\u1eddi kh\u00f3a \u0111\u1ed9 \u1ea9m c\u1ee7a da, ng\u0103n ng\u1eeba vi\u1ec7c da b\u1ecb m\u1ea5t \u1ea9m do m\u00f4i tr\u01b0\u1eddng t\u00e1c \u0111\u1ed9ng<\/p>\n<p>&#8211; S\u1ea3n ph\u1ea9m ho\u00e0n to\u00e0n kh\u00f4ng ch\u1ee9a Paraben, ch\u1ea5t t\u1ea1o m\u00e0u, d\u1ea7u kho\u00e1ng v\u00e0 nh\u1eefng h\u00f3a ch\u1ea5t g\u00e2y h\u1ea1i cho s\u1ee9c kh\u1ecfe.<\/p>\n<p><img class=\"lazy\" src=\"https:\/\/adminbeauty.hvnet.vn\/Upload\/images\/an%20to%c3%a0n.jpg\" alt=\"\" data-src=\"https:\/\/adminbeauty.hvnet.vn\/Upload\/images\/an%20to%c3%a0n.jpg\" \/><\/p><p>&#8211; Th\u00e0nh ph\u1ea7n ch\u1ee9a 10.000ppm Tr\u00e0m Tr\u00e0, gi\u00fap l\u00e0m d\u1ecbu da, s\u00e1t khu\u1ea9n, gi\u1ea3m s\u01b0ng m\u1ee5n v\u00e0 \u0111i\u1ec1u ti\u1ebft b\u00e3 nh\u1eddn.<\/p>\n<p>&#8211; H\u1ea1t c\u00e2y ph\u1ec9: gi\u00fap se nh\u1ecf l\u1ed7 ch\u00e2n l\u00f4ng, l\u00e0m d\u1ecbu m\u1ee5n s\u01b0ng v\u00e0 ki\u1ec1m d\u1ea7u cho da r\u1ea5t t\u1ed1t<\/p>\n<p>&#8211; Chi\u1ebft xu\u1ea5t \u0111u \u0111\u1ee7: t\u1ea9y t\u1ebf b\u00e0o ch\u1ebft m\u1ed9t c\u00e1ch nh\u1eb9 nh\u00e0ng v\u00e0 l\u00e0m s\u00e1ng da, gi\u1ea3m th\u00e2m \u0111\u00e1ng k\u1ec3<\/p>\n<p>&#8211; Chi\u1ebft xu\u1ea5t \u0111\u1eadu l\u0103ng: c\u1ee7ng c\u1ed1 h\u00e0ng r\u00e0o b\u1ea3o v\u1ec7 da, nu\u00f4i d\u01b0\u1ee1ng l\u00e0n da kh\u1ecfe m\u1ea1nh d\u1ea7n l\u00ean<\/p>\n<p>&#8211; Chi\u1ebft xu\u1ea5t t\u1ed5 y\u1ebfn: gi\u00fap ch\u1ed1ng oxy h\u00f3a cho da, l\u00e0m da tr\u1edf n\u00ean s\u0103n ch\u1eafc, k\u00edch th\u00edch t\u00e1i t\u1ea1o collagen m\u1edbi cho da<\/p>\n<p>&#8211; Chi\u1ebft xu\u1ea5t hoa sen tr\u1eafng: cung c\u1ea5p n\u01b0\u1edbc cho l\u00e0n da, l\u00e0m d\u1ecbu da b\u1ecb t\u1ed5n th\u01b0\u01a1ng v\u00e0 c\u00e2n b\u1eb1ng \u0111\u1ed9 \u1ea9m cho da<\/p>\n<p>&#8211; B\u1ea1n s\u1ebd c\u1ea3m nh\u1eadn \u0111\u01b0\u1ee3c l\u00e0n da tr\u1edf n\u00ean kh\u1ecfe m\u1ea1nh h\u01a1n: L\u1ed7 ch\u00e2n l\u00f4ng se nh\u1ecf, l\u00e0n da s\u1ea1ch s\u00e2u m\u1ec1m m\u1ecbn, b\u00e3 nh\u1eddn th\u1eeba \u00edt ti\u1ebft ra h\u01a1n &#8211; m\u1eb7t kh\u00f4 tho\u00e1ng \u0111\u1ee1 b\u00f3ng d\u1ea7u h\u01a1n h\u1eb3n, t\u00ecnh tr\u1ea1ng m\u1ee5n c\u00e1m, m\u1ee5n \u0111\u1ea7u \u0111en v\u00e0 m\u1ee5n s\u01b0ng \u0111\u01b0\u1ee3c c\u1ea3i thi\u1ec7n \u0111\u00e1ng k\u1ec3, th\u00e2m m\u1ee5n v\u00e0 nh\u1eefng v\u00f9ng da kh\u00f4ng \u0111\u1ec1u m\u00e0u tr\u1edf n\u00ean h\u1ed3ng h\u00e0o v\u00e0 s\u00e1ng h\u01a1n ch\u1ec9 sau 30 ng\u00e0y s\u1eed d\u1ee5ng s\u1ea3n ph\u1ea9m\u00a0n\u01b0\u1edbc hoa h\u1ed3ng\u00a0n\u00e0y.<\/p>\n<p><img class=\"lazy\" src=\"https:\/\/adminbeauty.hvnet.vn\/Upload\/images\/nuoc-hoa-hong-some-by-mi-aha-bha-pha-30-days-miracle-toner-150ml-1-hinh-anh-1.jpg\" alt=\"nuoc hoa hong some by mi aha bha pha 30 days miracle toner 150ml hinh anh 1\" data-src=\"https:\/\/adminbeauty.hvnet.vn\/Upload\/images\/nuoc-hoa-hong-some-by-mi-aha-bha-pha-30-days-miracle-toner-150ml-1-hinh-anh-1.jpg\" \/><\/p>\n<\/div>\n<\/div>\n","protected":false},"excerpt":{"rendered":"<ul>\n<li>V\u1eadn chuy\u1ec3n tr\u00ean to\u00e0n qu\u1ed1c<\/li>\n<li>Cam k\u1ebft s\u1ea3n ph\u1ea9m \u0111\u00fang ch\u1ea5t l\u01b0\u1ee3ng mi\u00eau t\u1ea3 tr\u00ean website<\/li>\n<li>B\u1ea3o h\u00e0nh ch\u00ednh h\u00e3ng<\/li>\n<li>Ki\u1ec3m tra h\u00e0ng tr\u01b0\u1edbc khi thanh to\u00e1n<\/li>\n<li>Hotline: 035 609 3690<\/li>\n<\/ul>\n","protected":false},"featured_media":358,"template":"","meta":[],"product_cat":[26,30],"product_tag":[],"yoast_head":"<!-- This site is optimized with the Yoast SEO plugin v16.5 - https:\/\/yoast.com\/wordpress\/plugins\/seo\/ -->\n<title>N\u01b0\u1edbc Hoa H\u1ed3ng Some By Mi AHA-BHA-PHA Toner - Skin Bee<\/title>\n<meta name=\"robots\" content=\"noindex, follow, max-snippet:-1, max-image-preview:large, max-video-preview:-1\" \/>\n<meta property=\"og:locale\" content=\"vi_VN\" \/>\n<meta property=\"og:type\" content=\"article\" \/>\n<meta property=\"og:title\" content=\"N\u01b0\u1edbc Hoa H\u1ed3ng Some By Mi AHA-BHA-PHA Toner - Skin Bee\" \/>\n<meta property=\"og:description\" content=\"V\u1eadn chuy\u1ec3n tr\u00ean to\u00e0n qu\u1ed1c  Cam k\u1ebft s\u1ea3n ph\u1ea9m \u0111\u00fang ch\u1ea5t l\u01b0\u1ee3ng mi\u00eau t\u1ea3 tr\u00ean website  B\u1ea3o h\u00e0nh ch\u00ednh h\u00e3ng  Ki\u1ec3m tra h\u00e0ng tr\u01b0\u1edbc khi thanh to\u00e1n  Hotline: 035 609 3690\" \/>\n<meta property=\"og:url\" content=\"https:\/\/mau.hoabinhweb.com\/mypham2\/san-pham\/nuoc-hoa-hong-some-by-mi-aha-bha-pha-toner\/\" \/>\n<meta property=\"og:site_name\" content=\"Skin Bee\" \/>\n<meta property=\"article:modified_time\" content=\"2021-03-09T02:53:22+00:00\" \/>\n<meta property=\"og:image\" content=\"http:\/\/mau.hoabinhweb.com\/mypham2\/wp-content\/uploads\/2020\/08\/sanpham-mypham3.jpg\" \/>\n\t<meta property=\"og:image:width\" content=\"600\" \/>\n\t<meta property=\"og:image:height\" content=\"600\" \/>\n<meta name=\"twitter:card\" content=\"summary_large_image\" \/>\n<meta name=\"twitter:label1\" content=\"\u01af\u1edbc t\u00ednh th\u1eddi gian \u0111\u1ecdc\" \/>\n\t<meta name=\"twitter:data1\" content=\"6 ph\u00fat\" \/>\n<script type=\"application\/ld+json\" class=\"yoast-schema-graph\">{\"@context\":\"https:\/\/schema.org\",\"@graph\":[{\"@type\":\"WebSite\",\"@id\":\"https:\/\/mau.hoabinhweb.com\/mypham2\/#website\",\"url\":\"https:\/\/mau.hoabinhweb.com\/mypham2\/\",\"name\":\"Skin Bee\",\"description\":\"\",\"potentialAction\":[{\"@type\":\"SearchAction\",\"target\":\"https:\/\/mau.hoabinhweb.com\/mypham2\/?s={search_term_string}\",\"query-input\":\"required name=search_term_string\"}],\"inLanguage\":\"vi\"},{\"@type\":\"ImageObject\",\"@id\":\"https:\/\/mau.hoabinhweb.com\/mypham2\/san-pham\/nuoc-hoa-hong-some-by-mi-aha-bha-pha-toner\/#primaryimage\",\"inLanguage\":\"vi\",\"url\":\"https:\/\/mau.hoabinhweb.com\/mypham2\/wp-content\/uploads\/2020\/08\/sanpham-mypham3.jpg\",\"contentUrl\":\"https:\/\/mau.hoabinhweb.com\/mypham2\/wp-content\/uploads\/2020\/08\/sanpham-mypham3.jpg\",\"width\":600,\"height\":600,\"caption\":\"Sanpham Mypham3\"},{\"@type\":\"WebPage\",\"@id\":\"https:\/\/mau.hoabinhweb.com\/mypham2\/san-pham\/nuoc-hoa-hong-some-by-mi-aha-bha-pha-toner\/#webpage\",\"url\":\"https:\/\/mau.hoabinhweb.com\/mypham2\/san-pham\/nuoc-hoa-hong-some-by-mi-aha-bha-pha-toner\/\",\"name\":\"N\\u01b0\\u1edbc Hoa H\\u1ed3ng Some By Mi AHA-BHA-PHA Toner - Skin Bee\",\"isPartOf\":{\"@id\":\"https:\/\/mau.hoabinhweb.com\/mypham2\/#website\"},\"primaryImageOfPage\":{\"@id\":\"https:\/\/mau.hoabinhweb.com\/mypham2\/san-pham\/nuoc-hoa-hong-some-by-mi-aha-bha-pha-toner\/#primaryimage\"},\"datePublished\":\"2020-08-21T00:40:01+00:00\",\"dateModified\":\"2021-03-09T02:53:22+00:00\",\"breadcrumb\":{\"@id\":\"https:\/\/mau.hoabinhweb.com\/mypham2\/san-pham\/nuoc-hoa-hong-some-by-mi-aha-bha-pha-toner\/#breadcrumb\"},\"inLanguage\":\"vi\",\"potentialAction\":[{\"@type\":\"ReadAction\",\"target\":[\"https:\/\/mau.hoabinhweb.com\/mypham2\/san-pham\/nuoc-hoa-hong-some-by-mi-aha-bha-pha-toner\/\"]}]},{\"@type\":\"BreadcrumbList\",\"@id\":\"https:\/\/mau.hoabinhweb.com\/mypham2\/san-pham\/nuoc-hoa-hong-some-by-mi-aha-bha-pha-toner\/#breadcrumb\",\"itemListElement\":[{\"@type\":\"ListItem\",\"position\":1,\"name\":\"Trang ch\\u1ee7\",\"item\":\"https:\/\/mau.hoabinhweb.com\/mypham2\/\"},{\"@type\":\"ListItem\",\"position\":2,\"name\":\"S\\u1ea3n ph\\u1ea9m\",\"item\":\"https:\/\/mau.hoabinhweb.com\/mypham2\/san-pham\/\"},{\"@type\":\"ListItem\",\"position\":3,\"name\":\"N\\u01b0\\u1edbc Hoa H\\u1ed3ng Some By Mi AHA-BHA-PHA Toner\"}]}]}<\/script>\n<!-- \/ Yoast SEO plugin. -->","_links":{"self":[{"href":"https:\/\/mau.hoabinhweb.com\/mypham2\/wp-json\/wp\/v2\/product\/111"}],"collection":[{"href":"https:\/\/mau.hoabinhweb.com\/mypham2\/wp-json\/wp\/v2\/product"}],"about":[{"href":"https:\/\/mau.hoabinhweb.com\/mypham2\/wp-json\/wp\/v2\/types\/product"}],"wp:featuredmedia":[{"embeddable":true,"href":"https:\/\/mau.hoabinhweb.com\/mypham2\/wp-json\/wp\/v2\/media\/358"}],"wp:attachment":[{"href":"https:\/\/mau.hoabinhweb.com\/mypham2\/wp-json\/wp\/v2\/media?parent=111"}],"wp:term":[{"taxonomy":"product_cat","embeddable":true,"href":"https:\/\/mau.hoabinhweb.com\/mypham2\/wp-json\/wp\/v2\/product_cat?post=111"},{"taxonomy":"product_tag","embeddable":true,"href":"https:\/\/mau.hoabinhweb.com\/mypham2\/wp-json\/wp\/v2\/product_tag?post=111"}],"curies":[{"name":"wp","href":"https:\/\/api.w.org\/{rel}","templated":true}]}}