{"id":109,"date":"2020-08-21T07:36:21","date_gmt":"2020-08-21T00:36:21","guid":{"rendered":"http:\/\/mau.hoabinhweb.com\/mypham2\/?post_type=product&#038;p=109"},"modified":"2021-03-09T09:54:49","modified_gmt":"2021-03-09T02:54:49","slug":"phan-tao-khoi-bat-sang-sivanna-colors","status":"publish","type":"product","link":"https:\/\/mau.hoabinhweb.com\/mypham2\/san-pham\/phan-tao-khoi-bat-sang-sivanna-colors\/","title":{"rendered":"Ph\u1ea5n T\u1ea1o Kh\u1ed1i &#8211; B\u1eaft S\u00e1ng Sivanna Colors"},"content":{"rendered":"<p>SIVANNA COLORS Bronze &amp; Highlighter s\u1edf h\u1eefu 4 \u00f4 ph\u1ea5n c\u00f3 tone m\u00e0u d\u1ec5 s\u1eed d\u1ee5ng cho phong c\u00e1ch trang \u0111i\u1ec3m ng\u1ecdt ng\u00e0o. Tuy kh\u00e1 b\u00e9 nh\u1ecf nh\u01b0ng em \u1ea5y l\u1ea1i c\u1ef1c k\u00ec \u0111a n\u0103ng, c\u00e1c n\u00e0ng c\u00f3 th\u1ec3 s\u1eed d\u1ee5ng c\u00e1c \u00f4 m\u00e0u v\u1edbi t\u1eebng m\u1ee5c \u0111\u00edch kh\u00e1c nhau nh\u01b0 highlight, t\u00e1n tr\u00ean b\u1ea7u m\u1eaft, t\u1ea1o kh\u1ed1i \u1edf g\u00f3c m\u1eaft. Ngo\u00e0i ra, c\u00e1c n\u00e0ng c\u00f2n c\u00f3 th\u1ec3 k\u1ebft h\u1ee3p c\u00e1c m\u00e0u s\u1eafc trong b\u1ea3ng ph\u1ea5n m\u1eaft v\u1edbi nhau \u0111\u1ec3 t\u0103ng th\u00eam n\u00e9t \u1ea5n t\u01b0\u1ee3ng trong phong c\u00e1ch trang \u0111i\u1ec3m c\u00f9ng m\u00e0u m\u1eaft \u0111\u1ed9c \u0111\u00e1o.<\/p>\n<p><img loading=\"lazy\" class=\"lazy\" src=\"https:\/\/adminbeauty.hvnet.vn\/Upload\/tinymce\/2021\/3\/2\/mi4ndecj1588006673-1000x1000042223.png\" alt=\"\" width=\"1000\" height=\"1000\" data-src=\"https:\/\/adminbeauty.hvnet.vn\/Upload\/tinymce\/2021\/3\/2\/mi4ndecj1588006673-1000x1000042223.png\" \/><\/p>\n<p>Ph\u1ea5n t\u1ea1o kh\u1ed1i v\u00e0 b\u1eaft s\u00e1ng 4 \u00f4 Sivanna Bronze and Highlighter HF358 c\u1ef1c k\u00ec \u0111a n\u0103ng, c\u00f3 th\u1ec3 s\u1eed d\u1ee5ng c\u00e1c \u00f4 m\u00e0u v\u1edbi t\u1eebng m\u1ee5c \u0111\u00edch kh\u00e1c nhau nh\u01b0 highlight, t\u00e1n tr\u00ean b\u1ea7u m\u1eaft, t\u1ea1o kh\u1ed1i \u1edf g\u00f3c m\u1eaft.<br \/>\nNgo\u00e0i ra, c\u00e1c n\u00e0ng c\u00f2n c\u00f3 th\u1ec3 k\u1ebft h\u1ee3p c\u00e1c m\u00e0u s\u1eafc trong b\u1ea3ng ph\u1ea5n m\u1eaft Sivanna Bronze and Highlighter HF358 v\u1edbi nhau \u0111\u1ec3 t\u0103ng th\u00eam n\u00e9t \u1ea5n t\u01b0\u1ee3ng trong phong c\u00e1ch trang \u0111i\u1ec3m c\u00f9ng m\u00e0u m\u1eaft \u0111\u1ed9c \u0111\u00e1o.<\/p>\n","protected":false},"excerpt":{"rendered":"<ul>\n<li>V\u1eadn chuy\u1ec3n tr\u00ean to\u00e0n qu\u1ed1c<\/li>\n<li>Cam k\u1ebft s\u1ea3n ph\u1ea9m \u0111\u00fang ch\u1ea5t l\u01b0\u1ee3ng mi\u00eau t\u1ea3 tr\u00ean website<\/li>\n<li>B\u1ea3o h\u00e0nh ch\u00ednh h\u00e3ng<\/li>\n<li>Ki\u1ec3m tra h\u00e0ng tr\u01b0\u1edbc khi thanh to\u00e1n<\/li>\n<li>Hotline: 035 609 3690<\/li>\n<\/ul>\n","protected":false},"featured_media":360,"template":"","meta":[],"product_cat":[26,30],"product_tag":[],"yoast_head":"<!-- This site is optimized with the Yoast SEO plugin v16.5 - https:\/\/yoast.com\/wordpress\/plugins\/seo\/ -->\n<title>Ph\u1ea5n T\u1ea1o Kh\u1ed1i - B\u1eaft S\u00e1ng Sivanna Colors - Skin Bee<\/title>\n<meta name=\"robots\" content=\"noindex, follow, max-snippet:-1, max-image-preview:large, max-video-preview:-1\" \/>\n<meta property=\"og:locale\" content=\"vi_VN\" \/>\n<meta property=\"og:type\" content=\"article\" \/>\n<meta property=\"og:title\" content=\"Ph\u1ea5n T\u1ea1o Kh\u1ed1i - B\u1eaft S\u00e1ng Sivanna Colors - Skin Bee\" \/>\n<meta property=\"og:description\" content=\"V\u1eadn chuy\u1ec3n tr\u00ean to\u00e0n qu\u1ed1c  Cam k\u1ebft s\u1ea3n ph\u1ea9m \u0111\u00fang ch\u1ea5t l\u01b0\u1ee3ng mi\u00eau t\u1ea3 tr\u00ean website  B\u1ea3o h\u00e0nh ch\u00ednh h\u00e3ng  Ki\u1ec3m tra h\u00e0ng tr\u01b0\u1edbc khi thanh to\u00e1n  Hotline: 035 609 3690\" \/>\n<meta property=\"og:url\" content=\"https:\/\/mau.hoabinhweb.com\/mypham2\/san-pham\/phan-tao-khoi-bat-sang-sivanna-colors\/\" \/>\n<meta property=\"og:site_name\" content=\"Skin Bee\" \/>\n<meta property=\"article:modified_time\" content=\"2021-03-09T02:54:49+00:00\" \/>\n<meta property=\"og:image\" content=\"http:\/\/mau.hoabinhweb.com\/mypham2\/wp-content\/uploads\/2020\/08\/sanpham-mypham5.jpg\" \/>\n\t<meta property=\"og:image:width\" content=\"600\" \/>\n\t<meta property=\"og:image:height\" content=\"600\" \/>\n<meta name=\"twitter:card\" content=\"summary_large_image\" \/>\n<meta name=\"twitter:label1\" content=\"\u01af\u1edbc t\u00ednh th\u1eddi gian \u0111\u1ecdc\" \/>\n\t<meta name=\"twitter:data1\" content=\"1 ph\u00fat\" \/>\n<script type=\"application\/ld+json\" class=\"yoast-schema-graph\">{\"@context\":\"https:\/\/schema.org\",\"@graph\":[{\"@type\":\"WebSite\",\"@id\":\"https:\/\/mau.hoabinhweb.com\/mypham2\/#website\",\"url\":\"https:\/\/mau.hoabinhweb.com\/mypham2\/\",\"name\":\"Skin Bee\",\"description\":\"\",\"potentialAction\":[{\"@type\":\"SearchAction\",\"target\":\"https:\/\/mau.hoabinhweb.com\/mypham2\/?s={search_term_string}\",\"query-input\":\"required name=search_term_string\"}],\"inLanguage\":\"vi\"},{\"@type\":\"ImageObject\",\"@id\":\"https:\/\/mau.hoabinhweb.com\/mypham2\/san-pham\/phan-tao-khoi-bat-sang-sivanna-colors\/#primaryimage\",\"inLanguage\":\"vi\",\"url\":\"https:\/\/mau.hoabinhweb.com\/mypham2\/wp-content\/uploads\/2020\/08\/sanpham-mypham5.jpg\",\"contentUrl\":\"https:\/\/mau.hoabinhweb.com\/mypham2\/wp-content\/uploads\/2020\/08\/sanpham-mypham5.jpg\",\"width\":600,\"height\":600,\"caption\":\"Sanpham Mypham5\"},{\"@type\":\"WebPage\",\"@id\":\"https:\/\/mau.hoabinhweb.com\/mypham2\/san-pham\/phan-tao-khoi-bat-sang-sivanna-colors\/#webpage\",\"url\":\"https:\/\/mau.hoabinhweb.com\/mypham2\/san-pham\/phan-tao-khoi-bat-sang-sivanna-colors\/\",\"name\":\"Ph\\u1ea5n T\\u1ea1o Kh\\u1ed1i - B\\u1eaft S\\u00e1ng Sivanna Colors - Skin Bee\",\"isPartOf\":{\"@id\":\"https:\/\/mau.hoabinhweb.com\/mypham2\/#website\"},\"primaryImageOfPage\":{\"@id\":\"https:\/\/mau.hoabinhweb.com\/mypham2\/san-pham\/phan-tao-khoi-bat-sang-sivanna-colors\/#primaryimage\"},\"datePublished\":\"2020-08-21T00:36:21+00:00\",\"dateModified\":\"2021-03-09T02:54:49+00:00\",\"breadcrumb\":{\"@id\":\"https:\/\/mau.hoabinhweb.com\/mypham2\/san-pham\/phan-tao-khoi-bat-sang-sivanna-colors\/#breadcrumb\"},\"inLanguage\":\"vi\",\"potentialAction\":[{\"@type\":\"ReadAction\",\"target\":[\"https:\/\/mau.hoabinhweb.com\/mypham2\/san-pham\/phan-tao-khoi-bat-sang-sivanna-colors\/\"]}]},{\"@type\":\"BreadcrumbList\",\"@id\":\"https:\/\/mau.hoabinhweb.com\/mypham2\/san-pham\/phan-tao-khoi-bat-sang-sivanna-colors\/#breadcrumb\",\"itemListElement\":[{\"@type\":\"ListItem\",\"position\":1,\"name\":\"Trang ch\\u1ee7\",\"item\":\"https:\/\/mau.hoabinhweb.com\/mypham2\/\"},{\"@type\":\"ListItem\",\"position\":2,\"name\":\"S\\u1ea3n ph\\u1ea9m\",\"item\":\"https:\/\/mau.hoabinhweb.com\/mypham2\/san-pham\/\"},{\"@type\":\"ListItem\",\"position\":3,\"name\":\"Ph\\u1ea5n T\\u1ea1o Kh\\u1ed1i &#8211; B\\u1eaft S\\u00e1ng Sivanna Colors\"}]}]}<\/script>\n<!-- \/ Yoast SEO plugin. -->","_links":{"self":[{"href":"https:\/\/mau.hoabinhweb.com\/mypham2\/wp-json\/wp\/v2\/product\/109"}],"collection":[{"href":"https:\/\/mau.hoabinhweb.com\/mypham2\/wp-json\/wp\/v2\/product"}],"about":[{"href":"https:\/\/mau.hoabinhweb.com\/mypham2\/wp-json\/wp\/v2\/types\/product"}],"wp:featuredmedia":[{"embeddable":true,"href":"https:\/\/mau.hoabinhweb.com\/mypham2\/wp-json\/wp\/v2\/media\/360"}],"wp:attachment":[{"href":"https:\/\/mau.hoabinhweb.com\/mypham2\/wp-json\/wp\/v2\/media?parent=109"}],"wp:term":[{"taxonomy":"product_cat","embeddable":true,"href":"https:\/\/mau.hoabinhweb.com\/mypham2\/wp-json\/wp\/v2\/product_cat?post=109"},{"taxonomy":"product_tag","embeddable":true,"href":"https:\/\/mau.hoabinhweb.com\/mypham2\/wp-json\/wp\/v2\/product_tag?post=109"}],"curies":[{"name":"wp","href":"https:\/\/api.w.org\/{rel}","templated":true}]}}