{"id":108,"date":"2020-08-21T07:36:21","date_gmt":"2020-08-21T00:36:21","guid":{"rendered":"http:\/\/mau.hoabinhweb.com\/mypham2\/?post_type=product&#038;p=108"},"modified":"2021-03-09T09:55:45","modified_gmt":"2021-03-09T02:55:45","slug":"sua-rua-mat-innisfree-white-pore-facial-cleanser","status":"publish","type":"product","link":"https:\/\/mau.hoabinhweb.com\/mypham2\/san-pham\/sua-rua-mat-innisfree-white-pore-facial-cleanser\/","title":{"rendered":"S\u1eefa R\u1eeda M\u1eb7t Innisfree White Pore Facial Cleanser"},"content":{"rendered":"<div class=\"item-note \">\n<div class=\"back-content\">\n<p><em><strong>S\u1eefa r\u1eeda m\u1eb7t Innisfree White Pore Facial Cleanser<\/strong><\/em>\u00a0chi\u1ebft xu\u1ea5t t\u1eeb v\u1ecf qu\u00fdt gi\u00e0u Vitamin C v\u00e0 tr\u00e0 xanh \u0111\u01b0\u1ee3c tr\u1ed3ng v\u1edbi c\u00f4ng ngh\u1ec7 th\u00e2n thi\u1ec7n v\u1edbi m\u00f4i tr\u01b0\u1eddng tr\u00ean \u0111\u1ea3o Jeju nh\u1eb9 nh\u00e0ng l\u00e0m s\u1ea1ch c\u00e1c b\u1ee5i b\u1ea9n tr\u00ean da sau m\u1ed9t ng\u00e0y d\u00e0i<\/p>\n<p><strong>\u2605Innisfree White Pore Facial Cleanser<br \/>\nDung t\u00edch: 150ml<br \/>\nXu\u1ea5t x\u1ee9: H\u00e0n Qu\u1ed1c<\/strong><\/p><p><img class=\"lazy\" src=\"https:\/\/adminbeauty.hvnet.vn\/Upload\/images\/sua-rua-mat-innisfree-white-pore-facial-cleanser-0-hinh-anh-1.jpg\" alt=\"sua rua mat innisfree white pore facial cleanser hinh anh 1\" data-src=\"https:\/\/adminbeauty.hvnet.vn\/Upload\/images\/sua-rua-mat-innisfree-white-pore-facial-cleanser-0-hinh-anh-1.jpg\" \/><\/p>\n<p><strong>S\u1eefa r\u1eeda m\u1eb7t Innisfree White Pore Facial Cleanser<\/strong><\/p>\n<\/div>\n<\/div>\n<div class=\"item-note \">\n<div class=\"title-member right-border title-behide\">\n<h2>\u0110\u1eb6C \u0110I\u1ec2M S\u1ea2N PH\u1ea8M<\/h2>\n<\/div>\n<div class=\"back-content\">\n<p>T\u1ed5ng h\u1ee3p s\u1ee9c m\u1ea1nh t\u1eeb v\u1ecf qu\u00fdt gi\u00e0u vitamin C v\u00e0 tr\u00e0 xanh gi\u00e0u d\u01b0\u1ee1ng ch\u1ea5t. S\u1eefa r\u1eeda m\u1eb7t Innisfree White Pore Facial Cleanser mang l\u1ea1i cho l\u00e0n da tr\u1eafng s\u00e1ng h\u01a1n, t\u01b0\u01a1i h\u01a1n v\u00e0 r\u1ea1ng ng\u1eddi h\u01a1n so v\u1edbi tr\u01b0\u1edbc \u0111\u00e2y v\u00e0 cho b\u1ea1n m\u1ed9t l\u00e0n da l\u00e1ng m\u1ecbn kh\u00f4ng t\u00ec v\u1ebft.<\/p>\n<p>S\u1eefa r\u1eeda m\u1eb7t Innisfree White Pore Facial Cleanser kh\u00f4ng g\u00e2y h\u1ea1i cho Da m\u00e0 c\u00f2n b\u1ea3o v\u1ec7 an to\u00e0n c\u00e1c s\u1eafc t\u1ed1 melanin v\u00ec ch\u1ec9 \u1ee9c ch\u1ebf kh\u00f4ng cho tr\u1ed3i l\u00ean b\u1ec1 m\u1eb7t da gi\u00fap l\u00e0n da \u0111\u1ed3ng \u0111\u1ec1u m\u00e0u, tr\u1eafng s\u00e1ng r\u1ea1ng r\u1ee1. \u0110\u1eb7c bi\u1ec7t tr\u1ecb t\u1ed1t nh\u1ea5t cho l\u00e0n da x\u1ec9n m\u00e0u v\u00e0 nhi\u1ec1u n\u1ed1t th\u00e2m n\u00e1m.<\/p><p><img class=\"lazy\" title=\"Nh\u1eb9 nh\u00e0ng t\u1ea1o b\u1ecdt cho l\u00e0n da c\u1ee7a b\u1ea1n c\u1ea3m gi\u00e1c nh\u1eb9 nh\u00e0ng h\u01a1n\" src=\"https:\/\/adminbeauty.hvnet.vn\/Files\/Uploads\/Sua-rua-mat-Innisfree-White-Pore-Facial-Cleanser-Beauty-Garden-2.jpg\" alt=\"Nh\u1eb9 nh\u00e0ng t\u1ea1o b\u1ecdt cho l\u00e0n da c\u1ee7a b\u1ea1n c\u1ea3m gi\u00e1c nh\u1eb9 nh\u00e0ng h\u01a1n\" data-src=\"https:\/\/adminbeauty.hvnet.vn\/Files\/Uploads\/Sua-rua-mat-Innisfree-White-Pore-Facial-Cleanser-Beauty-Garden-2.jpg\" \/><\/p>\n<p><strong>Nh\u1eb9 nh\u00e0ng t\u1ea1o b\u1ecdt cho l\u00e0n da c\u1ee7a b\u1ea1n c\u1ea3m gi\u00e1c nh\u1eb9 nh\u00e0ng h\u01a1n<\/strong><\/p>\n<\/div>\n<\/div>\n<div class=\"item-note \">\n<div class=\"title-member right-border title-behide\">\n<h2>TH\u00c0NH PH\u1ea6N V\u00c0 C\u00d4NG D\u1ee4NG<\/h2>\n<\/div>\n<div class=\"back-content\">\n<p>\u2022 Th\u00e0nh ph\u1ea7n Vitamin C trong v\u1ecf qu\u00fdt v\u00e0 B3 trong tr\u00e0 xanh th\u1ea9m th\u1ea5u s\u00e2u v\u00e0o b\u00ean trong c\u00e1c l\u1edbp da v\u00e0 lo\u1ea1i b\u1ecf c\u00e1c nguy\u00ean nh\u00e2n c\u01a1 b\u1ea3n l\u00e0m t\u1ed1i da, l\u00e0m m\u1edd th\u00e2m n\u00e1m, \u0111\u1ea9y l\u00f9i c\u00e1c s\u1eafc t\u1ed1 g\u00e2y x\u1ec9n m\u00e0u, cho l\u00e0n da t\u01b0\u01a1i t\u1eafn r\u1ea1ng r\u1ee1, \u0111\u1ed3ng th\u1eddi cung c\u1ea5p \u0111\u1ed9 \u1ea9m t\u1ef1 nhi\u00ean cho da m\u1ecbn m\u00e0ng, s\u0103n ch\u1eafc.<\/p>\n<p>\u2022 Ngo\u00e0i ra S\u1eefa r\u1eeda m\u1eb7t Innisfree White Pore Facial Cleanser c\u00f2n gi\u00fap se kh\u00edt l\u1ed7 ch\u00e2n l\u00f4ng t\u1ed1i \u0111a, gi\u00fap l\u00e0n da m\u1ec1m m\u1ecbn v\u00e0 c\u0103ng kh\u1ecfe.<\/p>\n<p><img class=\"lazy\" title=\"  Th\u00e0nh ph\u1ea7n \u0111\u01b0\u1ee3c tuy\u1ec3n ch\u1ecdn t\u1eeb n\u00fai Jeju cho m\u1ecdi lo\u1ea1i da k\u1ec3 c\u1ea3 da d\u1ea7u v\u00e0 da h\u1ed7n h\u1ee3p thi\u00ean d\u1ea7u \u0111\u1ec1u d\u00f9ng \u0111\u01b0\u1ee3c\" src=\"https:\/\/adminbeauty.hvnet.vn\/Files\/Uploads\/Sua-rua-mat-Innisfree-White-Pore-Facial-Cleanser-Beauty-Garden-1.jpg\" alt=\"  Th\u00e0nh ph\u1ea7n \u0111\u01b0\u1ee3c tuy\u1ec3n ch\u1ecdn t\u1eeb n\u00fai Jeju cho m\u1ecdi lo\u1ea1i da k\u1ec3 c\u1ea3 da d\u1ea7u v\u00e0 da h\u1ed7n h\u1ee3p thi\u00ean d\u1ea7u \u0111\u1ec1u d\u00f9ng \u0111\u01b0\u1ee3c\" data-src=\"https:\/\/adminbeauty.hvnet.vn\/Files\/Uploads\/Sua-rua-mat-Innisfree-White-Pore-Facial-Cleanser-Beauty-Garden-1.jpg\" \/><\/p>\n<p><strong>\u00a0 Th\u00e0nh ph\u1ea7n \u0111\u01b0\u1ee3c tuy\u1ec3n ch\u1ecdn t\u1eeb n\u00fai Jeju cho m\u1ecdi lo\u1ea1i da k\u1ec3 c\u1ea3 da d\u1ea7u v\u00e0 da h\u1ed7n h\u1ee3p thi\u00ean d\u1ea7u \u0111\u1ec1u d\u00f9ng \u0111\u01b0\u1ee3c<\/strong><\/p>\n<\/div>\n<\/div>\n","protected":false},"excerpt":{"rendered":"<ul>\n<li>V\u1eadn chuy\u1ec3n tr\u00ean to\u00e0n qu\u1ed1c<\/li>\n<li>Cam k\u1ebft s\u1ea3n ph\u1ea9m \u0111\u00fang ch\u1ea5t l\u01b0\u1ee3ng mi\u00eau t\u1ea3 tr\u00ean website<\/li>\n<li>B\u1ea3o h\u00e0nh ch\u00ednh h\u00e3ng<\/li>\n<li>Ki\u1ec3m tra h\u00e0ng tr\u01b0\u1edbc khi thanh to\u00e1n<\/li>\n<li>Hotline: 035 609 3690<\/li>\n<\/ul>\n","protected":false},"featured_media":361,"template":"","meta":[],"product_cat":[26,30],"product_tag":[],"yoast_head":"<!-- This site is optimized with the Yoast SEO plugin v16.5 - https:\/\/yoast.com\/wordpress\/plugins\/seo\/ -->\n<title>S\u1eefa R\u1eeda M\u1eb7t Innisfree White Pore Facial Cleanser - Skin Bee<\/title>\n<meta name=\"robots\" content=\"noindex, follow, max-snippet:-1, max-image-preview:large, max-video-preview:-1\" \/>\n<meta property=\"og:locale\" content=\"vi_VN\" \/>\n<meta property=\"og:type\" content=\"article\" \/>\n<meta property=\"og:title\" content=\"S\u1eefa R\u1eeda M\u1eb7t Innisfree White Pore Facial Cleanser - Skin Bee\" \/>\n<meta property=\"og:description\" content=\"V\u1eadn chuy\u1ec3n tr\u00ean to\u00e0n qu\u1ed1c  Cam k\u1ebft s\u1ea3n ph\u1ea9m \u0111\u00fang ch\u1ea5t l\u01b0\u1ee3ng mi\u00eau t\u1ea3 tr\u00ean website  B\u1ea3o h\u00e0nh ch\u00ednh h\u00e3ng  Ki\u1ec3m tra h\u00e0ng tr\u01b0\u1edbc khi thanh to\u00e1n  Hotline: 035 609 3690\" \/>\n<meta property=\"og:url\" content=\"https:\/\/mau.hoabinhweb.com\/mypham2\/san-pham\/sua-rua-mat-innisfree-white-pore-facial-cleanser\/\" \/>\n<meta property=\"og:site_name\" content=\"Skin Bee\" \/>\n<meta property=\"article:modified_time\" content=\"2021-03-09T02:55:45+00:00\" \/>\n<meta property=\"og:image\" content=\"http:\/\/mau.hoabinhweb.com\/mypham2\/wp-content\/uploads\/2020\/08\/sanpham-mypham6.jpg\" \/>\n\t<meta property=\"og:image:width\" content=\"600\" \/>\n\t<meta property=\"og:image:height\" content=\"600\" \/>\n<meta name=\"twitter:card\" content=\"summary_large_image\" \/>\n<meta name=\"twitter:label1\" content=\"\u01af\u1edbc t\u00ednh th\u1eddi gian \u0111\u1ecdc\" \/>\n\t<meta name=\"twitter:data1\" content=\"2 ph\u00fat\" \/>\n<script type=\"application\/ld+json\" class=\"yoast-schema-graph\">{\"@context\":\"https:\/\/schema.org\",\"@graph\":[{\"@type\":\"WebSite\",\"@id\":\"https:\/\/mau.hoabinhweb.com\/mypham2\/#website\",\"url\":\"https:\/\/mau.hoabinhweb.com\/mypham2\/\",\"name\":\"Skin Bee\",\"description\":\"\",\"potentialAction\":[{\"@type\":\"SearchAction\",\"target\":\"https:\/\/mau.hoabinhweb.com\/mypham2\/?s={search_term_string}\",\"query-input\":\"required name=search_term_string\"}],\"inLanguage\":\"vi\"},{\"@type\":\"ImageObject\",\"@id\":\"https:\/\/mau.hoabinhweb.com\/mypham2\/san-pham\/sua-rua-mat-innisfree-white-pore-facial-cleanser\/#primaryimage\",\"inLanguage\":\"vi\",\"url\":\"https:\/\/mau.hoabinhweb.com\/mypham2\/wp-content\/uploads\/2020\/08\/sanpham-mypham6.jpg\",\"contentUrl\":\"https:\/\/mau.hoabinhweb.com\/mypham2\/wp-content\/uploads\/2020\/08\/sanpham-mypham6.jpg\",\"width\":600,\"height\":600,\"caption\":\"Sanpham Mypham6\"},{\"@type\":\"WebPage\",\"@id\":\"https:\/\/mau.hoabinhweb.com\/mypham2\/san-pham\/sua-rua-mat-innisfree-white-pore-facial-cleanser\/#webpage\",\"url\":\"https:\/\/mau.hoabinhweb.com\/mypham2\/san-pham\/sua-rua-mat-innisfree-white-pore-facial-cleanser\/\",\"name\":\"S\\u1eefa R\\u1eeda M\\u1eb7t Innisfree White Pore Facial Cleanser - Skin Bee\",\"isPartOf\":{\"@id\":\"https:\/\/mau.hoabinhweb.com\/mypham2\/#website\"},\"primaryImageOfPage\":{\"@id\":\"https:\/\/mau.hoabinhweb.com\/mypham2\/san-pham\/sua-rua-mat-innisfree-white-pore-facial-cleanser\/#primaryimage\"},\"datePublished\":\"2020-08-21T00:36:21+00:00\",\"dateModified\":\"2021-03-09T02:55:45+00:00\",\"breadcrumb\":{\"@id\":\"https:\/\/mau.hoabinhweb.com\/mypham2\/san-pham\/sua-rua-mat-innisfree-white-pore-facial-cleanser\/#breadcrumb\"},\"inLanguage\":\"vi\",\"potentialAction\":[{\"@type\":\"ReadAction\",\"target\":[\"https:\/\/mau.hoabinhweb.com\/mypham2\/san-pham\/sua-rua-mat-innisfree-white-pore-facial-cleanser\/\"]}]},{\"@type\":\"BreadcrumbList\",\"@id\":\"https:\/\/mau.hoabinhweb.com\/mypham2\/san-pham\/sua-rua-mat-innisfree-white-pore-facial-cleanser\/#breadcrumb\",\"itemListElement\":[{\"@type\":\"ListItem\",\"position\":1,\"name\":\"Trang ch\\u1ee7\",\"item\":\"https:\/\/mau.hoabinhweb.com\/mypham2\/\"},{\"@type\":\"ListItem\",\"position\":2,\"name\":\"S\\u1ea3n ph\\u1ea9m\",\"item\":\"https:\/\/mau.hoabinhweb.com\/mypham2\/san-pham\/\"},{\"@type\":\"ListItem\",\"position\":3,\"name\":\"S\\u1eefa R\\u1eeda M\\u1eb7t Innisfree White Pore Facial Cleanser\"}]}]}<\/script>\n<!-- \/ Yoast SEO plugin. -->","_links":{"self":[{"href":"https:\/\/mau.hoabinhweb.com\/mypham2\/wp-json\/wp\/v2\/product\/108"}],"collection":[{"href":"https:\/\/mau.hoabinhweb.com\/mypham2\/wp-json\/wp\/v2\/product"}],"about":[{"href":"https:\/\/mau.hoabinhweb.com\/mypham2\/wp-json\/wp\/v2\/types\/product"}],"wp:featuredmedia":[{"embeddable":true,"href":"https:\/\/mau.hoabinhweb.com\/mypham2\/wp-json\/wp\/v2\/media\/361"}],"wp:attachment":[{"href":"https:\/\/mau.hoabinhweb.com\/mypham2\/wp-json\/wp\/v2\/media?parent=108"}],"wp:term":[{"taxonomy":"product_cat","embeddable":true,"href":"https:\/\/mau.hoabinhweb.com\/mypham2\/wp-json\/wp\/v2\/product_cat?post=108"},{"taxonomy":"product_tag","embeddable":true,"href":"https:\/\/mau.hoabinhweb.com\/mypham2\/wp-json\/wp\/v2\/product_tag?post=108"}],"curies":[{"name":"wp","href":"https:\/\/api.w.org\/{rel}","templated":true}]}}