{"id":106,"date":"2020-08-21T07:36:19","date_gmt":"2020-08-21T00:36:19","guid":{"rendered":"http:\/\/mau.hoabinhweb.com\/mypham2\/?post_type=product&#038;p=106"},"modified":"2021-03-09T10:00:07","modified_gmt":"2021-03-09T03:00:07","slug":"xit-khoang-evoluderm-atomiseur-eau-pure-spray","status":"publish","type":"product","link":"https:\/\/mau.hoabinhweb.com\/mypham2\/san-pham\/xit-khoang-evoluderm-atomiseur-eau-pure-spray\/","title":{"rendered":"X\u1ecbt Kho\u00e1ng Evoluderm Atomiseur Eau Pure Spray"},"content":{"rendered":"<div class=\"item-note \">\n<div class=\"back-content\">\n<p>X\u1ecbt Kho\u00e1ng Evoluderm Atomiseur Eau Pure Spray Mist dung t\u00edch 150ml l\u00e0 d\u00f2ng x\u1ecbt kho\u00e1ng<strong>\u00a0<\/strong>c\u1ee7a h\u00e3ng m\u1ef9 ph\u1ea9m n\u1ed5i ti\u1ebfng Evoluderm t\u1eeb Ph\u00e1p \u0111\u00e3 tr\u1edf th\u00e0nh b\u00ed quy\u1ebft l\u00e0m \u0111\u1eb9p c\u1ee7a c\u00e1c ch\u1ecb em v\u0103n ph\u00f2ng. \u0110\u00e2y l\u00e0 lo\u1ea1i n\u01b0\u1edbc x\u1ecbt kho\u00e1ng \u0111\u01b0\u1ee3c \u0111\u00f3ng chai trong \u0111i\u1ec1u ki\u1ec7n v\u00f4 tr\u00f9ng, gi\u00fap cung c\u1ea5p 10 &#8211; 20% \u0111\u1ed9 \u1ea9m cho l\u00e0n da lu\u00f4n kh\u1ecfe m\u1ea1nh, s\u0103n ch\u1eafc v\u00e0 r\u1ea1ng r\u1ee1 t\u1ef1 nhi\u00ean. Dung t\u00edch c\u1ee7a m\u1ed9t chai x\u1ecbt kho\u00e1ng l\u00e0 400 ml, th\u1eddi gian s\u1eed d\u1ee5ng kh\u00e1 l\u00e2u gi\u00fap b\u1ea1n ti\u1ebft ki\u1ec7m.<\/p>\n<p><img class=\"lazy\" src=\"https:\/\/adminbeauty.hvnet.vn\/Upload\/images\/img_1981.jpg\" alt=\"\" data-src=\"https:\/\/adminbeauty.hvnet.vn\/Upload\/images\/img_1981.jpg\" \/><\/p><p><em>X\u1ecbt kho\u00e1ng Ph\u00e1p Evoluderm<\/em><\/p>\n<\/div>\n<\/div>\n<div class=\"item-note \">\n<div class=\"title-member right-border title-behide\">\n<h2>M\u00d4 T\u1ea2 S\u1ea2N PH\u1ea8M<\/h2>\n<\/div>\n<div class=\"back-content\">\n<p>X\u1ecbt Kho\u00e1ng Evoluderm Atomiseur Eau Pure Spray Mist dung t\u00edch 150ml, xu\u1ea5t x\u1ee9 Ph\u00e1p, hi\u1ec7n \u0111\u00e3 c\u00f3 m\u1eb7t t\u1ea1i h\u1ec7 th\u1ed1ng\u00a0m\u1ef9 ph\u1ea9m ch\u00ednh h\u00e3ng\u00a0Beauty Garden.<\/p>\n<p><b>* Thi\u1ebft k\u1ebf v\u1ecf ngo\u00e0i:<\/b><\/p>\n<p>Thi\u1ebft k\u1ebf chai n\u00e9n d\u1ea1ng kim lo\u1ea1i, h\u00ecnh tr\u1ee5, th\u00e2n chai v\u1eeba l\u00f2ng b\u00e0n tay d\u1ec5 c\u1ea7m n\u1eafm. Bao b\u00ec m\u00e0u tr\u1eafng \u0111\u1ee5c, n\u1eafp xanh d\u1ea1ng v\u00f2i \u1ea5n phun s\u01b0\u01a1ng, c\u00f3 th\u1ec3 b\u1ea3o qu\u1ea3n an to\u00e0n, v\u1ec7 sinh trong qu\u00e1 tr\u00ecnh s\u1eed d\u1ee5ng s\u1ea3n ph\u1ea9m.<\/p>\n<p><strong>* K\u1ebft c\u1ea5u b\u00ean trong:<\/strong><\/p>\n<p>&#8211; X\u1ecbt kho\u00e1ng d\u1ea1ng n\u01b0\u1edbc, l\u1ecfng. Khi x\u1ecbt l\u00ean da b\u1ea1n s\u1ebd c\u00f3 c\u1ea3m gi\u00e1c c\u1ef1c m\u00e1t l\u1ea1nh, s\u1ea3n ph\u1ea9m nh\u01b0 n\u01b0\u1edbc kh\u00f4ng c\u00f3 m\u00f9i.<\/p>\n<p>&#8211; V\u00f2i phun nh\u1eb9 nh\u01b0ng \u0111\u1ed9 t\u1ecfa ra r\u1ed9ng, b\u1ea1n c\u00f3 th\u1ec3 ti\u1ebft ki\u1ec7m \u0111\u01b0\u1ee3c trong 1 l\u1ea7n s\u1eed d\u1ee5ng.<\/p>\n<p>&#8211; C\u00f3 th\u1ec3 b\u1ea3o qu\u1ea3n chai trong t\u1ee7 l\u1ea1nh \u0111\u1ec3 khi x\u1ecbt, dung d\u1ecbch kho\u00e1ng b\u00ean trong cho c\u1ea3m gi\u00e1c m\u00e1t l\u1ea1nh h\u01a1n.<\/p>\n<p><img class=\"lazy\" src=\"https:\/\/adminbeauty.hvnet.vn\/Upload\/images\/evoluderm-mist-0.jpg\" alt=\"\" data-src=\"https:\/\/adminbeauty.hvnet.vn\/Upload\/images\/evoluderm-mist-0.jpg\" \/><\/p><p><em>X\u1ecbt kho\u00e1ng\u00a0Evoluderm c\u00f3 nh\u1eefng th\u00e0nh ph\u1ea7n kho\u00e1ng ch\u1ea5t c\u00f3 l\u1ee3i cho da<\/em><\/p>\n<\/div>\n<\/div>\n","protected":false},"excerpt":{"rendered":"<ul>\n<li>V\u1eadn chuy\u1ec3n tr\u00ean to\u00e0n qu\u1ed1c<\/li>\n<li>Cam k\u1ebft s\u1ea3n ph\u1ea9m \u0111\u00fang ch\u1ea5t l\u01b0\u1ee3ng mi\u00eau t\u1ea3 tr\u00ean website<\/li>\n<li>B\u1ea3o h\u00e0nh ch\u00ednh h\u00e3ng<\/li>\n<li>Ki\u1ec3m tra h\u00e0ng tr\u01b0\u1edbc khi thanh to\u00e1n<\/li>\n<li>Hotline: 035 609 3690<\/li>\n<\/ul>\n","protected":false},"featured_media":365,"template":"","meta":[],"product_cat":[26,30],"product_tag":[],"yoast_head":"<!-- This site is optimized with the Yoast SEO plugin v16.5 - https:\/\/yoast.com\/wordpress\/plugins\/seo\/ -->\n<title>X\u1ecbt Kho\u00e1ng Evoluderm Atomiseur Eau Pure Spray - Skin Bee<\/title>\n<meta name=\"robots\" content=\"noindex, follow, max-snippet:-1, max-image-preview:large, max-video-preview:-1\" \/>\n<meta property=\"og:locale\" content=\"vi_VN\" \/>\n<meta property=\"og:type\" content=\"article\" \/>\n<meta property=\"og:title\" content=\"X\u1ecbt Kho\u00e1ng Evoluderm Atomiseur Eau Pure Spray - Skin Bee\" \/>\n<meta property=\"og:description\" content=\"V\u1eadn chuy\u1ec3n tr\u00ean to\u00e0n qu\u1ed1c  Cam k\u1ebft s\u1ea3n ph\u1ea9m \u0111\u00fang ch\u1ea5t l\u01b0\u1ee3ng mi\u00eau t\u1ea3 tr\u00ean website  B\u1ea3o h\u00e0nh ch\u00ednh h\u00e3ng  Ki\u1ec3m tra h\u00e0ng tr\u01b0\u1edbc khi thanh to\u00e1n  Hotline: 035 609 3690\" \/>\n<meta property=\"og:url\" content=\"https:\/\/mau.hoabinhweb.com\/mypham2\/san-pham\/xit-khoang-evoluderm-atomiseur-eau-pure-spray\/\" \/>\n<meta property=\"og:site_name\" content=\"Skin Bee\" \/>\n<meta property=\"article:modified_time\" content=\"2021-03-09T03:00:07+00:00\" \/>\n<meta property=\"og:image\" content=\"http:\/\/mau.hoabinhweb.com\/mypham2\/wp-content\/uploads\/2020\/08\/sanpham-mypham8.jpg\" \/>\n\t<meta property=\"og:image:width\" content=\"600\" \/>\n\t<meta property=\"og:image:height\" content=\"600\" \/>\n<meta name=\"twitter:card\" content=\"summary_large_image\" \/>\n<meta name=\"twitter:label1\" content=\"\u01af\u1edbc t\u00ednh th\u1eddi gian \u0111\u1ecdc\" \/>\n\t<meta name=\"twitter:data1\" content=\"2 ph\u00fat\" \/>\n<script type=\"application\/ld+json\" class=\"yoast-schema-graph\">{\"@context\":\"https:\/\/schema.org\",\"@graph\":[{\"@type\":\"WebSite\",\"@id\":\"https:\/\/mau.hoabinhweb.com\/mypham2\/#website\",\"url\":\"https:\/\/mau.hoabinhweb.com\/mypham2\/\",\"name\":\"Skin Bee\",\"description\":\"\",\"potentialAction\":[{\"@type\":\"SearchAction\",\"target\":\"https:\/\/mau.hoabinhweb.com\/mypham2\/?s={search_term_string}\",\"query-input\":\"required name=search_term_string\"}],\"inLanguage\":\"vi\"},{\"@type\":\"ImageObject\",\"@id\":\"https:\/\/mau.hoabinhweb.com\/mypham2\/san-pham\/xit-khoang-evoluderm-atomiseur-eau-pure-spray\/#primaryimage\",\"inLanguage\":\"vi\",\"url\":\"https:\/\/mau.hoabinhweb.com\/mypham2\/wp-content\/uploads\/2020\/08\/sanpham-mypham8.jpg\",\"contentUrl\":\"https:\/\/mau.hoabinhweb.com\/mypham2\/wp-content\/uploads\/2020\/08\/sanpham-mypham8.jpg\",\"width\":600,\"height\":600,\"caption\":\"Sanpham Mypham8\"},{\"@type\":\"WebPage\",\"@id\":\"https:\/\/mau.hoabinhweb.com\/mypham2\/san-pham\/xit-khoang-evoluderm-atomiseur-eau-pure-spray\/#webpage\",\"url\":\"https:\/\/mau.hoabinhweb.com\/mypham2\/san-pham\/xit-khoang-evoluderm-atomiseur-eau-pure-spray\/\",\"name\":\"X\\u1ecbt Kho\\u00e1ng Evoluderm Atomiseur Eau Pure Spray - Skin Bee\",\"isPartOf\":{\"@id\":\"https:\/\/mau.hoabinhweb.com\/mypham2\/#website\"},\"primaryImageOfPage\":{\"@id\":\"https:\/\/mau.hoabinhweb.com\/mypham2\/san-pham\/xit-khoang-evoluderm-atomiseur-eau-pure-spray\/#primaryimage\"},\"datePublished\":\"2020-08-21T00:36:19+00:00\",\"dateModified\":\"2021-03-09T03:00:07+00:00\",\"breadcrumb\":{\"@id\":\"https:\/\/mau.hoabinhweb.com\/mypham2\/san-pham\/xit-khoang-evoluderm-atomiseur-eau-pure-spray\/#breadcrumb\"},\"inLanguage\":\"vi\",\"potentialAction\":[{\"@type\":\"ReadAction\",\"target\":[\"https:\/\/mau.hoabinhweb.com\/mypham2\/san-pham\/xit-khoang-evoluderm-atomiseur-eau-pure-spray\/\"]}]},{\"@type\":\"BreadcrumbList\",\"@id\":\"https:\/\/mau.hoabinhweb.com\/mypham2\/san-pham\/xit-khoang-evoluderm-atomiseur-eau-pure-spray\/#breadcrumb\",\"itemListElement\":[{\"@type\":\"ListItem\",\"position\":1,\"name\":\"Trang ch\\u1ee7\",\"item\":\"https:\/\/mau.hoabinhweb.com\/mypham2\/\"},{\"@type\":\"ListItem\",\"position\":2,\"name\":\"S\\u1ea3n ph\\u1ea9m\",\"item\":\"https:\/\/mau.hoabinhweb.com\/mypham2\/san-pham\/\"},{\"@type\":\"ListItem\",\"position\":3,\"name\":\"X\\u1ecbt Kho\\u00e1ng Evoluderm Atomiseur Eau Pure Spray\"}]}]}<\/script>\n<!-- \/ Yoast SEO plugin. -->","_links":{"self":[{"href":"https:\/\/mau.hoabinhweb.com\/mypham2\/wp-json\/wp\/v2\/product\/106"}],"collection":[{"href":"https:\/\/mau.hoabinhweb.com\/mypham2\/wp-json\/wp\/v2\/product"}],"about":[{"href":"https:\/\/mau.hoabinhweb.com\/mypham2\/wp-json\/wp\/v2\/types\/product"}],"wp:featuredmedia":[{"embeddable":true,"href":"https:\/\/mau.hoabinhweb.com\/mypham2\/wp-json\/wp\/v2\/media\/365"}],"wp:attachment":[{"href":"https:\/\/mau.hoabinhweb.com\/mypham2\/wp-json\/wp\/v2\/media?parent=106"}],"wp:term":[{"taxonomy":"product_cat","embeddable":true,"href":"https:\/\/mau.hoabinhweb.com\/mypham2\/wp-json\/wp\/v2\/product_cat?post=106"},{"taxonomy":"product_tag","embeddable":true,"href":"https:\/\/mau.hoabinhweb.com\/mypham2\/wp-json\/wp\/v2\/product_tag?post=106"}],"curies":[{"name":"wp","href":"https:\/\/api.w.org\/{rel}","templated":true}]}}