{"id":111,"date":"2020-08-21T07:40:01","date_gmt":"2020-08-21T00:40:01","guid":{"rendered":"http:\/\/mau.hoabinhweb.com\/cuanhom1\/?post_type=product&#038;p=111"},"modified":"2021-03-17T07:51:56","modified_gmt":"2021-03-17T00:51:56","slug":"cong-nhom-duc-cks-003","status":"publish","type":"product","link":"https:\/\/mau.hoabinhweb.com\/cuanhom1\/san-pham\/cong-nhom-duc-cks-003\/","title":{"rendered":"C\u1ed5ng Nh\u00f4m \u0110\u00fac CKS 003"},"content":{"rendered":"<p>C\u1ed5ng nh\u00f4m \u0111\u00fac CKS 003\u00a0 \u00a0l\u00e0 m\u1ed9t trong r\u1ea5t nhi\u1ec1u m\u1eabu c\u1ed5ng \u0111\u1eb9p \u0111\u01b0\u1ee3c\u00a0kh\u00e1ch h\u00e0ng\u00a0l\u1ef1a ch\u1ecdn trong n\u0103m nay.<\/p>\n<p><img loading=\"lazy\" class=\"alignnone size-full wp-image-1309 aligncenter\" src=\"http:\/\/nhomduckurasu.com\/wp-content\/uploads\/2018\/03\/cong-nhom-duc-cks-003.jpg\" alt=\"Cong Nhom Duc Cks 003\" width=\"580\" height=\"387\" \/><\/p>\n<p><em>C\u1eeda nh\u00f4m \u0111\u00fac<\/em>\u00a0c\u00f4ng ngh\u1ec7 Nh\u1eadt B\u1ea3n \u2013\u00a0<strong>nh\u00f4m \u0111\u00fac Kurasu<\/strong>, C\u00e1c d\u00f2ng s\u1ea3n ph\u1ea9m c\u1ed5ng<wbr><\/wbr>, c\u1eeda h\u1ee3p kim nh\u00f4m \u0111\u00fac, lan can nh\u00f4m \u0111\u00fac, c\u1ea7u thang, h\u00e0ng r\u00e0o, th\u00f4ng gi\u00f3 nh\u00f4m \u0111\u00fac ch\u1ea5t l\u01b0\u1ee3ng cao.<\/p>\n<h2>C\u1ed5ng nh\u00f4m \u0111\u00fac CKS 003<\/h2>\n<p>M\u1eabu\u00a0<strong>C\u1ed5ng Nh\u00f4m \u0110\u00fac CKS 003<\/strong>\u00a0\u0111\u01b0\u1ee3c thi\u1ebft k\u1ebf s\u1eafc s\u1ea3o v\u1edbi nh\u1eefng \u0111\u01b0\u1eddng n\u00e9t v\u00e0 hoa v\u0103n \u0111\u1ed9c \u0111\u00e1o, c\u1ed5ng \u0111\u01b0\u1ee3c \u0111\u00fac nguy\u00ean kh\u1ed1i t\u1eeb h\u1ee3p kim nh\u00f4m mang \u0111\u1ebfn s\u1ef1 ch\u1eafc ch\u1eafn, th\u1ec3 hi\u1ec7n s\u1ef1 m\u1ea1nh m\u1ebd nh\u01b0ng kh\u00f4ng k\u00e9m ph\u1ea9n th\u1ea9m m\u1ef9.<\/p>\n<p>Khi v\u00e0o m\u1ed9t ng\u00f4i nh\u00e0 \u0111i\u1ec1u \u0111\u1ea7u ti\u00ean b\u1ea1n s\u1ebd th\u1ea5y ch\u00ednh l\u00e0 b\u1ed9 c\u1ed5ng, b\u1ed9 c\u1ed5ng th\u1ec3 hi\u1ec7n s\u1ef1 s\u1ef1 sang tr\u1ecdng cho ng\u00f4i nh\u00e0 c\u1ee7a b\u1ea1n. M\u1ed7i m\u1ed9t b\u1ed9 c\u1ed5ng c\u00f3 m\u1ed9t thi\u1ebft k\u1ebf ri\u00eang, \u0111\u1ed9c l\u1ea1, sang tr\u1ecdng, n\u00f3 th\u1ec3 hi\u1ec7n m\u1ed9t ph\u1ea7n t\u00ednh c\u00e1ch c\u0169ng nh\u01b0 con m\u1eaft th\u1ea9m m\u1ef9 c\u1ee7a gia ch\u1ee7.<\/p>\n<h3><em>\u01afu \u0111i\u1ec3m c\u1ee7a c\u1eeda nh\u00f4m \u0111\u00fac hay c\u1eeda c\u1ed5ng h\u1ee3p kim nh\u00f4m.<\/em><\/h3>\n<div>\u2013 C\u1eeda nh\u00f4m \u0111\u00fac \u0111\u01b0\u1ee3c \u0111\u00fac b\u1eb1ng h\u1ee3p kim nh\u00f4m ch\u1eafc ch\u1eafn, kh\u00f4ng r\u1ec9 s\u00e9t, ki\u1ec3u d\u00e1ng phong ph\u00fa.<br \/>\n\u2013 C\u1ed5ng nh\u00f4m \u0111\u00fac t\u1ea1o \u0111i\u1ec3m nh\u1ea5n l\u1edbn cho ng\u00f4i nh\u00e0, th\u1ec3 hi\u1ec7n th\u1ea7n th\u00e1i c\u1ee7a gia ch\u1ee7.<br \/>\n\u2013 C\u1eeda nh\u00f4m \u0111\u00fac kh\u00f4ng \u0111\u1ed9c h\u1ea1i<br \/>\n\u2013 C\u1eeda nh\u00f4m \u0111\u00fac Kurasu\u00a0 s\u01a1n \u0110\u1ee9c \u00a0cao c\u1ea5p nh\u1ea5t, b\u1ea3o h\u00e0nh 5 n\u0103m<br \/>\n\u2013 C\u1eeda nh\u00f4m \u0111\u00fac th\u00e1ch th\u1ee9c kh\u00ed h\u1eadu nhi\u1ec7u \u0111\u1edbi<br \/>\n\u2013 C\u1eeda nh\u00f4m \u0111\u00fac\u00a0nh\u1eb9 nh\u00e0ng, k\u1ebft c\u1ea5u b\u1ec1n v\u1eefng<br \/>\n\u2013 M\u1ed7i chi\u1ebfc C\u1ed5ng nh\u00f4m \u0111\u00fac \u0111\u01b0\u1ee3c thi\u1ebft k\u1ebf theo m\u1eabu kh\u00e1c nhau, kh\u00f4ng \u201c\u0111\u1ee5ng h\u00e0ng\u201d.<br \/>\n\u2013 C\u1eeda nh\u00f4m \u0111\u00fac, c\u1ed5ng nh\u00f4m \u0111\u00fac c\u00f3 th\u1ec3 \u00a0thi\u1ebft k\u1ebf c\u1ed5ng nh\u00e0 \u00a0theo theo k\u00edch th\u01b0\u1edbc c\u1ed5ng h\u1ee3p phong th\u1ee7y c\u1ee7a gia ch\u1ee7. c\u1ed5ng nh\u00f4m \u0111\u00fac \u0111\u00e1p \u1ee9ng \u0111\u01b0\u1ee3c c\u00e1c y\u00eau c\u1ea7u c\u1ee7a gia ch\u1ee7 c\u1ea7u k\u1ef3 \u00a0l\u1ef1a ch\u1ecdn m\u1eabu c\u1ed5ng cho ri\u00eang m\u00ecnh.<br \/>\nC\u1ed5ng nh\u00f4m \u0111\u00fac m\u1eabu m\u00e3, m\u00e0u s\u1eafc, k\u00edch th\u01b0\u1edbc theo y\u00eau c\u1ea7u c\u1ee7a qu\u00fd kh\u00e1ch.<br \/>\nCh\u00fang t\u00f4i chuy\u00ean s\u1ea3n xu\u1ea5t, l\u1eafp \u0111\u1eb7t, thi c\u00f4ng c\u00e1c lo\u1ea1i: C\u1ed5ng nh\u00f4m \u0111\u00fac, c\u1ed5ng bi\u1ec7t th\u1ef1, lan can c\u1ea7u thang, lan can ban c\u00f4ng, c\u1eeda nh\u00f4m \u0111\u00fac, c\u1ea7u thang nh\u00f4m \u0111\u00fac,c\u00e1c lo\u1ea1i n\u1ed9i th\u1ea5t li\u00ean quan \u0111\u1ebfn nh\u00f4m \u0111\u00fac.<\/div>\n<div>\n<p>V\u1edbi \u0111\u1ed9i ng\u0169 nh\u00e2n vi\u00ean t\u01b0 v\u1ea5n c\u00f9ng anh em thi c\u00f4ng c\u00f3 nhi\u1ec1u n\u0103m kinh nghi\u1ec7m trong ng\u00e0nh, nh\u00f4m \u0111\u00fac Kurasu h\u00e2n h\u1ea1nh mang \u0111\u1ebfn cho qu\u00fd kh\u00e1ch nh\u1eefng s\u1ea3n ph\u1ea9m\u00a0<strong>C\u1ed5ng nh\u00f4m \u0111\u00fac kurasu\u00a0<\/strong>ch\u1ea5t l\u01b0\u1ee3ng cao nh\u1ea5t, m\u1eabu m\u00e3 \u0111\u1eb9p nh\u1ea5t v\u1edbi gi\u00e1 th\u00e0nh ph\u1ea3i ch\u0103ng.<\/p>\n<p>Khi \u0111\u1ebfn v\u1edbi Nh\u00f4m \u0110\u00fac Ho\u00e0 B\u00ecnh\u00a0 qu\u00fd kh\u00e1ch s\u1ebd \u0111\u01b0\u1ee3c t\u01b0 v\u1ea5n mi\u1ec5n ph\u00ed, ch\u1ecdn nh\u1eefng m\u1eabu c\u1ed5ng nh\u00f4m \u0111\u00fac ph\u00f9 h\u1ee3p v\u1edbi kh\u00f4ng gian v\u00e0 ng\u00f4i nh\u00e0 c\u1ee7a b\u1ea1n. \u0110\u1ec3 \u0111\u01b0\u1ee3c t\u01b0 v\u1ea5n mi\u1ec5n ph\u00ed t\u1eadn n\u01a1i ch\u1ec9 c\u1ea7n g\u1ecdi ngay: 0977252377<\/p>\n<\/div>","protected":false},"excerpt":{"rendered":"<ul>\n<li>V\u1eadn chuy\u1ec3n tr\u00ean to\u00e0n qu\u1ed1c<\/li>\n<li>Cam k\u1ebft s\u1ea3n ph\u1ea9m \u0111\u00fang ch\u1ea5t l\u01b0\u1ee3ng mi\u00eau t\u1ea3 tr\u00ean website<\/li>\n<li>B\u1ea3o h\u00e0nh ch\u00ednh h\u00e3ng<\/li>\n<li>Ki\u1ec3m tra h\u00e0ng tr\u01b0\u1edbc khi thanh to\u00e1n<\/li>\n<li>Hotline: 035 609 3690<\/li>\n<\/ul>\n","protected":false},"featured_media":363,"template":"","meta":[],"yoast_head":"<!-- This site is optimized with the Yoast SEO plugin v14.7 - https:\/\/yoast.com\/wordpress\/plugins\/seo\/ -->\n<title>C\u1ed5ng Nh\u00f4m \u0110\u00fac CKS 003 - Nh\u00f4m \u0110\u00fac Ho\u00e0 B\u00ecnh<\/title>\n<meta name=\"robots\" content=\"noindex, follow\" \/>\n<meta property=\"og:locale\" content=\"vi_VN\" \/>\n<meta property=\"og:type\" content=\"article\" \/>\n<meta property=\"og:title\" content=\"C\u1ed5ng Nh\u00f4m \u0110\u00fac CKS 003 - Nh\u00f4m \u0110\u00fac Ho\u00e0 B\u00ecnh\" \/>\n<meta property=\"og:description\" content=\"V\u1eadn chuy\u1ec3n tr\u00ean to\u00e0n qu\u1ed1c  Cam k\u1ebft s\u1ea3n ph\u1ea9m \u0111\u00fang ch\u1ea5t l\u01b0\u1ee3ng mi\u00eau t\u1ea3 tr\u00ean website  B\u1ea3o h\u00e0nh ch\u00ednh h\u00e3ng  Ki\u1ec3m tra h\u00e0ng tr\u01b0\u1edbc khi thanh to\u00e1n  Hotline: 035 609 3690\" \/>\n<meta property=\"og:url\" content=\"http:\/\/mau.hoabinhweb.com\/cuanhom1\/san-pham\/cong-nhom-duc-cks-003\/\" \/>\n<meta property=\"og:site_name\" content=\"Nh\u00f4m \u0110\u00fac Ho\u00e0 B\u00ecnh\" \/>\n<meta property=\"article:modified_time\" content=\"2021-03-17T00:51:56+00:00\" \/>\n<meta property=\"og:image\" content=\"https:\/\/mau.hoabinhweb.com\/cuanhom1\/wp-content\/uploads\/2020\/08\/sanpham-nhomduc3.jpg\" \/>\n\t<meta property=\"og:image:width\" content=\"580\" \/>\n\t<meta property=\"og:image:height\" content=\"387\" \/>\n<meta name=\"twitter:card\" content=\"summary_large_image\" \/>\n<script type=\"application\/ld+json\" class=\"yoast-schema-graph\">{\"@context\":\"https:\/\/schema.org\",\"@graph\":[{\"@type\":\"WebSite\",\"@id\":\"https:\/\/mau.hoabinhweb.com\/cuanhom1\/#website\",\"url\":\"https:\/\/mau.hoabinhweb.com\/cuanhom1\/\",\"name\":\"Nh\\u00f4m \\u0110\\u00fac Ho\\u00e0 B\\u00ecnh\",\"description\":\"\",\"potentialAction\":[{\"@type\":\"SearchAction\",\"target\":\"https:\/\/mau.hoabinhweb.com\/cuanhom1\/?s={search_term_string}\",\"query-input\":\"required name=search_term_string\"}],\"inLanguage\":\"vi\"},{\"@type\":\"ImageObject\",\"@id\":\"http:\/\/mau.hoabinhweb.com\/cuanhom1\/san-pham\/cong-nhom-duc-cks-003\/#primaryimage\",\"inLanguage\":\"vi\",\"url\":\"https:\/\/mau.hoabinhweb.com\/cuanhom1\/wp-content\/uploads\/2020\/08\/sanpham-nhomduc3.jpg\",\"width\":580,\"height\":387,\"caption\":\"Sanpham Nhomduc3\"},{\"@type\":\"WebPage\",\"@id\":\"http:\/\/mau.hoabinhweb.com\/cuanhom1\/san-pham\/cong-nhom-duc-cks-003\/#webpage\",\"url\":\"http:\/\/mau.hoabinhweb.com\/cuanhom1\/san-pham\/cong-nhom-duc-cks-003\/\",\"name\":\"C\\u1ed5ng Nh\\u00f4m \\u0110\\u00fac CKS 003 - Nh\\u00f4m \\u0110\\u00fac Ho\\u00e0 B\\u00ecnh\",\"isPartOf\":{\"@id\":\"https:\/\/mau.hoabinhweb.com\/cuanhom1\/#website\"},\"primaryImageOfPage\":{\"@id\":\"http:\/\/mau.hoabinhweb.com\/cuanhom1\/san-pham\/cong-nhom-duc-cks-003\/#primaryimage\"},\"datePublished\":\"2020-08-21T00:40:01+00:00\",\"dateModified\":\"2021-03-17T00:51:56+00:00\",\"breadcrumb\":{\"@id\":\"http:\/\/mau.hoabinhweb.com\/cuanhom1\/san-pham\/cong-nhom-duc-cks-003\/#breadcrumb\"},\"inLanguage\":\"vi\",\"potentialAction\":[{\"@type\":\"ReadAction\",\"target\":[\"http:\/\/mau.hoabinhweb.com\/cuanhom1\/san-pham\/cong-nhom-duc-cks-003\/\"]}]},{\"@type\":\"BreadcrumbList\",\"@id\":\"http:\/\/mau.hoabinhweb.com\/cuanhom1\/san-pham\/cong-nhom-duc-cks-003\/#breadcrumb\",\"itemListElement\":[{\"@type\":\"ListItem\",\"position\":1,\"item\":{\"@type\":\"WebPage\",\"@id\":\"http:\/\/mau.hoabinhweb.com\/cuanhom1\/\",\"url\":\"http:\/\/mau.hoabinhweb.com\/cuanhom1\/\",\"name\":\"Trang ch\\u1ee7\"}},{\"@type\":\"ListItem\",\"position\":2,\"item\":{\"@type\":\"WebPage\",\"@id\":\"http:\/\/mau.hoabinhweb.com\/cuanhom1\/san-pham\/\",\"url\":\"http:\/\/mau.hoabinhweb.com\/cuanhom1\/san-pham\/\",\"name\":\"S\\u1ea3n ph\\u1ea9m\"}},{\"@type\":\"ListItem\",\"position\":3,\"item\":{\"@type\":\"WebPage\",\"@id\":\"http:\/\/mau.hoabinhweb.com\/cuanhom1\/danh-muc\/cong-nhom-duc\/\",\"url\":\"http:\/\/mau.hoabinhweb.com\/cuanhom1\/danh-muc\/cong-nhom-duc\/\",\"name\":\"C\\u1ed5ng nh\\u00f4m \\u0111\\u00fac\"}},{\"@type\":\"ListItem\",\"position\":4,\"item\":{\"@type\":\"WebPage\",\"@id\":\"http:\/\/mau.hoabinhweb.com\/cuanhom1\/san-pham\/cong-nhom-duc-cks-003\/\",\"url\":\"http:\/\/mau.hoabinhweb.com\/cuanhom1\/san-pham\/cong-nhom-duc-cks-003\/\",\"name\":\"C\\u1ed5ng Nh\\u00f4m \\u0110\\u00fac CKS 003\"}}]}]}<\/script>\n<!-- \/ Yoast SEO plugin. -->","_links":{"self":[{"href":"https:\/\/mau.hoabinhweb.com\/cuanhom1\/wp-json\/wp\/v2\/product\/111"}],"collection":[{"href":"https:\/\/mau.hoabinhweb.com\/cuanhom1\/wp-json\/wp\/v2\/product"}],"about":[{"href":"https:\/\/mau.hoabinhweb.com\/cuanhom1\/wp-json\/wp\/v2\/types\/product"}],"wp:featuredmedia":[{"embeddable":true,"href":"https:\/\/mau.hoabinhweb.com\/cuanhom1\/wp-json\/wp\/v2\/media\/363"}],"wp:attachment":[{"href":"https:\/\/mau.hoabinhweb.com\/cuanhom1\/wp-json\/wp\/v2\/media?parent=111"}],"curies":[{"name":"wp","href":"https:\/\/api.w.org\/{rel}","templated":true}]}}