{"id":108,"date":"2020-08-21T07:36:21","date_gmt":"2020-08-21T00:36:21","guid":{"rendered":"http:\/\/mau.hoabinhweb.com\/cuanhom1\/?post_type=product&#038;p=108"},"modified":"2021-03-17T07:53:33","modified_gmt":"2021-03-17T00:53:33","slug":"cong-nhom-duc-cks-006","status":"publish","type":"product","link":"https:\/\/mau.hoabinhweb.com\/cuanhom1\/san-pham\/cong-nhom-duc-cks-006\/","title":{"rendered":"C\u1ed5ng nh\u00f4m \u0111\u00fac CKS 006"},"content":{"rendered":"<p>C\u1ed5ng nh\u00f4m \u0111\u00fac CKS 006\u00a0 l\u00e0 m\u1ed9t trong r\u1ea5t nhi\u1ec1u m\u1eabu c\u1ed5ng \u0111\u1eb9p \u0111\u01b0\u1ee3c\u00a0kh\u00e1ch h\u00e0ng\u00a0l\u1ef1a ch\u1ecdn trong n\u0103m nay<\/p>\n<p><img loading=\"lazy\" class=\"alignnone size-full wp-image-1330 aligncenter\" src=\"http:\/\/nhomduckurasu.com\/wp-content\/uploads\/2019\/12\/cong-nhom-duc-cks-006.jpg\" alt=\"Cong Nhom Duc Cks 006\" width=\"550\" height=\"362\" \/><\/p>\n<p><strong>C\u1ed5ng Nh\u00f4m \u0110\u00fac\u00a0\u00a0<\/strong>\u00a0\u0111\u01b0\u1ee3c \u0111\u00fac nguy\u00ean kh\u1ed1i t\u1eeb h\u1ee3p nh\u00f4m, c\u1ed5ng mang \u0111\u1ebfn s\u1ef1 ch\u1eafc ch\u1eafn v\u00e0 sang tr\u1ecdng cho ng\u00f4i nh\u00e0. V\u1edbi nh\u1eefng \u0111\u01b0\u1eddng n\u00e9t hoa v\u0103n \u0111\u1ed9c \u0111\u00e1o m\u1eabu C\u1ed5ng\u00a0Nh\u00f4m \u0110\u00fac M001 c\u0169ng mang \u0111\u1ebfn s\u1ef1 tinh t\u1ebf v\u00e0 \u0111\u1ed9c \u0111\u00e1o.<\/p>\n<p>C\u1ed5ng nh\u00f4m \u0111\u00fac \u0111\u01b0\u1ee3c s\u01a1n b\u1eb1ng c\u00f4ng ngh\u1ec7 s\u01a1n b\u1ed9t kh\u00f4 cao c\u1ea5p c\u00f3 kh\u1ea3 n\u0103ng ch\u1ecbu nhi\u1ec7t, kh\u00f4ng b\u1ecb oxi h\u00f3a hay r\u1ec9 s\u00e9t theo th\u1eddi gian. S\u1ea3n ph\u1ea9m \u0111\u01b0\u1ee3c s\u1ea3n xu\u1ea5t theo c\u00f4ng ngh\u1ec7 Nh\u1eadt B\u1ea3n n\u00ean c\u00f3 \u0111\u1ed9 b\u1ec1n r\u1ea5t cao.<\/p>\n<h2>C\u1ed5ng Nh\u00f4m \u0110\u00fac CKS 006 lu\u00f4n \u00a0\u0111em l\u1ea1i s\u1ef1 h\u00e0i l\u00f2ng cho qu\u00fd kh\u00e1ch.<\/h2>\n<p>V\u1edbi \u0111\u1ed9i ng\u0169 nh\u00e2n vi\u00ean t\u01b0 v\u1ea5n c\u00f9ng anh em thi c\u00f4ng c\u00f3 nhi\u1ec1u n\u0103m kinh nghi\u1ec7m trong ng\u00e0nh, nh\u00f4m \u0111\u00fac Kurasu h\u00e2n h\u1ea1nh mang \u0111\u1ebfn cho qu\u00fd kh\u00e1ch nh\u1eefng s\u1ea3n ph\u1ea9m\u00a0<strong>C\u1ed5ng nh\u00f4m \u0111\u00fac kurasu\u00a0<\/strong>ch\u1ea5t l\u01b0\u1ee3ng cao nh\u1ea5t, m\u1eabu m\u00e3 \u0111\u1eb9p nh\u1ea5t v\u1edbi gi\u00e1 th\u00e0nh ph\u1ea3i ch\u0103ng.<\/p>\n<p>Khi \u0111\u1ebfn v\u1edbi Nh\u00f4m \u0110\u00fac Ho\u00e0 B\u00ecnh\u00a0 qu\u00fd kh\u00e1ch s\u1ebd \u0111\u01b0\u1ee3c t\u01b0 v\u1ea5n mi\u1ec5n ph\u00ed, ch\u1ecdn nh\u1eefng m\u1eabu c\u1ed5ng nh\u00f4m \u0111\u00fac ph\u00f9 h\u1ee3p v\u1edbi kh\u00f4ng gian v\u00e0 ng\u00f4i nh\u00e0 c\u1ee7a b\u1ea1n. \u0110\u1ec3 \u0111\u01b0\u1ee3c t\u01b0 v\u1ea5n mi\u1ec5n ph\u00ed t\u1eadn n\u01a1i ch\u1ec9 c\u1ea7n g\u1ecdi ngay: 0977252377<\/p>\n","protected":false},"excerpt":{"rendered":"<ul>\n<li>V\u1eadn chuy\u1ec3n tr\u00ean to\u00e0n qu\u1ed1c<\/li>\n<li>Cam k\u1ebft s\u1ea3n ph\u1ea9m \u0111\u00fang ch\u1ea5t l\u01b0\u1ee3ng mi\u00eau t\u1ea3 tr\u00ean website<\/li>\n<li>B\u1ea3o h\u00e0nh ch\u00ednh h\u00e3ng<\/li>\n<li>Ki\u1ec3m tra h\u00e0ng tr\u01b0\u1edbc khi thanh to\u00e1n<\/li>\n<li>Hotline: 035 609 3690<\/li>\n<\/ul>\n","protected":false},"featured_media":366,"template":"","meta":[],"yoast_head":"<!-- This site is optimized with the Yoast SEO plugin v14.7 - https:\/\/yoast.com\/wordpress\/plugins\/seo\/ -->\n<title>C\u1ed5ng nh\u00f4m \u0111\u00fac CKS 006 - Nh\u00f4m \u0110\u00fac Ho\u00e0 B\u00ecnh<\/title>\n<meta name=\"robots\" content=\"noindex, follow\" \/>\n<meta property=\"og:locale\" content=\"vi_VN\" \/>\n<meta property=\"og:type\" content=\"article\" \/>\n<meta property=\"og:title\" content=\"C\u1ed5ng nh\u00f4m \u0111\u00fac CKS 006 - Nh\u00f4m \u0110\u00fac Ho\u00e0 B\u00ecnh\" \/>\n<meta property=\"og:description\" content=\"V\u1eadn chuy\u1ec3n tr\u00ean to\u00e0n qu\u1ed1c  Cam k\u1ebft s\u1ea3n ph\u1ea9m \u0111\u00fang ch\u1ea5t l\u01b0\u1ee3ng mi\u00eau t\u1ea3 tr\u00ean website  B\u1ea3o h\u00e0nh ch\u00ednh h\u00e3ng  Ki\u1ec3m tra h\u00e0ng tr\u01b0\u1edbc khi thanh to\u00e1n  Hotline: 035 609 3690\" \/>\n<meta property=\"og:url\" content=\"http:\/\/mau.hoabinhweb.com\/cuanhom1\/san-pham\/cong-nhom-duc-cks-006\/\" \/>\n<meta property=\"og:site_name\" content=\"Nh\u00f4m \u0110\u00fac Ho\u00e0 B\u00ecnh\" \/>\n<meta property=\"article:modified_time\" content=\"2021-03-17T00:53:33+00:00\" \/>\n<meta property=\"og:image\" content=\"https:\/\/mau.hoabinhweb.com\/cuanhom1\/wp-content\/uploads\/2020\/08\/sanpham-nhomduc6.jpg\" \/>\n\t<meta property=\"og:image:width\" content=\"550\" \/>\n\t<meta property=\"og:image:height\" content=\"362\" \/>\n<meta name=\"twitter:card\" content=\"summary_large_image\" \/>\n<script type=\"application\/ld+json\" class=\"yoast-schema-graph\">{\"@context\":\"https:\/\/schema.org\",\"@graph\":[{\"@type\":\"WebSite\",\"@id\":\"https:\/\/mau.hoabinhweb.com\/cuanhom1\/#website\",\"url\":\"https:\/\/mau.hoabinhweb.com\/cuanhom1\/\",\"name\":\"Nh\\u00f4m \\u0110\\u00fac Ho\\u00e0 B\\u00ecnh\",\"description\":\"\",\"potentialAction\":[{\"@type\":\"SearchAction\",\"target\":\"https:\/\/mau.hoabinhweb.com\/cuanhom1\/?s={search_term_string}\",\"query-input\":\"required name=search_term_string\"}],\"inLanguage\":\"vi\"},{\"@type\":\"ImageObject\",\"@id\":\"http:\/\/mau.hoabinhweb.com\/cuanhom1\/san-pham\/cong-nhom-duc-cks-006\/#primaryimage\",\"inLanguage\":\"vi\",\"url\":\"https:\/\/mau.hoabinhweb.com\/cuanhom1\/wp-content\/uploads\/2020\/08\/sanpham-nhomduc6.jpg\",\"width\":550,\"height\":362,\"caption\":\"Sanpham Nhomduc6\"},{\"@type\":\"WebPage\",\"@id\":\"http:\/\/mau.hoabinhweb.com\/cuanhom1\/san-pham\/cong-nhom-duc-cks-006\/#webpage\",\"url\":\"http:\/\/mau.hoabinhweb.com\/cuanhom1\/san-pham\/cong-nhom-duc-cks-006\/\",\"name\":\"C\\u1ed5ng nh\\u00f4m \\u0111\\u00fac CKS 006 - Nh\\u00f4m \\u0110\\u00fac Ho\\u00e0 B\\u00ecnh\",\"isPartOf\":{\"@id\":\"https:\/\/mau.hoabinhweb.com\/cuanhom1\/#website\"},\"primaryImageOfPage\":{\"@id\":\"http:\/\/mau.hoabinhweb.com\/cuanhom1\/san-pham\/cong-nhom-duc-cks-006\/#primaryimage\"},\"datePublished\":\"2020-08-21T00:36:21+00:00\",\"dateModified\":\"2021-03-17T00:53:33+00:00\",\"breadcrumb\":{\"@id\":\"http:\/\/mau.hoabinhweb.com\/cuanhom1\/san-pham\/cong-nhom-duc-cks-006\/#breadcrumb\"},\"inLanguage\":\"vi\",\"potentialAction\":[{\"@type\":\"ReadAction\",\"target\":[\"http:\/\/mau.hoabinhweb.com\/cuanhom1\/san-pham\/cong-nhom-duc-cks-006\/\"]}]},{\"@type\":\"BreadcrumbList\",\"@id\":\"http:\/\/mau.hoabinhweb.com\/cuanhom1\/san-pham\/cong-nhom-duc-cks-006\/#breadcrumb\",\"itemListElement\":[{\"@type\":\"ListItem\",\"position\":1,\"item\":{\"@type\":\"WebPage\",\"@id\":\"http:\/\/mau.hoabinhweb.com\/cuanhom1\/\",\"url\":\"http:\/\/mau.hoabinhweb.com\/cuanhom1\/\",\"name\":\"Trang ch\\u1ee7\"}},{\"@type\":\"ListItem\",\"position\":2,\"item\":{\"@type\":\"WebPage\",\"@id\":\"http:\/\/mau.hoabinhweb.com\/cuanhom1\/san-pham\/\",\"url\":\"http:\/\/mau.hoabinhweb.com\/cuanhom1\/san-pham\/\",\"name\":\"S\\u1ea3n ph\\u1ea9m\"}},{\"@type\":\"ListItem\",\"position\":3,\"item\":{\"@type\":\"WebPage\",\"@id\":\"http:\/\/mau.hoabinhweb.com\/cuanhom1\/danh-muc\/cong-nhom-duc\/\",\"url\":\"http:\/\/mau.hoabinhweb.com\/cuanhom1\/danh-muc\/cong-nhom-duc\/\",\"name\":\"C\\u1ed5ng nh\\u00f4m \\u0111\\u00fac\"}},{\"@type\":\"ListItem\",\"position\":4,\"item\":{\"@type\":\"WebPage\",\"@id\":\"http:\/\/mau.hoabinhweb.com\/cuanhom1\/san-pham\/cong-nhom-duc-cks-006\/\",\"url\":\"http:\/\/mau.hoabinhweb.com\/cuanhom1\/san-pham\/cong-nhom-duc-cks-006\/\",\"name\":\"C\\u1ed5ng nh\\u00f4m \\u0111\\u00fac CKS 006\"}}]}]}<\/script>\n<!-- \/ Yoast SEO plugin. -->","_links":{"self":[{"href":"https:\/\/mau.hoabinhweb.com\/cuanhom1\/wp-json\/wp\/v2\/product\/108"}],"collection":[{"href":"https:\/\/mau.hoabinhweb.com\/cuanhom1\/wp-json\/wp\/v2\/product"}],"about":[{"href":"https:\/\/mau.hoabinhweb.com\/cuanhom1\/wp-json\/wp\/v2\/types\/product"}],"wp:featuredmedia":[{"embeddable":true,"href":"https:\/\/mau.hoabinhweb.com\/cuanhom1\/wp-json\/wp\/v2\/media\/366"}],"wp:attachment":[{"href":"https:\/\/mau.hoabinhweb.com\/cuanhom1\/wp-json\/wp\/v2\/media?parent=108"}],"curies":[{"name":"wp","href":"https:\/\/api.w.org\/{rel}","templated":true}]}}