{"id":2,"date":"2020-08-16T08:58:29","date_gmt":"2020-08-16T01:58:29","guid":{"rendered":"http:\/\/mau.hoabinhweb.com\/cuanhom1\/?page_id=2"},"modified":"2021-03-17T07:07:05","modified_gmt":"2021-03-17T00:07:05","slug":"gioi-thieu","status":"publish","type":"page","link":"https:\/\/mau.hoabinhweb.com\/cuanhom1\/gioi-thieu\/","title":{"rendered":"Gi\u1edbi thi\u1ec7u"},"content":{"rendered":"<p>L\u1eddi \u0111\u1ea7u ti\u00ean C\u00f4ng Ty CP\u00a0<strong>nh\u00f4m \u0111\u00fac Kurasu<\/strong>\u00a0UDT\u00a0 xin g\u1eedi t\u1edbi Qu\u00fd kh\u00e1ch h\u00e0ng\u00a0l\u1eddi ch\u00fac s\u1ee9c kh\u1ecfe v\u00e0 th\u00e0nh \u0111\u1ea1t!!!.<\/p>\n<p>Ch\u00fang t\u00f4i xin ch\u00e2n th\u00e0nh c\u1ea3m \u01a1n Qu\u00fd\u00a0kh\u00e1ch h\u00e0ng\u00a0\u0111\u00e3 \u1ee7ng h\u1ed9 ch\u00fang t\u00f4i trong su\u1ed1t th\u1eddi gian qua. V\u1edbi ph\u01b0\u01a1ng ch\u00e2m \u201cUy t\u00edn t\u1ea1o n\u00ean th\u01b0\u01a1ng hi\u1ec7u\u201d, ch\u00fang t\u00f4i \u0111\u00e3 kh\u00f4ng ng\u1eebng ho\u00e0n thi\u1ec7n m\u00ecnh v\u00e0 \u0111\u1ed5i m\u1edbi \u0111\u1ec3 ph\u1ee5c v\u1ee5 Qu\u00fd kh\u00e1ch h\u00e0ng<\/p>\n<h2><strong>Nh\u00f4m \u0111\u00fac Kurasu<\/strong>\u00a0l\u00e0 m\u1ed9t\u00a0<strong>c\u00f4ng ty<\/strong>\u00a0l\u1edbn uy t\u00edn.<\/h2>\n<p>v\u1edbi th\u1eddi gian ho\u1ea1t \u0111\u1ed9ng l\u00e2u n\u0103m v\u00e0 d\u00e0y d\u1eb7n kinh nghi\u1ec7m ch\u00fang\u00a0 t\u00f4i chuy\u00ean thi\u1ebft k\u1ebf s\u1ea3n xu\u1ea5t v\u00e0 l\u1eafp \u0111\u1eb7t thi c\u00f4ng c\u00e1c s\u1ea3n ph\u1ea9m nh\u00f4m \u0111\u00fac:\u00a0<strong>c\u1ed5ng nh\u00f4m \u0111\u00fac<\/strong>,\u00a0<strong>ban c\u00f4ng nh\u00f4m \u0111\u00fac<\/strong>,\u00a0<strong>c\u1ea7u thang nh\u00f4m \u0111\u00fac<\/strong>,\u00a0<strong>b\u00f4ng gi\u00f3 nh\u00f4m \u0111\u00fac<\/strong>,\u00a0<strong>ch\u00f4ng gai nh\u00f4m \u0111\u00fac, b\u00e0n gh\u1ebf nh\u00f4m \u0111\u00fac<\/strong>\u00a0ch\u1ea5t l\u01b0\u1ee3ng cao, gi\u00e1 th\u00e0nh r\u1ebb. S\u1ef1\u00a0 h\u00e0i l\u00f2ng v\u00e0 tin t\u01b0\u1edfng c\u1ee7a qu\u00fd kh\u00e1ch h\u00e0ng \u0111\u00e3 t\u1ea1o n\u00ean Th\u01b0\u01a1ng hi\u1ec7u\u00a0<strong>Nh\u00f4m \u0111\u00fac Kurasu\u00a0<\/strong>c\u1ee7a ch\u00fang t\u00f4i v\u01b0\u01a1n l\u00ean v\u1ecb th\u1ebf h\u00e0ng \u0111\u1ea7u tr\u00ean th\u1ecb tr\u01b0\u1eddng ng\u00e0y nay.<\/p>\n<p><img loading=\"lazy\" class=\"alignnone size-full wp-image-1423\" src=\"http:\/\/nhomduckurasu.com\/wp-content\/uploads\/2020\/04\/cong-nhom-duc-kurasu2.jpg\" alt=\"Cong Nhom Duc Kurasu2\" width=\"960\" height=\"720\" \/><\/p>\n<p>Hi\u1ec7n nay c\u00f4ng ty \u0111ang s\u1edf h\u1eefu ngu\u1ed3n nh\u00e2n l\u1ef1c c\u00f3 nhi\u1ec1u n\u0103m kinh nghi\u1ec7m trong s\u1ea3n xu\u1ea5t h\u1ee3p kim nh\u00f4m \u0111\u00fac. C\u00e1c ngh\u1ec7 nh\u00e2n t\u1ea1o m\u1eabu tay ngh\u1ec1 cao \u0111\u01b0a ra nh\u1eefng s\u1ea3n ph\u1ea9m c\u00f3 h\u1ed3n trong t\u1eebng \u0111\u01b0\u1eddng n\u00e9t c\u00e2n \u0111\u1ed1i tr\u00ean t\u1eebng s\u1ea3n ph\u1ea9m. Nguy\u00ean ph\u1ee5 li\u1ec7u h\u1ee3p kim nh\u00f4m cao c\u1ea5p v\u1edbi 7 n\u01b0\u1edbc s\u01a1n b\u1ea3o v\u1ec7.<\/p>\n<p>V\u1edbi\u00a0<strong>c\u00f4ng ngh\u1ec7 \u0111\u00fac h\u00fat ch\u00e2n kh\u00f4ng<\/strong>\u00a0Ch\u00fang t\u00f4i lu\u00f4n cho ra \u0111\u1eddi nh\u1eefng s\u1ea3n ph\u1ea9m s\u1eafc n\u00e9t, \u0111\u1ed9 m\u1ecbn cao c\u00f3 \u01b0u \u0111i\u1ec3m v\u01b0\u1ee3t tr\u1ed9i so v\u1edbi c\u00e1c s\u1ea3n ph\u1ea9m c\u00f3 c\u00f9ng c\u00f4ng d\u1ee5ng nh\u01b0: M\u1eabu m\u00e3 \u0111\u1ed9c \u0111\u00e1o, h\u00e0i h\u00f2a, ch\u1eafc ch\u1eafn, s\u1eafc s\u1ea3o, b\u1ec1n m\u00e0u, Kh\u00f4ng g\u1ec9 s\u00e9t, Kh\u00f4ng \u0111\u1ed9c h\u1ea1i.<\/p>\n<p>C\u00e1c s\u1ea3n ph\u1ea9m c\u1ee7a c\u00f4ng ty ch\u00fang t\u00f4i \u0111\u01b0\u1ee3c \u0111\u00fac nguy\u00ean kh\u1ed1i b\u1eb1ng ch\u1ea5t li\u1ec7u h\u1ee3p kim nh\u00f4m \u0111\u00fac c\u00f3 th\u1ec3 ch\u1ecbu \u0111\u01b0\u1ee3c kh\u00ed h\u1eadu kh\u1eafc nghi\u1ec7t \u1edf \u0111\u1ea5t n\u01b0\u1edbc Vi\u1ec7t Nam ch\u00fang ta.<\/p>\n<p>\u0110\u1ec3 s\u1ea3n xu\u1ea5t ra nh\u1eefng b\u1ed9\u00a0<strong>c\u1ed5ng nh\u00f4m \u0111\u00fac \u0111\u1eb9p<\/strong>\u00a0c\u00f3 ch\u1ea5t l\u01b0\u1ee3ng v\u00e0 gi\u00e1 th\u00e0nh r\u1ebb, ch\u00fang t\u00f4i \u0111\u00e3 t\u1eebng b\u01b0\u1edbc x\u00e2y d\u1ef1ng h\u1ec7 th\u1ed1ng s\u1ea3n xu\u1ea5t theo m\u1ed9t chu tr\u00ecnh hi\u1ec7n \u0111\u1ea1i, gi\u1ea3m chi ph\u00ed nh\u1eefng c\u00f4ng \u0111o\u1ea1n kh\u00f4ng c\u1ea7n thi\u1ebft mang l\u1ea1i nhi\u1ec1u gi\u00e1 tr\u1ecb thi\u1ebft th\u1ef1c cho kh\u00e1ch h\u00e0ng.<\/p>\n<p><img loading=\"lazy\" class=\"alignnone size-full wp-image-1424\" src=\"http:\/\/nhomduckurasu.com\/wp-content\/uploads\/2020\/04\/cong-nhom-duc-kurasu.jpg\" alt=\"Cong Nhom Duc Kurasu\" width=\"960\" height=\"540\" \/><\/p>\n<p>\u0110\u1ec3 s\u1ea3n xu\u1ea5t ra nh\u1eefng b\u1ed9\u00a0<strong>c\u1ed5ng nh\u00f4m \u0111\u00fac \u0111\u1eb9p<\/strong>\u00a0c\u00f3 ch\u1ea5t l\u01b0\u1ee3ng v\u00e0 gi\u00e1 th\u00e0nh r\u1ebb, ch\u00fang t\u00f4i \u0111\u00e3 t\u1eebng b\u01b0\u1edbc x\u00e2y d\u1ef1ng h\u1ec7 th\u1ed1ng s\u1ea3n xu\u1ea5t theo m\u1ed9t chu tr\u00ecnh hi\u1ec7n \u0111\u1ea1i, gi\u1ea3m chi ph\u00ed nh\u1eefng c\u00f4ng \u0111o\u1ea1n kh\u00f4ng c\u1ea7n thi\u1ebft mang l\u1ea1i nhi\u1ec1u gi\u00e1 tr\u1ecb thi\u1ebft th\u1ef1c cho kh\u00e1ch h\u00e0ng.<\/p>\n<p>Ch\u00fang t\u00f4i lu\u00f4n c\u00f3 m\u1ed9t \u0111\u1ed9i ng\u0169 nh\u00e2n vi\u00ean chuy\u00ean thi\u1ebft k\u1ebf v\u00e0 nh\u1eefng ngh\u1ec7 nh\u00e2n l\u00e0nh ngh\u1ec1 \u0111\u00e3 t\u1ec9 m\u1ec9 l\u00e0m ra nh\u1eefng b\u1ed9 c\u1ed5ng\u00a0<strong>nh\u00f4m \u0111\u00fac<\/strong>\u00a0tinh x\u1ea3o ch\u1ea5t l\u01b0\u1ee3ng v\u00e0 th\u1ea9m m\u0129 ph\u00f9 h\u1ee3p v\u1edbi kh\u00e1ch s\u1ea1n, bi\u1ec7t th\u1ef1 cao c\u1ea5p, l\u00e2u \u0111\u00e0i c\u1ed5 \u0111i\u1ec3n v\u00e0 t\u00e2n c\u1ed5 \u0111i\u1ec3n sang tr\u1ecdng c\u00f3 \u0111\u1ed9 hoa v\u0103n chi ti\u1ebft ph\u1ee9c t\u1ea1p.<\/p>\n<p>Ngo\u00e0i ra, c\u00f2n c\u00f3 m\u1ed9t \u0111\u1ed9i ng\u0169 chuy\u00ean gi\u00e1m s\u00e1t nghi\u00eam ng\u1eb7t t\u1eebng kh\u00e2u s\u1ea3n xu\u1ea5t t\u1eeb \u0111\u1ea7u v\u00e0o t\u1edbi khi xu\u1ea5t x\u01b0\u1edfng. Tr\u01b0\u1edbc khi l\u1eafp \u0111\u1eb7t v\u00e0 b\u00e0n giao c\u00f4ng tr\u00ecnh, gi\u00e1m \u0111\u1ed1c s\u1ebd tr\u1ef1c ti\u1ebfp t\u1edbi ch\u1ec9 \u0111\u1ea1o c\u00e1c nh\u00e2n vi\u00ean t\u1eebng b\u01b0\u1edbc thi c\u00f4ng tr\u00e1nh x\u1ea3y ra nh\u1eefng sai x\u00f3t kh\u00f4ng \u0111\u00e1ng c\u00f3.<\/p>\n<p>Song song v\u1edbi n\u00f3 c\u00f4ng ty ch\u00fang t\u00f4i kh\u00f4ng ng\u1eebng \u0111\u1ed5i m\u1edbi v\u00e0 c\u1ea3i ti\u1ebfn \u0111\u1ec3 cho ra nh\u1eefng s\u1ea3n ph\u1ea9m\u00a0<strong>h\u1ee3p kim nh\u00f4m \u0111\u00fac<\/strong>\u00a0m\u1edbi tinh t\u1ebf, sang tr\u1ecdng v\u00e0 ch\u1ea5t l\u01b0\u1ee3ng cao nh\u1ea5t nh\u1eb1m l\u00e0m h\u00e0i l\u00f2ng c\u00e1c kh\u00e1ch h\u00e0ng.<\/p>\n<h2>Nh\u00f4m \u0111\u00fac Kurasu h\u1ed7 tr\u1ee3 t\u01b0 v\u1ea5n Mi\u1ec5n Ph\u00ed 24\/24<\/h2>\n<p>\u0110\u1ebfn v\u1edbi\u00a0<strong>Nh\u00f4m \u0111\u00fac Kurasu<\/strong>, ch\u00fang t\u00f4i \u0111\u1ea3m b\u1ea3o qu\u00fd kh\u00e1ch s\u1ebd h\u00e0i l\u00f2ng b\u1edfi s\u1ef1 uy t\u00edn v\u00e0 th\u01b0\u01a1ng hi\u1ec7u m\u00e0 ch\u00fang t\u00f4i \u0111\u00e3 g\u00e2y d\u1ef1ng n\u00ean trong su\u1ed1t th\u1eddi gian qua.<\/p>\n<p>Ch\u1ec9 c\u1ea7n \u0111\u1ec3 l\u1ea1i s\u1ed1 \u0111i\u1ec7n tho\u1ea1i nh\u00e2n vi\u00ean k\u1ef9 thu\u1eadt\u00a0 c\u1ee7a ch\u00fang t\u00f4i s\u1ebd g\u1ecdi l\u1ea1i t\u01b0 v\u1ea5n mi\u1ec5n ph\u00ed v\u1edbi qu\u00fd kh\u00e1ch h\u00e0ng.<\/p>\n<p>H\u00e3y li\u00ean h\u1ec7 v\u1edbi ch\u00fang t\u00f4i \u0111\u1ec3 \u0111\u01b0\u1ee3c t\u01b0 v\u1ea5n mi\u1ec5n ph\u00ed:<\/p>\n<header class=\"panel-head\">\n<p class=\"heading\">C\u00f4ng ty c\u1ed5 ph\u1ea7n nh\u00f4m \u0111\u00fac Kurasu UDT:<\/p>\n<\/header>\n<section class=\"panel-body\">\n<ul class=\"uk-list list-info\">\n<li class=\"location\">VPGD: c\u1ed5ng ch\u00e0o \u0110an Ph\u01b0\u1ee3ng, th\u1ecb tr\u1ea5n Ph\u00f9ng, \u0110an Ph\u01b0\u1ee3ng, H\u00e0 N\u1ed9i<\/li>\n<li>X\u01b0\u1edfng s\u1ea3n Xu\u1ea5t: x\u00e3 Xu\u00e2n Th\u00e0nh, huy\u1ec7n Xu\u00e2n Tr\u01b0\u1eddng, t\u1ec9nh Nam \u0110\u1ecbnh<\/li>\n<li class=\"phone\">Ph\u00f2ng k\u1ef9 thu\u1eadt: 0977 252 377<\/li>\n<li class=\"phone\">Ph\u00f2ng kinh doanh: 035 609 3690 \u2013 0355 324 085<\/li>\n<li>Ph\u00f2ng k\u1ebf to\u00e1n: 02432 669 186 \u2013 0977 305 977<\/li>\n<li class=\"email\">Email: webhoabinh@gmail.com<\/li>\n<\/ul>\n<p>Qu\u00fd kh\u00e1ch tham kh\u1ea3o\u00a0<strong>nh\u1eefng m\u1eabu c\u1ed5ng nh\u00f4m \u0111\u00fac \u0111\u1eb9p<\/strong>\u00a0<strong>t\u1ea1i \u0111\u00e2y<\/strong>!<\/p>\n<\/section>\n","protected":false},"excerpt":{"rendered":"<p>L\u1eddi \u0111\u1ea7u ti\u00ean C\u00f4ng Ty CP\u00a0nh\u00f4m \u0111\u00fac Kurasu\u00a0UDT\u00a0 xin g\u1eedi t\u1edbi Qu\u00fd kh\u00e1ch h\u00e0ng\u00a0l\u1eddi ch\u00fac s\u1ee9c kh\u1ecfe v\u00e0 th\u00e0nh \u0111\u1ea1t!!!. Ch\u00fang t\u00f4i xin ch\u00e2n th\u00e0nh c\u1ea3m \u01a1n Qu\u00fd\u00a0kh\u00e1ch h\u00e0ng\u00a0\u0111\u00e3 \u1ee7ng h\u1ed9 ch\u00fang t\u00f4i trong su\u1ed1t th\u1eddi gian qua. V\u1edbi ph\u01b0\u01a1ng ch\u00e2m \u201cUy t\u00edn t\u1ea1o n\u00ean th\u01b0\u01a1ng hi\u1ec7u\u201d, ch\u00fang t\u00f4i \u0111\u00e3 kh\u00f4ng ng\u1eebng ho\u00e0n thi\u1ec7n m\u00ecnh<\/p>\n","protected":false},"author":3,"featured_media":0,"parent":0,"menu_order":0,"comment_status":"closed","ping_status":"closed","template":"","meta":[],"yoast_head":"<!-- This site is optimized with the Yoast SEO plugin v14.7 - https:\/\/yoast.com\/wordpress\/plugins\/seo\/ -->\n<title>Gi\u1edbi thi\u1ec7u - Nh\u00f4m \u0110\u00fac Ho\u00e0 B\u00ecnh<\/title>\n<meta name=\"robots\" content=\"noindex, follow\" \/>\n<meta property=\"og:locale\" content=\"vi_VN\" \/>\n<meta property=\"og:type\" content=\"article\" \/>\n<meta property=\"og:title\" content=\"Gi\u1edbi thi\u1ec7u - Nh\u00f4m \u0110\u00fac Ho\u00e0 B\u00ecnh\" \/>\n<meta property=\"og:description\" content=\"L\u1eddi \u0111\u1ea7u ti\u00ean C\u00f4ng Ty CP\u00a0nh\u00f4m \u0111\u00fac Kurasu\u00a0UDT\u00a0 xin g\u1eedi t\u1edbi Qu\u00fd kh\u00e1ch h\u00e0ng\u00a0l\u1eddi ch\u00fac s\u1ee9c kh\u1ecfe v\u00e0 th\u00e0nh \u0111\u1ea1t!!!. Ch\u00fang t\u00f4i xin ch\u00e2n th\u00e0nh c\u1ea3m \u01a1n Qu\u00fd\u00a0kh\u00e1ch h\u00e0ng\u00a0\u0111\u00e3 \u1ee7ng h\u1ed9 ch\u00fang t\u00f4i trong su\u1ed1t th\u1eddi gian qua. V\u1edbi ph\u01b0\u01a1ng ch\u00e2m \u201cUy t\u00edn t\u1ea1o n\u00ean th\u01b0\u01a1ng hi\u1ec7u\u201d, ch\u00fang t\u00f4i \u0111\u00e3 kh\u00f4ng ng\u1eebng ho\u00e0n thi\u1ec7n m\u00ecnh\" \/>\n<meta property=\"og:url\" content=\"http:\/\/mau.hoabinhweb.com\/cuanhom1\/gioi-thieu\/\" \/>\n<meta property=\"og:site_name\" content=\"Nh\u00f4m \u0110\u00fac Ho\u00e0 B\u00ecnh\" \/>\n<meta property=\"article:modified_time\" content=\"2021-03-17T00:07:05+00:00\" \/>\n<meta property=\"og:image\" content=\"http:\/\/nhomduckurasu.com\/wp-content\/uploads\/2020\/04\/cong-nhom-duc-kurasu2.jpg\" \/>\n<meta name=\"twitter:card\" content=\"summary_large_image\" \/>\n<script type=\"application\/ld+json\" class=\"yoast-schema-graph\">{\"@context\":\"https:\/\/schema.org\",\"@graph\":[{\"@type\":\"WebSite\",\"@id\":\"https:\/\/mau.hoabinhweb.com\/cuanhom1\/#website\",\"url\":\"https:\/\/mau.hoabinhweb.com\/cuanhom1\/\",\"name\":\"Nh\\u00f4m \\u0110\\u00fac Ho\\u00e0 B\\u00ecnh\",\"description\":\"\",\"potentialAction\":[{\"@type\":\"SearchAction\",\"target\":\"https:\/\/mau.hoabinhweb.com\/cuanhom1\/?s={search_term_string}\",\"query-input\":\"required name=search_term_string\"}],\"inLanguage\":\"vi\"},{\"@type\":\"ImageObject\",\"@id\":\"http:\/\/mau.hoabinhweb.com\/cuanhom1\/gioi-thieu\/#primaryimage\",\"inLanguage\":\"vi\",\"url\":\"http:\/\/nhomduckurasu.com\/wp-content\/uploads\/2020\/04\/cong-nhom-duc-kurasu2.jpg\"},{\"@type\":\"WebPage\",\"@id\":\"http:\/\/mau.hoabinhweb.com\/cuanhom1\/gioi-thieu\/#webpage\",\"url\":\"http:\/\/mau.hoabinhweb.com\/cuanhom1\/gioi-thieu\/\",\"name\":\"Gi\\u1edbi thi\\u1ec7u - Nh\\u00f4m \\u0110\\u00fac Ho\\u00e0 B\\u00ecnh\",\"isPartOf\":{\"@id\":\"https:\/\/mau.hoabinhweb.com\/cuanhom1\/#website\"},\"primaryImageOfPage\":{\"@id\":\"http:\/\/mau.hoabinhweb.com\/cuanhom1\/gioi-thieu\/#primaryimage\"},\"datePublished\":\"2020-08-16T01:58:29+00:00\",\"dateModified\":\"2021-03-17T00:07:05+00:00\",\"breadcrumb\":{\"@id\":\"http:\/\/mau.hoabinhweb.com\/cuanhom1\/gioi-thieu\/#breadcrumb\"},\"inLanguage\":\"vi\",\"potentialAction\":[{\"@type\":\"ReadAction\",\"target\":[\"http:\/\/mau.hoabinhweb.com\/cuanhom1\/gioi-thieu\/\"]}]},{\"@type\":\"BreadcrumbList\",\"@id\":\"http:\/\/mau.hoabinhweb.com\/cuanhom1\/gioi-thieu\/#breadcrumb\",\"itemListElement\":[{\"@type\":\"ListItem\",\"position\":1,\"item\":{\"@type\":\"WebPage\",\"@id\":\"http:\/\/mau.hoabinhweb.com\/cuanhom1\/\",\"url\":\"http:\/\/mau.hoabinhweb.com\/cuanhom1\/\",\"name\":\"Trang ch\\u1ee7\"}},{\"@type\":\"ListItem\",\"position\":2,\"item\":{\"@type\":\"WebPage\",\"@id\":\"http:\/\/mau.hoabinhweb.com\/cuanhom1\/gioi-thieu\/\",\"url\":\"http:\/\/mau.hoabinhweb.com\/cuanhom1\/gioi-thieu\/\",\"name\":\"Gi\\u1edbi thi\\u1ec7u\"}}]}]}<\/script>\n<!-- \/ Yoast SEO plugin. -->","_links":{"self":[{"href":"https:\/\/mau.hoabinhweb.com\/cuanhom1\/wp-json\/wp\/v2\/pages\/2"}],"collection":[{"href":"https:\/\/mau.hoabinhweb.com\/cuanhom1\/wp-json\/wp\/v2\/pages"}],"about":[{"href":"https:\/\/mau.hoabinhweb.com\/cuanhom1\/wp-json\/wp\/v2\/types\/page"}],"author":[{"embeddable":true,"href":"https:\/\/mau.hoabinhweb.com\/cuanhom1\/wp-json\/wp\/v2\/users\/3"}],"replies":[{"embeddable":true,"href":"https:\/\/mau.hoabinhweb.com\/cuanhom1\/wp-json\/wp\/v2\/comments?post=2"}],"version-history":[{"count":0,"href":"https:\/\/mau.hoabinhweb.com\/cuanhom1\/wp-json\/wp\/v2\/pages\/2\/revisions"}],"wp:attachment":[{"href":"https:\/\/mau.hoabinhweb.com\/cuanhom1\/wp-json\/wp\/v2\/media?parent=2"}],"curies":[{"name":"wp","href":"https:\/\/api.w.org\/{rel}","templated":true}]}}