{"id":154,"date":"2020-10-08T22:31:21","date_gmt":"2020-10-08T15:31:21","guid":{"rendered":"http:\/\/mau.hoabinhweb.com\/cuanhom1\/?page_id=154"},"modified":"2020-10-08T22:31:21","modified_gmt":"2020-10-08T15:31:21","slug":"chinh-sach-bao-mat-thong-tin","status":"publish","type":"page","link":"https:\/\/mau.hoabinhweb.com\/cuanhom1\/chinh-sach-bao-mat-thong-tin\/","title":{"rendered":"Ch\u00ednh S\u00e1ch b\u1ea3o m\u1eadt th\u00f4ng tin"},"content":{"rendered":"<h3 style=\"text-align: justify;\">CH\u00cdNH S\u00c1CH B\u1ea2O M\u1eacT TH\u00d4NG TIN<\/h3>\n<p style=\"text-align: justify;\"><strong>a. Thu th\u1eadp th\u00f4ng tin kh\u00e1ch h\u00e0ng<\/strong><\/p>\n<p style=\"text-align: justify;\">\u0110\u1ec3 c\u00f3 th\u1ec3 s\u1eed d\u1ee5ng d\u1ecbch v\u1ee5 t\u1ea1i hdleadther.vn, Qu\u00fd Kh\u00e1ch H\u00e0ng c\u1ea7n cung c\u1ea5p m\u1ed9t s\u1ed1 th\u00f4ng tin nh\u01b0: email, h\u1ecd t\u00ean, s\u1ed1 \u0111i\u1ec7n tho\u1ea1i, ng\u00e0y sinh v\u00e0 \u0111\u1ecba ch\u1ec9 v\u00e0 m\u1ed9t s\u1ed1 th\u00f4ng tin kh\u00e1c. Ph\u1ea7n th\u1ee7 t\u1ee5c \u0111\u0103ng k\u00fd n\u00e0y nh\u1eb1m gi\u00fap ch\u00fang t\u00f4i x\u00e1c \u0111\u1ecbnh ph\u1ea7n thanh to\u00e1n v\u00e0 giao h\u00e0ng ch\u00ednh x\u00e1c cho ng\u01b0\u1eddi nh\u1eadn. B\u1ea1n c\u00f3 th\u1ec3 ch\u1ecdn kh\u00f4ng cung c\u1ea5p cho ch\u00fang t\u00f4i m\u1ed9t s\u1ed1 th\u00f4ng tin nh\u1ea5t \u0111\u1ecbnh nh\u01b0ng khi \u0111\u00f3 b\u1ea1n s\u1ebd kh\u00f4ng th\u1ec3 h\u01b0\u1edfng \u0111\u01b0\u1ee3c m\u1ed9t s\u1ed1 ti\u1ec7n \u00edch m\u00e0 nh\u1eefng t\u00ednh n\u0103ng c\u1ee7a ch\u00fang t\u00f4i cung c\u1ea5p. Ch\u00fang t\u00f4i c\u0169ng l\u01b0u tr\u1eef b\u1ea5t k\u1ef3 th\u00f4ng tin n\u00e0o b\u1ea1n nh\u1eadp tr\u00ean website ho\u1eb7c g\u1eedi \u0111\u1ebfn hdleadther.vn. Nh\u1eefng th\u00f4ng tin \u0111\u00f3 s\u1ebd \u0111\u01b0\u1ee3c s\u1eed d\u1ee5ng cho m\u1ee5c \u0111\u00edch ph\u1ea3n h\u1ed3i y\u00eau c\u1ea7u c\u1ee7a kh\u00e1ch h\u00e0ng, \u0111\u01b0a ra nh\u1eefng g\u1ee3i \u00fd ph\u00f9 h\u1ee3p cho t\u1eebng kh\u00e1ch h\u00e0ng khi mua s\u1eafm t\u1ea1i hdleadther.vn, n\u00e2ng cao ch\u1ea5t l\u01b0\u1ee3ng h\u00e0ng h\u00f3a d\u1ecbch v\u1ee5 v\u00e0 li\u00ean l\u1ea1c v\u1edbi b\u1ea1n khi c\u1ea7n. Ngo\u00e0i ra, c\u00e1c th\u00f4ng tin giao d\u1ecbch g\u1ed3m: l\u1ecbch s\u1eed mua h\u00e0ng, gi\u00e1 tr\u1ecb giao d\u1ecbch, ph\u01b0\u01a1ng th\u1ee9c v\u1eadn chuy\u1ec3n v\u00e0 thanh to\u00e1n c\u0169ng \u0111\u01b0\u1ee3c hdleadther.vn l\u01b0u tr\u1eef nh\u1eb1m gi\u1ea3i quy\u1ebft nh\u1eefng v\u1ea5n \u0111\u1ec1 c\u00f3 th\u1ec3 ph\u00e1t sinh v\u1ec1 sau.<\/p>\n<p style=\"text-align: justify;\"><strong>b. S\u1eed d\u1ee5ng th\u00f4ng tin<\/strong><\/p>\n<p style=\"text-align: justify;\">M\u1ee5c \u0111\u00edch c\u1ee7a vi\u1ec7c thu th\u1eadp th\u00f4ng tin l\u00e0 nh\u1eb1m x\u00e2y d\u1ef1ng hdleadther.vn tr\u1edf th\u00e0nh m\u1ed9t website th\u01b0\u01a1ng m\u1ea1i \u0111i\u1ec7n t\u1eed mang l\u1ea1i nhi\u1ec1u ti\u1ec7n \u00edch nh\u1ea5t cho kh\u00e1ch h\u00e0ng. V\u00ec th\u1ebf, vi\u1ec7c s\u1eed d\u1ee5ng th\u00f4ng tin s\u1ebd ph\u1ee5c v\u1ee5 nh\u1eefng ho\u1ea1t \u0111\u1ed9ng sau:<\/p>\n<p style=\"text-align: justify;\">G\u1eedi newsletter gi\u1edbi thi\u1ec7u s\u1ea3n ph\u1ea9m m\u1edbi v\u00e0 nh\u1eefng ch\u01b0\u01a1ng tr\u00ecnh khuy\u1ebfn m\u00e3i c\u1ee7a hdleadther.vn Cung c\u1ea5p m\u1ed9t s\u1ed1 ti\u1ec7n \u00edch, d\u1ecbch v\u1ee5 h\u1ed7 tr\u1ee3 kh\u00e1ch h\u00e0ng N\u00e2ng cao ch\u1ea5t l\u01b0\u1ee3ng d\u1ecbch v\u1ee5 kh\u00e1ch h\u00e0ng c\u1ee7a hdleadther.vn Gi\u1ea3i quy\u1ebft c\u00e1c v\u1ea5n \u0111\u1ec1, tranh ch\u1ea5p ph\u00e1t sinh li\u00ean quan \u0111\u1ebfn vi\u1ec7c s\u1eed d\u1ee5ng website Ng\u0103n ch\u1eb7n nh\u1eefng ho\u1ea1t \u0111\u1ed9ng vi ph\u1ea1m ph\u00e1p lu\u1eadt Vi\u1ec7t Nam<\/p>\n<p style=\"text-align: justify;\"><strong>c. Ki\u1ec3m tra, c\u1eadp nh\u1eadt v\u00e0 \u0111i\u1ec1u ch\u1ec9nh th\u00f4ng tin c\u00e1 nh\u00e2n<\/strong><\/p>\n<p style=\"text-align: justify;\">Kh\u00e1ch h\u00e0ng c\u00f3 quy\u1ec1n y\u00eau c\u1ea7u hdleadther.vn th\u1ef1c hi\u1ec7n vi\u1ec7c ki\u1ec3m tra, c\u1eadp nh\u1eadt, \u0111i\u1ec1u ch\u1ec9nh ho\u1eb7c h\u1ee7y b\u1ecf th\u00f4ng tin c\u00e1 nh\u00e2n c\u1ee7a m\u00ecnh. hdleadther.vn c\u00f3 ngh\u0129a v\u1ee5 ki\u1ec3m tra, c\u1eadp nh\u1eadt, \u0111i\u1ec1u ch\u1ec9nh, h\u1ee7y b\u1ecf th\u00f4ng tin c\u00e1 nh\u00e2n c\u1ee7a kh\u00e1ch h\u00e0ng khi c\u00f3 y\u00eau c\u1ea7u ho\u1eb7c cung c\u1ea5p cho kh\u00e1ch h\u00e0ng th\u00f4ng tin c\u00f4ng c\u1ee5 \u0111\u1ec3 t\u1ef1 ki\u1ec3m tra, c\u1eadp nh\u1eadt, \u0111i\u1ec1u ch\u1ec9nh th\u00f4ng tin c\u00e1 nh\u00e2n c\u1ee7a m\u00ecnh.<\/p>\n<p style=\"text-align: justify;\"><strong>d. Ph\u01b0\u01a1ng ti\u1ec7n v\u00e0 c\u00f4ng c\u1ee5 \u0111\u1ec3 ng\u01b0\u1eddi d\u00f9ng ti\u1ebfp c\u1eadn v\u00e0 ch\u1ec9nh s\u1eeda d\u1eef li\u1ec7u c\u00e1 nh\u00e2n c\u1ee7a m\u00ecnh.<\/strong><\/p>\n<p style=\"text-align: justify;\">\u0110\u1ec3 ti\u1ec7n h\u01a1n trong v\u1ea5n \u0111\u1ec1 c\u1eadp nh\u1eadt,thay \u0111\u1ed5i ho\u1eb7c h\u1ee7y th\u00f4ng tin c\u00e1 nh\u00e2n, kh\u00e1ch h\u00e0ng c\u00f3 th\u1ec3 truy c\u1eadp v\u00e0o website hdleadther.vn,\u0111\u0103ng nh\u1eadp v\u00e0o t\u00e0i kho\u1ea3n c\u00e1 nh\u00e2n v\u00e0 th\u1ef1c hi\u1ec7n thay \u0111\u1ed5i th\u00f4ng tin c\u00e1 nh\u00e2n. Ho\u1eb7c kh\u00e1ch h\u00e0ng c\u00f3 th\u1ec3 li\u00ean h\u1ec7 \u0111\u1ebfn hotline 0366.100.999 \u0111\u1ec3 \u0111\u01b0\u1ee3c t\u01b0 v\u1ea5n v\u00e0 h\u1ed7 tr\u1ee3 trong th\u1eddi gian nhanh nh\u1ea5t.<\/p>\n<p style=\"text-align: justify;\"><strong>e. Cam k\u1ebft b\u1ea3o m\u1eadt th\u00f4ng tin kh\u00e1ch h\u00e0ng.<\/strong><\/p>\n<p style=\"text-align: justify;\">hdleadther.vn s\u1eed d\u1ee5ng ph\u1ea7n m\u1ec1m Secure Sockets Layer (SSL) \u0111\u1ec3 b\u1ea3o v\u1ec7 th\u00f4ng tin c\u1ee7a kh\u00e1ch h\u00e0ng trong qu\u00e1 tr\u00ecnh chuy\u1ec3n d\u1eef li\u1ec7u b\u1eb1ng c\u00e1ch m\u00e3 h\u00f3a th\u00f4ng tin b\u1ea1n nh\u1eadp v\u00e0o. M\u1ed9t \u0111i\u1ec1u quan tr\u1ecdng \u0111\u1ed1i v\u1edbi kh\u00e1ch h\u00e0ng l\u00e0 vi\u1ec7c t\u1ef1 b\u1ea3o v\u1ec7 b\u1ea1n tr\u01b0\u1edbc s\u1ef1 ti\u1ebfp c\u1eadn th\u00f4ng tin v\u1ec1 password khi b\u1ea1n d\u00f9ng chung m\u00e1y t\u00ednh v\u1edbi nhi\u1ec1u ng\u01b0\u1eddi. Khi \u0111\u00f3, b\u1ea1n ph\u1ea3i ch\u1eafc ch\u1eafn \u0111\u00e3 tho\u00e1t kh\u1ecfi t\u00e0i kho\u1ea3n sau khi s\u1eed d\u1ee5ng d\u1ecbch v\u1ee5 c\u1ee7a ch\u00fang t\u00f4i. Ch\u00fang t\u00f4i c\u0169ng cam k\u1ebft kh\u00f4ng c\u1ed1 \u00fd ti\u1ebft l\u1ed9 th\u00f4ng tin kh\u00e1ch h\u00e0ng, kh\u00f4ng b\u00e1n ho\u1eb7c chia s\u1ebb th\u00f4ng tin kh\u00e1ch h\u00e0ng c\u1ee7a hdleadther.vn v\u00ec m\u1ee5c \u0111\u00edch th\u01b0\u01a1ng m\u1ea1i vi ph\u1ea1m nh\u1eefng cam k\u1ebft gi\u1eefa ch\u00fang t\u00f4i v\u1edbi Qu\u00fd kh\u00e1ch hang chi\u1ebfu theo Ch\u00ednh s\u00e1ch b\u1ea3o m\u1eadt th\u00f4ng tin kh\u00e1ch h\u00e0ng c\u1ee7a hdleadther.vn<\/p>\n","protected":false},"excerpt":{"rendered":"<p>CH\u00cdNH S\u00c1CH B\u1ea2O M\u1eacT TH\u00d4NG TIN a. Thu th\u1eadp th\u00f4ng tin kh\u00e1ch h\u00e0ng \u0110\u1ec3 c\u00f3 th\u1ec3 s\u1eed d\u1ee5ng d\u1ecbch v\u1ee5 t\u1ea1i hdleadther.vn, Qu\u00fd Kh\u00e1ch H\u00e0ng c\u1ea7n cung c\u1ea5p m\u1ed9t s\u1ed1 th\u00f4ng tin nh\u01b0: email, h\u1ecd t\u00ean, s\u1ed1 \u0111i\u1ec7n tho\u1ea1i, ng\u00e0y sinh v\u00e0 \u0111\u1ecba ch\u1ec9 v\u00e0 m\u1ed9t s\u1ed1 th\u00f4ng tin kh\u00e1c. Ph\u1ea7n th\u1ee7 t\u1ee5c \u0111\u0103ng k\u00fd<\/p>\n","protected":false},"author":3,"featured_media":0,"parent":0,"menu_order":0,"comment_status":"closed","ping_status":"closed","template":"","meta":[],"yoast_head":"<!-- This site is optimized with the Yoast SEO plugin v14.7 - https:\/\/yoast.com\/wordpress\/plugins\/seo\/ -->\n<title>Ch\u00ednh S\u00e1ch b\u1ea3o m\u1eadt th\u00f4ng tin - Nh\u00f4m \u0110\u00fac Ho\u00e0 B\u00ecnh<\/title>\n<meta name=\"robots\" content=\"noindex, follow\" \/>\n<meta property=\"og:locale\" content=\"vi_VN\" \/>\n<meta property=\"og:type\" content=\"article\" \/>\n<meta property=\"og:title\" content=\"Ch\u00ednh S\u00e1ch b\u1ea3o m\u1eadt th\u00f4ng tin - Nh\u00f4m \u0110\u00fac Ho\u00e0 B\u00ecnh\" \/>\n<meta property=\"og:description\" content=\"CH\u00cdNH S\u00c1CH B\u1ea2O M\u1eacT TH\u00d4NG TIN a. Thu th\u1eadp th\u00f4ng tin kh\u00e1ch h\u00e0ng \u0110\u1ec3 c\u00f3 th\u1ec3 s\u1eed d\u1ee5ng d\u1ecbch v\u1ee5 t\u1ea1i hdleadther.vn, Qu\u00fd Kh\u00e1ch H\u00e0ng c\u1ea7n cung c\u1ea5p m\u1ed9t s\u1ed1 th\u00f4ng tin nh\u01b0: email, h\u1ecd t\u00ean, s\u1ed1 \u0111i\u1ec7n tho\u1ea1i, ng\u00e0y sinh v\u00e0 \u0111\u1ecba ch\u1ec9 v\u00e0 m\u1ed9t s\u1ed1 th\u00f4ng tin kh\u00e1c. Ph\u1ea7n th\u1ee7 t\u1ee5c \u0111\u0103ng k\u00fd\" \/>\n<meta property=\"og:url\" content=\"http:\/\/mau.hoabinhweb.com\/cuanhom1\/chinh-sach-bao-mat-thong-tin\/\" \/>\n<meta property=\"og:site_name\" content=\"Nh\u00f4m \u0110\u00fac Ho\u00e0 B\u00ecnh\" \/>\n<meta name=\"twitter:card\" content=\"summary_large_image\" \/>\n<script type=\"application\/ld+json\" class=\"yoast-schema-graph\">{\"@context\":\"https:\/\/schema.org\",\"@graph\":[{\"@type\":\"WebSite\",\"@id\":\"https:\/\/mau.hoabinhweb.com\/cuanhom1\/#website\",\"url\":\"https:\/\/mau.hoabinhweb.com\/cuanhom1\/\",\"name\":\"Nh\\u00f4m \\u0110\\u00fac Ho\\u00e0 B\\u00ecnh\",\"description\":\"\",\"potentialAction\":[{\"@type\":\"SearchAction\",\"target\":\"https:\/\/mau.hoabinhweb.com\/cuanhom1\/?s={search_term_string}\",\"query-input\":\"required name=search_term_string\"}],\"inLanguage\":\"vi\"},{\"@type\":\"WebPage\",\"@id\":\"http:\/\/mau.hoabinhweb.com\/cuanhom1\/chinh-sach-bao-mat-thong-tin\/#webpage\",\"url\":\"http:\/\/mau.hoabinhweb.com\/cuanhom1\/chinh-sach-bao-mat-thong-tin\/\",\"name\":\"Ch\\u00ednh S\\u00e1ch b\\u1ea3o m\\u1eadt th\\u00f4ng tin - Nh\\u00f4m \\u0110\\u00fac Ho\\u00e0 B\\u00ecnh\",\"isPartOf\":{\"@id\":\"https:\/\/mau.hoabinhweb.com\/cuanhom1\/#website\"},\"datePublished\":\"2020-10-08T15:31:21+00:00\",\"dateModified\":\"2020-10-08T15:31:21+00:00\",\"breadcrumb\":{\"@id\":\"http:\/\/mau.hoabinhweb.com\/cuanhom1\/chinh-sach-bao-mat-thong-tin\/#breadcrumb\"},\"inLanguage\":\"vi\",\"potentialAction\":[{\"@type\":\"ReadAction\",\"target\":[\"http:\/\/mau.hoabinhweb.com\/cuanhom1\/chinh-sach-bao-mat-thong-tin\/\"]}]},{\"@type\":\"BreadcrumbList\",\"@id\":\"http:\/\/mau.hoabinhweb.com\/cuanhom1\/chinh-sach-bao-mat-thong-tin\/#breadcrumb\",\"itemListElement\":[{\"@type\":\"ListItem\",\"position\":1,\"item\":{\"@type\":\"WebPage\",\"@id\":\"http:\/\/mau.hoabinhweb.com\/cuanhom1\/\",\"url\":\"http:\/\/mau.hoabinhweb.com\/cuanhom1\/\",\"name\":\"Trang ch\\u1ee7\"}},{\"@type\":\"ListItem\",\"position\":2,\"item\":{\"@type\":\"WebPage\",\"@id\":\"http:\/\/mau.hoabinhweb.com\/cuanhom1\/chinh-sach-bao-mat-thong-tin\/\",\"url\":\"http:\/\/mau.hoabinhweb.com\/cuanhom1\/chinh-sach-bao-mat-thong-tin\/\",\"name\":\"Ch\\u00ednh S\\u00e1ch b\\u1ea3o m\\u1eadt th\\u00f4ng tin\"}}]}]}<\/script>\n<!-- \/ Yoast SEO plugin. -->","_links":{"self":[{"href":"https:\/\/mau.hoabinhweb.com\/cuanhom1\/wp-json\/wp\/v2\/pages\/154"}],"collection":[{"href":"https:\/\/mau.hoabinhweb.com\/cuanhom1\/wp-json\/wp\/v2\/pages"}],"about":[{"href":"https:\/\/mau.hoabinhweb.com\/cuanhom1\/wp-json\/wp\/v2\/types\/page"}],"author":[{"embeddable":true,"href":"https:\/\/mau.hoabinhweb.com\/cuanhom1\/wp-json\/wp\/v2\/users\/3"}],"replies":[{"embeddable":true,"href":"https:\/\/mau.hoabinhweb.com\/cuanhom1\/wp-json\/wp\/v2\/comments?post=154"}],"version-history":[{"count":0,"href":"https:\/\/mau.hoabinhweb.com\/cuanhom1\/wp-json\/wp\/v2\/pages\/154\/revisions"}],"wp:attachment":[{"href":"https:\/\/mau.hoabinhweb.com\/cuanhom1\/wp-json\/wp\/v2\/media?parent=154"}],"curies":[{"name":"wp","href":"https:\/\/api.w.org\/{rel}","templated":true}]}}