{"id":153,"date":"2020-10-08T22:30:47","date_gmt":"2020-10-08T15:30:47","guid":{"rendered":"http:\/\/mau.hoabinhweb.com\/cuanhom1\/?page_id=153"},"modified":"2020-10-08T22:30:47","modified_gmt":"2020-10-08T15:30:47","slug":"quy-dinh-va-hinh-thuc-thanh-toan","status":"publish","type":"page","link":"https:\/\/mau.hoabinhweb.com\/cuanhom1\/quy-dinh-va-hinh-thuc-thanh-toan\/","title":{"rendered":"Quy \u0111\u1ecbnh v\u00e0 h\u00ecnh th\u1ee9c thanh to\u00e1n"},"content":{"rendered":"<p style=\"text-align: justify;\"><strong>Quy \u0111\u1ecbnh chung<\/strong><br \/>\n\u2013 S\u1ea3n ph\u1ea9m h\u00e0ng h\u00f3a, d\u1ecbch v\u1ee5 tham gia giao d\u1ecbch tr\u00ean S\u00e0n giao d\u1ecbch TM\u0110T https:\/\/lano.vn ph\u1ea3i \u0111\u01b0\u1ee3c ph\u00e9p kinh doanh, l\u01b0u h\u00e0nh v\u00e0 kh\u00f4ng thu\u1ed9c c\u00e1c tr\u01b0\u1eddng h\u1ee3p c\u1ea5m kinh doanh, c\u1ea5m qu\u1ea3ng c\u00e1o theo quy \u0111\u1ecbnh c\u1ee7a ph\u00e1p lu\u1eadt.<br \/>\n\u2013 M\u1ecdi ho\u1ea1t \u0111\u1ed9ng mua b\u00e1n h\u00e0ng h\u00f3a, cung c\u1ea5p d\u1ecbch v\u1ee5 tr\u00ean S\u00e0n giao d\u1ecbch TM\u0110T https:\/\/lano.vn ph\u1ea3i \u0111\u01b0\u1ee3c th\u1ef1c hi\u1ec7n c\u00f4ng khai, minh b\u1ea1ch, \u0111\u1ea3m b\u1ea3o quy\u1ec1n l\u1ee3i c\u1ee7a ng\u01b0\u1eddi ti\u00eau d\u00f9ng.<\/p>\n<p style=\"text-align: justify;\"><strong>H\u00ecnh th\u1ee9c thanh to\u00e1n<\/strong><\/p>\n<p style=\"text-align: justify;\">Thanh to\u00e1n an to\u00e0n khi mua h\u00e0ng t\u1ea1i https:\/\/lano.vn v\u1edbi 3 b\u01b0\u1edbc h\u1ebft s\u1ee9c \u0111\u01a1n gi\u1ea3n, h\u00ecnh th\u1ee9c linh ho\u1ea1t, g\u1ecdi \u0111i\u1ec7n ngay cho ch\u00fang t\u00f4i n\u1ebfu b\u1ea1n c\u00f3 th\u1eafc m\u1eafc v\u1ec1 ph\u01b0\u01a1ng th\u1ee9c thanh to\u00e1n khi mua h\u00e0ng. Chi ti\u1ebft c\u00e1c b\u01b0\u1edbc th\u1ef1c hi\u1ec7n mua h\u00e0ng, thanh to\u00e1n online t\u1ea1i c\u1eeda h\u00e0ng ch\u00fang t\u00f4i c\u00e1c b\u1ea1n c\u00f3 th\u1ec3 xem t\u1ea1i b\u00e0i vi\u1ebft d\u01b0\u1edbi \u0111\u00e2y.<\/p>\n<p style=\"text-align: justify;\"><strong>I- \u0110\u1ed0I V\u1edaI KH\u00c1CH H\u00c0NG T\u1ea0I H\u00c0 N\u1ed8I HO\u1eb6C TPHCM KHI MUA C\u00c1C S\u1ea2N PH\u1ea8M \u0110\u1ed2 DA :<\/strong><\/p>\n<p style=\"text-align: justify;\">Qu\u00fd kh\u00e1ch xem v\u00e0 l\u1ef1a ch\u1ecdn s\u1ea3n ph\u1ea9m t\u1ea1i website https:\/\/lano.vn. Sau \u0111\u00f3 c\u00f3 2 c\u00e1ch \u0111\u1ec3 mua h\u00e0ng:<\/p>\n<p style=\"text-align: justify;\"><strong>C\u00e1ch 1<\/strong>: Tr\u1ef1c ti\u1ebfp \u0111\u1ebfn giao d\u1ecbch t\u1ea1i c\u1eeda h\u00e0ng. \u0110\u1ecba ch\u1ec9 c\u1eeda h\u00e0ng \u0111\u01b0\u1ee3c ghi r\u00f5 \u1edf ph\u1ea7n\u00a0Li\u00ean h\u1ec7<\/p>\n<p style=\"text-align: justify;\"><strong>C\u00e1ch 2<\/strong>: Qu\u00fd kh\u00e1ch li\u00ean h\u1ec7 tr\u1ef1c ti\u1ebfp theo s\u1ed1 \u0111i\u1ec7n tho\u1ea1i 0366100999 ho\u1eb7c Zalo, ib page t\u1ea1i website cung c\u1ea5p \u0111\u1ecba ch\u1ec9, s\u1ed1 \u0111i\u1ec7n tho\u1ea1i v\u00e0 c\u00e1c m\u00f3n h\u00e0ng c\u1ea7n mua, \u0111\u1ec3 \u0111\u01b0\u1ee3c giao h\u00e0ng t\u1eadn n\u01a1i theo \u0111\u1ecba ch\u1ec9 kh\u00e1ch h\u00e0ng cung c\u1ea5p.<br \/>\n<strong><br \/>\n&gt;&gt; M\u1ee9c ph\u00ed v\u1eadn chuy\u1ec3n:\u00a0<\/strong>Mi\u1ec5n ph\u00ed v\u1eadn chuy\u1ec3n trong n\u1ed9i th\u00e0nh H\u00e0 N\u1ed9i c\u0169, TPHCM trong b\u00e1n k\u00ednh 5km t\u1eeb c\u1eeda h\u00e0ng. Ngo\u00e0i ph\u1ea1m vi tr\u00ean m\u1ee9c ph\u00ed v\u1eadn chuy\u1ec3n s\u1ebd t\u00f9y thu\u1ed9c v\u00e0o kho\u1ea3ng c\u00e1ch h\u00e0ng \u0111\u01b0\u1ee3c giao t\u1edbi n\u01a1i. Khu v\u1ef1c kh\u00e1c vui l\u00f2ng li\u00ean h\u1ec7 tr\u1ef1c ti\u1ebfp v\u1edbi Shop<\/p>\n<p style=\"text-align: justify;\"><strong>II- \u0110\u1ed0I V\u1edaI KH\u00c1CH H\u00c0NG T\u1ea0I C\u00c1C T\u1ec8NH TH\u00c0NH KH\u00c1C TR\u00caN TO\u00c0N QU\u1ed0C:<\/strong><\/p>\n<p style=\"text-align: justify;\"><strong>B\u01b0\u1edbc 1:<\/strong>\u00a0Xem v\u00e0 ch\u1ecdn h\u00e0ng t\u1ea1i \u0111\u1ecba ch\u1ec9 website c\u1ee7a ch\u00fang t\u00f4i: Lano.vn<\/p>\n<p style=\"text-align: justify;\"><strong>B\u01b0\u1edbc 2:<\/strong>\u00a0S\u1eed d\u1ee5ng ch\u1ee9c n\u0103ng \u0111\u1eb7t h\u00e0ng tr\u00ean website, trong qu\u00e1 tr\u00ecnh \u0111\u1eb7t h\u00e0ng qu\u00fd kh\u00e1ch vui l\u00f2ng \u0111i\u1ec1n c\u00e1c th\u00f4ng tin li\u00ean h\u1ec7 c\u1ea7n thi\u1ebft \u0111\u1ec3 Shop c\u00f3 th\u1ec3 ph\u1ee5c v\u1ee5 t\u1ed1t nh\u1ea5t. Ngo\u00e0i ra, kh\u00e1ch h\u00e0ng c\u00f3 th\u1ec3 li\u00ean h\u1ec7 tr\u1ef1c ti\u1ebfp v\u1edbi ch\u00fang t\u00f4i tr\u1ef1c ti\u1ebfp qua s\u1ed1 \u0111i\u1ec7n tho\u1ea1i 0366 100 999 \u0111\u1ec3 \u0111\u1eb7t h\u00e0ng, th\u1ed1ng nh\u1ea5t ph\u01b0\u01a1ng th\u1ee9c giao h\u00e0ng \u2026<\/p>\n<p style=\"text-align: justify;\"><strong>V\u1ec1 h\u00ecnh th\u1ee9c thanh to\u00e1n, hi\u1ec7n t\u1ea1i \u0110\u1ed3 Da Lano c\u00f3 c\u00e1c h\u00ecnh th\u1ee9c thanh to\u00e1n ch\u00ednh \u00e1p d\u1ee5ng cho c\u00e1c kh\u00e1ch h\u00e0ng kh\u00f4ng \u1edf H\u00e0 N\u1ed9i<\/strong><\/p>\n<p style=\"text-align: justify;\"><strong>C\u00e1ch 1<\/strong>\u00a0: Qu\u00fd kh\u00e1ch chuy\u1ec3n kho\u1ea3n 100% tr\u1ecb gi\u00e1 h\u00e0ng m\u00e0 b\u1ea1n \u0111\u1eb7t + chi ph\u00ed v\u1eadn chuy\u1ec3n t\u1edbi \u0111\u1ecba ch\u1ec9 nh\u1eadn h\u00e0ng v\u00e0o m\u1ed9t trong nh\u1eefng t\u00e0i kho\u1ea3n ng\u00e2n h\u00e0ng c\u1ee7a Shop b\u00ean d\u01b0\u1edbi<br \/>\n<strong><br \/>\nC\u00e1ch 2<\/strong>\u00a0: Qu\u00fd kh\u00e1ch g\u1eedi th\u00f4ng tin v\u1ec1 \u0111\u01a1n h\u00e0ng v\u00e0 ng\u01b0\u1eddi nh\u1eadn bao g\u1ed3m :<\/p>\n<p style=\"text-align: justify;\">+) H\u1ecd v\u00e0 t\u00ean ng\u01b0\u1eddi nh\u1eadn<\/p>\n<p style=\"text-align: justify;\">+) \u0110\u1ecba ch\u1ec9 , s\u1ed1 \u0111i\u1ec7n tho\u1ea1i li\u00ean h\u1ec7<\/p>\n<p style=\"text-align: justify;\">+) M\u00e3 ho\u1eb7c t\u00ean s\u1ea3n ph\u1ea9m k\u00e8m theo m\u00e0u s\u1eafc (n\u1ebfu c\u00f3) \u0111\u01b0\u1ee3c \u0111\u0103ng t\u1ea3i tr\u00ean website<\/p>\n<p style=\"text-align: justify;\"><strong>C\u1eeda h\u00e0ng s\u1ebd g\u1eedi t\u1edbi \u0111\u1ecba ch\u1ec9 ng\u01b0\u1eddi nh\u1eadn b\u1ea1n cung c\u1ea5p , b\u1ea1n s\u1ebd thanh to\u00e1n cho nh\u00e2n vi\u00ean giao nh\u1eadn khi nh\u1eadn \u0111\u01b0\u1ee3c h\u00e0ng c\u1ee7a m\u00ecnh.<\/strong><br \/>\n<em><strong><br \/>\nL\u01b0u \u00fd :<\/strong><\/em><\/p>\n<p style=\"text-align: justify;\"><em><strong>*** ) Chi ph\u00ed v\u1eadn chuy\u1ec3n t\u00f9y thu\u1ed9c v\u00e0o n\u01a1i g\u1eedi h\u00e0ng v\u00e0 h\u00e0ng h\u00f3a. \u0110\u1ed1i v\u1edbi c\u00e1c m\u1eb7t h\u00e0ng\u00a0 t\u00fai x\u00e1ch chi ph\u00ed giao \u0111\u1ed9ng t\u1eeb 20k \u2013 40k. \u0110\u1ed1i v\u1edbi kh\u00e1ch h\u00e0ng ch\u1ecdn c\u00e1ch thanh to\u00e1n th\u1ee9 2 COD s\u1ebd ph\u1ea3i thanh to\u00e1n th\u00eam ph\u00ed thu ti\u1ec1n cho nh\u00e2n vi\u00ean giao h\u00e0ng kho\u1ea3ng 10k \u0111\u1ebfn 20k\/\u0111\u01a1n h\u00e0ng<\/strong><\/em><\/p>\n<p style=\"text-align: justify;\"><em>***)\u00a0<strong>Th\u1eddi gian v\u1eadn chuy\u1ec3n: T\u00f9y thu\u1ed9c v\u00e0o \u0111\u1ecba ch\u1ec9 n\u01a1i nh\u1eadn h\u00e0ng, h\u00e0ng s\u1ebd \u0111\u1ebfn t\u1eadn tay kh\u00e1ch h\u00e0ng trong v\u00f2ng t\u1eeb 24-72 gi\u1edd l\u00e0m vi\u1ec7c (24 gi\u1edd \u0111\u1ed1i v\u1edbi nh\u1eefng kh\u00e1ch h\u00e0ng t\u1ea1i c\u00e1c Th\u00e0nh ph\u1ed1 l\u1edbn nh\u01b0 TP H\u1ed3 Ch\u00ed Minh\u2026 t\u1ed1i \u0111a 72 gi\u1edd v\u1edbi c\u00e1c kh\u00e1ch h\u00e0ng \u1edf c\u00e1c x\u00e3, huy\u1ec7n, th\u1ecb thu\u1ed9c t\u1ec9nh xa).<\/strong><\/em><\/p>\n<p style=\"text-align: justify;\">Hi\u1ec3u \u0111\u01b0\u1ee3c t\u00e2m l\u00fd c\u1ee7a nh\u1eefng kh\u00e1ch h\u00e0ng \u1edf xa, lu\u00f4n lo l\u1eafng v\u1ec1 m\u1eabu m\u00e3, ch\u1ea5t l\u01b0\u1ee3ng s\u1ea3n ph\u1ea9m kh\u00f4ng \u0111\u00fang nh\u01b0 nh\u1eefng g\u00ec \u0111\u01b0\u1ee3c ng\u01b0\u1eddi b\u00e1n h\u00e0ng qu\u1ea3ng c\u00e1o v\u00e0 h\u00ecnh \u1ea3nh tr\u00ean Website\u2026 V\u1edbi uy t\u00edn \u0111\u00e3 g\u00e2y d\u1ef1ng \u0111\u01b0\u1ee3c trong su\u1ed1t th\u1eddi gian qua, v\u1edbi h\u00e0ng tr\u0103m \u0111\u01a1n h\u00e0ng giao \u0111\u1ebfn kh\u1eafp m\u1ecdi t\u00ecnh th\u00e0nh trong c\u1ea3 n\u01b0\u1edbc, Shop \u0110\u1ed3 Da Lano xin cam k\u1ebft:<\/p>\n<p style=\"text-align: justify;\"><strong>N\u1ebfu s\u1ea3n ph\u1ea9m giao l\u00e0 h\u00e0ng k\u00e9m ch\u1ea5t l\u01b0\u1ee3ng, kh\u00f4ng \u0111\u00fang v\u1edbi m\u1eabu m\u00e3 \u0111\u1eb7t tr\u01b0\u1edbc, qu\u00fd kh\u00e1ch c\u00f3 th\u1ec3 t\u1eeb ch\u1ed1i nh\u1eadn h\u00e0ng v\u00e0 g\u1eedi tr\u1ea3 v\u00f4 \u0111i\u1ec1u ki\u1ec7n! C\u1eeda h\u00e0ng xin ho\u00e0n tr\u1ea3 l\u1ea1i 100% s\u1ed1 ti\u1ec1n cho kh\u00e1ch h\u00e0ng \u0111\u00e3 b\u1ecf ra, k\u1ec3 c\u1ea3 chi ph\u00ed v\u1eadn chuy\u1ec3n 2 chi\u1ec1u.<\/strong><\/p>\n<hr \/>\n<p style=\"text-align: justify;\"><strong>T\u00e0i kho\u1ea3n ng\u00e2n h\u00e0ng c\u1ee7a Shop<\/strong><\/p>\n<p style=\"text-align: justify;\"><strong>Ng\u00e2n h\u00e0ng Vietcombank chi nh\u00e1nh Th\u00e0nh C\u00f4ng<\/strong><\/p>\n<p style=\"text-align: justify;\">Ch\u1ee7 t\u00e0i kho\u1ea3n : Nguy\u1ec5n Th\u1ecb Ph\u01b0\u01a1ng Anh<\/p>\n<p style=\"text-align: justify;\">S\u1ed1 tk : 0451000211801<\/p>\n<p style=\"text-align: justify;\">\u2014\u2014\u2014\u2014\u2014\u2014\u2014\u2014\u2014\u2014\u2014\u2014\u2014-<\/p>\n<p style=\"text-align: justify;\"><strong>Ng\u00e2n h\u00e0ng BIDV chi nh\u00e1nh H\u00e0 N\u1ed9i<\/strong><\/p>\n<p style=\"text-align: justify;\">Ch\u1ee7 t\u00e0i kho\u1ea3n : Nguy\u1ec5n Tr\u1ecdng H\u1ea3i<\/p>\n<p style=\"text-align: justify;\">S\u1ed1 tk : 21110001114895<\/p>\n<p style=\"text-align: justify;\">\u2014\u2014\u2014\u2014\u2014\u2014\u2014\u2014\u2014\u2014\u2014\u2014\u2014-<\/p>\n<p style=\"text-align: justify;\"><strong>Ng\u00e2n h\u00e0ng Techcombank chi nh\u00e1nh B\u1edd H\u1ed3<\/strong><\/p>\n<p style=\"text-align: justify;\">Ch\u1ee7 t\u00e0i kho\u1ea3n : Nguy\u1ec5n Th\u1ecb Ph\u01b0\u01a1ng Anh<\/p>\n<p style=\"text-align: justify;\">S\u1ed1 tk : 19032752597014<\/p>\n<p style=\"text-align: justify;\">\u2014\u2014\u2014\u2014\u2014\u2014\u2014\u2014\u2014\u2014\u2014\u2014\u2014-<\/p>\n<p style=\"text-align: justify;\"><strong>Ng\u00e2n h\u00e0ng VietinBank chi nh\u00e1nh Ho\u00e0n Ki\u1ebfm<\/strong><\/p>\n<p style=\"text-align: justify;\">Ch\u1ee7 t\u00e0i kho\u1ea3n : Nguy\u1ec5n Th\u1ecb Ph\u01b0\u01a1ng Anh<\/p>\n<p style=\"text-align: justify;\">S\u1ed1 tk : 108868426762<\/p>\n","protected":false},"excerpt":{"rendered":"<p>Quy \u0111\u1ecbnh chung \u2013 S\u1ea3n ph\u1ea9m h\u00e0ng h\u00f3a, d\u1ecbch v\u1ee5 tham gia giao d\u1ecbch tr\u00ean S\u00e0n giao d\u1ecbch TM\u0110T https:\/\/lano.vn ph\u1ea3i \u0111\u01b0\u1ee3c ph\u00e9p kinh doanh, l\u01b0u h\u00e0nh v\u00e0 kh\u00f4ng thu\u1ed9c c\u00e1c tr\u01b0\u1eddng h\u1ee3p c\u1ea5m kinh doanh, c\u1ea5m qu\u1ea3ng c\u00e1o theo quy \u0111\u1ecbnh c\u1ee7a ph\u00e1p lu\u1eadt. \u2013 M\u1ecdi ho\u1ea1t \u0111\u1ed9ng mua b\u00e1n h\u00e0ng h\u00f3a, cung c\u1ea5p<\/p>\n","protected":false},"author":3,"featured_media":0,"parent":0,"menu_order":0,"comment_status":"closed","ping_status":"closed","template":"","meta":[],"yoast_head":"<!-- This site is optimized with the Yoast SEO plugin v14.7 - https:\/\/yoast.com\/wordpress\/plugins\/seo\/ -->\n<title>Quy \u0111\u1ecbnh v\u00e0 h\u00ecnh th\u1ee9c thanh to\u00e1n - Nh\u00f4m \u0110\u00fac Ho\u00e0 B\u00ecnh<\/title>\n<meta name=\"robots\" content=\"noindex, follow\" \/>\n<meta property=\"og:locale\" content=\"vi_VN\" \/>\n<meta property=\"og:type\" content=\"article\" \/>\n<meta property=\"og:title\" content=\"Quy \u0111\u1ecbnh v\u00e0 h\u00ecnh th\u1ee9c thanh to\u00e1n - Nh\u00f4m \u0110\u00fac Ho\u00e0 B\u00ecnh\" \/>\n<meta property=\"og:description\" content=\"Quy \u0111\u1ecbnh chung \u2013 S\u1ea3n ph\u1ea9m h\u00e0ng h\u00f3a, d\u1ecbch v\u1ee5 tham gia giao d\u1ecbch tr\u00ean S\u00e0n giao d\u1ecbch TM\u0110T https:\/\/lano.vn ph\u1ea3i \u0111\u01b0\u1ee3c ph\u00e9p kinh doanh, l\u01b0u h\u00e0nh v\u00e0 kh\u00f4ng thu\u1ed9c c\u00e1c tr\u01b0\u1eddng h\u1ee3p c\u1ea5m kinh doanh, c\u1ea5m qu\u1ea3ng c\u00e1o theo quy \u0111\u1ecbnh c\u1ee7a ph\u00e1p lu\u1eadt. \u2013 M\u1ecdi ho\u1ea1t \u0111\u1ed9ng mua b\u00e1n h\u00e0ng h\u00f3a, cung c\u1ea5p\" \/>\n<meta property=\"og:url\" content=\"http:\/\/mau.hoabinhweb.com\/cuanhom1\/quy-dinh-va-hinh-thuc-thanh-toan\/\" \/>\n<meta property=\"og:site_name\" content=\"Nh\u00f4m \u0110\u00fac Ho\u00e0 B\u00ecnh\" \/>\n<meta name=\"twitter:card\" content=\"summary_large_image\" \/>\n<script type=\"application\/ld+json\" class=\"yoast-schema-graph\">{\"@context\":\"https:\/\/schema.org\",\"@graph\":[{\"@type\":\"WebSite\",\"@id\":\"https:\/\/mau.hoabinhweb.com\/cuanhom1\/#website\",\"url\":\"https:\/\/mau.hoabinhweb.com\/cuanhom1\/\",\"name\":\"Nh\\u00f4m \\u0110\\u00fac Ho\\u00e0 B\\u00ecnh\",\"description\":\"\",\"potentialAction\":[{\"@type\":\"SearchAction\",\"target\":\"https:\/\/mau.hoabinhweb.com\/cuanhom1\/?s={search_term_string}\",\"query-input\":\"required name=search_term_string\"}],\"inLanguage\":\"vi\"},{\"@type\":\"WebPage\",\"@id\":\"http:\/\/mau.hoabinhweb.com\/cuanhom1\/quy-dinh-va-hinh-thuc-thanh-toan\/#webpage\",\"url\":\"http:\/\/mau.hoabinhweb.com\/cuanhom1\/quy-dinh-va-hinh-thuc-thanh-toan\/\",\"name\":\"Quy \\u0111\\u1ecbnh v\\u00e0 h\\u00ecnh th\\u1ee9c thanh to\\u00e1n - Nh\\u00f4m \\u0110\\u00fac Ho\\u00e0 B\\u00ecnh\",\"isPartOf\":{\"@id\":\"https:\/\/mau.hoabinhweb.com\/cuanhom1\/#website\"},\"datePublished\":\"2020-10-08T15:30:47+00:00\",\"dateModified\":\"2020-10-08T15:30:47+00:00\",\"breadcrumb\":{\"@id\":\"http:\/\/mau.hoabinhweb.com\/cuanhom1\/quy-dinh-va-hinh-thuc-thanh-toan\/#breadcrumb\"},\"inLanguage\":\"vi\",\"potentialAction\":[{\"@type\":\"ReadAction\",\"target\":[\"http:\/\/mau.hoabinhweb.com\/cuanhom1\/quy-dinh-va-hinh-thuc-thanh-toan\/\"]}]},{\"@type\":\"BreadcrumbList\",\"@id\":\"http:\/\/mau.hoabinhweb.com\/cuanhom1\/quy-dinh-va-hinh-thuc-thanh-toan\/#breadcrumb\",\"itemListElement\":[{\"@type\":\"ListItem\",\"position\":1,\"item\":{\"@type\":\"WebPage\",\"@id\":\"http:\/\/mau.hoabinhweb.com\/cuanhom1\/\",\"url\":\"http:\/\/mau.hoabinhweb.com\/cuanhom1\/\",\"name\":\"Trang ch\\u1ee7\"}},{\"@type\":\"ListItem\",\"position\":2,\"item\":{\"@type\":\"WebPage\",\"@id\":\"http:\/\/mau.hoabinhweb.com\/cuanhom1\/quy-dinh-va-hinh-thuc-thanh-toan\/\",\"url\":\"http:\/\/mau.hoabinhweb.com\/cuanhom1\/quy-dinh-va-hinh-thuc-thanh-toan\/\",\"name\":\"Quy \\u0111\\u1ecbnh v\\u00e0 h\\u00ecnh th\\u1ee9c thanh to\\u00e1n\"}}]}]}<\/script>\n<!-- \/ Yoast SEO plugin. -->","_links":{"self":[{"href":"https:\/\/mau.hoabinhweb.com\/cuanhom1\/wp-json\/wp\/v2\/pages\/153"}],"collection":[{"href":"https:\/\/mau.hoabinhweb.com\/cuanhom1\/wp-json\/wp\/v2\/pages"}],"about":[{"href":"https:\/\/mau.hoabinhweb.com\/cuanhom1\/wp-json\/wp\/v2\/types\/page"}],"author":[{"embeddable":true,"href":"https:\/\/mau.hoabinhweb.com\/cuanhom1\/wp-json\/wp\/v2\/users\/3"}],"replies":[{"embeddable":true,"href":"https:\/\/mau.hoabinhweb.com\/cuanhom1\/wp-json\/wp\/v2\/comments?post=153"}],"version-history":[{"count":0,"href":"https:\/\/mau.hoabinhweb.com\/cuanhom1\/wp-json\/wp\/v2\/pages\/153\/revisions"}],"wp:attachment":[{"href":"https:\/\/mau.hoabinhweb.com\/cuanhom1\/wp-json\/wp\/v2\/media?parent=153"}],"curies":[{"name":"wp","href":"https:\/\/api.w.org\/{rel}","templated":true}]}}