{"id":152,"date":"2020-10-08T22:30:24","date_gmt":"2020-10-08T15:30:24","guid":{"rendered":"http:\/\/mau.hoabinhweb.com\/cuanhom1\/?page_id=152"},"modified":"2020-10-08T22:30:24","modified_gmt":"2020-10-08T15:30:24","slug":"chinh-sach-van-chuyen","status":"publish","type":"page","link":"https:\/\/mau.hoabinhweb.com\/cuanhom1\/chinh-sach-van-chuyen\/","title":{"rendered":"Ch\u00ednh s\u00e1ch v\u1eadn chuy\u1ec3n"},"content":{"rendered":"<p style=\"text-align: justify;\">Chuy\u1ec3n h\u00e0ng nhanh ch\u00f3ng, an to\u00e1n v\u1edbi c\u00e1c ph\u01b0\u01a1ng th\u1ee9c giao h\u00e0ng linh ho\u1ea1t t\u1ea1i \u0110\u1ed3 Da Lano<\/p>\n<p style=\"text-align: justify;\"><strong>V\u1edbi kh\u00e1ch h\u00e0ng \u1edf H\u00e0 N\u1ed9i, TPHCM:<\/strong><\/p>\n<p style=\"text-align: justify;\">V\u1edbi nh\u1eefng kh\u00e1ch h\u00e0ng thu\u1ed9c \u0111\u1ecba b\u00e0n n\u1ed9i th\u00e0nh H\u00e0 N\u1ed9i, TPHCM Shop c\u00f3 d\u1ecbch v\u1ee5 giao h\u00e0ng t\u1eadn n\u01a1i v\u00e0 mi\u1ec5n ph\u00ed ho\u00e0n to\u00e0n ph\u00ed chuy\u1ec3n h\u00e0ng trong b\u00e1n k\u00ednh 5km t\u1eeb c\u1eeda h\u00e0ng, c\u00e1c b\u1ea1n ch\u1ec9 c\u1ea7n thanh to\u00e1n t\u1ed5ng ti\u1ec1n h\u00e0ng.<\/p>\n<p style=\"text-align: justify;\">B\u1ea1n c\u0169ng c\u00f3 th\u1ec3 h\u1eb9n gi\u1edd giao h\u00e0ng t\u1eadn n\u01a1i, Shop s\u1ebd giao h\u00e0ng trong kho\u1ea3ng th\u1eddi gian b\u1ea1n ch\u1ecdn ( t\u1eeb 9h-18h h\u00e0ng ng\u00e0y )<\/p>\n<p style=\"text-align: justify;\"><strong>V\u1edbi c\u00e1c kh\u00e1ch h\u00e0ng \u1edf c\u00e1c t\u1ec9nh th\u00e0nh kh\u00e1c H\u00e0 N\u1ed9i v\u00e0 TPHCM:<\/strong><\/p>\n<p style=\"text-align: justify;\">V\u1edbi nh\u1eefng kh\u00e1ch h\u00e0ng kh\u00f4ng thu\u1ed9c n\u1ed9i th\u00e0nh H\u00e0 N\u1ed9i. TPHCM Shop s\u1ebd chuy\u1ec3n h\u00e0ng cho c\u00e1c b\u1ea1n qua chuy\u1ec3n ph\u00e1t nhanh, c\u00e1c d\u1ecbch v\u1ee5 chuy\u1ec3n ph\u00e1t nhanh ch\u00fang t\u00f4i\u00a0s\u1eed d\u1ee5ng: EMS, Viettel, Ho\u00e0ng Long, g\u1eedi xe Oto, Giao h\u00e0ng nhanh\u2026.<\/p>\n<p style=\"text-align: justify;\">T\u00f9y \u0111\u1ecba ch\u1ec9 m\u00e0 th\u1eddi gian nh\u1eadn h\u00e0ng s\u1ebd kh\u00e1c nhau:<\/p>\n<p style=\"text-align: justify;\">\u2013 V\u1edbi c\u00e1c \u0111\u1ecba ch\u1ec9 \u1edf trung t\u00e2m th\u00e0nh ph\u1ed1: th\u1eddi gian nh\u1eadn h\u00e0ng t\u1eeb 1-2 ng\u00e0y.<\/p>\n<p style=\"text-align: justify;\">\u2013 V\u1edbi c\u00e1c \u0111\u1ecba ch\u1ec9 \u1edf th\u1ecb x\u00e3, th\u1ecb tr\u1ea5n: th\u1eddi gian nh\u1eadn h\u00e0ng t\u1eeb 2-3 ng\u00e0y.<\/p>\n<p style=\"text-align: justify;\">\u2013 V\u1edbi c\u00e1c \u0111\u1ecba ch\u1ec9 thu\u1ed9c th\u00f4n, x\u00f3m, l\u00e0ng, b\u1ea3n\u2026: th\u1eddi gian nh\u1eadn h\u00e0ng t\u1eeb 2-4 ng\u00e0y.<\/p>\n<p style=\"text-align: justify;\">\u2013 G\u1eedi qua Oto th\u01b0\u1eddng s\u1ebd nh\u1eadn trong ng\u00e0y.<\/p>\n<p style=\"text-align: justify;\"><strong><em>*) N\u1ebfu c\u00f3 ph\u00e1t sinh ch\u1eadm tr\u1ec5 do \u0111\u01a1n v\u1ecb v\u1eadn chuy\u1ec3n, shop s\u1ebd c\u1ed1 g\u1eafng l\u00e0m vi\u1ec7c v\u1edbi b\u00ean \u0111\u1ed1i t\u00e1c \u0111\u1ec3 c\u00f3 th\u1ec3 giao t\u1edbi kh\u00e1ch h\u00e0ng trong th\u1eddi gian s\u1edbm nh\u1ea5t. Trong tr\u01b0\u1eddng h\u1ee3p b\u1ea5t kh\u1ea3 thi, h\u00e0ng \u0111\u1ebfn mu\u1ed9n, shop s\u1ebd li\u00ean h\u1ec7 tr\u1ef1c ti\u1ebfp v\u1edbi kh\u00e1ch h\u00e0ng \u0111\u1ec3 th\u00f4ng b\u00e1o th\u1eddi gian nh\u1eadn ch\u1eadm h\u01a1n d\u1ef1 ki\u1ebfn do ph\u00e1t sinh t\u1eeb ph\u00eda \u0111\u1ed1i t\u00e1c giao h\u00e0ng !<\/em><\/strong><\/p>\n<p style=\"text-align: justify;\">V\u1edbi c\u00e1c \u0111\u1ecba ch\u1ec9 ngo\u00e0i H\u00e0 N\u1ed9i b\u1ea1n c\u00f3 th\u1ec3 l\u1ef1a ch\u1ecdn h\u00ecnh th\u1ee9c thanh to\u00e1n khi nh\u1eadn h\u00e0ng ho\u1eb7c thanh to\u00e1n tr\u01b0\u1edbc qua chuy\u1ec3n kho\u1ea3n ng\u00e2n h\u00e0ng.<\/p>\n<p style=\"text-align: justify;\">Xem chi ti\u1ebft\u00a0c\u00e1c\u00a0h\u00ecnh th\u1ee9c thanh to\u00e1n<\/p>\n","protected":false},"excerpt":{"rendered":"<p>Chuy\u1ec3n h\u00e0ng nhanh ch\u00f3ng, an to\u00e1n v\u1edbi c\u00e1c ph\u01b0\u01a1ng th\u1ee9c giao h\u00e0ng linh ho\u1ea1t t\u1ea1i \u0110\u1ed3 Da Lano V\u1edbi kh\u00e1ch h\u00e0ng \u1edf H\u00e0 N\u1ed9i, TPHCM: V\u1edbi nh\u1eefng kh\u00e1ch h\u00e0ng thu\u1ed9c \u0111\u1ecba b\u00e0n n\u1ed9i th\u00e0nh H\u00e0 N\u1ed9i, TPHCM Shop c\u00f3 d\u1ecbch v\u1ee5 giao h\u00e0ng t\u1eadn n\u01a1i v\u00e0 mi\u1ec5n ph\u00ed ho\u00e0n to\u00e0n ph\u00ed chuy\u1ec3n h\u00e0ng trong b\u00e1n<\/p>\n","protected":false},"author":3,"featured_media":0,"parent":0,"menu_order":0,"comment_status":"closed","ping_status":"closed","template":"","meta":[],"yoast_head":"<!-- This site is optimized with the Yoast SEO plugin v14.7 - https:\/\/yoast.com\/wordpress\/plugins\/seo\/ -->\n<title>Ch\u00ednh s\u00e1ch v\u1eadn chuy\u1ec3n - Nh\u00f4m \u0110\u00fac Ho\u00e0 B\u00ecnh<\/title>\n<meta name=\"robots\" content=\"noindex, follow\" \/>\n<meta property=\"og:locale\" content=\"vi_VN\" \/>\n<meta property=\"og:type\" content=\"article\" \/>\n<meta property=\"og:title\" content=\"Ch\u00ednh s\u00e1ch v\u1eadn chuy\u1ec3n - Nh\u00f4m \u0110\u00fac Ho\u00e0 B\u00ecnh\" \/>\n<meta property=\"og:description\" content=\"Chuy\u1ec3n h\u00e0ng nhanh ch\u00f3ng, an to\u00e1n v\u1edbi c\u00e1c ph\u01b0\u01a1ng th\u1ee9c giao h\u00e0ng linh ho\u1ea1t t\u1ea1i \u0110\u1ed3 Da Lano V\u1edbi kh\u00e1ch h\u00e0ng \u1edf H\u00e0 N\u1ed9i, TPHCM: V\u1edbi nh\u1eefng kh\u00e1ch h\u00e0ng thu\u1ed9c \u0111\u1ecba b\u00e0n n\u1ed9i th\u00e0nh H\u00e0 N\u1ed9i, TPHCM Shop c\u00f3 d\u1ecbch v\u1ee5 giao h\u00e0ng t\u1eadn n\u01a1i v\u00e0 mi\u1ec5n ph\u00ed ho\u00e0n to\u00e0n ph\u00ed chuy\u1ec3n h\u00e0ng trong b\u00e1n\" \/>\n<meta property=\"og:url\" content=\"http:\/\/mau.hoabinhweb.com\/cuanhom1\/chinh-sach-van-chuyen\/\" \/>\n<meta property=\"og:site_name\" content=\"Nh\u00f4m \u0110\u00fac Ho\u00e0 B\u00ecnh\" \/>\n<meta name=\"twitter:card\" content=\"summary_large_image\" \/>\n<script type=\"application\/ld+json\" class=\"yoast-schema-graph\">{\"@context\":\"https:\/\/schema.org\",\"@graph\":[{\"@type\":\"WebSite\",\"@id\":\"https:\/\/mau.hoabinhweb.com\/cuanhom1\/#website\",\"url\":\"https:\/\/mau.hoabinhweb.com\/cuanhom1\/\",\"name\":\"Nh\\u00f4m \\u0110\\u00fac Ho\\u00e0 B\\u00ecnh\",\"description\":\"\",\"potentialAction\":[{\"@type\":\"SearchAction\",\"target\":\"https:\/\/mau.hoabinhweb.com\/cuanhom1\/?s={search_term_string}\",\"query-input\":\"required name=search_term_string\"}],\"inLanguage\":\"vi\"},{\"@type\":\"WebPage\",\"@id\":\"http:\/\/mau.hoabinhweb.com\/cuanhom1\/chinh-sach-van-chuyen\/#webpage\",\"url\":\"http:\/\/mau.hoabinhweb.com\/cuanhom1\/chinh-sach-van-chuyen\/\",\"name\":\"Ch\\u00ednh s\\u00e1ch v\\u1eadn chuy\\u1ec3n - Nh\\u00f4m \\u0110\\u00fac Ho\\u00e0 B\\u00ecnh\",\"isPartOf\":{\"@id\":\"https:\/\/mau.hoabinhweb.com\/cuanhom1\/#website\"},\"datePublished\":\"2020-10-08T15:30:24+00:00\",\"dateModified\":\"2020-10-08T15:30:24+00:00\",\"breadcrumb\":{\"@id\":\"http:\/\/mau.hoabinhweb.com\/cuanhom1\/chinh-sach-van-chuyen\/#breadcrumb\"},\"inLanguage\":\"vi\",\"potentialAction\":[{\"@type\":\"ReadAction\",\"target\":[\"http:\/\/mau.hoabinhweb.com\/cuanhom1\/chinh-sach-van-chuyen\/\"]}]},{\"@type\":\"BreadcrumbList\",\"@id\":\"http:\/\/mau.hoabinhweb.com\/cuanhom1\/chinh-sach-van-chuyen\/#breadcrumb\",\"itemListElement\":[{\"@type\":\"ListItem\",\"position\":1,\"item\":{\"@type\":\"WebPage\",\"@id\":\"http:\/\/mau.hoabinhweb.com\/cuanhom1\/\",\"url\":\"http:\/\/mau.hoabinhweb.com\/cuanhom1\/\",\"name\":\"Trang ch\\u1ee7\"}},{\"@type\":\"ListItem\",\"position\":2,\"item\":{\"@type\":\"WebPage\",\"@id\":\"http:\/\/mau.hoabinhweb.com\/cuanhom1\/chinh-sach-van-chuyen\/\",\"url\":\"http:\/\/mau.hoabinhweb.com\/cuanhom1\/chinh-sach-van-chuyen\/\",\"name\":\"Ch\\u00ednh s\\u00e1ch v\\u1eadn chuy\\u1ec3n\"}}]}]}<\/script>\n<!-- \/ Yoast SEO plugin. -->","_links":{"self":[{"href":"https:\/\/mau.hoabinhweb.com\/cuanhom1\/wp-json\/wp\/v2\/pages\/152"}],"collection":[{"href":"https:\/\/mau.hoabinhweb.com\/cuanhom1\/wp-json\/wp\/v2\/pages"}],"about":[{"href":"https:\/\/mau.hoabinhweb.com\/cuanhom1\/wp-json\/wp\/v2\/types\/page"}],"author":[{"embeddable":true,"href":"https:\/\/mau.hoabinhweb.com\/cuanhom1\/wp-json\/wp\/v2\/users\/3"}],"replies":[{"embeddable":true,"href":"https:\/\/mau.hoabinhweb.com\/cuanhom1\/wp-json\/wp\/v2\/comments?post=152"}],"version-history":[{"count":0,"href":"https:\/\/mau.hoabinhweb.com\/cuanhom1\/wp-json\/wp\/v2\/pages\/152\/revisions"}],"wp:attachment":[{"href":"https:\/\/mau.hoabinhweb.com\/cuanhom1\/wp-json\/wp\/v2\/media?parent=152"}],"curies":[{"name":"wp","href":"https:\/\/api.w.org\/{rel}","templated":true}]}}