{"id":151,"date":"2020-10-08T22:30:10","date_gmt":"2020-10-08T15:30:10","guid":{"rendered":"http:\/\/mau.hoabinhweb.com\/cuanhom1\/?page_id=151"},"modified":"2020-10-08T22:30:10","modified_gmt":"2020-10-08T15:30:10","slug":"chinh-sach-doi-tra-hang-hoan-tien","status":"publish","type":"page","link":"https:\/\/mau.hoabinhweb.com\/cuanhom1\/chinh-sach-doi-tra-hang-hoan-tien\/","title":{"rendered":"Ch\u00ednh s\u00e1ch \u0111\u1ed5i, tr\u1ea3 h\u00e0ng ho\u00e0n ti\u1ec1n"},"content":{"rendered":"<p style=\"text-align: justify;\">\u0110\u1ebfn v\u1edbi \u0110\u1ed3 da Lano b\u1ea1n ho\u00e0n to\u00e0n y\u00ean t\u00e2m s\u1ebd nh\u1eadn \u0111\u01b0\u1ee3c nh\u1eefng s\u1ea3n ph\u1ea9m t\u1ed1t nh\u1ea5t v\u1edbi gi\u00e1 th\u00e0nh t\u1ed1t nh\u1ea5t tr\u00ean th\u1ecb tr\u01b0\u1eddng. Ngo\u00e0i ra ch\u00fang t\u00f4i c\u00f3 nh\u1eefng ch\u00ednh s\u00e1ch \u0111\u1ed5i tr\u1ea3 h\u00e0ng v\u00e0 ho\u00e0n ti\u1ec1n h\u1ebft s\u1ee9c linh ho\u1ea1t \u0111\u1ea3m b\u1ea3o s\u1ebd l\u00e0m v\u1eeba l\u00f2ng qu\u00fd kh\u00e1ch.<\/p>\n<p style=\"text-align: justify;\"><strong>Th\u1eddi h\u1ea1n \u0111\u1ed5i s\u1ea3n ph\u1ea9m<\/strong><\/p>\n<p style=\"text-align: justify;\">V\u00ec l\u1ee3i \u00edch c\u1ee7a kh\u00e1ch h\u00e0ng, \u0110\u1ed3 Da Lano \u00e1p d\u1ee5ng th\u1eddi h\u1ea1n \u0111\u1ed5i h\u00e0ng trong v\u00f2ng 03 t\u1edbi 07 ng\u00e0y t\u00ednh t\u1eeb l\u00fac kh\u00e1ch h\u00e0ng nh\u1eadn s\u1ea3n ph\u1ea9m theo ch\u00ednh s\u00e1ch \u0111\u1ed5i tr\u1ea3 b\u00ean d\u01b0\u1edbi \u0111\u00e2y.\u00a0Vi\u1ec7c x\u00e1c \u0111\u1ecbnh th\u1eddi h\u1ea1n \u0111\u1ed5i h\u00e0ng c\u0103n c\u1ee9 v\u00e0o d\u1ea5u b\u01b0u \u0111i\u1ec7n tr\u00ean \u0111\u01a1n h\u00e0ng ho\u1eb7c bill thanh to\u00e1n cho \u0111\u01a1n h\u00e0ng.\u00a0\u0110\u1ed3 Da Lano s\u1ebd g\u1eedi l\u1ea1i cho b\u1ea1n s\u1ea3n ph\u1ea9m m\u1edbi trong v\u00f2ng 3 \u2013 7 ng\u00e0y k\u1ec3 t\u1eeb khi nh\u1eadn \u0111\u01b0\u1ee3c s\u1ea3n ph\u1ea9m \u0111\u1ed5i c\u1ee7a b\u1ea1n.<\/p>\n<p style=\"text-align: justify;\"><strong>Ch\u00ednh S\u00e1ch \u0110\u1ed5i Tr\u1ea3 h\u00e0ng:<\/strong><\/p>\n<ul style=\"text-align: justify;\">\n<li><strong>\u0110\u1ed5i m\u1edbi mi\u1ec5n ph\u00ed trong 7 ng\u00e0y:<\/strong>\u00a0N\u1ebfu ph\u00e1t hi\u1ec7n l\u1ed7i nh\u00e0 s\u1ea3n xu\u1ea5t, kh\u00e1ch h\u00e0ng \u0111\u01b0\u1ee3c quy\u1ec1n \u0111\u1ed5i l\u1ea5y s\u1ea3n ph\u1ea9m m\u1edbi trong 7\u00a0ng\u00e0y.Trong tr\u01b0\u1eddng h\u1ee3p l\u1ed7i s\u1ea3n ph\u1ea9m do nh\u00e0 s\u1ea3n xu\u1ea5t\u00a0<strong>b\u1ea1n s\u1ebd \u0111\u01b0\u1ee3c b\u1ed3i ho\u00e0n chi ph\u00ed v\u1eadn chuy\u1ec3n.\u00a0<\/strong>S\u1ea3n ph\u1ea9m \u0111\u1ed5i c\u1ea7n \u0111\u1ea3m b\u1ea3o c\u00e1c \u0111i\u1ec1u ki\u1ec7n sau :\n<ul>\n<li>S\u1ea3n ph\u1ea9m c\u00f2n trong th\u1eddi h\u1ea1n \u0111\u1ed5i<\/li>\n<li>S\u1ea3n ph\u1ea9m c\u00f2n nguy\u00ean tr\u1ea1ng nh\u01b0 khi \u0111\u1ebfn tay kh\u00e1ch h\u00e0ng, c\u00f2n nguy\u00ean tem m\u00e1c (n\u1ebfu c\u00f3), ch\u01b0a c\u00f3 d\u1ea5u hi\u1ec7u b\u1ecb s\u1eed d\u1ee5ng.<\/li>\n<li>S\u1ea3n ph\u1ea9m c\u00f2n \u0111\u1ee7 bao h\u1ed9p nh\u01b0 ban \u0111\u1ea7u c\u00f9ng c\u00e1c ph\u1ee5 ki\u1ec7n \u0111i k\u00e8m (n\u1ebfu c\u00f3)<\/li>\n<li>Ch\u01b0a b\u1ecb s\u1eed d\u1ee5ng, ch\u01b0a qua gi\u1eb7t t\u1ea9y, kh\u00f4ng c\u00f3 m\u00f9i l\u1ea1. N\u1ebfu s\u1ea3n ph\u1ea9m b\u1ea1n mua t\u1eeb \u0110\u1ed3 Da Lano v\u00e0 khi nh\u1eadn \u0111\u01b0\u1ee3c b\u1ea1n th\u1ea5y n\u00f3 b\u1ecb h\u01b0 h\u1ecfng, l\u1ed7i, v\u1eabn c\u00f2n h\u1ea1n \u0111\u1ed5i, b\u1ea1n c\u00f3 th\u1ec3 l\u00e0m theo H\u01b0\u1edbng d\u1eabn \u0111\u1ed5i \u0111\u1ec3 \u0111\u01b0\u1ee3c thay th\u1ebf b\u1eb1ng s\u1ea3n ph\u1ea9m m\u1edbi. Tr\u01b0\u1eddng h\u1ee3p b\u1ea1n c\u1ea3m th\u1ea5y s\u1ea3n ph\u1ea9m b\u1ea1n nh\u1eadn \u0111\u01b0\u1ee3c b\u1ecb h\u01b0 h\u1ecfng do bao b\u00ec \u0111\u00f3ng g\u00f3i kh\u00f4ng \u0111\u1ea1t ti\u00eau chu\u1ea9n, h\u00e3y ph\u1ea3n h\u1ed3i l\u1ea1i cho ch\u00fang t\u00f4i theo \u0111\u01b0\u1eddng d\u00e2y n\u00f3ng 0366.100.999 Tr\u01b0\u1eddng h\u1ee3p b\u1ea1n nh\u1eadn \u0111\u01b0\u1ee3c s\u1ea3n ph\u1ea9m m\u00ecnh kh\u00f4ng \u0111\u1eb7t mua, h\u00e3y li\u00ean h\u1ec7 v\u1edbi \u0110\u1ed3 Da Lano ngay \u0111\u1ec3 \u0111\u01b0\u1ee3c tr\u1ee3 gi\u00fap<\/li>\n<li>\u00c1p d\u1ee5ng tr\u00ean to\u00e0n qu\u1ed1c<\/li>\n<\/ul>\n<\/li>\n<li><strong>C\u00e1c s\u1ea3n ph\u1ea9m nh\u01b0 sau s\u1ebd kh\u00f4ng \u0111\u01b0\u1ee3c \u0111\u1ed5i<\/strong>:\n<ul>\n<li>S\u1ea3n ph\u1ea9m kh\u00f4ng c\u00f2n trong th\u1eddi h\u1ea1n \u0111\u1ed5i nh\u01b0 quy \u0111\u1ecbnh.<\/li>\n<li>S\u1ea3n ph\u1ea9m kh\u00f4ng c\u00f2n nguy\u00ean tr\u1ea1ng nh\u01b0 l\u00fac giao h\u00e0ng, c\u00f3 d\u1ea5u hi\u1ec7u \u0111\u00e3 s\u1eed d\u1ee5ng (b\u1ecb m\u1ea5t tem, m\u00e1c, r\u00e1ch, c\u00f3 m\u00f9i l\u1ea1\u2026)<\/li>\n<li>S\u1ea3n ph\u1ea9m kh\u00f4ng c\u00f2n \u0111\u1ee7 c\u00e1c ph\u1ee5 ki\u1ec7n k\u00e8m theo nh\u01b0 l\u00fac giao h\u00e0ng.<\/li>\n<li>S\u1ea3n ph\u1ea9m \u0111\u01b0\u1ee3c mua ho\u1eb7c t\u1eb7ng k\u00e8m theo trong c\u00e1c ch\u01b0\u01a1ng tr\u00ecnh khuy\u1ebfn m\u00e3i.<\/li>\n<li>S\u1ea3n ph\u1ea9m \u0111\u01b0\u1ee3c mua trong c\u00e1c ch\u01b0\u01a1ng tr\u00ecnh thanh l\u00fd<\/li>\n<\/ul>\n<\/li>\n<li><strong>\u0110\u1ed5i h\u00e0ng theo y\u00eau c\u1ea7u ri\u00eang kh\u00f4ng do l\u1ed7i s\u1ea3n ph\u1ea9m<\/strong>\u00a0: T\u00f9y tr\u01b0\u1eddng h\u1ee3p\u00a0<strong>\u0110\u1ed3 Da Lano<\/strong>\u00a0s\u1ebd h\u1ed7 tr\u1ee3 \u0111\u1ed5i l\u1ea1i s\u1ea3n ph\u1ea9m trong v\u00f2ng 3 ng\u00e0y k\u1ec3 t\u1eeb ng\u00e0y mua h\u00e0ng.B\u1ea1n ch\u1ec9 \u0111\u01b0\u1ee3c \u0111\u1ed5i sang s\u1ea3n ph\u1ea9m kh\u00e1c l\u1edbn h\u01a1n ho\u1eb7c b\u1eb1ng gi\u00e1 s\u1ea3n ph\u1ea9m b\u1ea1n \u0111\u00e3 mua. B\u1ea1n s\u1ebd ph\u1ea3i tr\u1ea3 th\u00eam chi ph\u00ed ch\u00eanh l\u1ec7ch v\u00e0 ph\u00ed ship \u0111\u1ed5i h\u00e0ng.\u00a0<strong>\u0110\u1ed3 Da Lano<\/strong>\u00a0c\u00f3 quy\u1ec1n t\u1eeb ch\u1ed1i \u0111\u1ed5i s\u1ea3n ph\u1ea9m n\u1ebfu s\u1ea3n ph\u1ea9m kh\u00e1ch h\u00e0ng mu\u1ed1n \u0111\u1ed5i kh\u00f4ng c\u00f2n h\u00e0ng trong kho ho\u1eb7c gi\u00e1 tr\u1ecb s\u1ea3n ph\u1ea9m \u0111\u1ed5i th\u1ea5p h\u01a1n gi\u00e1 tr\u1ecb s\u1ea3n ph\u1ea9m \u0111\u00e3 mua.<\/li>\n<\/ul>\n<p style=\"text-align: justify;\"><strong>C\u00e1ch th\u1ee9c \u0111\u1ed5i s\u1ea3n ph\u1ea9m:<\/strong>\u00a0\u0110\u1ec3 \u0111\u0103ng k\u00fd \u0111\u1ed5i s\u1ea3n ph\u1ea9m, kh\u00e1ch h\u00e0ng vui l\u00f2ng l\u00e0m theo c\u00e1c b\u01b0\u1edbc sau<\/p>\n<ul style=\"text-align: justify;\">\n<li>Li\u00ean h\u1ec7 tr\u1ef1c ti\u1ebfp v\u1edbi hotline: 0366100999 th\u00f4ng b\u00e1o v\u1ec1 t\u00ecnh tr\u1ea1ng l\u1ed7i s\u1ea3n ph\u1ea9m b\u1eb1ng c\u00e1ch ch\u1ee5p h\u00ecnh g\u1eedi t\u1edbi zalo, imess, viber c\u1ee7a hotline.<\/li>\n<li>\u0110\u00f3ng g\u00f3i c\u00e1c s\u1ea3n ph\u1ea9m c\u1ea7n \u0111\u1ed5i v\u00e0o h\u1ed9p.<\/li>\n<li>D\u00e1n nh\u00e3n \u0111\u1ed5i h\u00e0ng t\u1eeb b\u00ean ngo\u00e0i ki\u1ec7n h\u00e0ng<\/li>\n<li>G\u1eedi ki\u1ec7n h\u00e0ng \u0111\u1ed5i cho ch\u00fang t\u00f4i th\u00f4ng qua b\u01b0u \u0111i\u1ec7n g\u1ea7n nh\u00e0 ho\u1eb7c li\u00ean l\u1ea1c hotline 0366100999 \u0111\u1ec3 y\u00eau c\u1ea7u nh\u00e2n vi\u00ean giao nh\u1eadn\u0111\u1ebfn nh\u1eadn l\u1ea1i \u0111\u01a1n h\u00e0ng \u0111\u1ed5i tr\u1ea3 c\u1ee7a b\u1ea1n ( trong khu v\u1ef1c n\u1ed9i th\u00e0nh H\u00e0 N\u1ed9i ho\u1eb7c HCM )<\/li>\n<li>(*) Lano.vn s\u1ebd g\u1eedi l\u1ea1i cho b\u1ea1n s\u1ea3n ph\u1ea9m m\u1edbi trong v\u00f2ng 07 ng\u00e0y k\u1ec3 t\u1eeb l\u00fac nh\u1eadn \u0111\u01b0\u1ee3c s\u1ea3n ph\u1ea9m \u0111\u1ed5i t\u1eeb b\u1ea1n. H\u00e3y \u0111\u1ea3m b\u1ea3o r\u1eb1ng b\u1ea1n kh\u00f4ng \u0111\u00f3ng g\u00f3i c\u00e1c s\u1ea3n ph\u1ea9m t\u1eeb nh\u1eefng \u0111\u01a1n h\u00e0ng kh\u00e1c nhau v\u00e0o c\u00f9ng 1 h\u1ed9p. Lano.vn kh\u00f4ng ch\u1ecbu b\u1ea5t k\u1ef3 tr\u00e1ch nhi\u1ec7m ti\u1ebfp nh\u1eadn, x\u1eed l\u00fd, b\u1ed3i ho\u00e0n n\u00e0o cho tr\u01b0\u1eddng h\u1ee3p t\u01b0\u01a1ng t\u1ef1.<\/li>\n<\/ul>\n<p style=\"text-align: justify;\"><strong>\u0110\u1ed3 Da Lano s\u1ebd kh\u00f4ng ch\u1ecbu tr\u00e1ch nhi\u1ec7m ti\u1ebfp nh\u1eadn, x\u1eed l\u00fd, b\u1ed3i ho\u00e0n cho c\u00e1c \u0111\u01a1n h\u00e0ng\/s\u1ea3n ph\u1ea9m kh\u00f4ng th\u00f4ng qua c\u00e1c b\u01b0\u1edbc tr\u00ean.<\/strong><\/p>\n<p style=\"text-align: justify;\"><strong>M\u1ed9t s\u1ed1 l\u01b0u \u00fd chung :<\/strong><\/p>\n<ul>\n<li style=\"text-align: justify;\">Ph\u1ea1m vi ho\u1ea1t \u0111\u1ed9ng c\u1ee7a nh\u00e2n vi\u00ean giao nh\u1eadn \u0110\u1ed3 Da Lano:\n<ul>\n<li>H\u00e0 N\u1ed9i : N\u1ed9i th\u00e0nh H\u00e0 N\u1ed9i c\u00e1ch c\u1eeda h\u00e0ng kh\u00f4ng qu\u00e1 5km.<\/li>\n<li>6 qu\u1eadn n\u1ed9i th\u00e0nh TP. HCM (g\u1ed3m qu\u1eadn 1, qu\u1eadn 3, qu\u1eadn 5, qu\u1eadn b\u00ecnh th\u1ea1nh, qu\u1eadn T\u00e2n B\u00ecnh, qu\u1eadn Ph\u00fa Nhu\u1eadn) . Nh\u00e2n vi\u00ean s\u1ebd \u0111\u1ebfn nh\u1eadn \u0111\u01a1n h\u00e0ng \u0111\u1ed5i trong v\u00f2ng 48 gi\u1edd k\u1ec3 t\u1eeb l\u00fac nh\u1eadn \u0111\u01b0\u1ee3c y\u00eau c\u1ea7u v\u1eadn chuy\u1ec3n \u0111\u1ed5i (kh\u00f4ng t\u00ednh ng\u00e0y ngh\u1ec9 \u2013 th\u1ee9 7, Ch\u1ee7 nh\u1eadt v\u00e0 ng\u00e0y l\u1ec5).<\/li>\n<\/ul>\n<\/li>\n<li style=\"text-align: justify;\">\u0110\u1ed1i v\u1edbi \u0111\u01a1n h\u00e0ng \u0111\u1ed5i do Lano v\u1eadn chuy\u1ec3n, b\u1ea1n c\u00f3 th\u1ec3 ph\u1ea3i tr\u1ea3 20.000\u0111 ph\u00ed qu\u1ea3n l\u00fd. Nh\u00e2n vi\u00ean \u0111\u1ebfn nh\u1eadn \u0111\u01a1n h\u00e0ng \u0111\u1ed5i s\u1ebd kh\u00f4ng thu b\u1ea5t c\u1ee9 chi ph\u00ed n\u00e0o<\/li>\n<li style=\"text-align: justify;\"><\/li>\n<li style=\"text-align: justify;\">Th\u1eddi gian \u0111\u1ed5i h\u00e0ng s\u1ebd \u0111\u01b0\u1ee3c t\u00ednh t\u1eeb l\u00fac b\u1ea1n y\u00eau c\u1ea7u nh\u00e2n vi\u00ean giao nh\u1eadn c\u1ee7a \u0111\u1ebfn nh\u1eadn \u0111\u01a1n h\u00e0ng \u0111\u1ed5i. Tuy nhi\u00ean, sau 2 l\u1ea7n nh\u00e2n vi\u00ean \u0111\u1ebfn nh\u01b0ng kh\u00f4ng nh\u1eadn \u0111\u01b0\u1ee3c \u0111\u01a1n h\u00e0ng \u0111\u1ed5i, th\u00ec ch\u00fang t\u00f4i s\u1ebd kh\u00f4ng ch\u1ecbu b\u1ea5t k\u1ef3 tr\u00e1ch nhi\u1ec7m n\u00e0o li\u00ean quan \u0111\u1ebfn \u0111\u01a1n h\u00e0ng \u0111\u1ed5i \u0111\u00f3. Trong tr\u01b0\u1eddng h\u1ee3p n\u00e0y, b\u1ea1n c\u00f3 th\u1ec3 g\u1eedi \u0111\u01a1n h\u00e0ng \u0111\u1ed5i qua \u0111\u01b0\u1eddng b\u01b0u \u0111i\u1ec7n. Th\u1eddi gian \u0111\u1ed5i s\u1ebd \u0111\u01b0\u1ee3c \u0111i\u1ec1u ch\u1ec9nh l\u1ea1i d\u1ef1a v\u00e0o d\u1ea5u b\u01b0u \u0111i\u1ec7n.<\/li>\n<li style=\"text-align: justify;\"><\/li>\n<li style=\"text-align: justify;\">Khi th\u1eddi h\u1ea1n \u0111\u1ed5i cho \u0111\u01a1n h\u00e0ng k\u1ebft th\u00fac, b\u1ea1n s\u1ebd kh\u00f4ng th\u1ec3 y\u00eau c\u1ea7u nh\u00e2n vi\u00ean giao nh\u1eadn c\u1ee7a Lano.vn \u0111\u1ebfn nh\u1eadn \u0111\u01a1n h\u00e0ng \u0111\u1ed5i c\u1ee7a b\u1ea1n.<\/li>\n<\/ul>\n","protected":false},"excerpt":{"rendered":"<p>\u0110\u1ebfn v\u1edbi \u0110\u1ed3 da Lano b\u1ea1n ho\u00e0n to\u00e0n y\u00ean t\u00e2m s\u1ebd nh\u1eadn \u0111\u01b0\u1ee3c nh\u1eefng s\u1ea3n ph\u1ea9m t\u1ed1t nh\u1ea5t v\u1edbi gi\u00e1 th\u00e0nh t\u1ed1t nh\u1ea5t tr\u00ean th\u1ecb tr\u01b0\u1eddng. Ngo\u00e0i ra ch\u00fang t\u00f4i c\u00f3 nh\u1eefng ch\u00ednh s\u00e1ch \u0111\u1ed5i tr\u1ea3 h\u00e0ng v\u00e0 ho\u00e0n ti\u1ec1n h\u1ebft s\u1ee9c linh ho\u1ea1t \u0111\u1ea3m b\u1ea3o s\u1ebd l\u00e0m v\u1eeba l\u00f2ng qu\u00fd kh\u00e1ch. Th\u1eddi h\u1ea1n \u0111\u1ed5i<\/p>\n","protected":false},"author":3,"featured_media":0,"parent":0,"menu_order":0,"comment_status":"closed","ping_status":"closed","template":"","meta":[],"yoast_head":"<!-- This site is optimized with the Yoast SEO plugin v14.7 - https:\/\/yoast.com\/wordpress\/plugins\/seo\/ -->\n<title>Ch\u00ednh s\u00e1ch \u0111\u1ed5i, tr\u1ea3 h\u00e0ng ho\u00e0n ti\u1ec1n - Nh\u00f4m \u0110\u00fac Ho\u00e0 B\u00ecnh<\/title>\n<meta name=\"robots\" content=\"noindex, follow\" \/>\n<meta property=\"og:locale\" content=\"vi_VN\" \/>\n<meta property=\"og:type\" content=\"article\" \/>\n<meta property=\"og:title\" content=\"Ch\u00ednh s\u00e1ch \u0111\u1ed5i, tr\u1ea3 h\u00e0ng ho\u00e0n ti\u1ec1n - Nh\u00f4m \u0110\u00fac Ho\u00e0 B\u00ecnh\" \/>\n<meta property=\"og:description\" content=\"\u0110\u1ebfn v\u1edbi \u0110\u1ed3 da Lano b\u1ea1n ho\u00e0n to\u00e0n y\u00ean t\u00e2m s\u1ebd nh\u1eadn \u0111\u01b0\u1ee3c nh\u1eefng s\u1ea3n ph\u1ea9m t\u1ed1t nh\u1ea5t v\u1edbi gi\u00e1 th\u00e0nh t\u1ed1t nh\u1ea5t tr\u00ean th\u1ecb tr\u01b0\u1eddng. Ngo\u00e0i ra ch\u00fang t\u00f4i c\u00f3 nh\u1eefng ch\u00ednh s\u00e1ch \u0111\u1ed5i tr\u1ea3 h\u00e0ng v\u00e0 ho\u00e0n ti\u1ec1n h\u1ebft s\u1ee9c linh ho\u1ea1t \u0111\u1ea3m b\u1ea3o s\u1ebd l\u00e0m v\u1eeba l\u00f2ng qu\u00fd kh\u00e1ch. Th\u1eddi h\u1ea1n \u0111\u1ed5i\" \/>\n<meta property=\"og:url\" content=\"http:\/\/mau.hoabinhweb.com\/cuanhom1\/chinh-sach-doi-tra-hang-hoan-tien\/\" \/>\n<meta property=\"og:site_name\" content=\"Nh\u00f4m \u0110\u00fac Ho\u00e0 B\u00ecnh\" \/>\n<meta name=\"twitter:card\" content=\"summary_large_image\" \/>\n<script type=\"application\/ld+json\" class=\"yoast-schema-graph\">{\"@context\":\"https:\/\/schema.org\",\"@graph\":[{\"@type\":\"WebSite\",\"@id\":\"https:\/\/mau.hoabinhweb.com\/cuanhom1\/#website\",\"url\":\"https:\/\/mau.hoabinhweb.com\/cuanhom1\/\",\"name\":\"Nh\\u00f4m \\u0110\\u00fac Ho\\u00e0 B\\u00ecnh\",\"description\":\"\",\"potentialAction\":[{\"@type\":\"SearchAction\",\"target\":\"https:\/\/mau.hoabinhweb.com\/cuanhom1\/?s={search_term_string}\",\"query-input\":\"required name=search_term_string\"}],\"inLanguage\":\"vi\"},{\"@type\":\"WebPage\",\"@id\":\"http:\/\/mau.hoabinhweb.com\/cuanhom1\/chinh-sach-doi-tra-hang-hoan-tien\/#webpage\",\"url\":\"http:\/\/mau.hoabinhweb.com\/cuanhom1\/chinh-sach-doi-tra-hang-hoan-tien\/\",\"name\":\"Ch\\u00ednh s\\u00e1ch \\u0111\\u1ed5i, tr\\u1ea3 h\\u00e0ng ho\\u00e0n ti\\u1ec1n - Nh\\u00f4m \\u0110\\u00fac Ho\\u00e0 B\\u00ecnh\",\"isPartOf\":{\"@id\":\"https:\/\/mau.hoabinhweb.com\/cuanhom1\/#website\"},\"datePublished\":\"2020-10-08T15:30:10+00:00\",\"dateModified\":\"2020-10-08T15:30:10+00:00\",\"breadcrumb\":{\"@id\":\"http:\/\/mau.hoabinhweb.com\/cuanhom1\/chinh-sach-doi-tra-hang-hoan-tien\/#breadcrumb\"},\"inLanguage\":\"vi\",\"potentialAction\":[{\"@type\":\"ReadAction\",\"target\":[\"http:\/\/mau.hoabinhweb.com\/cuanhom1\/chinh-sach-doi-tra-hang-hoan-tien\/\"]}]},{\"@type\":\"BreadcrumbList\",\"@id\":\"http:\/\/mau.hoabinhweb.com\/cuanhom1\/chinh-sach-doi-tra-hang-hoan-tien\/#breadcrumb\",\"itemListElement\":[{\"@type\":\"ListItem\",\"position\":1,\"item\":{\"@type\":\"WebPage\",\"@id\":\"http:\/\/mau.hoabinhweb.com\/cuanhom1\/\",\"url\":\"http:\/\/mau.hoabinhweb.com\/cuanhom1\/\",\"name\":\"Trang ch\\u1ee7\"}},{\"@type\":\"ListItem\",\"position\":2,\"item\":{\"@type\":\"WebPage\",\"@id\":\"http:\/\/mau.hoabinhweb.com\/cuanhom1\/chinh-sach-doi-tra-hang-hoan-tien\/\",\"url\":\"http:\/\/mau.hoabinhweb.com\/cuanhom1\/chinh-sach-doi-tra-hang-hoan-tien\/\",\"name\":\"Ch\\u00ednh s\\u00e1ch \\u0111\\u1ed5i, tr\\u1ea3 h\\u00e0ng ho\\u00e0n ti\\u1ec1n\"}}]}]}<\/script>\n<!-- \/ Yoast SEO plugin. -->","_links":{"self":[{"href":"https:\/\/mau.hoabinhweb.com\/cuanhom1\/wp-json\/wp\/v2\/pages\/151"}],"collection":[{"href":"https:\/\/mau.hoabinhweb.com\/cuanhom1\/wp-json\/wp\/v2\/pages"}],"about":[{"href":"https:\/\/mau.hoabinhweb.com\/cuanhom1\/wp-json\/wp\/v2\/types\/page"}],"author":[{"embeddable":true,"href":"https:\/\/mau.hoabinhweb.com\/cuanhom1\/wp-json\/wp\/v2\/users\/3"}],"replies":[{"embeddable":true,"href":"https:\/\/mau.hoabinhweb.com\/cuanhom1\/wp-json\/wp\/v2\/comments?post=151"}],"version-history":[{"count":0,"href":"https:\/\/mau.hoabinhweb.com\/cuanhom1\/wp-json\/wp\/v2\/pages\/151\/revisions"}],"wp:attachment":[{"href":"https:\/\/mau.hoabinhweb.com\/cuanhom1\/wp-json\/wp\/v2\/media?parent=151"}],"curies":[{"name":"wp","href":"https:\/\/api.w.org\/{rel}","templated":true}]}}