{"id":150,"date":"2020-10-08T22:29:51","date_gmt":"2020-10-08T15:29:51","guid":{"rendered":"http:\/\/mau.hoabinhweb.com\/cuanhom1\/?page_id=150"},"modified":"2020-10-08T22:29:51","modified_gmt":"2020-10-08T15:29:51","slug":"chinh-sach-bao-hanh-2","status":"publish","type":"page","link":"https:\/\/mau.hoabinhweb.com\/cuanhom1\/chinh-sach-bao-hanh-2\/","title":{"rendered":"Ch\u00ednh s\u00e1ch b\u1ea3o h\u00e0nh"},"content":{"rendered":"<p style=\"text-align: justify;\">Xin ch\u00e2n th\u00e0nh c\u1ea3m \u01a1n qu\u00fd kh\u00e1ch h\u00e0ng \u0111\u00e3 s\u1edf h\u1eefu v\u00e0 s\u1eed d\u1ee5ng s\u1ea3n ph\u1ea9m \u0111\u1ed3 da Lano. D\u01b0\u1edbi \u0111\u00e2y l\u00e0 m\u1ed9t s\u1ed1 quy\u1ec1n l\u1ee3i c\u1ee7a kh\u00e1ch h\u00e0ng trong qu\u00e1 tr\u00ecnh s\u1eed d\u1ee5ng s\u1ea3n ph\u1ea9m:<\/p>\n<p style=\"text-align: justify;\"><strong>I. Ch\u00ednh s\u00e1ch b\u1ea3o h\u00e0nh :<\/strong><\/p>\n<ul style=\"text-align: justify;\">\n<li><b>B\u1ea3o h\u00e0nh (s\u1eeda ch\u1eefa mi\u1ec5n ph\u00ed):\u00a0<\/b>l\u00e0 qu\u00e1 tr\u00ecnh l\u00e0m m\u1edbi, s\u1eeda ch\u1eefa c\u00e1c l\u1ed7i do nh\u00e0 s\u1ea3n xu\u1ea5t. M\u1ecdi s\u1ea3n ph\u1ea9m \u0111\u01b0\u1ee3c b\u1ea3o h\u00e0nh 12 th\u00e1ng k\u1ec3 t\u1eeb ng\u00e0y mua.<\/li>\n<li><b>S\u1eeda ch\u1eefa m\u1ea5t ph\u00ed:\u00a0<\/b>l\u00e0 qu\u00e1 tr\u00ecnh s\u1eeda ch\u1eefa s\u1ea3n ph\u1ea9m m\u00e0 c\u00e1c l\u1ed7i do ng\u01b0\u1eddi s\u1eed d\u1ee5ng ho\u1eb7c c\u00e1c s\u1ea3n ph\u1ea9m \u0111\u00e3 qu\u00e1 th\u1eddi gian 12 th\u00e1ng k\u1ec3 t\u1eeb ng\u00e0y mua s\u1ea3n ph\u1ea9m.<\/li>\n<li><b>Nh\u1eefng s\u1ea3n ph\u1ea9m \u0111\u01b0\u1ee3c b\u1ea3o h\u00e0nh:<\/b>\n<ul>\n<li>S\u1ea3n ph\u1ea9m do \u0110\u1ed3 da Lano ph\u00e2n ph\u1ed1i v\u00e0 c\u00f2n trong th\u1eddi h\u1ea1n b\u1ea3o h\u00e0nh: trong v\u00f2ng 12 th\u00e1ng k\u1ec3 t\u1eeb ng\u00e0y mua s\u1ea3n ph\u1ea9m. Ng\u00e0y mua s\u1ea3n ph\u1ea9m \u0111\u01b0\u1ee3c t\u00ednh t\u1eeb ng\u00e0y ghi tr\u00ean ho\u00e1 \u0111\u01a1n, phi\u1ebfu BH ho\u1eb7c tra c\u1ee9u tr\u00ean h\u1ec7 th\u1ed1ng d\u1eef li\u1ec7u c\u1ee7a c\u00f4ng ty.<\/li>\n<li>S\u1ea3n ph\u1ea9m \u0111\u01b0\u1ee3c s\u1eed d\u1ee5ng \u0111\u00fang c\u00e1ch theo h\u01b0\u1edbng d\u1eabn s\u1eed d\u1ee5ng c\u1ee7a c\u00f4ng ty. Chi ti\u1ebft h\u01b0\u1edbng d\u1eabn s\u1eed d\u1ee5ng \u0111i k\u00e8m s\u1ea3n ph\u1ea9m<\/li>\n<li>Phi\u1ebfu b\u1ea3o h\u00e0nh ph\u1ea3i c\u00f2n nguy\u00ean v\u1eb9n, ph\u1ea3i th\u1ec3 hi\u1ec7n r\u00f5 t\u00ean kh\u00e1ch h\u00e0ng v\u00e0 ng\u00e0y mua, kh\u00f4ng ch\u1eafp n\u1ed1i, kh\u00f4ng b\u1ecb t\u1ea9y x\u00f3a<\/li>\n<li>S\u1ea3n ph\u1ea9m b\u1ecb h\u01b0 h\u1ecfng do l\u1ed7i k\u1ef9 thu\u1eadt c\u1ee7a nh\u00e0 s\u1ea3n xu\u1ea5t.<\/li>\n<li>L\u1edbp keo d\u00e1n, keo \u00e9p nhi\u1ec7t b\u1ecb bong d\u00f9 \u0111\u01b0\u1ee3c s\u1eed d\u1ee5ng \u0111\u00fang c\u00e1ch.<\/li>\n<li>B\u1ec1 m\u1eb7t da b\u1ecb m\u1ee7n, b\u1ecb th\u1ee7ng d\u00f9 kh\u00f4ng b\u1ecb c\u1ecd x\u00e1t v\u00e0o nh\u1eefng v\u1eadt c\u1ee9ng, nh\u1ecdn.<\/li>\n<li>L\u1ed7i do qu\u00e1 tr\u00ecnh v\u1eadn chuy\u1ec3n \u0111\u1ebfn kh\u00e1ch h\u00e0ng (c\u00f3 bi\u00ean b\u1ea3n giao nh\u1eadn \u0111i k\u00e8m).<\/li>\n<\/ul>\n<\/li>\n<\/ul>\n<ul style=\"text-align: justify;\">\n<li><b>Nh\u1eefng s\u1ea3n ph\u1ea9m kh\u00f4ng \u0111\u01b0\u1ee3c b\u1ea3o h\u00e0nh, \u0111\u01b0\u1ee3c s\u1eeda ch\u1eefa m\u1ea5t ph\u00ed<\/b>\n<ul>\n<li>Nh\u1eefng s\u1ea3n ph\u1ea9m h\u1ebft th\u1eddi h\u1ea1n b\u1ea3o h\u00e0nh.<\/li>\n<li>Nh\u1eefng s\u1ea3n ph\u1ea9m b\u1ecb l\u1ed7i do kh\u00e1ch h\u00e0ng s\u1eed d\u1ee5ng v\u00e0 b\u1ea3o qu\u1ea3n kh\u00f4ng \u0111\u00fang h\u01b0\u1edbng d\u1eabn s\u1eed d\u1ee5ng, nh\u1eefng l\u1ed7i th\u01b0\u1eddng g\u1eb7p:\n<ol>\n<li><b>L\u1ed7i da<\/b>\n<ul>\n<li>Da b\u1ecb tr\u1ea7y x\u01b0\u1edbc ho\u1eb7c th\u1ee7ng do ti\u1ebfp x\u00fac v\u1edbi v\u1eadt c\u1ee9ng, s\u1eafc nh\u1ecdn nh\u01b0 c\u1ecd v\u00e0o t\u01b0\u1eddng, m\u00f3c v\u00e0o \u0111inh.<\/li>\n<li>Da b\u1ecb g\u00e3y g\u1eadp b\u1ec1 m\u1eb7t do \u0111\u1ec3 v\u1eadt n\u1eb7ng l\u00ean s\u1ea3n ph\u1ea9m ho\u1eb7c nh\u00e9t s\u1ea3n ph\u1ea9m v\u00e0o c\u1ed1p xe m\u00e1y qu\u00e1 b\u00e9: th\u01b0\u1eddng nh\u1eefng s\u1ea3n ph\u1ea9m da th\u1eadt s\u1ebd \u0111\u00e0n h\u1ed3i v\u00e0 h\u1ed3i ph\u1ee5c l\u1ea1i ch\u1ec9 b\u1ecb nh\u0103n kh\u00f4ng b\u1ecb g\u00e3y \u0111\u1ee9t t\u1ea1i v\u1ebft g\u1ea5p nh\u01b0 s\u1ea3n ph\u1ea9m gi\u1ea3 da. B\u1ea1n c\u00f3 th\u1ec3 nh\u00e9t gi\u1ea5y ho\u1eb7c d\u00f9ng tay k\u00e9o nh\u1eefng ch\u1ed7 b\u1ecb nh\u0103n \u0111\u1ec3 qu\u00e1 tr\u00ecnh h\u1ed3i ph\u1ee5c \u0111\u01b0\u1ee3c nhanh h\u01a1n.<\/li>\n<li>Da b\u1ecb \u1ed1 ho\u1eb7c b\u1ea1c m\u00e0u do ti\u1ebfp x\u00fac v\u1edbi m\u1ed3 h\u00f4i, ho\u00e1 ch\u1ea5t ho\u1eb7c n\u01b0\u1edbc m\u01b0a: do kh\u00f4ng c\u1ea9n th\u1eadn trong qu\u00e1 tr\u00ecnh s\u1eed d\u1ee5ng.<\/li>\n<\/ul>\n<\/li>\n<li><b>L\u1ed7i l\u1edbp \u00e9p nhi\u1ec7t, bong ch\u1ed7 d\u00e1n:\u00a0<\/b>th\u01b0\u1eddng x\u1ea3y ra \u1edf v\u00ed nam khi ng\u01b0\u1eddi s\u1eed d\u1ee5ng \u0111\u1ec3 trong t\u00fai qu\u1ea7n v\u00e0 ng\u1ed3i l\u00ean ho\u1eb7c g\u00e3y g\u1eadp khi ng\u1ed3i. Ho\u1eb7c nh\u1eefng s\u1ea3n ph\u1ea9m b\u1ecb \u1ea9m nh\u01b0 th\u1eaft l\u01b0ng \u0111eo khi tr\u1eddi m\u01b0a\u2026<\/li>\n<li><b>L\u1ed7i ph\u1ee5 ki\u1ec7n:\u00a0<\/b>kh\u00e1ch h\u00e0ng k\u00e9o m\u1ea1nh tay khi kho\u00e1 b\u1ecb k\u1eb9t, b\u1ecb v\u1eadt n\u1eb7ng \u0111\u00e8 l\u00ean.<\/li>\n<\/ol>\n<\/li>\n<\/ul>\n<\/li>\n<\/ul>\n<p style=\"text-align: justify;\"><b>II. Quy tr\u00ecnh ti\u1ebfp nh\u1eadn, b\u1ea3o h\u00e0nh v\u00e0 s\u1eeda ch\u1eefa s\u1ea3n ph\u1ea9m:<\/b><\/p>\n<p style=\"text-align: justify;\"><b>\u0110\u1ecba \u0111i\u1ec3m ti\u1ebfp nh\u1eadn:\u00a0<\/b>Khi s\u1ea3n ph\u1ea9m c\u1ea7n b\u1ea3o h\u00e0nh ho\u1eb7c s\u1eeda ch\u1eefa qu\u00fd kh\u00e1ch c\u00f3 th\u1ec3 \u0111em t\u1edbi c\u1eeda h\u00e0ng \u0110\u1ed3 Da Lano theo \u0111\u1ecba ch\u1ec9 tr\u00ean website:\u00a0<b><i>https:\/\/tuixachda.net ho\u1eb7c\u00a0<\/i><\/b><b><i>https:\/\/lano.vn<\/i><\/b><\/p>\n<p style=\"text-align: justify;\"><b>Quy tr\u00ecnh giao nh\u1eadn s\u1ea3n ph\u1ea9m<\/b><\/p>\n<ul style=\"text-align: justify;\">\n<li>Khi kh\u00e1ch h\u00e0ng mang s\u1ea3n ph\u1ea9m l\u1ed7i \u0111\u1ebfn c\u1eeda h\u00e0ng, nh\u00e2n vi\u00ean t\u1ea1i c\u1eeda h\u00e0ng c\u00f3 tr\u00e1ch nhi\u1ec7m l\u1eafng nghe v\u00e0 ghi chi ti\u1ebft c\u00e1c l\u1ed7i c\u1ee7a s\u1ea3n ph\u1ea9m v\u00e0 ghi gi\u1ea5y bi\u00ean nh\u1eadn giao cho kh\u00e1ch h\u00e0ng. Nh\u00e2n vi\u00ean b\u00e1n h\u00e0ng kh\u00f4ng c\u00f3 th\u1ea9m quy\u1ec1n quy\u1ebft \u0111\u1ecbnh l\u1ed7i s\u1ea3n ph\u1ea9m l\u00e0 do kh\u00e1ch h\u00e0ng hay do nh\u00e0 s\u1ea3n xu\u1ea5t, c\u0169ng nh\u01b0 kh\u00f4ng \u0111\u01b0\u1ee3c \u0111\u1ec1 xu\u1ea5t cho<br \/>\nkh\u00e1ch h\u00e0ng gi\u1ea3i ph\u00e1p v\u00e0 th\u1eddi gian s\u1eeda ch\u1eefa s\u1ea3n ph\u1ea9m.<\/li>\n<li>Trong v\u00f2ng 24 ti\u1ebfng s\u1ea3n ph\u1ea9m l\u1ed7i s\u1ebd chuy\u1ec3n t\u1edbi b\u1ed9 ph\u1eadn li\u00ean quan c\u1ee7a c\u00f4ng ty \u0111\u1ec3 x\u00e1c \u0111\u1ecbnh c\u00e1c gi\u1ea3i ph\u00e1p s\u1eeda ch\u1eefa s\u1ea3n ph\u1ea9m c\u0169ng nh\u01b0 chi ph\u00ed ( n\u1ebfu c\u00f3 ) v\u00e0 li\u00ean h\u1ec7 v\u1edbi kh\u00e1ch h\u00e0ng t\u01b0 v\u1ea5n gi\u1ea3i ph\u00e1p t\u1ed1i \u01b0u nh\u1ea5t.<\/li>\n<li>Khi kh\u00e1ch h\u00e0ng l\u1ef1a ch\u1ecdn ph\u01b0\u01a1ng \u00e1n, s\u1ebd ti\u1ebfn h\u00e0nh vi\u1ec7c s\u1eeda ch\u1eefa nh\u01b0 \u0111\u00e3 th\u1ed1ng nh\u1ea5t. Th\u00f4ng b\u00e1o t\u1edbi kh\u00e1ch h\u00e0ng t\u1edbi nh\u1eadn khi s\u1ea3n ph\u1ea9m \u0111\u00e3 s\u1eeda ch\u1eefa xong, ho\u1eb7c c\u00f3 th\u1ec3 chuy\u1ec3n t\u1eadn n\u01a1i (c\u00f3 t\u00ednh ph\u00ed v\u1eadn chuy\u1ec3n do \u0111\u01a1n v\u1ecb v\u1eadn chuy\u1ec3n thu).<\/li>\n<li>Th\u1eddi gian s\u1eeda ch\u1eefa v\u00e0 b\u1ea3o h\u00e0nh s\u1ea3n ph\u1ea9m : Th\u1ef1c hi\u1ec7n vi\u1ec7c s\u1eeda ch\u1eefa s\u1ea3n ph\u1ea9m ngay khi nh\u1eadn \u0111\u01b0\u1ee3c quy\u1ebft \u0111\u1ecbnh c\u1ee7a kh\u00e1ch h\u00e0ng. Th\u1eddi gian s\u1eeda s\u1ebd t\u1eeb 2 \u0111\u1ebfn 7 ng\u00e0y t\u00f9y l\u1ed7i s\u1ea3n ph\u1ea9m.<\/li>\n<li>Trong tr\u01b0\u1eddng h\u1ee3p ph\u1ea3i \u0111\u1ee3i ph\u1ee5 ki\u1ec7n t\u1eeb n\u01b0\u1edbc ngo\u00e0i v\u1ec1 th\u1eddi gian c\u00f3 th\u1ec3 l\u00ean t\u1edbi 30 ng\u00e0y.<\/li>\n<\/ul>\n<p style=\"text-align: justify;\"><b><i>Tr\u00e2n tr\u1ecdng!<\/i><\/b><\/p>\n","protected":false},"excerpt":{"rendered":"<p>Xin ch\u00e2n th\u00e0nh c\u1ea3m \u01a1n qu\u00fd kh\u00e1ch h\u00e0ng \u0111\u00e3 s\u1edf h\u1eefu v\u00e0 s\u1eed d\u1ee5ng s\u1ea3n ph\u1ea9m \u0111\u1ed3 da Lano. D\u01b0\u1edbi \u0111\u00e2y l\u00e0 m\u1ed9t s\u1ed1 quy\u1ec1n l\u1ee3i c\u1ee7a kh\u00e1ch h\u00e0ng trong qu\u00e1 tr\u00ecnh s\u1eed d\u1ee5ng s\u1ea3n ph\u1ea9m: I. Ch\u00ednh s\u00e1ch b\u1ea3o h\u00e0nh : B\u1ea3o h\u00e0nh (s\u1eeda ch\u1eefa mi\u1ec5n ph\u00ed):\u00a0l\u00e0 qu\u00e1 tr\u00ecnh l\u00e0m m\u1edbi, s\u1eeda ch\u1eefa c\u00e1c<\/p>\n","protected":false},"author":3,"featured_media":0,"parent":0,"menu_order":0,"comment_status":"closed","ping_status":"closed","template":"","meta":[],"yoast_head":"<!-- This site is optimized with the Yoast SEO plugin v14.7 - https:\/\/yoast.com\/wordpress\/plugins\/seo\/ -->\n<title>Ch\u00ednh s\u00e1ch b\u1ea3o h\u00e0nh - Nh\u00f4m \u0110\u00fac Ho\u00e0 B\u00ecnh<\/title>\n<meta name=\"robots\" content=\"noindex, follow\" \/>\n<meta property=\"og:locale\" content=\"vi_VN\" \/>\n<meta property=\"og:type\" content=\"article\" \/>\n<meta property=\"og:title\" content=\"Ch\u00ednh s\u00e1ch b\u1ea3o h\u00e0nh - Nh\u00f4m \u0110\u00fac Ho\u00e0 B\u00ecnh\" \/>\n<meta property=\"og:description\" content=\"Xin ch\u00e2n th\u00e0nh c\u1ea3m \u01a1n qu\u00fd kh\u00e1ch h\u00e0ng \u0111\u00e3 s\u1edf h\u1eefu v\u00e0 s\u1eed d\u1ee5ng s\u1ea3n ph\u1ea9m \u0111\u1ed3 da Lano. D\u01b0\u1edbi \u0111\u00e2y l\u00e0 m\u1ed9t s\u1ed1 quy\u1ec1n l\u1ee3i c\u1ee7a kh\u00e1ch h\u00e0ng trong qu\u00e1 tr\u00ecnh s\u1eed d\u1ee5ng s\u1ea3n ph\u1ea9m: I. Ch\u00ednh s\u00e1ch b\u1ea3o h\u00e0nh : B\u1ea3o h\u00e0nh (s\u1eeda ch\u1eefa mi\u1ec5n ph\u00ed):\u00a0l\u00e0 qu\u00e1 tr\u00ecnh l\u00e0m m\u1edbi, s\u1eeda ch\u1eefa c\u00e1c\" \/>\n<meta property=\"og:url\" content=\"http:\/\/mau.hoabinhweb.com\/cuanhom1\/chinh-sach-bao-hanh-2\/\" \/>\n<meta property=\"og:site_name\" content=\"Nh\u00f4m \u0110\u00fac Ho\u00e0 B\u00ecnh\" \/>\n<meta name=\"twitter:card\" content=\"summary_large_image\" \/>\n<script type=\"application\/ld+json\" class=\"yoast-schema-graph\">{\"@context\":\"https:\/\/schema.org\",\"@graph\":[{\"@type\":\"WebSite\",\"@id\":\"https:\/\/mau.hoabinhweb.com\/cuanhom1\/#website\",\"url\":\"https:\/\/mau.hoabinhweb.com\/cuanhom1\/\",\"name\":\"Nh\\u00f4m \\u0110\\u00fac Ho\\u00e0 B\\u00ecnh\",\"description\":\"\",\"potentialAction\":[{\"@type\":\"SearchAction\",\"target\":\"https:\/\/mau.hoabinhweb.com\/cuanhom1\/?s={search_term_string}\",\"query-input\":\"required name=search_term_string\"}],\"inLanguage\":\"vi\"},{\"@type\":\"WebPage\",\"@id\":\"http:\/\/mau.hoabinhweb.com\/cuanhom1\/chinh-sach-bao-hanh-2\/#webpage\",\"url\":\"http:\/\/mau.hoabinhweb.com\/cuanhom1\/chinh-sach-bao-hanh-2\/\",\"name\":\"Ch\\u00ednh s\\u00e1ch b\\u1ea3o h\\u00e0nh - Nh\\u00f4m \\u0110\\u00fac Ho\\u00e0 B\\u00ecnh\",\"isPartOf\":{\"@id\":\"https:\/\/mau.hoabinhweb.com\/cuanhom1\/#website\"},\"datePublished\":\"2020-10-08T15:29:51+00:00\",\"dateModified\":\"2020-10-08T15:29:51+00:00\",\"breadcrumb\":{\"@id\":\"http:\/\/mau.hoabinhweb.com\/cuanhom1\/chinh-sach-bao-hanh-2\/#breadcrumb\"},\"inLanguage\":\"vi\",\"potentialAction\":[{\"@type\":\"ReadAction\",\"target\":[\"http:\/\/mau.hoabinhweb.com\/cuanhom1\/chinh-sach-bao-hanh-2\/\"]}]},{\"@type\":\"BreadcrumbList\",\"@id\":\"http:\/\/mau.hoabinhweb.com\/cuanhom1\/chinh-sach-bao-hanh-2\/#breadcrumb\",\"itemListElement\":[{\"@type\":\"ListItem\",\"position\":1,\"item\":{\"@type\":\"WebPage\",\"@id\":\"http:\/\/mau.hoabinhweb.com\/cuanhom1\/\",\"url\":\"http:\/\/mau.hoabinhweb.com\/cuanhom1\/\",\"name\":\"Trang ch\\u1ee7\"}},{\"@type\":\"ListItem\",\"position\":2,\"item\":{\"@type\":\"WebPage\",\"@id\":\"http:\/\/mau.hoabinhweb.com\/cuanhom1\/chinh-sach-bao-hanh-2\/\",\"url\":\"http:\/\/mau.hoabinhweb.com\/cuanhom1\/chinh-sach-bao-hanh-2\/\",\"name\":\"Ch\\u00ednh s\\u00e1ch b\\u1ea3o h\\u00e0nh\"}}]}]}<\/script>\n<!-- \/ Yoast SEO plugin. -->","_links":{"self":[{"href":"https:\/\/mau.hoabinhweb.com\/cuanhom1\/wp-json\/wp\/v2\/pages\/150"}],"collection":[{"href":"https:\/\/mau.hoabinhweb.com\/cuanhom1\/wp-json\/wp\/v2\/pages"}],"about":[{"href":"https:\/\/mau.hoabinhweb.com\/cuanhom1\/wp-json\/wp\/v2\/types\/page"}],"author":[{"embeddable":true,"href":"https:\/\/mau.hoabinhweb.com\/cuanhom1\/wp-json\/wp\/v2\/users\/3"}],"replies":[{"embeddable":true,"href":"https:\/\/mau.hoabinhweb.com\/cuanhom1\/wp-json\/wp\/v2\/comments?post=150"}],"version-history":[{"count":0,"href":"https:\/\/mau.hoabinhweb.com\/cuanhom1\/wp-json\/wp\/v2\/pages\/150\/revisions"}],"wp:attachment":[{"href":"https:\/\/mau.hoabinhweb.com\/cuanhom1\/wp-json\/wp\/v2\/media?parent=150"}],"curies":[{"name":"wp","href":"https:\/\/api.w.org\/{rel}","templated":true}]}}