{"id":77,"date":"2023-06-03T11:14:53","date_gmt":"2023-06-03T04:14:53","guid":{"rendered":"http:\/\/mau.hoabinhweb.com\/xaydung2\/?page_id=77"},"modified":"2023-06-03T21:35:43","modified_gmt":"2023-06-03T14:35:43","slug":"tam-nhin-su-menh","status":"publish","type":"page","link":"http:\/\/mau.hoabinhweb.com\/xaydung2\/tam-nhin-su-menh\/","title":{"rendered":"T\u1ea7m nh\u00ecn &#8211; S\u1ee9 m\u1ec7nh"},"content":{"rendered":"<h1><strong>Gi\u1edbi Thi\u1ec7u C\u00f4ng Ty C\u1ed5 Ph\u1ea7n B\u1ea3o Tr\u00ec To\u00e0 Nh\u00e0 Fuco<\/strong><\/h1>\n<h2><strong>1. H\u1ea1ng M\u1ee5c D\u1ecbch V\u1ee5 C\u1ee7a\u00a0C\u00f4ng Ty C\u1ed5 Ph\u1ea7n B\u1ea3o Tr\u00ec To\u00e0 Nh\u00e0 Fuco<\/strong><\/h2>\n<p>C\u00f4ng Ty C\u1ed5 Ph\u1ea7n B\u1ea3o Tr\u00ec To\u00e0 Nh\u00e0 Fuco l\u00e0 m\u1ed9t doanh nghi\u1ec7p s\u1ed1 1 t\u1ea1i mi\u1ec1n B\u1eafc v\u00e0 mi\u1ec1n Trung, chuy\u00ean v\u1ec1 k\u1ebft thi\u1ebft k\u1ebf, thi c\u00f4ng, l\u1eafp \u0111\u1eb7t, s\u1eeda ch\u1eefa v\u00e0 b\u1ea3o d\u01b0\u1ee1ng c\u01a1 \u0111i\u1ec7n, \u0111i\u1ec7n l\u1ea1nh, nh\u00e0 x\u01b0\u1edfng,..tr\u1ecdn g\u00f3i d\u1ecbch v\u1ee5:<\/p>\n<ul>\n<li>S\u1eeda ch\u1eefa m\u00e1y m\u00f3c, thi\u1ebft b\u1ecb :\u00a0<strong>s\u1eeda ch\u1eefa \u0111i\u1ec7n n\u01b0\u1edbc<\/strong>,\u00a0<strong>s\u1eeda\u00a0\u0111i\u1ec1u h\u00f2a<\/strong>, s\u1eeda t\u1ee7 l\u1ea1nh, m\u00e1y gi\u1eb7t,..<\/li>\n<li>L\u1eafp \u0111\u1eb7t m\u00e1y m\u00f3c v\u00e0 thi\u1ebft b\u1ecb c\u00f4ng nghi\u1ec7p<\/li>\n<li>Khai th\u00e1c, x\u1eed l\u00fd v\u00e0 cung c\u1ea5p n\u01b0\u1edbc<\/li>\n<li>Tho\u00e1t n\u01b0\u1edbc v\u00e0 x\u1eed l\u00fd n\u01b0\u1edbc th\u1ea3i<\/li>\n<li>X\u00e2y d\u1ef1ng nh\u00e0 \u0111\u1ec3 \u1edf.<\/li>\n<li>X\u00e2y d\u1ef1ng nh\u00e0 kh\u00f4ng \u0111\u1ec3 \u1edf.<\/li>\n<li>X\u00e2y d\u1ef1ng c\u00f4ng tr\u00ecnh \u0111\u01b0\u1eddng s\u1eaft.<\/li>\n<li>X\u00e2y d\u1ef1ng c\u00f4ng tr\u00ecnh \u0111\u01b0\u1eddng b\u1ed9.<\/li>\n<li>X\u00e2y d\u1ef1ng c\u00f4ng tr\u00ecnh \u0111i\u1ec7n.<\/li>\n<li>X\u00e2y d\u1ef1ng c\u00f4ng tr\u00ecnh c\u1ea5p, tho\u00e1t n\u01b0\u1edbc.<\/li>\n<li>X\u00e2y d\u1ef1ng c\u00f4ng tr\u00ecnh vi\u1ec5n th\u00f4ng, th\u00f4ng tin li\u00ean l\u1ea1c.<\/li>\n<li>X\u00e2y d\u1ef1ng c\u00f4ng tr\u00ecnh c\u00f4ng \u00edch kh\u00e1c.<\/li>\n<li>X\u00e2y d\u1ef1ng c\u00f4ng tr\u00ecnh th\u1ee7y.<\/li>\n<li>X\u00e2y d\u1ef1ng c\u00f4ng tr\u00ecnh khai kho\u00e1ng.<\/li>\n<li>X\u00e2y d\u1ef1ng c\u00f4ng tr\u00ecnh ch\u1ebf bi\u1ebfn, ch\u1ebf t\u1ea1o.<\/li>\n<li>X\u00e2y d\u1ef1ng c\u00f4ng tr\u00ecnh k\u1ef9 thu\u1eadt d\u00e2n d\u1ee5ng kh\u00e1c.<\/li>\n<li>Ph\u00e1 d\u1ee1<\/li>\n<li>Chu\u1ea9n b\u1ecb m\u1eb7t b\u1eb1ng<\/li>\n<li><strong>L\u1eafp \u0111\u1eb7t h\u1ec7 th\u1ed1ng \u0111i\u1ec7n nh\u00e0 x\u01b0\u1edfng<\/strong>,\u00a0<strong>l\u1eafp \u0111\u1eb7t camera<\/strong>, d\u00e2n d\u1ee5ng, t\u00f2a nh\u00e0,..<\/li>\n<li>L\u1eafp \u0111\u1eb7t h\u1ec7 th\u1ed1ng c\u1ea5p, tho\u00e1t n\u01b0\u1edbc, l\u00f2 s\u01b0\u1edfi v\u00e0 \u0111i\u1ec1u ho\u00e0 kh\u00f4ng kh\u00ed<\/li>\n<li>L\u1eafp \u0111\u1eb7t h\u1ec7 th\u1ed1ng x\u00e2y d\u1ef1ng kh\u00e1c<\/li>\n<li>Ho\u00e0n thi\u1ec7n c\u00f4ng tr\u00ecnh x\u00e2y d\u1ef1ng,<\/li>\n<li><strong>B\u1ea3o tr\u00ec h\u1ec7 th\u1ed1ng c\u01a1 \u0111i\u1ec7n<\/strong>: b\u1ea3o tr\u00ec camera, \u0111i\u1ec1u h\u00f2a, &#8230;<\/li>\n<\/ul>\n<h2><strong>2. T\u1ea1i Sao N\u00ean S\u1eed D\u1ee5ng D\u1ecbch V\u1ee5 T\u1ea1i\u00a0C\u00f4ng Ty C\u1ed5 Ph\u1ea7n B\u1ea3o Tr\u00ec To\u00e0 Nh\u00e0 Fuco?<\/strong><\/h2>\n<table border=\"1\" cellspacing=\"1\" cellpadding=\"1\">\n<tbody>\n<tr>\n<td><img decoding=\"async\" src=\"https:\/\/fastcovn.com\/upload\/post\/dien%20nuoc\/gioi-thieu.jpg\" alt=\"t\u1ea7m nh\u00ecn\" \/><\/td>\n<td>\n<ul>\n<li>Tr\u1edf th\u00e0nh \u0111\u01a1n v\u1ecb ti\u00ean phong trong l\u0129nh v\u1ef1c t\u01b0 v\u1ea5n, thi\u1ebft k\u1ebf v\u00e0 thi c\u00f4ng h\u1ea1ng m\u1ee5c c\u01a1 \u0111i\u1ec7n.<\/li>\n<li>Gi\u1eef v\u1eefng phong \u0111\u1ed9 hi\u1ec7n t\u1ea1i l\u00e0 m\u1ed9t nh\u00e0 th\u1ea7u, nh\u00e0 \u0111\u1ea7u t\u01b0 hi\u1ec7n \u0111\u1ea1i mang b\u1ea3n s\u1eafc ri\u00eang.<\/li>\n<li>Tr\u1edf th\u00e0nh m\u1ed9t \u0111\u01a1n v\u1ecb thu h\u00fat h\u1ee3p t\u00e1c v\u00e0 \u0111\u1ea7u t\u01b0 c\u1ee7a c\u00e1c t\u1eadp \u0111o\u00e0n trong n\u01b0\u1edbc v\u00e0 qu\u1ed1c t\u1ebf.<\/li>\n<li>C\u01a1 c\u1ea5u t\u1ed5 ch\u1ee9c: \u0110\u1ee7 v\u1ec1 l\u01b0\u1ee3ng \u2013 M\u1ea1nh v\u1ec1 ch\u1ea5t.<\/li>\n<\/ul>\n<\/td>\n<\/tr>\n<tr>\n<td>\n<ul>\n<li>FastcoVN\u00a0ho\u1ea1t \u0111\u1ed9ng nh\u1eb1m cung c\u1ea5p s\u1ea3n ph\u1ea9m ch\u1ea5t l\u01b0\u1ee3ng v\u00e0 d\u1ecbch v\u1ee5 t\u1ed1t nh\u1ea5t, t\u1ea1o ra gi\u00e1 tr\u1ecb gia t\u0103ng v\u00e0 l\u1ee3i \u00edch cho kh\u00e1ch h\u00e0ng, c\u1ed5 \u0111\u00f4ng.<\/li>\n<li>Kh\u00f4ng ng\u1eebng n\u00e2ng cao m\u00f4i tr\u01b0\u1eddng l\u00e0m vi\u1ec7c, m\u1ee9c s\u1ed1ng cho nh\u00e2n vi\u00ean,<\/li>\n<li>\u0110em l\u1ea1i gi\u00e1 tr\u1ecb l\u1ee3i \u00edch cho m\u1ecdi ng\u01b0\u1eddi, \u0111\u00f3ng g\u00f3p t\u00edch c\u1ef1c cho c\u1ed9ng \u0111\u1ed3ng, g\u00f3p ph\u1ea7n gi\u1ea3m t\u1ef7 l\u1ec7 th\u1ea5t nghi\u1ec7p,<\/li>\n<li>N\u00e2ng cao gi\u00e1 tr\u1ecb x\u00e3 h\u1ed9i v\u00e0 h\u00f2a chung v\u1edbi s\u1ef1 ph\u00e1t tri\u1ec3n c\u1ee7a \u0111\u1ea5t n\u01b0\u1edbc.<\/li>\n<\/ul>\n<\/td>\n<td><img decoding=\"async\" src=\"https:\/\/fastcovn.com\/upload\/post\/dien%20nuoc\/gioi-thieu-01.jpg\" alt=\"s\u1ee9 m\u1ec7nh\" \/><\/td>\n<\/tr>\n<tr>\n<td><img decoding=\"async\" src=\"https:\/\/fastcovn.com\/upload\/post\/dien%20nuoc\/gioi-thieu-02.jpg\" alt=\"gi\u00e1 tr\u1ecb c\u1ed1t l\u00f5i\" \/><\/td>\n<td>\n<ul>\n<li>L\u1ea5y l\u1ee3i \u00edch c\u1ee7a kh\u00e1ch h\u00e0ng l\u00e0m m\u1ee5c ti\u00eau h\u00e0nh \u0111\u1ed9ng.<\/li>\n<li>X\u00e2y d\u1ef1ng hi\u1ec7n t\u1ea1i, ph\u00e1t tri\u1ec3n t\u01b0\u01a1ng lai .<\/li>\n<li>S\u1ea3n ph\u1ea9m \u00a0ho\u00e0n h\u1ea3o<\/li>\n<li>D\u1ecbch v\u1ee5 ho\u00e0n h\u1ea3o<\/li>\n<li>Chuy\u00ean nghi\u1ec7p \u2013 S\u00e1ng t\u1ea1o \u2013 \u0110\u1ed9t ph\u00e1 &#8211; Hi\u1ec7u qu\u1ea3<\/li>\n<li>\u0110o\u00e0n k\u1ebft v\u00e0 t\u1ea1o m\u00f4i tr\u01b0\u1eddng l\u00e0m vi\u1ec7c th\u00e2n thi\u1ec7n<\/li>\n<\/ul>\n<\/td>\n<\/tr>\n<tr>\n<td>\n<ul>\n<li>H\u1ebft l\u00f2ng v\u00ec m\u1ee5c ti\u00eau v\u00e0 s\u1ef1 th\u00e0nh c\u00f4ng c\u1ee7a qu\u00fd kh\u00e1ch h\u00e0ng.<\/li>\n<li>S\u00e1ng t\u1ea1o trong c\u1ea3 t\u01b0 duy l\u1eabn h\u00e0nh \u0111\u1ed9ng.<\/li>\n<li>Chuy\u00ean nghi\u1ec7p t\u1eeb th\u00e1i \u0111\u1ed9 v\u00e0 t\u00e1c phong l\u00e0m vi\u1ec7c \u0111\u1ebfn k\u1ef9 n\u0103ng chuy\u00ean m\u00f4n v\u00e0 t\u00ednh cam k\u1ebft d\u00e0i l\u00e2u.<\/li>\n<li>K\u1ebft h\u1ee3p h\u00e0i h\u00f2a l\u1ee3i \u00edch c\u1ee7a kh\u00e1ch h\u00e0ng, nh\u00e2n vi\u00ean, c\u1ed5 \u0111\u00f4ng, c\u00e1c \u0111\u1ed1i t\u00e1c v\u00e0 c\u1ea3 c\u1ed9ng \u0111\u1ed3ng<\/li>\n<\/ul>\n<\/td>\n<td><img decoding=\"async\" src=\"https:\/\/fastcovn.com\/upload\/post\/dien%20nuoc\/gioi-thieu-03.jpg\" alt=\"Tri\u1ebft l\u00fd kinh doanh\" \/><\/td>\n<\/tr>\n<tr>\n<td><img decoding=\"async\" src=\"https:\/\/fastcovn.com\/upload\/post\/dien%20nuoc\/gioi-thieu-04.jpg\" alt=\"quan \u0111i\u1ec3m kinh doanh\" \/><\/td>\n<td>\n<ul>\n<li>Nghi\u00ean c\u1ee9u, l\u1eafng nghe v\u00e0 th\u1ea5u hi\u1ec3u ho\u00e0n c\u1ea3nh, nhu c\u1ea7u, mong mu\u1ed1n c\u1ee7a kh\u00e1ch h\u00e0ng<\/li>\n<li>Cung c\u1ea5p cho kh\u00e1ch h\u00e0ng nh\u1eefng s\u1ea3n ph\u1ea9m, d\u1ecbch v\u1ee5, gi\u1ea3i ph\u00e1p c\u00f3 ch\u1ea5t l\u01b0\u1ee3ng, c\u00f3 h\u00e0m l\u01b0\u1ee3ng tr\u00ed tu\u1ec7 cao ph\u00f9 h\u1ee3p v\u1edbi nhu c\u1ea7u v\u00e0 mong mu\u1ed1n c\u1ee7a Kh\u00e1ch h\u00e0ng<\/li>\n<li>Cung c\u1ea5p D\u1ecbch v\u1ee5 ch\u0103m s\u00f3c v\u00e0 h\u1ed7 tr\u1ee3 kh\u00e1ch h\u00e0ng sau b\u00e1n h\u00e0ng t\u1eadn t\u00e2m, chu \u0111\u00e1o v\u00e0 chuy\u00ean nghi\u1ec7p<\/li>\n<li>X\u00e2y d\u1ef1ng v\u00e0 ph\u00e1t tri\u1ec3n c\u00e1c m\u1ed1i quan h\u1ec7 l\u00e2u d\u00e0i v\u00e0 b\u1ec1n ch\u1eb7t v\u1edbi Kh\u00e1ch h\u00e0ng, nh\u00e0 cung c\u1ea5p<\/li>\n<li>Coi vi\u1ec7c \u0111\u00f3ng g\u00f3p, c\u1ed1ng hi\u1ebfn cho s\u1ef1 ph\u00e1t tri\u1ec3n th\u1ecbnh v\u01b0\u1ee3ng chung c\u1ee7a c\u1ed9ng \u0111\u1ed3ng x\u00e3 h\u1ed9i l\u00e0 m\u1ed9t ph\u1ea7n ngh\u0129a v\u1ee5 b\u1eaft bu\u1ed9c v\u00e0 quan tr\u1ecdng.<\/li>\n<\/ul>\n<\/td>\n<\/tr>\n<\/tbody>\n<\/table>\n<h2><strong>3. S\u01a1 \u0110\u1ed3 V\u00e0 H\u1ec7 Th\u1ed1ng\u00a0Nh\u00e2n S\u1ef1 C\u00f4ng Ty<\/strong><\/h2>\n<p><img decoding=\"async\" src=\"https:\/\/fastcovn.com\/upload\/post\/dien%20nuoc\/so-do-to-chuc.png\" alt=\"so-do-to-chuc\" \/><\/p>\n","protected":false},"excerpt":{"rendered":"<p>Gi\u1edbi Thi\u1ec7u C\u00f4ng Ty C\u1ed5 Ph\u1ea7n B\u1ea3o Tr\u00ec To\u00e0 Nh\u00e0 Fuco 1. H\u1ea1ng M\u1ee5c D\u1ecbch V\u1ee5 C\u1ee7a\u00a0C\u00f4ng Ty C\u1ed5 Ph\u1ea7n B\u1ea3o Tr\u00ec To\u00e0 Nh\u00e0 Fuco C\u00f4ng Ty C\u1ed5 Ph\u1ea7n B\u1ea3o Tr\u00ec To\u00e0 Nh\u00e0 Fuco l\u00e0 m\u1ed9t doanh nghi\u1ec7p s\u1ed1 1 t\u1ea1i mi\u1ec1n B\u1eafc v\u00e0 mi\u1ec1n Trung, chuy\u00ean v\u1ec1 k\u1ebft thi\u1ebft k\u1ebf, thi c\u00f4ng, l\u1eafp \u0111\u1eb7t,<\/p>\n","protected":false},"author":1,"featured_media":0,"parent":0,"menu_order":0,"comment_status":"closed","ping_status":"closed","template":"","meta":{"footnotes":""},"class_list":["post-77","page","type-page","status-publish","hentry"],"yoast_head":"<!-- This site is optimized with the Yoast SEO plugin v20.8 - https:\/\/yoast.com\/wordpress\/plugins\/seo\/ -->\n<title>T\u1ea7m nh\u00ecn - S\u1ee9 m\u1ec7nh - B\u1ea3o Tr\u00ec T\u00f2a Nh\u00e0 24h<\/title>\n<meta name=\"robots\" content=\"noindex, follow, max-snippet:-1, max-image-preview:large, max-video-preview:-1\" \/>\n<meta property=\"og:locale\" content=\"vi_VN\" \/>\n<meta property=\"og:type\" content=\"article\" \/>\n<meta property=\"og:title\" content=\"T\u1ea7m nh\u00ecn - S\u1ee9 m\u1ec7nh - B\u1ea3o Tr\u00ec T\u00f2a Nh\u00e0 24h\" \/>\n<meta property=\"og:description\" content=\"Gi\u1edbi Thi\u1ec7u C\u00f4ng Ty C\u1ed5 Ph\u1ea7n B\u1ea3o Tr\u00ec To\u00e0 Nh\u00e0 Fuco 1. H\u1ea1ng M\u1ee5c D\u1ecbch V\u1ee5 C\u1ee7a\u00a0C\u00f4ng Ty C\u1ed5 Ph\u1ea7n B\u1ea3o Tr\u00ec To\u00e0 Nh\u00e0 Fuco C\u00f4ng Ty C\u1ed5 Ph\u1ea7n B\u1ea3o Tr\u00ec To\u00e0 Nh\u00e0 Fuco l\u00e0 m\u1ed9t doanh nghi\u1ec7p s\u1ed1 1 t\u1ea1i mi\u1ec1n B\u1eafc v\u00e0 mi\u1ec1n Trung, chuy\u00ean v\u1ec1 k\u1ebft thi\u1ebft k\u1ebf, thi c\u00f4ng, l\u1eafp \u0111\u1eb7t,\" \/>\n<meta property=\"og:url\" content=\"http:\/\/mau.hoabinhweb.com\/xaydung2\/tam-nhin-su-menh\/\" \/>\n<meta property=\"og:site_name\" content=\"B\u1ea3o Tr\u00ec T\u00f2a Nh\u00e0 24h\" \/>\n<meta property=\"article:modified_time\" content=\"2023-06-03T14:35:43+00:00\" \/>\n<meta property=\"og:image\" content=\"https:\/\/fastcovn.com\/upload\/post\/dien%20nuoc\/gioi-thieu.jpg\" \/>\n<meta name=\"twitter:card\" content=\"summary_large_image\" \/>\n<meta name=\"twitter:label1\" content=\"\u01af\u1edbc t\u00ednh th\u1eddi gian \u0111\u1ecdc\" \/>\n\t<meta name=\"twitter:data1\" content=\"5 ph\u00fat\" \/>\n<script type=\"application\/ld+json\" class=\"yoast-schema-graph\">{\"@context\":\"https:\/\/schema.org\",\"@graph\":[{\"@type\":\"WebPage\",\"@id\":\"http:\/\/mau.hoabinhweb.com\/xaydung2\/tam-nhin-su-menh\/\",\"url\":\"http:\/\/mau.hoabinhweb.com\/xaydung2\/tam-nhin-su-menh\/\",\"name\":\"T\u1ea7m nh\u00ecn - S\u1ee9 m\u1ec7nh - B\u1ea3o Tr\u00ec T\u00f2a Nh\u00e0 24h\",\"isPartOf\":{\"@id\":\"http:\/\/mau.hoabinhweb.com\/xaydung2\/#website\"},\"datePublished\":\"2023-06-03T04:14:53+00:00\",\"dateModified\":\"2023-06-03T14:35:43+00:00\",\"breadcrumb\":{\"@id\":\"http:\/\/mau.hoabinhweb.com\/xaydung2\/tam-nhin-su-menh\/#breadcrumb\"},\"inLanguage\":\"vi\",\"potentialAction\":[{\"@type\":\"ReadAction\",\"target\":[\"http:\/\/mau.hoabinhweb.com\/xaydung2\/tam-nhin-su-menh\/\"]}]},{\"@type\":\"BreadcrumbList\",\"@id\":\"http:\/\/mau.hoabinhweb.com\/xaydung2\/tam-nhin-su-menh\/#breadcrumb\",\"itemListElement\":[{\"@type\":\"ListItem\",\"position\":1,\"name\":\"Trang ch\u1ee7\",\"item\":\"http:\/\/mau.hoabinhweb.com\/xaydung2\/\"},{\"@type\":\"ListItem\",\"position\":2,\"name\":\"T\u1ea7m nh\u00ecn &#8211; S\u1ee9 m\u1ec7nh\"}]},{\"@type\":\"WebSite\",\"@id\":\"http:\/\/mau.hoabinhweb.com\/xaydung2\/#website\",\"url\":\"http:\/\/mau.hoabinhweb.com\/xaydung2\/\",\"name\":\"B\u1ea3o Tr\u00ec T\u00f2a Nh\u00e0 24h\",\"description\":\"\",\"potentialAction\":[{\"@type\":\"SearchAction\",\"target\":{\"@type\":\"EntryPoint\",\"urlTemplate\":\"http:\/\/mau.hoabinhweb.com\/xaydung2\/?s={search_term_string}\"},\"query-input\":\"required name=search_term_string\"}],\"inLanguage\":\"vi\"}]}<\/script>\n<!-- \/ Yoast SEO plugin. -->","yoast_head_json":{"title":"T\u1ea7m nh\u00ecn - S\u1ee9 m\u1ec7nh - B\u1ea3o Tr\u00ec T\u00f2a Nh\u00e0 24h","robots":{"index":"noindex","follow":"follow","max-snippet":"max-snippet:-1","max-image-preview":"max-image-preview:large","max-video-preview":"max-video-preview:-1"},"og_locale":"vi_VN","og_type":"article","og_title":"T\u1ea7m nh\u00ecn - S\u1ee9 m\u1ec7nh - B\u1ea3o Tr\u00ec T\u00f2a Nh\u00e0 24h","og_description":"Gi\u1edbi Thi\u1ec7u C\u00f4ng Ty C\u1ed5 Ph\u1ea7n B\u1ea3o Tr\u00ec To\u00e0 Nh\u00e0 Fuco 1. H\u1ea1ng M\u1ee5c D\u1ecbch V\u1ee5 C\u1ee7a\u00a0C\u00f4ng Ty C\u1ed5 Ph\u1ea7n B\u1ea3o Tr\u00ec To\u00e0 Nh\u00e0 Fuco C\u00f4ng Ty C\u1ed5 Ph\u1ea7n B\u1ea3o Tr\u00ec To\u00e0 Nh\u00e0 Fuco l\u00e0 m\u1ed9t doanh nghi\u1ec7p s\u1ed1 1 t\u1ea1i mi\u1ec1n B\u1eafc v\u00e0 mi\u1ec1n Trung, chuy\u00ean v\u1ec1 k\u1ebft thi\u1ebft k\u1ebf, thi c\u00f4ng, l\u1eafp \u0111\u1eb7t,","og_url":"http:\/\/mau.hoabinhweb.com\/xaydung2\/tam-nhin-su-menh\/","og_site_name":"B\u1ea3o Tr\u00ec T\u00f2a Nh\u00e0 24h","article_modified_time":"2023-06-03T14:35:43+00:00","og_image":[{"url":"https:\/\/fastcovn.com\/upload\/post\/dien%20nuoc\/gioi-thieu.jpg"}],"twitter_card":"summary_large_image","twitter_misc":{"\u01af\u1edbc t\u00ednh th\u1eddi gian \u0111\u1ecdc":"5 ph\u00fat"},"schema":{"@context":"https:\/\/schema.org","@graph":[{"@type":"WebPage","@id":"http:\/\/mau.hoabinhweb.com\/xaydung2\/tam-nhin-su-menh\/","url":"http:\/\/mau.hoabinhweb.com\/xaydung2\/tam-nhin-su-menh\/","name":"T\u1ea7m nh\u00ecn - S\u1ee9 m\u1ec7nh - B\u1ea3o Tr\u00ec T\u00f2a Nh\u00e0 24h","isPartOf":{"@id":"http:\/\/mau.hoabinhweb.com\/xaydung2\/#website"},"datePublished":"2023-06-03T04:14:53+00:00","dateModified":"2023-06-03T14:35:43+00:00","breadcrumb":{"@id":"http:\/\/mau.hoabinhweb.com\/xaydung2\/tam-nhin-su-menh\/#breadcrumb"},"inLanguage":"vi","potentialAction":[{"@type":"ReadAction","target":["http:\/\/mau.hoabinhweb.com\/xaydung2\/tam-nhin-su-menh\/"]}]},{"@type":"BreadcrumbList","@id":"http:\/\/mau.hoabinhweb.com\/xaydung2\/tam-nhin-su-menh\/#breadcrumb","itemListElement":[{"@type":"ListItem","position":1,"name":"Trang ch\u1ee7","item":"http:\/\/mau.hoabinhweb.com\/xaydung2\/"},{"@type":"ListItem","position":2,"name":"T\u1ea7m nh\u00ecn &#8211; S\u1ee9 m\u1ec7nh"}]},{"@type":"WebSite","@id":"http:\/\/mau.hoabinhweb.com\/xaydung2\/#website","url":"http:\/\/mau.hoabinhweb.com\/xaydung2\/","name":"B\u1ea3o Tr\u00ec T\u00f2a Nh\u00e0 24h","description":"","potentialAction":[{"@type":"SearchAction","target":{"@type":"EntryPoint","urlTemplate":"http:\/\/mau.hoabinhweb.com\/xaydung2\/?s={search_term_string}"},"query-input":"required name=search_term_string"}],"inLanguage":"vi"}]}},"_links":{"self":[{"href":"http:\/\/mau.hoabinhweb.com\/xaydung2\/wp-json\/wp\/v2\/pages\/77","targetHints":{"allow":["GET"]}}],"collection":[{"href":"http:\/\/mau.hoabinhweb.com\/xaydung2\/wp-json\/wp\/v2\/pages"}],"about":[{"href":"http:\/\/mau.hoabinhweb.com\/xaydung2\/wp-json\/wp\/v2\/types\/page"}],"author":[{"embeddable":true,"href":"http:\/\/mau.hoabinhweb.com\/xaydung2\/wp-json\/wp\/v2\/users\/1"}],"replies":[{"embeddable":true,"href":"http:\/\/mau.hoabinhweb.com\/xaydung2\/wp-json\/wp\/v2\/comments?post=77"}],"version-history":[{"count":2,"href":"http:\/\/mau.hoabinhweb.com\/xaydung2\/wp-json\/wp\/v2\/pages\/77\/revisions"}],"predecessor-version":[{"id":148,"href":"http:\/\/mau.hoabinhweb.com\/xaydung2\/wp-json\/wp\/v2\/pages\/77\/revisions\/148"}],"wp:attachment":[{"href":"http:\/\/mau.hoabinhweb.com\/xaydung2\/wp-json\/wp\/v2\/media?parent=77"}],"curies":[{"name":"wp","href":"https:\/\/api.w.org\/{rel}","templated":true}]}}