{"id":16,"date":"2023-06-02T22:19:17","date_gmt":"2023-06-02T15:19:17","guid":{"rendered":"http:\/\/mau.hoabinhweb.com\/xaydung2\/?page_id=16"},"modified":"2023-06-03T21:44:00","modified_gmt":"2023-06-03T14:44:00","slug":"lien-he","status":"publish","type":"page","link":"http:\/\/mau.hoabinhweb.com\/xaydung2\/lien-he\/","title":{"rendered":"Li\u00ean h\u1ec7"},"content":{"rendered":"\n<div class=\"row align-center page-contact\"  id=\"row-111248208\">\n\n\n\t<div id=\"col-704708837\" class=\"col col-left medium-6 small-12 large-4\">\n\t\t\t\t<div class=\"col-inner\">\n\t\t\t\n\t\t\t\n\n\t<div id=\"text-694462789\" class=\"text noidung1\">\n\t\t\n\n<h2>C\u00f4ng Ty C\u1ed5 Ph\u1ea7n B\u1ea3o Tr\u00ec To\u00e0 Nh\u00e0 Fuco<\/h2>\n<ul>\n<li>\u0110\u1ecba ch\u1ec9: OV16.02 K\u0110T Viglacera Xu\u00e2n Ph\u01b0\u01a1ng, P.Xu\u00e2n Ph\u01b0\u01a1ng, Nam T\u1eeb Li\u00eam, H\u00e0 N\u1ed9i<\/li>\n<li>Hotline: 0973 183 822<\/li>\n<li>Email: baotritoanhafuco@gmail.com<\/li>\n<\/ul>\n\n\t\t\t<\/div>\n\t\n\t<div id=\"text-2875948352\" class=\"text noidung2\">\n\t\t\n\n<h2>TH\u1edcI GIAN L\u00c0M VI\u1ec6C<\/h2>\r\n<h3>Th\u1ee9 Hai &#8211; Ch\u1ee7 nh\u1eadt<\/h3>\r\n<ul class=\"contact-detail after-line-gray\">\r\n<li>S\u00c1NG: 08H00 &#8211; 12H00<\/li>\r\n<li>CHI\u1ec0U: 13H00 &#8211; 17H30<\/li>\r\n<li>T\u1ed1i: 20h00 &#8211; 23h30<\/li>\r\n<\/ul>\n\t\t\t<\/div>\n\t\n\n\t\t<\/div>\n\t\t\t\t\t<\/div>\n\n\t\n\n\t<div id=\"col-1393245408\" class=\"col col-right medium-6 small-12 large-8\">\n\t\t\t\t<div class=\"col-inner\">\n\t\t\t\n\t\t\t\n\n<h2>Form li\u00ean h\u1ec7<\/h2>\n\n\n<div class=\"wpcf7 no-js\" id=\"wpcf7-f151-o1\" lang=\"vi\" dir=\"ltr\">\n<div class=\"screen-reader-response\"><p role=\"status\" aria-live=\"polite\" aria-atomic=\"true\"><\/p> <ul><\/ul><\/div>\n<form action=\"\/xaydung2\/wp-json\/wp\/v2\/pages\/16#wpcf7-f151-o1\" method=\"post\" class=\"wpcf7-form init\" aria-label=\"Form li\u00ean h\u1ec7\" novalidate=\"novalidate\" data-status=\"init\">\n<div style=\"display: none;\">\n<input type=\"hidden\" name=\"_wpcf7\" value=\"151\" \/>\n<input type=\"hidden\" name=\"_wpcf7_version\" value=\"5.7.7\" \/>\n<input type=\"hidden\" name=\"_wpcf7_locale\" value=\"vi\" \/>\n<input type=\"hidden\" name=\"_wpcf7_unit_tag\" value=\"wpcf7-f151-o1\" \/>\n<input type=\"hidden\" name=\"_wpcf7_container_post\" value=\"0\" \/>\n<input type=\"hidden\" name=\"_wpcf7_posted_data_hash\" value=\"\" \/>\n<\/div>\n<p><span class=\"wpcf7-form-control-wrap\" data-name=\"your-ten\"><input size=\"40\" class=\"wpcf7-form-control wpcf7-text wpcf7-validates-as-required\" aria-required=\"true\" aria-invalid=\"false\" placeholder=\"H\u1ecd t\u00ean\" value=\"\" type=\"text\" name=\"your-ten\" \/><\/span>\n<\/p>\n<p><span class=\"wpcf7-form-control-wrap\" data-name=\"your-tel\"><input size=\"40\" class=\"wpcf7-form-control wpcf7-text wpcf7-tel wpcf7-validates-as-required wpcf7-validates-as-tel\" aria-required=\"true\" aria-invalid=\"false\" placeholder=\"S\u1ed1 \u0111i\u1ec7n tho\u1ea1i\" value=\"\" type=\"tel\" name=\"your-tel\" \/><\/span>\n<\/p>\n<p><span class=\"wpcf7-form-control-wrap\" data-name=\"your-mail\"><input size=\"40\" class=\"wpcf7-form-control wpcf7-text wpcf7-email wpcf7-validates-as-required wpcf7-validates-as-email\" aria-required=\"true\" aria-invalid=\"false\" placeholder=\"Email\" value=\"\" type=\"email\" name=\"your-mail\" \/><\/span>\n<\/p>\n<p><span class=\"wpcf7-form-control-wrap\" data-name=\"your-noidung\"><textarea cols=\"40\" rows=\"10\" class=\"wpcf7-form-control wpcf7-textarea\" aria-invalid=\"false\" placeholder=\"N\u1ed9i dung\" name=\"your-noidung\"><\/textarea><\/span>\n<\/p>\n<p><input class=\"wpcf7-form-control has-spinner wpcf7-submit\" type=\"submit\" value=\"Li\u00ean h\u1ec7\" \/>\n<\/p><div class=\"wpcf7-response-output\" aria-hidden=\"true\"><\/div>\n<\/form>\n<\/div>\n\n\n\n\t\t<\/div>\n\t\t\t\t\t<\/div>\n\n\t\n\n<\/div>\n<h2>B\u1ea2N \u0110\u1ed2 CH\u1ec8 D\u1eaaN<\/h2>\n<p><iframe loading=\"lazy\" style=\"border: 0;\" src=\"https:\/\/www.google.com\/maps\/embed?pb=!1m18!1m12!1m3!1d3724.1580558453456!2d105.74147367605467!3d21.026360887859358!2m3!1f0!2f0!3f0!3m2!1i1024!2i768!4f13.1!3m3!1m2!1s0x3134548454d7698b%3A0x5109177b4ad9d65f!2zS2h1IMSRw7QgdGjhu4sgU2luaCBUaMOhaSBYdcOibiBQaMawxqFuZw!5e0!3m2!1svi!2s!4v1685765866724!5m2!1svi!2s\" width=\"100%\" height=\"450\" allowfullscreen=\"allowfullscreen\"><span data-mce-type=\"bookmark\" style=\"display: inline-block; width: 0px; overflow: hidden; line-height: 0;\" class=\"mce_SELRES_start\">\ufeff<\/span><\/iframe><\/p>\n\n\n","protected":false},"excerpt":{"rendered":"","protected":false},"author":1,"featured_media":0,"parent":0,"menu_order":0,"comment_status":"closed","ping_status":"closed","template":"page-no-sidebar.php","meta":{"footnotes":""},"class_list":["post-16","page","type-page","status-publish","hentry"],"yoast_head":"<!-- This site is optimized with the Yoast SEO plugin v20.8 - https:\/\/yoast.com\/wordpress\/plugins\/seo\/ -->\n<title>Li\u00ean h\u1ec7 - B\u1ea3o Tr\u00ec T\u00f2a Nh\u00e0 24h<\/title>\n<meta name=\"robots\" content=\"noindex, follow, max-snippet:-1, max-image-preview:large, max-video-preview:-1\" \/>\n<meta property=\"og:locale\" content=\"vi_VN\" \/>\n<meta property=\"og:type\" content=\"article\" \/>\n<meta property=\"og:title\" content=\"Li\u00ean h\u1ec7 - B\u1ea3o Tr\u00ec T\u00f2a Nh\u00e0 24h\" \/>\n<meta property=\"og:url\" content=\"http:\/\/mau.hoabinhweb.com\/xaydung2\/lien-he\/\" \/>\n<meta property=\"og:site_name\" content=\"B\u1ea3o Tr\u00ec T\u00f2a Nh\u00e0 24h\" \/>\n<meta property=\"article:modified_time\" content=\"2023-06-03T14:44:00+00:00\" \/>\n<meta name=\"twitter:card\" content=\"summary_large_image\" \/>\n<meta name=\"twitter:label1\" content=\"\u01af\u1edbc t\u00ednh th\u1eddi gian \u0111\u1ecdc\" \/>\n\t<meta name=\"twitter:data1\" content=\"1 ph\u00fat\" \/>\n<script type=\"application\/ld+json\" class=\"yoast-schema-graph\">{\"@context\":\"https:\/\/schema.org\",\"@graph\":[{\"@type\":\"WebPage\",\"@id\":\"http:\/\/mau.hoabinhweb.com\/xaydung2\/lien-he\/\",\"url\":\"http:\/\/mau.hoabinhweb.com\/xaydung2\/lien-he\/\",\"name\":\"Li\u00ean h\u1ec7 - B\u1ea3o Tr\u00ec T\u00f2a Nh\u00e0 24h\",\"isPartOf\":{\"@id\":\"http:\/\/mau.hoabinhweb.com\/xaydung2\/#website\"},\"datePublished\":\"2023-06-02T15:19:17+00:00\",\"dateModified\":\"2023-06-03T14:44:00+00:00\",\"breadcrumb\":{\"@id\":\"http:\/\/mau.hoabinhweb.com\/xaydung2\/lien-he\/#breadcrumb\"},\"inLanguage\":\"vi\",\"potentialAction\":[{\"@type\":\"ReadAction\",\"target\":[\"http:\/\/mau.hoabinhweb.com\/xaydung2\/lien-he\/\"]}]},{\"@type\":\"BreadcrumbList\",\"@id\":\"http:\/\/mau.hoabinhweb.com\/xaydung2\/lien-he\/#breadcrumb\",\"itemListElement\":[{\"@type\":\"ListItem\",\"position\":1,\"name\":\"Trang ch\u1ee7\",\"item\":\"http:\/\/mau.hoabinhweb.com\/xaydung2\/\"},{\"@type\":\"ListItem\",\"position\":2,\"name\":\"Li\u00ean h\u1ec7\"}]},{\"@type\":\"WebSite\",\"@id\":\"http:\/\/mau.hoabinhweb.com\/xaydung2\/#website\",\"url\":\"http:\/\/mau.hoabinhweb.com\/xaydung2\/\",\"name\":\"B\u1ea3o Tr\u00ec T\u00f2a Nh\u00e0 24h\",\"description\":\"\",\"potentialAction\":[{\"@type\":\"SearchAction\",\"target\":{\"@type\":\"EntryPoint\",\"urlTemplate\":\"http:\/\/mau.hoabinhweb.com\/xaydung2\/?s={search_term_string}\"},\"query-input\":\"required name=search_term_string\"}],\"inLanguage\":\"vi\"}]}<\/script>\n<!-- \/ Yoast SEO plugin. -->","yoast_head_json":{"title":"Li\u00ean h\u1ec7 - B\u1ea3o Tr\u00ec T\u00f2a Nh\u00e0 24h","robots":{"index":"noindex","follow":"follow","max-snippet":"max-snippet:-1","max-image-preview":"max-image-preview:large","max-video-preview":"max-video-preview:-1"},"og_locale":"vi_VN","og_type":"article","og_title":"Li\u00ean h\u1ec7 - B\u1ea3o Tr\u00ec T\u00f2a Nh\u00e0 24h","og_url":"http:\/\/mau.hoabinhweb.com\/xaydung2\/lien-he\/","og_site_name":"B\u1ea3o Tr\u00ec T\u00f2a Nh\u00e0 24h","article_modified_time":"2023-06-03T14:44:00+00:00","twitter_card":"summary_large_image","twitter_misc":{"\u01af\u1edbc t\u00ednh th\u1eddi gian \u0111\u1ecdc":"1 ph\u00fat"},"schema":{"@context":"https:\/\/schema.org","@graph":[{"@type":"WebPage","@id":"http:\/\/mau.hoabinhweb.com\/xaydung2\/lien-he\/","url":"http:\/\/mau.hoabinhweb.com\/xaydung2\/lien-he\/","name":"Li\u00ean h\u1ec7 - B\u1ea3o Tr\u00ec T\u00f2a Nh\u00e0 24h","isPartOf":{"@id":"http:\/\/mau.hoabinhweb.com\/xaydung2\/#website"},"datePublished":"2023-06-02T15:19:17+00:00","dateModified":"2023-06-03T14:44:00+00:00","breadcrumb":{"@id":"http:\/\/mau.hoabinhweb.com\/xaydung2\/lien-he\/#breadcrumb"},"inLanguage":"vi","potentialAction":[{"@type":"ReadAction","target":["http:\/\/mau.hoabinhweb.com\/xaydung2\/lien-he\/"]}]},{"@type":"BreadcrumbList","@id":"http:\/\/mau.hoabinhweb.com\/xaydung2\/lien-he\/#breadcrumb","itemListElement":[{"@type":"ListItem","position":1,"name":"Trang ch\u1ee7","item":"http:\/\/mau.hoabinhweb.com\/xaydung2\/"},{"@type":"ListItem","position":2,"name":"Li\u00ean h\u1ec7"}]},{"@type":"WebSite","@id":"http:\/\/mau.hoabinhweb.com\/xaydung2\/#website","url":"http:\/\/mau.hoabinhweb.com\/xaydung2\/","name":"B\u1ea3o Tr\u00ec T\u00f2a Nh\u00e0 24h","description":"","potentialAction":[{"@type":"SearchAction","target":{"@type":"EntryPoint","urlTemplate":"http:\/\/mau.hoabinhweb.com\/xaydung2\/?s={search_term_string}"},"query-input":"required name=search_term_string"}],"inLanguage":"vi"}]}},"_links":{"self":[{"href":"http:\/\/mau.hoabinhweb.com\/xaydung2\/wp-json\/wp\/v2\/pages\/16","targetHints":{"allow":["GET"]}}],"collection":[{"href":"http:\/\/mau.hoabinhweb.com\/xaydung2\/wp-json\/wp\/v2\/pages"}],"about":[{"href":"http:\/\/mau.hoabinhweb.com\/xaydung2\/wp-json\/wp\/v2\/types\/page"}],"author":[{"embeddable":true,"href":"http:\/\/mau.hoabinhweb.com\/xaydung2\/wp-json\/wp\/v2\/users\/1"}],"replies":[{"embeddable":true,"href":"http:\/\/mau.hoabinhweb.com\/xaydung2\/wp-json\/wp\/v2\/comments?post=16"}],"version-history":[{"count":5,"href":"http:\/\/mau.hoabinhweb.com\/xaydung2\/wp-json\/wp\/v2\/pages\/16\/revisions"}],"predecessor-version":[{"id":156,"href":"http:\/\/mau.hoabinhweb.com\/xaydung2\/wp-json\/wp\/v2\/pages\/16\/revisions\/156"}],"wp:attachment":[{"href":"http:\/\/mau.hoabinhweb.com\/xaydung2\/wp-json\/wp\/v2\/media?parent=16"}],"curies":[{"name":"wp","href":"https:\/\/api.w.org\/{rel}","templated":true}]}}