{"id":82,"date":"2022-08-12T10:52:48","date_gmt":"2022-08-12T03:52:48","guid":{"rendered":"http:\/\/mau.hoabinhweb.com\/xaydung1\/?page_id=82"},"modified":"2022-08-12T10:52:48","modified_gmt":"2022-08-12T03:52:48","slug":"lich-su-phat-trien","status":"publish","type":"page","link":"http:\/\/mau.hoabinhweb.com\/xaydung1\/lich-su-phat-trien\/","title":{"rendered":"L\u1ecbch s\u1eed ph\u00e1t tri\u1ec3n"},"content":{"rendered":"<p>C\u00f4ng Ty TNHH Ki\u1ebfn Tr\u00fac V\u00e0 X\u00e2y D\u1ef1ng 2TN nh\u1eadn th\u1ee9c r\u1eb1ng: \u0111\u1ea1o \u0111\u1ee9c kinh doanh th\u1eadt s\u1ef1 l\u00e0 y\u1ebfu t\u1ed1 c\u1ed1t l\u00f5i \u1ea3nh h\u01b0\u1edfng \u0111\u1ebfn s\u1ef1 s\u1ed1ng c\u00f2n v\u00e0 \u0111\u01b0\u1ee3c s\u1eed d\u1ee5ng l\u00e0m ti\u00eau chu\u1ea9n \u0111\u1ec3 x\u00e1c \u0111\u1ecbnh gi\u00e1 tr\u1ecb.<\/p>\n<p>Tr\u00ean ti\u00eau ch\u00ed n\u00e0y, Nh\u00e0 \u0110\u1eb9p 2TN lu\u00f4n t\u00ecm ki\u1ebfm v\u00e0 ch\u1ec9 h\u1ee3p t\u00e1c v\u1edbi nh\u1eefng \u0111\u1ed1i t\u00e1c tin c\u1eady, \u0111\u01b0\u1ee3c ng\u01b0\u1eddi ti\u00eau d\u00f9ng \u0111\u00e1nh gi\u00e1 cao c\u1ea3 v\u1ec1 ch\u1ea5t l\u01b0\u1ee3ng s\u1ea3n ph\u1ea9m v\u00e0 d\u1ecbch v\u1ee5<\/p>\n<p>Nh\u00e0 \u0110\u1eb9p 2TN t\u1ed3n t\u1ea1i, ph\u00e1t tri\u1ec3n, kh\u1eb3ng \u0111\u1ecbnh v\u1ecb th\u1ebf ri\u00eang bi\u1ec7t c\u1ee7a m\u00ecnh nh\u1edd s\u1ef1 l\u1ef1a ch\u1ecdn kh\u1eaft khe v\u00e0 k\u1ebft h\u1ee3p hai y\u1ebfu t\u1ed1:<\/p>\n<p><b>\u201cCon ng\u01b0\u1eddi \u2013 s\u1ea3n ph\u1ea9m\u201d<\/b><br \/>\nNh\u00e0 \u0110\u1eb9p 2TN hi\u1ec3u r\u1ea5t r\u00f5 r\u1eb1ng:\u00a0\u00a0<b>Ch\u1ec9 c\u00f3 n\u1ed7 l\u1ef1c ph\u1ee5ng s\u1ef1 m\u1edbi c\u00f3 th\u1ec3 d\u1eabn \u0111\u1ea7u.<\/b><\/p>\n","protected":false},"excerpt":{"rendered":"<p>C\u00f4ng Ty TNHH Ki\u1ebfn Tr\u00fac V\u00e0 X\u00e2y D\u1ef1ng 2TN nh\u1eadn th\u1ee9c r\u1eb1ng: \u0111\u1ea1o \u0111\u1ee9c kinh doanh th\u1eadt s\u1ef1 l\u00e0 y\u1ebfu t\u1ed1 c\u1ed1t l\u00f5i \u1ea3nh h\u01b0\u1edfng \u0111\u1ebfn s\u1ef1 s\u1ed1ng c\u00f2n v\u00e0 \u0111\u01b0\u1ee3c s\u1eed d\u1ee5ng l\u00e0m ti\u00eau chu\u1ea9n \u0111\u1ec3 x\u00e1c \u0111\u1ecbnh gi\u00e1 tr\u1ecb. Tr\u00ean ti\u00eau ch\u00ed n\u00e0y, Nh\u00e0 \u0110\u1eb9p 2TN lu\u00f4n t\u00ecm ki\u1ebfm v\u00e0 ch\u1ec9 h\u1ee3p t\u00e1c<\/p>\n","protected":false},"author":1,"featured_media":0,"parent":0,"menu_order":0,"comment_status":"closed","ping_status":"closed","template":"","meta":{"footnotes":""},"class_list":["post-82","page","type-page","status-publish","hentry"],"yoast_head":"<!-- This site is optimized with the Yoast SEO plugin v19.5.1 - https:\/\/yoast.com\/wordpress\/plugins\/seo\/ -->\n<title>L\u1ecbch s\u1eed ph\u00e1t tri\u1ec3n - Nh\u00e0 \u0110\u1eb9p 2TN<\/title>\n<meta name=\"robots\" content=\"noindex, follow, max-snippet:-1, max-image-preview:large, max-video-preview:-1\" \/>\n<meta property=\"og:locale\" content=\"vi_VN\" \/>\n<meta property=\"og:type\" content=\"article\" \/>\n<meta property=\"og:title\" content=\"L\u1ecbch s\u1eed ph\u00e1t tri\u1ec3n - Nh\u00e0 \u0110\u1eb9p 2TN\" \/>\n<meta property=\"og:description\" content=\"C\u00f4ng Ty TNHH Ki\u1ebfn Tr\u00fac V\u00e0 X\u00e2y D\u1ef1ng 2TN nh\u1eadn th\u1ee9c r\u1eb1ng: \u0111\u1ea1o \u0111\u1ee9c kinh doanh th\u1eadt s\u1ef1 l\u00e0 y\u1ebfu t\u1ed1 c\u1ed1t l\u00f5i \u1ea3nh h\u01b0\u1edfng \u0111\u1ebfn s\u1ef1 s\u1ed1ng c\u00f2n v\u00e0 \u0111\u01b0\u1ee3c s\u1eed d\u1ee5ng l\u00e0m ti\u00eau chu\u1ea9n \u0111\u1ec3 x\u00e1c \u0111\u1ecbnh gi\u00e1 tr\u1ecb. Tr\u00ean ti\u00eau ch\u00ed n\u00e0y, Nh\u00e0 \u0110\u1eb9p 2TN lu\u00f4n t\u00ecm ki\u1ebfm v\u00e0 ch\u1ec9 h\u1ee3p t\u00e1c\" \/>\n<meta property=\"og:url\" content=\"http:\/\/mau.hoabinhweb.com\/xaydung1\/lich-su-phat-trien\/\" \/>\n<meta property=\"og:site_name\" content=\"Nh\u00e0 \u0110\u1eb9p 2TN\" \/>\n<meta name=\"twitter:card\" content=\"summary_large_image\" \/>\n<script type=\"application\/ld+json\" class=\"yoast-schema-graph\">{\"@context\":\"https:\/\/schema.org\",\"@graph\":[{\"@type\":\"WebPage\",\"@id\":\"http:\/\/mau.hoabinhweb.com\/xaydung1\/lich-su-phat-trien\/\",\"url\":\"http:\/\/mau.hoabinhweb.com\/xaydung1\/lich-su-phat-trien\/\",\"name\":\"L\u1ecbch s\u1eed ph\u00e1t tri\u1ec3n - Nh\u00e0 \u0110\u1eb9p 2TN\",\"isPartOf\":{\"@id\":\"http:\/\/mau.hoabinhweb.com\/xaydung1\/#website\"},\"datePublished\":\"2022-08-12T03:52:48+00:00\",\"dateModified\":\"2022-08-12T03:52:48+00:00\",\"breadcrumb\":{\"@id\":\"http:\/\/mau.hoabinhweb.com\/xaydung1\/lich-su-phat-trien\/#breadcrumb\"},\"inLanguage\":\"vi\",\"potentialAction\":[{\"@type\":\"ReadAction\",\"target\":[\"http:\/\/mau.hoabinhweb.com\/xaydung1\/lich-su-phat-trien\/\"]}]},{\"@type\":\"BreadcrumbList\",\"@id\":\"http:\/\/mau.hoabinhweb.com\/xaydung1\/lich-su-phat-trien\/#breadcrumb\",\"itemListElement\":[{\"@type\":\"ListItem\",\"position\":1,\"name\":\"Trang ch\u1ee7\",\"item\":\"http:\/\/mau.hoabinhweb.com\/xaydung1\/\"},{\"@type\":\"ListItem\",\"position\":2,\"name\":\"L\u1ecbch s\u1eed ph\u00e1t tri\u1ec3n\"}]},{\"@type\":\"WebSite\",\"@id\":\"http:\/\/mau.hoabinhweb.com\/xaydung1\/#website\",\"url\":\"http:\/\/mau.hoabinhweb.com\/xaydung1\/\",\"name\":\"Nh\u00e0 \u0110\u1eb9p 2TN\",\"description\":\"\",\"potentialAction\":[{\"@type\":\"SearchAction\",\"target\":{\"@type\":\"EntryPoint\",\"urlTemplate\":\"http:\/\/mau.hoabinhweb.com\/xaydung1\/?s={search_term_string}\"},\"query-input\":\"required name=search_term_string\"}],\"inLanguage\":\"vi\"}]}<\/script>\n<!-- \/ Yoast SEO plugin. -->","yoast_head_json":{"title":"L\u1ecbch s\u1eed ph\u00e1t tri\u1ec3n - Nh\u00e0 \u0110\u1eb9p 2TN","robots":{"index":"noindex","follow":"follow","max-snippet":"max-snippet:-1","max-image-preview":"max-image-preview:large","max-video-preview":"max-video-preview:-1"},"og_locale":"vi_VN","og_type":"article","og_title":"L\u1ecbch s\u1eed ph\u00e1t tri\u1ec3n - Nh\u00e0 \u0110\u1eb9p 2TN","og_description":"C\u00f4ng Ty TNHH Ki\u1ebfn Tr\u00fac V\u00e0 X\u00e2y D\u1ef1ng 2TN nh\u1eadn th\u1ee9c r\u1eb1ng: \u0111\u1ea1o \u0111\u1ee9c kinh doanh th\u1eadt s\u1ef1 l\u00e0 y\u1ebfu t\u1ed1 c\u1ed1t l\u00f5i \u1ea3nh h\u01b0\u1edfng \u0111\u1ebfn s\u1ef1 s\u1ed1ng c\u00f2n v\u00e0 \u0111\u01b0\u1ee3c s\u1eed d\u1ee5ng l\u00e0m ti\u00eau chu\u1ea9n \u0111\u1ec3 x\u00e1c \u0111\u1ecbnh gi\u00e1 tr\u1ecb. Tr\u00ean ti\u00eau ch\u00ed n\u00e0y, Nh\u00e0 \u0110\u1eb9p 2TN lu\u00f4n t\u00ecm ki\u1ebfm v\u00e0 ch\u1ec9 h\u1ee3p t\u00e1c","og_url":"http:\/\/mau.hoabinhweb.com\/xaydung1\/lich-su-phat-trien\/","og_site_name":"Nh\u00e0 \u0110\u1eb9p 2TN","twitter_card":"summary_large_image","schema":{"@context":"https:\/\/schema.org","@graph":[{"@type":"WebPage","@id":"http:\/\/mau.hoabinhweb.com\/xaydung1\/lich-su-phat-trien\/","url":"http:\/\/mau.hoabinhweb.com\/xaydung1\/lich-su-phat-trien\/","name":"L\u1ecbch s\u1eed ph\u00e1t tri\u1ec3n - Nh\u00e0 \u0110\u1eb9p 2TN","isPartOf":{"@id":"http:\/\/mau.hoabinhweb.com\/xaydung1\/#website"},"datePublished":"2022-08-12T03:52:48+00:00","dateModified":"2022-08-12T03:52:48+00:00","breadcrumb":{"@id":"http:\/\/mau.hoabinhweb.com\/xaydung1\/lich-su-phat-trien\/#breadcrumb"},"inLanguage":"vi","potentialAction":[{"@type":"ReadAction","target":["http:\/\/mau.hoabinhweb.com\/xaydung1\/lich-su-phat-trien\/"]}]},{"@type":"BreadcrumbList","@id":"http:\/\/mau.hoabinhweb.com\/xaydung1\/lich-su-phat-trien\/#breadcrumb","itemListElement":[{"@type":"ListItem","position":1,"name":"Trang ch\u1ee7","item":"http:\/\/mau.hoabinhweb.com\/xaydung1\/"},{"@type":"ListItem","position":2,"name":"L\u1ecbch s\u1eed ph\u00e1t tri\u1ec3n"}]},{"@type":"WebSite","@id":"http:\/\/mau.hoabinhweb.com\/xaydung1\/#website","url":"http:\/\/mau.hoabinhweb.com\/xaydung1\/","name":"Nh\u00e0 \u0110\u1eb9p 2TN","description":"","potentialAction":[{"@type":"SearchAction","target":{"@type":"EntryPoint","urlTemplate":"http:\/\/mau.hoabinhweb.com\/xaydung1\/?s={search_term_string}"},"query-input":"required name=search_term_string"}],"inLanguage":"vi"}]}},"_links":{"self":[{"href":"http:\/\/mau.hoabinhweb.com\/xaydung1\/wp-json\/wp\/v2\/pages\/82","targetHints":{"allow":["GET"]}}],"collection":[{"href":"http:\/\/mau.hoabinhweb.com\/xaydung1\/wp-json\/wp\/v2\/pages"}],"about":[{"href":"http:\/\/mau.hoabinhweb.com\/xaydung1\/wp-json\/wp\/v2\/types\/page"}],"author":[{"embeddable":true,"href":"http:\/\/mau.hoabinhweb.com\/xaydung1\/wp-json\/wp\/v2\/users\/1"}],"replies":[{"embeddable":true,"href":"http:\/\/mau.hoabinhweb.com\/xaydung1\/wp-json\/wp\/v2\/comments?post=82"}],"version-history":[{"count":1,"href":"http:\/\/mau.hoabinhweb.com\/xaydung1\/wp-json\/wp\/v2\/pages\/82\/revisions"}],"predecessor-version":[{"id":86,"href":"http:\/\/mau.hoabinhweb.com\/xaydung1\/wp-json\/wp\/v2\/pages\/82\/revisions\/86"}],"wp:attachment":[{"href":"http:\/\/mau.hoabinhweb.com\/xaydung1\/wp-json\/wp\/v2\/media?parent=82"}],"curies":[{"name":"wp","href":"https:\/\/api.w.org\/{rel}","templated":true}]}}