{"id":46,"date":"2022-08-11T13:23:39","date_gmt":"2022-08-11T06:23:39","guid":{"rendered":"http:\/\/mau.hoabinhweb.com\/xaydung1\/?page_id=46"},"modified":"2023-02-17T07:42:48","modified_gmt":"2023-02-17T00:42:48","slug":"lien-he","status":"publish","type":"page","link":"http:\/\/mau.hoabinhweb.com\/xaydung1\/lien-he\/","title":{"rendered":"Li\u00ean h\u1ec7"},"content":{"rendered":"<h2><strong>C\u00d4NG TY TNHH D\u1ecaCH V\u1ee4 C\u00d4NG NGH\u1ec6 V\u00c0 TRUY\u1ec0N TH\u00d4NG HO\u00c0 B\u00ccNH<\/strong><\/h2>\n<ul>\n<li>\u0110\u1ecba ch\u1ec9: S\u1ed1 18B, ng\u00f5 202 B\u1edd T\u00e2y S\u00f4ng Nhu\u1ec7, t\u1ed5 d\u00e2n ph\u1ed1 T\u00e2n Phong, Th\u1ee5y Ph\u01b0\u01a1ng, B\u1eafc T\u1eeb Li\u00eam, ph\u1ed1 H\u00e0 N\u1ed9i<\/li>\n<li>\u0110i\u1ec7n tho\u1ea1i: 083 88 16590<\/li>\n<li>Email: webhoabinh@gmail.com<\/li>\n<\/ul>\n<h2>Form li\u00ean h\u1ec7<\/h2>\n\n<div class=\"wpcf7 no-js\" id=\"wpcf7-f149-o1\" lang=\"vi\" dir=\"ltr\">\n<div class=\"screen-reader-response\"><p role=\"status\" aria-live=\"polite\" aria-atomic=\"true\"><\/p> <ul><\/ul><\/div>\n<form action=\"\/xaydung1\/wp-json\/wp\/v2\/pages\/46#wpcf7-f149-o1\" method=\"post\" class=\"wpcf7-form init\" aria-label=\"Contact form\" novalidate=\"novalidate\" data-status=\"init\">\n<div style=\"display: none;\">\n<input type=\"hidden\" name=\"_wpcf7\" value=\"149\" \/>\n<input type=\"hidden\" name=\"_wpcf7_version\" value=\"5.7.3\" \/>\n<input type=\"hidden\" name=\"_wpcf7_locale\" value=\"vi\" \/>\n<input type=\"hidden\" name=\"_wpcf7_unit_tag\" value=\"wpcf7-f149-o1\" \/>\n<input type=\"hidden\" name=\"_wpcf7_container_post\" value=\"0\" \/>\n<input type=\"hidden\" name=\"_wpcf7_posted_data_hash\" value=\"\" \/>\n<\/div>\n<p><span class=\"wpcf7-form-control-wrap\" data-name=\"your-name\"><input size=\"40\" class=\"wpcf7-form-control wpcf7-text wpcf7-validates-as-required\" autocomplete=\"name\" aria-required=\"true\" aria-invalid=\"false\" placeholder=\"H\u1ecd t\u00ean *\" value=\"\" type=\"text\" name=\"your-name\" \/><\/span>\n<\/p>\n<p><span class=\"wpcf7-form-control-wrap\" data-name=\"your-email\"><input size=\"40\" class=\"wpcf7-form-control wpcf7-text wpcf7-email wpcf7-validates-as-email\" autocomplete=\"email\" aria-invalid=\"false\" placeholder=\"Email\" value=\"\" type=\"email\" name=\"your-email\" \/><\/span>\n<\/p>\n<p><span class=\"wpcf7-form-control-wrap\" data-name=\"your-phone\"><input size=\"40\" class=\"wpcf7-form-control wpcf7-text wpcf7-tel wpcf7-validates-as-required wpcf7-validates-as-tel\" aria-required=\"true\" aria-invalid=\"false\" placeholder=\"S\u1ed1 \u0111i\u1ec7n tho\u1ea1i *\" value=\"\" type=\"tel\" name=\"your-phone\" \/><\/span>\n<\/p>\n<p><span class=\"wpcf7-form-control-wrap\" data-name=\"your-subject\"><input size=\"40\" class=\"wpcf7-form-control wpcf7-text\" aria-invalid=\"false\" placeholder=\"Ti\u00eau \u0111\u1ec1\" value=\"\" type=\"text\" name=\"your-subject\" \/><\/span>\n<\/p>\n<p><span class=\"wpcf7-form-control-wrap\" data-name=\"your-message\"><textarea cols=\"40\" rows=\"10\" class=\"wpcf7-form-control wpcf7-textarea\" aria-invalid=\"false\" placeholder=\"N\u1ed9i dung\" name=\"your-message\"><\/textarea><\/span>\n<\/p>\n<p><input class=\"wpcf7-form-control has-spinner wpcf7-submit\" type=\"submit\" value=\"Li\u00ean h\u1ec7\" \/>\n<\/p><div class=\"wpcf7-response-output\" aria-hidden=\"true\"><\/div>\n<\/form>\n<\/div>\n\n<h2>B\u1ea2N \u0110\u1ed2 CH\u1ec8 D\u1eaaN<\/h2>\n<p><iframe loading=\"lazy\" style=\"border: 0;\" src=\"https:\/\/www.google.com\/maps\/embed?pb=!1m18!1m12!1m3!1d3723.9603349290296!2d105.7628751154024!3d21.034273042964763!2m3!1f0!2f0!3f0!3m2!1i1024!2i768!4f13.1!3m3!1m2!1s0x313454b945d1acfb%3A0xbbc62a18bde84e3c!2sMD%20Complex%20Tower!5e0!3m2!1svi!2s!4v1660199178965!5m2!1svi!2s\" width=\"100%\" height=\"450\" allowfullscreen=\"allowfullscreen\"><span data-mce-type=\"bookmark\" style=\"display: inline-block; width: 0px; overflow: hidden; line-height: 0;\" class=\"mce_SELRES_start\">\ufeff<\/span><\/iframe><\/p>\n","protected":false},"excerpt":{"rendered":"<p>C\u00d4NG TY TNHH D\u1ecaCH V\u1ee4 C\u00d4NG NGH\u1ec6 V\u00c0 TRUY\u1ec0N TH\u00d4NG HO\u00c0 B\u00ccNH \u0110\u1ecba ch\u1ec9: S\u1ed1 18B, ng\u00f5 202 B\u1edd T\u00e2y S\u00f4ng Nhu\u1ec7, t\u1ed5 d\u00e2n ph\u1ed1 T\u00e2n Phong, Th\u1ee5y Ph\u01b0\u01a1ng, B\u1eafc T\u1eeb Li\u00eam, ph\u1ed1 H\u00e0 N\u1ed9i \u0110i\u1ec7n tho\u1ea1i: 083 88 16590 Email: webhoabinh@gmail.com Form li\u00ean h\u1ec7 B\u1ea2N \u0110\u1ed2 CH\u1ec8 D\u1eaaN \ufeff<\/p>\n","protected":false},"author":1,"featured_media":0,"parent":0,"menu_order":0,"comment_status":"closed","ping_status":"closed","template":"","meta":{"footnotes":""},"class_list":["post-46","page","type-page","status-publish","hentry"],"yoast_head":"<!-- This site is optimized with the Yoast SEO plugin v19.5.1 - https:\/\/yoast.com\/wordpress\/plugins\/seo\/ -->\n<title>Li\u00ean h\u1ec7 - Nh\u00e0 \u0110\u1eb9p 2TN<\/title>\n<meta name=\"robots\" content=\"noindex, follow, max-snippet:-1, max-image-preview:large, max-video-preview:-1\" \/>\n<meta property=\"og:locale\" content=\"vi_VN\" \/>\n<meta property=\"og:type\" content=\"article\" \/>\n<meta property=\"og:title\" content=\"Li\u00ean h\u1ec7 - Nh\u00e0 \u0110\u1eb9p 2TN\" \/>\n<meta property=\"og:description\" content=\"C\u00d4NG TY TNHH D\u1ecaCH V\u1ee4 C\u00d4NG NGH\u1ec6 V\u00c0 TRUY\u1ec0N TH\u00d4NG HO\u00c0 B\u00ccNH \u0110\u1ecba ch\u1ec9: S\u1ed1 18B, ng\u00f5 202 B\u1edd T\u00e2y S\u00f4ng Nhu\u1ec7, t\u1ed5 d\u00e2n ph\u1ed1 T\u00e2n Phong, Th\u1ee5y Ph\u01b0\u01a1ng, B\u1eafc T\u1eeb Li\u00eam, ph\u1ed1 H\u00e0 N\u1ed9i \u0110i\u1ec7n tho\u1ea1i: 083 88 16590 Email: webhoabinh@gmail.com Form li\u00ean h\u1ec7 B\u1ea2N \u0110\u1ed2 CH\u1ec8 D\u1eaaN \ufeff\" \/>\n<meta property=\"og:url\" content=\"http:\/\/mau.hoabinhweb.com\/xaydung1\/lien-he\/\" \/>\n<meta property=\"og:site_name\" content=\"Nh\u00e0 \u0110\u1eb9p 2TN\" \/>\n<meta property=\"article:modified_time\" content=\"2023-02-17T00:42:48+00:00\" \/>\n<meta name=\"twitter:card\" content=\"summary_large_image\" \/>\n<meta name=\"twitter:label1\" content=\"\u01af\u1edbc t\u00ednh th\u1eddi gian \u0111\u1ecdc\" \/>\n\t<meta name=\"twitter:data1\" content=\"1 ph\u00fat\" \/>\n<script type=\"application\/ld+json\" class=\"yoast-schema-graph\">{\"@context\":\"https:\/\/schema.org\",\"@graph\":[{\"@type\":\"WebPage\",\"@id\":\"http:\/\/mau.hoabinhweb.com\/xaydung1\/lien-he\/\",\"url\":\"http:\/\/mau.hoabinhweb.com\/xaydung1\/lien-he\/\",\"name\":\"Li\u00ean h\u1ec7 - Nh\u00e0 \u0110\u1eb9p 2TN\",\"isPartOf\":{\"@id\":\"http:\/\/mau.hoabinhweb.com\/xaydung1\/#website\"},\"datePublished\":\"2022-08-11T06:23:39+00:00\",\"dateModified\":\"2023-02-17T00:42:48+00:00\",\"breadcrumb\":{\"@id\":\"http:\/\/mau.hoabinhweb.com\/xaydung1\/lien-he\/#breadcrumb\"},\"inLanguage\":\"vi\",\"potentialAction\":[{\"@type\":\"ReadAction\",\"target\":[\"http:\/\/mau.hoabinhweb.com\/xaydung1\/lien-he\/\"]}]},{\"@type\":\"BreadcrumbList\",\"@id\":\"http:\/\/mau.hoabinhweb.com\/xaydung1\/lien-he\/#breadcrumb\",\"itemListElement\":[{\"@type\":\"ListItem\",\"position\":1,\"name\":\"Trang ch\u1ee7\",\"item\":\"http:\/\/mau.hoabinhweb.com\/xaydung1\/\"},{\"@type\":\"ListItem\",\"position\":2,\"name\":\"Li\u00ean h\u1ec7\"}]},{\"@type\":\"WebSite\",\"@id\":\"http:\/\/mau.hoabinhweb.com\/xaydung1\/#website\",\"url\":\"http:\/\/mau.hoabinhweb.com\/xaydung1\/\",\"name\":\"Nh\u00e0 \u0110\u1eb9p 2TN\",\"description\":\"\",\"potentialAction\":[{\"@type\":\"SearchAction\",\"target\":{\"@type\":\"EntryPoint\",\"urlTemplate\":\"http:\/\/mau.hoabinhweb.com\/xaydung1\/?s={search_term_string}\"},\"query-input\":\"required name=search_term_string\"}],\"inLanguage\":\"vi\"}]}<\/script>\n<!-- \/ Yoast SEO plugin. -->","yoast_head_json":{"title":"Li\u00ean h\u1ec7 - Nh\u00e0 \u0110\u1eb9p 2TN","robots":{"index":"noindex","follow":"follow","max-snippet":"max-snippet:-1","max-image-preview":"max-image-preview:large","max-video-preview":"max-video-preview:-1"},"og_locale":"vi_VN","og_type":"article","og_title":"Li\u00ean h\u1ec7 - Nh\u00e0 \u0110\u1eb9p 2TN","og_description":"C\u00d4NG TY TNHH D\u1ecaCH V\u1ee4 C\u00d4NG NGH\u1ec6 V\u00c0 TRUY\u1ec0N TH\u00d4NG HO\u00c0 B\u00ccNH \u0110\u1ecba ch\u1ec9: S\u1ed1 18B, ng\u00f5 202 B\u1edd T\u00e2y S\u00f4ng Nhu\u1ec7, t\u1ed5 d\u00e2n ph\u1ed1 T\u00e2n Phong, Th\u1ee5y Ph\u01b0\u01a1ng, B\u1eafc T\u1eeb Li\u00eam, ph\u1ed1 H\u00e0 N\u1ed9i \u0110i\u1ec7n tho\u1ea1i: 083 88 16590 Email: webhoabinh@gmail.com Form li\u00ean h\u1ec7 B\u1ea2N \u0110\u1ed2 CH\u1ec8 D\u1eaaN \ufeff","og_url":"http:\/\/mau.hoabinhweb.com\/xaydung1\/lien-he\/","og_site_name":"Nh\u00e0 \u0110\u1eb9p 2TN","article_modified_time":"2023-02-17T00:42:48+00:00","twitter_card":"summary_large_image","twitter_misc":{"\u01af\u1edbc t\u00ednh th\u1eddi gian \u0111\u1ecdc":"1 ph\u00fat"},"schema":{"@context":"https:\/\/schema.org","@graph":[{"@type":"WebPage","@id":"http:\/\/mau.hoabinhweb.com\/xaydung1\/lien-he\/","url":"http:\/\/mau.hoabinhweb.com\/xaydung1\/lien-he\/","name":"Li\u00ean h\u1ec7 - Nh\u00e0 \u0110\u1eb9p 2TN","isPartOf":{"@id":"http:\/\/mau.hoabinhweb.com\/xaydung1\/#website"},"datePublished":"2022-08-11T06:23:39+00:00","dateModified":"2023-02-17T00:42:48+00:00","breadcrumb":{"@id":"http:\/\/mau.hoabinhweb.com\/xaydung1\/lien-he\/#breadcrumb"},"inLanguage":"vi","potentialAction":[{"@type":"ReadAction","target":["http:\/\/mau.hoabinhweb.com\/xaydung1\/lien-he\/"]}]},{"@type":"BreadcrumbList","@id":"http:\/\/mau.hoabinhweb.com\/xaydung1\/lien-he\/#breadcrumb","itemListElement":[{"@type":"ListItem","position":1,"name":"Trang ch\u1ee7","item":"http:\/\/mau.hoabinhweb.com\/xaydung1\/"},{"@type":"ListItem","position":2,"name":"Li\u00ean h\u1ec7"}]},{"@type":"WebSite","@id":"http:\/\/mau.hoabinhweb.com\/xaydung1\/#website","url":"http:\/\/mau.hoabinhweb.com\/xaydung1\/","name":"Nh\u00e0 \u0110\u1eb9p 2TN","description":"","potentialAction":[{"@type":"SearchAction","target":{"@type":"EntryPoint","urlTemplate":"http:\/\/mau.hoabinhweb.com\/xaydung1\/?s={search_term_string}"},"query-input":"required name=search_term_string"}],"inLanguage":"vi"}]}},"_links":{"self":[{"href":"http:\/\/mau.hoabinhweb.com\/xaydung1\/wp-json\/wp\/v2\/pages\/46","targetHints":{"allow":["GET"]}}],"collection":[{"href":"http:\/\/mau.hoabinhweb.com\/xaydung1\/wp-json\/wp\/v2\/pages"}],"about":[{"href":"http:\/\/mau.hoabinhweb.com\/xaydung1\/wp-json\/wp\/v2\/types\/page"}],"author":[{"embeddable":true,"href":"http:\/\/mau.hoabinhweb.com\/xaydung1\/wp-json\/wp\/v2\/users\/1"}],"replies":[{"embeddable":true,"href":"http:\/\/mau.hoabinhweb.com\/xaydung1\/wp-json\/wp\/v2\/comments?post=46"}],"version-history":[{"count":2,"href":"http:\/\/mau.hoabinhweb.com\/xaydung1\/wp-json\/wp\/v2\/pages\/46\/revisions"}],"predecessor-version":[{"id":150,"href":"http:\/\/mau.hoabinhweb.com\/xaydung1\/wp-json\/wp\/v2\/pages\/46\/revisions\/150"}],"wp:attachment":[{"href":"http:\/\/mau.hoabinhweb.com\/xaydung1\/wp-json\/wp\/v2\/media?parent=46"}],"curies":[{"name":"wp","href":"https:\/\/api.w.org\/{rel}","templated":true}]}}