{"id":14,"date":"2023-03-31T09:50:14","date_gmt":"2023-03-31T02:50:14","guid":{"rendered":"http:\/\/mau.hoabinhweb.com\/truyenthong2\/?page_id=14"},"modified":"2023-03-31T09:50:14","modified_gmt":"2023-03-31T02:50:14","slug":"lien-he","status":"publish","type":"page","link":"http:\/\/mau.hoabinhweb.com\/truyenthong2\/lien-he\/","title":{"rendered":"Li\u00ean h\u1ec7"},"content":{"rendered":"<h2><strong>C\u00d4NG TY TRUY\u1ec0N TH\u00d4NG &amp; T\u1ed4 CH\u1ee8C S\u1ef0 KI\u1ec6N <\/strong><strong>PERFECT MEDIA<\/strong><\/h2>\n<ul>\n<li><strong>Hai Duong Office:\u00a0<\/strong>S\u1ed1 20\/78 Qu\u00e1n Th\u00e1nh \u2013 TP H\u1ea3i D\u01b0\u01a1ng<\/li>\n<li><strong>Ha Noi Office: <\/strong>S\u1ed1 15A5 \u2013 T\u1ed5 15 \u2013 Ph\u00fac \u0110\u1ed3ng \u2013 Long Bi\u00ean \u2013 TP H\u00e0 N\u1ed9i<\/li>\n<li><strong>Hai Phong Office: <\/strong>S\u1ed1 497 H\u00f9ng V\u01b0\u01a1ng \u2013 TP H\u1ea3i Ph\u00f2ng<\/li>\n<li><strong>Quang Ninh Office: <\/strong>T\u1ed5 9c \u2013 Khu 3 \u2013 H\u00f9ng Th\u1eafng \u2013 B\u00e3i Ch\u00e1y \u2013 TP H\u1ea1 Long<\/li>\n<li><strong>H\u01b0ng Y\u00ean Office:<\/strong>\u00a0Ng\u00f5 16 \u2013 L\u01b0\u01a1ng \u0110\u00ecnh C\u1ee7a \u2013 TP H\u01b0ng Y\u00ean<\/li>\n<li><strong>B\u1eafc Ninh Office:<\/strong>\u00a0S\u1ed1 21\/187 ph\u01b0\u1eddng V\u1ec7 An \u2013 TP B\u1eafc Ninh<\/li>\n<li><strong>Bac Giang Office:<\/strong>\u00a0Ng\u00f5 274 \u2013 L\u00ea L\u1ee3i \u2013 TP B\u1eafc Giang<\/li>\n<li><strong>Lang Son Office:<\/strong>\u00a0S\u1ed1 26\/364 \u2013 \u0110\u01b0\u1eddng Ng\u00f4 Quy\u1ec1n \u2013 TP L\u1ea1ng S\u01a1n<\/li>\n<li><strong>Thai Binh Office:<\/strong>\u00a0Ng\u00f5 36 \u0110o\u00e0n Nguy\u1ec5n Tu\u1ea5n \u2013\u00a0Tr\u1ea7n H\u01b0ng \u0110\u1ea1o \u2013 TP Th\u00e1i B\u00ecnh<\/li>\n<li><strong>Nam Dinh Office:<\/strong>\u00a0Ng\u00f5 547 \u2013 Tr\u1ea7n H\u01b0ng \u0110\u1ea1o k\u00e9o d\u00e0i \u2013 TP Nam \u0110\u1ecbnh<\/li>\n<li><strong>Ninh Binh Office:<\/strong>\u00a0Ng\u00f5 s\u1ed1 8 \u2013 \u0110\u01b0\u1eddng Th\u00e0nh C\u00f4ng \u2013 P. T\u00e2n Th\u00e0nh \u2013 TP Ninh B\u00ecnh<\/li>\n<li><strong>Hoa Binh Office:<\/strong>\u00a0S\u1ed1 26\/40 \u2013 Ph\u00f9ng H\u01b0ng \u2013 T\u00e2n H\u00f2a \u2013 TP H\u00f2a B\u00ecnh<\/li>\n<li><strong>Son La Office:<\/strong>\u00a0T\u1ed5 4 \u2013 ph\u01b0\u1eddng Chi\u1ec1ng Sinh \u2013 TP S\u01a1n La<\/li>\n<li><strong>Vinh Phuc Office:<\/strong>\u00a0Ng\u00f5 14 \u2013 \u0110\u01b0\u1eddng Tr\u1ea7n Ph\u00fa \u2013 TP V\u0129nh Y\u00ean \u2013 V\u0129nh Ph\u00fac<\/li>\n<li><strong>Thai Nguyen Office:<\/strong>\u00a0S\u1ed1 68\/321 \u2013 \u0110\u01b0\u1eddng D\u01b0\u01a1ng T\u1ef1 Minh \u2013 TP Th\u00e1i Nguy\u00ean<\/li>\n<li><strong>Cao Bang Office:<\/strong>\u00a0S\u1ed1 16\/73 \u2013 Ph\u01b0\u1eddng H\u1ee3p Giang \u2013 TP Cao B\u1eb1ng<\/li>\n<li><strong>Ha Giang Office:<\/strong>\u00a0S\u1ed1 10 \u2013 \u0110\u01b0\u1eddng La V\u0103n C\u1ea7u \u2013 Ng\u1ecdc H\u00e0 \u2013 TP H\u00e0 Giang<\/li>\n<li><strong>Lao Cai Office:<\/strong>\u00a0Ng\u00f5 288 \u2013 Xu\u00e2n Di\u1ec7u \u2013 ph\u01b0\u1eddng Kim T\u00e2n \u2013 TP L\u00e0o Cai<\/li>\n<li><strong>HCM Office:<\/strong>\u00a0S\u1ed1 11\/7J \u2013 Nguy\u1ec5n \u1ea2nh Th\u1ee7 \u2013 B\u00e0 \u0110i\u1ec3m \u2013 H\u00f3c M\u00f4n \u2013 TP HCM<\/li>\n<li><strong>Hotline\/Zalo :<\/strong>\u00a0<strong>0977.369.942\u00a0(Mi\u1ec1n B\u1eafc)\u00a0\u2013\u00a0<\/strong><strong>0968.127.020\u00a0(Mi\u1ec1n Nam)<\/strong><\/li>\n<li><strong>Website:<\/strong>\u00a0http:\/\/sukienperfect.vn\/ \u2013\u00a0http:\/\/perfectmedia.com.vn\/<\/li>\n<li><strong>Email : <\/strong>tochucsukien.perfect@gmail.com \u2013 dinhtuynhvip@gmail.com<\/li>\n<\/ul>\n","protected":false},"excerpt":{"rendered":"<p>C\u00d4NG TY TRUY\u1ec0N TH\u00d4NG &amp; T\u1ed4 CH\u1ee8C S\u1ef0 KI\u1ec6N PERFECT MEDIA Hai Duong Office:\u00a0S\u1ed1 20\/78 Qu\u00e1n Th\u00e1nh \u2013 TP H\u1ea3i D\u01b0\u01a1ng Ha Noi Office: S\u1ed1 15A5 \u2013 T\u1ed5 15 \u2013 Ph\u00fac \u0110\u1ed3ng \u2013 Long Bi\u00ean \u2013 TP H\u00e0 N\u1ed9i Hai Phong Office: S\u1ed1 497 H\u00f9ng V\u01b0\u01a1ng \u2013 TP H\u1ea3i Ph\u00f2ng Quang Ninh Office: T\u1ed5 9c<\/p>\n","protected":false},"author":1,"featured_media":0,"parent":0,"menu_order":0,"comment_status":"closed","ping_status":"closed","template":"","meta":{"footnotes":""},"class_list":["post-14","page","type-page","status-publish","hentry"],"yoast_head":"<!-- This site is optimized with the Yoast SEO plugin v20.4 - https:\/\/yoast.com\/wordpress\/plugins\/seo\/ -->\n<title>Li\u00ean h\u1ec7 - Perfect Media<\/title>\n<meta name=\"robots\" content=\"noindex, follow, max-snippet:-1, max-image-preview:large, max-video-preview:-1\" \/>\n<meta property=\"og:locale\" content=\"vi_VN\" \/>\n<meta property=\"og:type\" content=\"article\" \/>\n<meta property=\"og:title\" content=\"Li\u00ean h\u1ec7 - Perfect Media\" \/>\n<meta property=\"og:description\" content=\"C\u00d4NG TY TRUY\u1ec0N TH\u00d4NG &amp; T\u1ed4 CH\u1ee8C S\u1ef0 KI\u1ec6N PERFECT MEDIA Hai Duong Office:\u00a0S\u1ed1 20\/78 Qu\u00e1n Th\u00e1nh \u2013 TP H\u1ea3i D\u01b0\u01a1ng Ha Noi Office: S\u1ed1 15A5 \u2013 T\u1ed5 15 \u2013 Ph\u00fac \u0110\u1ed3ng \u2013 Long Bi\u00ean \u2013 TP H\u00e0 N\u1ed9i Hai Phong Office: S\u1ed1 497 H\u00f9ng V\u01b0\u01a1ng \u2013 TP H\u1ea3i Ph\u00f2ng Quang Ninh Office: T\u1ed5 9c\" \/>\n<meta property=\"og:url\" content=\"http:\/\/mau.hoabinhweb.com\/truyenthong2\/lien-he\/\" \/>\n<meta property=\"og:site_name\" content=\"Perfect Media\" \/>\n<meta name=\"twitter:card\" content=\"summary_large_image\" \/>\n<meta name=\"twitter:label1\" content=\"\u01af\u1edbc t\u00ednh th\u1eddi gian \u0111\u1ecdc\" \/>\n\t<meta name=\"twitter:data1\" content=\"2 ph\u00fat\" \/>\n<script type=\"application\/ld+json\" class=\"yoast-schema-graph\">{\"@context\":\"https:\/\/schema.org\",\"@graph\":[{\"@type\":\"WebPage\",\"@id\":\"http:\/\/mau.hoabinhweb.com\/truyenthong2\/lien-he\/\",\"url\":\"http:\/\/mau.hoabinhweb.com\/truyenthong2\/lien-he\/\",\"name\":\"Li\u00ean h\u1ec7 - Perfect Media\",\"isPartOf\":{\"@id\":\"http:\/\/mau.hoabinhweb.com\/truyenthong2\/#website\"},\"datePublished\":\"2023-03-31T02:50:14+00:00\",\"dateModified\":\"2023-03-31T02:50:14+00:00\",\"breadcrumb\":{\"@id\":\"http:\/\/mau.hoabinhweb.com\/truyenthong2\/lien-he\/#breadcrumb\"},\"inLanguage\":\"vi\",\"potentialAction\":[{\"@type\":\"ReadAction\",\"target\":[\"http:\/\/mau.hoabinhweb.com\/truyenthong2\/lien-he\/\"]}]},{\"@type\":\"BreadcrumbList\",\"@id\":\"http:\/\/mau.hoabinhweb.com\/truyenthong2\/lien-he\/#breadcrumb\",\"itemListElement\":[{\"@type\":\"ListItem\",\"position\":1,\"name\":\"Trang ch\u1ee7\",\"item\":\"http:\/\/mau.hoabinhweb.com\/truyenthong2\/\"},{\"@type\":\"ListItem\",\"position\":2,\"name\":\"Li\u00ean h\u1ec7\"}]},{\"@type\":\"WebSite\",\"@id\":\"http:\/\/mau.hoabinhweb.com\/truyenthong2\/#website\",\"url\":\"http:\/\/mau.hoabinhweb.com\/truyenthong2\/\",\"name\":\"Perfect Media\",\"description\":\"\",\"potentialAction\":[{\"@type\":\"SearchAction\",\"target\":{\"@type\":\"EntryPoint\",\"urlTemplate\":\"http:\/\/mau.hoabinhweb.com\/truyenthong2\/?s={search_term_string}\"},\"query-input\":\"required name=search_term_string\"}],\"inLanguage\":\"vi\"}]}<\/script>\n<!-- \/ Yoast SEO plugin. -->","yoast_head_json":{"title":"Li\u00ean h\u1ec7 - Perfect Media","robots":{"index":"noindex","follow":"follow","max-snippet":"max-snippet:-1","max-image-preview":"max-image-preview:large","max-video-preview":"max-video-preview:-1"},"og_locale":"vi_VN","og_type":"article","og_title":"Li\u00ean h\u1ec7 - Perfect Media","og_description":"C\u00d4NG TY TRUY\u1ec0N TH\u00d4NG &amp; T\u1ed4 CH\u1ee8C S\u1ef0 KI\u1ec6N PERFECT MEDIA Hai Duong Office:\u00a0S\u1ed1 20\/78 Qu\u00e1n Th\u00e1nh \u2013 TP H\u1ea3i D\u01b0\u01a1ng Ha Noi Office: S\u1ed1 15A5 \u2013 T\u1ed5 15 \u2013 Ph\u00fac \u0110\u1ed3ng \u2013 Long Bi\u00ean \u2013 TP H\u00e0 N\u1ed9i Hai Phong Office: S\u1ed1 497 H\u00f9ng V\u01b0\u01a1ng \u2013 TP H\u1ea3i Ph\u00f2ng Quang Ninh Office: T\u1ed5 9c","og_url":"http:\/\/mau.hoabinhweb.com\/truyenthong2\/lien-he\/","og_site_name":"Perfect Media","twitter_card":"summary_large_image","twitter_misc":{"\u01af\u1edbc t\u00ednh th\u1eddi gian \u0111\u1ecdc":"2 ph\u00fat"},"schema":{"@context":"https:\/\/schema.org","@graph":[{"@type":"WebPage","@id":"http:\/\/mau.hoabinhweb.com\/truyenthong2\/lien-he\/","url":"http:\/\/mau.hoabinhweb.com\/truyenthong2\/lien-he\/","name":"Li\u00ean h\u1ec7 - Perfect Media","isPartOf":{"@id":"http:\/\/mau.hoabinhweb.com\/truyenthong2\/#website"},"datePublished":"2023-03-31T02:50:14+00:00","dateModified":"2023-03-31T02:50:14+00:00","breadcrumb":{"@id":"http:\/\/mau.hoabinhweb.com\/truyenthong2\/lien-he\/#breadcrumb"},"inLanguage":"vi","potentialAction":[{"@type":"ReadAction","target":["http:\/\/mau.hoabinhweb.com\/truyenthong2\/lien-he\/"]}]},{"@type":"BreadcrumbList","@id":"http:\/\/mau.hoabinhweb.com\/truyenthong2\/lien-he\/#breadcrumb","itemListElement":[{"@type":"ListItem","position":1,"name":"Trang ch\u1ee7","item":"http:\/\/mau.hoabinhweb.com\/truyenthong2\/"},{"@type":"ListItem","position":2,"name":"Li\u00ean h\u1ec7"}]},{"@type":"WebSite","@id":"http:\/\/mau.hoabinhweb.com\/truyenthong2\/#website","url":"http:\/\/mau.hoabinhweb.com\/truyenthong2\/","name":"Perfect Media","description":"","potentialAction":[{"@type":"SearchAction","target":{"@type":"EntryPoint","urlTemplate":"http:\/\/mau.hoabinhweb.com\/truyenthong2\/?s={search_term_string}"},"query-input":"required name=search_term_string"}],"inLanguage":"vi"}]}},"_links":{"self":[{"href":"http:\/\/mau.hoabinhweb.com\/truyenthong2\/wp-json\/wp\/v2\/pages\/14","targetHints":{"allow":["GET"]}}],"collection":[{"href":"http:\/\/mau.hoabinhweb.com\/truyenthong2\/wp-json\/wp\/v2\/pages"}],"about":[{"href":"http:\/\/mau.hoabinhweb.com\/truyenthong2\/wp-json\/wp\/v2\/types\/page"}],"author":[{"embeddable":true,"href":"http:\/\/mau.hoabinhweb.com\/truyenthong2\/wp-json\/wp\/v2\/users\/1"}],"replies":[{"embeddable":true,"href":"http:\/\/mau.hoabinhweb.com\/truyenthong2\/wp-json\/wp\/v2\/comments?post=14"}],"version-history":[{"count":1,"href":"http:\/\/mau.hoabinhweb.com\/truyenthong2\/wp-json\/wp\/v2\/pages\/14\/revisions"}],"predecessor-version":[{"id":17,"href":"http:\/\/mau.hoabinhweb.com\/truyenthong2\/wp-json\/wp\/v2\/pages\/14\/revisions\/17"}],"wp:attachment":[{"href":"http:\/\/mau.hoabinhweb.com\/truyenthong2\/wp-json\/wp\/v2\/media?parent=14"}],"curies":[{"name":"wp","href":"https:\/\/api.w.org\/{rel}","templated":true}]}}