{"id":13,"date":"2023-03-31T09:48:20","date_gmt":"2023-03-31T02:48:20","guid":{"rendered":"http:\/\/mau.hoabinhweb.com\/truyenthong2\/?page_id=13"},"modified":"2023-03-31T09:48:20","modified_gmt":"2023-03-31T02:48:20","slug":"gioi-thieu-ve-cong-ty-perfect-media","status":"publish","type":"page","link":"http:\/\/mau.hoabinhweb.com\/truyenthong2\/gioi-thieu-ve-cong-ty-perfect-media\/","title":{"rendered":"Gi\u1edbi thi\u1ec7u v\u1ec1 c\u00f4ng ty Perfect Media"},"content":{"rendered":"<div class=\"fluid-width-video-wrapper\"><iframe id=\"fitvid441608\" src=\"https:\/\/www.youtube.com\/embed\/URxzyZVhI9o\" frameborder=\"0\" allowfullscreen=\"allowfullscreen\" data-mce-fragment=\"1\"><\/iframe><\/div>\n<p><em>Video gi\u1edbi thi\u1ec7u v\u1ec1 d\u1ecbch v\u1ee5 Perfect Media<\/em><\/p>\n<div class=\"fluid-width-video-wrapper\"><iframe id=\"fitvid274458\" src=\"https:\/\/www.youtube.com\/embed\/ycW2hqdYlEA\" frameborder=\"0\" allowfullscreen=\"allowfullscreen\" data-mce-fragment=\"1\"><\/iframe><\/div>\n<p><em>Kh\u00e1ch h\u00e0ng \u0111\u00e1nh gi\u00e1 v\u1ec1 d\u1ecbch v\u1ee5 Perfect Media<\/em><\/p>\n<p>C\u00f4ng ty Truy\u1ec1n Th\u00f4ng &amp;\u00a0T\u1ed5 Ch\u1ee9c S\u1ef1 Ki\u1ec7n Perfect Media\u00a0xin g\u1eedi t\u1edbi to\u00e0n th\u1ec3 Qu\u00fd v\u1ecb l\u1eddi ch\u00e0o tr\u00e2n tr\u1ecdng nh\u1ea5t!<br \/>\n<strong><em>K\u00ednh th\u01b0a Qu\u00fd kh\u00e1ch h\u00e0ng!<del><\/del><\/em><\/strong><br \/>\nC\u00f4ng ty Truy\u1ec1n Th\u00f4ng &amp;\u00a0T\u1ed5 Ch\u1ee9c S\u1ef1 Ki\u1ec7n Perfect Media<br \/>\nT\u00ean giao d\u1ecbch:<strong>\u00a0PERFECT MEDIA<\/strong><br \/>\n<img loading=\"lazy\" decoding=\"async\" class=\"wp-image-11064 alignleft\" src=\"http:\/\/sukienperfect.vn\/wp-content\/uploads\/2015\/06\/perfect-media-12.jpg\" sizes=\"auto, (max-width: 21px) 100vw, 21px\" srcset=\"http:\/\/sukienperfect.vn\/wp-content\/uploads\/2015\/06\/perfect-media-12.jpg 776w, http:\/\/sukienperfect.vn\/wp-content\/uploads\/2015\/06\/perfect-media-12-150x150.jpg 150w, http:\/\/sukienperfect.vn\/wp-content\/uploads\/2015\/06\/perfect-media-12-300x300.jpg 300w, http:\/\/sukienperfect.vn\/wp-content\/uploads\/2015\/06\/perfect-media-12-768x768.jpg 768w, http:\/\/sukienperfect.vn\/wp-content\/uploads\/2015\/06\/perfect-media-12-45x45.jpg 45w\" alt=\"\" width=\"21\" height=\"21\" \/><strong>Tri\u1ebft l\u00fd<\/strong><strong>:<\/strong><em>\u00a0\u201cTh\u00e0nh c\u00f4ng cho kh\u00e1ch h\u00e0ng l\u00e0 nhi\u1ec7m v\u1ee5 t\u1ed1i th\u01b0\u1ee3ng c\u1ee7a ch\u00fang t\u00f4i\u201d.\u00a0<\/em>B\u1eb1ng c\u00e1ch mang nh\u1eefng gi\u00e1 tr\u1ecb t\u1ed1t nh\u1ea5t th\u00f4ng qua d\u1ecbch v\u1ee5 \u0111\u1ec3 t\u00f4n vinh th\u01b0\u01a1ng hi\u1ec7u\u00a0kh\u00e1ch h\u00e0ng.<\/p>\n<p><strong>S\u1ee9 m\u1ec7nh:<\/strong>\u00a0Perfect Media t\u1ea1o s\u1ee9c m\u1ea1nh truy\u1ec1n th\u00f4ng, Kh\u00e1ch h\u00e0ng \u0111\u01b0\u1ee3c\u00a0th\u1ecbnh v\u01b0\u1ee3ng.<\/p>\n<p>V\u1edbi mong mu\u1ed1n \u0111\u01b0\u1ee3c ph\u1ee5c v\u1ee5 kh\u00e1ch h\u00e0ng t\u1ed1t nh\u1ea5t ngay t\u1eeb th\u1eddi gian\u00a0\u0111\u1ea7u th\u00e0nh l\u1eadp (th\u00e1ng 8 n\u0103m 2009)\u00a0Perfect Media\u00a0\u0111\u00e3 \u0111\u1ecbnh h\u01b0\u1edbng ti\u1ebfn th\u1eb3ng t\u1edbi chuy\u00ean nghi\u1ec7p:<\/p>\n<ul>\n<li>X\u00e2y d\u1ef1ng \u00fd t\u01b0\u1edfng s\u00e1ng t\u1ea1o, thi\u1ebft k\u1ebf v\u00e0 d\u00e0n d\u1ef1ng, t\u1ed5 ch\u1ee9c c\u00e1c ch\u01b0\u01a1ng tr\u00ecnh s\u1ef1 ki\u1ec7n chuy\u00ean nghi\u1ec7p.<\/li>\n<li>\u0110\u1ea7u t\u01b0 \u0111\u1ea7y \u0111\u1ee7 \u0111a d\u1ea1ng trang thi\u1ebft b\u1ecb t\u1ed5 ch\u1ee9c s\u1ef1 ki\u1ec7n nh\u01b0: Nh\u00e0 gi\u00e0n kh\u00f4ng gian 4000m2, b\u00e0n gh\u1ebf 2000 chi\u1ebfc, s\u00e2n kh\u1ea5u 1000m2, \u00e2m thanh-\u00e1nh s\u00e1ng chuy\u00ean nghi\u1ec7p nh\u01b0\u00a0loa treo Line Array QSC, TPA, JBL, Martin, Lat\u2026, \u0111\u00e8n s\u00e2n kh\u1ea5u bi\u1ec3u di\u1ec5n c\u00f9ng nhi\u1ec1u trang thi\u1ebft b\u1ecb s\u1ef1 ki\u1ec7n\u00a0kh\u00e1c\u2026<\/li>\n<li>Ph\u1ee5c v\u1ee5\u00a0tr\u00ean t\u1ea5t c\u1ea3 c\u00e1c t\u1ec9nh th\u00e0nh Vi\u1ec7t Nam<\/li>\n<li>\u0110\u1ed9i ng\u0169 nh\u00e2n s\u1ef1 n\u0103ng \u0111\u1ed9ng,\u00a0chuy\u00ean nghi\u1ec7p, s\u00e1ng t\u1ea1o, gi\u00e0u kinh nghi\u1ec7m, tay ngh\u1ec1 v\u00e0 tr\u00e1ch nhi\u1ec7m cao, t\u1ec9 m\u1ec9 t\u1edbi t\u1eebng chi ti\u1ebft nh\u1ecf nh\u1ea5t.<\/li>\n<\/ul>\n<p>Tr\u00ean tinh th\u1ea7n tin t\u01b0\u1edfng c\u1ee7a Kh\u00e1ch h\u00e0ng c\u0169ng nh\u01b0 kh\u1ea3 n\u0103ng v\u01b0\u1ee3t tr\u1ed9i c\u1ee7a m\u00ecnh t\u1edbi nay ch\u00fang t\u00f4i<strong>\u00a0<\/strong>\u0111\u00e3 th\u1ef1c hi\u1ec7n th\u00e0nh c\u00f4ng h\u01a1n 2000 s\u1ef1 ki\u1ec7n v\u1edbi quy m\u00f4 kh\u00e1c nhau tr\u00ean to\u00e0n l\u00e3nh th\u1ed5 Vi\u1ec7t Nam mang l\u1ea1i uy t\u00edn, th\u00e0nh c\u00f4ng l\u1edbn cho Kh\u00e1ch h\u00e0ng, t\u1ea1o\u00a0\u1ea5n t\u01b0\u1ee3ng m\u1ea1nh v\u00e0 hi\u1ec7u \u1ee9ng s\u00e2u r\u1ed9ng trong x\u00e3 h\u1ed9i.<\/p>\n<p>\u0110\u1eb7c bi\u1ec7t 2 th\u00e1ng li\u1ec1n 11 v\u00e0 12 n\u0103m 2017 Perfect Media\u00a0vinh d\u1ef1 \u0111\u01b0\u1ee3c \u0111\u1ed3ng h\u00e0nh setup\u00a0<strong>ch\u01b0\u01a1ng tr\u00ecnh h\u1ecdp b\u00e1o Qu\u1ed1c T\u1ebf<\/strong>\u00a0mang t\u00ednh ch\u1ea5t ch\u00ednh tr\u1ecb, \u00fd ngh\u0129a r\u1ea5t l\u1edbn gi\u1eefa c\u1ed1 Ch\u1ee7 t\u1ecbch n\u01b0\u1edbc Tr\u1ea7n \u0110\u1ea1i Quang v\u00e0 T\u1ed5ng th\u1ed1ng Hoa K\u1ef3 Donald Trump, v\u00e0\u00a0gi\u1eefa c\u1ed1 Ch\u1ee7 t\u1ecbch N\u01b0\u1edbc Tr\u1ea7n \u0110\u1ea1i Quang v\u00e0 T\u1ed5ng B\u00ed th\u01b0 \u2013 Ch\u1ee7 t\u1ecbch n\u01b0\u1edbc CHDCND L\u00e0o\u00a0Bounnhang Vorachith di\u1ec5n ra t\u1ea1i Ph\u1ee7 Ch\u1ee7 t\u1ecbch n\u01b0\u1edbc CHXHCN Vi\u1ec7t Nam.\u00a0Qua \u0111\u00e2y\u00a0kh\u1eb3ng \u0111\u1ecbnh uy t\u00edn v\u00e0 v\u1ecb th\u1ebf\u00a0h\u00e0ng \u0111\u1ea7u v\u1ec1 d\u1ecbch v\u1ee5\u00a0<strong>t\u1ed5 ch\u1ee9c s\u1ef1 ki\u1ec7n chuy\u00ean nghi\u1ec7p\u00a0<\/strong>c\u1ee7a ch\u00fang t\u00f4i t\u1ea1i<strong>\u00a0<\/strong>Vi\u1ec7t Nam.<br \/>\nN\u0103m 2017 c\u00f2n l\u00e0 m\u1ed1c son \u0111\u00e1ng nh\u1edb c\u1ee7a ch\u00fang t\u00f4i khi t\u1ea1i L\u1ec5 k\u1ef7 ni\u1ec7m 8 n\u0103m Th\u00e0nh l\u1eadp v\u00e0 Tri \u00e2n Kh\u00e1ch h\u00e0ng Perfect Media, c\u00f4ng ty<strong>\u00a0<\/strong>\u0111\u01b0\u1ee3c trao nh\u1eadn Gi\u1ea5y khen c\u1ee7a S\u1edf V\u0103n H\u00f3a Th\u1ec3 Thao v\u00e0 Du L\u1ecbch t\u1ec9nh H\u1ea3i D\u01b0\u01a1ng, Gi\u1ea5y khen c\u1ee7a H\u1ed9i Truy\u1ec1n th\u00f4ng TP H\u00e0 N\u1ed9i v\u00ec nh\u1eefng \u0111\u00f3ng g\u00f3p t\u00edch c\u1ef1c cho ng\u00e0nh t\u1ed5 ch\u1ee9c s\u1ef1 ki\u1ec7n.<br \/>\n<img loading=\"lazy\" decoding=\"async\" class=\"aligncenter wp-image-3509\" src=\"http:\/\/sukienperfect.vn\/wp-content\/uploads\/2018\/01\/7-2.jpg\" sizes=\"auto, (max-width: 650px) 100vw, 650px\" srcset=\"http:\/\/sukienperfect.vn\/wp-content\/uploads\/2018\/01\/7-2.jpg 5760w, http:\/\/sukienperfect.vn\/wp-content\/uploads\/2018\/01\/7-2-300x200.jpg 300w, http:\/\/sukienperfect.vn\/wp-content\/uploads\/2018\/01\/7-2-768x512.jpg 768w, http:\/\/sukienperfect.vn\/wp-content\/uploads\/2018\/01\/7-2-1024x683.jpg 1024w\" alt=\"\" width=\"650\" height=\"433\" \/><\/p>\n<div class=\"fluid-width-video-wrapper\"><iframe id=\"fitvid550143\" src=\"https:\/\/www.youtube.com\/embed\/EYOgfe2C17s\" frameborder=\"0\" allowfullscreen=\"allowfullscreen\" data-mce-fragment=\"1\"><\/iframe><\/div>\n<p><strong>L\u1ec5 Tri \u00e2n v\u00e0 K\u1ef7 ni\u1ec7m 8 n\u0103m th\u00e0nh l\u1eadp Perfect Media<\/strong>\u00a0\u0111\u1ea7y \u1ea5n t\u01b0\u1ee3ng v\u00e0 c\u1ea3m x\u00fac, \u0111\u00e1nh d\u1ea5u b\u01b0\u1edbc ph\u00e1t tri\u1ec3n v\u01b0\u1ee3t b\u1eadt trong qu\u00e1 tr\u00ecnh cung c\u1ea5p d\u1ecbch v\u1ee5 t\u1ed5 ch\u1ee9c s\u1ef1 ki\u1ec7n chuy\u00ean nghi\u1ec7p.<br \/>\nV\u1edbi nh\u1eefng ghi nh\u1eadn \u0111\u00f3 v\u00e0 uy t\u00edn c\u1ee7a m\u00ecnh<strong>\u00a0<\/strong>Perfect Media\u00a0lu\u00f4n lu\u00f4n cam k\u1ebft ch\u1ea5t l\u01b0\u1ee3ng ph\u1ee5c v\u1ee5 t\u1ed1t nh\u1ea5t, chuy\u00ean nghi\u1ec7p nh\u1ea5t, gi\u00e1 th\u00e0nh ph\u1ea3i ch\u0103ng, mang l\u1ea1i nh\u1eefng gi\u00e1 tr\u1ecb th\u1ef1c s\u1ef1 \u00fd ngh\u0129a cho kh\u00e1ch h\u00e0ng v\u00e0 to\u00e0n x\u00e3 h\u1ed9i.<br \/>\n<em>\u201cPerfect Media\u00a0\u2013<strong>\u00a0<\/strong>N\u01a1i t\u00f4n vinh th\u01b0\u01a1ng hi\u1ec7u!\u201c<\/em><br \/>\n<em>Xin ch\u00e2n th\u00e0nh c\u1ea3m\u00a0\u01a1n!<\/em><br \/>\n<em>Tr\u00e2n tr\u1ecdng!<\/em><\/p>\n","protected":false},"excerpt":{"rendered":"<p>Video gi\u1edbi thi\u1ec7u v\u1ec1 d\u1ecbch v\u1ee5 Perfect Media Kh\u00e1ch h\u00e0ng \u0111\u00e1nh gi\u00e1 v\u1ec1 d\u1ecbch v\u1ee5 Perfect Media C\u00f4ng ty Truy\u1ec1n Th\u00f4ng &amp;\u00a0T\u1ed5 Ch\u1ee9c S\u1ef1 Ki\u1ec7n Perfect Media\u00a0xin g\u1eedi t\u1edbi to\u00e0n th\u1ec3 Qu\u00fd v\u1ecb l\u1eddi ch\u00e0o tr\u00e2n tr\u1ecdng nh\u1ea5t! K\u00ednh th\u01b0a Qu\u00fd kh\u00e1ch h\u00e0ng! C\u00f4ng ty Truy\u1ec1n Th\u00f4ng &amp;\u00a0T\u1ed5 Ch\u1ee9c S\u1ef1 Ki\u1ec7n Perfect Media T\u00ean giao<\/p>\n","protected":false},"author":1,"featured_media":0,"parent":0,"menu_order":0,"comment_status":"closed","ping_status":"closed","template":"","meta":{"footnotes":""},"class_list":["post-13","page","type-page","status-publish","hentry"],"yoast_head":"<!-- This site is optimized with the Yoast SEO plugin v20.4 - https:\/\/yoast.com\/wordpress\/plugins\/seo\/ -->\n<title>Gi\u1edbi thi\u1ec7u v\u1ec1 c\u00f4ng ty Perfect Media - Perfect Media<\/title>\n<meta name=\"robots\" content=\"noindex, follow, max-snippet:-1, max-image-preview:large, max-video-preview:-1\" \/>\n<meta property=\"og:locale\" content=\"vi_VN\" \/>\n<meta property=\"og:type\" content=\"article\" \/>\n<meta property=\"og:title\" content=\"Gi\u1edbi thi\u1ec7u v\u1ec1 c\u00f4ng ty Perfect Media - Perfect Media\" \/>\n<meta property=\"og:description\" content=\"Video gi\u1edbi thi\u1ec7u v\u1ec1 d\u1ecbch v\u1ee5 Perfect Media Kh\u00e1ch h\u00e0ng \u0111\u00e1nh gi\u00e1 v\u1ec1 d\u1ecbch v\u1ee5 Perfect Media C\u00f4ng ty Truy\u1ec1n Th\u00f4ng &amp;\u00a0T\u1ed5 Ch\u1ee9c S\u1ef1 Ki\u1ec7n Perfect Media\u00a0xin g\u1eedi t\u1edbi to\u00e0n th\u1ec3 Qu\u00fd v\u1ecb l\u1eddi ch\u00e0o tr\u00e2n tr\u1ecdng nh\u1ea5t! K\u00ednh th\u01b0a Qu\u00fd kh\u00e1ch h\u00e0ng! C\u00f4ng ty Truy\u1ec1n Th\u00f4ng &amp;\u00a0T\u1ed5 Ch\u1ee9c S\u1ef1 Ki\u1ec7n Perfect Media T\u00ean giao\" \/>\n<meta property=\"og:url\" content=\"http:\/\/mau.hoabinhweb.com\/truyenthong2\/gioi-thieu-ve-cong-ty-perfect-media\/\" \/>\n<meta property=\"og:site_name\" content=\"Perfect Media\" \/>\n<meta property=\"og:image\" content=\"http:\/\/sukienperfect.vn\/wp-content\/uploads\/2015\/06\/perfect-media-12.jpg\" \/>\n<meta name=\"twitter:card\" content=\"summary_large_image\" \/>\n<meta name=\"twitter:label1\" content=\"\u01af\u1edbc t\u00ednh th\u1eddi gian \u0111\u1ecdc\" \/>\n\t<meta name=\"twitter:data1\" content=\"4 ph\u00fat\" \/>\n<script type=\"application\/ld+json\" class=\"yoast-schema-graph\">{\"@context\":\"https:\/\/schema.org\",\"@graph\":[{\"@type\":\"WebPage\",\"@id\":\"http:\/\/mau.hoabinhweb.com\/truyenthong2\/gioi-thieu-ve-cong-ty-perfect-media\/\",\"url\":\"http:\/\/mau.hoabinhweb.com\/truyenthong2\/gioi-thieu-ve-cong-ty-perfect-media\/\",\"name\":\"Gi\u1edbi thi\u1ec7u v\u1ec1 c\u00f4ng ty Perfect Media - Perfect Media\",\"isPartOf\":{\"@id\":\"http:\/\/mau.hoabinhweb.com\/truyenthong2\/#website\"},\"datePublished\":\"2023-03-31T02:48:20+00:00\",\"dateModified\":\"2023-03-31T02:48:20+00:00\",\"breadcrumb\":{\"@id\":\"http:\/\/mau.hoabinhweb.com\/truyenthong2\/gioi-thieu-ve-cong-ty-perfect-media\/#breadcrumb\"},\"inLanguage\":\"vi\",\"potentialAction\":[{\"@type\":\"ReadAction\",\"target\":[\"http:\/\/mau.hoabinhweb.com\/truyenthong2\/gioi-thieu-ve-cong-ty-perfect-media\/\"]}]},{\"@type\":\"BreadcrumbList\",\"@id\":\"http:\/\/mau.hoabinhweb.com\/truyenthong2\/gioi-thieu-ve-cong-ty-perfect-media\/#breadcrumb\",\"itemListElement\":[{\"@type\":\"ListItem\",\"position\":1,\"name\":\"Trang ch\u1ee7\",\"item\":\"http:\/\/mau.hoabinhweb.com\/truyenthong2\/\"},{\"@type\":\"ListItem\",\"position\":2,\"name\":\"Gi\u1edbi thi\u1ec7u v\u1ec1 c\u00f4ng ty Perfect Media\"}]},{\"@type\":\"WebSite\",\"@id\":\"http:\/\/mau.hoabinhweb.com\/truyenthong2\/#website\",\"url\":\"http:\/\/mau.hoabinhweb.com\/truyenthong2\/\",\"name\":\"Perfect Media\",\"description\":\"\",\"potentialAction\":[{\"@type\":\"SearchAction\",\"target\":{\"@type\":\"EntryPoint\",\"urlTemplate\":\"http:\/\/mau.hoabinhweb.com\/truyenthong2\/?s={search_term_string}\"},\"query-input\":\"required name=search_term_string\"}],\"inLanguage\":\"vi\"}]}<\/script>\n<!-- \/ Yoast SEO plugin. -->","yoast_head_json":{"title":"Gi\u1edbi thi\u1ec7u v\u1ec1 c\u00f4ng ty Perfect Media - Perfect Media","robots":{"index":"noindex","follow":"follow","max-snippet":"max-snippet:-1","max-image-preview":"max-image-preview:large","max-video-preview":"max-video-preview:-1"},"og_locale":"vi_VN","og_type":"article","og_title":"Gi\u1edbi thi\u1ec7u v\u1ec1 c\u00f4ng ty Perfect Media - Perfect Media","og_description":"Video gi\u1edbi thi\u1ec7u v\u1ec1 d\u1ecbch v\u1ee5 Perfect Media Kh\u00e1ch h\u00e0ng \u0111\u00e1nh gi\u00e1 v\u1ec1 d\u1ecbch v\u1ee5 Perfect Media C\u00f4ng ty Truy\u1ec1n Th\u00f4ng &amp;\u00a0T\u1ed5 Ch\u1ee9c S\u1ef1 Ki\u1ec7n Perfect Media\u00a0xin g\u1eedi t\u1edbi to\u00e0n th\u1ec3 Qu\u00fd v\u1ecb l\u1eddi ch\u00e0o tr\u00e2n tr\u1ecdng nh\u1ea5t! K\u00ednh th\u01b0a Qu\u00fd kh\u00e1ch h\u00e0ng! C\u00f4ng ty Truy\u1ec1n Th\u00f4ng &amp;\u00a0T\u1ed5 Ch\u1ee9c S\u1ef1 Ki\u1ec7n Perfect Media T\u00ean giao","og_url":"http:\/\/mau.hoabinhweb.com\/truyenthong2\/gioi-thieu-ve-cong-ty-perfect-media\/","og_site_name":"Perfect Media","og_image":[{"url":"http:\/\/sukienperfect.vn\/wp-content\/uploads\/2015\/06\/perfect-media-12.jpg"}],"twitter_card":"summary_large_image","twitter_misc":{"\u01af\u1edbc t\u00ednh th\u1eddi gian \u0111\u1ecdc":"4 ph\u00fat"},"schema":{"@context":"https:\/\/schema.org","@graph":[{"@type":"WebPage","@id":"http:\/\/mau.hoabinhweb.com\/truyenthong2\/gioi-thieu-ve-cong-ty-perfect-media\/","url":"http:\/\/mau.hoabinhweb.com\/truyenthong2\/gioi-thieu-ve-cong-ty-perfect-media\/","name":"Gi\u1edbi thi\u1ec7u v\u1ec1 c\u00f4ng ty Perfect Media - Perfect Media","isPartOf":{"@id":"http:\/\/mau.hoabinhweb.com\/truyenthong2\/#website"},"datePublished":"2023-03-31T02:48:20+00:00","dateModified":"2023-03-31T02:48:20+00:00","breadcrumb":{"@id":"http:\/\/mau.hoabinhweb.com\/truyenthong2\/gioi-thieu-ve-cong-ty-perfect-media\/#breadcrumb"},"inLanguage":"vi","potentialAction":[{"@type":"ReadAction","target":["http:\/\/mau.hoabinhweb.com\/truyenthong2\/gioi-thieu-ve-cong-ty-perfect-media\/"]}]},{"@type":"BreadcrumbList","@id":"http:\/\/mau.hoabinhweb.com\/truyenthong2\/gioi-thieu-ve-cong-ty-perfect-media\/#breadcrumb","itemListElement":[{"@type":"ListItem","position":1,"name":"Trang ch\u1ee7","item":"http:\/\/mau.hoabinhweb.com\/truyenthong2\/"},{"@type":"ListItem","position":2,"name":"Gi\u1edbi thi\u1ec7u v\u1ec1 c\u00f4ng ty Perfect Media"}]},{"@type":"WebSite","@id":"http:\/\/mau.hoabinhweb.com\/truyenthong2\/#website","url":"http:\/\/mau.hoabinhweb.com\/truyenthong2\/","name":"Perfect Media","description":"","potentialAction":[{"@type":"SearchAction","target":{"@type":"EntryPoint","urlTemplate":"http:\/\/mau.hoabinhweb.com\/truyenthong2\/?s={search_term_string}"},"query-input":"required name=search_term_string"}],"inLanguage":"vi"}]}},"_links":{"self":[{"href":"http:\/\/mau.hoabinhweb.com\/truyenthong2\/wp-json\/wp\/v2\/pages\/13","targetHints":{"allow":["GET"]}}],"collection":[{"href":"http:\/\/mau.hoabinhweb.com\/truyenthong2\/wp-json\/wp\/v2\/pages"}],"about":[{"href":"http:\/\/mau.hoabinhweb.com\/truyenthong2\/wp-json\/wp\/v2\/types\/page"}],"author":[{"embeddable":true,"href":"http:\/\/mau.hoabinhweb.com\/truyenthong2\/wp-json\/wp\/v2\/users\/1"}],"replies":[{"embeddable":true,"href":"http:\/\/mau.hoabinhweb.com\/truyenthong2\/wp-json\/wp\/v2\/comments?post=13"}],"version-history":[{"count":1,"href":"http:\/\/mau.hoabinhweb.com\/truyenthong2\/wp-json\/wp\/v2\/pages\/13\/revisions"}],"predecessor-version":[{"id":16,"href":"http:\/\/mau.hoabinhweb.com\/truyenthong2\/wp-json\/wp\/v2\/pages\/13\/revisions\/16"}],"wp:attachment":[{"href":"http:\/\/mau.hoabinhweb.com\/truyenthong2\/wp-json\/wp\/v2\/media?parent=13"}],"curies":[{"name":"wp","href":"https:\/\/api.w.org\/{rel}","templated":true}]}}