{"id":18,"date":"2022-09-13T13:54:13","date_gmt":"2022-09-13T06:54:13","guid":{"rendered":"http:\/\/mau.hoabinhweb.com\/truyenthong\/?page_id=18"},"modified":"2022-09-14T15:08:56","modified_gmt":"2022-09-14T08:08:56","slug":"lien-he","status":"publish","type":"page","link":"http:\/\/mau.hoabinhweb.com\/truyenthong\/lien-he\/","title":{"rendered":"Li\u00ean h\u1ec7"},"content":{"rendered":"\n<div class=\"row align-center page-contact\"  id=\"row-2042980532\">\n\n\n\t<div id=\"col-132002072\" class=\"col col-left medium-6 small-12 large-4\">\n\t\t\t\t<div class=\"col-inner\">\n\t\t\t\n\t\t\t\n\n<h2>C\u00f4ng ty TNHH Lu\u1eadt Ho\u00e0ng Nguy\u1ec5n<\/h2>\n<ul class=\"contact-detail has-icon\">\n<li><i class=\"fa fa-map-marker text-center icon fw\" aria-hidden=\"true\"><\/i> S\u1ed1 52, ph\u1ed1 V\u0129nh Ph\u00fac, Ph\u01b0\u1eddng V\u0129nh Ph\u00fac, Qu\u1eadn Ba \u0110\u00ecnh, H\u00f2a N\u1ed9i<\/li>\n<li><i class=\"fa fa-phone text-center icon fw\" aria-hidden=\"true\"><\/i> Hotline: 094 64 99998<\/li>\n<li><i class=\"fa fa-envelope text-center icon fw\" aria-hidden=\"true\"><\/i> Email:<\/li>\n<\/ul>\n<h2>TH\u1edcI GIAN L\u00c0M VI\u1ec6C<\/h2>\n<h3>Th\u1ee9 Hai &#8211; Th\u1ee9 B\u1ea3y<\/h3>\n<ul class=\"contact-detail after-line-gray\">\n<li>S\u00c1NG: 08H30 &#8211; 12H00<\/li>\n<li>CHI\u1ec0U: 13H00 &#8211; 17H30<\/li>\n<\/ul>\n\n\t\t<\/div>\n\t\t\t\t\t<\/div>\n\n\t\n\n\t<div id=\"col-1133314451\" class=\"col col-right medium-6 small-12 large-8\">\n\t\t\t\t<div class=\"col-inner\">\n\t\t\t\n\t\t\t\n\n<p><iframe src=\"https:\/\/www.google.com\/maps\/embed?pb=!1m18!1m12!1m3!1d3723.739282372062!2d105.80771691540252!3d21.043115492662825!2m3!1f0!2f0!3f0!3m2!1i1024!2i768!4f13.1!3m3!1m2!1s0x3135ab16e06d5b77%3A0xf850513712aab5a2!2zNTIgUC4gVsSpbmggUGjDumMsIFbEqW5oIFBow7osIEJhIMSQw6xuaCwgSMOgIE7hu5lpLCBWaeG7h3QgTmFt!5e0!3m2!1svi!2sus!4v1663143115186!5m2!1svi!2sus\" width=\"100%\" height=\"450\" style=\"border:0;\" allowfullscreen=\"\" loading=\"lazy\" referrerpolicy=\"no-referrer-when-downgrade\"><\/iframe><\/p>\n\n\n\t\t<\/div>\n\t\t\t\t\t<\/div>\n\n\t\n\n<\/div>\n\n","protected":false},"excerpt":{"rendered":"","protected":false},"author":1,"featured_media":0,"parent":0,"menu_order":0,"comment_status":"closed","ping_status":"closed","template":"page-no-sidebar.php","meta":{"footnotes":""},"class_list":["post-18","page","type-page","status-publish","hentry"],"yoast_head":"<!-- This site is optimized with the Yoast SEO plugin v18.6 - https:\/\/yoast.com\/wordpress\/plugins\/seo\/ -->\n<title>Li\u00ean h\u1ec7 - Tin t\u1ee9c<\/title>\n<meta name=\"robots\" content=\"noindex, follow, max-snippet:-1, max-image-preview:large, max-video-preview:-1\" \/>\n<meta property=\"og:locale\" content=\"vi_VN\" \/>\n<meta property=\"og:type\" content=\"article\" \/>\n<meta property=\"og:title\" content=\"Li\u00ean h\u1ec7 - Tin t\u1ee9c\" \/>\n<meta property=\"og:url\" content=\"http:\/\/mau.hoabinhweb.com\/truyenthong\/lien-he\/\" \/>\n<meta property=\"og:site_name\" content=\"Tin t\u1ee9c\" \/>\n<meta property=\"article:modified_time\" content=\"2022-09-14T08:08:56+00:00\" \/>\n<meta name=\"twitter:card\" content=\"summary_large_image\" \/>\n<script type=\"application\/ld+json\" class=\"yoast-schema-graph\">{\"@context\":\"https:\/\/schema.org\",\"@graph\":[{\"@type\":\"WebSite\",\"@id\":\"http:\/\/mau.hoabinhweb.com\/truyenthong\/#website\",\"url\":\"http:\/\/mau.hoabinhweb.com\/truyenthong\/\",\"name\":\"Tin t\u1ee9c\",\"description\":\"\",\"potentialAction\":[{\"@type\":\"SearchAction\",\"target\":{\"@type\":\"EntryPoint\",\"urlTemplate\":\"http:\/\/mau.hoabinhweb.com\/truyenthong\/?s={search_term_string}\"},\"query-input\":\"required name=search_term_string\"}],\"inLanguage\":\"vi\"},{\"@type\":\"WebPage\",\"@id\":\"http:\/\/mau.hoabinhweb.com\/truyenthong\/lien-he\/#webpage\",\"url\":\"http:\/\/mau.hoabinhweb.com\/truyenthong\/lien-he\/\",\"name\":\"Li\u00ean h\u1ec7 - Tin t\u1ee9c\",\"isPartOf\":{\"@id\":\"http:\/\/mau.hoabinhweb.com\/truyenthong\/#website\"},\"datePublished\":\"2022-09-13T06:54:13+00:00\",\"dateModified\":\"2022-09-14T08:08:56+00:00\",\"breadcrumb\":{\"@id\":\"http:\/\/mau.hoabinhweb.com\/truyenthong\/lien-he\/#breadcrumb\"},\"inLanguage\":\"vi\",\"potentialAction\":[{\"@type\":\"ReadAction\",\"target\":[\"http:\/\/mau.hoabinhweb.com\/truyenthong\/lien-he\/\"]}]},{\"@type\":\"BreadcrumbList\",\"@id\":\"http:\/\/mau.hoabinhweb.com\/truyenthong\/lien-he\/#breadcrumb\",\"itemListElement\":[{\"@type\":\"ListItem\",\"position\":1,\"name\":\"Trang ch\u1ee7\",\"item\":\"http:\/\/mau.hoabinhweb.com\/truyenthong\/\"},{\"@type\":\"ListItem\",\"position\":2,\"name\":\"Li\u00ean h\u1ec7\"}]}]}<\/script>\n<!-- \/ Yoast SEO plugin. -->","yoast_head_json":{"title":"Li\u00ean h\u1ec7 - Tin t\u1ee9c","robots":{"index":"noindex","follow":"follow","max-snippet":"max-snippet:-1","max-image-preview":"max-image-preview:large","max-video-preview":"max-video-preview:-1"},"og_locale":"vi_VN","og_type":"article","og_title":"Li\u00ean h\u1ec7 - Tin t\u1ee9c","og_url":"http:\/\/mau.hoabinhweb.com\/truyenthong\/lien-he\/","og_site_name":"Tin t\u1ee9c","article_modified_time":"2022-09-14T08:08:56+00:00","twitter_card":"summary_large_image","schema":{"@context":"https:\/\/schema.org","@graph":[{"@type":"WebSite","@id":"http:\/\/mau.hoabinhweb.com\/truyenthong\/#website","url":"http:\/\/mau.hoabinhweb.com\/truyenthong\/","name":"Tin t\u1ee9c","description":"","potentialAction":[{"@type":"SearchAction","target":{"@type":"EntryPoint","urlTemplate":"http:\/\/mau.hoabinhweb.com\/truyenthong\/?s={search_term_string}"},"query-input":"required name=search_term_string"}],"inLanguage":"vi"},{"@type":"WebPage","@id":"http:\/\/mau.hoabinhweb.com\/truyenthong\/lien-he\/#webpage","url":"http:\/\/mau.hoabinhweb.com\/truyenthong\/lien-he\/","name":"Li\u00ean h\u1ec7 - Tin t\u1ee9c","isPartOf":{"@id":"http:\/\/mau.hoabinhweb.com\/truyenthong\/#website"},"datePublished":"2022-09-13T06:54:13+00:00","dateModified":"2022-09-14T08:08:56+00:00","breadcrumb":{"@id":"http:\/\/mau.hoabinhweb.com\/truyenthong\/lien-he\/#breadcrumb"},"inLanguage":"vi","potentialAction":[{"@type":"ReadAction","target":["http:\/\/mau.hoabinhweb.com\/truyenthong\/lien-he\/"]}]},{"@type":"BreadcrumbList","@id":"http:\/\/mau.hoabinhweb.com\/truyenthong\/lien-he\/#breadcrumb","itemListElement":[{"@type":"ListItem","position":1,"name":"Trang ch\u1ee7","item":"http:\/\/mau.hoabinhweb.com\/truyenthong\/"},{"@type":"ListItem","position":2,"name":"Li\u00ean h\u1ec7"}]}]}},"_links":{"self":[{"href":"http:\/\/mau.hoabinhweb.com\/truyenthong\/wp-json\/wp\/v2\/pages\/18","targetHints":{"allow":["GET"]}}],"collection":[{"href":"http:\/\/mau.hoabinhweb.com\/truyenthong\/wp-json\/wp\/v2\/pages"}],"about":[{"href":"http:\/\/mau.hoabinhweb.com\/truyenthong\/wp-json\/wp\/v2\/types\/page"}],"author":[{"embeddable":true,"href":"http:\/\/mau.hoabinhweb.com\/truyenthong\/wp-json\/wp\/v2\/users\/1"}],"replies":[{"embeddable":true,"href":"http:\/\/mau.hoabinhweb.com\/truyenthong\/wp-json\/wp\/v2\/comments?post=18"}],"version-history":[{"count":5,"href":"http:\/\/mau.hoabinhweb.com\/truyenthong\/wp-json\/wp\/v2\/pages\/18\/revisions"}],"predecessor-version":[{"id":208,"href":"http:\/\/mau.hoabinhweb.com\/truyenthong\/wp-json\/wp\/v2\/pages\/18\/revisions\/208"}],"wp:attachment":[{"href":"http:\/\/mau.hoabinhweb.com\/truyenthong\/wp-json\/wp\/v2\/media?parent=18"}],"curies":[{"name":"wp","href":"https:\/\/api.w.org\/{rel}","templated":true}]}}