{"id":17,"date":"2022-09-13T13:54:14","date_gmt":"2022-09-13T06:54:14","guid":{"rendered":"http:\/\/mau.hoabinhweb.com\/truyenthong\/?page_id=17"},"modified":"2022-09-14T16:14:50","modified_gmt":"2022-09-14T09:14:50","slug":"gioi-thieu","status":"publish","type":"page","link":"http:\/\/mau.hoabinhweb.com\/truyenthong\/gioi-thieu\/","title":{"rendered":"Gi\u1edbi thi\u1ec7u"},"content":{"rendered":"<h2 class=\"sppb-addon-title\">Ch\u00fang t\u00f4i l\u00e0 ai ?<\/h2>\n<p><strong>&#8220;Truy\u1ec1n Th\u00f4ng AZ cung c\u1ea5p gi\u1ea3i ph\u00e1p t\u1ed5ng th\u1ec3 v\u1ec1 Video qu\u1ea3ng c\u00e1o t\u1eeb vi\u1ec7c x\u00e2y d\u1ef1ng chi\u1ebfn l\u01b0\u1ee3c, \u00fd t\u01b0\u1edfng, quay phim ti\u1ec1n k\u1ef3, d\u1ef1ng h\u1eadu k\u1ef3 Video v\u00e0 cu\u1ed1i c\u00f9ng l\u00e0 ph\u00e1t h\u00e0nh Video qu\u1ea3ng c\u00e1o \u0111\u1ea1t hi\u1ec7u qu\u1ea3 t\u1ed1i \u01b0u nh\u1ea5t cho kh\u00e1ch h\u00e0ng.&#8221;<\/strong><\/p>\n<p><strong>C\u00f4ng ty Truy\u1ec1n Th\u00f4ng AZ Production house <\/strong>Chuy\u00ean v\u1ec1 s\u1ea3n xu\u1ea5t phim qu\u1ea3ng c\u00e1o v\u00e0 h\u00ecnh \u1ea3nh qu\u1ea3ng c\u00e1o<\/p>\n<p><strong>C\u00f4ng ty Truy\u1ec1n Th\u00f4ng AZ Media <\/strong>Chuy\u00ean l\u1eadp plan booking qu\u1ea3ng c\u00e1o tr\u00ean t\u1ea5t c\u1ea3 c\u00e1c ph\u01b0\u01a1ng ti\u1ec7n truy\u1ec1n th\u00f4ng nh\u01b0: Truy\u1ec1n h\u00ecnh, ph\u00e1t thanh VOV, thang m\u00e1y, xe bu\u00fdt, bi\u1ec3n qu\u1ea3ng c\u00e1o OOH ngo\u00e0i tr\u1eddi, &#8230;<\/p>\n<p><strong>C\u00f4ng ty Truy\u1ec1n Th\u00f4ng AZ Digital Marketing <\/strong>Chuy\u00ean th\u1ef1c hi\u1ec7n c\u00e1c chi\u1ebfn d\u1ecbch truy\u1ec1n th\u00f4ng Online theo n\u0103m v\u00e0 theo t\u1eebng th\u00e1ng.<\/p>\n<p>V\u1edbi h\u01a1n 12 n\u0103m ho\u1ea1t \u0111\u1ed9ng tr\u00ean th\u1ecb tr\u01b0\u1eddng truy\u1ec1n th\u00f4ng qu\u1ea3ng c\u00e1o Truy\u1ec1n Th\u00f4ng AZ \u0111\u00e3 th\u1ef1c hi\u1ec7n h\u01a1n 2000 Video Clip chuy\u00ean nghi\u1ec7p. (TVC qu\u1ea3ng c\u00e1o, talk show, game show, reality show, news) C\u00f4ng ty \u0111\u00e3 \u0111\u1ea1t \u0111\u01b0\u1ee3c Gi\u1ea3i th\u01b0\u1edfng Qu\u1ea3 chu\u00f4ng V\u00e0ng Do Hi\u1ec7p h\u1ed9i qu\u1ea3ng c\u00e1o Vi\u1ec7t Nam trao t\u1eb7ng.<\/p>\n<p>Trong n\u0103m 2019 ch\u00fang t\u00f4i \u0111\u00e3 th\u1ef1c hi\u1ec7n T\u1ed5ng th\u1ec3 nhi\u1ec1u chi\u1ebfn d\u1ecbch truy\u1ec1n th\u00f4ng b\u1eb1ng Video Viral v\u1edbi s\u1ee9c lan to\u1ea3 m\u1ea1nh m\u1ebd \u0111\u1ebfn c\u1ed9ng \u0111\u1ed3ng v\u00e0 x\u00e3 h\u1ed9i. C\u00f3 nh\u1eefng s\u1ea3n ph\u1ea9m phim qu\u1ea3ng c\u00e1o Viral Video \u0111\u1ea1t h\u01a1n 20 tri\u1ec7u View, h\u01a1n 10 ng\u00e0n b\u00ecnh lu\u1eadn, h\u01a1n 5 ng\u00e0n l\u01b0\u1ee3t chia s\u1ebb khi k\u1ebft th\u00fac chi\u1ebfn d\u1ecbch<\/p>\n<p>Kh\u00e1ch h\u00e0ng c\u1ee7a ch\u00fang t\u00f4i l\u00e0 nh\u1eefng t\u00ean tu\u1ed5i h\u00e0ng \u0111\u1ea7u t\u1ea1i Vi\u1ec7t Nam nh\u01b0: T\u1eadp \u0111o\u00e0n Sunhouse, D\u01b0\u1ee3c ph\u1ea9m Sohaco, Bia H\u00e0 N\u1ed9i Habeco, T\u1eadp \u0111o\u00e0n x\u00e2y d\u1ef1ng H\u1ea3i Ph\u00e1t, ng\u00e2n h\u00e0ng SHB, Nh\u1ef1a Ti\u1ec1n Phong, T\u1eadp \u0111o\u00e0n H\u01b0\u01a1ng Sen \u2013 Bia \u0110\u1ea1i Vi\u1ec7t, Galle Watch, Veam Moto, Nh\u00e0 th\u00f4ng minh Lumi, D\u01b0\u1ee3c ph\u1ea9m Vi\u1ec7t \u0110\u1ee9c, T\u1eadp \u0111o\u00e0n Ferroli, S\u01a1n Infor, \u2026.<\/p>\n","protected":false},"excerpt":{"rendered":"<p>Ch\u00fang t\u00f4i l\u00e0 ai ? &#8220;Truy\u1ec1n Th\u00f4ng AZ cung c\u1ea5p gi\u1ea3i ph\u00e1p t\u1ed5ng th\u1ec3 v\u1ec1 Video qu\u1ea3ng c\u00e1o t\u1eeb vi\u1ec7c x\u00e2y d\u1ef1ng chi\u1ebfn l\u01b0\u1ee3c, \u00fd t\u01b0\u1edfng, quay phim ti\u1ec1n k\u1ef3, d\u1ef1ng h\u1eadu k\u1ef3 Video v\u00e0 cu\u1ed1i c\u00f9ng l\u00e0 ph\u00e1t h\u00e0nh Video qu\u1ea3ng c\u00e1o \u0111\u1ea1t hi\u1ec7u qu\u1ea3 t\u1ed1i \u01b0u nh\u1ea5t cho kh\u00e1ch h\u00e0ng.&#8221; C\u00f4ng ty Truy\u1ec1n<\/p>\n","protected":false},"author":1,"featured_media":0,"parent":0,"menu_order":0,"comment_status":"closed","ping_status":"closed","template":"","meta":{"footnotes":""},"class_list":["post-17","page","type-page","status-publish","hentry"],"yoast_head":"<!-- This site is optimized with the Yoast SEO plugin v18.6 - https:\/\/yoast.com\/wordpress\/plugins\/seo\/ -->\n<title>Gi\u1edbi thi\u1ec7u - Tin t\u1ee9c<\/title>\n<meta name=\"robots\" content=\"noindex, follow, max-snippet:-1, max-image-preview:large, max-video-preview:-1\" \/>\n<meta property=\"og:locale\" content=\"vi_VN\" \/>\n<meta property=\"og:type\" content=\"article\" \/>\n<meta property=\"og:title\" content=\"Gi\u1edbi thi\u1ec7u - Tin t\u1ee9c\" \/>\n<meta property=\"og:description\" content=\"Ch\u00fang t\u00f4i l\u00e0 ai ? &#8220;Truy\u1ec1n Th\u00f4ng AZ cung c\u1ea5p gi\u1ea3i ph\u00e1p t\u1ed5ng th\u1ec3 v\u1ec1 Video qu\u1ea3ng c\u00e1o t\u1eeb vi\u1ec7c x\u00e2y d\u1ef1ng chi\u1ebfn l\u01b0\u1ee3c, \u00fd t\u01b0\u1edfng, quay phim ti\u1ec1n k\u1ef3, d\u1ef1ng h\u1eadu k\u1ef3 Video v\u00e0 cu\u1ed1i c\u00f9ng l\u00e0 ph\u00e1t h\u00e0nh Video qu\u1ea3ng c\u00e1o \u0111\u1ea1t hi\u1ec7u qu\u1ea3 t\u1ed1i \u01b0u nh\u1ea5t cho kh\u00e1ch h\u00e0ng.&#8221; C\u00f4ng ty Truy\u1ec1n\" \/>\n<meta property=\"og:url\" content=\"http:\/\/mau.hoabinhweb.com\/truyenthong\/gioi-thieu\/\" \/>\n<meta property=\"og:site_name\" content=\"Tin t\u1ee9c\" \/>\n<meta property=\"article:modified_time\" content=\"2022-09-14T09:14:50+00:00\" \/>\n<meta name=\"twitter:card\" content=\"summary_large_image\" \/>\n<meta name=\"twitter:label1\" content=\"\u01af\u1edbc t\u00ednh th\u1eddi gian \u0111\u1ecdc\" \/>\n\t<meta name=\"twitter:data1\" content=\"2 ph\u00fat\" \/>\n<script type=\"application\/ld+json\" class=\"yoast-schema-graph\">{\"@context\":\"https:\/\/schema.org\",\"@graph\":[{\"@type\":\"WebSite\",\"@id\":\"http:\/\/mau.hoabinhweb.com\/truyenthong\/#website\",\"url\":\"http:\/\/mau.hoabinhweb.com\/truyenthong\/\",\"name\":\"Tin t\u1ee9c\",\"description\":\"\",\"potentialAction\":[{\"@type\":\"SearchAction\",\"target\":{\"@type\":\"EntryPoint\",\"urlTemplate\":\"http:\/\/mau.hoabinhweb.com\/truyenthong\/?s={search_term_string}\"},\"query-input\":\"required name=search_term_string\"}],\"inLanguage\":\"vi\"},{\"@type\":\"WebPage\",\"@id\":\"http:\/\/mau.hoabinhweb.com\/truyenthong\/gioi-thieu\/#webpage\",\"url\":\"http:\/\/mau.hoabinhweb.com\/truyenthong\/gioi-thieu\/\",\"name\":\"Gi\u1edbi thi\u1ec7u - Tin t\u1ee9c\",\"isPartOf\":{\"@id\":\"http:\/\/mau.hoabinhweb.com\/truyenthong\/#website\"},\"datePublished\":\"2022-09-13T06:54:14+00:00\",\"dateModified\":\"2022-09-14T09:14:50+00:00\",\"breadcrumb\":{\"@id\":\"http:\/\/mau.hoabinhweb.com\/truyenthong\/gioi-thieu\/#breadcrumb\"},\"inLanguage\":\"vi\",\"potentialAction\":[{\"@type\":\"ReadAction\",\"target\":[\"http:\/\/mau.hoabinhweb.com\/truyenthong\/gioi-thieu\/\"]}]},{\"@type\":\"BreadcrumbList\",\"@id\":\"http:\/\/mau.hoabinhweb.com\/truyenthong\/gioi-thieu\/#breadcrumb\",\"itemListElement\":[{\"@type\":\"ListItem\",\"position\":1,\"name\":\"Trang ch\u1ee7\",\"item\":\"http:\/\/mau.hoabinhweb.com\/truyenthong\/\"},{\"@type\":\"ListItem\",\"position\":2,\"name\":\"Gi\u1edbi thi\u1ec7u\"}]}]}<\/script>\n<!-- \/ Yoast SEO plugin. -->","yoast_head_json":{"title":"Gi\u1edbi thi\u1ec7u - Tin t\u1ee9c","robots":{"index":"noindex","follow":"follow","max-snippet":"max-snippet:-1","max-image-preview":"max-image-preview:large","max-video-preview":"max-video-preview:-1"},"og_locale":"vi_VN","og_type":"article","og_title":"Gi\u1edbi thi\u1ec7u - Tin t\u1ee9c","og_description":"Ch\u00fang t\u00f4i l\u00e0 ai ? &#8220;Truy\u1ec1n Th\u00f4ng AZ cung c\u1ea5p gi\u1ea3i ph\u00e1p t\u1ed5ng th\u1ec3 v\u1ec1 Video qu\u1ea3ng c\u00e1o t\u1eeb vi\u1ec7c x\u00e2y d\u1ef1ng chi\u1ebfn l\u01b0\u1ee3c, \u00fd t\u01b0\u1edfng, quay phim ti\u1ec1n k\u1ef3, d\u1ef1ng h\u1eadu k\u1ef3 Video v\u00e0 cu\u1ed1i c\u00f9ng l\u00e0 ph\u00e1t h\u00e0nh Video qu\u1ea3ng c\u00e1o \u0111\u1ea1t hi\u1ec7u qu\u1ea3 t\u1ed1i \u01b0u nh\u1ea5t cho kh\u00e1ch h\u00e0ng.&#8221; C\u00f4ng ty Truy\u1ec1n","og_url":"http:\/\/mau.hoabinhweb.com\/truyenthong\/gioi-thieu\/","og_site_name":"Tin t\u1ee9c","article_modified_time":"2022-09-14T09:14:50+00:00","twitter_card":"summary_large_image","twitter_misc":{"\u01af\u1edbc t\u00ednh th\u1eddi gian \u0111\u1ecdc":"2 ph\u00fat"},"schema":{"@context":"https:\/\/schema.org","@graph":[{"@type":"WebSite","@id":"http:\/\/mau.hoabinhweb.com\/truyenthong\/#website","url":"http:\/\/mau.hoabinhweb.com\/truyenthong\/","name":"Tin t\u1ee9c","description":"","potentialAction":[{"@type":"SearchAction","target":{"@type":"EntryPoint","urlTemplate":"http:\/\/mau.hoabinhweb.com\/truyenthong\/?s={search_term_string}"},"query-input":"required name=search_term_string"}],"inLanguage":"vi"},{"@type":"WebPage","@id":"http:\/\/mau.hoabinhweb.com\/truyenthong\/gioi-thieu\/#webpage","url":"http:\/\/mau.hoabinhweb.com\/truyenthong\/gioi-thieu\/","name":"Gi\u1edbi thi\u1ec7u - Tin t\u1ee9c","isPartOf":{"@id":"http:\/\/mau.hoabinhweb.com\/truyenthong\/#website"},"datePublished":"2022-09-13T06:54:14+00:00","dateModified":"2022-09-14T09:14:50+00:00","breadcrumb":{"@id":"http:\/\/mau.hoabinhweb.com\/truyenthong\/gioi-thieu\/#breadcrumb"},"inLanguage":"vi","potentialAction":[{"@type":"ReadAction","target":["http:\/\/mau.hoabinhweb.com\/truyenthong\/gioi-thieu\/"]}]},{"@type":"BreadcrumbList","@id":"http:\/\/mau.hoabinhweb.com\/truyenthong\/gioi-thieu\/#breadcrumb","itemListElement":[{"@type":"ListItem","position":1,"name":"Trang ch\u1ee7","item":"http:\/\/mau.hoabinhweb.com\/truyenthong\/"},{"@type":"ListItem","position":2,"name":"Gi\u1edbi thi\u1ec7u"}]}]}},"_links":{"self":[{"href":"http:\/\/mau.hoabinhweb.com\/truyenthong\/wp-json\/wp\/v2\/pages\/17","targetHints":{"allow":["GET"]}}],"collection":[{"href":"http:\/\/mau.hoabinhweb.com\/truyenthong\/wp-json\/wp\/v2\/pages"}],"about":[{"href":"http:\/\/mau.hoabinhweb.com\/truyenthong\/wp-json\/wp\/v2\/types\/page"}],"author":[{"embeddable":true,"href":"http:\/\/mau.hoabinhweb.com\/truyenthong\/wp-json\/wp\/v2\/users\/1"}],"replies":[{"embeddable":true,"href":"http:\/\/mau.hoabinhweb.com\/truyenthong\/wp-json\/wp\/v2\/comments?post=17"}],"version-history":[{"count":3,"href":"http:\/\/mau.hoabinhweb.com\/truyenthong\/wp-json\/wp\/v2\/pages\/17\/revisions"}],"predecessor-version":[{"id":231,"href":"http:\/\/mau.hoabinhweb.com\/truyenthong\/wp-json\/wp\/v2\/pages\/17\/revisions\/231"}],"wp:attachment":[{"href":"http:\/\/mau.hoabinhweb.com\/truyenthong\/wp-json\/wp\/v2\/media?parent=17"}],"curies":[{"name":"wp","href":"https:\/\/api.w.org\/{rel}","templated":true}]}}