{"id":58,"date":"2020-08-16T18:02:01","date_gmt":"2020-08-16T11:02:01","guid":{"rendered":"http:\/\/mau.hoabinhweb.com\/thethao1\/?page_id=58"},"modified":"2021-08-25T10:46:46","modified_gmt":"2021-08-25T03:46:46","slug":"lien-he","status":"publish","type":"page","link":"http:\/\/mau.hoabinhweb.com\/thethao1\/lien-he\/","title":{"rendered":"Li\u00ean h\u1ec7"},"content":{"rendered":"<h2>AZ Sports<\/h2>\n<ul>\n<li>\u0110\u1ecba ch\u1ec9: S\u1ed1 323, \u0111\u01b0\u1eddng L\u00ea Th\u00e1nh T\u00f4ng, P. T\u00e2n Th\u1ecbnh, TP. Ho\u00e0 B\u00ecnh, Ho\u00e0 B\u00ecnh<\/li>\n<li>Hotline: 035 609 3690<\/li>\n<li>Email: webhoabinh@gmail.com<\/li>\n<\/ul>\n<h2>B\u1ea3n \u0111\u1ed3 ch\u1ec9 d\u1eabn<\/h2>\n<p><iframe loading=\"lazy\" style=\"border: 0;\" src=\"https:\/\/www.google.com\/maps\/embed?pb=!1m18!1m12!1m3!1d3743.2129096901695!2d105.97755741538192!3d20.25000291928058!2m3!1f0!2f0!3f0!3m2!1i1024!2i768!4f13.1!3m3!1m2!1s0x313670adb98239b3%3A0x1ea42f1fffa763bb!2zMTUzIE5ndXnhu4VuIFbEg24gQ-G7qywgVsOibiBHaWEsIE5pbmggQsOsbmgsIFZp4buHdCBOYW0!5e0!3m2!1svi!2s!4v1629863136191!5m2!1svi!2s\" width=\"100%\" height=\"450\" allowfullscreen=\"allowfullscreen\"><span data-mce-type=\"bookmark\" style=\"display: inline-block; width: 0px; overflow: hidden; line-height: 0;\" class=\"mce_SELRES_start\">\ufeff<\/span><\/iframe><\/p>\n","protected":false},"excerpt":{"rendered":"<p>AZ Sports \u0110\u1ecba ch\u1ec9: S\u1ed1 323, \u0111\u01b0\u1eddng L\u00ea Th\u00e1nh T\u00f4ng, P. T\u00e2n Th\u1ecbnh, TP. Ho\u00e0 B\u00ecnh, Ho\u00e0 B\u00ecnh Hotline: 035 609 3690 Email: webhoabinh@gmail.com B\u1ea3n \u0111\u1ed3 ch\u1ec9 d\u1eabn \ufeff<\/p>\n","protected":false},"author":3,"featured_media":0,"parent":0,"menu_order":0,"comment_status":"closed","ping_status":"closed","template":"","meta":[],"yoast_head":"<!-- This site is optimized with the Yoast SEO plugin v17.0 - https:\/\/yoast.com\/wordpress\/plugins\/seo\/ -->\n<title>Li\u00ean h\u1ec7 - AZ Sports<\/title>\n<meta name=\"robots\" content=\"noindex, follow, max-snippet:-1, max-image-preview:large, max-video-preview:-1\" \/>\n<meta property=\"og:locale\" content=\"vi_VN\" \/>\n<meta property=\"og:type\" content=\"article\" \/>\n<meta property=\"og:title\" content=\"Li\u00ean h\u1ec7 - AZ Sports\" \/>\n<meta property=\"og:description\" content=\"AZ Sports \u0110\u1ecba ch\u1ec9: S\u1ed1 323, \u0111\u01b0\u1eddng L\u00ea Th\u00e1nh T\u00f4ng, P. T\u00e2n Th\u1ecbnh, TP. Ho\u00e0 B\u00ecnh, Ho\u00e0 B\u00ecnh Hotline: 035 609 3690 Email: webhoabinh@gmail.com B\u1ea3n \u0111\u1ed3 ch\u1ec9 d\u1eabn \ufeff\" \/>\n<meta property=\"og:url\" content=\"http:\/\/mau.hoabinhweb.com\/thethao1\/lien-he\/\" \/>\n<meta property=\"og:site_name\" content=\"AZ Sports\" \/>\n<meta property=\"article:modified_time\" content=\"2021-08-25T03:46:46+00:00\" \/>\n<meta name=\"twitter:card\" content=\"summary_large_image\" \/>\n<meta name=\"twitter:label1\" content=\"\u01af\u1edbc t\u00ednh th\u1eddi gian \u0111\u1ecdc\" \/>\n\t<meta name=\"twitter:data1\" content=\"1 ph\u00fat\" \/>\n<script type=\"application\/ld+json\" class=\"yoast-schema-graph\">{\"@context\":\"https:\/\/schema.org\",\"@graph\":[{\"@type\":\"WebSite\",\"@id\":\"https:\/\/mau.hoabinhweb.com\/thethao1\/#website\",\"url\":\"https:\/\/mau.hoabinhweb.com\/thethao1\/\",\"name\":\"AZ Sports\",\"description\":\"\",\"potentialAction\":[{\"@type\":\"SearchAction\",\"target\":{\"@type\":\"EntryPoint\",\"urlTemplate\":\"https:\/\/mau.hoabinhweb.com\/thethao1\/?s={search_term_string}\"},\"query-input\":\"required name=search_term_string\"}],\"inLanguage\":\"vi\"},{\"@type\":\"WebPage\",\"@id\":\"http:\/\/mau.hoabinhweb.com\/thethao1\/lien-he\/#webpage\",\"url\":\"http:\/\/mau.hoabinhweb.com\/thethao1\/lien-he\/\",\"name\":\"Li\\u00ean h\\u1ec7 - AZ Sports\",\"isPartOf\":{\"@id\":\"https:\/\/mau.hoabinhweb.com\/thethao1\/#website\"},\"datePublished\":\"2020-08-16T11:02:01+00:00\",\"dateModified\":\"2021-08-25T03:46:46+00:00\",\"breadcrumb\":{\"@id\":\"http:\/\/mau.hoabinhweb.com\/thethao1\/lien-he\/#breadcrumb\"},\"inLanguage\":\"vi\",\"potentialAction\":[{\"@type\":\"ReadAction\",\"target\":[\"http:\/\/mau.hoabinhweb.com\/thethao1\/lien-he\/\"]}]},{\"@type\":\"BreadcrumbList\",\"@id\":\"http:\/\/mau.hoabinhweb.com\/thethao1\/lien-he\/#breadcrumb\",\"itemListElement\":[{\"@type\":\"ListItem\",\"position\":1,\"name\":\"Trang ch\\u1ee7\",\"item\":\"https:\/\/mau.hoabinhweb.com\/thethao1\/\"},{\"@type\":\"ListItem\",\"position\":2,\"name\":\"Li\\u00ean h\\u1ec7\"}]}]}<\/script>\n<!-- \/ Yoast SEO plugin. -->","yoast_head_json":{"title":"Li\u00ean h\u1ec7 - AZ Sports","robots":{"index":"noindex","follow":"follow","max-snippet":"max-snippet:-1","max-image-preview":"max-image-preview:large","max-video-preview":"max-video-preview:-1"},"og_locale":"vi_VN","og_type":"article","og_title":"Li\u00ean h\u1ec7 - AZ Sports","og_description":"AZ Sports \u0110\u1ecba ch\u1ec9: S\u1ed1 323, \u0111\u01b0\u1eddng L\u00ea Th\u00e1nh T\u00f4ng, P. T\u00e2n Th\u1ecbnh, TP. Ho\u00e0 B\u00ecnh, Ho\u00e0 B\u00ecnh Hotline: 035 609 3690 Email: webhoabinh@gmail.com B\u1ea3n \u0111\u1ed3 ch\u1ec9 d\u1eabn \ufeff","og_url":"http:\/\/mau.hoabinhweb.com\/thethao1\/lien-he\/","og_site_name":"AZ Sports","article_modified_time":"2021-08-25T03:46:46+00:00","twitter_card":"summary_large_image","twitter_misc":{"\u01af\u1edbc t\u00ednh th\u1eddi gian \u0111\u1ecdc":"1 ph\u00fat"},"schema":{"@context":"https:\/\/schema.org","@graph":[{"@type":"WebSite","@id":"https:\/\/mau.hoabinhweb.com\/thethao1\/#website","url":"https:\/\/mau.hoabinhweb.com\/thethao1\/","name":"AZ Sports","description":"","potentialAction":[{"@type":"SearchAction","target":{"@type":"EntryPoint","urlTemplate":"https:\/\/mau.hoabinhweb.com\/thethao1\/?s={search_term_string}"},"query-input":"required name=search_term_string"}],"inLanguage":"vi"},{"@type":"WebPage","@id":"http:\/\/mau.hoabinhweb.com\/thethao1\/lien-he\/#webpage","url":"http:\/\/mau.hoabinhweb.com\/thethao1\/lien-he\/","name":"Li\u00ean h\u1ec7 - AZ Sports","isPartOf":{"@id":"https:\/\/mau.hoabinhweb.com\/thethao1\/#website"},"datePublished":"2020-08-16T11:02:01+00:00","dateModified":"2021-08-25T03:46:46+00:00","breadcrumb":{"@id":"http:\/\/mau.hoabinhweb.com\/thethao1\/lien-he\/#breadcrumb"},"inLanguage":"vi","potentialAction":[{"@type":"ReadAction","target":["http:\/\/mau.hoabinhweb.com\/thethao1\/lien-he\/"]}]},{"@type":"BreadcrumbList","@id":"http:\/\/mau.hoabinhweb.com\/thethao1\/lien-he\/#breadcrumb","itemListElement":[{"@type":"ListItem","position":1,"name":"Trang ch\u1ee7","item":"https:\/\/mau.hoabinhweb.com\/thethao1\/"},{"@type":"ListItem","position":2,"name":"Li\u00ean h\u1ec7"}]}]}},"_links":{"self":[{"href":"http:\/\/mau.hoabinhweb.com\/thethao1\/wp-json\/wp\/v2\/pages\/58"}],"collection":[{"href":"http:\/\/mau.hoabinhweb.com\/thethao1\/wp-json\/wp\/v2\/pages"}],"about":[{"href":"http:\/\/mau.hoabinhweb.com\/thethao1\/wp-json\/wp\/v2\/types\/page"}],"author":[{"embeddable":true,"href":"http:\/\/mau.hoabinhweb.com\/thethao1\/wp-json\/wp\/v2\/users\/3"}],"replies":[{"embeddable":true,"href":"http:\/\/mau.hoabinhweb.com\/thethao1\/wp-json\/wp\/v2\/comments?post=58"}],"version-history":[{"count":0,"href":"http:\/\/mau.hoabinhweb.com\/thethao1\/wp-json\/wp\/v2\/pages\/58\/revisions"}],"wp:attachment":[{"href":"http:\/\/mau.hoabinhweb.com\/thethao1\/wp-json\/wp\/v2\/media?parent=58"}],"curies":[{"name":"wp","href":"https:\/\/api.w.org\/{rel}","templated":true}]}}