{"id":2,"date":"2020-08-16T08:58:29","date_gmt":"2020-08-16T01:58:29","guid":{"rendered":"http:\/\/mau.hoabinhweb.com\/thethao1\/?page_id=2"},"modified":"2021-03-09T10:07:04","modified_gmt":"2021-03-09T03:07:04","slug":"gioi-thieu","status":"publish","type":"page","link":"http:\/\/mau.hoabinhweb.com\/thethao1\/gioi-thieu\/","title":{"rendered":"Gi\u1edbi thi\u1ec7u"},"content":{"rendered":"<div class=\"about-need roll-mining roll-mining-event\">\n<h2>AZ Sports l\u00e0 h\u1ec7 th\u1ed1ng ph\u00e2n ph\u1ed1i<br \/>\nM\u1ef9 ph\u1ea9m ch\u00ednh h\u00e3ng h\u00e0ng \u0111\u1ea7u Vi\u1ec7t Nam<\/h2>\n<\/div>\n<div class=\"text-center sologan roll-deep roll-deep-event\">Cung c\u1ea5p m\u1ef9 ph\u1ea9m l\u00e0m \u0111\u1eb9p ch\u00ednh h\u00e3ng \u2013 ch\u1ea5t l\u01b0\u1ee3ng t\u1ed1t \u2013 gi\u00e1 t\u1ed1t nh\u1ea5t th\u1ecb tr\u01b0\u1eddng<\/div>\n<p class=\"p-noidung\">V\u1edbi m\u1ee5c ti\u00eau mang \u0111\u1ebfn c\u01a1 h\u1ed9i tr\u1ea3i nghi\u1ec7m c\u00e1c s\u1ea3n ph\u1ea9m l\u00e0m \u0111\u1eb9p ch\u1ea5t l\u01b0\u1ee3ng t\u1ed1t \u2013 gi\u00e1 t\u1ed1t nh\u1ea5t th\u1ecb tr\u01b0\u1eddng, g\u00f3p ph\u1ea7n \u0111\u1eafp \u0111\u1ea7y nh\u1eefng v\u1ebb \u0111\u1eb9p khuy\u1ebft thi\u1ebfu, truy\u1ec1n c\u1ea3m h\u1ee9ng d\u00f9ng m\u1ef9 ph\u1ea9m v\u00e0 gi\u00fap v\u1ebb \u0111\u1eb9pVi\u1ec7t t\u1ecfa s\u00e1ng, AZ Sports lu\u00f4n kh\u00f4ng ng\u1eebng ph\u1ea5n \u0111\u1ea5u \u0111\u1ec3 ho\u00e0n thi\u1ec7n ch\u1ea5t l\u01b0\u1ee3ng d\u1ecbch v\u1ee5 c\u1ee7a ch\u00ednh m\u00ecnh.<\/p>\n<p class=\"p-noidung\">G\u1ea7n 7 n\u0103m kinh nghi\u1ec7m ho\u1ea1t \u0111\u1ed9ng trong l\u0129nh v\u1ef1c m\u1ef9 ph\u1ea9m l\u00e0m \u0111\u1eb9p, hi\u1ec7n \u0111\u1ed9i ng\u0169 nh\u00e2n vi\u00ean c\u1ee7a AZ Sports \u0111\u00e3 l\u00ean \u0111\u1ebfn 150 ng\u01b0\u1eddi c\u00f9ng h\u1ec7 th\u1ed1ng c\u1eeda h\u00e0ng tr\u1ea3i kh\u1eafp ba mi\u1ec1n \u0111\u1ea5t n\u01b0\u1edbc. AZ Sports \u0111ang d\u1ea7n kh\u1eb3ng \u0111\u1ecbnh \u0111\u01b0\u1ee3c v\u1ecb th\u1ebf c\u1ee7a m\u00ecnh tr\u00ean th\u01b0\u01a1ng tr\u01b0\u1eddng v\u00e0 chi\u1ebfm \u0111\u01b0\u1ee3c tin y\u00eau c\u1ee7a \u0111\u00f4ng \u0111\u1ea3o qu\u00fd kh\u00e1ch h\u00e0ng.<\/p>\n","protected":false},"excerpt":{"rendered":"<p>AZ Sports l\u00e0 h\u1ec7 th\u1ed1ng ph\u00e2n ph\u1ed1i M\u1ef9 ph\u1ea9m ch\u00ednh h\u00e3ng h\u00e0ng \u0111\u1ea7u Vi\u1ec7t Nam Cung c\u1ea5p m\u1ef9 ph\u1ea9m l\u00e0m \u0111\u1eb9p ch\u00ednh h\u00e3ng \u2013 ch\u1ea5t l\u01b0\u1ee3ng t\u1ed1t \u2013 gi\u00e1 t\u1ed1t nh\u1ea5t th\u1ecb tr\u01b0\u1eddng V\u1edbi m\u1ee5c ti\u00eau mang \u0111\u1ebfn c\u01a1 h\u1ed9i tr\u1ea3i nghi\u1ec7m c\u00e1c s\u1ea3n ph\u1ea9m l\u00e0m \u0111\u1eb9p ch\u1ea5t l\u01b0\u1ee3ng t\u1ed1t \u2013 gi\u00e1 t\u1ed1t nh\u1ea5t th\u1ecb<\/p>\n","protected":false},"author":3,"featured_media":0,"parent":0,"menu_order":0,"comment_status":"closed","ping_status":"closed","template":"","meta":[],"yoast_head":"<!-- This site is optimized with the Yoast SEO plugin v17.0 - https:\/\/yoast.com\/wordpress\/plugins\/seo\/ -->\n<title>Gi\u1edbi thi\u1ec7u - AZ Sports<\/title>\n<meta name=\"robots\" content=\"noindex, follow, max-snippet:-1, max-image-preview:large, max-video-preview:-1\" \/>\n<meta property=\"og:locale\" content=\"vi_VN\" \/>\n<meta property=\"og:type\" content=\"article\" \/>\n<meta property=\"og:title\" content=\"Gi\u1edbi thi\u1ec7u - AZ Sports\" \/>\n<meta property=\"og:description\" content=\"AZ Sports l\u00e0 h\u1ec7 th\u1ed1ng ph\u00e2n ph\u1ed1i M\u1ef9 ph\u1ea9m ch\u00ednh h\u00e3ng h\u00e0ng \u0111\u1ea7u Vi\u1ec7t Nam Cung c\u1ea5p m\u1ef9 ph\u1ea9m l\u00e0m \u0111\u1eb9p ch\u00ednh h\u00e3ng \u2013 ch\u1ea5t l\u01b0\u1ee3ng t\u1ed1t \u2013 gi\u00e1 t\u1ed1t nh\u1ea5t th\u1ecb tr\u01b0\u1eddng V\u1edbi m\u1ee5c ti\u00eau mang \u0111\u1ebfn c\u01a1 h\u1ed9i tr\u1ea3i nghi\u1ec7m c\u00e1c s\u1ea3n ph\u1ea9m l\u00e0m \u0111\u1eb9p ch\u1ea5t l\u01b0\u1ee3ng t\u1ed1t \u2013 gi\u00e1 t\u1ed1t nh\u1ea5t th\u1ecb\" \/>\n<meta property=\"og:url\" content=\"http:\/\/mau.hoabinhweb.com\/thethao1\/gioi-thieu\/\" \/>\n<meta property=\"og:site_name\" content=\"AZ Sports\" \/>\n<meta property=\"article:modified_time\" content=\"2021-03-09T03:07:04+00:00\" \/>\n<meta name=\"twitter:card\" content=\"summary_large_image\" \/>\n<meta name=\"twitter:label1\" content=\"\u01af\u1edbc t\u00ednh th\u1eddi gian \u0111\u1ecdc\" \/>\n\t<meta name=\"twitter:data1\" content=\"1 ph\u00fat\" \/>\n<script type=\"application\/ld+json\" class=\"yoast-schema-graph\">{\"@context\":\"https:\/\/schema.org\",\"@graph\":[{\"@type\":\"WebSite\",\"@id\":\"https:\/\/mau.hoabinhweb.com\/thethao1\/#website\",\"url\":\"https:\/\/mau.hoabinhweb.com\/thethao1\/\",\"name\":\"AZ Sports\",\"description\":\"\",\"potentialAction\":[{\"@type\":\"SearchAction\",\"target\":{\"@type\":\"EntryPoint\",\"urlTemplate\":\"https:\/\/mau.hoabinhweb.com\/thethao1\/?s={search_term_string}\"},\"query-input\":\"required name=search_term_string\"}],\"inLanguage\":\"vi\"},{\"@type\":\"WebPage\",\"@id\":\"http:\/\/mau.hoabinhweb.com\/thethao1\/gioi-thieu\/#webpage\",\"url\":\"http:\/\/mau.hoabinhweb.com\/thethao1\/gioi-thieu\/\",\"name\":\"Gi\\u1edbi thi\\u1ec7u - AZ Sports\",\"isPartOf\":{\"@id\":\"https:\/\/mau.hoabinhweb.com\/thethao1\/#website\"},\"datePublished\":\"2020-08-16T01:58:29+00:00\",\"dateModified\":\"2021-03-09T03:07:04+00:00\",\"breadcrumb\":{\"@id\":\"http:\/\/mau.hoabinhweb.com\/thethao1\/gioi-thieu\/#breadcrumb\"},\"inLanguage\":\"vi\",\"potentialAction\":[{\"@type\":\"ReadAction\",\"target\":[\"http:\/\/mau.hoabinhweb.com\/thethao1\/gioi-thieu\/\"]}]},{\"@type\":\"BreadcrumbList\",\"@id\":\"http:\/\/mau.hoabinhweb.com\/thethao1\/gioi-thieu\/#breadcrumb\",\"itemListElement\":[{\"@type\":\"ListItem\",\"position\":1,\"name\":\"Trang ch\\u1ee7\",\"item\":\"https:\/\/mau.hoabinhweb.com\/thethao1\/\"},{\"@type\":\"ListItem\",\"position\":2,\"name\":\"Gi\\u1edbi thi\\u1ec7u\"}]}]}<\/script>\n<!-- \/ Yoast SEO plugin. -->","yoast_head_json":{"title":"Gi\u1edbi thi\u1ec7u - AZ Sports","robots":{"index":"noindex","follow":"follow","max-snippet":"max-snippet:-1","max-image-preview":"max-image-preview:large","max-video-preview":"max-video-preview:-1"},"og_locale":"vi_VN","og_type":"article","og_title":"Gi\u1edbi thi\u1ec7u - AZ Sports","og_description":"AZ Sports l\u00e0 h\u1ec7 th\u1ed1ng ph\u00e2n ph\u1ed1i M\u1ef9 ph\u1ea9m ch\u00ednh h\u00e3ng h\u00e0ng \u0111\u1ea7u Vi\u1ec7t Nam Cung c\u1ea5p m\u1ef9 ph\u1ea9m l\u00e0m \u0111\u1eb9p ch\u00ednh h\u00e3ng \u2013 ch\u1ea5t l\u01b0\u1ee3ng t\u1ed1t \u2013 gi\u00e1 t\u1ed1t nh\u1ea5t th\u1ecb tr\u01b0\u1eddng V\u1edbi m\u1ee5c ti\u00eau mang \u0111\u1ebfn c\u01a1 h\u1ed9i tr\u1ea3i nghi\u1ec7m c\u00e1c s\u1ea3n ph\u1ea9m l\u00e0m \u0111\u1eb9p ch\u1ea5t l\u01b0\u1ee3ng t\u1ed1t \u2013 gi\u00e1 t\u1ed1t nh\u1ea5t th\u1ecb","og_url":"http:\/\/mau.hoabinhweb.com\/thethao1\/gioi-thieu\/","og_site_name":"AZ Sports","article_modified_time":"2021-03-09T03:07:04+00:00","twitter_card":"summary_large_image","twitter_misc":{"\u01af\u1edbc t\u00ednh th\u1eddi gian \u0111\u1ecdc":"1 ph\u00fat"},"schema":{"@context":"https:\/\/schema.org","@graph":[{"@type":"WebSite","@id":"https:\/\/mau.hoabinhweb.com\/thethao1\/#website","url":"https:\/\/mau.hoabinhweb.com\/thethao1\/","name":"AZ Sports","description":"","potentialAction":[{"@type":"SearchAction","target":{"@type":"EntryPoint","urlTemplate":"https:\/\/mau.hoabinhweb.com\/thethao1\/?s={search_term_string}"},"query-input":"required name=search_term_string"}],"inLanguage":"vi"},{"@type":"WebPage","@id":"http:\/\/mau.hoabinhweb.com\/thethao1\/gioi-thieu\/#webpage","url":"http:\/\/mau.hoabinhweb.com\/thethao1\/gioi-thieu\/","name":"Gi\u1edbi thi\u1ec7u - AZ Sports","isPartOf":{"@id":"https:\/\/mau.hoabinhweb.com\/thethao1\/#website"},"datePublished":"2020-08-16T01:58:29+00:00","dateModified":"2021-03-09T03:07:04+00:00","breadcrumb":{"@id":"http:\/\/mau.hoabinhweb.com\/thethao1\/gioi-thieu\/#breadcrumb"},"inLanguage":"vi","potentialAction":[{"@type":"ReadAction","target":["http:\/\/mau.hoabinhweb.com\/thethao1\/gioi-thieu\/"]}]},{"@type":"BreadcrumbList","@id":"http:\/\/mau.hoabinhweb.com\/thethao1\/gioi-thieu\/#breadcrumb","itemListElement":[{"@type":"ListItem","position":1,"name":"Trang ch\u1ee7","item":"https:\/\/mau.hoabinhweb.com\/thethao1\/"},{"@type":"ListItem","position":2,"name":"Gi\u1edbi thi\u1ec7u"}]}]}},"_links":{"self":[{"href":"http:\/\/mau.hoabinhweb.com\/thethao1\/wp-json\/wp\/v2\/pages\/2"}],"collection":[{"href":"http:\/\/mau.hoabinhweb.com\/thethao1\/wp-json\/wp\/v2\/pages"}],"about":[{"href":"http:\/\/mau.hoabinhweb.com\/thethao1\/wp-json\/wp\/v2\/types\/page"}],"author":[{"embeddable":true,"href":"http:\/\/mau.hoabinhweb.com\/thethao1\/wp-json\/wp\/v2\/users\/3"}],"replies":[{"embeddable":true,"href":"http:\/\/mau.hoabinhweb.com\/thethao1\/wp-json\/wp\/v2\/comments?post=2"}],"version-history":[{"count":0,"href":"http:\/\/mau.hoabinhweb.com\/thethao1\/wp-json\/wp\/v2\/pages\/2\/revisions"}],"wp:attachment":[{"href":"http:\/\/mau.hoabinhweb.com\/thethao1\/wp-json\/wp\/v2\/media?parent=2"}],"curies":[{"name":"wp","href":"https:\/\/api.w.org\/{rel}","templated":true}]}}