{"id":52,"date":"2022-04-15T16:21:18","date_gmt":"2022-04-15T09:21:18","guid":{"rendered":"https:\/\/kimnhaxinh.vn\/?page_id=52"},"modified":"2022-04-15T16:21:18","modified_gmt":"2022-04-15T09:21:18","slug":"lien-he","status":"publish","type":"page","link":"http:\/\/mau.hoabinhweb.com\/quatang1\/lien-he\/","title":{"rendered":"Li\u00ean h\u1ec7"},"content":{"rendered":"<h2>Ho\u00e0 B\u00ecnh Web<\/h2>\n<ul>\n<li>\u0110\u1ecba ch\u1ec9: S\u1ed1 169 ng\u00f5 33 V\u0103n Cao, ph\u01b0\u1eddng Li\u1ec5u Giai, Qu\u1eadn Ba \u0110\u00ecnh, H\u00e0 N\u1ed9i<\/li>\n<li>\u0110i\u1ec7n tho\u1ea1i: 035 609 3690<\/li>\n<li>Email: webhoabinh@gmail.com<\/li>\n<\/ul>\n<h2>B\u1ea3n \u0111\u1ed3 ch\u1ec9 d\u1eabn<\/h2>\n<p><iframe loading=\"lazy\" style=\"border: 0;\" src=\"https:\/\/www.google.com\/maps\/embed?pb=!1m18!1m12!1m3!1d3723.7852778700953!2d105.81433871540256!3d21.041275892725867!2m3!1f0!2f0!3f0!3m2!1i1024!2i768!4f13.1!3m3!1m2!1s0x3135ab11ed1b3c3b%3A0xc0fc9fc4ff38a445!2zU-G7kSAxNjk!5e0!3m2!1svi!2s!4v1650014378858!5m2!1svi!2s\" width=\"100%\" height=\"450\" allowfullscreen=\"allowfullscreen\"><span data-mce-type=\"bookmark\" style=\"display: inline-block; width: 0px; overflow: hidden; line-height: 0;\" class=\"mce_SELRES_start\">\ufeff<\/span><\/iframe><\/p>\n","protected":false},"excerpt":{"rendered":"<p>Ho\u00e0 B\u00ecnh Web \u0110\u1ecba ch\u1ec9: S\u1ed1 169 ng\u00f5 33 V\u0103n Cao, ph\u01b0\u1eddng Li\u1ec5u Giai, Qu\u1eadn Ba \u0110\u00ecnh, H\u00e0 N\u1ed9i \u0110i\u1ec7n tho\u1ea1i: 035 609 3690 Email: webhoabinh@gmail.com B\u1ea3n \u0111\u1ed3 ch\u1ec9 d\u1eabn \ufeff<\/p>\n","protected":false},"author":1,"featured_media":0,"parent":0,"menu_order":0,"comment_status":"closed","ping_status":"closed","template":"","meta":{"footnotes":""},"class_list":["post-52","page","type-page","status-publish","hentry"],"yoast_head":"<!-- This site is optimized with the Yoast SEO plugin v18.3 - https:\/\/yoast.com\/wordpress\/plugins\/seo\/ -->\n<title>Li\u00ean h\u1ec7 - Ho\u00e0 B\u00ecnh Web<\/title>\n<meta name=\"robots\" content=\"noindex, follow, max-snippet:-1, max-image-preview:large, max-video-preview:-1\" \/>\n<meta property=\"og:locale\" content=\"vi_VN\" \/>\n<meta property=\"og:type\" content=\"article\" \/>\n<meta property=\"og:title\" content=\"Li\u00ean h\u1ec7 - Ho\u00e0 B\u00ecnh Web\" \/>\n<meta property=\"og:description\" content=\"Ho\u00e0 B\u00ecnh Web \u0110\u1ecba ch\u1ec9: S\u1ed1 169 ng\u00f5 33 V\u0103n Cao, ph\u01b0\u1eddng Li\u1ec5u Giai, Qu\u1eadn Ba \u0110\u00ecnh, H\u00e0 N\u1ed9i \u0110i\u1ec7n tho\u1ea1i: 035 609 3690 Email: webhoabinh@gmail.com B\u1ea3n \u0111\u1ed3 ch\u1ec9 d\u1eabn \ufeff\" \/>\n<meta property=\"og:url\" content=\"http:\/\/mau.hoabinhweb.com\/quatang1\/lien-he\/\" \/>\n<meta property=\"og:site_name\" content=\"Ho\u00e0 B\u00ecnh Web\" \/>\n<meta name=\"twitter:card\" content=\"summary_large_image\" \/>\n<script type=\"application\/ld+json\" class=\"yoast-schema-graph\">{\"@context\":\"https:\/\/schema.org\",\"@graph\":[{\"@type\":\"WebSite\",\"@id\":\"http:\/\/mau.hoabinhweb.com\/quatang1\/#website\",\"url\":\"http:\/\/mau.hoabinhweb.com\/quatang1\/\",\"name\":\"Ho\u00e0 B\u00ecnh Web\",\"description\":\"\",\"potentialAction\":[{\"@type\":\"SearchAction\",\"target\":{\"@type\":\"EntryPoint\",\"urlTemplate\":\"http:\/\/mau.hoabinhweb.com\/quatang1\/?s={search_term_string}\"},\"query-input\":\"required name=search_term_string\"}],\"inLanguage\":\"vi\"},{\"@type\":\"WebPage\",\"@id\":\"http:\/\/mau.hoabinhweb.com\/quatang1\/lien-he\/#webpage\",\"url\":\"http:\/\/mau.hoabinhweb.com\/quatang1\/lien-he\/\",\"name\":\"Li\u00ean h\u1ec7 - Ho\u00e0 B\u00ecnh Web\",\"isPartOf\":{\"@id\":\"http:\/\/mau.hoabinhweb.com\/quatang1\/#website\"},\"datePublished\":\"2022-04-15T09:21:18+00:00\",\"dateModified\":\"2022-04-15T09:21:18+00:00\",\"breadcrumb\":{\"@id\":\"http:\/\/mau.hoabinhweb.com\/quatang1\/lien-he\/#breadcrumb\"},\"inLanguage\":\"vi\",\"potentialAction\":[{\"@type\":\"ReadAction\",\"target\":[\"http:\/\/mau.hoabinhweb.com\/quatang1\/lien-he\/\"]}]},{\"@type\":\"BreadcrumbList\",\"@id\":\"http:\/\/mau.hoabinhweb.com\/quatang1\/lien-he\/#breadcrumb\",\"itemListElement\":[{\"@type\":\"ListItem\",\"position\":1,\"name\":\"Trang ch\u1ee7\",\"item\":\"http:\/\/mau.hoabinhweb.com\/quatang1\/\"},{\"@type\":\"ListItem\",\"position\":2,\"name\":\"Li\u00ean h\u1ec7\"}]}]}<\/script>\n<!-- \/ Yoast SEO plugin. -->","yoast_head_json":{"title":"Li\u00ean h\u1ec7 - Ho\u00e0 B\u00ecnh Web","robots":{"index":"noindex","follow":"follow","max-snippet":"max-snippet:-1","max-image-preview":"max-image-preview:large","max-video-preview":"max-video-preview:-1"},"og_locale":"vi_VN","og_type":"article","og_title":"Li\u00ean h\u1ec7 - Ho\u00e0 B\u00ecnh Web","og_description":"Ho\u00e0 B\u00ecnh Web \u0110\u1ecba ch\u1ec9: S\u1ed1 169 ng\u00f5 33 V\u0103n Cao, ph\u01b0\u1eddng Li\u1ec5u Giai, Qu\u1eadn Ba \u0110\u00ecnh, H\u00e0 N\u1ed9i \u0110i\u1ec7n tho\u1ea1i: 035 609 3690 Email: webhoabinh@gmail.com B\u1ea3n \u0111\u1ed3 ch\u1ec9 d\u1eabn \ufeff","og_url":"http:\/\/mau.hoabinhweb.com\/quatang1\/lien-he\/","og_site_name":"Ho\u00e0 B\u00ecnh Web","twitter_card":"summary_large_image","schema":{"@context":"https:\/\/schema.org","@graph":[{"@type":"WebSite","@id":"http:\/\/mau.hoabinhweb.com\/quatang1\/#website","url":"http:\/\/mau.hoabinhweb.com\/quatang1\/","name":"Ho\u00e0 B\u00ecnh Web","description":"","potentialAction":[{"@type":"SearchAction","target":{"@type":"EntryPoint","urlTemplate":"http:\/\/mau.hoabinhweb.com\/quatang1\/?s={search_term_string}"},"query-input":"required name=search_term_string"}],"inLanguage":"vi"},{"@type":"WebPage","@id":"http:\/\/mau.hoabinhweb.com\/quatang1\/lien-he\/#webpage","url":"http:\/\/mau.hoabinhweb.com\/quatang1\/lien-he\/","name":"Li\u00ean h\u1ec7 - Ho\u00e0 B\u00ecnh Web","isPartOf":{"@id":"http:\/\/mau.hoabinhweb.com\/quatang1\/#website"},"datePublished":"2022-04-15T09:21:18+00:00","dateModified":"2022-04-15T09:21:18+00:00","breadcrumb":{"@id":"http:\/\/mau.hoabinhweb.com\/quatang1\/lien-he\/#breadcrumb"},"inLanguage":"vi","potentialAction":[{"@type":"ReadAction","target":["http:\/\/mau.hoabinhweb.com\/quatang1\/lien-he\/"]}]},{"@type":"BreadcrumbList","@id":"http:\/\/mau.hoabinhweb.com\/quatang1\/lien-he\/#breadcrumb","itemListElement":[{"@type":"ListItem","position":1,"name":"Trang ch\u1ee7","item":"http:\/\/mau.hoabinhweb.com\/quatang1\/"},{"@type":"ListItem","position":2,"name":"Li\u00ean h\u1ec7"}]}]}},"_links":{"self":[{"href":"http:\/\/mau.hoabinhweb.com\/quatang1\/wp-json\/wp\/v2\/pages\/52","targetHints":{"allow":["GET"]}}],"collection":[{"href":"http:\/\/mau.hoabinhweb.com\/quatang1\/wp-json\/wp\/v2\/pages"}],"about":[{"href":"http:\/\/mau.hoabinhweb.com\/quatang1\/wp-json\/wp\/v2\/types\/page"}],"author":[{"embeddable":true,"href":"http:\/\/mau.hoabinhweb.com\/quatang1\/wp-json\/wp\/v2\/users\/1"}],"replies":[{"embeddable":true,"href":"http:\/\/mau.hoabinhweb.com\/quatang1\/wp-json\/wp\/v2\/comments?post=52"}],"version-history":[{"count":0,"href":"http:\/\/mau.hoabinhweb.com\/quatang1\/wp-json\/wp\/v2\/pages\/52\/revisions"}],"wp:attachment":[{"href":"http:\/\/mau.hoabinhweb.com\/quatang1\/wp-json\/wp\/v2\/media?parent=52"}],"curies":[{"name":"wp","href":"https:\/\/api.w.org\/{rel}","templated":true}]}}