{"id":13,"date":"2022-10-28T13:57:03","date_gmt":"2022-10-28T06:57:03","guid":{"rendered":"http:\/\/mau.hoabinhweb.com\/noithat2\/?page_id=13"},"modified":"2022-11-06T19:06:02","modified_gmt":"2022-11-06T12:06:02","slug":"lien-he","status":"publish","type":"page","link":"http:\/\/mau.hoabinhweb.com\/noithat2\/lien-he\/","title":{"rendered":"Li\u00ean h\u1ec7"},"content":{"rendered":"<h2>C\u00d4NG TY TNHH TH\u01af\u01a0NG M\u1ea0I D\u1ecaCH V\u1ee4 V\u00c0 S\u1ea2N XU\u1ea4T MINH \u0110\u1ee8C<\/h2>\n<ul>\n<li>\u0110\u1ecba ch\u1ec9: S\u1ed1 8, L\u00f4 A11 Khu \u0111\u00f4 th\u1ecb Geleximco, \u0110\u01b0\u1eddng L\u00ea Tr\u1ecdng T\u1ea5n, An Kh\u00e1nh, Ho\u00e0i \u0110\u1ee9c, H\u00e0 N\u1ed9i<\/li>\n<li>\u0110i\u1ec7n tho\u1ea1i: 087 8082 999<\/li>\n<li>Zalo: 087 8082 999<\/li>\n<li>Fanpage:<\/li>\n<li>Email: sale.sanminhduc@gmail.com<\/li>\n<\/ul>\n<h2>B\u1ea2N \u0110\u1ed2 CH\u1ec8 D\u1eaaN<\/h2>\n<p><iframe loading=\"lazy\" style=\"border: 0;\" src=\"https:\/\/www.google.com\/maps\/embed?pb=!1m18!1m12!1m3!1d931.2797917225199!2d105.74248572923337!3d20.987859751257346!2m3!1f0!2f0!3f0!3m2!1i1024!2i768!4f13.1!3m3!1m2!1s0x3134530e912fc26d%3A0xc33e6ec72d6f31a4!2zTGEgRMawxqFuZywgRMawxqFuZyBO4buZaSwgSMOgIMSQw7RuZywgSMOgIE7hu5lpLCBWaeG7h3QgTmFt!5e0!3m2!1svi!2s!4v1667725292428!5m2!1svi!2s\" width=\"100%\" height=\"450\" allowfullscreen=\"allowfullscreen\"><span data-mce-type=\"bookmark\" style=\"display: inline-block; width: 0px; overflow: hidden; line-height: 0;\" class=\"mce_SELRES_start\">\ufeff<\/span><\/iframe><\/p>\n","protected":false},"excerpt":{"rendered":"<p>C\u00d4NG TY TNHH TH\u01af\u01a0NG M\u1ea0I D\u1ecaCH V\u1ee4 V\u00c0 S\u1ea2N XU\u1ea4T MINH \u0110\u1ee8C \u0110\u1ecba ch\u1ec9: S\u1ed1 8, L\u00f4 A11 Khu \u0111\u00f4 th\u1ecb Geleximco, \u0110\u01b0\u1eddng L\u00ea Tr\u1ecdng T\u1ea5n, An Kh\u00e1nh, Ho\u00e0i \u0110\u1ee9c, H\u00e0 N\u1ed9i \u0110i\u1ec7n tho\u1ea1i: 087 8082 999 Zalo: 087 8082 999 Fanpage: Email: sale.sanminhduc@gmail.com B\u1ea2N \u0110\u1ed2 CH\u1ec8 D\u1eaaN \ufeff<\/p>\n","protected":false},"author":1,"featured_media":0,"parent":0,"menu_order":0,"comment_status":"closed","ping_status":"closed","template":"","meta":{"footnotes":""},"class_list":["post-13","page","type-page","status-publish","hentry"],"yoast_head":"<!-- This site is optimized with the Yoast SEO plugin v18.3 - https:\/\/yoast.com\/wordpress\/plugins\/seo\/ -->\n<title>Li\u00ean h\u1ec7 - S\u00e0n Minh \u0110\u1ee9c<\/title>\n<meta name=\"robots\" content=\"noindex, follow, max-snippet:-1, max-image-preview:large, max-video-preview:-1\" \/>\n<meta property=\"og:locale\" content=\"vi_VN\" \/>\n<meta property=\"og:type\" content=\"article\" \/>\n<meta property=\"og:title\" content=\"Li\u00ean h\u1ec7 - S\u00e0n Minh \u0110\u1ee9c\" \/>\n<meta property=\"og:description\" content=\"C\u00d4NG TY TNHH TH\u01af\u01a0NG M\u1ea0I D\u1ecaCH V\u1ee4 V\u00c0 S\u1ea2N XU\u1ea4T MINH \u0110\u1ee8C \u0110\u1ecba ch\u1ec9: S\u1ed1 8, L\u00f4 A11 Khu \u0111\u00f4 th\u1ecb Geleximco, \u0110\u01b0\u1eddng L\u00ea Tr\u1ecdng T\u1ea5n, An Kh\u00e1nh, Ho\u00e0i \u0110\u1ee9c, H\u00e0 N\u1ed9i \u0110i\u1ec7n tho\u1ea1i: 087 8082 999 Zalo: 087 8082 999 Fanpage: Email: sale.sanminhduc@gmail.com B\u1ea2N \u0110\u1ed2 CH\u1ec8 D\u1eaaN \ufeff\" \/>\n<meta property=\"og:url\" content=\"http:\/\/mau.hoabinhweb.com\/noithat2\/lien-he\/\" \/>\n<meta property=\"og:site_name\" content=\"S\u00e0n Minh \u0110\u1ee9c\" \/>\n<meta property=\"article:modified_time\" content=\"2022-11-06T12:06:02+00:00\" \/>\n<meta name=\"twitter:card\" content=\"summary_large_image\" \/>\n<meta name=\"twitter:label1\" content=\"\u01af\u1edbc t\u00ednh th\u1eddi gian \u0111\u1ecdc\" \/>\n\t<meta name=\"twitter:data1\" content=\"1 ph\u00fat\" \/>\n<script type=\"application\/ld+json\" class=\"yoast-schema-graph\">{\"@context\":\"https:\/\/schema.org\",\"@graph\":[{\"@type\":\"WebSite\",\"@id\":\"https:\/\/mau.hoabinhweb.com\/noithat2\/#website\",\"url\":\"https:\/\/mau.hoabinhweb.com\/noithat2\/\",\"name\":\"S\u00e0n Minh \u0110\u1ee9c\",\"description\":\"\",\"potentialAction\":[{\"@type\":\"SearchAction\",\"target\":{\"@type\":\"EntryPoint\",\"urlTemplate\":\"https:\/\/mau.hoabinhweb.com\/noithat2\/?s={search_term_string}\"},\"query-input\":\"required name=search_term_string\"}],\"inLanguage\":\"vi\"},{\"@type\":\"WebPage\",\"@id\":\"http:\/\/mau.hoabinhweb.com\/noithat2\/lien-he\/#webpage\",\"url\":\"http:\/\/mau.hoabinhweb.com\/noithat2\/lien-he\/\",\"name\":\"Li\u00ean h\u1ec7 - S\u00e0n Minh \u0110\u1ee9c\",\"isPartOf\":{\"@id\":\"https:\/\/mau.hoabinhweb.com\/noithat2\/#website\"},\"datePublished\":\"2022-10-28T06:57:03+00:00\",\"dateModified\":\"2022-11-06T12:06:02+00:00\",\"breadcrumb\":{\"@id\":\"http:\/\/mau.hoabinhweb.com\/noithat2\/lien-he\/#breadcrumb\"},\"inLanguage\":\"vi\",\"potentialAction\":[{\"@type\":\"ReadAction\",\"target\":[\"http:\/\/mau.hoabinhweb.com\/noithat2\/lien-he\/\"]}]},{\"@type\":\"BreadcrumbList\",\"@id\":\"http:\/\/mau.hoabinhweb.com\/noithat2\/lien-he\/#breadcrumb\",\"itemListElement\":[{\"@type\":\"ListItem\",\"position\":1,\"name\":\"Trang ch\u1ee7\",\"item\":\"https:\/\/mau.hoabinhweb.com\/noithat2\/\"},{\"@type\":\"ListItem\",\"position\":2,\"name\":\"Li\u00ean h\u1ec7\"}]}]}<\/script>\n<!-- \/ Yoast SEO plugin. -->","yoast_head_json":{"title":"Li\u00ean h\u1ec7 - S\u00e0n Minh \u0110\u1ee9c","robots":{"index":"noindex","follow":"follow","max-snippet":"max-snippet:-1","max-image-preview":"max-image-preview:large","max-video-preview":"max-video-preview:-1"},"og_locale":"vi_VN","og_type":"article","og_title":"Li\u00ean h\u1ec7 - S\u00e0n Minh \u0110\u1ee9c","og_description":"C\u00d4NG TY TNHH TH\u01af\u01a0NG M\u1ea0I D\u1ecaCH V\u1ee4 V\u00c0 S\u1ea2N XU\u1ea4T MINH \u0110\u1ee8C \u0110\u1ecba ch\u1ec9: S\u1ed1 8, L\u00f4 A11 Khu \u0111\u00f4 th\u1ecb Geleximco, \u0110\u01b0\u1eddng L\u00ea Tr\u1ecdng T\u1ea5n, An Kh\u00e1nh, Ho\u00e0i \u0110\u1ee9c, H\u00e0 N\u1ed9i \u0110i\u1ec7n tho\u1ea1i: 087 8082 999 Zalo: 087 8082 999 Fanpage: Email: sale.sanminhduc@gmail.com B\u1ea2N \u0110\u1ed2 CH\u1ec8 D\u1eaaN \ufeff","og_url":"http:\/\/mau.hoabinhweb.com\/noithat2\/lien-he\/","og_site_name":"S\u00e0n Minh \u0110\u1ee9c","article_modified_time":"2022-11-06T12:06:02+00:00","twitter_card":"summary_large_image","twitter_misc":{"\u01af\u1edbc t\u00ednh th\u1eddi gian \u0111\u1ecdc":"1 ph\u00fat"},"schema":{"@context":"https:\/\/schema.org","@graph":[{"@type":"WebSite","@id":"https:\/\/mau.hoabinhweb.com\/noithat2\/#website","url":"https:\/\/mau.hoabinhweb.com\/noithat2\/","name":"S\u00e0n Minh \u0110\u1ee9c","description":"","potentialAction":[{"@type":"SearchAction","target":{"@type":"EntryPoint","urlTemplate":"https:\/\/mau.hoabinhweb.com\/noithat2\/?s={search_term_string}"},"query-input":"required name=search_term_string"}],"inLanguage":"vi"},{"@type":"WebPage","@id":"http:\/\/mau.hoabinhweb.com\/noithat2\/lien-he\/#webpage","url":"http:\/\/mau.hoabinhweb.com\/noithat2\/lien-he\/","name":"Li\u00ean h\u1ec7 - S\u00e0n Minh \u0110\u1ee9c","isPartOf":{"@id":"https:\/\/mau.hoabinhweb.com\/noithat2\/#website"},"datePublished":"2022-10-28T06:57:03+00:00","dateModified":"2022-11-06T12:06:02+00:00","breadcrumb":{"@id":"http:\/\/mau.hoabinhweb.com\/noithat2\/lien-he\/#breadcrumb"},"inLanguage":"vi","potentialAction":[{"@type":"ReadAction","target":["http:\/\/mau.hoabinhweb.com\/noithat2\/lien-he\/"]}]},{"@type":"BreadcrumbList","@id":"http:\/\/mau.hoabinhweb.com\/noithat2\/lien-he\/#breadcrumb","itemListElement":[{"@type":"ListItem","position":1,"name":"Trang ch\u1ee7","item":"https:\/\/mau.hoabinhweb.com\/noithat2\/"},{"@type":"ListItem","position":2,"name":"Li\u00ean h\u1ec7"}]}]}},"_links":{"self":[{"href":"http:\/\/mau.hoabinhweb.com\/noithat2\/wp-json\/wp\/v2\/pages\/13","targetHints":{"allow":["GET"]}}],"collection":[{"href":"http:\/\/mau.hoabinhweb.com\/noithat2\/wp-json\/wp\/v2\/pages"}],"about":[{"href":"http:\/\/mau.hoabinhweb.com\/noithat2\/wp-json\/wp\/v2\/types\/page"}],"author":[{"embeddable":true,"href":"http:\/\/mau.hoabinhweb.com\/noithat2\/wp-json\/wp\/v2\/users\/1"}],"replies":[{"embeddable":true,"href":"http:\/\/mau.hoabinhweb.com\/noithat2\/wp-json\/wp\/v2\/comments?post=13"}],"version-history":[{"count":5,"href":"http:\/\/mau.hoabinhweb.com\/noithat2\/wp-json\/wp\/v2\/pages\/13\/revisions"}],"predecessor-version":[{"id":311,"href":"http:\/\/mau.hoabinhweb.com\/noithat2\/wp-json\/wp\/v2\/pages\/13\/revisions\/311"}],"wp:attachment":[{"href":"http:\/\/mau.hoabinhweb.com\/noithat2\/wp-json\/wp\/v2\/media?parent=13"}],"curies":[{"name":"wp","href":"https:\/\/api.w.org\/{rel}","templated":true}]}}