{"id":87,"date":"2022-03-23T09:36:01","date_gmt":"2022-03-23T09:36:01","guid":{"rendered":"https:\/\/noithatphuongviet.com\/?post_type=product&amp;p=87"},"modified":"2022-03-23T09:36:01","modified_gmt":"2022-03-23T09:36:01","slug":"sofa-3-cho-elegance-mau-tu-nhien-vai-xanh","status":"publish","type":"product","link":"http:\/\/mau.hoabinhweb.com\/noithat1\/san-pham\/sofa-3-cho-elegance-mau-tu-nhien-vai-xanh\/","title":{"rendered":"Sofa 3 ch\u1ed7 Elegance m\u00e0u t\u1ef1 nhi\u00ean, v\u1ea3i xanh"},"content":{"rendered":"<p>N\u1ed9i th\u1ea5t Ho\u00e0 B\u00ecnh l\u00e0 m\u1ed9t trong nh\u1eefng \u0111\u01a1n v\u1ecb ti\u00ean phong trong l\u0129nh v\u1ef1c nh\u1eadp kh\u1ea9u n\u1ed9i th\u1ea5t cao c\u1ea5p. V\u1edbi kinh nghi\u1ec7m l\u00e2u n\u0103m trong ngh\u1ec1 c\u00f9ng v\u1edbi t\u00e2m huy\u1ebft \u0111em l\u1ea1i nh\u1eefng gi\u00e1 tr\u1ecb t\u1ed1t nh\u1ea5t cho ng\u01b0\u1eddi d\u00f9ng Vi\u1ec7t, Ph\u01b0\u01a1ng Vi\u1ec7t lu\u00f4n n\u1ed7 l\u1ef1c \u0111\u1ed5i m\u1edbi v\u00e0 l\u00e0m h\u00e0i l\u00f2ng ngay c\u1ea3 nh\u1eefng v\u1ecb kh\u00e1ch kh\u00f3 nh\u1ea5t.<\/p>\n<p>M\u1eb7c d\u00f9 l\u00e0 th\u01b0\u01a1ng hi\u1ec7u m\u1edbi n\u1ed5i tr\u00ean th\u1ecb tr\u01b0\u1eddng n\u1ed9i th\u1ea5t cao c\u1ea5p nh\u01b0ng Ph\u01b0\u01a1ng Vi\u1ec7t \u0111\u00e3 c\u00f3 ch\u1ed7 \u0111\u1ee9ng nh\u1ea5t \u0111\u1ecbnh trong l\u00f2ng ng\u01b0\u1eddi Vi\u1ec7t. Ph\u01b0\u01a1ng Vi\u1ec7t lu\u00f4n t\u1ef1 h\u00e0o l\u00e0 \u0111\u1ecba ch\u1ec9 uy t\u00edn cung c\u1ea5p s\u1ea3n ph\u1ea9m n\u1ed9i th\u1ea5t ch\u1ea5t l\u01b0\u1ee3ng cao. V\u1edbi chi\u1ebfn l\u01b0\u1ee3c \u0111\u01b0a v\u0103n ph\u00f2ng Vi\u1ec7t l\u00ean m\u1ed9t t\u1ea7m cao m\u1edbi, Ph\u01b0\u01a1ng Vi\u1ec7t h\u01b0\u1edbng \u0111\u1ebfn d\u00f2ng s\u1ea3n ph\u1ea9m n\u1ed9i th\u1ea5t v\u0103n ph\u00f2ng phong c\u00e1ch hi\u1ec7n \u0111\u1ea1i, xu h\u01b0\u1edbng m\u1edbi nh\u1ea5t tr\u00ean th\u1ebf gi\u1edbi.<\/p>\n<h2><strong>H\u00ecnh th\u00e0nh v\u00e0 ph\u00e1t tri\u1ec3n<\/strong><\/h2>\n<p>\u0110\u01b0\u1ee3c h\u00ecnh th\u00e0nh v\u00e0o n\u0103m 2018 nh\u01b0ng th\u1ef1c s\u1ef1 \u0111i v\u00e0o ho\u1ea1t \u0111\u1ed9ng \u0111\u01b0\u1ee3c t\u1eeb cu\u1ed1i n\u0103m 2020, ch\u1ec9 trong th\u1eddi gian ng\u1eafn nh\u01b0ng Ph\u01b0\u01a1ng Vi\u1ec7t \u0111\u00e3 c\u00f3 \u0111\u01b0\u1ee3c uy t\u00edn trong gi\u1edbi n\u1ed9i th\u1ea5t.<\/p>\n<p>V\u1edbi s\u1ef1 kh\u00f4ng ng\u1eebng ngh\u1ec9 c\u1ee7a \u0111\u1ed9i ng\u0169 nh\u00e2n vi\u00ean xu\u1ea5t s\u1eafc, l\u00e0nh ngh\u1ec1, c\u00f9ng v\u1edbi nh\u1eefng \u0111\u00f3ng g\u00f3p c\u1ee7a kh\u00e1ch h\u00e0ng, n\u1ed9i th\u1ea5t Ph\u01b0\u01a1ng Vi\u1ec7t ng\u00e0y c\u00e0ng l\u1edbn m\u1ea1nh kh\u00f4ng ch\u1ec9 tr\u00ean th\u01b0\u01a1ng tr\u01b0\u1eddng m\u00e0 c\u00f2n trong l\u0129nh v\u1ef1c xu\u1ea5t nh\u1eadp kh\u1ea9u v\u00e0 thi\u1ebft k\u1ebf v\u0103n ph\u00f2ng.<\/p>\n<p>N\u1ed9i th\u1ea5t Ho\u00e0 B\u00ecnh \u0111\u00e3 v\u00e0 \u0111ang kh\u00f4ng ng\u1eebng \u0111\u1ed5i m\u1edbi. Ch\u00fang t\u00f4i s\u1eb5n s\u00e0ng thay \u0111\u1ed5i m\u00ecnh, ti\u1ebfp thu nh\u1eefng \u0111i\u1ec1u m\u1edbi m\u1ebb, c\u1ed1 g\u1eafng \u0111em \u0111\u1ebfn cho kh\u00e1ch h\u00e0ng nh\u1eefng m\u1eabu thi\u1ebft k\u1ebf m\u1edbi nh\u1ea5t hi\u1ec7n \u0111\u1ea1i nh\u1ea5t, \u0111em \u0111\u1ebfn cho b\u1ea1n kh\u00f4ng gian s\u1ed1ng tuy\u1ec7t v\u1eddi.<\/p>\n<p>\u0110\u1ebfn nay Ph\u01b0\u01a1ng Vi\u1ec7t \u0111\u00e3 \u0111\u1ed3ng h\u00e0nh c\u00f9ng h\u00e0ng tr\u0103m doanh nghi\u1ec7p t\u1eeb B\u1eafc ch\u00ed Nam, v\u1edbi h\u00e0ng ng\u00e0n m\u1eabu m\u00e3 n\u1ed9i th\u1ea5t v\u00e0 ph\u00e1t tri\u1ec3n c\u00f9ng r\u1ea5t nhi\u1ec1u v\u0103n ph\u00f2ng. H\u00e0ng tr\u0103m v\u1ecb kh\u00e1ch l\u1ebb mua h\u00e0ng r\u1ed3i quay l\u1ea1i \u1ee7ng h\u1ed9 Ph\u01b0\u01a1ng Vi\u1ec7t th\u00eam nhi\u1ec1u l\u1ea7n n\u1eefa. Nh\u1eefng d\u1eabn ch\u1ee9ng nh\u01b0 v\u1eady lu\u00f4n l\u00e0 \u0111\u1ed9ng l\u1ef1c \u0111\u1ec3 ch\u00fang t\u00f4i ng\u00e0y c\u00e0ng n\u1ed7 l\u1ef1c v\u01b0\u01a1n l\u00ean.<\/p>\n","protected":false},"excerpt":{"rendered":"<ul>\n<li>H\u00e0ng nh\u1eadp kh\u1ea9u ch\u00ednh h\u00e3ng<\/li>\n<li>H\u1ec7 th\u1ed1ng c\u1eeda h\u00e0ng to\u00e0n qu\u1ed1c<\/li>\n<li>B\u1ea3o h\u00e0nh, b\u1ea3o tr\u00ec nhanh ch\u00f3ng<\/li>\n<li>Cam k\u1ebft ch\u1ea5t l\u01b0\u1ee3ng h\u00e0ng h\u00f3a<\/li>\n<li>Ch\u00ednh s\u00e1ch \u0111\u1ed5i tr\u1ea3 linh ho\u1ea1t<\/li>\n<\/ul>\n","protected":false},"featured_media":91,"comment_status":"closed","ping_status":"closed","template":"","meta":[],"product_cat":[17,18,19,20,21,22,23,24,25,26,27,28,29,30,31],"product_tag":[],"class_list":["post-87","product","type-product","status-publish","has-post-thumbnail","hentry","product_cat-ban-an-go-cao-su","product_cat-ban-an-go-soi","product_cat-ban-an-nhap-khau","product_cat-ban-an-thong-minh","product_cat-ban-mat-da","product_cat-ket-sat-han-quoc","product_cat-ket-sat-nhap-khau","product_cat-ket-sat-viet-tiep","product_cat-rem-manh-han-quoc","product_cat-san-pham-ban-chay","product_cat-sofa-chu-l","product_cat-sofa-da","product_cat-sofa-nhap-khau","product_cat-sofa-ni","product_cat-sofa-vang"],"yoast_head":"<!-- This site is optimized with the Yoast SEO plugin v18.3 - https:\/\/yoast.com\/wordpress\/plugins\/seo\/ -->\n<title>Sofa 3 ch\u1ed7 Elegance m\u00e0u t\u1ef1 nhi\u00ean, v\u1ea3i xanh - N\u1ed9i Th\u1ea5t Ho\u00e0 B\u00ecnh<\/title>\n<meta name=\"robots\" content=\"noindex, follow, max-snippet:-1, max-image-preview:large, max-video-preview:-1\" \/>\n<meta property=\"og:locale\" content=\"vi_VN\" \/>\n<meta property=\"og:type\" content=\"article\" \/>\n<meta property=\"og:title\" content=\"Sofa 3 ch\u1ed7 Elegance m\u00e0u t\u1ef1 nhi\u00ean, v\u1ea3i xanh - N\u1ed9i Th\u1ea5t Ho\u00e0 B\u00ecnh\" \/>\n<meta property=\"og:description\" content=\"H\u00e0ng nh\u1eadp kh\u1ea9u ch\u00ednh h\u00e3ng  H\u1ec7 th\u1ed1ng c\u1eeda h\u00e0ng to\u00e0n qu\u1ed1c  B\u1ea3o h\u00e0nh, b\u1ea3o tr\u00ec nhanh ch\u00f3ng  Cam k\u1ebft ch\u1ea5t l\u01b0\u1ee3ng h\u00e0ng h\u00f3a  Ch\u00ednh s\u00e1ch \u0111\u1ed5i tr\u1ea3 linh ho\u1ea1t\" \/>\n<meta property=\"og:url\" content=\"http:\/\/mau.hoabinhweb.com\/noithat1\/san-pham\/sofa-3-cho-elegance-mau-tu-nhien-vai-xanh\/\" \/>\n<meta property=\"og:site_name\" content=\"N\u1ed9i Th\u1ea5t Ho\u00e0 B\u00ecnh\" \/>\n<meta property=\"og:image\" content=\"http:\/\/mau.hoabinhweb.com\/noithat1\/wp-content\/uploads\/2022\/03\/sanpham12.jpg\" \/>\n\t<meta property=\"og:image:width\" content=\"546\" \/>\n\t<meta property=\"og:image:height\" content=\"546\" \/>\n\t<meta property=\"og:image:type\" content=\"image\/jpeg\" \/>\n<meta name=\"twitter:card\" content=\"summary_large_image\" \/>\n<meta name=\"twitter:label1\" content=\"\u01af\u1edbc t\u00ednh th\u1eddi gian \u0111\u1ecdc\" \/>\n\t<meta name=\"twitter:data1\" content=\"2 ph\u00fat\" \/>\n<script type=\"application\/ld+json\" class=\"yoast-schema-graph\">{\"@context\":\"https:\/\/schema.org\",\"@graph\":[{\"@type\":\"WebSite\",\"@id\":\"http:\/\/mau.hoabinhweb.com\/noithat1\/#website\",\"url\":\"http:\/\/mau.hoabinhweb.com\/noithat1\/\",\"name\":\"N\u1ed9i Th\u1ea5t Ho\u00e0 B\u00ecnh\",\"description\":\"\",\"potentialAction\":[{\"@type\":\"SearchAction\",\"target\":{\"@type\":\"EntryPoint\",\"urlTemplate\":\"http:\/\/mau.hoabinhweb.com\/noithat1\/?s={search_term_string}\"},\"query-input\":\"required name=search_term_string\"}],\"inLanguage\":\"vi\"},{\"@type\":\"ImageObject\",\"@id\":\"http:\/\/mau.hoabinhweb.com\/noithat1\/san-pham\/sofa-3-cho-elegance-mau-tu-nhien-vai-xanh\/#primaryimage\",\"inLanguage\":\"vi\",\"url\":\"http:\/\/mau.hoabinhweb.com\/noithat1\/wp-content\/uploads\/2022\/03\/sanpham12.jpg\",\"contentUrl\":\"http:\/\/mau.hoabinhweb.com\/noithat1\/wp-content\/uploads\/2022\/03\/sanpham12.jpg\",\"width\":546,\"height\":546,\"caption\":\"Sanpham12\"},{\"@type\":\"WebPage\",\"@id\":\"http:\/\/mau.hoabinhweb.com\/noithat1\/san-pham\/sofa-3-cho-elegance-mau-tu-nhien-vai-xanh\/#webpage\",\"url\":\"http:\/\/mau.hoabinhweb.com\/noithat1\/san-pham\/sofa-3-cho-elegance-mau-tu-nhien-vai-xanh\/\",\"name\":\"Sofa 3 ch\u1ed7 Elegance m\u00e0u t\u1ef1 nhi\u00ean, v\u1ea3i xanh - N\u1ed9i Th\u1ea5t Ho\u00e0 B\u00ecnh\",\"isPartOf\":{\"@id\":\"http:\/\/mau.hoabinhweb.com\/noithat1\/#website\"},\"primaryImageOfPage\":{\"@id\":\"http:\/\/mau.hoabinhweb.com\/noithat1\/san-pham\/sofa-3-cho-elegance-mau-tu-nhien-vai-xanh\/#primaryimage\"},\"datePublished\":\"2022-03-23T09:36:01+00:00\",\"dateModified\":\"2022-03-23T09:36:01+00:00\",\"breadcrumb\":{\"@id\":\"http:\/\/mau.hoabinhweb.com\/noithat1\/san-pham\/sofa-3-cho-elegance-mau-tu-nhien-vai-xanh\/#breadcrumb\"},\"inLanguage\":\"vi\",\"potentialAction\":[{\"@type\":\"ReadAction\",\"target\":[\"http:\/\/mau.hoabinhweb.com\/noithat1\/san-pham\/sofa-3-cho-elegance-mau-tu-nhien-vai-xanh\/\"]}]},{\"@type\":\"BreadcrumbList\",\"@id\":\"http:\/\/mau.hoabinhweb.com\/noithat1\/san-pham\/sofa-3-cho-elegance-mau-tu-nhien-vai-xanh\/#breadcrumb\",\"itemListElement\":[{\"@type\":\"ListItem\",\"position\":1,\"name\":\"Trang ch\u1ee7\",\"item\":\"http:\/\/mau.hoabinhweb.com\/noithat1\/\"},{\"@type\":\"ListItem\",\"position\":2,\"name\":\"S\u1ea3n ph\u1ea9m\",\"item\":\"http:\/\/mau.hoabinhweb.com\/noithat1\/san-pham\/\"},{\"@type\":\"ListItem\",\"position\":3,\"name\":\"Tin t\u1ee9c\",\"item\":\"http:\/\/mau.hoabinhweb.com\/noithat1\/tin-tuc\/\"},{\"@type\":\"ListItem\",\"position\":4,\"name\":\"Sofa 3 ch\u1ed7 Elegance m\u00e0u t\u1ef1 nhi\u00ean, v\u1ea3i xanh\"}]}]}<\/script>\n<!-- \/ Yoast SEO plugin. -->","yoast_head_json":{"title":"Sofa 3 ch\u1ed7 Elegance m\u00e0u t\u1ef1 nhi\u00ean, v\u1ea3i xanh - N\u1ed9i Th\u1ea5t Ho\u00e0 B\u00ecnh","robots":{"index":"noindex","follow":"follow","max-snippet":"max-snippet:-1","max-image-preview":"max-image-preview:large","max-video-preview":"max-video-preview:-1"},"og_locale":"vi_VN","og_type":"article","og_title":"Sofa 3 ch\u1ed7 Elegance m\u00e0u t\u1ef1 nhi\u00ean, v\u1ea3i xanh - N\u1ed9i Th\u1ea5t Ho\u00e0 B\u00ecnh","og_description":"H\u00e0ng nh\u1eadp kh\u1ea9u ch\u00ednh h\u00e3ng  H\u1ec7 th\u1ed1ng c\u1eeda h\u00e0ng to\u00e0n qu\u1ed1c  B\u1ea3o h\u00e0nh, b\u1ea3o tr\u00ec nhanh ch\u00f3ng  Cam k\u1ebft ch\u1ea5t l\u01b0\u1ee3ng h\u00e0ng h\u00f3a  Ch\u00ednh s\u00e1ch \u0111\u1ed5i tr\u1ea3 linh ho\u1ea1t","og_url":"http:\/\/mau.hoabinhweb.com\/noithat1\/san-pham\/sofa-3-cho-elegance-mau-tu-nhien-vai-xanh\/","og_site_name":"N\u1ed9i Th\u1ea5t Ho\u00e0 B\u00ecnh","og_image":[{"width":546,"height":546,"url":"http:\/\/mau.hoabinhweb.com\/noithat1\/wp-content\/uploads\/2022\/03\/sanpham12.jpg","type":"image\/jpeg"}],"twitter_card":"summary_large_image","twitter_misc":{"\u01af\u1edbc t\u00ednh th\u1eddi gian \u0111\u1ecdc":"2 ph\u00fat"},"schema":{"@context":"https:\/\/schema.org","@graph":[{"@type":"WebSite","@id":"http:\/\/mau.hoabinhweb.com\/noithat1\/#website","url":"http:\/\/mau.hoabinhweb.com\/noithat1\/","name":"N\u1ed9i Th\u1ea5t Ho\u00e0 B\u00ecnh","description":"","potentialAction":[{"@type":"SearchAction","target":{"@type":"EntryPoint","urlTemplate":"http:\/\/mau.hoabinhweb.com\/noithat1\/?s={search_term_string}"},"query-input":"required name=search_term_string"}],"inLanguage":"vi"},{"@type":"ImageObject","@id":"http:\/\/mau.hoabinhweb.com\/noithat1\/san-pham\/sofa-3-cho-elegance-mau-tu-nhien-vai-xanh\/#primaryimage","inLanguage":"vi","url":"http:\/\/mau.hoabinhweb.com\/noithat1\/wp-content\/uploads\/2022\/03\/sanpham12.jpg","contentUrl":"http:\/\/mau.hoabinhweb.com\/noithat1\/wp-content\/uploads\/2022\/03\/sanpham12.jpg","width":546,"height":546,"caption":"Sanpham12"},{"@type":"WebPage","@id":"http:\/\/mau.hoabinhweb.com\/noithat1\/san-pham\/sofa-3-cho-elegance-mau-tu-nhien-vai-xanh\/#webpage","url":"http:\/\/mau.hoabinhweb.com\/noithat1\/san-pham\/sofa-3-cho-elegance-mau-tu-nhien-vai-xanh\/","name":"Sofa 3 ch\u1ed7 Elegance m\u00e0u t\u1ef1 nhi\u00ean, v\u1ea3i xanh - N\u1ed9i Th\u1ea5t Ho\u00e0 B\u00ecnh","isPartOf":{"@id":"http:\/\/mau.hoabinhweb.com\/noithat1\/#website"},"primaryImageOfPage":{"@id":"http:\/\/mau.hoabinhweb.com\/noithat1\/san-pham\/sofa-3-cho-elegance-mau-tu-nhien-vai-xanh\/#primaryimage"},"datePublished":"2022-03-23T09:36:01+00:00","dateModified":"2022-03-23T09:36:01+00:00","breadcrumb":{"@id":"http:\/\/mau.hoabinhweb.com\/noithat1\/san-pham\/sofa-3-cho-elegance-mau-tu-nhien-vai-xanh\/#breadcrumb"},"inLanguage":"vi","potentialAction":[{"@type":"ReadAction","target":["http:\/\/mau.hoabinhweb.com\/noithat1\/san-pham\/sofa-3-cho-elegance-mau-tu-nhien-vai-xanh\/"]}]},{"@type":"BreadcrumbList","@id":"http:\/\/mau.hoabinhweb.com\/noithat1\/san-pham\/sofa-3-cho-elegance-mau-tu-nhien-vai-xanh\/#breadcrumb","itemListElement":[{"@type":"ListItem","position":1,"name":"Trang ch\u1ee7","item":"http:\/\/mau.hoabinhweb.com\/noithat1\/"},{"@type":"ListItem","position":2,"name":"S\u1ea3n ph\u1ea9m","item":"http:\/\/mau.hoabinhweb.com\/noithat1\/san-pham\/"},{"@type":"ListItem","position":3,"name":"Tin t\u1ee9c","item":"http:\/\/mau.hoabinhweb.com\/noithat1\/tin-tuc\/"},{"@type":"ListItem","position":4,"name":"Sofa 3 ch\u1ed7 Elegance m\u00e0u t\u1ef1 nhi\u00ean, v\u1ea3i xanh"}]}]}},"_links":{"self":[{"href":"http:\/\/mau.hoabinhweb.com\/noithat1\/wp-json\/wp\/v2\/product\/87","targetHints":{"allow":["GET"]}}],"collection":[{"href":"http:\/\/mau.hoabinhweb.com\/noithat1\/wp-json\/wp\/v2\/product"}],"about":[{"href":"http:\/\/mau.hoabinhweb.com\/noithat1\/wp-json\/wp\/v2\/types\/product"}],"replies":[{"embeddable":true,"href":"http:\/\/mau.hoabinhweb.com\/noithat1\/wp-json\/wp\/v2\/comments?post=87"}],"wp:featuredmedia":[{"embeddable":true,"href":"http:\/\/mau.hoabinhweb.com\/noithat1\/wp-json\/wp\/v2\/media\/91"}],"wp:attachment":[{"href":"http:\/\/mau.hoabinhweb.com\/noithat1\/wp-json\/wp\/v2\/media?parent=87"}],"wp:term":[{"taxonomy":"product_cat","embeddable":true,"href":"http:\/\/mau.hoabinhweb.com\/noithat1\/wp-json\/wp\/v2\/product_cat?post=87"},{"taxonomy":"product_tag","embeddable":true,"href":"http:\/\/mau.hoabinhweb.com\/noithat1\/wp-json\/wp\/v2\/product_tag?post=87"}],"curies":[{"name":"wp","href":"https:\/\/api.w.org\/{rel}","templated":true}]}}