{"id":66,"date":"2022-03-23T09:19:56","date_gmt":"2022-03-23T09:19:56","guid":{"rendered":"https:\/\/noithatphuongviet.com\/?post_type=product&amp;p=66"},"modified":"2022-03-23T09:19:56","modified_gmt":"2022-03-23T09:19:56","slug":"sofa-goc-giovanni","status":"publish","type":"product","link":"http:\/\/mau.hoabinhweb.com\/noithat1\/san-pham\/sofa-goc-giovanni\/","title":{"rendered":"Sofa g\u00f3c Giovanni"},"content":{"rendered":"<p><strong>Ngu\u1ed3n g\u1ed1c:\u00a0<\/strong>DAVINCI, Italia &#8211;\u00a0th\u01b0\u01a1ng hi\u1ec7u s\u1ea3n xu\u1ea5t Sofa\u00a0phong c\u00e1ch \u00dd \u0111\u01b0\u1ee3c ch\u1ebf t\u1ea1o theo thi\u1ebft k\u1ebf c\u1ee7a Torino Design Studio &#8211; m\u1ed9t trong nh\u1eefng ph\u00f2ng thi\u1ebft k\u1ebf danh ti\u1ebfng nh\u1ea5t c\u1ee7a \u0111\u1ea5t n\u01b0\u1edbc h\u00ecnh chi\u1ebfc \u1ee7ng.<\/p>\n<p><strong>Ch\u1ea5t li\u1ec7u:<\/strong>\u00a0s\u1eed d\u1ee5ng 100% nguy\u00ean li\u1ec7u ch\u00ednh nh\u1eadp kh\u1ea9u t\u1eeb Italy, trong \u0111\u00f3 da b\u00f2 th\u1eadt do GM company &#8211; h\u00e3ng s\u1ea3n xu\u1ea5t da th\u1eadt s\u1ed1 1 Italy cung c\u1ea5p.<\/p>\n<ul>\n<li>3 Seater: 1840*990*870 mm<\/li>\n<li>Chaise: 1060\u00a0*1640*870 mm<\/li>\n<li>Coffee Table: 350*950*460 mm<\/li>\n<\/ul>\n<p><strong>Thi\u1ebft k\u1ebf:\u00a0<\/strong><\/p>\n<p>N\u1eb1m trong b\u1ed9 s\u01b0u t\u1eadp \u201cDavinci Collection 2021\u201d, m\u1eabu Sofa da th\u1eadt SKYLINE mang thi\u1ebft k\u1ebf hi\u1ec7n \u0111\u1ea1i, sang tr\u1ecdng, l\u00e0 \u0111i\u1ec3m nh\u1ea5n \u201c\u0111\u1eaft gi\u00e1\u201d cho b\u1ea5t k\u1ef3 c\u0103n ph\u00f2ng n\u00e0o m\u00e0 n\u00f3 hi\u1ec7n di\u1ec7n, d\u1eabn l\u1ed1i qu\u00fd kh\u00e1ch \u0111\u1ebfn m\u1ed9t kh\u00f4ng gian s\u1ed1ng th\u1eddi th\u01b0\u1ee3ng, ti\u1ec7n nghi v\u01b0\u1ee3t xa mong \u0111\u1ee3i.<\/p>\n<p>Sofa da Skyline c\u00f3 th\u1ec3 thu h\u00fat m\u1ecdi \u00e1nh nh\u00ecn v\u1edbi s\u1ef1 \u0111\u1eb3ng c\u1ea5p to\u00e1t l\u00ean trong t\u1eebng chi ti\u1ebft, t\u00f4n l\u00ean v\u1ebb \u0111\u1eb9p th\u1eddi th\u01b0\u1ee3ng, thanh l\u1ecbch cho kh\u00f4ng gian. M\u1eabu Sofa t\u01b0\u1ee3ng tr\u01b0ng cho n\u00e9t ph\u00f3ng kho\u00e1ng, l\u1ea1i pha ch\u00fat nh\u1eb9 nh\u00e0ng, nh\u01b0 m\u1ed9t b\u1ea3n nh\u1ea1c tr\u1ea7m b\u1ed5ng khi\u1ebfn m\u1ecdi ng\u01b0\u1eddi ng\u00e2y ng\u1ea5t.<\/p>\n<p>M\u1eabu Gh\u1ebf Sofa da th\u1eadt Skyline \u0111\u01b0\u1ee3c thi\u1ebft k\u1ebf chau chu\u1ed1t t\u1eeb t\u1ed5ng th\u1ec3 cho t\u1edbi chi ti\u1ebft, kh\u00f4ng c\u00f3 b\u1ea5t k\u1ef3 chi ti\u1ebft r\u01b0\u1eddm r\u00e0, th\u1eeba th\u00e3i, t\u1ea5t c\u1ea3 \u0111\u1ec1u \u0111\u01b0\u1ee3c tinh g\u1ecdn m\u1ed9t c\u00e1ch t\u1ed1i gi\u1ea3n mang t\u1edbi v\u1ebb \u0111\u1eb9p ho\u00e0n h\u1ea3o.<\/p>\n<p>\u0110\u1eb7c bi\u1ec7t Skyline c\u00f2n mang \u0111\u1ebfn tr\u1ea3i nghi\u1ec7m m\u1ec1m m\u1ea1i, m\u1ecbn m\u00e0ng nh\u1edd l\u1edbp da th\u1eadt cao c\u1ea5p. Ph\u1ea7n da tr\u1ea3i qua quy tr\u00ecnh thu\u1ed9c da k\u1ef3 c\u00f4ng c\u1ee7a \u00dd, kh\u00f4ng s\u1eed d\u1ee5ng h\u00f3a ch\u1ea5t \u0111\u1ed9c h\u1ea1i, \u0111\u1ea3m b\u1ea3o an to\u00e0n t\u1ed1i \u0111a cho ng\u01b0\u1eddi d\u00f9ng.<\/p>\n<p>Ph\u1ea7n \u0111\u1ec7m ng\u1ed3i \u0111\u01b0\u1ee3c c\u1ea5u t\u1ea1o t\u1eeb \u0111\u1ec7m m\u00fat 3 l\u1edbp v\u00f4 c\u00f9ng \u00eam \u00e1i, t\u0103ng t\u00ednh n\u0103ng \u0111\u00e0n h\u1ed3i, gi\u00fap kh\u00e1ch h\u00e0ng c\u00f3 \u0111\u01b0\u1ee3c c\u1ea3m gi\u00e1c th\u01b0 gi\u00e3n b\u1ea5t t\u1eadn sau m\u1ed9t ng\u00e0y d\u00e0i m\u1ec7t m\u1ecfi.<\/p>\n<p>T\u1ef1a l\u01b0ng \u0111\u01b0\u1ee3c nghi\u00ean c\u1ee9u d\u1ef1a tr\u00ean c\u00e1c \u0111i\u1ec3m d\u1ec5 t\u1ed5n th\u01b0\u01a1ng c\u1ee7a c\u01a1 th\u1ec3 nh\u01b0 c\u1ed5, vai g\u00e1y, thi\u1ebft k\u1ebf v\u1edbi m\u1ee9c \u0111\u1ed9 l\u00e0m \u0111\u1ea7y kh\u00e1c nhau, \u00f4m kh\u00edt l\u1ea5y c\u1ed9t s\u1ed1ng l\u01b0ng gi\u00fap t\u1ed1i \u01b0u h\u00f3a b\u1ec1 m\u1eb7t ti\u1ebfp x\u00fac gi\u1eefa gh\u1ebf sofa v\u00e0 c\u01a1 th\u1ec3 ng\u01b0\u1eddi dung, \u0111em l\u1ea1i s\u1ef1 d\u1ec5 ch\u1ecbu v\u00e0 tho\u1ea3i m\u00e1i nh\u1ea5t.<\/p>\n<p>C\u1ea5u t\u1ea1o ph\u1ea7n ch\u00e2n gh\u1ebf v\u1edbi ch\u1ea5t li\u1ec7u kim lo\u1ea1i \u0111\u01b0\u1ee3c thi\u1ebft k\u1ebf thanh m\u1ea3nh nh\u01b0ng v\u00f4 c\u00f9ng ch\u1eafc ch\u1eafn, kh\u00f4ng ch\u1ec9 ho\u00e0n thi\u1ec7n n\u00e9t \u0111\u1eb9p cu\u1ed1n h\u00fat c\u1ee7a b\u1ed9 gh\u1ebf Sofa m\u00e0 c\u00f2n d\u1ec5 d\u00e0ng di chuy\u1ec3n khi c\u1ea7n thi\u1ebft.<\/p>\n<p>S\u1ea3n ph\u1ea9m \u0111\u01b0\u1ee3c ph\u00e2n ph\u1ed1i \u0111\u1ed9c quy\u1ec1n b\u1edfi N\u1ed9i th\u1ea5t Ho\u00e0 B\u00ecnh v\u00e0 hi\u1ec7n \u0111ang c\u00f3 s\u1eb5n t\u1ea1i Showroom c\u1ee7a ch\u00fang t\u00f4i. H\u00e3y gh\u00e9 Ph\u01b0\u01a1ng Vi\u1ec7t ngay h\u00f4m nay \u0111\u1ec3 tr\u1ef1c ti\u1ebfp tr\u1ea3i nghi\u1ec7m v\u00e0 \u0111\u1eb7t mua s\u1ea3n ph\u1ea9m v\u1edbi m\u1ee9c gi\u00e1 v\u00f4 c\u00f9ng h\u1ea5p d\u1eabn.<\/p>\n","protected":false},"excerpt":{"rendered":"<ul>\n<li>H\u00e0ng nh\u1eadp kh\u1ea9u ch\u00ednh h\u00e3ng<\/li>\n<li>H\u1ec7 th\u1ed1ng c\u1eeda h\u00e0ng to\u00e0n qu\u1ed1c<\/li>\n<li>B\u1ea3o h\u00e0nh, b\u1ea3o tr\u00ec nhanh ch\u00f3ng<\/li>\n<li>Cam k\u1ebft ch\u1ea5t l\u01b0\u1ee3ng h\u00e0ng h\u00f3a<\/li>\n<li>Ch\u00ednh s\u00e1ch \u0111\u1ed5i tr\u1ea3 linh ho\u1ea1t<\/li>\n<\/ul>\n","protected":false},"featured_media":75,"comment_status":"closed","ping_status":"closed","template":"","meta":[],"product_cat":[17,18,19,20,21,22,23,24,25,26,27,28,29,30,31],"product_tag":[],"class_list":["post-66","product","type-product","status-publish","has-post-thumbnail","hentry","product_cat-ban-an-go-cao-su","product_cat-ban-an-go-soi","product_cat-ban-an-nhap-khau","product_cat-ban-an-thong-minh","product_cat-ban-mat-da","product_cat-ket-sat-han-quoc","product_cat-ket-sat-nhap-khau","product_cat-ket-sat-viet-tiep","product_cat-rem-manh-han-quoc","product_cat-san-pham-ban-chay","product_cat-sofa-chu-l","product_cat-sofa-da","product_cat-sofa-nhap-khau","product_cat-sofa-ni","product_cat-sofa-vang"],"yoast_head":"<!-- This site is optimized with the Yoast SEO plugin v18.3 - https:\/\/yoast.com\/wordpress\/plugins\/seo\/ -->\n<title>Sofa g\u00f3c Giovanni - N\u1ed9i Th\u1ea5t Ho\u00e0 B\u00ecnh<\/title>\n<meta name=\"robots\" content=\"noindex, follow, max-snippet:-1, max-image-preview:large, max-video-preview:-1\" \/>\n<meta property=\"og:locale\" content=\"vi_VN\" \/>\n<meta property=\"og:type\" content=\"article\" \/>\n<meta property=\"og:title\" content=\"Sofa g\u00f3c Giovanni - N\u1ed9i Th\u1ea5t Ho\u00e0 B\u00ecnh\" \/>\n<meta property=\"og:description\" content=\"H\u00e0ng nh\u1eadp kh\u1ea9u ch\u00ednh h\u00e3ng  H\u1ec7 th\u1ed1ng c\u1eeda h\u00e0ng to\u00e0n qu\u1ed1c  B\u1ea3o h\u00e0nh, b\u1ea3o tr\u00ec nhanh ch\u00f3ng  Cam k\u1ebft ch\u1ea5t l\u01b0\u1ee3ng h\u00e0ng h\u00f3a  Ch\u00ednh s\u00e1ch \u0111\u1ed5i tr\u1ea3 linh ho\u1ea1t\" \/>\n<meta property=\"og:url\" content=\"http:\/\/mau.hoabinhweb.com\/noithat1\/san-pham\/sofa-goc-giovanni\/\" \/>\n<meta property=\"og:site_name\" content=\"N\u1ed9i Th\u1ea5t Ho\u00e0 B\u00ecnh\" \/>\n<meta property=\"og:image\" content=\"http:\/\/mau.hoabinhweb.com\/noithat1\/wp-content\/uploads\/2022\/03\/sanpham2.jpg\" \/>\n\t<meta property=\"og:image:width\" content=\"485\" \/>\n\t<meta property=\"og:image:height\" content=\"484\" \/>\n\t<meta property=\"og:image:type\" content=\"image\/jpeg\" \/>\n<meta name=\"twitter:card\" content=\"summary_large_image\" \/>\n<meta name=\"twitter:label1\" content=\"\u01af\u1edbc t\u00ednh th\u1eddi gian \u0111\u1ecdc\" \/>\n\t<meta name=\"twitter:data1\" content=\"3 ph\u00fat\" \/>\n<script type=\"application\/ld+json\" class=\"yoast-schema-graph\">{\"@context\":\"https:\/\/schema.org\",\"@graph\":[{\"@type\":\"WebSite\",\"@id\":\"http:\/\/mau.hoabinhweb.com\/noithat1\/#website\",\"url\":\"http:\/\/mau.hoabinhweb.com\/noithat1\/\",\"name\":\"N\u1ed9i Th\u1ea5t Ho\u00e0 B\u00ecnh\",\"description\":\"\",\"potentialAction\":[{\"@type\":\"SearchAction\",\"target\":{\"@type\":\"EntryPoint\",\"urlTemplate\":\"http:\/\/mau.hoabinhweb.com\/noithat1\/?s={search_term_string}\"},\"query-input\":\"required name=search_term_string\"}],\"inLanguage\":\"vi\"},{\"@type\":\"ImageObject\",\"@id\":\"http:\/\/mau.hoabinhweb.com\/noithat1\/san-pham\/sofa-goc-giovanni\/#primaryimage\",\"inLanguage\":\"vi\",\"url\":\"http:\/\/mau.hoabinhweb.com\/noithat1\/wp-content\/uploads\/2022\/03\/sanpham2.jpg\",\"contentUrl\":\"http:\/\/mau.hoabinhweb.com\/noithat1\/wp-content\/uploads\/2022\/03\/sanpham2.jpg\",\"width\":485,\"height\":484,\"caption\":\"Sanpham2\"},{\"@type\":\"WebPage\",\"@id\":\"http:\/\/mau.hoabinhweb.com\/noithat1\/san-pham\/sofa-goc-giovanni\/#webpage\",\"url\":\"http:\/\/mau.hoabinhweb.com\/noithat1\/san-pham\/sofa-goc-giovanni\/\",\"name\":\"Sofa g\u00f3c Giovanni - N\u1ed9i Th\u1ea5t Ho\u00e0 B\u00ecnh\",\"isPartOf\":{\"@id\":\"http:\/\/mau.hoabinhweb.com\/noithat1\/#website\"},\"primaryImageOfPage\":{\"@id\":\"http:\/\/mau.hoabinhweb.com\/noithat1\/san-pham\/sofa-goc-giovanni\/#primaryimage\"},\"datePublished\":\"2022-03-23T09:19:56+00:00\",\"dateModified\":\"2022-03-23T09:19:56+00:00\",\"breadcrumb\":{\"@id\":\"http:\/\/mau.hoabinhweb.com\/noithat1\/san-pham\/sofa-goc-giovanni\/#breadcrumb\"},\"inLanguage\":\"vi\",\"potentialAction\":[{\"@type\":\"ReadAction\",\"target\":[\"http:\/\/mau.hoabinhweb.com\/noithat1\/san-pham\/sofa-goc-giovanni\/\"]}]},{\"@type\":\"BreadcrumbList\",\"@id\":\"http:\/\/mau.hoabinhweb.com\/noithat1\/san-pham\/sofa-goc-giovanni\/#breadcrumb\",\"itemListElement\":[{\"@type\":\"ListItem\",\"position\":1,\"name\":\"Trang ch\u1ee7\",\"item\":\"http:\/\/mau.hoabinhweb.com\/noithat1\/\"},{\"@type\":\"ListItem\",\"position\":2,\"name\":\"S\u1ea3n ph\u1ea9m\",\"item\":\"http:\/\/mau.hoabinhweb.com\/noithat1\/san-pham\/\"},{\"@type\":\"ListItem\",\"position\":3,\"name\":\"Tin t\u1ee9c\",\"item\":\"http:\/\/mau.hoabinhweb.com\/noithat1\/tin-tuc\/\"},{\"@type\":\"ListItem\",\"position\":4,\"name\":\"Sofa g\u00f3c Giovanni\"}]}]}<\/script>\n<!-- \/ Yoast SEO plugin. -->","yoast_head_json":{"title":"Sofa g\u00f3c Giovanni - N\u1ed9i Th\u1ea5t Ho\u00e0 B\u00ecnh","robots":{"index":"noindex","follow":"follow","max-snippet":"max-snippet:-1","max-image-preview":"max-image-preview:large","max-video-preview":"max-video-preview:-1"},"og_locale":"vi_VN","og_type":"article","og_title":"Sofa g\u00f3c Giovanni - N\u1ed9i Th\u1ea5t Ho\u00e0 B\u00ecnh","og_description":"H\u00e0ng nh\u1eadp kh\u1ea9u ch\u00ednh h\u00e3ng  H\u1ec7 th\u1ed1ng c\u1eeda h\u00e0ng to\u00e0n qu\u1ed1c  B\u1ea3o h\u00e0nh, b\u1ea3o tr\u00ec nhanh ch\u00f3ng  Cam k\u1ebft ch\u1ea5t l\u01b0\u1ee3ng h\u00e0ng h\u00f3a  Ch\u00ednh s\u00e1ch \u0111\u1ed5i tr\u1ea3 linh ho\u1ea1t","og_url":"http:\/\/mau.hoabinhweb.com\/noithat1\/san-pham\/sofa-goc-giovanni\/","og_site_name":"N\u1ed9i Th\u1ea5t Ho\u00e0 B\u00ecnh","og_image":[{"width":485,"height":484,"url":"http:\/\/mau.hoabinhweb.com\/noithat1\/wp-content\/uploads\/2022\/03\/sanpham2.jpg","type":"image\/jpeg"}],"twitter_card":"summary_large_image","twitter_misc":{"\u01af\u1edbc t\u00ednh th\u1eddi gian \u0111\u1ecdc":"3 ph\u00fat"},"schema":{"@context":"https:\/\/schema.org","@graph":[{"@type":"WebSite","@id":"http:\/\/mau.hoabinhweb.com\/noithat1\/#website","url":"http:\/\/mau.hoabinhweb.com\/noithat1\/","name":"N\u1ed9i Th\u1ea5t Ho\u00e0 B\u00ecnh","description":"","potentialAction":[{"@type":"SearchAction","target":{"@type":"EntryPoint","urlTemplate":"http:\/\/mau.hoabinhweb.com\/noithat1\/?s={search_term_string}"},"query-input":"required name=search_term_string"}],"inLanguage":"vi"},{"@type":"ImageObject","@id":"http:\/\/mau.hoabinhweb.com\/noithat1\/san-pham\/sofa-goc-giovanni\/#primaryimage","inLanguage":"vi","url":"http:\/\/mau.hoabinhweb.com\/noithat1\/wp-content\/uploads\/2022\/03\/sanpham2.jpg","contentUrl":"http:\/\/mau.hoabinhweb.com\/noithat1\/wp-content\/uploads\/2022\/03\/sanpham2.jpg","width":485,"height":484,"caption":"Sanpham2"},{"@type":"WebPage","@id":"http:\/\/mau.hoabinhweb.com\/noithat1\/san-pham\/sofa-goc-giovanni\/#webpage","url":"http:\/\/mau.hoabinhweb.com\/noithat1\/san-pham\/sofa-goc-giovanni\/","name":"Sofa g\u00f3c Giovanni - N\u1ed9i Th\u1ea5t Ho\u00e0 B\u00ecnh","isPartOf":{"@id":"http:\/\/mau.hoabinhweb.com\/noithat1\/#website"},"primaryImageOfPage":{"@id":"http:\/\/mau.hoabinhweb.com\/noithat1\/san-pham\/sofa-goc-giovanni\/#primaryimage"},"datePublished":"2022-03-23T09:19:56+00:00","dateModified":"2022-03-23T09:19:56+00:00","breadcrumb":{"@id":"http:\/\/mau.hoabinhweb.com\/noithat1\/san-pham\/sofa-goc-giovanni\/#breadcrumb"},"inLanguage":"vi","potentialAction":[{"@type":"ReadAction","target":["http:\/\/mau.hoabinhweb.com\/noithat1\/san-pham\/sofa-goc-giovanni\/"]}]},{"@type":"BreadcrumbList","@id":"http:\/\/mau.hoabinhweb.com\/noithat1\/san-pham\/sofa-goc-giovanni\/#breadcrumb","itemListElement":[{"@type":"ListItem","position":1,"name":"Trang ch\u1ee7","item":"http:\/\/mau.hoabinhweb.com\/noithat1\/"},{"@type":"ListItem","position":2,"name":"S\u1ea3n ph\u1ea9m","item":"http:\/\/mau.hoabinhweb.com\/noithat1\/san-pham\/"},{"@type":"ListItem","position":3,"name":"Tin t\u1ee9c","item":"http:\/\/mau.hoabinhweb.com\/noithat1\/tin-tuc\/"},{"@type":"ListItem","position":4,"name":"Sofa g\u00f3c Giovanni"}]}]}},"_links":{"self":[{"href":"http:\/\/mau.hoabinhweb.com\/noithat1\/wp-json\/wp\/v2\/product\/66","targetHints":{"allow":["GET"]}}],"collection":[{"href":"http:\/\/mau.hoabinhweb.com\/noithat1\/wp-json\/wp\/v2\/product"}],"about":[{"href":"http:\/\/mau.hoabinhweb.com\/noithat1\/wp-json\/wp\/v2\/types\/product"}],"replies":[{"embeddable":true,"href":"http:\/\/mau.hoabinhweb.com\/noithat1\/wp-json\/wp\/v2\/comments?post=66"}],"wp:featuredmedia":[{"embeddable":true,"href":"http:\/\/mau.hoabinhweb.com\/noithat1\/wp-json\/wp\/v2\/media\/75"}],"wp:attachment":[{"href":"http:\/\/mau.hoabinhweb.com\/noithat1\/wp-json\/wp\/v2\/media?parent=66"}],"wp:term":[{"taxonomy":"product_cat","embeddable":true,"href":"http:\/\/mau.hoabinhweb.com\/noithat1\/wp-json\/wp\/v2\/product_cat?post=66"},{"taxonomy":"product_tag","embeddable":true,"href":"http:\/\/mau.hoabinhweb.com\/noithat1\/wp-json\/wp\/v2\/product_tag?post=66"}],"curies":[{"name":"wp","href":"https:\/\/api.w.org\/{rel}","templated":true}]}}