{"id":321,"date":"2022-10-26T22:28:09","date_gmt":"2022-10-26T15:28:09","guid":{"rendered":"https:\/\/mau.hoabinhweb.com\/mythuat2\/?post_type=product&#038;p=321"},"modified":"2022-10-27T08:10:28","modified_gmt":"2022-10-27T01:10:28","slug":"flower-market-set-03","status":"publish","type":"product","link":"http:\/\/mau.hoabinhweb.com\/mythuat2\/san-pham\/flower-market-set-03\/","title":{"rendered":"Flower market Set 03"},"content":{"rendered":"<p><strong>B\u1ed9 tranh HOUSE PLANTS g\u1ed3m 2 tranh c\u00f9ng k\u00edch th\u01b0\u1edbc v\u00e0 m\u00e0u khung v\u1edbi 2 l\u1ef1a ch\u1ecdn v\u1ec1 ho\u00e0n thi\u1ec7n tranh d\u00e0nh cho b\u1ea1n:<\/strong><\/p>\n<p><strong>1. TRANH K\u00cdNH:<\/strong><\/p>\n<p>Tranh \u0111\u01b0\u1ee3c in k\u1ef9 thu\u1eadt s\u1ed1 tr\u00ean tr\u00ean gi\u1ea5y in \u1ea3nh cao c\u1ea5p s\u1eafc n\u00e9t v\u00e0 b\u1ec1n m\u00e0u. Khung tranh d\u00e0y 3cm, b\u1ea3n\u00a01.5cm\u00a0\u0111\u01b0\u1ee3c l\u00e0m t\u1eeb g\u1ed7 th\u00f4ng t\u1ef1 nhi\u00ean v\u1edbi 3 l\u1ef1a ch\u1ecdn m\u00e0u, k\u00ednh v\u1edbi \u0111\u1ed9 d\u00e0y 2mm \u0111\u1ea3m b\u1ea3o an to\u00e0n v\u1ec1 \u0111\u1ed9 nh\u1eb9 khi treo, \u0111\u1ed3ng th\u1eddi t\u1eadn d\u1ee5ng s\u1ef1 sang tr\u1ecdng c\u1ee7a ch\u1ea5t li\u1ec7u k\u00ednh.<\/p>\n<p><strong>*L\u01b0u\u00a0\u00fd:<\/strong>\u00a0\u0110\u1ed1i v\u1edbi tranh giao \u0111\u1ebfn nh\u1eefng \u0111\u1ecba ch\u1ec9 b\u00ean ngo\u00e0i S\u00e0i G\u00f2n, Cyantific s\u1ebd thay k\u00ednh b\u1eb1ng mica v\u1edbi \u0111\u1ed9 d\u00e0y v\u00e0 th\u1ea9m m\u1ef9 t\u01b0\u01a1ng \u0111\u01b0\u01a1ng. Mica trong su\u1ed1t thay k\u00ednh d\u1ec5 l\u1eafp \u0111\u1eb7t, b\u1ea3o qu\u1ea3n thu\u1eadn ti\u1ec7n, nh\u1eb9 v\u00e0 an to\u00e0n tr\u01b0\u1edbc m\u1ecdi nguy c\u01a1 kh\u00e1ch quan khi di v\u1eadn chuy\u1ec3n.<\/p>\n<p><strong>2. TRANH CANVAS:<\/strong><\/p>\n<p>Tranh \u0111\u01b0\u1ee3c in tr\u00ean v\u1ea3i canvas,\u00a0c\u1ed1 \u0111\u1ecbnh v\u00e0o t\u1ea5m n\u1ec1n v\u00e0 \u0111\u01b0\u1ee3c vi\u1ec1n b\u1eb1ng khung g\u1ed7 th\u00f4ng\u00a0d\u00e0y 3cm, b\u1ea3n m\u1ecfng 0.5cm v\u1edbi 2 l\u1ef1a ch\u1ecdn m\u00e0u. \u01afu \u0111i\u1ec3m c\u1ee7a tranh canvas l\u00e0 kh\u00f4ng b\u1ecb ph\u1ea3n chi\u1ebfu, an to\u00e0n trong v\u1eadn chuy\u1ec3n xa, vi\u1ec1n khung m\u1ecfng \u0111\u1ed3ng th\u1eddi nh\u1eb9 v\u00e0 d\u1ec5 l\u1eafp \u0111\u1eb7t.<\/p>\n<p><strong>V\u1edbi thi\u1ebft k\u1ebf c\u1eadp nh\u1eadt\u00a0v\u00e0 t\u00ednh \u1ee9ng d\u1ee5ng cao, tranh c\u1ee7a Cyantific\u00a0c\u00f3 th\u1ec3 d\u1ec5 d\u00e0ng k\u1ebft h\u1ee3p v\u1edbi c\u00e1c phong c\u00e1ch trang tr\u00ed hi\u1ec7n nay. \u0110\u1ec3 hi\u1ec3u th\u00eam v\u1ec1 khung tranh v\u00e0 k\u00edch th\u01b0\u1edbc vui l\u00f2ng xem\u00a0trang n\u00e0y.\u00a0<\/strong><\/p>\n","protected":false},"excerpt":{"rendered":"<ul>\n<li>Gi\u1ea5y &amp; m\u1ef1c in k\u1ef9 thu\u1eadt s\u1ed1 ch\u1ea5t l\u01b0\u1ee3ng cao<\/li>\n<li>T\u1eb7ng k\u00e8m \u0111inh 4 ch\u00e2n d\u1ec5 d\u00e0ng l\u1eafp \u0111\u1eb7t<\/li>\n<li>Giao h\u00e0ng t\u1eeb 2-5 ng\u00e0y l\u00e0m vi\u1ec7c (tr\u1eeb ch\u1ee7 nh\u1eadt)<\/li>\n<li>Mi\u1ec5n ph\u00ed v\u1eabn chuy\u1ec3n cho \u0111\u01a1n h\u00e0ng tr\u00ean 5 tri\u1ec7u<\/li>\n<\/ul>\n","protected":false},"featured_media":35,"comment_status":"closed","ping_status":"closed","template":"","meta":[],"product_cat":[15,23,19,21,30,18,22,17,20],"product_tag":[],"class_list":["post-321","product","type-product","status-publish","has-post-thumbnail","hentry","product_cat-vua-len-ke","product_cat-ban-do-thanh-pho","product_cat-bo-suu-tap","product_cat-hoa-la","product_cat-san-pham-duoc-yeu-thich","product_cat-tranh-bo","product_cat-tranh-cho-be","product_cat-tranh-roi","product_cat-tranh-truu-tuong"],"yoast_head":"<!-- This site is optimized with the Yoast SEO plugin v18.3 - https:\/\/yoast.com\/wordpress\/plugins\/seo\/ -->\n<title>Flower market Set 03 - Ho\u00e0 B\u00ecnh Web<\/title>\n<meta name=\"robots\" content=\"noindex, follow, max-snippet:-1, max-image-preview:large, max-video-preview:-1\" \/>\n<meta property=\"og:locale\" content=\"vi_VN\" \/>\n<meta property=\"og:type\" content=\"article\" \/>\n<meta property=\"og:title\" content=\"Flower market Set 03 - Ho\u00e0 B\u00ecnh Web\" \/>\n<meta property=\"og:description\" content=\"Gi\u1ea5y &amp; m\u1ef1c in k\u1ef9 thu\u1eadt s\u1ed1 ch\u1ea5t l\u01b0\u1ee3ng cao  T\u1eb7ng k\u00e8m \u0111inh 4 ch\u00e2n d\u1ec5 d\u00e0ng l\u1eafp \u0111\u1eb7t  Giao h\u00e0ng t\u1eeb 2-5 ng\u00e0y l\u00e0m vi\u1ec7c (tr\u1eeb ch\u1ee7 nh\u1eadt)  Mi\u1ec5n ph\u00ed v\u1eabn chuy\u1ec3n cho \u0111\u01a1n h\u00e0ng tr\u00ean 5 tri\u1ec7u\" \/>\n<meta property=\"og:url\" content=\"http:\/\/mau.hoabinhweb.com\/mythuat2\/san-pham\/flower-market-set-03\/\" \/>\n<meta property=\"og:site_name\" content=\"Ho\u00e0 B\u00ecnh Web\" \/>\n<meta property=\"article:modified_time\" content=\"2022-10-27T01:10:28+00:00\" \/>\n<meta property=\"og:image\" content=\"http:\/\/mau.hoabinhweb.com\/mythuat2\/wp-content\/uploads\/2022\/10\/sanpham6.jpg\" \/>\n\t<meta property=\"og:image:width\" content=\"800\" \/>\n\t<meta property=\"og:image:height\" content=\"800\" \/>\n\t<meta property=\"og:image:type\" content=\"image\/jpeg\" \/>\n<meta name=\"twitter:card\" content=\"summary_large_image\" \/>\n<meta name=\"twitter:label1\" content=\"\u01af\u1edbc t\u00ednh th\u1eddi gian \u0111\u1ecdc\" \/>\n\t<meta name=\"twitter:data1\" content=\"2 ph\u00fat\" \/>\n<script type=\"application\/ld+json\" class=\"yoast-schema-graph\">{\"@context\":\"https:\/\/schema.org\",\"@graph\":[{\"@type\":\"WebSite\",\"@id\":\"https:\/\/mau.hoabinhweb.com\/mythuat2\/#website\",\"url\":\"https:\/\/mau.hoabinhweb.com\/mythuat2\/\",\"name\":\"Ho\u00e0 B\u00ecnh Web\",\"description\":\"\",\"potentialAction\":[{\"@type\":\"SearchAction\",\"target\":{\"@type\":\"EntryPoint\",\"urlTemplate\":\"https:\/\/mau.hoabinhweb.com\/mythuat2\/?s={search_term_string}\"},\"query-input\":\"required name=search_term_string\"}],\"inLanguage\":\"vi\"},{\"@type\":\"ImageObject\",\"@id\":\"http:\/\/mau.hoabinhweb.com\/mythuat2\/san-pham\/flower-market-set-03\/#primaryimage\",\"inLanguage\":\"vi\",\"url\":\"http:\/\/mau.hoabinhweb.com\/mythuat2\/wp-content\/uploads\/2022\/10\/sanpham6.jpg\",\"contentUrl\":\"http:\/\/mau.hoabinhweb.com\/mythuat2\/wp-content\/uploads\/2022\/10\/sanpham6.jpg\",\"width\":800,\"height\":800,\"caption\":\"Sanpham6\"},{\"@type\":\"WebPage\",\"@id\":\"http:\/\/mau.hoabinhweb.com\/mythuat2\/san-pham\/flower-market-set-03\/#webpage\",\"url\":\"http:\/\/mau.hoabinhweb.com\/mythuat2\/san-pham\/flower-market-set-03\/\",\"name\":\"Flower market Set 03 - Ho\u00e0 B\u00ecnh Web\",\"isPartOf\":{\"@id\":\"https:\/\/mau.hoabinhweb.com\/mythuat2\/#website\"},\"primaryImageOfPage\":{\"@id\":\"http:\/\/mau.hoabinhweb.com\/mythuat2\/san-pham\/flower-market-set-03\/#primaryimage\"},\"datePublished\":\"2022-10-26T15:28:09+00:00\",\"dateModified\":\"2022-10-27T01:10:28+00:00\",\"breadcrumb\":{\"@id\":\"http:\/\/mau.hoabinhweb.com\/mythuat2\/san-pham\/flower-market-set-03\/#breadcrumb\"},\"inLanguage\":\"vi\",\"potentialAction\":[{\"@type\":\"ReadAction\",\"target\":[\"http:\/\/mau.hoabinhweb.com\/mythuat2\/san-pham\/flower-market-set-03\/\"]}]},{\"@type\":\"BreadcrumbList\",\"@id\":\"http:\/\/mau.hoabinhweb.com\/mythuat2\/san-pham\/flower-market-set-03\/#breadcrumb\",\"itemListElement\":[{\"@type\":\"ListItem\",\"position\":1,\"name\":\"Trang ch\u1ee7\",\"item\":\"https:\/\/mau.hoabinhweb.com\/mythuat2\/\"},{\"@type\":\"ListItem\",\"position\":2,\"name\":\"S\u1ea3n ph\u1ea9m\",\"item\":\"http:\/\/mau.hoabinhweb.com\/mythuat2\/san-pham\/\"},{\"@type\":\"ListItem\",\"position\":3,\"name\":\"Tranh b\u1ed9\",\"item\":\"https:\/\/mau.hoabinhweb.com\/mythuat2\/danh-muc\/tranh-bo\/\"},{\"@type\":\"ListItem\",\"position\":4,\"name\":\"Flower market Set 03\"}]}]}<\/script>\n<!-- \/ Yoast SEO plugin. -->","yoast_head_json":{"title":"Flower market Set 03 - Ho\u00e0 B\u00ecnh Web","robots":{"index":"noindex","follow":"follow","max-snippet":"max-snippet:-1","max-image-preview":"max-image-preview:large","max-video-preview":"max-video-preview:-1"},"og_locale":"vi_VN","og_type":"article","og_title":"Flower market Set 03 - Ho\u00e0 B\u00ecnh Web","og_description":"Gi\u1ea5y &amp; m\u1ef1c in k\u1ef9 thu\u1eadt s\u1ed1 ch\u1ea5t l\u01b0\u1ee3ng cao  T\u1eb7ng k\u00e8m \u0111inh 4 ch\u00e2n d\u1ec5 d\u00e0ng l\u1eafp \u0111\u1eb7t  Giao h\u00e0ng t\u1eeb 2-5 ng\u00e0y l\u00e0m vi\u1ec7c (tr\u1eeb ch\u1ee7 nh\u1eadt)  Mi\u1ec5n ph\u00ed v\u1eabn chuy\u1ec3n cho \u0111\u01a1n h\u00e0ng tr\u00ean 5 tri\u1ec7u","og_url":"http:\/\/mau.hoabinhweb.com\/mythuat2\/san-pham\/flower-market-set-03\/","og_site_name":"Ho\u00e0 B\u00ecnh Web","article_modified_time":"2022-10-27T01:10:28+00:00","og_image":[{"width":800,"height":800,"url":"http:\/\/mau.hoabinhweb.com\/mythuat2\/wp-content\/uploads\/2022\/10\/sanpham6.jpg","type":"image\/jpeg"}],"twitter_card":"summary_large_image","twitter_misc":{"\u01af\u1edbc t\u00ednh th\u1eddi gian \u0111\u1ecdc":"2 ph\u00fat"},"schema":{"@context":"https:\/\/schema.org","@graph":[{"@type":"WebSite","@id":"https:\/\/mau.hoabinhweb.com\/mythuat2\/#website","url":"https:\/\/mau.hoabinhweb.com\/mythuat2\/","name":"Ho\u00e0 B\u00ecnh Web","description":"","potentialAction":[{"@type":"SearchAction","target":{"@type":"EntryPoint","urlTemplate":"https:\/\/mau.hoabinhweb.com\/mythuat2\/?s={search_term_string}"},"query-input":"required name=search_term_string"}],"inLanguage":"vi"},{"@type":"ImageObject","@id":"http:\/\/mau.hoabinhweb.com\/mythuat2\/san-pham\/flower-market-set-03\/#primaryimage","inLanguage":"vi","url":"http:\/\/mau.hoabinhweb.com\/mythuat2\/wp-content\/uploads\/2022\/10\/sanpham6.jpg","contentUrl":"http:\/\/mau.hoabinhweb.com\/mythuat2\/wp-content\/uploads\/2022\/10\/sanpham6.jpg","width":800,"height":800,"caption":"Sanpham6"},{"@type":"WebPage","@id":"http:\/\/mau.hoabinhweb.com\/mythuat2\/san-pham\/flower-market-set-03\/#webpage","url":"http:\/\/mau.hoabinhweb.com\/mythuat2\/san-pham\/flower-market-set-03\/","name":"Flower market Set 03 - Ho\u00e0 B\u00ecnh Web","isPartOf":{"@id":"https:\/\/mau.hoabinhweb.com\/mythuat2\/#website"},"primaryImageOfPage":{"@id":"http:\/\/mau.hoabinhweb.com\/mythuat2\/san-pham\/flower-market-set-03\/#primaryimage"},"datePublished":"2022-10-26T15:28:09+00:00","dateModified":"2022-10-27T01:10:28+00:00","breadcrumb":{"@id":"http:\/\/mau.hoabinhweb.com\/mythuat2\/san-pham\/flower-market-set-03\/#breadcrumb"},"inLanguage":"vi","potentialAction":[{"@type":"ReadAction","target":["http:\/\/mau.hoabinhweb.com\/mythuat2\/san-pham\/flower-market-set-03\/"]}]},{"@type":"BreadcrumbList","@id":"http:\/\/mau.hoabinhweb.com\/mythuat2\/san-pham\/flower-market-set-03\/#breadcrumb","itemListElement":[{"@type":"ListItem","position":1,"name":"Trang ch\u1ee7","item":"https:\/\/mau.hoabinhweb.com\/mythuat2\/"},{"@type":"ListItem","position":2,"name":"S\u1ea3n ph\u1ea9m","item":"http:\/\/mau.hoabinhweb.com\/mythuat2\/san-pham\/"},{"@type":"ListItem","position":3,"name":"Tranh b\u1ed9","item":"https:\/\/mau.hoabinhweb.com\/mythuat2\/danh-muc\/tranh-bo\/"},{"@type":"ListItem","position":4,"name":"Flower market Set 03"}]}]}},"_links":{"self":[{"href":"http:\/\/mau.hoabinhweb.com\/mythuat2\/wp-json\/wp\/v2\/product\/321","targetHints":{"allow":["GET"]}}],"collection":[{"href":"http:\/\/mau.hoabinhweb.com\/mythuat2\/wp-json\/wp\/v2\/product"}],"about":[{"href":"http:\/\/mau.hoabinhweb.com\/mythuat2\/wp-json\/wp\/v2\/types\/product"}],"replies":[{"embeddable":true,"href":"http:\/\/mau.hoabinhweb.com\/mythuat2\/wp-json\/wp\/v2\/comments?post=321"}],"wp:featuredmedia":[{"embeddable":true,"href":"http:\/\/mau.hoabinhweb.com\/mythuat2\/wp-json\/wp\/v2\/media\/35"}],"wp:attachment":[{"href":"http:\/\/mau.hoabinhweb.com\/mythuat2\/wp-json\/wp\/v2\/media?parent=321"}],"wp:term":[{"taxonomy":"product_cat","embeddable":true,"href":"http:\/\/mau.hoabinhweb.com\/mythuat2\/wp-json\/wp\/v2\/product_cat?post=321"},{"taxonomy":"product_tag","embeddable":true,"href":"http:\/\/mau.hoabinhweb.com\/mythuat2\/wp-json\/wp\/v2\/product_tag?post=321"}],"curies":[{"name":"wp","href":"https:\/\/api.w.org\/{rel}","templated":true}]}}