{"id":58,"date":"2020-08-16T18:02:01","date_gmt":"2020-08-16T11:02:01","guid":{"rendered":"http:\/\/mau.hoabinhweb.com\/mythuat1\/?page_id=58"},"modified":"2022-05-24T15:01:41","modified_gmt":"2022-05-24T08:01:41","slug":"lien-he","status":"publish","type":"page","link":"http:\/\/mau.hoabinhweb.com\/mythuat1\/lien-he\/","title":{"rendered":"Li\u00ean h\u1ec7"},"content":{"rendered":"<h2>Tranh \u0110\u00e1 Qu\u00fd H\u00f2a B\u00ecnh<\/h2>\n<ul>\n<li>Showroom: S\u1ed1 323, \u0111\u01b0\u1eddng L\u00ea Th\u00e1nh T\u00f4ng, P. T\u00e2n Th\u1ecbnh, TP. Ho\u00e0 B\u00ecnh, Ho\u00e0 B\u00ecnh.<\/li>\n<li>Hotline: 035 609 3690<\/li>\n<li>webhoabinh@gmail.com<\/li>\n<\/ul>\n<h2>B\u1ea3n \u0111\u1ed3 ch\u1ec9 d\u1eabn<\/h2>\n<p><iframe loading=\"lazy\" style=\"border: 0;\" src=\"https:\/\/www.google.com\/maps\/embed?pb=!1m18!1m12!1m3!1d329.6183478132733!2d105.32744597546727!3d20.82339029613087!2m3!1f0!2f0!3f0!3m2!1i1024!2i768!4f13.1!3m3!1m2!1s0x31346b77cdd0680b%3A0x771079b2cad41ff4!2zxJDhuqFpIGzDvSBWaWV0bG90dCBCacyAbmggTmdh!5e0!3m2!1svi!2s!4v1653379462274!5m2!1svi!2s\" width=\"100%\" height=\"450\" allowfullscreen=\"allowfullscreen\"><span data-mce-type=\"bookmark\" style=\"display: inline-block; width: 0px; overflow: hidden; line-height: 0;\" class=\"mce_SELRES_start\">\ufeff<\/span><\/iframe><\/p>\n","protected":false},"excerpt":{"rendered":"<p>Tranh \u0110\u00e1 Qu\u00fd H\u00f2a B\u00ecnh Showroom: S\u1ed1 323, \u0111\u01b0\u1eddng L\u00ea Th\u00e1nh T\u00f4ng, P. T\u00e2n Th\u1ecbnh, TP. Ho\u00e0 B\u00ecnh, Ho\u00e0 B\u00ecnh. Hotline: 035 609 3690 webhoabinh@gmail.com B\u1ea3n \u0111\u1ed3 ch\u1ec9 d\u1eabn \ufeff<\/p>\n","protected":false},"author":3,"featured_media":0,"parent":0,"menu_order":0,"comment_status":"closed","ping_status":"closed","template":"","meta":[],"yoast_head":"<!-- This site is optimized with the Yoast SEO plugin v18.9 - https:\/\/yoast.com\/wordpress\/plugins\/seo\/ -->\n<title>Li\u00ean h\u1ec7 - Tranh \u0110\u00e1 Qu\u00fd H\u00f2a B\u00ecnh<\/title>\n<meta name=\"robots\" content=\"noindex, follow, max-snippet:-1, max-image-preview:large, max-video-preview:-1\" \/>\n<meta property=\"og:locale\" content=\"vi_VN\" \/>\n<meta property=\"og:type\" content=\"article\" \/>\n<meta property=\"og:title\" content=\"Li\u00ean h\u1ec7 - Tranh \u0110\u00e1 Qu\u00fd H\u00f2a B\u00ecnh\" \/>\n<meta property=\"og:description\" content=\"Tranh \u0110\u00e1 Qu\u00fd H\u00f2a B\u00ecnh Showroom: S\u1ed1 323, \u0111\u01b0\u1eddng L\u00ea Th\u00e1nh T\u00f4ng, P. T\u00e2n Th\u1ecbnh, TP. Ho\u00e0 B\u00ecnh, Ho\u00e0 B\u00ecnh. Hotline: 035 609 3690 webhoabinh@gmail.com B\u1ea3n \u0111\u1ed3 ch\u1ec9 d\u1eabn \ufeff\" \/>\n<meta property=\"og:url\" content=\"http:\/\/mau.hoabinhweb.com\/mythuat1\/lien-he\/\" \/>\n<meta property=\"og:site_name\" content=\"Tranh \u0110\u00e1 Qu\u00fd H\u00f2a B\u00ecnh\" \/>\n<meta property=\"article:modified_time\" content=\"2022-05-24T08:01:41+00:00\" \/>\n<meta name=\"twitter:card\" content=\"summary_large_image\" \/>\n<script type=\"application\/ld+json\" class=\"yoast-schema-graph\">{\"@context\":\"https:\/\/schema.org\",\"@graph\":[{\"@type\":\"WebSite\",\"@id\":\"http:\/\/mau.hoabinhweb.com\/mythuat1\/#website\",\"url\":\"http:\/\/mau.hoabinhweb.com\/mythuat1\/\",\"name\":\"Tranh \u0110\u00e1 Qu\u00fd H\u00f2a B\u00ecnh\",\"description\":\"\",\"potentialAction\":[{\"@type\":\"SearchAction\",\"target\":{\"@type\":\"EntryPoint\",\"urlTemplate\":\"http:\/\/mau.hoabinhweb.com\/mythuat1\/?s={search_term_string}\"},\"query-input\":\"required name=search_term_string\"}],\"inLanguage\":\"vi\"},{\"@type\":\"WebPage\",\"@id\":\"http:\/\/mau.hoabinhweb.com\/mythuat1\/lien-he\/#webpage\",\"url\":\"http:\/\/mau.hoabinhweb.com\/mythuat1\/lien-he\/\",\"name\":\"Li\u00ean h\u1ec7 - Tranh \u0110\u00e1 Qu\u00fd H\u00f2a B\u00ecnh\",\"isPartOf\":{\"@id\":\"http:\/\/mau.hoabinhweb.com\/mythuat1\/#website\"},\"datePublished\":\"2020-08-16T11:02:01+00:00\",\"dateModified\":\"2022-05-24T08:01:41+00:00\",\"breadcrumb\":{\"@id\":\"http:\/\/mau.hoabinhweb.com\/mythuat1\/lien-he\/#breadcrumb\"},\"inLanguage\":\"vi\",\"potentialAction\":[{\"@type\":\"ReadAction\",\"target\":[\"http:\/\/mau.hoabinhweb.com\/mythuat1\/lien-he\/\"]}]},{\"@type\":\"BreadcrumbList\",\"@id\":\"http:\/\/mau.hoabinhweb.com\/mythuat1\/lien-he\/#breadcrumb\",\"itemListElement\":[{\"@type\":\"ListItem\",\"position\":1,\"name\":\"Trang ch\u1ee7\",\"item\":\"http:\/\/mau.hoabinhweb.com\/mythuat1\/\"},{\"@type\":\"ListItem\",\"position\":2,\"name\":\"Li\u00ean h\u1ec7\"}]}]}<\/script>\n<!-- \/ Yoast SEO plugin. -->","yoast_head_json":{"title":"Li\u00ean h\u1ec7 - Tranh \u0110\u00e1 Qu\u00fd H\u00f2a B\u00ecnh","robots":{"index":"noindex","follow":"follow","max-snippet":"max-snippet:-1","max-image-preview":"max-image-preview:large","max-video-preview":"max-video-preview:-1"},"og_locale":"vi_VN","og_type":"article","og_title":"Li\u00ean h\u1ec7 - Tranh \u0110\u00e1 Qu\u00fd H\u00f2a B\u00ecnh","og_description":"Tranh \u0110\u00e1 Qu\u00fd H\u00f2a B\u00ecnh Showroom: S\u1ed1 323, \u0111\u01b0\u1eddng L\u00ea Th\u00e1nh T\u00f4ng, P. T\u00e2n Th\u1ecbnh, TP. Ho\u00e0 B\u00ecnh, Ho\u00e0 B\u00ecnh. Hotline: 035 609 3690 webhoabinh@gmail.com B\u1ea3n \u0111\u1ed3 ch\u1ec9 d\u1eabn \ufeff","og_url":"http:\/\/mau.hoabinhweb.com\/mythuat1\/lien-he\/","og_site_name":"Tranh \u0110\u00e1 Qu\u00fd H\u00f2a B\u00ecnh","article_modified_time":"2022-05-24T08:01:41+00:00","twitter_card":"summary_large_image","schema":{"@context":"https:\/\/schema.org","@graph":[{"@type":"WebSite","@id":"http:\/\/mau.hoabinhweb.com\/mythuat1\/#website","url":"http:\/\/mau.hoabinhweb.com\/mythuat1\/","name":"Tranh \u0110\u00e1 Qu\u00fd H\u00f2a B\u00ecnh","description":"","potentialAction":[{"@type":"SearchAction","target":{"@type":"EntryPoint","urlTemplate":"http:\/\/mau.hoabinhweb.com\/mythuat1\/?s={search_term_string}"},"query-input":"required name=search_term_string"}],"inLanguage":"vi"},{"@type":"WebPage","@id":"http:\/\/mau.hoabinhweb.com\/mythuat1\/lien-he\/#webpage","url":"http:\/\/mau.hoabinhweb.com\/mythuat1\/lien-he\/","name":"Li\u00ean h\u1ec7 - Tranh \u0110\u00e1 Qu\u00fd H\u00f2a B\u00ecnh","isPartOf":{"@id":"http:\/\/mau.hoabinhweb.com\/mythuat1\/#website"},"datePublished":"2020-08-16T11:02:01+00:00","dateModified":"2022-05-24T08:01:41+00:00","breadcrumb":{"@id":"http:\/\/mau.hoabinhweb.com\/mythuat1\/lien-he\/#breadcrumb"},"inLanguage":"vi","potentialAction":[{"@type":"ReadAction","target":["http:\/\/mau.hoabinhweb.com\/mythuat1\/lien-he\/"]}]},{"@type":"BreadcrumbList","@id":"http:\/\/mau.hoabinhweb.com\/mythuat1\/lien-he\/#breadcrumb","itemListElement":[{"@type":"ListItem","position":1,"name":"Trang ch\u1ee7","item":"http:\/\/mau.hoabinhweb.com\/mythuat1\/"},{"@type":"ListItem","position":2,"name":"Li\u00ean h\u1ec7"}]}]}},"_links":{"self":[{"href":"http:\/\/mau.hoabinhweb.com\/mythuat1\/wp-json\/wp\/v2\/pages\/58"}],"collection":[{"href":"http:\/\/mau.hoabinhweb.com\/mythuat1\/wp-json\/wp\/v2\/pages"}],"about":[{"href":"http:\/\/mau.hoabinhweb.com\/mythuat1\/wp-json\/wp\/v2\/types\/page"}],"author":[{"embeddable":true,"href":"http:\/\/mau.hoabinhweb.com\/mythuat1\/wp-json\/wp\/v2\/users\/3"}],"replies":[{"embeddable":true,"href":"http:\/\/mau.hoabinhweb.com\/mythuat1\/wp-json\/wp\/v2\/comments?post=58"}],"version-history":[{"count":2,"href":"http:\/\/mau.hoabinhweb.com\/mythuat1\/wp-json\/wp\/v2\/pages\/58\/revisions"}],"predecessor-version":[{"id":400,"href":"http:\/\/mau.hoabinhweb.com\/mythuat1\/wp-json\/wp\/v2\/pages\/58\/revisions\/400"}],"wp:attachment":[{"href":"http:\/\/mau.hoabinhweb.com\/mythuat1\/wp-json\/wp\/v2\/media?parent=58"}],"curies":[{"name":"wp","href":"https:\/\/api.w.org\/{rel}","templated":true}]}}