{"id":2,"date":"2020-08-16T08:58:29","date_gmt":"2020-08-16T01:58:29","guid":{"rendered":"http:\/\/mau.hoabinhweb.com\/mythuat1\/?page_id=2"},"modified":"2022-05-24T14:59:53","modified_gmt":"2022-05-24T07:59:53","slug":"gioi-thieu","status":"publish","type":"page","link":"http:\/\/mau.hoabinhweb.com\/mythuat1\/gioi-thieu\/","title":{"rendered":"Gi\u1edbi thi\u1ec7u"},"content":{"rendered":"<p>Ch\u00fang t\u00f4i xin ch\u00e2n tr\u1ecdng gi\u1edbi thi\u1ec7u \u0111\u1ebfn Qu\u00fd kh\u00e1nh h\u00e0ng s\u1ea3n ph\u1ea9m\u00a0<strong>tranh \u0111\u00e1 qu\u00fd<\/strong>\u00a0c\u1ee7a ch\u00fang t\u00f4i c\u00f3 xu\u1ea5t x\u1ee9 t\u1eeb H\u00f2a B\u00ecnh. Tr\u1ee5 s\u1edf \u0111\u1eb7t t\u1ea1i h\u00e0 n\u1ed9i c\u00f3 chi nh\u00e1nh kh\u1eafp c\u1ea3 n\u01b0\u1edbc.\u00a0<strong>C\u00f4ng ty<\/strong>\u00a0<strong>Tranh \u0111\u00e1 qu\u00fd 24h<\/strong>\u00a0c\u00f3 \u0111\u1ecba ch\u1ec9 r\u00f5 r\u00e0ng l\u00e0m t\u1ea1i nh\u00e0, t\u1ea5t c\u1ea3 c\u00e1c nguy\u00ean li\u1ec7u \u0111\u1ec1u ch\u00ednh h\u00e3ng n\u00ean \u0111\u1ed9 b\u1ec1n h\u00e0ng tr\u0103m n\u0103m \u0111\u01a1n.\u00a0Chuy\u00ean cung c\u1ea5p b\u00e1n bu\u00f4n, b\u00e1n l\u1ebb tranh \u0111\u00e1 qu\u00fd v\u1edbi s\u1ed1 l\u01b0\u1ee3ng l\u1edbn, uy t\u00edn ch\u1ea5t l\u01b0\u01a1ng, b\u1ea3o h\u00e0nh d\u00e0i h\u1ea1n theo th\u1eddi gian.<\/p>\n<p>S\u1ea3n ph\u1ea9m\u00a0<strong>\u0111a d\u1ea1ng m\u1eabu m\u00e3<\/strong>, ch\u1ea5t l\u01b0\u1ee3ng\u00a0<strong>100% t\u1eeb \u0111\u00e1 qu\u00fd t\u1ef1 nhi\u00ean<\/strong>\u00a0v\u1edbi nhi\u1ec1u m\u00e0u s\u1eafc long lanh. Phong c\u00e1ch hi\u1ec7n \u0111\u1ea1i m\u1edbi nh\u1ea5t\u00a0c\u1eadp nh\u1eadt th\u01b0\u1eddng xuy\u00ean t\u1ea1o n\u00ean s\u1ef1\u00a0<strong>\u0111a d\u1ea1ng<\/strong>\u00a0trong ngh\u1ec1 tranh \u0111\u00e1 qu\u00fd t\u1ef1 nhi\u00ean.<\/p>\n<p>Ch\u00fang t\u00f4i c\u00f3 \u0111\u1ed9i ng\u0169 h\u1ecda s\u0129, ngh\u1ec7 nh\u00e2n, nh\u00e2n c\u00f4ng c\u00f3\u00a0<strong>kinh nghi\u1ec7m l\u00e2u n\u0103m<\/strong>, y\u00eau ngh\u1ec1 lu\u00f4n t\u1ec9 m\u1ec9 s\u00e1ng t\u1ea1o c\u00f9ng v\u1edbi nh\u1eefng m\u00e0u s\u1eafc c\u1ee7a \u0111\u00e1 qu\u00fd t\u1ef1 nhi\u00ean \u0111\u00e3 l\u00e0m n\u00ean nh\u1eefng t\u00e1c ph\u1ea9m ngh\u1ec7 thu\u1eadt \u0111\u1eb7c s\u1eafc, tuy\u1ec7t \u0111\u1eb9p.\u00a0\u0110\u1eb7c bi\u1ec7t m\u1eabu tranh tr\u00ean \u0111\u01b0\u1ee3c anh H\u00e0 (ngh\u1ec7 nh\u00e2n 24h) ch\u1ebf t\u00e1c v\u00e0 \u0111\u01b0a ra th\u1ecb tr\u01b0\u1eddng \u0111\u01b0\u1ee3c m\u1ecdi ng\u01b0\u1eddi r\u1ea5t \u01b0a chu\u1ed9ng, ch\u00ednh v\u00ec \u0111\u1ed9 \u0111\u1eb9p c\u1ee7a b\u1ee9c tranh n\u00ean c\u00f3 r\u1ea5t nhi\u1ec1u c\u01a1 s\u1edf sao ch\u00e9p l\u1ea1i nh\u01b0ng \u0111\u1ec3 c\u00f3 \u0111\u01b0\u1ee3c t\u00e1c ph\u1ea9m \u0111\u1eb9p tinh t\u00fay nh\u01b0 m\u1eabu th\u00ec ch\u1ec9 c\u00f3 ng\u01b0\u1eddi l\u00e0m ra\u00a0m\u1edbi n\u1eafm r\u00f5 quy tr\u00ecnh c\u00e1ch ph\u1ed1i m\u1ea7u, \u0111\u1ed9 d\u1ea7y n\u1ed5i c\u1ee7a t\u1eebng l\u1edbp \u0111\u00e1 v\u00e0 b\u1ed1 c\u1ee5c h\u1ee3p l\u00fd \u0111\u1ec3 t\u1ea1o ra b\u1ee9c tranh lung linh tuy\u1ec7t \u0111\u1eb9p nh\u01b0 v\u1eady, \u0111\u1ec3 bi\u1ebft th\u00eam c\u00e1c chi ti\u1ebft v\u1ec1 tranh xin lh \u0111\u1ec3 dc t\u01b0 v\u1ea5n.<\/p>\n<p>Lu\u00f4n lu\u00f4n\u00a0<strong>cam k\u1ebft<\/strong>\u00a0v\u1edbi kh\u00e1ch h\u00e0ng\u00a0t\u1ea5t c\u1ea3 c\u00e1c s\u1ea3n ph\u1ea9m \u0111\u1ec1u l\u00e0m t\u1eeb \u0111\u00e1 t\u1ef1 nhi\u00ean nh\u01b0\u00a0ruby, opal, tuocmalin, th\u1ea1ch anh&#8230; t\u1ea1i v\u00f9ng \u0111\u1ea5t ng\u1ecdc H\u00f2a B\u00ecnh\u00a0v\u00ec v\u1eady m\u00e0u s\u1eafc b\u1ea3o h\u00e0nh d\u00e0i h\u1ea1n,\u00a0tranh s\u1ebd tr\u01b0\u1eddng t\u1ed3n\u00a0v\u1edbi th\u1eddi gian.<\/p>\n<p><img loading=\"lazy\" class=\"aligncenter size-full wp-image-395\" src=\"http:\/\/mau.hoabinhweb.com\/mythuat1\/wp-content\/uploads\/2022\/05\/slide-home1.jpg\" alt=\"Slide Home1\" width=\"1200\" height=\"449\" \/><\/p>\n<p><em>Tranh \u0111\u00e1 qu\u00fd \u0111\u1ea1i b\u00e0ng tung c\u00e1nh<\/em><\/p>\n<p>T\u1ea5t c\u1ea3 c\u00e1c s\u1ea3n ph\u1ea9m khi xu\u1ea5t x\u01b0\u1edfng \u0111\u1ec1u \u0111\u01b0\u1ee3c ki\u1ec3m tra\u00a0<strong>ch\u1ea5t l\u01b0\u1ee3ng<\/strong>\u00a0k\u1ef9 l\u01b0\u1ee1ng nh\u1eb1m\u00a0\u0111\u1ea3m b\u1ea3o s\u1ea3n ph\u1ea9m khi t\u1edbi tay ng\u01b0\u1eddi ti\u00eau d\u00f9ng v\u1edbi m\u1ed9t ch\u1ea5t l\u01b0\u1ee3ng\u00a0ho\u00e0n h\u1ea3o nh\u1ea5t.<\/p>\n<p>&#8212;&#8212;&#8212;&#8212;&#8212;&#8212;&#8212;&#8212;&#8212;&#8212;&#8212;&#8212;&#8212;&#8212;&#8212;&#8212;&#8212;&#8212;<\/p>\n<p><strong>I. CH\u1ea4T L\u01af\u1ee2NG S\u1ea2N PH\u1ea8M, D\u1ecaCH V\u1ee4<\/strong><\/p>\n<ul>\n<li>Ch\u1ea5t l\u01b0\u1ee3ng <strong>100% t\u1eeb \u0111\u00e1 qu\u00fd t\u1ef1 nhi\u00ean<\/strong>\u00a0v\u1edbi nhi\u1ec1u m\u00e0u s\u1eafc.<\/li>\n<li>S\u1ea3n ph\u1ea9m c\u1ee7a ch\u00fang t\u00f4i <strong>\u0111a d\u1ea1ng m\u1eabu m\u00e3.\u00a0<\/strong>Phong c\u00e1ch\u00a0<strong>hi\u1ec7n \u0111\u1ea1i m\u1edbi nh\u1ea5t<\/strong>\u00a0\u0111\u01b0\u1ee3c c\u1eadp nh\u1eadt.<\/li>\n<li>\u0110\u1ed9i ng\u0169 h\u1ecda s\u0129, ngh\u1ec7 nh\u00e2n, nh\u00e2n c\u00f4ng c\u00f3 <strong>kinh nghi\u1ec7m l\u00e2u n\u0103m<\/strong>, y\u00eau ngh\u1ec1.<\/li>\n<li>B\u1ea3o h\u00e0nh s\u1ea3n ph\u1ea9m d\u00e0i h\u1ea1n.<\/li>\n<li>D\u1ecbch v\u1ee5 uy t\u00edn \u0111\u1ea3m b\u1ea3o th\u1eddi gian cho qu\u00fd kh\u00e1ch h\u00e0ng<\/li>\n<li>T\u01b0 v\u1ea5n h\u1ed7 tr\u1ee3 nhi\u1ec7t t\u00ecnh 24\/7<\/li>\n<\/ul>\n","protected":false},"excerpt":{"rendered":"<p>Ch\u00fang t\u00f4i xin ch\u00e2n tr\u1ecdng gi\u1edbi thi\u1ec7u \u0111\u1ebfn Qu\u00fd kh\u00e1nh h\u00e0ng s\u1ea3n ph\u1ea9m\u00a0tranh \u0111\u00e1 qu\u00fd\u00a0c\u1ee7a ch\u00fang t\u00f4i c\u00f3 xu\u1ea5t x\u1ee9 t\u1eeb H\u00f2a B\u00ecnh. Tr\u1ee5 s\u1edf \u0111\u1eb7t t\u1ea1i h\u00e0 n\u1ed9i c\u00f3 chi nh\u00e1nh kh\u1eafp c\u1ea3 n\u01b0\u1edbc.\u00a0C\u00f4ng ty\u00a0Tranh \u0111\u00e1 qu\u00fd 24h\u00a0c\u00f3 \u0111\u1ecba ch\u1ec9 r\u00f5 r\u00e0ng l\u00e0m t\u1ea1i nh\u00e0, t\u1ea5t c\u1ea3 c\u00e1c nguy\u00ean li\u1ec7u \u0111\u1ec1u ch\u00ednh h\u00e3ng n\u00ean<\/p>\n","protected":false},"author":3,"featured_media":0,"parent":0,"menu_order":0,"comment_status":"closed","ping_status":"closed","template":"","meta":[],"yoast_head":"<!-- This site is optimized with the Yoast SEO plugin v18.9 - https:\/\/yoast.com\/wordpress\/plugins\/seo\/ -->\n<title>Gi\u1edbi thi\u1ec7u - Tranh \u0110\u00e1 Qu\u00fd H\u00f2a B\u00ecnh<\/title>\n<meta name=\"robots\" content=\"noindex, follow, max-snippet:-1, max-image-preview:large, max-video-preview:-1\" \/>\n<meta property=\"og:locale\" content=\"vi_VN\" \/>\n<meta property=\"og:type\" content=\"article\" \/>\n<meta property=\"og:title\" content=\"Gi\u1edbi thi\u1ec7u - Tranh \u0110\u00e1 Qu\u00fd H\u00f2a B\u00ecnh\" \/>\n<meta property=\"og:description\" content=\"Ch\u00fang t\u00f4i xin ch\u00e2n tr\u1ecdng gi\u1edbi thi\u1ec7u \u0111\u1ebfn Qu\u00fd kh\u00e1nh h\u00e0ng s\u1ea3n ph\u1ea9m\u00a0tranh \u0111\u00e1 qu\u00fd\u00a0c\u1ee7a ch\u00fang t\u00f4i c\u00f3 xu\u1ea5t x\u1ee9 t\u1eeb H\u00f2a B\u00ecnh. Tr\u1ee5 s\u1edf \u0111\u1eb7t t\u1ea1i h\u00e0 n\u1ed9i c\u00f3 chi nh\u00e1nh kh\u1eafp c\u1ea3 n\u01b0\u1edbc.\u00a0C\u00f4ng ty\u00a0Tranh \u0111\u00e1 qu\u00fd 24h\u00a0c\u00f3 \u0111\u1ecba ch\u1ec9 r\u00f5 r\u00e0ng l\u00e0m t\u1ea1i nh\u00e0, t\u1ea5t c\u1ea3 c\u00e1c nguy\u00ean li\u1ec7u \u0111\u1ec1u ch\u00ednh h\u00e3ng n\u00ean\" \/>\n<meta property=\"og:url\" content=\"http:\/\/mau.hoabinhweb.com\/mythuat1\/gioi-thieu\/\" \/>\n<meta property=\"og:site_name\" content=\"Tranh \u0110\u00e1 Qu\u00fd H\u00f2a B\u00ecnh\" \/>\n<meta property=\"article:modified_time\" content=\"2022-05-24T07:59:53+00:00\" \/>\n<meta property=\"og:image\" content=\"http:\/\/mau.hoabinhweb.com\/mythuat1\/wp-content\/uploads\/2022\/05\/slide-home1.jpg\" \/>\n<meta name=\"twitter:card\" content=\"summary_large_image\" \/>\n<meta name=\"twitter:label1\" content=\"\u01af\u1edbc t\u00ednh th\u1eddi gian \u0111\u1ecdc\" \/>\n\t<meta name=\"twitter:data1\" content=\"3 ph\u00fat\" \/>\n<script type=\"application\/ld+json\" class=\"yoast-schema-graph\">{\"@context\":\"https:\/\/schema.org\",\"@graph\":[{\"@type\":\"WebSite\",\"@id\":\"http:\/\/mau.hoabinhweb.com\/mythuat1\/#website\",\"url\":\"http:\/\/mau.hoabinhweb.com\/mythuat1\/\",\"name\":\"Tranh \u0110\u00e1 Qu\u00fd H\u00f2a B\u00ecnh\",\"description\":\"\",\"potentialAction\":[{\"@type\":\"SearchAction\",\"target\":{\"@type\":\"EntryPoint\",\"urlTemplate\":\"http:\/\/mau.hoabinhweb.com\/mythuat1\/?s={search_term_string}\"},\"query-input\":\"required name=search_term_string\"}],\"inLanguage\":\"vi\"},{\"@type\":\"ImageObject\",\"inLanguage\":\"vi\",\"@id\":\"http:\/\/mau.hoabinhweb.com\/mythuat1\/gioi-thieu\/#primaryimage\",\"url\":\"http:\/\/mau.hoabinhweb.com\/mythuat1\/wp-content\/uploads\/2022\/05\/slide-home1.jpg\",\"contentUrl\":\"http:\/\/mau.hoabinhweb.com\/mythuat1\/wp-content\/uploads\/2022\/05\/slide-home1.jpg\",\"width\":1200,\"height\":449,\"caption\":\"Slide Home1\"},{\"@type\":\"WebPage\",\"@id\":\"http:\/\/mau.hoabinhweb.com\/mythuat1\/gioi-thieu\/#webpage\",\"url\":\"http:\/\/mau.hoabinhweb.com\/mythuat1\/gioi-thieu\/\",\"name\":\"Gi\u1edbi thi\u1ec7u - Tranh \u0110\u00e1 Qu\u00fd H\u00f2a B\u00ecnh\",\"isPartOf\":{\"@id\":\"http:\/\/mau.hoabinhweb.com\/mythuat1\/#website\"},\"primaryImageOfPage\":{\"@id\":\"http:\/\/mau.hoabinhweb.com\/mythuat1\/gioi-thieu\/#primaryimage\"},\"datePublished\":\"2020-08-16T01:58:29+00:00\",\"dateModified\":\"2022-05-24T07:59:53+00:00\",\"breadcrumb\":{\"@id\":\"http:\/\/mau.hoabinhweb.com\/mythuat1\/gioi-thieu\/#breadcrumb\"},\"inLanguage\":\"vi\",\"potentialAction\":[{\"@type\":\"ReadAction\",\"target\":[\"http:\/\/mau.hoabinhweb.com\/mythuat1\/gioi-thieu\/\"]}]},{\"@type\":\"BreadcrumbList\",\"@id\":\"http:\/\/mau.hoabinhweb.com\/mythuat1\/gioi-thieu\/#breadcrumb\",\"itemListElement\":[{\"@type\":\"ListItem\",\"position\":1,\"name\":\"Trang ch\u1ee7\",\"item\":\"http:\/\/mau.hoabinhweb.com\/mythuat1\/\"},{\"@type\":\"ListItem\",\"position\":2,\"name\":\"Gi\u1edbi thi\u1ec7u\"}]}]}<\/script>\n<!-- \/ Yoast SEO plugin. -->","yoast_head_json":{"title":"Gi\u1edbi thi\u1ec7u - Tranh \u0110\u00e1 Qu\u00fd H\u00f2a B\u00ecnh","robots":{"index":"noindex","follow":"follow","max-snippet":"max-snippet:-1","max-image-preview":"max-image-preview:large","max-video-preview":"max-video-preview:-1"},"og_locale":"vi_VN","og_type":"article","og_title":"Gi\u1edbi thi\u1ec7u - Tranh \u0110\u00e1 Qu\u00fd H\u00f2a B\u00ecnh","og_description":"Ch\u00fang t\u00f4i xin ch\u00e2n tr\u1ecdng gi\u1edbi thi\u1ec7u \u0111\u1ebfn Qu\u00fd kh\u00e1nh h\u00e0ng s\u1ea3n ph\u1ea9m\u00a0tranh \u0111\u00e1 qu\u00fd\u00a0c\u1ee7a ch\u00fang t\u00f4i c\u00f3 xu\u1ea5t x\u1ee9 t\u1eeb H\u00f2a B\u00ecnh. Tr\u1ee5 s\u1edf \u0111\u1eb7t t\u1ea1i h\u00e0 n\u1ed9i c\u00f3 chi nh\u00e1nh kh\u1eafp c\u1ea3 n\u01b0\u1edbc.\u00a0C\u00f4ng ty\u00a0Tranh \u0111\u00e1 qu\u00fd 24h\u00a0c\u00f3 \u0111\u1ecba ch\u1ec9 r\u00f5 r\u00e0ng l\u00e0m t\u1ea1i nh\u00e0, t\u1ea5t c\u1ea3 c\u00e1c nguy\u00ean li\u1ec7u \u0111\u1ec1u ch\u00ednh h\u00e3ng n\u00ean","og_url":"http:\/\/mau.hoabinhweb.com\/mythuat1\/gioi-thieu\/","og_site_name":"Tranh \u0110\u00e1 Qu\u00fd H\u00f2a B\u00ecnh","article_modified_time":"2022-05-24T07:59:53+00:00","og_image":[{"url":"http:\/\/mau.hoabinhweb.com\/mythuat1\/wp-content\/uploads\/2022\/05\/slide-home1.jpg"}],"twitter_card":"summary_large_image","twitter_misc":{"\u01af\u1edbc t\u00ednh th\u1eddi gian \u0111\u1ecdc":"3 ph\u00fat"},"schema":{"@context":"https:\/\/schema.org","@graph":[{"@type":"WebSite","@id":"http:\/\/mau.hoabinhweb.com\/mythuat1\/#website","url":"http:\/\/mau.hoabinhweb.com\/mythuat1\/","name":"Tranh \u0110\u00e1 Qu\u00fd H\u00f2a B\u00ecnh","description":"","potentialAction":[{"@type":"SearchAction","target":{"@type":"EntryPoint","urlTemplate":"http:\/\/mau.hoabinhweb.com\/mythuat1\/?s={search_term_string}"},"query-input":"required name=search_term_string"}],"inLanguage":"vi"},{"@type":"ImageObject","inLanguage":"vi","@id":"http:\/\/mau.hoabinhweb.com\/mythuat1\/gioi-thieu\/#primaryimage","url":"http:\/\/mau.hoabinhweb.com\/mythuat1\/wp-content\/uploads\/2022\/05\/slide-home1.jpg","contentUrl":"http:\/\/mau.hoabinhweb.com\/mythuat1\/wp-content\/uploads\/2022\/05\/slide-home1.jpg","width":1200,"height":449,"caption":"Slide Home1"},{"@type":"WebPage","@id":"http:\/\/mau.hoabinhweb.com\/mythuat1\/gioi-thieu\/#webpage","url":"http:\/\/mau.hoabinhweb.com\/mythuat1\/gioi-thieu\/","name":"Gi\u1edbi thi\u1ec7u - Tranh \u0110\u00e1 Qu\u00fd H\u00f2a B\u00ecnh","isPartOf":{"@id":"http:\/\/mau.hoabinhweb.com\/mythuat1\/#website"},"primaryImageOfPage":{"@id":"http:\/\/mau.hoabinhweb.com\/mythuat1\/gioi-thieu\/#primaryimage"},"datePublished":"2020-08-16T01:58:29+00:00","dateModified":"2022-05-24T07:59:53+00:00","breadcrumb":{"@id":"http:\/\/mau.hoabinhweb.com\/mythuat1\/gioi-thieu\/#breadcrumb"},"inLanguage":"vi","potentialAction":[{"@type":"ReadAction","target":["http:\/\/mau.hoabinhweb.com\/mythuat1\/gioi-thieu\/"]}]},{"@type":"BreadcrumbList","@id":"http:\/\/mau.hoabinhweb.com\/mythuat1\/gioi-thieu\/#breadcrumb","itemListElement":[{"@type":"ListItem","position":1,"name":"Trang ch\u1ee7","item":"http:\/\/mau.hoabinhweb.com\/mythuat1\/"},{"@type":"ListItem","position":2,"name":"Gi\u1edbi thi\u1ec7u"}]}]}},"_links":{"self":[{"href":"http:\/\/mau.hoabinhweb.com\/mythuat1\/wp-json\/wp\/v2\/pages\/2"}],"collection":[{"href":"http:\/\/mau.hoabinhweb.com\/mythuat1\/wp-json\/wp\/v2\/pages"}],"about":[{"href":"http:\/\/mau.hoabinhweb.com\/mythuat1\/wp-json\/wp\/v2\/types\/page"}],"author":[{"embeddable":true,"href":"http:\/\/mau.hoabinhweb.com\/mythuat1\/wp-json\/wp\/v2\/users\/3"}],"replies":[{"embeddable":true,"href":"http:\/\/mau.hoabinhweb.com\/mythuat1\/wp-json\/wp\/v2\/comments?post=2"}],"version-history":[{"count":3,"href":"http:\/\/mau.hoabinhweb.com\/mythuat1\/wp-json\/wp\/v2\/pages\/2\/revisions"}],"predecessor-version":[{"id":399,"href":"http:\/\/mau.hoabinhweb.com\/mythuat1\/wp-json\/wp\/v2\/pages\/2\/revisions\/399"}],"wp:attachment":[{"href":"http:\/\/mau.hoabinhweb.com\/mythuat1\/wp-json\/wp\/v2\/media?parent=2"}],"curies":[{"name":"wp","href":"https:\/\/api.w.org\/{rel}","templated":true}]}}