{"id":113,"date":"2020-08-21T07:40:02","date_gmt":"2020-08-21T00:40:02","guid":{"rendered":"http:\/\/mau.hoabinhweb.com\/mypham1\/?post_type=product&#038;p=113"},"modified":"2021-03-09T09:49:39","modified_gmt":"2021-03-09T02:49:39","slug":"kem-chong-nang-the-saem-eco-earth-power-sun","status":"publish","type":"product","link":"http:\/\/mau.hoabinhweb.com\/mypham1\/san-pham\/kem-chong-nang-the-saem-eco-earth-power-sun\/","title":{"rendered":"Kem Ch\u1ed1ng N\u1eafng The Saem Eco Earth Power Sun"},"content":{"rendered":"<div class=\"item-note \">\n<div class=\"title-member\">\n<h2>TH\u00d4NG TIN KEM CH\u1ed0NG N\u1eaeNG THE SAEM ECO EARTH POWER SUN CREAM SFP50+\/PA+++<\/h2>\n<\/div>\n<div class=\"back-content\">\n<p>Kem Ch\u1ed1ng N\u1eafng\u00a0<strong>The SAEM Eco Earth Power Sun Cream SPF50+ PA+++<\/strong>\u00a0l\u00e0 d\u00f2ng kem ch\u1ed1ng n\u1eafng v\u1edbi t\u00ednh n\u0103ng v\u00e0 c\u00f4ng d\u1ee5ng ch\u1ed1ng n\u1eafng tuy\u1ec7t v\u1eddi \u0111\u1ebfn t\u1eeb th\u01b0\u01a1ng hi\u1ec7u The Saem c\u1ee7a H\u00e0n Qu\u1ed1c gi\u00fap b\u1ea3o v\u1ec7 l\u00e0n da c\u1ee7a c\u00e1c c\u00f4 g\u00e1i su\u1ed1t ng\u00e0y d\u00e0i.\u0110\u1ed3ng th\u1eddi s\u1ea3n ph\u1ea9m c\u00f2n gi\u00fap gi\u1eef l\u00e0n da \u0111\u1ee7 \u1ea9m v\u00e0 m\u1ecbn m\u00e0ng m\u00e0 kh\u00f4ng g\u00e2y b\u1ea5t c\u1ee9 s\u1ef1 b\u1ebft d\u00ednh n\u00e0o.<\/p>\n<p>Thi\u1ebft k\u1ebf 2 lo\u1ea1i chuy\u00ean bi\u1ec7t cho t\u1eebng lo\u1ea1i da:<\/p>\n<p>-M\u00e0u v\u00e0ng: Chuy\u00ean cho da h\u1ed7n h\u1ee3p, da d\u1ea7u<\/p>\n<p>-M\u00e0u h\u1ed3ng: Chuy\u00ean cho da nh\u1ea1y c\u1ea3m<\/p>\n<p><img loading=\"lazy\" class=\"lazy\" src=\"https:\/\/adminbeauty.hvnet.vn\/Upload\/tinymce\/2019\/3\/22\/a7044653.jpg\" alt=\"\" width=\"650\" height=\"590\" data-src=\"https:\/\/adminbeauty.hvnet.vn\/Upload\/tinymce\/2019\/3\/22\/a7044653.jpg\" \/><\/p>\n<\/div>\n<\/div>\n<div class=\"item-note \">\n<div class=\"title-member right-border title-behide\">\n<h2>C\u00d4NG D\u1ee4NG KEM CH\u1ed0NG N\u1eaeNG THE SAEM ECO EARTH POWER SUN CREAM SFP50+\/PA+++<\/h2>\n<\/div>\n<div class=\"back-content\">\n<p>Tr\u1ecdng l\u01b0\u1ee3ng: 50gr<\/p>\n<p>Xu\u1ea5t x\u1ee9: H\u00e0n Qu\u1ed1c<\/p>\n<p>KEM CH\u1ed0NG N\u1eaeNG THE SAEM ECO EARTH POWER PINK SUN CREAM SPF50+ PA++++ (M\u00c0U H\u1ed2NG)<\/p>\n<p>The Saem Eco Earth Power Pink Sun Cream SPF50+ PA++++ l\u00e0 kem ch\u1ed1ng n\u1eafng c\u00f3 kh\u1ea3 n\u0103ng d\u01b0\u1ee1ng \u1ea9m v\u00e0 l\u00e0m d\u1ecbu da \u0111\u1ebfn t\u1eeb h\u00e3ng m\u1ef9 ph\u1ea9m The Saem. \u0110\u01b0\u1ee3c chi\u1ebft xu\u1ea5t t\u1eeb l\u00e1 ch\u00f9m ng\u00e2y, ch\u1ed3i r\u1eebng, h\u1ea1t macca v\u00e0 qu\u1ea3 sao The Saem Eco Earth Power Pink Sun Cream gi\u00fap da lu\u00f4n trong tr\u1ea1ng th\u00e1i \u0111\u1ee7 \u1ea9m, b\u1ea3o v\u1ec7 da kh\u1ecfi c\u00e1c t\u00e1c nh\u00e2n g\u00e2y h\u1ea1i t\u1eeb m\u00f4i tr\u01b0\u1eddng. Ngo\u00e0i ra b\u1ed9t h\u1ed3ng calamine h\u1ed7 tr\u1ee3 l\u00e0m d\u1ecbu l\u00e0n da b\u1ecb t\u1ed5n th\u01b0\u01a1ng \/ c\u0103ng th\u1eb3ng. Ch\u1ec9 s\u1ed1 ch\u1ed1ng n\u0103ng SPF50+ PA++++ v\u00e0 c\u00f4ng ngh\u1ec7 Perfect UV h\u1ed7 tr\u1ee3 t\u1ea1o l\u1edbp m\u00e0ng ch\u1eafn \u0111\u1ec3 da tr\u00e1nh \u0111\u01b0\u1ee3c ti\u1ebfp x\u00fac v\u1edbi \u00e1nh n\u1eafng m\u1eb7t tr\u1eddi, c\u00e1c tia c\u1ef1c t\u00edm g\u00e2y h\u1ea1i nh\u01b0ng kh\u00f4ng g\u00e2y n\u1eb7ng m\u1eb7t hay k\u00edch \u1ee9ng.<\/p>\n<p><img loading=\"lazy\" class=\"lazy\" src=\"https:\/\/adminbeauty.hvnet.vn\/Upload\/tinymce\/2019\/3\/22\/a5044842.jpg\" alt=\"\" width=\"650\" height=\"659\" data-src=\"https:\/\/adminbeauty.hvnet.vn\/Upload\/tinymce\/2019\/3\/22\/a5044842.jpg\" \/><\/p>\n<p>KEM CH\u1ed0NG N\u1eaeNG THE SAEM ECO EARTH POWER LIGHT SUN CREAM SPF50+ PA+++ (M\u00c0U V\u00c0NG)<\/p>\n<p>Eco Earth Power Light Sun Cream l\u00e0 kem ch\u1ed1ng n\u1eafng cho da nh\u1ea1y c\u1ea3m &#8211; d\u1ecb \u1ee9ng v\u1edbi ch\u1ec9 s\u1ed1 ch\u1ed1ng n\u1eafng SPF50+ PA+++. S\u1ea3n ph\u1ea9m \u0111\u01b0\u1ee3c chi\u1ebft xu\u1ea5t t\u1eeb hoa violet Alaska v\u00e0 l\u00e1 Mulukhiya c\u00f3 kh\u1ea3 n\u0103ng l\u00e0m d\u1ecbu da tr\u01b0\u1edbc c\u00e1c t\u00ecnh tr\u1ea1ng k\u00edch \u1ee9ng; kh\u1ebf v\u00e0ng nhi\u1ec7t \u0111\u1edbi b\u1ed5 sung vitamin A, B, C, E, h\u1ed7 tr\u1ee3 d\u01b0\u1ee1ng tr\u1eafng, s\u00e2m Peru Maca cao nguy\u00ean Andes Nam M\u1ef9 ch\u1ed1ng l\u1ea1i c\u00e1c hi\u1ec7n t\u01b0\u1ee3ng oxy h\u00f3a tr\u00ean da. Eco Earth Power Light Sun Cream v\u1edbi ch\u1ea5t kem m\u1ecfng m\u1ecbn, th\u00e0nh ph\u1ea7n l\u00e0nh t\u00ednh s\u1ebd d\u1ec5 d\u00e0ng th\u1ea9m th\u1ea5u, v\u1eeba d\u01b0\u1ee1ng \u1ea9m v\u1eeba b\u1ea3o v\u1ec7 da tr\u01b0\u1edbc \u00e1nh n\u1eafng m\u1eb7t tr\u1eddi v\u00e0 c\u00e1c tia c\u1ef1c t\u00edm g\u00e2y h\u1ea1i cho da.<\/p>\n<p><img loading=\"lazy\" class=\"lazy\" src=\"https:\/\/adminbeauty.hvnet.vn\/Upload\/tinymce\/2019\/3\/22\/a3044809.jpg\" alt=\"\" width=\"650\" height=\"659\" data-src=\"https:\/\/adminbeauty.hvnet.vn\/Upload\/tinymce\/2019\/3\/22\/a3044809.jpg\" \/><\/p>\n<\/div>\n<\/div>\n","protected":false},"excerpt":{"rendered":"<ul>\n<li>V\u1eadn chuy\u1ec3n tr\u00ean to\u00e0n qu\u1ed1c<\/li>\n<li>Cam k\u1ebft s\u1ea3n ph\u1ea9m \u0111\u00fang ch\u1ea5t l\u01b0\u1ee3ng mi\u00eau t\u1ea3 tr\u00ean website<\/li>\n<li>B\u1ea3o h\u00e0nh ch\u00ednh h\u00e3ng<\/li>\n<li>Ki\u1ec3m tra h\u00e0ng tr\u01b0\u1edbc khi thanh to\u00e1n<\/li>\n<li>Hotline: 035 609 3690<\/li>\n<\/ul>\n","protected":false},"featured_media":356,"template":"","meta":[],"yoast_head":"<!-- This site is optimized with the Yoast SEO plugin v14.7 - https:\/\/yoast.com\/wordpress\/plugins\/seo\/ -->\n<title>Kem Ch\u1ed1ng N\u1eafng The Saem Eco Earth Power Sun - Liha<\/title>\n<meta name=\"robots\" content=\"noindex, follow\" \/>\n<meta property=\"og:locale\" content=\"vi_VN\" \/>\n<meta property=\"og:type\" content=\"article\" \/>\n<meta property=\"og:title\" content=\"Kem Ch\u1ed1ng N\u1eafng The Saem Eco Earth Power Sun - Liha\" \/>\n<meta property=\"og:description\" content=\"V\u1eadn chuy\u1ec3n tr\u00ean to\u00e0n qu\u1ed1c  Cam k\u1ebft s\u1ea3n ph\u1ea9m \u0111\u00fang ch\u1ea5t l\u01b0\u1ee3ng mi\u00eau t\u1ea3 tr\u00ean website  B\u1ea3o h\u00e0nh ch\u00ednh h\u00e3ng  Ki\u1ec3m tra h\u00e0ng tr\u01b0\u1edbc khi thanh to\u00e1n  Hotline: 035 609 3690\" \/>\n<meta property=\"og:url\" content=\"http:\/\/mau.hoabinhweb.com\/mypham1\/san-pham\/kem-chong-nang-the-saem-eco-earth-power-sun\/\" \/>\n<meta property=\"og:site_name\" content=\"Liha\" \/>\n<meta property=\"article:modified_time\" content=\"2021-03-09T02:49:39+00:00\" \/>\n<meta property=\"og:image\" content=\"http:\/\/mau.hoabinhweb.com\/mypham1\/wp-content\/uploads\/2020\/08\/sanpham-mypham1.jpg\" \/>\n\t<meta property=\"og:image:width\" content=\"600\" \/>\n\t<meta property=\"og:image:height\" content=\"600\" \/>\n<meta name=\"twitter:card\" content=\"summary_large_image\" \/>\n<script type=\"application\/ld+json\" class=\"yoast-schema-graph\">{\"@context\":\"https:\/\/schema.org\",\"@graph\":[{\"@type\":\"WebSite\",\"@id\":\"http:\/\/mau.hoabinhweb.com\/mypham1\/#website\",\"url\":\"http:\/\/mau.hoabinhweb.com\/mypham1\/\",\"name\":\"Liha\",\"description\":\"\",\"potentialAction\":[{\"@type\":\"SearchAction\",\"target\":\"http:\/\/mau.hoabinhweb.com\/mypham1\/?s={search_term_string}\",\"query-input\":\"required name=search_term_string\"}],\"inLanguage\":\"vi\"},{\"@type\":\"ImageObject\",\"@id\":\"http:\/\/mau.hoabinhweb.com\/mypham1\/san-pham\/kem-chong-nang-the-saem-eco-earth-power-sun\/#primaryimage\",\"inLanguage\":\"vi\",\"url\":\"http:\/\/mau.hoabinhweb.com\/mypham1\/wp-content\/uploads\/2020\/08\/sanpham-mypham1.jpg\",\"width\":600,\"height\":600,\"caption\":\"Sanpham Mypham1\"},{\"@type\":\"WebPage\",\"@id\":\"http:\/\/mau.hoabinhweb.com\/mypham1\/san-pham\/kem-chong-nang-the-saem-eco-earth-power-sun\/#webpage\",\"url\":\"http:\/\/mau.hoabinhweb.com\/mypham1\/san-pham\/kem-chong-nang-the-saem-eco-earth-power-sun\/\",\"name\":\"Kem Ch\\u1ed1ng N\\u1eafng The Saem Eco Earth Power Sun - Liha\",\"isPartOf\":{\"@id\":\"http:\/\/mau.hoabinhweb.com\/mypham1\/#website\"},\"primaryImageOfPage\":{\"@id\":\"http:\/\/mau.hoabinhweb.com\/mypham1\/san-pham\/kem-chong-nang-the-saem-eco-earth-power-sun\/#primaryimage\"},\"datePublished\":\"2020-08-21T00:40:02+00:00\",\"dateModified\":\"2021-03-09T02:49:39+00:00\",\"breadcrumb\":{\"@id\":\"http:\/\/mau.hoabinhweb.com\/mypham1\/san-pham\/kem-chong-nang-the-saem-eco-earth-power-sun\/#breadcrumb\"},\"inLanguage\":\"vi\",\"potentialAction\":[{\"@type\":\"ReadAction\",\"target\":[\"http:\/\/mau.hoabinhweb.com\/mypham1\/san-pham\/kem-chong-nang-the-saem-eco-earth-power-sun\/\"]}]},{\"@type\":\"BreadcrumbList\",\"@id\":\"http:\/\/mau.hoabinhweb.com\/mypham1\/san-pham\/kem-chong-nang-the-saem-eco-earth-power-sun\/#breadcrumb\",\"itemListElement\":[{\"@type\":\"ListItem\",\"position\":1,\"item\":{\"@type\":\"WebPage\",\"@id\":\"http:\/\/mau.hoabinhweb.com\/mypham1\/\",\"url\":\"http:\/\/mau.hoabinhweb.com\/mypham1\/\",\"name\":\"Trang ch\\u1ee7\"}},{\"@type\":\"ListItem\",\"position\":2,\"item\":{\"@type\":\"WebPage\",\"@id\":\"http:\/\/mau.hoabinhweb.com\/mypham1\/san-pham\/\",\"url\":\"http:\/\/mau.hoabinhweb.com\/mypham1\/san-pham\/\",\"name\":\"S\\u1ea3n ph\\u1ea9m\"}},{\"@type\":\"ListItem\",\"position\":3,\"item\":{\"@type\":\"WebPage\",\"@id\":\"http:\/\/mau.hoabinhweb.com\/mypham1\/san-pham\/kem-chong-nang-the-saem-eco-earth-power-sun\/\",\"url\":\"http:\/\/mau.hoabinhweb.com\/mypham1\/san-pham\/kem-chong-nang-the-saem-eco-earth-power-sun\/\",\"name\":\"Kem Ch\\u1ed1ng N\\u1eafng The Saem Eco Earth Power Sun\"}}]}]}<\/script>\n<!-- \/ Yoast SEO plugin. -->","_links":{"self":[{"href":"http:\/\/mau.hoabinhweb.com\/mypham1\/wp-json\/wp\/v2\/product\/113"}],"collection":[{"href":"http:\/\/mau.hoabinhweb.com\/mypham1\/wp-json\/wp\/v2\/product"}],"about":[{"href":"http:\/\/mau.hoabinhweb.com\/mypham1\/wp-json\/wp\/v2\/types\/product"}],"wp:featuredmedia":[{"embeddable":true,"href":"http:\/\/mau.hoabinhweb.com\/mypham1\/wp-json\/wp\/v2\/media\/356"}],"wp:attachment":[{"href":"http:\/\/mau.hoabinhweb.com\/mypham1\/wp-json\/wp\/v2\/media?parent=113"}],"curies":[{"name":"wp","href":"https:\/\/api.w.org\/{rel}","templated":true}]}}