{"id":110,"date":"2020-08-21T07:40:00","date_gmt":"2020-08-21T00:40:00","guid":{"rendered":"http:\/\/mau.hoabinhweb.com\/mypham1\/?post_type=product&#038;p=110"},"modified":"2021-03-09T09:54:09","modified_gmt":"2021-03-09T02:54:09","slug":"kem-duong-am-st-ives-collagen-elastin","status":"publish","type":"product","link":"http:\/\/mau.hoabinhweb.com\/mypham1\/san-pham\/kem-duong-am-st-ives-collagen-elastin\/","title":{"rendered":"Kem D\u01b0\u1ee1ng \u1ea8m St.Ives Collagen Elastin"},"content":{"rendered":"<div class=\"item-note \">\n<div class=\"title-member\">\n<h2>TH\u00d4NG TIN V\u1ec0 KEM D\u01af\u1ee0NG \u1ea8M ST.IVES COLLAGEN ELASTIN MOISTURIZER TIMELESS SKIN<\/h2>\n<\/div>\n<div class=\"back-content\">\n<p>St.ives l\u00e0 m\u1ed9t nh\u00e3n hi\u1ec7u c\u1ee7a M\u1ef9, thu\u1ed9c c\u00f4ng ty \u0111a qu\u1ed1c gia Unilever, ra \u0111\u1eddi t\u1eeb n\u0103m 1980. V\u1edbi c\u00e1c s\u1ea3n ph\u1ea9m ch\u0103m s\u00f3c da v\u00e0 c\u01a1 th\u1ec3 c\u00f3 gi\u00e1 c\u1ea3 c\u1ef1c ph\u1ea3i ch\u0103ng, lu\u00f4n \u0111\u01b0\u1ee3c rate h\u01a1n 4* tr\u00ean c\u00e1c t\u1ea1p ch\u00ed b\u00ecnh ch\u1ecdn m\u1ef9 ph\u1ea9m h\u00e0ng \u0111\u1ea7u, St.ives kh\u00f4ng ch\u1ec9 \u0111\u01b0\u1ee3c y\u00eau th\u00edch v\u00e0 tin d\u00f9ng b\u1edfi ng\u01b0\u1eddi d\u00e2n x\u1ee9 \u201cc\u1edd hoa\u201d m\u00e0 c\u00f2n tr\u00ean to\u00e0n th\u1ebf gi\u1edbi.\u00a0Kem d\u01b0\u1ee1ng \u1ea9m\u00a0St.Ives Collagen Elastin Moisturizer Timeless Skin\u00a0c\u00f3 ch\u1ee9a Collagen v\u00e0 Elastin hai ch\u1ea5t dinh d\u01b0\u1ee1ng t\u1ed1t nh\u1ea5t \u0111\u01b0\u1ee3c xem nh\u01b0 l\u00e0 n\u1ec1n m\u00f3ng c\u1ee7a da, gi\u00fap cho da kh\u1ecfe m\u1ea1nh, s\u0103n ch\u1eafc, m\u1ecbn m\u00e0ng v\u00e0 \u0111\u00e0n h\u1ed3i t\u1ed1t.<\/p><p><img class=\"lazy\" title=\"Kem d\u01b0\u1ee1ng \u1ea9m St.Ives Collagen Elastin Moisturizer Timeless Skin\" src=\"https:\/\/adminbeauty.hvnet.vn\/Upload\/images\/kemduongda-st.jpg\" alt=\"Kem d\u01b0\u1ee1ng \u1ea9m St.Ives Collagen Elastin Moisturizer Timeless Skin\" longdesc=\"https:\/\/beautygarden.vn\/Upload\/images\/kemduongda-st.jpg\" data-src=\"https:\/\/adminbeauty.hvnet.vn\/Upload\/images\/kemduongda-st.jpg\" \/><\/p>\n<p>Kem d\u01b0\u1ee1ng \u1ea9m\u00a0St.Ives Collagen Elastin Moisturizer Timeless Skin<\/p>\n<\/div>\n<\/div>\n<div class=\"item-note \">\n<div class=\"title-member right-border title-behide\">\n<h2>M\u00d4 T\u1ea2 S\u1ea2N PH\u1ea8M KEM D\u01af\u1ee0NG \u1ea8M ST.IVES COLLAGEN ELASTIN MOISTURIZER TIMELESS SKIN<\/h2>\n<\/div>\n<div class=\"back-content\">\n<p>Kem d\u01b0\u1ee1ng \u1ea9m\u00a0St.Ives Collagen Elastin Moisturizer Timeless Skin &#8211; tr\u1ecdng l\u01b0\u1ee3ng 283gr, xu\u1ea5t x\u1ee9 M\u1ef9, hi\u1ec7n \u0111\u00e3 c\u00f3 m\u1eb7t t\u1ea1i h\u1ec7 th\u1ed1ng\u00a0m\u1ef9 ph\u1ea9m ch\u00ednh h\u00e3ng\u00a0Beauty Garden &#8211;\u00a0v\u1edbi tinh ch\u1ea5t collagen v\u00e0 elastin. ST.IVES khi t\u00e1c \u0111\u1ed9ng v\u00e0o da s\u1ebd gi\u00fap h\u00e0n g\u1eafn c\u00e1c t\u1ed5n th\u01b0\u01a1ng c\u1ee7a c\u00e1c s\u1ee3i eslastin v\u00e0 collagen, k\u00edch ho\u1ea1t h\u1ec7 tu\u1ea7n ho\u00e0n, kh\u00f4i ph\u1ee5c ch\u1ee9c n\u0103ng c\u1ee7a t\u1ebf b\u00e0o, l\u00e0m c\u0103ng c\u01a1, x\u00f3a m\u1edd n\u1ebfp nh\u0103n. H\u1ec7 tu\u1ea7n ho\u00e0n ho\u1ea1t \u0111\u1ed9ng hi\u1ec7u qu\u1ea3 c\u00f2n th\u00fac \u0111\u1ea9y qu\u00e1 tr\u00ecnh trao \u0111\u1ed5i ch\u1ea5t, t\u0103ng c\u01b0\u1eddng kh\u1ea3 n\u0103ng h\u1ea5p th\u1ee5 oxy c\u1ee7a da, gi\u00fap da s\u00e1ng v\u00e0 m\u1ecbn m\u00e0ng.<\/p>\n<p>&#8211; Ch\u1ea5t kem l\u1ecfng nh\u1eb9 nh\u01b0 lotion, d\u1ec5 d\u00e0ng thoa \u0111\u1ec1u, m\u1edbi thoa l\u00ean s\u1ebd c\u00f3 gi\u1ea3m gi\u00e1c r\u1ea5t l\u00e0 \u201cfresh\u201d, c\u1ef1c k\u1ef3 m\u00e1t m\u1ebb s\u1ea3ng kho\u00e1i, v\u00ec l\u00e0 d\u1ea1ng lotion c\u1ea5p n\u01b0\u1edbc n\u00ean m\u1edbi \u0111\u1ea7u l\u00ean da s\u1ebd h\u01a1i b\u00f3ng, nh\u01b0ng ch\u1ec9 1 ph\u00fat sau kem s\u1ebd th\u1ea5m s\u00e2u, \u0111\u1ec3 l\u1edbp da l\u1ea1i m\u1ecbn m\u00e0ng c\u0103ng m\u1ecdng c\u00f9ng m\u00f9i h\u01b0\u01a1ng hoa ng\u1ecdt ng\u00e0o th\u01b0 gi\u00e3n.<\/p>\n<p>&#8211; Kem d\u01b0\u1ee1ng \u1ea9m\u00a0St.Ives Collagen Elastin Moisturizer Timeless Skin\u00a0ch\u1ee9a c\u00e1c lo\u1ea1i protein t\u1ef1 nhi\u00ean, d\u1ea7u c\u00e2y rum gi\u00fap l\u00e0m gi\u1ea3m nh\u0103n hi\u1ec7u qu\u1ea3, Propylene Glycol \u201ch\u00fat n\u01b0\u1edbc\u201d t\u1eeb m\u00f4i tr\u01b0\u1eddng ho\u1eb7c t\u1eeb c\u00e1c l\u1edbp da s\u00e2u h\u01a1n l\u00ean b\u1ec1 m\u1eb7t da, ngo\u00e0i ra c\u00f2n gi\u00fap c\u00e1c th\u00e0nh ph\u1ea7n kh\u00e1c d\u1ec5 d\u00e0ng x\u00e2m nh\u1eadp, \u201cth\u1ea9m th\u1ea5u\u201d v\u00e0o da<\/p>\n<p>&#8211; St.Ives Collagen Elastin Moisturizer Timeless Skin\u00a0kh\u00f4ng c\u00f2n \u0111\u01a1n thu\u1ea7n l\u00e0 m\u1ed9t h\u0169 kem c\u1ea5p \u1ea9m th\u00f4ng th\u01b0\u1eddng nh\u1edd b\u1ed5 sung Collagen v\u00e0 Elastin cho da, 2 b\u1ea1n n\u00e0y c\u00f3 t\u00e1c d\u1ee5ng lien k\u1ebft c\u00e1c t\u1ebf b\u00e0o da v\u1edbi nhau, t\u1ea1o \u0111\u1ed9 \u0111\u00e0n h\u1ed3i, s\u0103n ch\u1eafc v\u00e0 m\u1ec1m m\u01b0\u1ee3t cho l\u00e0n da.<\/p>\n<p><img class=\"lazy\" title=\"Kem d\u01b0\u1ee1ng \u1ea9m St.Ives Collagen Elastin Moisturizer Timeless Skin ch\u1ee9a c\u00e1c lo\u1ea1i protein t\u1ef1 nhi\u00ean\" src=\"https:\/\/adminbeauty.hvnet.vn\/Upload\/images\/kemduongda-st1.jpg\" alt=\"Kem d\u01b0\u1ee1ng \u1ea9m St.Ives Collagen Elastin Moisturizer Timeless Skin ch\u1ee9a c\u00e1c lo\u1ea1i protein t\u1ef1 nhi\u00ean\" longdesc=\"https:\/\/beautygarden.vn\/Upload\/images\/kemduongda-st1.jpg\" data-src=\"https:\/\/adminbeauty.hvnet.vn\/Upload\/images\/kemduongda-st1.jpg\" \/><\/p>\n<p>Kem d\u01b0\u1ee1ng \u1ea9m\u00a0St.Ives Collagen Elastin Moisturizer Timeless Skin\u00a0ch\u1ee9a c\u00e1c lo\u1ea1i protein t\u1ef1 nhi\u00ean<\/p>\n<\/div>\n<\/div>\n<div class=\"item-note \">\n<div class=\"title-member right-border title-behide\">\n<h2>H\u01af\u1edaNG D\u1eaaN S\u1eec D\u1ee4NG KEM D\u01af\u1ee0NG \u1ea8M ST.IVES COLLAGEN ELASTIN MOISTURIZER TIMELESS SKIN<\/h2>\n<\/div>\n<div class=\"back-content\">\n<p>&#8211; S\u1eed d\u1ee5ng\u00a0kem d\u01b0\u1ee1ng da\u00a01-2 l\u1ea7n m\u1ed9t ng\u00e0y, bu\u1ed5i s\u00e1ng \u2013 tr\u01b0\u1edbc l\u1edbp makeup, bu\u1ed5i t\u1ed1i \u2013 b\u01b0\u1edbc cu\u1ed1i c\u00f9ng c\u1ee7a chu tr\u00ecnh skincare.<\/p>\n<p>&#8211; S\u1ea3n ph\u1ea9m ph\u00f9 h\u1ee3p cho c\u00e1c b\u1ea1n da kh\u00f4, da th\u01b0\u1eddng, da h\u1ed7n h\u1ee3p. Da d\u1ea7u th\u00ec m\u00ecnh khuy\u00ean n\u00ean dung \u0111\u1ec3 c\u1ea5p \u1ea9m v\u00e0o ban \u0111\u00eam ho\u1eb7c d\u00f9ng v\u00e0o m\u00f9a \u0111\u00f4ng th\u00ec ho\u00e0n to\u00e0n ok nh\u00e9!<\/p>\n<p><img class=\"lazy\" title=\"Ch\u1ea5t kem l\u1ecfng nh\u1eb9 nh\u01b0 lotion, d\u1ec5 d\u00e0ng thoa \u0111\u1ec1u, m\u1edbi thoa l\u00ean s\u1ebd c\u00f3 gi\u1ea3m gi\u00e1c r\u1ea5t l\u00e0 \u201cfresh\u201d, c\u1ef1c k\u1ef3 m\u00e1t m\u1ebb s\u1ea3ng kho\u00e1i\" src=\"https:\/\/adminbeauty.hvnet.vn\/Upload\/images\/kemduongda-st2.jpg\" alt=\"Ch\u1ea5t kem l\u1ecfng nh\u1eb9 nh\u01b0 lotion, d\u1ec5 d\u00e0ng thoa \u0111\u1ec1u, m\u1edbi thoa l\u00ean s\u1ebd c\u00f3 gi\u1ea3m gi\u00e1c r\u1ea5t l\u00e0 \u201cfresh\u201d, c\u1ef1c k\u1ef3 m\u00e1t m\u1ebb s\u1ea3ng kho\u00e1i\" longdesc=\"https:\/\/beautygarden.vn\/Upload\/images\/kemduongda-st2.jpg\" data-src=\"https:\/\/adminbeauty.hvnet.vn\/Upload\/images\/kemduongda-st2.jpg\" \/><\/p>\n<p>Ch\u1ea5t kem l\u1ecfng nh\u1eb9 nh\u01b0 lotion, d\u1ec5 d\u00e0ng thoa \u0111\u1ec1u, m\u1edbi thoa l\u00ean s\u1ebd c\u00f3 gi\u1ea3m gi\u00e1c r\u1ea5t l\u00e0 \u201cfresh\u201d, c\u1ef1c k\u1ef3 m\u00e1t m\u1ebb s\u1ea3ng kho\u00e1i<\/p>\n<\/div>\n<\/div>\n","protected":false},"excerpt":{"rendered":"<ul>\n<li>V\u1eadn chuy\u1ec3n tr\u00ean to\u00e0n qu\u1ed1c<\/li>\n<li>Cam k\u1ebft s\u1ea3n ph\u1ea9m \u0111\u00fang ch\u1ea5t l\u01b0\u1ee3ng mi\u00eau t\u1ea3 tr\u00ean website<\/li>\n<li>B\u1ea3o h\u00e0nh ch\u00ednh h\u00e3ng<\/li>\n<li>Ki\u1ec3m tra h\u00e0ng tr\u01b0\u1edbc khi thanh to\u00e1n<\/li>\n<li>Hotline: 035 609 3690<\/li>\n<\/ul>\n","protected":false},"featured_media":359,"template":"","meta":[],"yoast_head":"<!-- This site is optimized with the Yoast SEO plugin v14.7 - https:\/\/yoast.com\/wordpress\/plugins\/seo\/ -->\n<title>Kem D\u01b0\u1ee1ng \u1ea8m St.Ives Collagen Elastin - Liha<\/title>\n<meta name=\"robots\" content=\"noindex, follow\" \/>\n<meta property=\"og:locale\" content=\"vi_VN\" \/>\n<meta property=\"og:type\" content=\"article\" \/>\n<meta property=\"og:title\" content=\"Kem D\u01b0\u1ee1ng \u1ea8m St.Ives Collagen Elastin - Liha\" \/>\n<meta property=\"og:description\" content=\"V\u1eadn chuy\u1ec3n tr\u00ean to\u00e0n qu\u1ed1c  Cam k\u1ebft s\u1ea3n ph\u1ea9m \u0111\u00fang ch\u1ea5t l\u01b0\u1ee3ng mi\u00eau t\u1ea3 tr\u00ean website  B\u1ea3o h\u00e0nh ch\u00ednh h\u00e3ng  Ki\u1ec3m tra h\u00e0ng tr\u01b0\u1edbc khi thanh to\u00e1n  Hotline: 035 609 3690\" \/>\n<meta property=\"og:url\" content=\"http:\/\/mau.hoabinhweb.com\/mypham1\/san-pham\/kem-duong-am-st-ives-collagen-elastin\/\" \/>\n<meta property=\"og:site_name\" content=\"Liha\" \/>\n<meta property=\"article:modified_time\" content=\"2021-03-09T02:54:09+00:00\" \/>\n<meta property=\"og:image\" content=\"http:\/\/mau.hoabinhweb.com\/mypham1\/wp-content\/uploads\/2020\/08\/sanpham-mypham4.jpg\" \/>\n\t<meta property=\"og:image:width\" content=\"600\" \/>\n\t<meta property=\"og:image:height\" content=\"600\" \/>\n<meta name=\"twitter:card\" content=\"summary_large_image\" \/>\n<script type=\"application\/ld+json\" class=\"yoast-schema-graph\">{\"@context\":\"https:\/\/schema.org\",\"@graph\":[{\"@type\":\"WebSite\",\"@id\":\"http:\/\/mau.hoabinhweb.com\/mypham1\/#website\",\"url\":\"http:\/\/mau.hoabinhweb.com\/mypham1\/\",\"name\":\"Liha\",\"description\":\"\",\"potentialAction\":[{\"@type\":\"SearchAction\",\"target\":\"http:\/\/mau.hoabinhweb.com\/mypham1\/?s={search_term_string}\",\"query-input\":\"required name=search_term_string\"}],\"inLanguage\":\"vi\"},{\"@type\":\"ImageObject\",\"@id\":\"http:\/\/mau.hoabinhweb.com\/mypham1\/san-pham\/kem-duong-am-st-ives-collagen-elastin\/#primaryimage\",\"inLanguage\":\"vi\",\"url\":\"http:\/\/mau.hoabinhweb.com\/mypham1\/wp-content\/uploads\/2020\/08\/sanpham-mypham4.jpg\",\"width\":600,\"height\":600,\"caption\":\"Sanpham Mypham4\"},{\"@type\":\"WebPage\",\"@id\":\"http:\/\/mau.hoabinhweb.com\/mypham1\/san-pham\/kem-duong-am-st-ives-collagen-elastin\/#webpage\",\"url\":\"http:\/\/mau.hoabinhweb.com\/mypham1\/san-pham\/kem-duong-am-st-ives-collagen-elastin\/\",\"name\":\"Kem D\\u01b0\\u1ee1ng \\u1ea8m St.Ives Collagen Elastin - Liha\",\"isPartOf\":{\"@id\":\"http:\/\/mau.hoabinhweb.com\/mypham1\/#website\"},\"primaryImageOfPage\":{\"@id\":\"http:\/\/mau.hoabinhweb.com\/mypham1\/san-pham\/kem-duong-am-st-ives-collagen-elastin\/#primaryimage\"},\"datePublished\":\"2020-08-21T00:40:00+00:00\",\"dateModified\":\"2021-03-09T02:54:09+00:00\",\"breadcrumb\":{\"@id\":\"http:\/\/mau.hoabinhweb.com\/mypham1\/san-pham\/kem-duong-am-st-ives-collagen-elastin\/#breadcrumb\"},\"inLanguage\":\"vi\",\"potentialAction\":[{\"@type\":\"ReadAction\",\"target\":[\"http:\/\/mau.hoabinhweb.com\/mypham1\/san-pham\/kem-duong-am-st-ives-collagen-elastin\/\"]}]},{\"@type\":\"BreadcrumbList\",\"@id\":\"http:\/\/mau.hoabinhweb.com\/mypham1\/san-pham\/kem-duong-am-st-ives-collagen-elastin\/#breadcrumb\",\"itemListElement\":[{\"@type\":\"ListItem\",\"position\":1,\"item\":{\"@type\":\"WebPage\",\"@id\":\"http:\/\/mau.hoabinhweb.com\/mypham1\/\",\"url\":\"http:\/\/mau.hoabinhweb.com\/mypham1\/\",\"name\":\"Trang ch\\u1ee7\"}},{\"@type\":\"ListItem\",\"position\":2,\"item\":{\"@type\":\"WebPage\",\"@id\":\"http:\/\/mau.hoabinhweb.com\/mypham1\/san-pham\/\",\"url\":\"http:\/\/mau.hoabinhweb.com\/mypham1\/san-pham\/\",\"name\":\"S\\u1ea3n ph\\u1ea9m\"}},{\"@type\":\"ListItem\",\"position\":3,\"item\":{\"@type\":\"WebPage\",\"@id\":\"http:\/\/mau.hoabinhweb.com\/mypham1\/san-pham\/kem-duong-am-st-ives-collagen-elastin\/\",\"url\":\"http:\/\/mau.hoabinhweb.com\/mypham1\/san-pham\/kem-duong-am-st-ives-collagen-elastin\/\",\"name\":\"Kem D\\u01b0\\u1ee1ng \\u1ea8m St.Ives Collagen Elastin\"}}]}]}<\/script>\n<!-- \/ Yoast SEO plugin. -->","_links":{"self":[{"href":"http:\/\/mau.hoabinhweb.com\/mypham1\/wp-json\/wp\/v2\/product\/110"}],"collection":[{"href":"http:\/\/mau.hoabinhweb.com\/mypham1\/wp-json\/wp\/v2\/product"}],"about":[{"href":"http:\/\/mau.hoabinhweb.com\/mypham1\/wp-json\/wp\/v2\/types\/product"}],"wp:featuredmedia":[{"embeddable":true,"href":"http:\/\/mau.hoabinhweb.com\/mypham1\/wp-json\/wp\/v2\/media\/359"}],"wp:attachment":[{"href":"http:\/\/mau.hoabinhweb.com\/mypham1\/wp-json\/wp\/v2\/media?parent=110"}],"curies":[{"name":"wp","href":"https:\/\/api.w.org\/{rel}","templated":true}]}}