{"id":107,"date":"2020-08-21T07:36:20","date_gmt":"2020-08-21T00:36:20","guid":{"rendered":"http:\/\/mau.hoabinhweb.com\/mypham1\/?post_type=product&#038;p=107"},"modified":"2021-03-09T09:58:49","modified_gmt":"2021-03-09T02:58:49","slug":"bong-danh-kem-nen-vacosi-quarter-sponge","status":"publish","type":"product","link":"http:\/\/mau.hoabinhweb.com\/mypham1\/san-pham\/bong-danh-kem-nen-vacosi-quarter-sponge\/","title":{"rendered":"B\u00f4ng \u0110\u00e1nh Kem N\u1ec1n Vacosi Quarter Sponge"},"content":{"rendered":"<p>B\u00f4ng ph\u1ea5n \u01b0\u1edbt tam gi\u00e1c vu\u00f4ng VACOSI v\u1edbi c\u1ea5u t\u1ea1o b\u1ec1 m\u1eb7t m\u00fat m\u1ecbn m\u00e0ng, v\u00e0 bo g\u00f3c. Gi\u00fap b\u1ea1n tho\u1ea3i m\u00e1i t\u00e1n kem n\u1ec1n \u0111\u1ec1u kh\u1eafp m\u1eb7t m\u00e0 kh\u00f4ng g\u00e2y \u0111au r\u00e1t, kh\u00f3 ch\u1ecbu cho da.<\/p>\n<p><img loading=\"lazy\" class=\"lazy\" src=\"https:\/\/adminbeauty.hvnet.vn\/Upload\/tinymce\/2021\/3\/3\/b0475efa2f01879eed8e3d583bfdac06043501.jpg\" alt=\"\" width=\"800\" height=\"800\" data-src=\"https:\/\/adminbeauty.hvnet.vn\/Upload\/tinymce\/2021\/3\/3\/b0475efa2f01879eed8e3d583bfdac06043501.jpg\" \/><br \/>\nThi\u1ebft k\u1ebf h\u00ecnh tam gi\u00e1c to v\u1eeba c\u00f3 c\u00e1c g\u00f3c nh\u1ecdn gi\u00fap d\u1ec5 d\u00e0ng t\u00e1n kem n\u1ec1n ngay c\u1ea3 v\u1edbi v\u00f9ng c\u00f3 g\u00f3c c\u1ea1nh hay kh\u00f3e m\u1eaft, m\u0169i. C\u1ea5u tr\u00fac x\u1ed1p m\u1ecbn gi\u00fap t\u1ea1o n\u00ean l\u1edbp trang \u0111i\u1ec3m m\u1ecbn m\u00e0ng th\u1eadt \u0111\u1ec1u m\u00e0u v\u00e0 t\u1ef1 nhi\u00ean.<\/p>\n<p>Ti\u1ec7n l\u1ee3i v\u00e0 ti\u1ebft ki\u1ec7m h\u01a1n v\u1edbi 4 mi\u1ebfng b\u00f4ng ph\u1ea5n \u01b0\u1edbt tam gi\u00e1c trong 1 set s\u1ea3n ph\u1ea9m.<\/p>\n","protected":false},"excerpt":{"rendered":"<ul>\n<li>V\u1eadn chuy\u1ec3n tr\u00ean to\u00e0n qu\u1ed1c<\/li>\n<li>Cam k\u1ebft s\u1ea3n ph\u1ea9m \u0111\u00fang ch\u1ea5t l\u01b0\u1ee3ng mi\u00eau t\u1ea3 tr\u00ean website<\/li>\n<li>B\u1ea3o h\u00e0nh ch\u00ednh h\u00e3ng<\/li>\n<li>Ki\u1ec3m tra h\u00e0ng tr\u01b0\u1edbc khi thanh to\u00e1n<\/li>\n<li>Hotline: 035 609 3690<\/li>\n<\/ul>\n","protected":false},"featured_media":364,"template":"","meta":[],"yoast_head":"<!-- This site is optimized with the Yoast SEO plugin v14.7 - https:\/\/yoast.com\/wordpress\/plugins\/seo\/ -->\n<title>B\u00f4ng \u0110\u00e1nh Kem N\u1ec1n Vacosi Quarter Sponge - Liha<\/title>\n<meta name=\"robots\" content=\"noindex, follow\" \/>\n<meta property=\"og:locale\" content=\"vi_VN\" \/>\n<meta property=\"og:type\" content=\"article\" \/>\n<meta property=\"og:title\" content=\"B\u00f4ng \u0110\u00e1nh Kem N\u1ec1n Vacosi Quarter Sponge - Liha\" \/>\n<meta property=\"og:description\" content=\"V\u1eadn chuy\u1ec3n tr\u00ean to\u00e0n qu\u1ed1c  Cam k\u1ebft s\u1ea3n ph\u1ea9m \u0111\u00fang ch\u1ea5t l\u01b0\u1ee3ng mi\u00eau t\u1ea3 tr\u00ean website  B\u1ea3o h\u00e0nh ch\u00ednh h\u00e3ng  Ki\u1ec3m tra h\u00e0ng tr\u01b0\u1edbc khi thanh to\u00e1n  Hotline: 035 609 3690\" \/>\n<meta property=\"og:url\" content=\"http:\/\/mau.hoabinhweb.com\/mypham1\/san-pham\/bong-danh-kem-nen-vacosi-quarter-sponge\/\" \/>\n<meta property=\"og:site_name\" content=\"Liha\" \/>\n<meta property=\"article:modified_time\" content=\"2021-03-09T02:58:49+00:00\" \/>\n<meta property=\"og:image\" content=\"http:\/\/mau.hoabinhweb.com\/mypham1\/wp-content\/uploads\/2020\/08\/sanpham-mypham7.jpg\" \/>\n\t<meta property=\"og:image:width\" content=\"600\" \/>\n\t<meta property=\"og:image:height\" content=\"600\" \/>\n<meta name=\"twitter:card\" content=\"summary_large_image\" \/>\n<script type=\"application\/ld+json\" class=\"yoast-schema-graph\">{\"@context\":\"https:\/\/schema.org\",\"@graph\":[{\"@type\":\"WebSite\",\"@id\":\"http:\/\/mau.hoabinhweb.com\/mypham1\/#website\",\"url\":\"http:\/\/mau.hoabinhweb.com\/mypham1\/\",\"name\":\"Liha\",\"description\":\"\",\"potentialAction\":[{\"@type\":\"SearchAction\",\"target\":\"http:\/\/mau.hoabinhweb.com\/mypham1\/?s={search_term_string}\",\"query-input\":\"required name=search_term_string\"}],\"inLanguage\":\"vi\"},{\"@type\":\"ImageObject\",\"@id\":\"http:\/\/mau.hoabinhweb.com\/mypham1\/san-pham\/bong-danh-kem-nen-vacosi-quarter-sponge\/#primaryimage\",\"inLanguage\":\"vi\",\"url\":\"http:\/\/mau.hoabinhweb.com\/mypham1\/wp-content\/uploads\/2020\/08\/sanpham-mypham7.jpg\",\"width\":600,\"height\":600,\"caption\":\"Sanpham Mypham7\"},{\"@type\":\"WebPage\",\"@id\":\"http:\/\/mau.hoabinhweb.com\/mypham1\/san-pham\/bong-danh-kem-nen-vacosi-quarter-sponge\/#webpage\",\"url\":\"http:\/\/mau.hoabinhweb.com\/mypham1\/san-pham\/bong-danh-kem-nen-vacosi-quarter-sponge\/\",\"name\":\"B\\u00f4ng \\u0110\\u00e1nh Kem N\\u1ec1n Vacosi Quarter Sponge - Liha\",\"isPartOf\":{\"@id\":\"http:\/\/mau.hoabinhweb.com\/mypham1\/#website\"},\"primaryImageOfPage\":{\"@id\":\"http:\/\/mau.hoabinhweb.com\/mypham1\/san-pham\/bong-danh-kem-nen-vacosi-quarter-sponge\/#primaryimage\"},\"datePublished\":\"2020-08-21T00:36:20+00:00\",\"dateModified\":\"2021-03-09T02:58:49+00:00\",\"breadcrumb\":{\"@id\":\"http:\/\/mau.hoabinhweb.com\/mypham1\/san-pham\/bong-danh-kem-nen-vacosi-quarter-sponge\/#breadcrumb\"},\"inLanguage\":\"vi\",\"potentialAction\":[{\"@type\":\"ReadAction\",\"target\":[\"http:\/\/mau.hoabinhweb.com\/mypham1\/san-pham\/bong-danh-kem-nen-vacosi-quarter-sponge\/\"]}]},{\"@type\":\"BreadcrumbList\",\"@id\":\"http:\/\/mau.hoabinhweb.com\/mypham1\/san-pham\/bong-danh-kem-nen-vacosi-quarter-sponge\/#breadcrumb\",\"itemListElement\":[{\"@type\":\"ListItem\",\"position\":1,\"item\":{\"@type\":\"WebPage\",\"@id\":\"http:\/\/mau.hoabinhweb.com\/mypham1\/\",\"url\":\"http:\/\/mau.hoabinhweb.com\/mypham1\/\",\"name\":\"Trang ch\\u1ee7\"}},{\"@type\":\"ListItem\",\"position\":2,\"item\":{\"@type\":\"WebPage\",\"@id\":\"http:\/\/mau.hoabinhweb.com\/mypham1\/san-pham\/\",\"url\":\"http:\/\/mau.hoabinhweb.com\/mypham1\/san-pham\/\",\"name\":\"S\\u1ea3n ph\\u1ea9m\"}},{\"@type\":\"ListItem\",\"position\":3,\"item\":{\"@type\":\"WebPage\",\"@id\":\"http:\/\/mau.hoabinhweb.com\/mypham1\/san-pham\/bong-danh-kem-nen-vacosi-quarter-sponge\/\",\"url\":\"http:\/\/mau.hoabinhweb.com\/mypham1\/san-pham\/bong-danh-kem-nen-vacosi-quarter-sponge\/\",\"name\":\"B\\u00f4ng \\u0110\\u00e1nh Kem N\\u1ec1n Vacosi Quarter Sponge\"}}]}]}<\/script>\n<!-- \/ Yoast SEO plugin. -->","_links":{"self":[{"href":"http:\/\/mau.hoabinhweb.com\/mypham1\/wp-json\/wp\/v2\/product\/107"}],"collection":[{"href":"http:\/\/mau.hoabinhweb.com\/mypham1\/wp-json\/wp\/v2\/product"}],"about":[{"href":"http:\/\/mau.hoabinhweb.com\/mypham1\/wp-json\/wp\/v2\/types\/product"}],"wp:featuredmedia":[{"embeddable":true,"href":"http:\/\/mau.hoabinhweb.com\/mypham1\/wp-json\/wp\/v2\/media\/364"}],"wp:attachment":[{"href":"http:\/\/mau.hoabinhweb.com\/mypham1\/wp-json\/wp\/v2\/media?parent=107"}],"curies":[{"name":"wp","href":"https:\/\/api.w.org\/{rel}","templated":true}]}}