{"id":103,"date":"2020-08-21T07:33:44","date_gmt":"2020-08-21T00:33:44","guid":{"rendered":"http:\/\/mau.hoabinhweb.com\/mypham1\/?post_type=product&#038;p=103"},"modified":"2021-03-09T10:03:29","modified_gmt":"2021-03-09T03:03:29","slug":"kem-tri-nam-dongsung-rannce-cream","status":"publish","type":"product","link":"http:\/\/mau.hoabinhweb.com\/mypham1\/san-pham\/kem-tri-nam-dongsung-rannce-cream\/","title":{"rendered":"Kem Tr\u1ecb N\u00e1m Dongsung Rannce Cream"},"content":{"rendered":"<div class=\"item-note \">\n<div class=\"title-member\">\n<h2>TH\u00d4NG TIN S\u1ea2N PH\u1ea8M KEM TR\u1eca N\u00c1M DONGSUNG<\/h2>\n<\/div>\n<div class=\"back-content\">\n<p>V\u1edbi nh\u1eefng th\u00e0nh ph\u1ea7n thi\u00ean nhi\u00ean v\u00e0 nh\u1eefng c\u00f4ng th\u1ee9c l\u00e0m \u0111\u1eb9p \u0111\u1eb7c bi\u1ec7t, kem Dongsung rannce cream s\u1ebd \u0111em l\u1ea1i cho b\u1ea1n m\u1ed9t l\u00e0n da kh\u1ecfe m\u1ea1nh, tr\u1eafng s\u00e1ng, gi\u00fap da c\u1ee7a b\u1ea1n lo\u1ea1i b\u1ecf nh\u1eefng v\u1ebft th\u00e2m s\u1eb9o, th\u00e2m n\u00e1m,\u2026 v\u00e0 c\u00f3 nh\u1eefng t\u00e1c d\u1ee5ng r\u1ea5t t\u1ed1t trong vi\u1ec7c t\u00e1i t\u1ea1o l\u00e0n da c\u1ee7a b\u1ea1n.<\/p>\n<p>\u0110\u00e2y l\u00e0 m\u1ed9t s\u1ea3n ph\u1ea9m ch\u0103m s\u00f3c da \u0111ang r\u1ea5t hot tr\u00ean to\u00e0n ch\u00e2u \u00c1 v\u00e0 \u0111\u1eb7c bi\u1ec7t \u0111\u01b0\u1ee3c r\u1ea5t nhi\u1ec1u ch\u1ecb em b\u00ean H\u00e0n Qu\u1ed1c tin t\u01b0\u1edfng s\u1eed d\u1ee5ng.<\/p>\n<p><img class=\"lazy\" src=\"https:\/\/bizweb.dktcdn.net\/100\/349\/537\/products\/kem-tri-nam-dongsung-rannce-cream-han-quoc-anh-1-600x407.jpg?v=1558601868417\" alt=\"H\u00c3\u00acnh \u00e1\u00ba\u00a3nh c\u00c3\u00b3 li\u00c3\u00aan quan\" data-src=\"https:\/\/bizweb.dktcdn.net\/100\/349\/537\/products\/kem-tri-nam-dongsung-rannce-cream-han-quoc-anh-1-600x407.jpg?v=1558601868417\" \/><\/p>\n<\/div>\n<\/div>\n<div class=\"item-note \">\n<div class=\"title-member right-border title-behide\">\n<h2>C\u00d4NG D\u1ee4NG S\u1ea2N PH\u1ea8M KEM TR\u1eca N\u00c1M DONGSUNG<\/h2>\n<\/div>\n<div class=\"back-content\">\n<p>Xu\u1ea5t x\u1ee9: H\u00e0n Qu\u1ed1c<\/p>\n<p>Dung t\u00edch: 10gr<\/p>\n<ul>\n<li>Do c\u00f3 t\u00ednh axit nh\u1eb9 n\u00ean hoa Chamomile c\u00f3 c\u00f4ng d\u1ee5ng th\u1ea7n k\u00ec trong vi\u1ec7c l\u00e0m s\u1ea1ch da, c\u00e2n b\u1eb1ng \u0111\u1ed9 \u1ea9m v\u00e0 \u0111\u1ea9y l\u00f9i c\u00e1c v\u1ebft th\u00e2m da.<\/li>\n<li>Ng\u0103n ch\u1eb7n s\u1ef1 ph\u00e1t tri\u1ec3n v\u00e0 lo\u1ea1i b\u1ecf c\u00e1c s\u1eafc t\u1ed1 melanin \u2013 m\u1ed9t lo\u1ea1i s\u1eafc t\u1ed1 s\u1ea3n sinh v\u00e0 t\u1ea1o n\u00ean c\u00e1c v\u1ec1 n\u00e1m, t\u00e0n nhang hay c\u00e1c v\u1ebft th\u00e2m s\u1ea1m. Ng\u0103n c\u00e1c s\u1eafc t\u1ed1 Tyrosinase, \u0111\u1ed3ng th\u1eddi ng\u0103n ch\u1eb7n s\u1ef1 x\u00e2m nh\u1eadp v\u00e0 \u1ea3nh h\u01b0\u1edfng c\u1ee7a tia c\u1ef1c t\u00edm l\u00ean da, b\u1ea3o b\u1ec1 cho l\u00e0n da c\u1ee7a b\u1ea1n b\u1edfi c\u00e1c t\u00e1c h\u1ea1i t\u1eeb c\u1ea3 b\u00ean ngo\u00e0i v\u00e0 b\u00ean trong.<\/li>\n<li>B\u1ed5 sung v\u00e0 cung c\u1ea5p c\u00e1c t\u1ebf b\u00e0o g\u1ed1c c\u1ea7n thi\u1ebft cho qu\u00e1 tr\u00ecnh t\u00e1i t\u1ea1o v\u00e0 l\u00e0m t\u01b0\u01a1i tr\u1ebb l\u00e0n da. B\u1ed5 sung collagen t\u1ef1 nhi\u00ean, gi\u00fap k\u00edch th\u00edch s\u1ef1 t\u00e1i sinh c\u1ee7a c\u00e1c t\u1ebf b\u00e0o m\u1edbi, t\u1ea1o s\u1ef1 dai, b\u1ec1n cho l\u1edbp da, gi\u00fap ng\u0103n ng\u1eeba n\u1ebfp nh\u0103n v\u00e0 l\u00e3o h\u00f3a.<\/li>\n<li>B\u1ed5 sung c\u00e1c d\u01b0\u1ee1ng ch\u1ea5t m\u00e0 da \u0111ang thi\u1ebfu h\u1ee5t nh\u01b0 c\u00e1c lo\u1ea1i vitamin, c\u00e2n b\u1eb1ng c\u00e1c ch\u1ea5t trong da v\u00e0 ch\u1ed1ng l\u1ea1i c\u00e1c nguy\u00ean nh\u00e2n g\u00e2y l\u00e3o h\u00f3a da.<\/li>\n<li>Axit Kojic \u2013 m\u1ed9t trong nh\u1eefng th\u00e0nh ph\u1ea7n ch\u00ednh trong kem s\u1ebd gi\u00fap lo\u1ea1i b\u1ecf c\u00e1c s\u1eafc t\u1ed1 da kh\u00f4ng s\u00e1ng m\u00e0u, gi\u00fap da c\u1ee7a b\u1ea1n tr\u1eafng, s\u00e1ng. \u0110\u1eb7c bi\u1ec7t l\u00e0 n\u00f3 s\u1ebd gi\u00fap c\u00e1c v\u00f9ng da c\u1ee7a b\u1ea1n tr\u1edf n\u00ean \u0111\u1ec1u m\u00e0u h\u01a1n, ch\u00ednh v\u00ec v\u1eady kem Dongsung rannce cream c\u00f3 th\u1ec3 \u0111i\u1ec1u tr\u1ecb \u0111\u01b0\u1ee3c c\u00e1c lo\u1ea1i n\u00e1m, t\u00e0n nhang s\u00e2u, l\u00e2u n\u0103m.<\/li>\n<li>Ngo\u00e0i ra, kem c\u00f2n c\u00f3 t\u00e1c d\u1ee5ng l\u00e0m da m\u1ecbn m\u00e0ng h\u01a1n, kh\u1eafc ph\u1ee5c t\u00ecnh tr\u1ea1ng da s\u1ea7n s\u00f9i, th\u00f4 r\u00e1p, gi\u00fap l\u1ed7 ch\u00e2n l\u00f4ng \u0111\u01b0\u1ee3c thu nh\u1ecf, ng\u0103n ch\u1eb7n l\u00e0n da ti\u1ebft qu\u00e1 nhi\u1ec1u d\u1ea7u.<\/li>\n<\/ul>\n<p><img class=\"lazy\" src=\"https:\/\/miraso.vn\/upload\/images\/dongsung-rannce-cream-10g-2.jpg\" alt=\"K\u00e1\u00ba\u00bft qu\u00e1\u00ba\u00a3 h\u00c3\u00acnh \u00e1\u00ba\u00a3nh cho Dongsung Rannce Cream 10gr\" data-src=\"https:\/\/miraso.vn\/upload\/images\/dongsung-rannce-cream-10g-2.jpg\" \/><\/p>\n<\/div>\n<\/div>\n","protected":false},"excerpt":{"rendered":"<ul>\n<li>V\u1eadn chuy\u1ec3n tr\u00ean to\u00e0n qu\u1ed1c<\/li>\n<li>Cam k\u1ebft s\u1ea3n ph\u1ea9m \u0111\u00fang ch\u1ea5t l\u01b0\u1ee3ng mi\u00eau t\u1ea3 tr\u00ean website<\/li>\n<li>B\u1ea3o h\u00e0nh ch\u00ednh h\u00e3ng<\/li>\n<li>Ki\u1ec3m tra h\u00e0ng tr\u01b0\u1edbc khi thanh to\u00e1n<\/li>\n<li>Hotline: 035 609 3690<\/li>\n<\/ul>\n","protected":false},"featured_media":367,"template":"","meta":[],"yoast_head":"<!-- This site is optimized with the Yoast SEO plugin v14.7 - https:\/\/yoast.com\/wordpress\/plugins\/seo\/ -->\n<title>Kem Tr\u1ecb N\u00e1m Dongsung Rannce Cream - Liha<\/title>\n<meta name=\"robots\" content=\"noindex, follow\" \/>\n<meta property=\"og:locale\" content=\"vi_VN\" \/>\n<meta property=\"og:type\" content=\"article\" \/>\n<meta property=\"og:title\" content=\"Kem Tr\u1ecb N\u00e1m Dongsung Rannce Cream - Liha\" \/>\n<meta property=\"og:description\" content=\"V\u1eadn chuy\u1ec3n tr\u00ean to\u00e0n qu\u1ed1c  Cam k\u1ebft s\u1ea3n ph\u1ea9m \u0111\u00fang ch\u1ea5t l\u01b0\u1ee3ng mi\u00eau t\u1ea3 tr\u00ean website  B\u1ea3o h\u00e0nh ch\u00ednh h\u00e3ng  Ki\u1ec3m tra h\u00e0ng tr\u01b0\u1edbc khi thanh to\u00e1n  Hotline: 035 609 3690\" \/>\n<meta property=\"og:url\" content=\"http:\/\/mau.hoabinhweb.com\/mypham1\/san-pham\/kem-tri-nam-dongsung-rannce-cream\/\" \/>\n<meta property=\"og:site_name\" content=\"Liha\" \/>\n<meta property=\"article:modified_time\" content=\"2021-03-09T03:03:29+00:00\" \/>\n<meta property=\"og:image\" content=\"http:\/\/mau.hoabinhweb.com\/mypham1\/wp-content\/uploads\/2020\/08\/sanpham-mypham10.jpg\" \/>\n\t<meta property=\"og:image:width\" content=\"592\" \/>\n\t<meta property=\"og:image:height\" content=\"592\" \/>\n<meta name=\"twitter:card\" content=\"summary_large_image\" \/>\n<script type=\"application\/ld+json\" class=\"yoast-schema-graph\">{\"@context\":\"https:\/\/schema.org\",\"@graph\":[{\"@type\":\"WebSite\",\"@id\":\"http:\/\/mau.hoabinhweb.com\/mypham1\/#website\",\"url\":\"http:\/\/mau.hoabinhweb.com\/mypham1\/\",\"name\":\"Liha\",\"description\":\"\",\"potentialAction\":[{\"@type\":\"SearchAction\",\"target\":\"http:\/\/mau.hoabinhweb.com\/mypham1\/?s={search_term_string}\",\"query-input\":\"required name=search_term_string\"}],\"inLanguage\":\"vi\"},{\"@type\":\"ImageObject\",\"@id\":\"http:\/\/mau.hoabinhweb.com\/mypham1\/san-pham\/kem-tri-nam-dongsung-rannce-cream\/#primaryimage\",\"inLanguage\":\"vi\",\"url\":\"http:\/\/mau.hoabinhweb.com\/mypham1\/wp-content\/uploads\/2020\/08\/sanpham-mypham10.jpg\",\"width\":592,\"height\":592,\"caption\":\"Sanpham Mypham10\"},{\"@type\":\"WebPage\",\"@id\":\"http:\/\/mau.hoabinhweb.com\/mypham1\/san-pham\/kem-tri-nam-dongsung-rannce-cream\/#webpage\",\"url\":\"http:\/\/mau.hoabinhweb.com\/mypham1\/san-pham\/kem-tri-nam-dongsung-rannce-cream\/\",\"name\":\"Kem Tr\\u1ecb N\\u00e1m Dongsung Rannce Cream - Liha\",\"isPartOf\":{\"@id\":\"http:\/\/mau.hoabinhweb.com\/mypham1\/#website\"},\"primaryImageOfPage\":{\"@id\":\"http:\/\/mau.hoabinhweb.com\/mypham1\/san-pham\/kem-tri-nam-dongsung-rannce-cream\/#primaryimage\"},\"datePublished\":\"2020-08-21T00:33:44+00:00\",\"dateModified\":\"2021-03-09T03:03:29+00:00\",\"breadcrumb\":{\"@id\":\"http:\/\/mau.hoabinhweb.com\/mypham1\/san-pham\/kem-tri-nam-dongsung-rannce-cream\/#breadcrumb\"},\"inLanguage\":\"vi\",\"potentialAction\":[{\"@type\":\"ReadAction\",\"target\":[\"http:\/\/mau.hoabinhweb.com\/mypham1\/san-pham\/kem-tri-nam-dongsung-rannce-cream\/\"]}]},{\"@type\":\"BreadcrumbList\",\"@id\":\"http:\/\/mau.hoabinhweb.com\/mypham1\/san-pham\/kem-tri-nam-dongsung-rannce-cream\/#breadcrumb\",\"itemListElement\":[{\"@type\":\"ListItem\",\"position\":1,\"item\":{\"@type\":\"WebPage\",\"@id\":\"http:\/\/mau.hoabinhweb.com\/mypham1\/\",\"url\":\"http:\/\/mau.hoabinhweb.com\/mypham1\/\",\"name\":\"Trang ch\\u1ee7\"}},{\"@type\":\"ListItem\",\"position\":2,\"item\":{\"@type\":\"WebPage\",\"@id\":\"http:\/\/mau.hoabinhweb.com\/mypham1\/san-pham\/\",\"url\":\"http:\/\/mau.hoabinhweb.com\/mypham1\/san-pham\/\",\"name\":\"S\\u1ea3n ph\\u1ea9m\"}},{\"@type\":\"ListItem\",\"position\":3,\"item\":{\"@type\":\"WebPage\",\"@id\":\"http:\/\/mau.hoabinhweb.com\/mypham1\/san-pham\/kem-tri-nam-dongsung-rannce-cream\/\",\"url\":\"http:\/\/mau.hoabinhweb.com\/mypham1\/san-pham\/kem-tri-nam-dongsung-rannce-cream\/\",\"name\":\"Kem Tr\\u1ecb N\\u00e1m Dongsung Rannce Cream\"}}]}]}<\/script>\n<!-- \/ Yoast SEO plugin. -->","_links":{"self":[{"href":"http:\/\/mau.hoabinhweb.com\/mypham1\/wp-json\/wp\/v2\/product\/103"}],"collection":[{"href":"http:\/\/mau.hoabinhweb.com\/mypham1\/wp-json\/wp\/v2\/product"}],"about":[{"href":"http:\/\/mau.hoabinhweb.com\/mypham1\/wp-json\/wp\/v2\/types\/product"}],"wp:featuredmedia":[{"embeddable":true,"href":"http:\/\/mau.hoabinhweb.com\/mypham1\/wp-json\/wp\/v2\/media\/367"}],"wp:attachment":[{"href":"http:\/\/mau.hoabinhweb.com\/mypham1\/wp-json\/wp\/v2\/media?parent=103"}],"curies":[{"name":"wp","href":"https:\/\/api.w.org\/{rel}","templated":true}]}}