{"id":102,"date":"2020-08-21T07:33:43","date_gmt":"2020-08-21T00:33:43","guid":{"rendered":"http:\/\/mau.hoabinhweb.com\/mypham1\/?post_type=product&#038;p=102"},"modified":"2021-03-09T10:05:09","modified_gmt":"2021-03-09T03:05:09","slug":"gel-duong-innisfree-aloe-revital-soothing-gel","status":"publish","type":"product","link":"http:\/\/mau.hoabinhweb.com\/mypham1\/san-pham\/gel-duong-innisfree-aloe-revital-soothing-gel\/","title":{"rendered":"Gel D\u01b0\u1ee1ng Innisfree Aloe Revital Soothing Gel"},"content":{"rendered":"<div class=\"item-note \">\n<div class=\"back-content\">\n<p>L\u00e0n da \u0111ang &#8220;k\u00eau c\u1ee9u&#8221; v\u00e0o m\u00f9a h\u00e8 n\u1eafng n\u00f3ng, \u0111\u00e3 c\u00f3 gel d\u01b0\u1ee1ng \u1ea9m \u0111a n\u0103ng Innisfree Aloe Revital Soothing Gel. M\u1ed9t &#8220;ng\u01b0\u1eddi b\u1ea1n&#8221; d\u01b0\u1ee1ng \u1ea9m chuy\u00ean s\u00e2u th\u00e2n thi\u1ec7n t\u1eeb Innisfree. Chi\u1ebft xu\u1ea5t t\u1eeb nha \u0111am lo\u1ea1i gel d\u01b0\u1ee1ng n\u00e0y mang \u0111\u1ebfn nh\u1eefng b\u1ea5t ng\u1edd th\u00fa v\u1ecb trong tr\u1ea3i nghi\u1ec7m \u0111\u00f3!<\/p>\n<p><img loading=\"lazy\" class=\"lazy\" src=\"https:\/\/adminbeauty.hvnet.vn\/Upload\/tinymce\/2021\/3\/3\/113526369_971184323325546_5464916353139028137_n023855.jpg\" alt=\"\" width=\"640\" height=\"640\" data-src=\"https:\/\/adminbeauty.hvnet.vn\/Upload\/tinymce\/2021\/3\/3\/113526369_971184323325546_5464916353139028137_n023855.jpg\" \/><\/p>\n<\/div>\n<\/div>\n<div class=\"item-note \">\n<div class=\"title-member right-border title-behide\">\n<h2>C\u00d4NG D\u1ee4NG S\u1ea2N PH\u1ea8M<\/h2>\n<\/div>\n<div class=\"back-content\">\n<p>Xu\u1ea5t x\u1ee9: H\u00e0n Qu\u1ed1c<\/p>\n<p>Dung t\u00edch: 300ml<\/p>\n<p>Th\u00e0nh ph\u1ea7n c\u1ee7a gel d\u01b0\u1ee1ng \u1ea9m \u0111a n\u0103ng Innisfree Aloe Revital Soothing Gel l\u00e0nh t\u00ecnh, an to\u00e0n. Theo nh\u01b0 h\u00e3ng m\u00f4 t\u1ea3 th\u00ec em n\u00f3 ch\u1ee9a t\u1edbi 93% chi\u1ebft xu\u1ea5t nha \u0111am (l\u00f4 h\u1ed9i). C\u00f4ng d\u1ee5ng c\u1ee7a nha \u0111am th\u00ec h\u1eb3n ai c\u0169ng bi\u1ebft l\u00e0 l\u00e0m m\u00e1t da t\u1ee9c th\u00ec, tr\u1ecb \u0111\u01b0\u1ee3c c\u1ea3 v\u1ebft th\u00e2m, b\u1ecfng v\u00e0 m\u1ee5n, l\u00e0m d\u1ecbu da nh\u1ea1y c\u1ea3m b\u1ecb k\u00edch \u1ee9ng. \u0110\u1ee9ng \u0111\u1ea7u trong b\u1ea3ng th\u00e0nh ph\u1ea7n c\u1ee7a gel l\u00f4 h\u1ed9i Innisfree ch\u00ednh l\u00e0 nha \u0111am ch\u1ee9 kh\u00f4ng ph\u1ea3i l\u00e0 n\u01b0\u1edbc (water) nh\u01b0 nhi\u1ec1u h\u00e3ng kh\u00e1c.<\/p>\n<p><img loading=\"lazy\" class=\"lazy\" src=\"https:\/\/adminbeauty.hvnet.vn\/Upload\/tinymce\/2021\/3\/3\/110033396_341072153716251_835775803101491010_n024019.jpg\" alt=\"\" width=\"640\" height=\"640\" data-src=\"https:\/\/adminbeauty.hvnet.vn\/Upload\/tinymce\/2021\/3\/3\/110033396_341072153716251_835775803101491010_n024019.jpg\" \/><\/p>\n<p>Ngo\u00e0i ra gel l\u00f4 h\u1ed9i Innisfree c\u00f2n th\u1ea5y c\u00f3 c\u1ea3 ch\u1ea5t madecassoside \u2013 h\u1ee3p ch\u1ea5t \u0111i\u1ec3n h\u00ecnh chi\u1ebft xu\u1ea5t t\u1eeb rau m\u00e1. Chi\u1ebft xu\u1ea5t n\u00e0y c\u00f3 kh\u1ea3 n\u0103ng tr\u1ecb s\u1eb9o r\u1ed3i ch\u1eefa l\u00e0nh v\u1ebft th\u01b0\u01a1ng, l\u00e0m d\u1ecbu t\u1ed5n th\u01b0\u01a1ng do \u00e1nh n\u1eafng, l\u00e0m kh\u1ecfe m\u00e0ng b\u1ea3o v\u1ec7 da, c\u00f3 t\u00e1c d\u1ee5ng ch\u1ed1ng oxi h\u00f3a.<\/p>\n<p>S\u1ea3n ph\u1ea9m \u0111a c\u00f4ng d\u1ee5ng, t\u1eadp trung b\u1ed5 sung \u0111\u1ed9 \u1ea9m \u1edf n\u01a1i c\u1ea7n thi\u1ebft<\/p>\n<p><img loading=\"lazy\" class=\"lazy\" src=\"https:\/\/adminbeauty.hvnet.vn\/Upload\/tinymce\/2021\/3\/3\/gel-lo-hoi-giu-am-da-nang-innisfree-aloe-revital-soothing-gel-9024129.jpg\" alt=\"\" width=\"960\" height=\"960\" data-src=\"https:\/\/adminbeauty.hvnet.vn\/Upload\/tinymce\/2021\/3\/3\/gel-lo-hoi-giu-am-da-nang-innisfree-aloe-revital-soothing-gel-9024129.jpg\" \/><\/p>\n<p>C\u00f3 th\u1ec3 s\u1eed d\u1ee5ng cho t\u00f3c, m\u1eb7t, tay, ch\u1eadn hay b\u1ed9 ph\u1eadn c\u1ea7n t\u1eadp trung b\u1ed5 sung n\u01b0\u1edbc do b\u1ecb \u1ea3nh h\u01b0\u1edfng t\u1eeb m\u00f4i tr\u01b0\u1eddng b\u00ean ngo\u00e0i, \u0111\u1ed9 \u1ea9m phong ph\u00fa gi\u00fap mang l\u1ea1i l\u00e0n da \u0111\u1ea7y n\u0103ng l\u01b0\u1ee3ng v\u00e0 s\u1ee9c s\u1ed1ng.<\/p>\n<\/div>\n<\/div>\n","protected":false},"excerpt":{"rendered":"<ul>\n<li>V\u1eadn chuy\u1ec3n tr\u00ean to\u00e0n qu\u1ed1c<\/li>\n<li>Cam k\u1ebft s\u1ea3n ph\u1ea9m \u0111\u00fang ch\u1ea5t l\u01b0\u1ee3ng mi\u00eau t\u1ea3 tr\u00ean website<\/li>\n<li>B\u1ea3o h\u00e0nh ch\u00ednh h\u00e3ng<\/li>\n<li>Ki\u1ec3m tra h\u00e0ng tr\u01b0\u1edbc khi thanh to\u00e1n<\/li>\n<li>Hotline: 035 609 3690<\/li>\n<\/ul>\n","protected":false},"featured_media":368,"template":"","meta":[],"yoast_head":"<!-- This site is optimized with the Yoast SEO plugin v14.7 - https:\/\/yoast.com\/wordpress\/plugins\/seo\/ -->\n<title>Gel D\u01b0\u1ee1ng Innisfree Aloe Revital Soothing Gel - Liha<\/title>\n<meta name=\"robots\" content=\"noindex, follow\" \/>\n<meta property=\"og:locale\" content=\"vi_VN\" \/>\n<meta property=\"og:type\" content=\"article\" \/>\n<meta property=\"og:title\" content=\"Gel D\u01b0\u1ee1ng Innisfree Aloe Revital Soothing Gel - Liha\" \/>\n<meta property=\"og:description\" content=\"V\u1eadn chuy\u1ec3n tr\u00ean to\u00e0n qu\u1ed1c  Cam k\u1ebft s\u1ea3n ph\u1ea9m \u0111\u00fang ch\u1ea5t l\u01b0\u1ee3ng mi\u00eau t\u1ea3 tr\u00ean website  B\u1ea3o h\u00e0nh ch\u00ednh h\u00e3ng  Ki\u1ec3m tra h\u00e0ng tr\u01b0\u1edbc khi thanh to\u00e1n  Hotline: 035 609 3690\" \/>\n<meta property=\"og:url\" content=\"http:\/\/mau.hoabinhweb.com\/mypham1\/san-pham\/gel-duong-innisfree-aloe-revital-soothing-gel\/\" \/>\n<meta property=\"og:site_name\" content=\"Liha\" \/>\n<meta property=\"article:modified_time\" content=\"2021-03-09T03:05:09+00:00\" \/>\n<meta property=\"og:image\" content=\"http:\/\/mau.hoabinhweb.com\/mypham1\/wp-content\/uploads\/2020\/08\/sanpham-mypham11.jpg\" \/>\n\t<meta property=\"og:image:width\" content=\"600\" \/>\n\t<meta property=\"og:image:height\" content=\"600\" \/>\n<meta name=\"twitter:card\" content=\"summary_large_image\" \/>\n<script type=\"application\/ld+json\" class=\"yoast-schema-graph\">{\"@context\":\"https:\/\/schema.org\",\"@graph\":[{\"@type\":\"WebSite\",\"@id\":\"http:\/\/mau.hoabinhweb.com\/mypham1\/#website\",\"url\":\"http:\/\/mau.hoabinhweb.com\/mypham1\/\",\"name\":\"Liha\",\"description\":\"\",\"potentialAction\":[{\"@type\":\"SearchAction\",\"target\":\"http:\/\/mau.hoabinhweb.com\/mypham1\/?s={search_term_string}\",\"query-input\":\"required name=search_term_string\"}],\"inLanguage\":\"vi\"},{\"@type\":\"ImageObject\",\"@id\":\"http:\/\/mau.hoabinhweb.com\/mypham1\/san-pham\/gel-duong-innisfree-aloe-revital-soothing-gel\/#primaryimage\",\"inLanguage\":\"vi\",\"url\":\"http:\/\/mau.hoabinhweb.com\/mypham1\/wp-content\/uploads\/2020\/08\/sanpham-mypham11.jpg\",\"width\":600,\"height\":600,\"caption\":\"Sanpham Mypham11\"},{\"@type\":\"WebPage\",\"@id\":\"http:\/\/mau.hoabinhweb.com\/mypham1\/san-pham\/gel-duong-innisfree-aloe-revital-soothing-gel\/#webpage\",\"url\":\"http:\/\/mau.hoabinhweb.com\/mypham1\/san-pham\/gel-duong-innisfree-aloe-revital-soothing-gel\/\",\"name\":\"Gel D\\u01b0\\u1ee1ng Innisfree Aloe Revital Soothing Gel - Liha\",\"isPartOf\":{\"@id\":\"http:\/\/mau.hoabinhweb.com\/mypham1\/#website\"},\"primaryImageOfPage\":{\"@id\":\"http:\/\/mau.hoabinhweb.com\/mypham1\/san-pham\/gel-duong-innisfree-aloe-revital-soothing-gel\/#primaryimage\"},\"datePublished\":\"2020-08-21T00:33:43+00:00\",\"dateModified\":\"2021-03-09T03:05:09+00:00\",\"breadcrumb\":{\"@id\":\"http:\/\/mau.hoabinhweb.com\/mypham1\/san-pham\/gel-duong-innisfree-aloe-revital-soothing-gel\/#breadcrumb\"},\"inLanguage\":\"vi\",\"potentialAction\":[{\"@type\":\"ReadAction\",\"target\":[\"http:\/\/mau.hoabinhweb.com\/mypham1\/san-pham\/gel-duong-innisfree-aloe-revital-soothing-gel\/\"]}]},{\"@type\":\"BreadcrumbList\",\"@id\":\"http:\/\/mau.hoabinhweb.com\/mypham1\/san-pham\/gel-duong-innisfree-aloe-revital-soothing-gel\/#breadcrumb\",\"itemListElement\":[{\"@type\":\"ListItem\",\"position\":1,\"item\":{\"@type\":\"WebPage\",\"@id\":\"http:\/\/mau.hoabinhweb.com\/mypham1\/\",\"url\":\"http:\/\/mau.hoabinhweb.com\/mypham1\/\",\"name\":\"Trang ch\\u1ee7\"}},{\"@type\":\"ListItem\",\"position\":2,\"item\":{\"@type\":\"WebPage\",\"@id\":\"http:\/\/mau.hoabinhweb.com\/mypham1\/san-pham\/\",\"url\":\"http:\/\/mau.hoabinhweb.com\/mypham1\/san-pham\/\",\"name\":\"S\\u1ea3n ph\\u1ea9m\"}},{\"@type\":\"ListItem\",\"position\":3,\"item\":{\"@type\":\"WebPage\",\"@id\":\"http:\/\/mau.hoabinhweb.com\/mypham1\/san-pham\/gel-duong-innisfree-aloe-revital-soothing-gel\/\",\"url\":\"http:\/\/mau.hoabinhweb.com\/mypham1\/san-pham\/gel-duong-innisfree-aloe-revital-soothing-gel\/\",\"name\":\"Gel D\\u01b0\\u1ee1ng Innisfree Aloe Revital Soothing Gel\"}}]}]}<\/script>\n<!-- \/ Yoast SEO plugin. -->","_links":{"self":[{"href":"http:\/\/mau.hoabinhweb.com\/mypham1\/wp-json\/wp\/v2\/product\/102"}],"collection":[{"href":"http:\/\/mau.hoabinhweb.com\/mypham1\/wp-json\/wp\/v2\/product"}],"about":[{"href":"http:\/\/mau.hoabinhweb.com\/mypham1\/wp-json\/wp\/v2\/types\/product"}],"wp:featuredmedia":[{"embeddable":true,"href":"http:\/\/mau.hoabinhweb.com\/mypham1\/wp-json\/wp\/v2\/media\/368"}],"wp:attachment":[{"href":"http:\/\/mau.hoabinhweb.com\/mypham1\/wp-json\/wp\/v2\/media?parent=102"}],"curies":[{"name":"wp","href":"https:\/\/api.w.org\/{rel}","templated":true}]}}