{"id":375,"date":"2021-03-09T13:40:47","date_gmt":"2021-03-09T06:40:47","guid":{"rendered":"http:\/\/mau.hoabinhweb.com\/mypham1\/?page_id=375"},"modified":"2021-03-09T13:40:47","modified_gmt":"2021-03-09T06:40:47","slug":"chinh-sach-cong-tac-vien","status":"publish","type":"page","link":"http:\/\/mau.hoabinhweb.com\/mypham1\/chinh-sach-cong-tac-vien\/","title":{"rendered":"Ch\u00ednh s\u00e1ch c\u1ed9ng t\u00e1c vi\u00ean"},"content":{"rendered":"<p><strong>Liha lu\u00f4n c\u00f9ng h\u1ec7 th\u1ed1ng \u0111\u1ea1i l\u00fd ph\u00e2n ph\u1ed1i l\u00e0m l\u00ean nh\u1eefng s\u1ea3n ph\u1ea9m t\u1ed1t nh\u1ea5t, d\u1ecbch v\u1ee5 ch\u0103m s\u00f3c kh\u00e1ch h\u00e0ng v\u00e0 ch\u1ebf \u0111\u1ed9 \u01b0u \u0111\u00e3i tuy\u1ec7t v\u1eddi nh\u1ea5t d\u00e0nh cho kh\u00e1ch h\u00e0ng \u0111\u00e3 tin y\u00eau v\u00e0 lu\u00f4n \u0111\u1ed3ng h\u00e0nh c\u00f9ng Liha.<\/strong><\/p>\n<div id=\"toc_container\" class=\"no_bullets\"><p class=\"toc_title\">M\u1ee5c l\u1ee5c<\/p><ul class=\"toc_list\"><li><a href=\"#Tai_sao_khach_hang_dai_ly_luon_lua_chon_Liha\"><span class=\"toc_number toc_depth_1\">1<\/span> T\u1ea1i sao kh\u00e1ch h\u00e0ng \u0111\u1ea1i l\u00fd lu\u00f4n l\u1ef1a ch\u1ecdn Liha<\/a><\/li><li><a href=\"#The_manh_cua_Liha\"><span class=\"toc_number toc_depth_1\">2<\/span> Th\u1ebf m\u1ea1nh c\u1ee7a Liha<\/a><\/li><li><a href=\"#Co_hoi_thi_truong_danh_cho_dai_ly\"><span class=\"toc_number toc_depth_1\">3<\/span> C\u01a1 h\u1ed9i th\u1ecb tr\u01b0\u1eddng d\u00e0nh cho \u0111\u1ea1i l\u00fd<\/a><\/li><\/ul><\/div>\n<h2><span id=\"Tai_sao_khach_hang_dai_ly_luon_lua_chon_Liha\"><strong>T\u1ea1i sao kh\u00e1ch h\u00e0ng \u0111\u1ea1i l\u00fd lu\u00f4n l\u1ef1a ch\u1ecdn Liha<\/strong><\/span><\/h2>\n<p><strong>Liha<\/strong> v\u00e0 \u0111\u1ea1i l\u00fd v\u1edbi ph\u01b0\u01a1ng ch\u00e2m, cam k\u1ebft h\u1ee3p t\u00e1c d\u00e0i h\u1ea1n v\u00e0 chia s\u1ebb m\u1ee5c ti\u00eau win \u2013 win.<\/p>\n<p>H\u1ed7 tr\u1ee3 v\u00e0 chia s\u1ebd th\u00f4ng tin th\u01b0\u1eddng xuy\u00ean.<\/p>\n<p>Ch\u00ednh s\u00e1ch \u0111\u1ea1i l\u00fd \u0111\u1ed3ng b\u1ed9 tr\u00ean to\u00e0n qu\u1ed1c.<\/p>\n<p>V\u1edbi b\u1ec1 d\u00e0y \u0111i\u1ec1u h\u00e0nh, qu\u1ea3n l\u00fd, s\u1ea3n xu\u1ea5t, kinh doanh s\u1ea3n ph\u1ea9m m\u1ef9 ph\u1ea9m, ph\u00e1t tri\u1ec3n h\u1ec7 th\u1ed1ng Showroom\/\u0111\u1ea1i l\u00fd tr\u00ean to\u00e0n qu\u1ed1c c\u00f9ng v\u1edbi h\u1ec7 th\u1ed1ng b\u00e1n h\u00e0ng Onlile, d\u1ecbch v\u1ee5 ch\u0103m s\u00f3c kh\u00e1ch h\u00e0ng chuy\u00ean\u00a0nghi\u1ec7p,\u00a0<strong>Liha<\/strong> \u0111em \u0111\u1ebfn cho kh\u00e1ch h\u00e0ng s\u1ea3n ph\u1ea9m m\u1ef9 ph\u1ea9m\u00a0th\u1ecbnh h\u00e0nh v\u00e0 to\u00e0n di\u1ec7n nh\u1ea5t.<\/p>\n<p>S\u1ea3n ph\u1ea9m m\u1ef9 ph\u1ea9m c\u1ee7a <strong>Liha<\/strong> \u0111\u01b0\u1ee3c nghi\u00ean c\u1ee9u, s\u00e1ng t\u1ea1o chi ti\u1ebft t\u1eeb ch\u1ea5t li\u1ec7u cho \u0111\u1ebfn ph\u1ee5 ki\u1ec7n s\u1ea3n ph\u1ea9m, s\u1ea3n ph\u1ea9m \u0111a d\u1ea1ng t\u1eeb m\u1ef9 ph\u1ea9m c\u00f4ng s\u1edf \u0111\u1ebfn m\u1ef9 ph\u1ea9m thi\u1ebft k\u1ebf, d\u1ea1 h\u1ed9i, \u00e1o d\u00e0i, \u0111\u00e1p \u1ee9ng nhu c\u1ea7u ti\u00eau d\u00f9ng c\u1ee7a \u0111\u1ea1i b\u1ed9 ph\u1eadn kh\u00e1ch h\u00e0ng ph\u1ee5 n\u1eef Vi\u1ec7t v\u00e0 n\u01b0\u1edbc ngo\u00e0i.<\/p>\n<h2><span id=\"The_manh_cua_Liha\"><strong>Th\u1ebf m\u1ea1nh c\u1ee7a Liha<\/strong><\/span><\/h2>\n<p>S\u1ea3n ph\u1ea9m m\u1ef9 ph\u1ea9m \u0111a d\u1ea1ng, ph\u00f2ng ph\u00fa, \u0111\u00e1p \u1ee9ng nhu c\u1ea7u ti\u00eau d\u00f9ng kh\u00e1ch h\u00e0ng tr\u00ean c\u00e1c t\u1ec9nh, th\u00e0nh ph\u1ed1 Vi\u1ec7t Nam.<\/p>\n<p>Quy tr\u00ecnh s\u1ea3n xu\u1ea5t, ki\u1ec3m tra, bao g\u00f3i, giao nh\u1eadn s\u1ea3n ph\u1ea9m \u0111\u1ed3ng b\u1ed9, h\u1ec7 th\u1ed1ng ch\u0103m s\u00f3c kh\u00e1ch h\u00e0ng chuy\u00ean nghi\u1ec7p.<\/p>\n<p>C\u01a1 ch\u1ebf ch\u00ednh s\u00e1ch \u00e1p d\u1ee5ng \u0111\u1ea1i l\u00fd m\u1ee9c chi\u1ebft kh\u1ea5u, h\u1ed7 tr\u1ee3 linh ho\u1ea1t, th\u1ed1ng nh\u1ea5t.<\/p>\n<p>H\u1ec7 th\u1ed1ng qu\u1ea3n l\u00fd b\u00e1n h\u00e0ng theo ti\u00eau chu\u1ea9n chung.<\/p>\n<p>H\u1ec7 th\u1ed1ng nh\u00e2n s\u1ef1 marketing m\u1ea1nh, h\u1ed7 tr\u1ee3 t\u1ed1i \u0111a cho kh\u00e1ch h\u00e0ng \u0111\u1ea1i l\u00fd v\u1ec1 truy\u1ec1n th\u00f4ng, qu\u1ea3ng c\u00e1o.<\/p>\n<h2><span id=\"Co_hoi_thi_truong_danh_cho_dai_ly\"><strong>C\u01a1 h\u1ed9i th\u1ecb tr\u01b0\u1eddng d\u00e0nh cho \u0111\u1ea1i l\u00fd<\/strong><\/span><\/h2>\n<p>Nhu c\u1ea7u s\u1eed d\u1ee5ng s\u1ea3n ph\u1ea9m m\u1ef9 ph\u1ea9m c\u1ee7a ph\u1ee5 n\u1eef Vi\u1ec7t ng\u00e0y c\u00e0ng t\u0103ng cao.<\/p>\n<p>Ph\u1ee5 n\u1eef Vi\u1ec7t lu\u00f4n quan t\u00e2m \u0111\u1ebfn m\u1ef9 ph\u1ea9m v\u00e0 phong c\u00e1ch, gu th\u1ea9m m\u1ef9 c\u1ee7a t\u1eebng kh\u00e1ch h\u00e0ng khi l\u1ef1a ch\u1ecdn mua s\u1ea3n ph\u1ea9m.<\/p>\n<p>S\u1ee9c mua s\u1ea3n ph\u1ea9m m\u1ef9 ph\u1ea9m c\u1ee7a ph\u1ee5 n\u1eef Vi\u1ec7t lu\u00f4n s\u00f4i \u0111\u1ed9ng v\u00e0 kh\u00f4ng ng\u1eebng t\u0103ng cao.<\/p>\n<p>Nhu c\u1ea7u mua s\u1eafm s\u1ea3n ph\u1ea9m m\u1ef9 ph\u1ea9m ph\u00e1t tri\u1ec3n kh\u1eafp c\u00e1c t\u1ec9nh, th\u00e0nh ph\u1ed1, qu\u1eadn, huy\u1ec7n tr\u00ean m\u1ecdi mi\u1ec1n t\u1ed5 qu\u1ed1c.<\/p>\n","protected":false},"excerpt":{"rendered":"<p>Liha lu\u00f4n c\u00f9ng h\u1ec7 th\u1ed1ng \u0111\u1ea1i l\u00fd ph\u00e2n ph\u1ed1i l\u00e0m l\u00ean nh\u1eefng s\u1ea3n ph\u1ea9m t\u1ed1t nh\u1ea5t, d\u1ecbch v\u1ee5 ch\u0103m s\u00f3c kh\u00e1ch h\u00e0ng v\u00e0 ch\u1ebf \u0111\u1ed9 \u01b0u \u0111\u00e3i tuy\u1ec7t v\u1eddi nh\u1ea5t d\u00e0nh cho kh\u00e1ch h\u00e0ng \u0111\u00e3 tin y\u00eau v\u00e0 lu\u00f4n \u0111\u1ed3ng h\u00e0nh c\u00f9ng Liha. M\u1ee5c l\u1ee5c1 T\u1ea1i sao kh\u00e1ch h\u00e0ng \u0111\u1ea1i l\u00fd lu\u00f4n l\u1ef1a ch\u1ecdn Liha2<\/p>\n","protected":false},"author":3,"featured_media":0,"parent":0,"menu_order":0,"comment_status":"closed","ping_status":"closed","template":"","meta":[],"yoast_head":"<!-- This site is optimized with the Yoast SEO plugin v14.7 - https:\/\/yoast.com\/wordpress\/plugins\/seo\/ -->\n<title>Ch\u00ednh s\u00e1ch c\u1ed9ng t\u00e1c vi\u00ean - Liha<\/title>\n<meta name=\"robots\" content=\"noindex, follow\" \/>\n<meta property=\"og:locale\" content=\"vi_VN\" \/>\n<meta property=\"og:type\" content=\"article\" \/>\n<meta property=\"og:title\" content=\"Ch\u00ednh s\u00e1ch c\u1ed9ng t\u00e1c vi\u00ean - Liha\" \/>\n<meta property=\"og:description\" content=\"Liha lu\u00f4n c\u00f9ng h\u1ec7 th\u1ed1ng \u0111\u1ea1i l\u00fd ph\u00e2n ph\u1ed1i l\u00e0m l\u00ean nh\u1eefng s\u1ea3n ph\u1ea9m t\u1ed1t nh\u1ea5t, d\u1ecbch v\u1ee5 ch\u0103m s\u00f3c kh\u00e1ch h\u00e0ng v\u00e0 ch\u1ebf \u0111\u1ed9 \u01b0u \u0111\u00e3i tuy\u1ec7t v\u1eddi nh\u1ea5t d\u00e0nh cho kh\u00e1ch h\u00e0ng \u0111\u00e3 tin y\u00eau v\u00e0 lu\u00f4n \u0111\u1ed3ng h\u00e0nh c\u00f9ng Liha. M\u1ee5c l\u1ee5c1 T\u1ea1i sao kh\u00e1ch h\u00e0ng \u0111\u1ea1i l\u00fd lu\u00f4n l\u1ef1a ch\u1ecdn Liha2\" \/>\n<meta property=\"og:url\" content=\"http:\/\/mau.hoabinhweb.com\/mypham1\/chinh-sach-cong-tac-vien\/\" \/>\n<meta property=\"og:site_name\" content=\"Liha\" \/>\n<meta name=\"twitter:card\" content=\"summary_large_image\" \/>\n<script type=\"application\/ld+json\" class=\"yoast-schema-graph\">{\"@context\":\"https:\/\/schema.org\",\"@graph\":[{\"@type\":\"WebSite\",\"@id\":\"http:\/\/mau.hoabinhweb.com\/mypham1\/#website\",\"url\":\"http:\/\/mau.hoabinhweb.com\/mypham1\/\",\"name\":\"Liha\",\"description\":\"\",\"potentialAction\":[{\"@type\":\"SearchAction\",\"target\":\"http:\/\/mau.hoabinhweb.com\/mypham1\/?s={search_term_string}\",\"query-input\":\"required name=search_term_string\"}],\"inLanguage\":\"vi\"},{\"@type\":\"WebPage\",\"@id\":\"http:\/\/mau.hoabinhweb.com\/mypham1\/chinh-sach-cong-tac-vien\/#webpage\",\"url\":\"http:\/\/mau.hoabinhweb.com\/mypham1\/chinh-sach-cong-tac-vien\/\",\"name\":\"Ch\\u00ednh s\\u00e1ch c\\u1ed9ng t\\u00e1c vi\\u00ean - Liha\",\"isPartOf\":{\"@id\":\"http:\/\/mau.hoabinhweb.com\/mypham1\/#website\"},\"datePublished\":\"2021-03-09T06:40:47+00:00\",\"dateModified\":\"2021-03-09T06:40:47+00:00\",\"breadcrumb\":{\"@id\":\"http:\/\/mau.hoabinhweb.com\/mypham1\/chinh-sach-cong-tac-vien\/#breadcrumb\"},\"inLanguage\":\"vi\",\"potentialAction\":[{\"@type\":\"ReadAction\",\"target\":[\"http:\/\/mau.hoabinhweb.com\/mypham1\/chinh-sach-cong-tac-vien\/\"]}]},{\"@type\":\"BreadcrumbList\",\"@id\":\"http:\/\/mau.hoabinhweb.com\/mypham1\/chinh-sach-cong-tac-vien\/#breadcrumb\",\"itemListElement\":[{\"@type\":\"ListItem\",\"position\":1,\"item\":{\"@type\":\"WebPage\",\"@id\":\"http:\/\/mau.hoabinhweb.com\/mypham1\/\",\"url\":\"http:\/\/mau.hoabinhweb.com\/mypham1\/\",\"name\":\"Trang ch\\u1ee7\"}},{\"@type\":\"ListItem\",\"position\":2,\"item\":{\"@type\":\"WebPage\",\"@id\":\"http:\/\/mau.hoabinhweb.com\/mypham1\/chinh-sach-cong-tac-vien\/\",\"url\":\"http:\/\/mau.hoabinhweb.com\/mypham1\/chinh-sach-cong-tac-vien\/\",\"name\":\"Ch\\u00ednh s\\u00e1ch c\\u1ed9ng t\\u00e1c vi\\u00ean\"}}]}]}<\/script>\n<!-- \/ Yoast SEO plugin. -->","_links":{"self":[{"href":"http:\/\/mau.hoabinhweb.com\/mypham1\/wp-json\/wp\/v2\/pages\/375"}],"collection":[{"href":"http:\/\/mau.hoabinhweb.com\/mypham1\/wp-json\/wp\/v2\/pages"}],"about":[{"href":"http:\/\/mau.hoabinhweb.com\/mypham1\/wp-json\/wp\/v2\/types\/page"}],"author":[{"embeddable":true,"href":"http:\/\/mau.hoabinhweb.com\/mypham1\/wp-json\/wp\/v2\/users\/3"}],"replies":[{"embeddable":true,"href":"http:\/\/mau.hoabinhweb.com\/mypham1\/wp-json\/wp\/v2\/comments?post=375"}],"version-history":[{"count":0,"href":"http:\/\/mau.hoabinhweb.com\/mypham1\/wp-json\/wp\/v2\/pages\/375\/revisions"}],"wp:attachment":[{"href":"http:\/\/mau.hoabinhweb.com\/mypham1\/wp-json\/wp\/v2\/media?parent=375"}],"curies":[{"name":"wp","href":"https:\/\/api.w.org\/{rel}","templated":true}]}}