{"id":42,"date":"2022-03-22T10:16:12","date_gmt":"2022-03-22T03:16:12","guid":{"rendered":"https:\/\/shopsuabimhainam.vn\/?post_type=product&amp;p=42"},"modified":"2022-03-22T10:16:12","modified_gmt":"2022-03-22T03:16:12","slug":"sua-grow-plus-do-900g","status":"publish","type":"product","link":"http:\/\/mau.hoabinhweb.com\/mevabe1\/san-pham\/sua-grow-plus-do-900g\/","title":{"rendered":"S\u1eefa Grow Plus \u0110\u1ecf 900g"},"content":{"rendered":"<p><strong><em>S\u1eefa Grow Plus \u0111\u1ecf 900g \u0111\u01b0\u1ee3c ch\u1ee9ng minh l\u00e2m s\u00e0ng c\u00f3 hi\u1ec7u qu\u1ea3 v\u1edbi b\u00e9 suy dinh d\u01b0\u1ee1ng th\u1ea5p c\u00f2i.<\/em><\/strong><\/p><div id=\"attachment_5516\" class=\"wp-caption aligncenter\"><img loading=\"lazy\" decoding=\"async\" class=\"wp-image-5516 size-full lazyloaded\" src=\"https:\/\/shopsuabim.vn\/wp-content\/uploads\/2021\/04\/sua-nuti-grow-plus-do-900g.jpg\" sizes=\"auto, (max-width: 600px) 100vw, 600px\" srcset=\"https:\/\/shopsuabim.vn\/wp-content\/uploads\/2021\/04\/sua-nuti-grow-plus-do-900g.jpg 600w, https:\/\/shopsuabim.vn\/wp-content\/uploads\/2021\/04\/sua-nuti-grow-plus-do-900g-150x150.jpg 150w, https:\/\/shopsuabim.vn\/wp-content\/uploads\/2021\/04\/sua-nuti-grow-plus-do-900g-300x300.jpg 300w, https:\/\/shopsuabim.vn\/wp-content\/uploads\/2021\/04\/sua-nuti-grow-plus-do-900g-45x45.jpg 45w, https:\/\/shopsuabim.vn\/wp-content\/uploads\/2021\/04\/sua-nuti-grow-plus-do-900g-100x100.jpg 100w\" alt=\"S\u1eefa grow plus \u0111\u1ecf 900g c\u1ee7a nutifood\" width=\"600\" height=\"600\" data-lazy-src=\"https:\/\/shopsuabim.vn\/wp-content\/uploads\/2021\/04\/sua-nuti-grow-plus-do-900g.jpg\" data-lazy-srcset=\"https:\/\/shopsuabim.vn\/wp-content\/uploads\/2021\/04\/sua-nuti-grow-plus-do-900g.jpg 600w, https:\/\/shopsuabim.vn\/wp-content\/uploads\/2021\/04\/sua-nuti-grow-plus-do-900g-150x150.jpg 150w, https:\/\/shopsuabim.vn\/wp-content\/uploads\/2021\/04\/sua-nuti-grow-plus-do-900g-300x300.jpg 300w, https:\/\/shopsuabim.vn\/wp-content\/uploads\/2021\/04\/sua-nuti-grow-plus-do-900g-45x45.jpg 45w, https:\/\/shopsuabim.vn\/wp-content\/uploads\/2021\/04\/sua-nuti-grow-plus-do-900g-100x100.jpg 100w\" data-lazy-sizes=\"(max-width: 600px) 100vw, 600px\" data-was-processed=\"true\" \/>\n<p class=\"wp-caption-text\">S\u1eefa grow plus \u0111\u1ecf 900g c\u1ee7a nutifood<\/p>\n<\/div>\n<p><strong>T\u00ean s\u1ea3n ph\u1ea9m:<\/strong>\u00a0S\u1eefa Grow Plus \u0111\u1ecf 900g<\/p>\n<p><strong>Th\u01b0\u01a1ng hi\u1ec7u:<\/strong>\u00a0H\u00e3ng Nutifood<\/p>\n<p><strong>N\u01a1i s\u1ea3n xu\u1ea5t:<\/strong>\u00a0Vi\u1ec7t nam<\/p>\n<p><strong>Tr\u1ecdng l\u01b0\u1ee3ng:<\/strong>\u00a0900g<\/p>\n<h2><strong>Nh\u1eefng s\u1ef1 th\u1eadt v\u1ec1 S\u1eefa Grow Plus \u0111\u1ecf m\u1eb9 c\u1ea7n bi\u1ebft<\/strong><\/h2>\n<p>+ Grow Plus \u0111\u1ecf c\u00f3 m\u1eb7t t\u1ea1i kh\u1eafp c\u00e1c h\u1ec7 th\u1ed1ng \u0111\u1ea1i l\u00fd b\u00e1n bu\u00f4n, b\u00e1n l\u1ebb s\u1eefa tr\u00ean th\u1ecb tr\u01b0\u1eddng Vi\u1ec7t kh\u1eafp B\u1eafc v\u00e0o Nam. D\u00f9 \u1edf t\u1ec9nh th\u00e0nh n\u00e0o, b\u1ea1n c\u0169ng d\u1ec5 d\u00e0ng mua \u0111\u01b0\u1ee3c S\u1eefa Grow Plus \u0111\u1ecf 900g.<\/p>\n<p>+ Hi\u1ec7u qu\u1ea3 sau 6 th\u00e1ng s\u1eed d\u1ee5ng. C\u00e1c m\u1eb9 c\u00f3 th\u1ec3 t\u1ef1 theo d\u00f5i c\u00e1c ch\u1ec9 s\u1ed1 ph\u00e1t tri\u1ec3n c\u1ee7a b\u00e9 y\u00eau th\u00f4ng qua ghi ch\u00e9p tu\u1ea7n\/ th\u00e1ng.<\/p>\n<p>\u0110\u1ec3 ch\u1ee9ng minh hi\u1ec7u qu\u1ea3 c\u1ee7a s\u1eefa, h\u00e3ng Nutifood v\u00e0 Vi\u1ec7n dinh d\u01b0\u1ee1ng qu\u1ed1c gia \u0111\u00e3 c\u00f3 th\u1ed1ng k\u00ea v\u1ec1 s\u1ef1 thay \u0111\u1ed5i c\u1ee7a c\u00e1c b\u00e9 sau 6 th\u00e1ng (t\u1eeb th\u00e1ng 12\/2012 \u0111\u1ebfn th\u00e1ng 5\/2013). K\u1ebft qu\u1ea3 cho th\u1ea5y:<\/p>\n<ul>\n<li>T\u1ef7 l\u1ec7 tr\u1ebb th\u1ea5p c\u00f2i gi\u1ea3m 29,5%; t\u00ecnh tr\u1ea1ng bi\u1ebfng \u0103n c\u1ee7a b\u00e9 gi\u1ea3m 45,9%.<\/li>\n<li>M\u1ee9c \u0111\u1ed9 t\u0103ng c\u00e2n c\u1ee7a b\u00e9 \u0111\u1ea1t trung b\u00ecnh 1,44 kg\/ th\u00e1ng so v\u1edbi nh\u00f3m ch\u1ee9ng ch\u1ec9 t\u0103ng trung b\u00ecnh 0,85 kg.<\/li>\n<li>Chi\u1ec1u cao trung b\u00ecnh t\u0103ng 3,83 cm so v\u1edbi nh\u00f3m ch\u1ee9ng ch\u1ec9 t\u0103ng trung b\u00ecnh 2,85 cm.<\/li>\n<\/ul>\n<p>+ L\u00e0 d\u00f2ng s\u1eefa \u0111\u1eb7c tr\u1ecb ti\u00ean phong \u0111\u1ea7u ti\u00ean c\u1ee7a s\u1eefa Vi\u1ec7t, mang \u0111\u1ebfn gi\u1ea3i ph\u00e1p s\u1ed1 1 cho b\u00e9 suy dinh d\u01b0\u1ee1ng, th\u1ea5p c\u00f2i.<\/p>\n<p>+ S\u1eefa Grow Plus \u0111\u1ecf h\u00e0ng Vi\u1ec7t \u0111\u1ea1t ch\u1ea5t l\u01b0\u1ee3ng v\u00e0 ti\u00eau chu\u1ea9n M\u1ef9. C\u00e1c th\u00e0nh ph\u1ea7n dinh d\u01b0\u1ee1ng, d\u01b0\u1ee1ng ch\u1ea5t trong s\u1eefa \u0111\u01b0\u1ee3c ki\u1ec3m tra nghi\u00eam ng\u1eb7t b\u1edfi h\u1ec7 th\u1ed1ng Qu\u1ea3n L\u00fd Ch\u1ea5t L\u01b0\u1ee3ng ABS \u2013 QE Hoa K\u1ef3.<\/p>\n<p>+ Gi\u00e1 th\u00e0nh r\u1ebb, ph\u00f9 h\u1ee3p v\u1edbi t\u00fai ti\u1ec1n c\u1ee7a ng\u01b0\u1eddi ti\u00eau d\u00f9ng trong n\u01b0\u1edbc.<\/p>\n<p>Gi\u00e1 m\u1ed9t h\u1ed9p s\u1eefa Grow Plus \u0111\u1ecf lon thi\u1ebfc ch\u1ec9 h\u01a1n 300k, r\u1ebb h\u01a1n nhi\u1ec1u so v\u1edbi c\u00e1c th\u01b0\u01a1ng hi\u1ec7u s\u1eefa ngo\u1ea1i \u0111\u1eaft \u0111\u1ecf kh\u00e1c. N\u1ebfu c\u00e1c m\u1eb9 mu\u1ed1n th\u1eed s\u1eefa c\u00f3 h\u1ee3p v\u1edbi b\u00e9 hay kh\u00f4ng, c\u00f3 th\u1ec3 ch\u1ecdn mua h\u1ed9p s\u1eefa 400g.<\/p>\n<p>+ S\u1eefa Grow Plus \u0111\u1ecf gi\u00fap h\u01a1n 30% tr\u1ebb suy dinh d\u01b0\u1ee1ng t\u1ea1i Vi\u1ec7t Nam tho\u00e1t kh\u1ecfi \u00e1m \u1ea3nh th\u1ea5p c\u00f2i, c\u1ea3i thi\u1ec7n chi\u1ec1u cao, c\u00e2n n\u1eb7ng c\u1ee7a tr\u1ebb t\u1ed1t.<\/p>\n<p>+ S\u1eefa Grow Plus \u0111\u1ecf \u0111\u01b0\u1ee3c h\u01a1n 93% b\u00e0 m\u1eb9 t\u1ea1i Vi\u1ec7t Nam tin d\u00f9ng. S\u1eefa gi\u00fap gi\u1ea3m t\u00ecnh tr\u1ea1ng nhi\u1ec5m khu\u1ea9n \u0111\u01b0\u1eddng h\u00f4 h\u1ea5p, ti\u00eau h\u00f3a \u1edf tr\u1ebb.<\/p>\n<div id=\"attachment_2397\" class=\"wp-caption aligncenter\"><img loading=\"lazy\" decoding=\"async\" class=\"wp-image-2397 size-full lazyloaded\" src=\"https:\/\/shopsuabim.vn\/wp-content\/uploads\/2019\/02\/Sua-grow-plus-c%E1%BB%A7a-nutifood-e1550830665822.jpg\" sizes=\"auto, (max-width: 600px) 100vw, 600px\" srcset=\"https:\/\/shopsuabim.vn\/wp-content\/uploads\/2019\/02\/Sua-grow-plus-c\u1ee7a-nutifood-e1550830665822.jpg 600w, https:\/\/shopsuabim.vn\/wp-content\/uploads\/2019\/02\/Sua-grow-plus-c\u1ee7a-nutifood-e1550830665822-300x114.jpg 300w, https:\/\/shopsuabim.vn\/wp-content\/uploads\/2019\/02\/Sua-grow-plus-c\u1ee7a-nutifood-e1550830665822-20x8.jpg 20w\" alt=\"S\u1eefa Grow Plus \u0111\u1ecf c\u1ee7a Nutifood \u0111\u01b0\u1ee3c c\u00e1c b\u00e0 m\u1eb9 tin d\u00f9ng\" width=\"600\" height=\"227\" data-lazy-src=\"https:\/\/shopsuabim.vn\/wp-content\/uploads\/2019\/02\/Sua-grow-plus-c\u1ee7a-nutifood-e1550830665822.jpg\" data-lazy-srcset=\"https:\/\/shopsuabim.vn\/wp-content\/uploads\/2019\/02\/Sua-grow-plus-c\u1ee7a-nutifood-e1550830665822.jpg 600w, https:\/\/shopsuabim.vn\/wp-content\/uploads\/2019\/02\/Sua-grow-plus-c\u1ee7a-nutifood-e1550830665822-300x114.jpg 300w, https:\/\/shopsuabim.vn\/wp-content\/uploads\/2019\/02\/Sua-grow-plus-c\u1ee7a-nutifood-e1550830665822-20x8.jpg 20w\" data-lazy-sizes=\"(max-width: 600px) 100vw, 600px\" data-was-processed=\"true\" \/>\n<p class=\"wp-caption-text\">S\u1ea3n ph\u1ea9m s\u1eefa \u0111\u01b0\u1ee3c c\u00e1c b\u00e0 m\u1eb9 tin d\u00f9ng<\/p>\n<\/div>\n<h2><strong>Kh\u00e1m ph\u00e1 c\u00f4ng th\u1ee9c Weight Pro 5+ c\u1ee7a s\u1eefa<\/strong>\u00a0<strong>Grow Plus \u0111\u1ecf<\/strong><\/h2>\n<p>\u0110\u1ec3 t\u1ea1o n\u00ean s\u1ef1 kh\u00e1c bi\u1ec7t cho s\u1ea3n ph\u1ea9m\u00a0<strong>S\u1eefa Grow Plus \u0111\u1ecf<\/strong>, h\u00e3ng Nutifood \u0111\u00e3 \u0111\u1eb7c ch\u1ebf c\u00f4ng th\u1ee9c Weight Pro 5+ ch\u00fa tr\u1ecdng ph\u00e1t tri\u1ec3n th\u1ec3 ch\u1ea5t cho b\u00e9 y\u00eau v\u1edbi 5 t\u00e1c \u0111\u1ed9ng m\u1ea1nh m\u1ebd:<\/p>\n<h3><strong><em>+ S\u1eefa gi\u00e0u dinh d\u01b0\u1ee1ng, gi\u00fap b\u00e9 t\u0103ng c\u00e2n v\u01b0\u1ee3t tr\u1ed9i<\/em><\/strong><\/h3>\n<p>S\u1eefa gi\u00e0u dinh d\u01b0\u1ee1ng l\u00e0 nh\u1edd s\u1ef1 c\u00e2n b\u1eb1ng c\u1ee7a ch\u1ea5t \u0111\u1ea1m v\u00e0 ch\u1ea5t b\u00e9o. Ch\u1ea5t b\u00e9o s\u1eed d\u1ee5ng trong S\u1eefa l\u00e0 MCT \u2013 ch\u1ea5t b\u00e9o chuy\u1ec3n h\u00f3a nhanh, cung c\u1ea5p n\u0103ng l\u01b0\u1ee3ng t\u1ee9c th\u00ec \u0111\u1ec3 \u0111\u1ea3m b\u1ea3o nhu c\u1ea7u v\u1eadn \u0111\u1ed9ng c\u1ee7a b\u00e9.<\/p>\n<p>M\u1ed7i ly S\u1eefa \u0111\u00e3 pha cung c\u1ea5p 178 Kcal n\u0103ng l\u01b0\u1ee3ng \u2013 cao h\u01a1n h\u1eb3n so v\u1edbi c\u00e1c lo\u1ea1i s\u1eefa dinh d\u01b0\u1ee1ng kh\u00e1c.<\/p>\n<p>\u0110i\u1ec1u n\u00e0y ph\u00f9 h\u1ee3p v\u1edbi y\u00eau c\u1ea7u dinh d\u01b0\u1ee1ng d\u00e0nh cho b\u00e9 th\u1ea5p c\u00f2i, gi\u00fap b\u00e9 nh\u1eadn \u0111\u01b0\u1ee3c n\u0103ng l\u01b0\u1ee3ng cao h\u01a1n, ph\u00e1t tri\u1ec3n to\u00e0n di\u1ec7n, b\u1eaft k\u1ecbp b\u1ea1n b\u00e8 \u0111\u1ed3ng trang l\u1ee9a.<\/p>\n","protected":false},"excerpt":{"rendered":"<ul>\n<li><strong>H\u00e3ng s\u1ea3n xu\u1ea5t\u00a0 \u00a0 \u00a0:\u00a0<\/strong>\u00a0H\u00e3ng Nutifood<\/li>\n<li><strong>Ph\u00ed V\u1eadn Chuy\u1ec3n :\u00a0<\/strong>Giao h\u00e0ng t\u1eadn n\u01a1i mi\u1ec5n ph\u00ed trong n\u1ed9i th\u00e0nh H\u00e0 N\u1ed9i, \u0110\u01a1n h\u00e0ng \u0111\u1eb7t tr\u01b0\u1edbc 14h giao h\u00e0ng tr\u01b0\u1edbc 5h, \u0110\u1eb7t sau 14h giao h\u00e0ng sang ng\u00e0y h\u00f4m sau, Ch\u1ee7 nh\u1eadt Ngh\u1ec9<\/li>\n<li><strong>T\u00ecnh Tr\u1ea1ng\u00a0 \u00a0 \u00a0 \u00a0 \u00a0:<\/strong>\u00a0C\u00f2n h\u00e0ng<\/li>\n<\/ul>\n","protected":false},"featured_media":44,"comment_status":"closed","ping_status":"closed","template":"","meta":[],"product_cat":[17,18,19,20,21,22,23,24,25,26,27],"product_tag":[],"class_list":["post-42","product","type-product","status-publish","has-post-thumbnail","hentry","product_cat-sua-cho-nguoi-gia","product_cat-sua-cho-nguoi-suy-than","product_cat-sua-cho-nguoi-tieu-duong","product_cat-sua-cho-nguoi-ung-thu","product_cat-sua-danh-cho-ba-bau","product_cat-sua-ho-tro-he-tieu-hoa","product_cat-sua-nhap-khau","product_cat-sua-tang-can-cho-be","product_cat-sua-tang-can-cho-nguoi-gay","product_cat-sua-tang-chieu-cao-cho-be","product_cat-sua-trong-nuoc"],"yoast_head":"<!-- This site is optimized with the Yoast SEO plugin v18.9 - https:\/\/yoast.com\/wordpress\/plugins\/seo\/ -->\n<title>S\u1eefa Grow Plus \u0110\u1ecf 900g - S\u1eefa B\u1ec9m H\u1ea3i Nam<\/title>\n<meta name=\"robots\" content=\"noindex, follow, max-snippet:-1, max-image-preview:large, max-video-preview:-1\" \/>\n<meta property=\"og:locale\" content=\"vi_VN\" \/>\n<meta property=\"og:type\" content=\"article\" \/>\n<meta property=\"og:title\" content=\"S\u1eefa Grow Plus \u0110\u1ecf 900g - S\u1eefa B\u1ec9m H\u1ea3i Nam\" \/>\n<meta property=\"og:description\" content=\"H\u00e3ng s\u1ea3n xu\u1ea5t\u00a0 \u00a0 \u00a0:\u00a0\u00a0H\u00e3ng Nutifood  Ph\u00ed V\u1eadn Chuy\u1ec3n :\u00a0Giao h\u00e0ng t\u1eadn n\u01a1i mi\u1ec5n ph\u00ed trong n\u1ed9i th\u00e0nh H\u00e0 N\u1ed9i, \u0110\u01a1n h\u00e0ng \u0111\u1eb7t tr\u01b0\u1edbc 14h giao h\u00e0ng tr\u01b0\u1edbc 5h, \u0110\u1eb7t sau 14h giao h\u00e0ng sang ng\u00e0y h\u00f4m sau, Ch\u1ee7 nh\u1eadt Ngh\u1ec9  T\u00ecnh Tr\u1ea1ng\u00a0 \u00a0 \u00a0 \u00a0 \u00a0:\u00a0C\u00f2n h\u00e0ng\" \/>\n<meta property=\"og:url\" content=\"http:\/\/mau.hoabinhweb.com\/mevabe1\/san-pham\/sua-grow-plus-do-900g\/\" \/>\n<meta property=\"og:site_name\" content=\"S\u1eefa B\u1ec9m H\u1ea3i Nam\" \/>\n<meta property=\"og:image\" content=\"http:\/\/mau.hoabinhweb.com\/mevabe1\/wp-content\/uploads\/2022\/03\/sanpham12.jpg\" \/>\n\t<meta property=\"og:image:width\" content=\"600\" \/>\n\t<meta property=\"og:image:height\" content=\"600\" \/>\n\t<meta property=\"og:image:type\" content=\"image\/jpeg\" \/>\n<meta name=\"twitter:card\" content=\"summary_large_image\" \/>\n<meta name=\"twitter:label1\" content=\"\u01af\u1edbc t\u00ednh th\u1eddi gian \u0111\u1ecdc\" \/>\n\t<meta name=\"twitter:data1\" content=\"4 ph\u00fat\" \/>\n<script type=\"application\/ld+json\" class=\"yoast-schema-graph\">{\"@context\":\"https:\/\/schema.org\",\"@graph\":[{\"@type\":\"WebSite\",\"@id\":\"https:\/\/mau.hoabinhweb.com\/mevabe1\/#website\",\"url\":\"https:\/\/mau.hoabinhweb.com\/mevabe1\/\",\"name\":\"S\u1eefa B\u1ec9m H\u1ea3i Nam\",\"description\":\"\",\"potentialAction\":[{\"@type\":\"SearchAction\",\"target\":{\"@type\":\"EntryPoint\",\"urlTemplate\":\"https:\/\/mau.hoabinhweb.com\/mevabe1\/?s={search_term_string}\"},\"query-input\":\"required name=search_term_string\"}],\"inLanguage\":\"vi\"},{\"@type\":\"ImageObject\",\"inLanguage\":\"vi\",\"@id\":\"http:\/\/mau.hoabinhweb.com\/mevabe1\/san-pham\/sua-grow-plus-do-900g\/#primaryimage\",\"url\":\"http:\/\/mau.hoabinhweb.com\/mevabe1\/wp-content\/uploads\/2022\/03\/sanpham12.jpg\",\"contentUrl\":\"http:\/\/mau.hoabinhweb.com\/mevabe1\/wp-content\/uploads\/2022\/03\/sanpham12.jpg\",\"width\":600,\"height\":600,\"caption\":\"Sanpham12\"},{\"@type\":\"WebPage\",\"@id\":\"http:\/\/mau.hoabinhweb.com\/mevabe1\/san-pham\/sua-grow-plus-do-900g\/#webpage\",\"url\":\"http:\/\/mau.hoabinhweb.com\/mevabe1\/san-pham\/sua-grow-plus-do-900g\/\",\"name\":\"S\u1eefa Grow Plus \u0110\u1ecf 900g - S\u1eefa B\u1ec9m H\u1ea3i Nam\",\"isPartOf\":{\"@id\":\"https:\/\/mau.hoabinhweb.com\/mevabe1\/#website\"},\"primaryImageOfPage\":{\"@id\":\"http:\/\/mau.hoabinhweb.com\/mevabe1\/san-pham\/sua-grow-plus-do-900g\/#primaryimage\"},\"datePublished\":\"2022-03-22T03:16:12+00:00\",\"dateModified\":\"2022-03-22T03:16:12+00:00\",\"breadcrumb\":{\"@id\":\"http:\/\/mau.hoabinhweb.com\/mevabe1\/san-pham\/sua-grow-plus-do-900g\/#breadcrumb\"},\"inLanguage\":\"vi\",\"potentialAction\":[{\"@type\":\"ReadAction\",\"target\":[\"http:\/\/mau.hoabinhweb.com\/mevabe1\/san-pham\/sua-grow-plus-do-900g\/\"]}]},{\"@type\":\"BreadcrumbList\",\"@id\":\"http:\/\/mau.hoabinhweb.com\/mevabe1\/san-pham\/sua-grow-plus-do-900g\/#breadcrumb\",\"itemListElement\":[{\"@type\":\"ListItem\",\"position\":1,\"name\":\"Trang ch\u1ee7\",\"item\":\"https:\/\/mau.hoabinhweb.com\/mevabe1\/\"},{\"@type\":\"ListItem\",\"position\":2,\"name\":\"C\u1eeda h\u00e0ng\",\"item\":\"http:\/\/mau.hoabinhweb.com\/mevabe1\/cua-hang\/\"},{\"@type\":\"ListItem\",\"position\":3,\"name\":\"S\u1eefa cho ng\u01b0\u1eddi gi\u00e0\",\"item\":\"http:\/\/mau.hoabinhweb.com\/mevabe1\/danh-muc\/sua-cho-nguoi-gia\/\"},{\"@type\":\"ListItem\",\"position\":4,\"name\":\"S\u1eefa Grow Plus \u0110\u1ecf 900g\"}]}]}<\/script>\n<!-- \/ Yoast SEO plugin. -->","yoast_head_json":{"title":"S\u1eefa Grow Plus \u0110\u1ecf 900g - S\u1eefa B\u1ec9m H\u1ea3i Nam","robots":{"index":"noindex","follow":"follow","max-snippet":"max-snippet:-1","max-image-preview":"max-image-preview:large","max-video-preview":"max-video-preview:-1"},"og_locale":"vi_VN","og_type":"article","og_title":"S\u1eefa Grow Plus \u0110\u1ecf 900g - S\u1eefa B\u1ec9m H\u1ea3i Nam","og_description":"H\u00e3ng s\u1ea3n xu\u1ea5t\u00a0 \u00a0 \u00a0:\u00a0\u00a0H\u00e3ng Nutifood  Ph\u00ed V\u1eadn Chuy\u1ec3n :\u00a0Giao h\u00e0ng t\u1eadn n\u01a1i mi\u1ec5n ph\u00ed trong n\u1ed9i th\u00e0nh H\u00e0 N\u1ed9i, \u0110\u01a1n h\u00e0ng \u0111\u1eb7t tr\u01b0\u1edbc 14h giao h\u00e0ng tr\u01b0\u1edbc 5h, \u0110\u1eb7t sau 14h giao h\u00e0ng sang ng\u00e0y h\u00f4m sau, Ch\u1ee7 nh\u1eadt Ngh\u1ec9  T\u00ecnh Tr\u1ea1ng\u00a0 \u00a0 \u00a0 \u00a0 \u00a0:\u00a0C\u00f2n h\u00e0ng","og_url":"http:\/\/mau.hoabinhweb.com\/mevabe1\/san-pham\/sua-grow-plus-do-900g\/","og_site_name":"S\u1eefa B\u1ec9m H\u1ea3i Nam","og_image":[{"width":600,"height":600,"url":"http:\/\/mau.hoabinhweb.com\/mevabe1\/wp-content\/uploads\/2022\/03\/sanpham12.jpg","type":"image\/jpeg"}],"twitter_card":"summary_large_image","twitter_misc":{"\u01af\u1edbc t\u00ednh th\u1eddi gian \u0111\u1ecdc":"4 ph\u00fat"},"schema":{"@context":"https:\/\/schema.org","@graph":[{"@type":"WebSite","@id":"https:\/\/mau.hoabinhweb.com\/mevabe1\/#website","url":"https:\/\/mau.hoabinhweb.com\/mevabe1\/","name":"S\u1eefa B\u1ec9m H\u1ea3i Nam","description":"","potentialAction":[{"@type":"SearchAction","target":{"@type":"EntryPoint","urlTemplate":"https:\/\/mau.hoabinhweb.com\/mevabe1\/?s={search_term_string}"},"query-input":"required name=search_term_string"}],"inLanguage":"vi"},{"@type":"ImageObject","inLanguage":"vi","@id":"http:\/\/mau.hoabinhweb.com\/mevabe1\/san-pham\/sua-grow-plus-do-900g\/#primaryimage","url":"http:\/\/mau.hoabinhweb.com\/mevabe1\/wp-content\/uploads\/2022\/03\/sanpham12.jpg","contentUrl":"http:\/\/mau.hoabinhweb.com\/mevabe1\/wp-content\/uploads\/2022\/03\/sanpham12.jpg","width":600,"height":600,"caption":"Sanpham12"},{"@type":"WebPage","@id":"http:\/\/mau.hoabinhweb.com\/mevabe1\/san-pham\/sua-grow-plus-do-900g\/#webpage","url":"http:\/\/mau.hoabinhweb.com\/mevabe1\/san-pham\/sua-grow-plus-do-900g\/","name":"S\u1eefa Grow Plus \u0110\u1ecf 900g - S\u1eefa B\u1ec9m H\u1ea3i Nam","isPartOf":{"@id":"https:\/\/mau.hoabinhweb.com\/mevabe1\/#website"},"primaryImageOfPage":{"@id":"http:\/\/mau.hoabinhweb.com\/mevabe1\/san-pham\/sua-grow-plus-do-900g\/#primaryimage"},"datePublished":"2022-03-22T03:16:12+00:00","dateModified":"2022-03-22T03:16:12+00:00","breadcrumb":{"@id":"http:\/\/mau.hoabinhweb.com\/mevabe1\/san-pham\/sua-grow-plus-do-900g\/#breadcrumb"},"inLanguage":"vi","potentialAction":[{"@type":"ReadAction","target":["http:\/\/mau.hoabinhweb.com\/mevabe1\/san-pham\/sua-grow-plus-do-900g\/"]}]},{"@type":"BreadcrumbList","@id":"http:\/\/mau.hoabinhweb.com\/mevabe1\/san-pham\/sua-grow-plus-do-900g\/#breadcrumb","itemListElement":[{"@type":"ListItem","position":1,"name":"Trang ch\u1ee7","item":"https:\/\/mau.hoabinhweb.com\/mevabe1\/"},{"@type":"ListItem","position":2,"name":"C\u1eeda h\u00e0ng","item":"http:\/\/mau.hoabinhweb.com\/mevabe1\/cua-hang\/"},{"@type":"ListItem","position":3,"name":"S\u1eefa cho ng\u01b0\u1eddi gi\u00e0","item":"http:\/\/mau.hoabinhweb.com\/mevabe1\/danh-muc\/sua-cho-nguoi-gia\/"},{"@type":"ListItem","position":4,"name":"S\u1eefa Grow Plus \u0110\u1ecf 900g"}]}]}},"_links":{"self":[{"href":"http:\/\/mau.hoabinhweb.com\/mevabe1\/wp-json\/wp\/v2\/product\/42","targetHints":{"allow":["GET"]}}],"collection":[{"href":"http:\/\/mau.hoabinhweb.com\/mevabe1\/wp-json\/wp\/v2\/product"}],"about":[{"href":"http:\/\/mau.hoabinhweb.com\/mevabe1\/wp-json\/wp\/v2\/types\/product"}],"replies":[{"embeddable":true,"href":"http:\/\/mau.hoabinhweb.com\/mevabe1\/wp-json\/wp\/v2\/comments?post=42"}],"wp:featuredmedia":[{"embeddable":true,"href":"http:\/\/mau.hoabinhweb.com\/mevabe1\/wp-json\/wp\/v2\/media\/44"}],"wp:attachment":[{"href":"http:\/\/mau.hoabinhweb.com\/mevabe1\/wp-json\/wp\/v2\/media?parent=42"}],"wp:term":[{"taxonomy":"product_cat","embeddable":true,"href":"http:\/\/mau.hoabinhweb.com\/mevabe1\/wp-json\/wp\/v2\/product_cat?post=42"},{"taxonomy":"product_tag","embeddable":true,"href":"http:\/\/mau.hoabinhweb.com\/mevabe1\/wp-json\/wp\/v2\/product_tag?post=42"}],"curies":[{"name":"wp","href":"https:\/\/api.w.org\/{rel}","templated":true}]}}