{"id":41,"date":"2022-03-22T10:16:11","date_gmt":"2022-03-22T03:16:11","guid":{"rendered":"https:\/\/shopsuabimhainam.vn\/?post_type=product&amp;p=41"},"modified":"2022-03-22T10:16:11","modified_gmt":"2022-03-22T03:16:11","slug":"sua-grow-plus-do-1-5kg","status":"publish","type":"product","link":"http:\/\/mau.hoabinhweb.com\/mevabe1\/san-pham\/sua-grow-plus-do-1-5kg\/","title":{"rendered":"S\u1eefa grow plus \u0111\u1ecf 1.5kg"},"content":{"rendered":"<p><strong>S\u1eefa grow plus \u0111\u1ecf 1.5kg nutifood d\u00f2ng s\u1ea3n ph\u1ea9m tuy\u1ec7t v\u1eddi \u0111\u1eb7c bi\u1ec7t d\u00e0nh ri\u00eang cho nh\u1eefng b\u00e9 \u0111ang g\u1eb7p ph\u1ea3i t\u00ecnh tr\u1ea1ng thi\u1ebfu ch\u1ea5t v\u00e0 suy dinh d\u01b0\u1ee1ng.<\/strong><\/p>\n<div id=\"attachment_3199\" class=\"wp-caption aligncenter\"><img loading=\"lazy\" decoding=\"async\" class=\"wp-image-3199 size-full lazyloaded\" src=\"https:\/\/shopsuabim.vn\/wp-content\/uploads\/2019\/09\/sua-nuti-grow-plus-do-15kg.jpg\" sizes=\"auto, (max-width: 493px) 100vw, 493px\" srcset=\"https:\/\/shopsuabim.vn\/wp-content\/uploads\/2019\/09\/sua-nuti-grow-plus-do-15kg.jpg 493w, https:\/\/shopsuabim.vn\/wp-content\/uploads\/2019\/09\/sua-nuti-grow-plus-do-15kg-296x300.jpg 296w, https:\/\/shopsuabim.vn\/wp-content\/uploads\/2019\/09\/sua-nuti-grow-plus-do-15kg-20x20.jpg 20w, https:\/\/shopsuabim.vn\/wp-content\/uploads\/2019\/09\/sua-nuti-grow-plus-do-15kg-45x45.jpg 45w, https:\/\/shopsuabim.vn\/wp-content\/uploads\/2019\/09\/sua-nuti-grow-plus-do-15kg-100x100.jpg 100w\" alt=\"S\u1eefa Grow Plus \u0111\u1ecf cho tr\u1ebb suy dinh d\u01b0\u1ee1ng th\u1ea5p c\u00f2i\" width=\"493\" height=\"500\" data-lazy-src=\"https:\/\/shopsuabim.vn\/wp-content\/uploads\/2019\/09\/sua-nuti-grow-plus-do-15kg.jpg\" data-lazy-srcset=\"https:\/\/shopsuabim.vn\/wp-content\/uploads\/2019\/09\/sua-nuti-grow-plus-do-15kg.jpg 493w, https:\/\/shopsuabim.vn\/wp-content\/uploads\/2019\/09\/sua-nuti-grow-plus-do-15kg-296x300.jpg 296w, https:\/\/shopsuabim.vn\/wp-content\/uploads\/2019\/09\/sua-nuti-grow-plus-do-15kg-20x20.jpg 20w, https:\/\/shopsuabim.vn\/wp-content\/uploads\/2019\/09\/sua-nuti-grow-plus-do-15kg-45x45.jpg 45w, https:\/\/shopsuabim.vn\/wp-content\/uploads\/2019\/09\/sua-nuti-grow-plus-do-15kg-100x100.jpg 100w\" data-lazy-sizes=\"(max-width: 493px) 100vw, 493px\" data-was-processed=\"true\" \/>\n<p class=\"wp-caption-text\">S\u1eefa Grow Plus \u0111\u1ecf cho tr\u1ebb suy dinh d\u01b0\u1ee1ng th\u1ea5p c\u00f2i<\/p>\n<\/div>\n<p>\u0110\u00e2y l\u00e0 lo\u1ea1i s\u1eefa \u0111\u01b0\u1ee3c c\u00e1c chuy\u00ean gia dinh d\u01b0\u1ee1ng \u0111\u00e1nh gi\u00e1 r\u1ea5t cao.<\/p>\n<p>N\u00f3 l\u00e0 m\u1ed9t trong nh\u1eefng s\u1ef1 l\u1ef1a ch\u1ecdn th\u00f4ng minh \u0111\u1ed1i v\u1edbi c\u00e1c m\u1eb9 khi mu\u1ed1n mang \u0111\u1ebfn nh\u1eefng \u0111i\u1ec1u t\u1ed1t nh\u1ea5t cho b\u00e9 y\u00eau c\u1ee7a m\u00ecnh.<\/p>\n<h3><strong>S\u1eefa grow plus \u0111\u1ecf 1.5kg nutifood ngu\u1ed3n dinh d\u01b0\u1ee1ng hi\u1ec7u qu\u1ea3 cho tr\u1ebb th\u1ea5p c\u00f2i<\/strong><\/h3>\n<p>S\u1eefa mang l\u1ea1i hi\u1ec7u qu\u1ea3 t\u0103ng c\u00e2n d\u00e0nh ri\u00eang cho nh\u1eefng tr\u1ebb bi\u1ebfng \u0103n ch\u1eadm l\u1edbn v\u00e0 suy dinh d\u01b0\u1ee1ng \u1edf giai \u0111o\u1ea1n t\u1eeb 1 \u0111\u1ebfn 10 tu\u1ed5i.<\/p>\n<p><strong>S\u1eefa Grow Plus \u0111\u1ecf c\u1ee7a Nutifood<\/strong>\u00a0s\u1ebd h\u1ed7 tr\u1ee3 b\u00e9 t\u0103ng tr\u01b0\u1edfng v\u00e0 ph\u00e1t tri\u1ec3n trong giai \u0111o\u1ea1n v\u00e0ng.<\/p>\n<p>\u0110\u00e2y l\u00e0 giai \u0111o\u1ea1n r\u1ea5t nh\u1ea1y c\u1ea3m b\u1edfi b\u00e9 c\u1ea7n \u0111\u01b0\u1ee3c b\u1ed5 sung nh\u1eefng d\u01b0\u1ee1ng ch\u1ea5t c\u1ea7n thi\u1ebft.<\/p>\n<p>N\u00f3 gi\u00fap b\u00e9 c\u00f3 th\u1ec3 ph\u00e1t tri\u1ec3n to\u00e0n di\u1ec7n v\u00e0 \u0111\u1ed3ng \u0111\u1ec1u v\u1edbi nh\u1eefng b\u1ea1n c\u00f9ng trang l\u1ee9a.<\/p>\n<p>B\u1ea1n \u0111ang lo l\u1eafng khi b\u00e9 y\u00eau c\u1ee7a m\u00ecnh \u0111ang \u1edf trong t\u00ecnh tr\u1ea1ng th\u1ea5p c\u00f2i suy dinh d\u01b0\u1ee1ng th\u00ec ch\u1eafc ch\u1eafn \u0111\u00e2y l\u00e0 s\u1ef1 l\u1ef1a ch\u1ecdn tuy\u1ec7t v\u1eddi.<\/p>\n<p>\u0110\u01b0\u1ee3c nghi\u00ean c\u1ee9u b\u1edfi c\u00f4ng th\u1ee9c \u0111\u1ed9t ph\u00e1 m\u1edbi t\u1eeb c\u00e1c chuy\u00ean gia dinh d\u01b0\u1ee1ng.<\/p>\n<p>Grow plus \u0111\u1ecf l\u00e0 s\u1ea3n ph\u1ea9m Vi\u1ec7t \u0111\u00e3 \u0111\u01b0\u1ee3c ch\u1ee9ng nh\u1eadn l\u00e0 s\u1ea3n ph\u1ea9m s\u1eefa r\u1ea5t t\u1ed1t cho s\u1ee9c kh\u1ecfe.<\/p>\n<p>Gi\u00fap gi\u1ea3m thi\u1ec3u t\u1ed1i \u0111a t\u00ecnh tr\u1ea1ng thi\u1ebfu ch\u1ea5t c\u1ee7a tr\u1ebb em t\u1ea1i n\u01b0\u1edbc ta.<\/p>\n<p>S\u1eefa ho\u00e0n to\u00e0n kh\u00f4ng ch\u1ee9 b\u1ea5t k\u1ef3 lo\u1ea1i ch\u1ea5t k\u00edch th\u00edch t\u0103ng tr\u01b0\u1edfng c\u00f3 h\u1ea1i n\u00e0o \u0111\u1ebfn s\u1ef1 ph\u00e1t tri\u1ec3n l\u00e2u d\u00e0i c\u1ee7a tr\u1ebb.<\/p>\n<p>V\u1edbi h\u00e0m l\u01b0\u1ee3ng c\u00e1c ch\u1ea5t dinh d\u01b0\u1ee1ng \u0111\u01b0\u1ee3c c\u00e2n b\u1eb1ng t\u1ed1i \u01b0u nh\u1ea5t.<\/p>\n<p>\u0110i\u1ec1u n\u00e0y s\u1ebd gi\u00fap c\u00e1c b\u00e9 h\u1ea5p th\u1ee5 t\u1ed1t h\u01a1n, nh\u1eadn \u0111\u01b0\u1ee3c nhi\u1ec1u n\u0103ng l\u01b0\u1ee3ng v\u00e0 dinh d\u01b0\u1ee1ng h\u01a1n \u0111\u1ec3 \u0111\u1ea3m b\u1ea3o cho qu\u00e1 tr\u00ecnh ph\u00e1t tri\u1ec3n \u0111\u01b0\u1ee3c to\u00e0n di\u1ec7n nh\u1ea5t.<\/p>\n<div id=\"attachment_3221\" class=\"wp-caption aligncenter\"><img loading=\"lazy\" decoding=\"async\" class=\"wp-image-3221 size-full lazyloaded\" src=\"https:\/\/shopsuabim.vn\/wp-content\/uploads\/2019\/09\/S%E1%BB%AFa-Grow-plus-d%C3%A0nh-cho-tr%E1%BA%BB-d%C6%B0%E1%BB%9Bi-1-tu%E1%BB%95i-suy-dinh-d%C6%B0%E1%BB%A1ng1.jpg\" sizes=\"auto, (max-width: 600px) 100vw, 600px\" srcset=\"https:\/\/shopsuabim.vn\/wp-content\/uploads\/2019\/09\/S\u1eefa-Grow-plus-d\u00e0nh-cho-tr\u1ebb-d\u01b0\u1edbi-1-tu\u1ed5i-suy-dinh-d\u01b0\u1ee1ng1.jpg 600w, https:\/\/shopsuabim.vn\/wp-content\/uploads\/2019\/09\/S\u1eefa-Grow-plus-d\u00e0nh-cho-tr\u1ebb-d\u01b0\u1edbi-1-tu\u1ed5i-suy-dinh-d\u01b0\u1ee1ng1-300x193.jpg 300w, https:\/\/shopsuabim.vn\/wp-content\/uploads\/2019\/09\/S\u1eefa-Grow-plus-d\u00e0nh-cho-tr\u1ebb-d\u01b0\u1edbi-1-tu\u1ed5i-suy-dinh-d\u01b0\u1ee1ng1-20x13.jpg 20w\" alt=\"S\u1eefa Grow plus d\u00e0nh cho tr\u1ebb d\u01b0\u1edbi 1 tu\u1ed5i suy dinh d\u01b0\u1ee1ng t\u0103ng c\u00e2n sau 3 th\u00e1ng\" width=\"600\" height=\"385\" data-lazy-src=\"https:\/\/shopsuabim.vn\/wp-content\/uploads\/2019\/09\/S\u1eefa-Grow-plus-d\u00e0nh-cho-tr\u1ebb-d\u01b0\u1edbi-1-tu\u1ed5i-suy-dinh-d\u01b0\u1ee1ng1.jpg\" data-lazy-srcset=\"https:\/\/shopsuabim.vn\/wp-content\/uploads\/2019\/09\/S\u1eefa-Grow-plus-d\u00e0nh-cho-tr\u1ebb-d\u01b0\u1edbi-1-tu\u1ed5i-suy-dinh-d\u01b0\u1ee1ng1.jpg 600w, https:\/\/shopsuabim.vn\/wp-content\/uploads\/2019\/09\/S\u1eefa-Grow-plus-d\u00e0nh-cho-tr\u1ebb-d\u01b0\u1edbi-1-tu\u1ed5i-suy-dinh-d\u01b0\u1ee1ng1-300x193.jpg 300w, https:\/\/shopsuabim.vn\/wp-content\/uploads\/2019\/09\/S\u1eefa-Grow-plus-d\u00e0nh-cho-tr\u1ebb-d\u01b0\u1edbi-1-tu\u1ed5i-suy-dinh-d\u01b0\u1ee1ng1-20x13.jpg 20w\" data-lazy-sizes=\"(max-width: 600px) 100vw, 600px\" data-was-processed=\"true\" \/>\n<p class=\"wp-caption-text\">S\u1eefa Grow plus d\u00e0nh cho tr\u1ebb d\u01b0\u1edbi 1 tu\u1ed5i suy dinh d\u01b0\u1ee1ng t\u0103ng c\u00e2n sau 3 th\u00e1ng<\/p>\n<\/div>\n<h3><strong>S\u1eefa grow plus \u0111\u1ecf 1.5kg nutifood gi\u00fap k\u00edch th\u00edch ph\u00e1t tri\u1ec3n tr\u00ed n\u00e3o<\/strong><\/h3>\n<p>\u0110i\u1ec1u tuy\u1ec7t v\u1eddi \u0111\u01b0\u1ee3c nh\u1eafc t\u1edbi \u0111\u1ea7u ti\u00ean c\u1ee7a d\u00f2ng\u00a0<strong>S\u1eefa Grow Plus \u0111\u1ecf nutifood<\/strong>\u00a0\u0111\u00f3 ch\u00ednh l\u00e0:\u00a0 gi\u00fap h\u1ed7 tr\u1ee3 ph\u00e1t tri\u1ec3n th\u1ecb gi\u00e1c v\u00e0 tr\u00ed n\u00e3o t\u1ed1i \u01b0u nh\u1ea5t.\u00a0Th\u00f4ng qua c\u00e1c th\u00e0nh ph\u1ea7n d\u01b0\u1ee1ng ch\u1ea5t c\u00f3 s\u1eb5n trong s\u1eefa.<\/p>\n<p>B\u1ed5 sung Grow Plus m\u1ed7i ng\u00e0y ch\u00ednh l\u00e0 c\u00e1ch tuy\u1ec7t v\u1eddi \u0111\u1ec3 b\u00e9 c\u1ee7a b\u1ea1n \u0111\u01b0\u1ee3c ph\u00e1t tri\u1ec3n t\u1ed1i \u0111a v\u1ec1 tr\u00ed tu\u1ec7, ho\u00e0n thi\u1ec7n tr\u00ed n\u00e3o v\u00e0 kh\u00f4n l\u1edbn t\u1eebng ng\u00e0y.<\/p>\n<p>+ V\u1edbi h\u00e0m l\u01b0\u1ee3ng DHA \u0111\u1ebfn t\u1eeb d\u1ea7u th\u1ef1c v\u1eadt d\u1ec5 h\u00f2a tan, d\u1ec5 h\u1ea5p th\u1ee5 v\u1edbi m\u1ee5c \u0111\u00edch k\u00edch th\u00edch c\u00e1c n\u01a1-ron th\u1ea7n kinh ph\u00e1t tri\u1ec3n.<\/p>\n<p>+ Gi\u00fap b\u00e9 ho\u00e0n thi\u1ec7n h\u01a1n v\u1ec1 c\u1ea5u tr\u00fac n\u00e3o v\u00e0 t\u0103ng kh\u1ea3 n\u0103ng nh\u1eadn bi\u1ebft h\u1ecdc h\u1ecfi.<\/p>\n<p>+ C\u00f9ng v\u1edbi \u0111\u00f3 l\u00e0 s\u1ef1 b\u1ed5 sung c\u1ee7a AA, Omega 3, Omega 6, Taurin, Cholin,..<\/p>\n<p>+ \u0110\u00e2y \u0111\u1ec1u l\u00e0 nh\u1eefng th\u00e0nh ph\u1ea7n v\u00f4 c\u00f9ng quan tr\u1ecdng trong qu\u00e1 tr\u00ecnh h\u00ecnh th\u00e0nh c\u00e1c \u1ed1ng th\u1ea7n kinh nh\u1eb1m gi\u1ea3m thi\u1ec3u nh\u1eefng v\u1ea5n \u0111\u1ec1 li\u00ean quan \u0111\u1ebfn n\u00e3o.<\/p>\n<p>+ Vi\u1ec7c b\u1ed5 sung 2-3 ly s\u1eefa cho con m\u1ed7i ng\u00e0y l\u00e0 c\u00e1c m\u1eb9 \u0111ang gi\u00fap cho con c\u00f3 \u0111\u01b0\u1ee3c h\u1ec7 n\u00e3o b\u1ed9 t\u1ed1t nh\u1ea5t, b\u00e9 s\u1ebd c\u00f3 kh\u1ea3 n\u0103ng t\u01b0 duy nh\u1ea1y b\u00e9n h\u01a1n r\u1ea5t nhi\u1ec1u.<\/p>\n","protected":false},"excerpt":{"rendered":"<ul>\n<li><strong>H\u00e3ng s\u1ea3n xu\u1ea5t\u00a0 \u00a0 \u00a0:<\/strong>\u00a0Nutricare<\/li>\n<li><strong>Ph\u00ed V\u1eadn Chuy\u1ec3n :\u00a0<\/strong>Giao h\u00e0ng t\u1eadn n\u01a1i mi\u1ec5n ph\u00ed trong n\u1ed9i th\u00e0nh H\u00e0 N\u1ed9i, \u0110\u01a1n h\u00e0ng \u0111\u1eb7t tr\u01b0\u1edbc 14h giao h\u00e0ng tr\u01b0\u1edbc 5h, \u0110\u1eb7t sau 14h giao h\u00e0ng sang ng\u00e0y h\u00f4m sau, Ch\u1ee7 nh\u1eadt Ngh\u1ec9<\/li>\n<li><strong>T\u00ecnh Tr\u1ea1ng\u00a0 \u00a0 \u00a0 \u00a0 \u00a0:<\/strong>\u00a0C\u00f2n h\u00e0ng<\/li>\n<\/ul>\n","protected":false},"featured_media":43,"comment_status":"closed","ping_status":"closed","template":"","meta":[],"product_cat":[17,18,19,20,21,22,23,24,25,26,27],"product_tag":[],"class_list":["post-41","product","type-product","status-publish","has-post-thumbnail","hentry","product_cat-sua-cho-nguoi-gia","product_cat-sua-cho-nguoi-suy-than","product_cat-sua-cho-nguoi-tieu-duong","product_cat-sua-cho-nguoi-ung-thu","product_cat-sua-danh-cho-ba-bau","product_cat-sua-ho-tro-he-tieu-hoa","product_cat-sua-nhap-khau","product_cat-sua-tang-can-cho-be","product_cat-sua-tang-can-cho-nguoi-gay","product_cat-sua-tang-chieu-cao-cho-be","product_cat-sua-trong-nuoc"],"yoast_head":"<!-- This site is optimized with the Yoast SEO plugin v18.9 - https:\/\/yoast.com\/wordpress\/plugins\/seo\/ -->\n<title>S\u1eefa grow plus \u0111\u1ecf 1.5kg - S\u1eefa B\u1ec9m H\u1ea3i Nam<\/title>\n<meta name=\"robots\" content=\"noindex, follow, max-snippet:-1, max-image-preview:large, max-video-preview:-1\" \/>\n<meta property=\"og:locale\" content=\"vi_VN\" \/>\n<meta property=\"og:type\" content=\"article\" \/>\n<meta property=\"og:title\" content=\"S\u1eefa grow plus \u0111\u1ecf 1.5kg - S\u1eefa B\u1ec9m H\u1ea3i Nam\" \/>\n<meta property=\"og:description\" content=\"H\u00e3ng s\u1ea3n xu\u1ea5t\u00a0 \u00a0 \u00a0:\u00a0Nutricare  Ph\u00ed V\u1eadn Chuy\u1ec3n :\u00a0Giao h\u00e0ng t\u1eadn n\u01a1i mi\u1ec5n ph\u00ed trong n\u1ed9i th\u00e0nh H\u00e0 N\u1ed9i, \u0110\u01a1n h\u00e0ng \u0111\u1eb7t tr\u01b0\u1edbc 14h giao h\u00e0ng tr\u01b0\u1edbc 5h, \u0110\u1eb7t sau 14h giao h\u00e0ng sang ng\u00e0y h\u00f4m sau, Ch\u1ee7 nh\u1eadt Ngh\u1ec9  T\u00ecnh Tr\u1ea1ng\u00a0 \u00a0 \u00a0 \u00a0 \u00a0:\u00a0C\u00f2n h\u00e0ng\" \/>\n<meta property=\"og:url\" content=\"http:\/\/mau.hoabinhweb.com\/mevabe1\/san-pham\/sua-grow-plus-do-1-5kg\/\" \/>\n<meta property=\"og:site_name\" content=\"S\u1eefa B\u1ec9m H\u1ea3i Nam\" \/>\n<meta property=\"og:image\" content=\"http:\/\/mau.hoabinhweb.com\/mevabe1\/wp-content\/uploads\/2022\/03\/sanpham11.jpg\" \/>\n\t<meta property=\"og:image:width\" content=\"493\" \/>\n\t<meta property=\"og:image:height\" content=\"500\" \/>\n\t<meta property=\"og:image:type\" content=\"image\/jpeg\" \/>\n<meta name=\"twitter:card\" content=\"summary_large_image\" \/>\n<meta name=\"twitter:label1\" content=\"\u01af\u1edbc t\u00ednh th\u1eddi gian \u0111\u1ecdc\" \/>\n\t<meta name=\"twitter:data1\" content=\"4 ph\u00fat\" \/>\n<script type=\"application\/ld+json\" class=\"yoast-schema-graph\">{\"@context\":\"https:\/\/schema.org\",\"@graph\":[{\"@type\":\"WebSite\",\"@id\":\"https:\/\/mau.hoabinhweb.com\/mevabe1\/#website\",\"url\":\"https:\/\/mau.hoabinhweb.com\/mevabe1\/\",\"name\":\"S\u1eefa B\u1ec9m H\u1ea3i Nam\",\"description\":\"\",\"potentialAction\":[{\"@type\":\"SearchAction\",\"target\":{\"@type\":\"EntryPoint\",\"urlTemplate\":\"https:\/\/mau.hoabinhweb.com\/mevabe1\/?s={search_term_string}\"},\"query-input\":\"required name=search_term_string\"}],\"inLanguage\":\"vi\"},{\"@type\":\"ImageObject\",\"inLanguage\":\"vi\",\"@id\":\"http:\/\/mau.hoabinhweb.com\/mevabe1\/san-pham\/sua-grow-plus-do-1-5kg\/#primaryimage\",\"url\":\"http:\/\/mau.hoabinhweb.com\/mevabe1\/wp-content\/uploads\/2022\/03\/sanpham11.jpg\",\"contentUrl\":\"http:\/\/mau.hoabinhweb.com\/mevabe1\/wp-content\/uploads\/2022\/03\/sanpham11.jpg\",\"width\":493,\"height\":500,\"caption\":\"Sanpham11\"},{\"@type\":\"WebPage\",\"@id\":\"http:\/\/mau.hoabinhweb.com\/mevabe1\/san-pham\/sua-grow-plus-do-1-5kg\/#webpage\",\"url\":\"http:\/\/mau.hoabinhweb.com\/mevabe1\/san-pham\/sua-grow-plus-do-1-5kg\/\",\"name\":\"S\u1eefa grow plus \u0111\u1ecf 1.5kg - S\u1eefa B\u1ec9m H\u1ea3i Nam\",\"isPartOf\":{\"@id\":\"https:\/\/mau.hoabinhweb.com\/mevabe1\/#website\"},\"primaryImageOfPage\":{\"@id\":\"http:\/\/mau.hoabinhweb.com\/mevabe1\/san-pham\/sua-grow-plus-do-1-5kg\/#primaryimage\"},\"datePublished\":\"2022-03-22T03:16:11+00:00\",\"dateModified\":\"2022-03-22T03:16:11+00:00\",\"breadcrumb\":{\"@id\":\"http:\/\/mau.hoabinhweb.com\/mevabe1\/san-pham\/sua-grow-plus-do-1-5kg\/#breadcrumb\"},\"inLanguage\":\"vi\",\"potentialAction\":[{\"@type\":\"ReadAction\",\"target\":[\"http:\/\/mau.hoabinhweb.com\/mevabe1\/san-pham\/sua-grow-plus-do-1-5kg\/\"]}]},{\"@type\":\"BreadcrumbList\",\"@id\":\"http:\/\/mau.hoabinhweb.com\/mevabe1\/san-pham\/sua-grow-plus-do-1-5kg\/#breadcrumb\",\"itemListElement\":[{\"@type\":\"ListItem\",\"position\":1,\"name\":\"Trang ch\u1ee7\",\"item\":\"https:\/\/mau.hoabinhweb.com\/mevabe1\/\"},{\"@type\":\"ListItem\",\"position\":2,\"name\":\"C\u1eeda h\u00e0ng\",\"item\":\"http:\/\/mau.hoabinhweb.com\/mevabe1\/cua-hang\/\"},{\"@type\":\"ListItem\",\"position\":3,\"name\":\"S\u1eefa cho ng\u01b0\u1eddi gi\u00e0\",\"item\":\"http:\/\/mau.hoabinhweb.com\/mevabe1\/danh-muc\/sua-cho-nguoi-gia\/\"},{\"@type\":\"ListItem\",\"position\":4,\"name\":\"S\u1eefa grow plus \u0111\u1ecf 1.5kg\"}]}]}<\/script>\n<!-- \/ Yoast SEO plugin. -->","yoast_head_json":{"title":"S\u1eefa grow plus \u0111\u1ecf 1.5kg - S\u1eefa B\u1ec9m H\u1ea3i Nam","robots":{"index":"noindex","follow":"follow","max-snippet":"max-snippet:-1","max-image-preview":"max-image-preview:large","max-video-preview":"max-video-preview:-1"},"og_locale":"vi_VN","og_type":"article","og_title":"S\u1eefa grow plus \u0111\u1ecf 1.5kg - S\u1eefa B\u1ec9m H\u1ea3i Nam","og_description":"H\u00e3ng s\u1ea3n xu\u1ea5t\u00a0 \u00a0 \u00a0:\u00a0Nutricare  Ph\u00ed V\u1eadn Chuy\u1ec3n :\u00a0Giao h\u00e0ng t\u1eadn n\u01a1i mi\u1ec5n ph\u00ed trong n\u1ed9i th\u00e0nh H\u00e0 N\u1ed9i, \u0110\u01a1n h\u00e0ng \u0111\u1eb7t tr\u01b0\u1edbc 14h giao h\u00e0ng tr\u01b0\u1edbc 5h, \u0110\u1eb7t sau 14h giao h\u00e0ng sang ng\u00e0y h\u00f4m sau, Ch\u1ee7 nh\u1eadt Ngh\u1ec9  T\u00ecnh Tr\u1ea1ng\u00a0 \u00a0 \u00a0 \u00a0 \u00a0:\u00a0C\u00f2n h\u00e0ng","og_url":"http:\/\/mau.hoabinhweb.com\/mevabe1\/san-pham\/sua-grow-plus-do-1-5kg\/","og_site_name":"S\u1eefa B\u1ec9m H\u1ea3i Nam","og_image":[{"width":493,"height":500,"url":"http:\/\/mau.hoabinhweb.com\/mevabe1\/wp-content\/uploads\/2022\/03\/sanpham11.jpg","type":"image\/jpeg"}],"twitter_card":"summary_large_image","twitter_misc":{"\u01af\u1edbc t\u00ednh th\u1eddi gian \u0111\u1ecdc":"4 ph\u00fat"},"schema":{"@context":"https:\/\/schema.org","@graph":[{"@type":"WebSite","@id":"https:\/\/mau.hoabinhweb.com\/mevabe1\/#website","url":"https:\/\/mau.hoabinhweb.com\/mevabe1\/","name":"S\u1eefa B\u1ec9m H\u1ea3i Nam","description":"","potentialAction":[{"@type":"SearchAction","target":{"@type":"EntryPoint","urlTemplate":"https:\/\/mau.hoabinhweb.com\/mevabe1\/?s={search_term_string}"},"query-input":"required name=search_term_string"}],"inLanguage":"vi"},{"@type":"ImageObject","inLanguage":"vi","@id":"http:\/\/mau.hoabinhweb.com\/mevabe1\/san-pham\/sua-grow-plus-do-1-5kg\/#primaryimage","url":"http:\/\/mau.hoabinhweb.com\/mevabe1\/wp-content\/uploads\/2022\/03\/sanpham11.jpg","contentUrl":"http:\/\/mau.hoabinhweb.com\/mevabe1\/wp-content\/uploads\/2022\/03\/sanpham11.jpg","width":493,"height":500,"caption":"Sanpham11"},{"@type":"WebPage","@id":"http:\/\/mau.hoabinhweb.com\/mevabe1\/san-pham\/sua-grow-plus-do-1-5kg\/#webpage","url":"http:\/\/mau.hoabinhweb.com\/mevabe1\/san-pham\/sua-grow-plus-do-1-5kg\/","name":"S\u1eefa grow plus \u0111\u1ecf 1.5kg - S\u1eefa B\u1ec9m H\u1ea3i Nam","isPartOf":{"@id":"https:\/\/mau.hoabinhweb.com\/mevabe1\/#website"},"primaryImageOfPage":{"@id":"http:\/\/mau.hoabinhweb.com\/mevabe1\/san-pham\/sua-grow-plus-do-1-5kg\/#primaryimage"},"datePublished":"2022-03-22T03:16:11+00:00","dateModified":"2022-03-22T03:16:11+00:00","breadcrumb":{"@id":"http:\/\/mau.hoabinhweb.com\/mevabe1\/san-pham\/sua-grow-plus-do-1-5kg\/#breadcrumb"},"inLanguage":"vi","potentialAction":[{"@type":"ReadAction","target":["http:\/\/mau.hoabinhweb.com\/mevabe1\/san-pham\/sua-grow-plus-do-1-5kg\/"]}]},{"@type":"BreadcrumbList","@id":"http:\/\/mau.hoabinhweb.com\/mevabe1\/san-pham\/sua-grow-plus-do-1-5kg\/#breadcrumb","itemListElement":[{"@type":"ListItem","position":1,"name":"Trang ch\u1ee7","item":"https:\/\/mau.hoabinhweb.com\/mevabe1\/"},{"@type":"ListItem","position":2,"name":"C\u1eeda h\u00e0ng","item":"http:\/\/mau.hoabinhweb.com\/mevabe1\/cua-hang\/"},{"@type":"ListItem","position":3,"name":"S\u1eefa cho ng\u01b0\u1eddi gi\u00e0","item":"http:\/\/mau.hoabinhweb.com\/mevabe1\/danh-muc\/sua-cho-nguoi-gia\/"},{"@type":"ListItem","position":4,"name":"S\u1eefa grow plus \u0111\u1ecf 1.5kg"}]}]}},"_links":{"self":[{"href":"http:\/\/mau.hoabinhweb.com\/mevabe1\/wp-json\/wp\/v2\/product\/41","targetHints":{"allow":["GET"]}}],"collection":[{"href":"http:\/\/mau.hoabinhweb.com\/mevabe1\/wp-json\/wp\/v2\/product"}],"about":[{"href":"http:\/\/mau.hoabinhweb.com\/mevabe1\/wp-json\/wp\/v2\/types\/product"}],"replies":[{"embeddable":true,"href":"http:\/\/mau.hoabinhweb.com\/mevabe1\/wp-json\/wp\/v2\/comments?post=41"}],"wp:featuredmedia":[{"embeddable":true,"href":"http:\/\/mau.hoabinhweb.com\/mevabe1\/wp-json\/wp\/v2\/media\/43"}],"wp:attachment":[{"href":"http:\/\/mau.hoabinhweb.com\/mevabe1\/wp-json\/wp\/v2\/media?parent=41"}],"wp:term":[{"taxonomy":"product_cat","embeddable":true,"href":"http:\/\/mau.hoabinhweb.com\/mevabe1\/wp-json\/wp\/v2\/product_cat?post=41"},{"taxonomy":"product_tag","embeddable":true,"href":"http:\/\/mau.hoabinhweb.com\/mevabe1\/wp-json\/wp\/v2\/product_tag?post=41"}],"curies":[{"name":"wp","href":"https:\/\/api.w.org\/{rel}","templated":true}]}}