{"id":35,"date":"2022-03-22T10:10:24","date_gmt":"2022-03-22T03:10:24","guid":{"rendered":"https:\/\/shopsuabimhainam.vn\/?post_type=product&amp;p=35"},"modified":"2022-03-22T10:10:24","modified_gmt":"2022-03-22T03:10:24","slug":"sua-france-lait-3-900g","status":"publish","type":"product","link":"http:\/\/mau.hoabinhweb.com\/mevabe1\/san-pham\/sua-france-lait-3-900g\/","title":{"rendered":"S\u1eefa France Lait 3 900g"},"content":{"rendered":"<p><strong>S\u1eefa france lait 3 c\u00f3 t\u1ed1t kh\u00f4ng, c\u00e1ch pha s\u1eefa france lait 3 c\u00f9ng to\u00e0n b\u1ed9 th\u00f4ng tin chi ti\u1ebft v\u1ec1 s\u1eefa s\u1ebd c\u00f3 \u1edf b\u00e0i vi\u1ebft d\u01b0\u1edbi \u0111\u00e2y.<\/strong><\/p>\n<div id=\"attachment_6239\" class=\"wp-caption aligncenter\"><img loading=\"lazy\" decoding=\"async\" class=\"wp-image-6239 size-full lazyloaded\" src=\"https:\/\/shopsuabim.vn\/wp-content\/uploads\/2019\/09\/sua-france-lait-so-3-e1634294024534.jpg\" alt=\"\" width=\"800\" height=\"800\" data-lazy-src=\"https:\/\/shopsuabim.vn\/wp-content\/uploads\/2019\/09\/sua-france-lait-so-3-e1634294024534.jpg\" data-was-processed=\"true\" \/>\n<p class=\"wp-caption-text\">S\u1eefa france lait s\u1ed1 3 900g<\/p>\n<\/div>\n<h2><strong>S\u1eefa France Lait 3 c\u00f3 ngu\u1ed3n g\u1ed1c t\u1eeb \u0111\u00e2u ?<\/strong><\/h2>\n<p><strong>S\u1eefa France Lait 3<\/strong>\u00a0l\u00e0 m\u1ed9t d\u00f2ng s\u1ea3n ph\u1ea9m c\u1ee7a t\u1eadp \u0111o\u00e0n Regilait.<\/p>\n<p>L\u00e0 th\u01b0\u01a1ng hi\u1ec7u li\u00ean doanh gi\u1eefa hai \u0111\u01a1n v\u1ecb s\u1eefa n\u1ed5i ti\u1ebfng t\u1ea1i Ph\u00e1p Sodiaal v\u00e0 Laita.<\/p>\n<p>Regilait \u0111\u01b0\u1ee3c \u0111\u00e1nh gi\u00e1 l\u00e0 m\u1ed9t trong nh\u1eefng t\u1eadp \u0111o\u00e0n s\u1ea3n xu\u1ea5t s\u1eefa ch\u1ea5t l\u01b0\u1ee3ng h\u00e0ng \u0111\u1ea7u th\u1ebf gi\u1edbi hi\u1ec7n nay.<\/p>\n<p>Th\u01b0\u01a1ng hi\u1ec7u \u201cRegilait\u201d d\u1ea7n d\u1ea7n l\u00e0 m\u1ed9t trong nh\u1eefng \u201cg\u1ea1ch \u0111\u1ea7u d\u00f2ng\u201d \u0111\u1ea7u ti\u00ean khi c\u00e1c m\u1eb9 b\u1ec9m c\u00e2n nh\u1eafc khi t\u00ecm s\u1eefa cho b\u00e9 y\u00eau c\u1ee7a m\u00ecnh.<\/p>\n<div id=\"attachment_6240\" class=\"wp-caption aligncenter\"><img loading=\"lazy\" decoding=\"async\" class=\"wp-image-6240 size-full lazyloaded\" src=\"https:\/\/shopsuabim.vn\/wp-content\/uploads\/2019\/09\/hinh-anh-sua-france-lait-3-e1634294148539.jpg\" alt=\"S\u1ea3n ph\u1ea9m nh\u1eadp kh\u1ea9u nguy\u00ean lon t\u1eeb ph\u00e1p\" width=\"800\" height=\"800\" data-lazy-src=\"https:\/\/shopsuabim.vn\/wp-content\/uploads\/2019\/09\/hinh-anh-sua-france-lait-3-e1634294148539.jpg\" data-was-processed=\"true\" \/>\n<p class=\"wp-caption-text\">S\u1ea3n ph\u1ea9m nh\u1eadp kh\u1ea9u nguy\u00ean lon t\u1eeb ph\u00e1p<\/p>\n<\/div>\n<h2><strong>S\u1eefa France Lait 3 c\u00f3 t\u1ed1t kh\u00f4ng ?<\/strong><\/h2>\n<p>\u0110\u1ec3 c\u00f3 \u0111\u01b0\u1ee3c th\u00e0nh c\u00f4ng nh\u01b0 h\u00f4m nay, Regilait \u0111\u00e3 r\u1ea5t ch\u1ec9n chu trong t\u1eebng s\u1ea3n ph\u1ea9m c\u1ee7a m\u00ecnh.<\/p>\n<p>Kh\u00f4ng ch\u1ec9 s\u1ea3n xu\u1ea5t s\u1eefa \u0111\u01a1n thu\u1ea7n v\u1edbi m\u1ee5c \u0111\u00edch kinh doanh, Regilait lu\u00f4n \u0111\u1eb7t t\u00e2m huy\u1ebft v\u00e0o m\u1ed7i h\u1ed9p s\u1eefa.<\/p>\n<p>M\u1ed7i s\u1ea3n ph\u1ea9m v\u1edbi v\u00f4 s\u1ed1 ti\u00eau chu\u1ea9n nghi\u00eam ng\u1eb7t v\u1ec1 ch\u1ea5t l\u01b0\u1ee3ng, \u0111\u00f3ng g\u00f3i.<\/p>\n<p>Trong \u0111\u00f3,\u00a0<strong>S\u1eefa France Lait 3<\/strong>\u00a0l\u00e0 s\u1ea3n ph\u1ea9m \u0111\u01b0\u1ee3c s\u1ea3n xu\u1ea5t d\u00e0nh ri\u00eang cho c\u00e1c b\u00e9 t\u1eeb 1-3 tu\u1ed5i.<\/p>\n<div id=\"attachment_2579\" class=\"wp-caption aligncenter\"><img loading=\"lazy\" decoding=\"async\" class=\"wp-image-2579 size-full lazyloaded\" src=\"https:\/\/shopsuabim.vn\/wp-content\/uploads\/2019\/03\/S%E1%BB%AFa-France-Lait-nguy%C3%AAn-lon-t%E1%BB%AB-ph%C3%A1p.jpg\" sizes=\"auto, (max-width: 600px) 100vw, 600px\" srcset=\"https:\/\/shopsuabim.vn\/wp-content\/uploads\/2019\/03\/S\u1eefa-France-Lait-nguy\u00ean-lon-t\u1eeb-ph\u00e1p.jpg 600w, https:\/\/shopsuabim.vn\/wp-content\/uploads\/2019\/03\/S\u1eefa-France-Lait-nguy\u00ean-lon-t\u1eeb-ph\u00e1p-300x168.jpg 300w, https:\/\/shopsuabim.vn\/wp-content\/uploads\/2019\/03\/S\u1eefa-France-Lait-nguy\u00ean-lon-t\u1eeb-ph\u00e1p-20x11.jpg 20w\" alt=\"S\u1eefa France Lait dinh d\u01b0\u1ee1ng \u0111\u1ea7y \u0111\u1ee7 gi\u00fap b\u00e9 ph\u00e1t tri\u1ec3n kh\u1ecfe m\u1ea1nh\" width=\"600\" height=\"335\" data-lazy-src=\"https:\/\/shopsuabim.vn\/wp-content\/uploads\/2019\/03\/S\u1eefa-France-Lait-nguy\u00ean-lon-t\u1eeb-ph\u00e1p.jpg\" data-lazy-srcset=\"https:\/\/shopsuabim.vn\/wp-content\/uploads\/2019\/03\/S\u1eefa-France-Lait-nguy\u00ean-lon-t\u1eeb-ph\u00e1p.jpg 600w, https:\/\/shopsuabim.vn\/wp-content\/uploads\/2019\/03\/S\u1eefa-France-Lait-nguy\u00ean-lon-t\u1eeb-ph\u00e1p-300x168.jpg 300w, https:\/\/shopsuabim.vn\/wp-content\/uploads\/2019\/03\/S\u1eefa-France-Lait-nguy\u00ean-lon-t\u1eeb-ph\u00e1p-20x11.jpg 20w\" data-lazy-sizes=\"(max-width: 600px) 100vw, 600px\" data-was-processed=\"true\" \/>\n<p class=\"wp-caption-text\">B\u1ed5 sung dinh d\u01b0\u1ee1ng \u0111\u1ea7y \u0111\u1ee7 gi\u00fap b\u00e9 ph\u00e1t tri\u1ec3n kh\u1ecfe m\u1ea1nh<\/p>\n<\/div>\n<h3><strong>B\u00e9 1 \u2013 3 tu\u1ed5i c\u1ea7n g\u00ec, S\u1eefa France Lait 3 c\u00f3 \u0111\u00f3 !<\/strong><\/h3>\n<p>\u1ede m\u1ed7i \u0111\u1ed9 tu\u1ed5i nh\u1ea5t \u0111\u1ecbnh, c\u01a1 th\u1ec3 b\u00e9 c\u1ea7n \u0111\u01b0\u1ee3c \u201cv\u1ed7 v\u1ec1\u201d b\u1edfi nh\u1eefng d\u01b0\u1ee1ng ch\u1ea5t kh\u00e1c nhau.<\/p>\n<p>Nhu c\u1ea7u c\u1ee7a b\u00e9 3 tu\u1ed5i s\u1ebd kh\u00e1c v\u1edbi nhu c\u1ea7u c\u1ee7a b\u00e9 4 tu\u1ed5i.<\/p>\n<p>C\u01a1 th\u1ec3 c\u1ee7a b\u00e9 2 tu\u1ed5i c\u1ea7n \u0111\u01b0\u1ee3c cung c\u1ea5p dinh d\u01b0\u1ee1ng kh\u00e1c ho\u00e0n to\u00e0n v\u1edbi c\u01a1 th\u1ec3 c\u1ee7a b\u00e9 5 tu\u1ed5i.<\/p>\n<p>Hi\u1ec3u \u0111\u01b0\u1ee3c \u0111i\u1ec1u n\u00e0y, b\u1ea1n s\u1ebd ch\u0103m b\u00e9 \u0111\u1ee1 v\u1ea5t v\u1ea3 h\u01a1n, b\u00e9 c\u0169ng ph\u00e1t tri\u1ec3n t\u1ed1t h\u01a1n.<\/p>\n<h3><strong>S\u1eefa France Lait 3 h\u1ed7 tr\u1ee3 b\u00e9 ph\u00e1t tri\u1ec3n tr\u00ed n\u00e3o<\/strong><\/h3>\n<p>\u0110\u1ed9 tu\u1ed5i 1 \u2013 3 l\u00e0 th\u1eddi gian ph\u00e1t tri\u1ec3n r\u1ea5t nhanh c\u1ee7a n\u00e3o b\u1ed9.<\/p>\n<p>\u1ede \u0111\u1ed9 tu\u1ed5i n\u00e0y, b\u00e9 b\u1eaft \u0111\u1ea7u \u00fd th\u1ee9c v\u1ec1 m\u00f4i tr\u01b0\u1eddng xung quanh nhi\u1ec1u h\u01a1n.<\/p>\n<p>B\u00e9 th\u00edch quan s\u00e1t, th\u00edch c\u1ea7m n\u1eafm, th\u00edch bi b\u00f4, th\u00edch b\u1eaft ch\u01b0\u1edbc h\u00e0nh \u0111\u1ed9ng c\u1ee7a ng\u01b0\u1eddi l\u1edbn,..<\/p>\n<p>\u0110\u00e2y l\u00e0 \u201cth\u1eddi \u0111i\u1ec3m v\u00e0ng\u201d \u0111\u1ec3 \u0111\u1ecbnh h\u00ecnh v\u00e0 ph\u00e1t tri\u1ec3n to\u00e0n di\u1ec7n c\u1ee7a n\u00e3o b\u00e9.<\/p>\n<p>V\u1edbi Linolenic 3, Linolenic 6, Photpho, Omega-3 chi\u1ebft xu\u1ea5t t\u1eeb d\u1ea7u c\u1ecd, d\u1ea7u h\u01b0\u1edbng d\u01b0\u01a1ng v\u00e0 h\u00e0m l\u01b0\u1ee3ng c\u00e1c axit b\u00e9o c\u1ea7n thi\u1ebft.<\/p>\n<p>S\u1eefa s\u1ebd h\u1ed7 tr\u1ee3 n\u00e3o b\u00e9 \u201cl\u1edbn l\u00ean\u201d t\u1ed1t nh\u1ea5t.<\/p>\n<p>\u0110\u1ed3ng th\u1eddi, ch\u1ea5t Cholin, Taurin, vitamin A c\u00f3 trong th\u00e0nh ph\u1ea7n s\u1eefa c\u0169ng s\u1ebd gi\u00fap h\u00ecnh th\u00e0nh v\u00f5ng m\u1ea1c, mang \u0111\u1ebfn cho b\u00e9 \u0111\u00f4i m\u1eaft s\u00e1ng.<\/p>\n<div id=\"attachment_3139\" class=\"wp-caption aligncenter\"><img loading=\"lazy\" decoding=\"async\" class=\"wp-image-3139 size-full lazyloaded\" src=\"https:\/\/shopsuabim.vn\/wp-content\/uploads\/2019\/09\/S%E1%BB%AFa-france-lait-h%E1%BB%97-tr%E1%BB%A3-h%E1%BB%87-ti%C3%AAu-h%C3%B3a-kh%E1%BB%8Fe-m%E1%BA%A1nh.jpg\" sizes=\"auto, (max-width: 545px) 100vw, 545px\" srcset=\"https:\/\/shopsuabim.vn\/wp-content\/uploads\/2019\/09\/S\u1eefa-france-lait-h\u1ed7-tr\u1ee3-h\u1ec7-ti\u00eau-h\u00f3a-kh\u1ecfe-m\u1ea1nh.jpg 545w, https:\/\/shopsuabim.vn\/wp-content\/uploads\/2019\/09\/S\u1eefa-france-lait-h\u1ed7-tr\u1ee3-h\u1ec7-ti\u00eau-h\u00f3a-kh\u1ecfe-m\u1ea1nh-296x300.jpg 296w, https:\/\/shopsuabim.vn\/wp-content\/uploads\/2019\/09\/S\u1eefa-france-lait-h\u1ed7-tr\u1ee3-h\u1ec7-ti\u00eau-h\u00f3a-kh\u1ecfe-m\u1ea1nh-20x20.jpg 20w, https:\/\/shopsuabim.vn\/wp-content\/uploads\/2019\/09\/S\u1eefa-france-lait-h\u1ed7-tr\u1ee3-h\u1ec7-ti\u00eau-h\u00f3a-kh\u1ecfe-m\u1ea1nh-45x45.jpg 45w, https:\/\/shopsuabim.vn\/wp-content\/uploads\/2019\/09\/S\u1eefa-france-lait-h\u1ed7-tr\u1ee3-h\u1ec7-ti\u00eau-h\u00f3a-kh\u1ecfe-m\u1ea1nh-100x100.jpg 100w\" alt=\"S\u1eefa France lait h\u1ed7 tr\u1ee3 h\u1ec7 ti\u00eau h\u00f3a kh\u1ecfe m\u1ea1nh\" width=\"545\" height=\"552\" data-lazy-src=\"https:\/\/shopsuabim.vn\/wp-content\/uploads\/2019\/09\/S\u1eefa-france-lait-h\u1ed7-tr\u1ee3-h\u1ec7-ti\u00eau-h\u00f3a-kh\u1ecfe-m\u1ea1nh.jpg\" data-lazy-srcset=\"https:\/\/shopsuabim.vn\/wp-content\/uploads\/2019\/09\/S\u1eefa-france-lait-h\u1ed7-tr\u1ee3-h\u1ec7-ti\u00eau-h\u00f3a-kh\u1ecfe-m\u1ea1nh.jpg 545w, https:\/\/shopsuabim.vn\/wp-content\/uploads\/2019\/09\/S\u1eefa-france-lait-h\u1ed7-tr\u1ee3-h\u1ec7-ti\u00eau-h\u00f3a-kh\u1ecfe-m\u1ea1nh-296x300.jpg 296w, https:\/\/shopsuabim.vn\/wp-content\/uploads\/2019\/09\/S\u1eefa-france-lait-h\u1ed7-tr\u1ee3-h\u1ec7-ti\u00eau-h\u00f3a-kh\u1ecfe-m\u1ea1nh-20x20.jpg 20w, https:\/\/shopsuabim.vn\/wp-content\/uploads\/2019\/09\/S\u1eefa-france-lait-h\u1ed7-tr\u1ee3-h\u1ec7-ti\u00eau-h\u00f3a-kh\u1ecfe-m\u1ea1nh-45x45.jpg 45w, https:\/\/shopsuabim.vn\/wp-content\/uploads\/2019\/09\/S\u1eefa-france-lait-h\u1ed7-tr\u1ee3-h\u1ec7-ti\u00eau-h\u00f3a-kh\u1ecfe-m\u1ea1nh-100x100.jpg 100w\" data-lazy-sizes=\"(max-width: 545px) 100vw, 545px\" data-was-processed=\"true\" \/>\n<p class=\"wp-caption-text\">H\u1ed7 tr\u1ee3 h\u1ec7 ti\u00eau h\u00f3a kh\u1ecfe m\u1ea1nh<\/p>\n<\/div>\n<h3>\u00a0<strong>S\u1eefa France Lait 3\u00a0 cho b\u00e9 x\u01b0\u01a1ng b\u00e9 ch\u1eafc kho\u1ebb, t\u0103ng chi\u1ec1u cao<\/strong><\/h3>\n<p>H\u1ec7 x\u01b0\u01a1ng c\u00e1c b\u00e9 1 \u2013 3 tu\u1ed5i c\u0169ng ph\u00e1t tri\u1ec3n nhanh kh\u00f4ng k\u00e9m n\u00e3o b\u1ed9, \u0111\u00f2i h\u1ecfi m\u1eb9 c\u1ea7n cung c\u1ea5p d\u01b0\u1ee1ng ch\u1ea5t k\u1ecbp th\u1eddi.<\/p>\n<p>\u0110\u1ec3 x\u01b0\u01a1ng ch\u1eafc kho\u1ebb, b\u00e9 c\u1ea7n \u0111\u01b0\u1ee3c cung c\u1ea5p \u0111\u1ea7y \u0111\u1ee7 c\u00e1c kho\u00e1ng ch\u1ea5t Canxi, Ph\u1ed1t Pho, S\u1eaft \u2026\u00a0 v\u1edbi h\u00e0m l\u01b0\u1ee3ng ph\u00f9 h\u1ee3p.<\/p>\n<p>H\u00e0m l\u01b0\u1ee3ng nhi\u1ec1u qu\u00e1 hay \u00edt qu\u00e1 c\u0169ng \u0111\u1ec1u kh\u00f4ng t\u1ed1t cho b\u00e9.<\/p>\n","protected":false},"excerpt":{"rendered":"<ul>\n<li><strong>H\u00e3ng s\u1ea3n xu\u1ea5t\u00a0 \u00a0 \u00a0:\u00a0<\/strong>\u00a0France Lait Ph\u00e1p<\/li>\n<li><strong>Ph\u00ed V\u1eadn Chuy\u1ec3n :\u00a0<\/strong>Giao h\u00e0ng t\u1eadn n\u01a1i mi\u1ec5n ph\u00ed trong n\u1ed9i th\u00e0nh H\u00e0 N\u1ed9i, \u0110\u01a1n h\u00e0ng \u0111\u1eb7t tr\u01b0\u1edbc 14h giao h\u00e0ng tr\u01b0\u1edbc 5h, \u0110\u1eb7t sau 14h giao h\u00e0ng sang ng\u00e0y h\u00f4m sau, Ch\u1ee7 nh\u1eadt Ngh\u1ec9<\/li>\n<li><strong>T\u00ecnh Tr\u1ea1ng\u00a0 \u00a0 \u00a0 \u00a0 \u00a0:<\/strong>\u00a0C\u00f2n h\u00e0ng<\/li>\n<\/ul>\n","protected":false},"featured_media":40,"comment_status":"closed","ping_status":"closed","template":"","meta":[],"product_cat":[17,18,19,20,21,22,23,24,25,26,27],"product_tag":[],"class_list":["post-35","product","type-product","status-publish","has-post-thumbnail","hentry","product_cat-sua-cho-nguoi-gia","product_cat-sua-cho-nguoi-suy-than","product_cat-sua-cho-nguoi-tieu-duong","product_cat-sua-cho-nguoi-ung-thu","product_cat-sua-danh-cho-ba-bau","product_cat-sua-ho-tro-he-tieu-hoa","product_cat-sua-nhap-khau","product_cat-sua-tang-can-cho-be","product_cat-sua-tang-can-cho-nguoi-gay","product_cat-sua-tang-chieu-cao-cho-be","product_cat-sua-trong-nuoc"],"yoast_head":"<!-- This site is optimized with the Yoast SEO plugin v18.9 - https:\/\/yoast.com\/wordpress\/plugins\/seo\/ -->\n<title>S\u1eefa France Lait 3 900g - S\u1eefa B\u1ec9m H\u1ea3i Nam<\/title>\n<meta name=\"robots\" content=\"noindex, follow, max-snippet:-1, max-image-preview:large, max-video-preview:-1\" \/>\n<meta property=\"og:locale\" content=\"vi_VN\" \/>\n<meta property=\"og:type\" content=\"article\" \/>\n<meta property=\"og:title\" content=\"S\u1eefa France Lait 3 900g - S\u1eefa B\u1ec9m H\u1ea3i Nam\" \/>\n<meta property=\"og:description\" content=\"H\u00e3ng s\u1ea3n xu\u1ea5t\u00a0 \u00a0 \u00a0:\u00a0\u00a0France Lait Ph\u00e1p  Ph\u00ed V\u1eadn Chuy\u1ec3n :\u00a0Giao h\u00e0ng t\u1eadn n\u01a1i mi\u1ec5n ph\u00ed trong n\u1ed9i th\u00e0nh H\u00e0 N\u1ed9i, \u0110\u01a1n h\u00e0ng \u0111\u1eb7t tr\u01b0\u1edbc 14h giao h\u00e0ng tr\u01b0\u1edbc 5h, \u0110\u1eb7t sau 14h giao h\u00e0ng sang ng\u00e0y h\u00f4m sau, Ch\u1ee7 nh\u1eadt Ngh\u1ec9  T\u00ecnh Tr\u1ea1ng\u00a0 \u00a0 \u00a0 \u00a0 \u00a0:\u00a0C\u00f2n h\u00e0ng\" \/>\n<meta property=\"og:url\" content=\"http:\/\/mau.hoabinhweb.com\/mevabe1\/san-pham\/sua-france-lait-3-900g\/\" \/>\n<meta property=\"og:site_name\" content=\"S\u1eefa B\u1ec9m H\u1ea3i Nam\" \/>\n<meta property=\"og:image\" content=\"http:\/\/mau.hoabinhweb.com\/mevabe1\/wp-content\/uploads\/2022\/03\/sanpham10.jpg\" \/>\n\t<meta property=\"og:image:width\" content=\"800\" \/>\n\t<meta property=\"og:image:height\" content=\"800\" \/>\n\t<meta property=\"og:image:type\" content=\"image\/jpeg\" \/>\n<meta name=\"twitter:card\" content=\"summary_large_image\" \/>\n<meta name=\"twitter:label1\" content=\"\u01af\u1edbc t\u00ednh th\u1eddi gian \u0111\u1ecdc\" \/>\n\t<meta name=\"twitter:data1\" content=\"4 ph\u00fat\" \/>\n<script type=\"application\/ld+json\" class=\"yoast-schema-graph\">{\"@context\":\"https:\/\/schema.org\",\"@graph\":[{\"@type\":\"WebSite\",\"@id\":\"https:\/\/mau.hoabinhweb.com\/mevabe1\/#website\",\"url\":\"https:\/\/mau.hoabinhweb.com\/mevabe1\/\",\"name\":\"S\u1eefa B\u1ec9m H\u1ea3i Nam\",\"description\":\"\",\"potentialAction\":[{\"@type\":\"SearchAction\",\"target\":{\"@type\":\"EntryPoint\",\"urlTemplate\":\"https:\/\/mau.hoabinhweb.com\/mevabe1\/?s={search_term_string}\"},\"query-input\":\"required name=search_term_string\"}],\"inLanguage\":\"vi\"},{\"@type\":\"ImageObject\",\"inLanguage\":\"vi\",\"@id\":\"http:\/\/mau.hoabinhweb.com\/mevabe1\/san-pham\/sua-france-lait-3-900g\/#primaryimage\",\"url\":\"http:\/\/mau.hoabinhweb.com\/mevabe1\/wp-content\/uploads\/2022\/03\/sanpham10.jpg\",\"contentUrl\":\"http:\/\/mau.hoabinhweb.com\/mevabe1\/wp-content\/uploads\/2022\/03\/sanpham10.jpg\",\"width\":800,\"height\":800,\"caption\":\"Sanpham10\"},{\"@type\":\"WebPage\",\"@id\":\"http:\/\/mau.hoabinhweb.com\/mevabe1\/san-pham\/sua-france-lait-3-900g\/#webpage\",\"url\":\"http:\/\/mau.hoabinhweb.com\/mevabe1\/san-pham\/sua-france-lait-3-900g\/\",\"name\":\"S\u1eefa France Lait 3 900g - S\u1eefa B\u1ec9m H\u1ea3i Nam\",\"isPartOf\":{\"@id\":\"https:\/\/mau.hoabinhweb.com\/mevabe1\/#website\"},\"primaryImageOfPage\":{\"@id\":\"http:\/\/mau.hoabinhweb.com\/mevabe1\/san-pham\/sua-france-lait-3-900g\/#primaryimage\"},\"datePublished\":\"2022-03-22T03:10:24+00:00\",\"dateModified\":\"2022-03-22T03:10:24+00:00\",\"breadcrumb\":{\"@id\":\"http:\/\/mau.hoabinhweb.com\/mevabe1\/san-pham\/sua-france-lait-3-900g\/#breadcrumb\"},\"inLanguage\":\"vi\",\"potentialAction\":[{\"@type\":\"ReadAction\",\"target\":[\"http:\/\/mau.hoabinhweb.com\/mevabe1\/san-pham\/sua-france-lait-3-900g\/\"]}]},{\"@type\":\"BreadcrumbList\",\"@id\":\"http:\/\/mau.hoabinhweb.com\/mevabe1\/san-pham\/sua-france-lait-3-900g\/#breadcrumb\",\"itemListElement\":[{\"@type\":\"ListItem\",\"position\":1,\"name\":\"Trang ch\u1ee7\",\"item\":\"https:\/\/mau.hoabinhweb.com\/mevabe1\/\"},{\"@type\":\"ListItem\",\"position\":2,\"name\":\"C\u1eeda h\u00e0ng\",\"item\":\"http:\/\/mau.hoabinhweb.com\/mevabe1\/cua-hang\/\"},{\"@type\":\"ListItem\",\"position\":3,\"name\":\"S\u1eefa cho ng\u01b0\u1eddi gi\u00e0\",\"item\":\"http:\/\/mau.hoabinhweb.com\/mevabe1\/danh-muc\/sua-cho-nguoi-gia\/\"},{\"@type\":\"ListItem\",\"position\":4,\"name\":\"S\u1eefa France Lait 3 900g\"}]}]}<\/script>\n<!-- \/ Yoast SEO plugin. -->","yoast_head_json":{"title":"S\u1eefa France Lait 3 900g - S\u1eefa B\u1ec9m H\u1ea3i Nam","robots":{"index":"noindex","follow":"follow","max-snippet":"max-snippet:-1","max-image-preview":"max-image-preview:large","max-video-preview":"max-video-preview:-1"},"og_locale":"vi_VN","og_type":"article","og_title":"S\u1eefa France Lait 3 900g - S\u1eefa B\u1ec9m H\u1ea3i Nam","og_description":"H\u00e3ng s\u1ea3n xu\u1ea5t\u00a0 \u00a0 \u00a0:\u00a0\u00a0France Lait Ph\u00e1p  Ph\u00ed V\u1eadn Chuy\u1ec3n :\u00a0Giao h\u00e0ng t\u1eadn n\u01a1i mi\u1ec5n ph\u00ed trong n\u1ed9i th\u00e0nh H\u00e0 N\u1ed9i, \u0110\u01a1n h\u00e0ng \u0111\u1eb7t tr\u01b0\u1edbc 14h giao h\u00e0ng tr\u01b0\u1edbc 5h, \u0110\u1eb7t sau 14h giao h\u00e0ng sang ng\u00e0y h\u00f4m sau, Ch\u1ee7 nh\u1eadt Ngh\u1ec9  T\u00ecnh Tr\u1ea1ng\u00a0 \u00a0 \u00a0 \u00a0 \u00a0:\u00a0C\u00f2n h\u00e0ng","og_url":"http:\/\/mau.hoabinhweb.com\/mevabe1\/san-pham\/sua-france-lait-3-900g\/","og_site_name":"S\u1eefa B\u1ec9m H\u1ea3i Nam","og_image":[{"width":800,"height":800,"url":"http:\/\/mau.hoabinhweb.com\/mevabe1\/wp-content\/uploads\/2022\/03\/sanpham10.jpg","type":"image\/jpeg"}],"twitter_card":"summary_large_image","twitter_misc":{"\u01af\u1edbc t\u00ednh th\u1eddi gian \u0111\u1ecdc":"4 ph\u00fat"},"schema":{"@context":"https:\/\/schema.org","@graph":[{"@type":"WebSite","@id":"https:\/\/mau.hoabinhweb.com\/mevabe1\/#website","url":"https:\/\/mau.hoabinhweb.com\/mevabe1\/","name":"S\u1eefa B\u1ec9m H\u1ea3i Nam","description":"","potentialAction":[{"@type":"SearchAction","target":{"@type":"EntryPoint","urlTemplate":"https:\/\/mau.hoabinhweb.com\/mevabe1\/?s={search_term_string}"},"query-input":"required name=search_term_string"}],"inLanguage":"vi"},{"@type":"ImageObject","inLanguage":"vi","@id":"http:\/\/mau.hoabinhweb.com\/mevabe1\/san-pham\/sua-france-lait-3-900g\/#primaryimage","url":"http:\/\/mau.hoabinhweb.com\/mevabe1\/wp-content\/uploads\/2022\/03\/sanpham10.jpg","contentUrl":"http:\/\/mau.hoabinhweb.com\/mevabe1\/wp-content\/uploads\/2022\/03\/sanpham10.jpg","width":800,"height":800,"caption":"Sanpham10"},{"@type":"WebPage","@id":"http:\/\/mau.hoabinhweb.com\/mevabe1\/san-pham\/sua-france-lait-3-900g\/#webpage","url":"http:\/\/mau.hoabinhweb.com\/mevabe1\/san-pham\/sua-france-lait-3-900g\/","name":"S\u1eefa France Lait 3 900g - S\u1eefa B\u1ec9m H\u1ea3i Nam","isPartOf":{"@id":"https:\/\/mau.hoabinhweb.com\/mevabe1\/#website"},"primaryImageOfPage":{"@id":"http:\/\/mau.hoabinhweb.com\/mevabe1\/san-pham\/sua-france-lait-3-900g\/#primaryimage"},"datePublished":"2022-03-22T03:10:24+00:00","dateModified":"2022-03-22T03:10:24+00:00","breadcrumb":{"@id":"http:\/\/mau.hoabinhweb.com\/mevabe1\/san-pham\/sua-france-lait-3-900g\/#breadcrumb"},"inLanguage":"vi","potentialAction":[{"@type":"ReadAction","target":["http:\/\/mau.hoabinhweb.com\/mevabe1\/san-pham\/sua-france-lait-3-900g\/"]}]},{"@type":"BreadcrumbList","@id":"http:\/\/mau.hoabinhweb.com\/mevabe1\/san-pham\/sua-france-lait-3-900g\/#breadcrumb","itemListElement":[{"@type":"ListItem","position":1,"name":"Trang ch\u1ee7","item":"https:\/\/mau.hoabinhweb.com\/mevabe1\/"},{"@type":"ListItem","position":2,"name":"C\u1eeda h\u00e0ng","item":"http:\/\/mau.hoabinhweb.com\/mevabe1\/cua-hang\/"},{"@type":"ListItem","position":3,"name":"S\u1eefa cho ng\u01b0\u1eddi gi\u00e0","item":"http:\/\/mau.hoabinhweb.com\/mevabe1\/danh-muc\/sua-cho-nguoi-gia\/"},{"@type":"ListItem","position":4,"name":"S\u1eefa France Lait 3 900g"}]}]}},"_links":{"self":[{"href":"http:\/\/mau.hoabinhweb.com\/mevabe1\/wp-json\/wp\/v2\/product\/35","targetHints":{"allow":["GET"]}}],"collection":[{"href":"http:\/\/mau.hoabinhweb.com\/mevabe1\/wp-json\/wp\/v2\/product"}],"about":[{"href":"http:\/\/mau.hoabinhweb.com\/mevabe1\/wp-json\/wp\/v2\/types\/product"}],"replies":[{"embeddable":true,"href":"http:\/\/mau.hoabinhweb.com\/mevabe1\/wp-json\/wp\/v2\/comments?post=35"}],"wp:featuredmedia":[{"embeddable":true,"href":"http:\/\/mau.hoabinhweb.com\/mevabe1\/wp-json\/wp\/v2\/media\/40"}],"wp:attachment":[{"href":"http:\/\/mau.hoabinhweb.com\/mevabe1\/wp-json\/wp\/v2\/media?parent=35"}],"wp:term":[{"taxonomy":"product_cat","embeddable":true,"href":"http:\/\/mau.hoabinhweb.com\/mevabe1\/wp-json\/wp\/v2\/product_cat?post=35"},{"taxonomy":"product_tag","embeddable":true,"href":"http:\/\/mau.hoabinhweb.com\/mevabe1\/wp-json\/wp\/v2\/product_tag?post=35"}],"curies":[{"name":"wp","href":"https:\/\/api.w.org\/{rel}","templated":true}]}}