{"id":34,"date":"2022-03-22T10:10:24","date_gmt":"2022-03-22T03:10:24","guid":{"rendered":"https:\/\/shopsuabimhainam.vn\/?post_type=product&amp;p=34"},"modified":"2022-03-22T10:10:24","modified_gmt":"2022-03-22T03:10:24","slug":"sua-eurofit-babi-900g","status":"publish","type":"product","link":"http:\/\/mau.hoabinhweb.com\/mevabe1\/san-pham\/sua-eurofit-babi-900g\/","title":{"rendered":"S\u1eefa Eurofit Babi 900g"},"content":{"rendered":"<p><strong>S\u1eefa Eurofit Babi c\u00f4ng th\u1ee9c dinh d\u01b0\u1ee1ng ho\u00e0n h\u1ea3o cho c\u00e1c b\u00e9 t\u1eeb 0-12 th\u00e1ng tu\u1ed5i. S\u1eefa Eurofit Babi s\u1ebd mang l\u1ea1i cho b\u00e9 ngu\u1ed3n dinh d\u01b0\u1ee1ng \u0111\u1ea7y \u0111\u1ee7, c\u1ea7n b\u1eb1ng, d\u1ec5 h\u1ea5p thu gi\u00fap b\u00e9 \u0103n ngon mi\u1ec7ng, t\u0103ng c\u01b0\u1eddng s\u1ee9c \u0111\u1ec1 kh\u00e1ng v\u00e0 ph\u00e1t tri\u1ec3n to\u00e0n di\u1ec7n.<\/strong><\/p>\n<div id=\"attachment_5151\" class=\"wp-caption aligncenter\"><img loading=\"lazy\" decoding=\"async\" class=\"wp-image-5151 size-full lazyloaded\" src=\"https:\/\/shopsuabim.vn\/wp-content\/uploads\/2019\/09\/sua-eurofit-babi-e1616537643720.jpg\" alt=\"s\u1eefa eurofit babi 900g\" width=\"600\" height=\"600\" data-lazy-src=\"https:\/\/shopsuabim.vn\/wp-content\/uploads\/2019\/09\/sua-eurofit-babi-e1616537643720.jpg\" data-was-processed=\"true\" \/>\n<p class=\"wp-caption-text\">s\u1eefa eurofit babi 900g<\/p>\n<\/div>\n<div id=\"attachment_5152\" class=\"wp-caption aligncenter\"><img loading=\"lazy\" decoding=\"async\" class=\"wp-image-5152 size-full lazyloaded\" src=\"https:\/\/shopsuabim.vn\/wp-content\/uploads\/2019\/09\/Hinh-anh-sua-eurofit-babi-e1616537696740.jpg\" alt=\"H\u00ecnh \u1ea3nh S\u1eefa eurofit babi t\u0103ng c\u00e2n cho b\u00e9 y\u00eau\" width=\"700\" height=\"700\" data-lazy-src=\"https:\/\/shopsuabim.vn\/wp-content\/uploads\/2019\/09\/Hinh-anh-sua-eurofit-babi-e1616537696740.jpg\" data-was-processed=\"true\" \/>\n<p class=\"wp-caption-text\">H\u00ecnh \u1ea3nh S\u1eefa eurofit babi t\u0103ng c\u00e2n cho b\u00e9 y\u00eau<\/p>\n<\/div>\n<h3><strong>S\u1eefa Eurofit Babi \u0111\u01b0\u1ee3c s\u1ea3n xu\u1ea5t \u1edf \u0111\u00e2u ?<\/strong><\/h3>\n<p>+\u00a0<strong>S\u1eefa Eurofit Babi<\/strong>\u00a0\u0111\u01b0\u1ee3c s\u1ea3n xu\u1ea5t b\u1edfi C\u00f4ng ty d\u01b0\u1ee3c ph\u1ea9m \u0110\u00f4ng \u00c1<\/p>\n<p>+ S\u1eefa \u0111\u01b0\u1ee3c s\u1ea3n xu\u1ea5t v\u1edbi ngu\u1ed3n nguy\u00ean li\u1ec7u nh\u1eadp kh\u1ea9u tr\u1ef1c ti\u1ebfp t\u1eeb New Zealand.<\/p>\n<p>+ S\u1eefa v\u1edbi c\u00f4ng th\u1ee9c ti\u00ean ti\u1ebfn ph\u00f9 h\u1ee3p v\u1edbi c\u00e1c b\u00e9 t\u1eeb 0-12 th\u00e1ng tu\u1ed5i \u0111\u00e3 nh\u1eadn \u0111\u01b0\u1ee3c ch\u1ee9ng nh\u1eadn c\u1ee7a B\u1ed9 Y T\u1ebf.<\/p>\n<p>+\u00a0S\u1eefa Eurofit\u00a0\u0111\u01b0\u1ee3c c\u00e1c chuy\u00ean gia dinh d\u01b0\u1ee1ng \u0111\u1ea7u ng\u00e0nh khuy\u00ean d\u00f9ng cho c\u00e1c b\u00e9 c\u00f3 h\u1ec7 mi\u1ec5n d\u1ecbch v\u00e0 ti\u00eau h\u00f3a k\u00e9m.<\/p>\n<h3><strong>Nh\u1eefng l\u1ee3i \u00edch tuy\u1ec7t v\u1eddi m\u00e0 S\u1eefa Eurofit Babi \u0111em l\u1ea1i cho b\u00e9 y\u00eau l\u00e0 g\u00ec ?<\/strong><\/h3>\n<h4><strong>Gi\u00fap b\u00e9 t\u0103ng c\u01b0\u1eddng s\u1ee9c \u0111\u1ec1 kh\u00e1ng<\/strong><\/h4>\n<p>+ Trong\u00a0<strong>S\u1eefa Eurofit Babi\u00a0<\/strong>c\u00f3 s\u1eefa non v\u1edbi c\u00e1c th\u00e0nh ph\u1ea7n gi\u1ed1ng v\u1edbi s\u1eefa m\u1eb9 mang l\u1ea1i nh\u1eefng gi\u00e1 tr\u1ecb kh\u00f4ng g\u00ec c\u00f3 th\u1ec3 thay th\u1ebf cho tr\u1ebb s\u01a1 sinh.<\/p>\n<p>+ S\u1eefa non c\u00f3 ch\u1ee9a c\u00e1c kh\u00e1ng th\u1ec3 t\u1ef1 nhi\u00ean cao g\u1ea5p 20 l\u1ea7n s\u1eefa m\u1eb9 t\u1ea1o n\u00ean m\u1ed9t l\u1edbp b\u1ea3o v\u1ec7 v\u1eefng ch\u1eafc v\u1edbi c\u00e1c vi khu\u1ea9n g\u00e2y b\u1ec7nh t\u1eeb b\u00ean ngo\u00e0i,<\/p>\n<p>+ S\u1eefa gi\u00fap b\u00e9 ph\u00f2ng ng\u1eeba c\u00e1c b\u1ec7nh v\u1ec1 \u0111\u01b0\u1eddng ti\u00eau h\u00f3a v\u00e0 h\u00f4 h\u1ea5p d\u1ec5 m\u1eafc \u1edf tr\u1ebb s\u01a1 sinh.<\/p>\n<p>+\u00a0 Th\u00e0nh ph\u1ea7n Beta glucan c\u00f3 trong s\u1eefa\u00a0v\u1edbi t\u00e1c d\u1ee5ng k\u00edch th\u00edch h\u1ec7 th\u1ed1ng mi\u1ec5n d\u1ecbch t\u1ef1 nhi\u00ean, t\u0103ng c\u01b0\u1eddng s\u1ee9c kh\u1ecfe cho h\u1ec7 h\u00f4 h\u1ea5p.<\/p>\n<p>+ Beta glucan c\u00f2n c\u00f3 t\u00e1c d\u1ee5ng ti\u00eau di\u1ec7t m\u1ea7m b\u1ec7nh x\u00e2m nh\u1eadp t\u1eeb b\u00ean ngo\u00e0i, ph\u00f2ng c\u00e1c b\u1ec7nh v\u1ec1 \u0111\u01b0\u1eddng ru\u1ed9t, nhi\u1ec5m tr\u00f9ng do vi khu\u1ea9n, vi r\u00fat.<\/p>\n<p>+ Ngo\u00e0i ra s\u1eefa\u00a0c\u00f2n b\u1ed5 sung c\u00e1c lo\u1ea1i Vitamin nh\u01b0: Vitamin A, Vitamin C, Vitamin D k\u1ebft h\u1ee3p v\u1edbi K\u1ebdm, Selen<\/p>\n<p>+ Ch\u00fang gi\u00fap t\u0103ng c\u01b0\u1eddng ch\u1ee9c n\u0103ng mi\u1ec5n d\u1ecbch c\u1ee7a b\u1ea1ch c\u1ea7u v\u00e0 tuy\u1ebfn \u1ee9c.<\/p>\n<h4><strong><img loading=\"lazy\" decoding=\"async\" class=\"wp-image-3174 size-full aligncenter lazyloaded\" src=\"https:\/\/shopsuabim.vn\/wp-content\/uploads\/2019\/09\/S%E1%BB%AFa-Eurofit-Babi-cho-b%C3%A9-0-12-th%C3%A1ng.jpg\" sizes=\"auto, (max-width: 624px) 100vw, 624px\" srcset=\"https:\/\/shopsuabim.vn\/wp-content\/uploads\/2019\/09\/S\u1eefa-Eurofit-Babi-cho-b\u00e9-0-12-th\u00e1ng.jpg 624w, https:\/\/shopsuabim.vn\/wp-content\/uploads\/2019\/09\/S\u1eefa-Eurofit-Babi-cho-b\u00e9-0-12-th\u00e1ng-300x188.jpg 300w, https:\/\/shopsuabim.vn\/wp-content\/uploads\/2019\/09\/S\u1eefa-Eurofit-Babi-cho-b\u00e9-0-12-th\u00e1ng-20x13.jpg 20w\" alt=\"\" width=\"624\" height=\"390\" data-lazy-src=\"https:\/\/shopsuabim.vn\/wp-content\/uploads\/2019\/09\/S\u1eefa-Eurofit-Babi-cho-b\u00e9-0-12-th\u00e1ng.jpg\" data-lazy-srcset=\"https:\/\/shopsuabim.vn\/wp-content\/uploads\/2019\/09\/S\u1eefa-Eurofit-Babi-cho-b\u00e9-0-12-th\u00e1ng.jpg 624w, https:\/\/shopsuabim.vn\/wp-content\/uploads\/2019\/09\/S\u1eefa-Eurofit-Babi-cho-b\u00e9-0-12-th\u00e1ng-300x188.jpg 300w, https:\/\/shopsuabim.vn\/wp-content\/uploads\/2019\/09\/S\u1eefa-Eurofit-Babi-cho-b\u00e9-0-12-th\u00e1ng-20x13.jpg 20w\" data-lazy-sizes=\"(max-width: 624px) 100vw, 624px\" data-was-processed=\"true\" \/>Gi\u00fap ho\u00e0n thi\u1ec7n n\u00e3o b\u1ed9 v\u00e0 ph\u00e1t tri\u1ec3n th\u1ecb gi\u00e1c\u00a0<\/strong><\/h4>\n<p>+ DHA v\u00e0 EPA l\u00e0 nh\u1eefng th\u00e0nh ph\u1ea7n thi\u1ebft y\u1ebfu trong vi\u1ec7c c\u1ea5u t\u1ea1o n\u00ean m\u00e0ng t\u1ebf b\u00e0o c\u1ee7a n\u00e3o b\u1ed9 v\u00e0 th\u1ecb gi\u00e1c, c\u00e1c t\u1ed5 ch\u1ee9c th\u1ea7n kinh.<\/p>\n<p>+ \u0110\u00e2y l\u00e0 2 lo\u1ea1i Axit b\u00e9o thu\u1ed9c nh\u00f3m Omega 3 chi\u1ebfm t\u1ec9 l\u1ec7 cao trong ch\u1ea5t x\u00e1m c\u1ee7a n\u00e3o b\u1ed9 v\u00e0 v\u00f5ng m\u1ea1c \u1ea3nh.<\/p>\n<p>+ Vi\u1ec7c b\u1ed5 sung DHA v\u00e0 EPA m\u1ed9t c\u00e1ch \u0111\u1ea7y \u0111\u1ee7 c\u00f3 t\u00e1c d\u1ee5ng th\u00fac \u0111\u1ea9y s\u1ef1 ph\u00e1t tri\u1ec3n c\u1ee7a n\u00e3o b\u1ed9, gi\u00fap b\u00e9 h\u1ecdc nhanh, nh\u1edb l\u00e2u.<\/p>\n<p>+ Taurine c\u00f3 trong th\u00e0nh ph\u1ea7n c\u1ea5u t\u1ea1o c\u1ee7a m\u00e0ng t\u1ebf b\u00e0o v\u00e0 r\u1ea5t quan tr\u1ecdng gi\u00fap t\u0103ng c\u01b0\u1eddng ch\u1ee9c n\u0103ng c\u1ee7a n\u00e3o b\u1ed9, th\u1ecb gi\u00e1c.<\/p>\n<p>+\u00a0<strong>S\u1eefa Eurofit Babi<\/strong>\u00a0v\u1edbi h\u00e0m l\u01b0\u1ee3ng Taurine cao mang l\u1ea1i cho b\u00e9 d\u01b0\u1ee1ng ch\u1ea5t t\u1ed1t nh\u1ea5t cho s\u1ef1 ph\u00e1t tri\u1ec3n tr\u00ed n\u00e3o v\u00e0 th\u1ecb gi\u00e1c.<\/p>\n","protected":false},"excerpt":{"rendered":"<ul>\n<li><strong>H\u00e3ng s\u1ea3n xu\u1ea5t\u00a0 \u00a0 \u00a0:\u00a0<\/strong>\u00a0D\u01b0\u1ee3c Ph\u1ea9m \u0110\u00f4ng Nam \u00c1<\/li>\n<li><strong>Ph\u00ed V\u1eadn Chuy\u1ec3n :\u00a0<\/strong>Giao h\u00e0ng t\u1eadn n\u01a1i mi\u1ec5n ph\u00ed trong n\u1ed9i th\u00e0nh H\u00e0 N\u1ed9i, \u0110\u01a1n h\u00e0ng \u0111\u1eb7t tr\u01b0\u1edbc 14h giao h\u00e0ng tr\u01b0\u1edbc 5h, \u0110\u1eb7t sau 14h giao h\u00e0ng sang ng\u00e0y h\u00f4m sau, Ch\u1ee7 nh\u1eadt Ngh\u1ec9<\/li>\n<li><strong>T\u00ecnh Tr\u1ea1ng\u00a0 \u00a0 \u00a0 \u00a0 \u00a0:<\/strong>\u00a0C\u00f2n h\u00e0ng<\/li>\n<\/ul>\n","protected":false},"featured_media":39,"comment_status":"closed","ping_status":"closed","template":"","meta":[],"product_cat":[17,18,19,20,21,22,23,24,25,26,27],"product_tag":[],"class_list":["post-34","product","type-product","status-publish","has-post-thumbnail","hentry","product_cat-sua-cho-nguoi-gia","product_cat-sua-cho-nguoi-suy-than","product_cat-sua-cho-nguoi-tieu-duong","product_cat-sua-cho-nguoi-ung-thu","product_cat-sua-danh-cho-ba-bau","product_cat-sua-ho-tro-he-tieu-hoa","product_cat-sua-nhap-khau","product_cat-sua-tang-can-cho-be","product_cat-sua-tang-can-cho-nguoi-gay","product_cat-sua-tang-chieu-cao-cho-be","product_cat-sua-trong-nuoc"],"yoast_head":"<!-- This site is optimized with the Yoast SEO plugin v18.9 - https:\/\/yoast.com\/wordpress\/plugins\/seo\/ -->\n<title>S\u1eefa Eurofit Babi 900g - S\u1eefa B\u1ec9m H\u1ea3i Nam<\/title>\n<meta name=\"robots\" content=\"noindex, follow, max-snippet:-1, max-image-preview:large, max-video-preview:-1\" \/>\n<meta property=\"og:locale\" content=\"vi_VN\" \/>\n<meta property=\"og:type\" content=\"article\" \/>\n<meta property=\"og:title\" content=\"S\u1eefa Eurofit Babi 900g - S\u1eefa B\u1ec9m H\u1ea3i Nam\" \/>\n<meta property=\"og:description\" content=\"H\u00e3ng s\u1ea3n xu\u1ea5t\u00a0 \u00a0 \u00a0:\u00a0\u00a0D\u01b0\u1ee3c Ph\u1ea9m \u0110\u00f4ng Nam \u00c1  Ph\u00ed V\u1eadn Chuy\u1ec3n :\u00a0Giao h\u00e0ng t\u1eadn n\u01a1i mi\u1ec5n ph\u00ed trong n\u1ed9i th\u00e0nh H\u00e0 N\u1ed9i, \u0110\u01a1n h\u00e0ng \u0111\u1eb7t tr\u01b0\u1edbc 14h giao h\u00e0ng tr\u01b0\u1edbc 5h, \u0110\u1eb7t sau 14h giao h\u00e0ng sang ng\u00e0y h\u00f4m sau, Ch\u1ee7 nh\u1eadt Ngh\u1ec9  T\u00ecnh Tr\u1ea1ng\u00a0 \u00a0 \u00a0 \u00a0 \u00a0:\u00a0C\u00f2n h\u00e0ng\" \/>\n<meta property=\"og:url\" content=\"http:\/\/mau.hoabinhweb.com\/mevabe1\/san-pham\/sua-eurofit-babi-900g\/\" \/>\n<meta property=\"og:site_name\" content=\"S\u1eefa B\u1ec9m H\u1ea3i Nam\" \/>\n<meta property=\"og:image\" content=\"http:\/\/mau.hoabinhweb.com\/mevabe1\/wp-content\/uploads\/2022\/03\/sanpham9.jpg\" \/>\n\t<meta property=\"og:image:width\" content=\"600\" \/>\n\t<meta property=\"og:image:height\" content=\"600\" \/>\n\t<meta property=\"og:image:type\" content=\"image\/jpeg\" \/>\n<meta name=\"twitter:card\" content=\"summary_large_image\" \/>\n<meta name=\"twitter:label1\" content=\"\u01af\u1edbc t\u00ednh th\u1eddi gian \u0111\u1ecdc\" \/>\n\t<meta name=\"twitter:data1\" content=\"4 ph\u00fat\" \/>\n<script type=\"application\/ld+json\" class=\"yoast-schema-graph\">{\"@context\":\"https:\/\/schema.org\",\"@graph\":[{\"@type\":\"WebSite\",\"@id\":\"https:\/\/mau.hoabinhweb.com\/mevabe1\/#website\",\"url\":\"https:\/\/mau.hoabinhweb.com\/mevabe1\/\",\"name\":\"S\u1eefa B\u1ec9m H\u1ea3i Nam\",\"description\":\"\",\"potentialAction\":[{\"@type\":\"SearchAction\",\"target\":{\"@type\":\"EntryPoint\",\"urlTemplate\":\"https:\/\/mau.hoabinhweb.com\/mevabe1\/?s={search_term_string}\"},\"query-input\":\"required name=search_term_string\"}],\"inLanguage\":\"vi\"},{\"@type\":\"ImageObject\",\"inLanguage\":\"vi\",\"@id\":\"http:\/\/mau.hoabinhweb.com\/mevabe1\/san-pham\/sua-eurofit-babi-900g\/#primaryimage\",\"url\":\"http:\/\/mau.hoabinhweb.com\/mevabe1\/wp-content\/uploads\/2022\/03\/sanpham9.jpg\",\"contentUrl\":\"http:\/\/mau.hoabinhweb.com\/mevabe1\/wp-content\/uploads\/2022\/03\/sanpham9.jpg\",\"width\":600,\"height\":600,\"caption\":\"Sanpham9\"},{\"@type\":\"WebPage\",\"@id\":\"http:\/\/mau.hoabinhweb.com\/mevabe1\/san-pham\/sua-eurofit-babi-900g\/#webpage\",\"url\":\"http:\/\/mau.hoabinhweb.com\/mevabe1\/san-pham\/sua-eurofit-babi-900g\/\",\"name\":\"S\u1eefa Eurofit Babi 900g - S\u1eefa B\u1ec9m H\u1ea3i Nam\",\"isPartOf\":{\"@id\":\"https:\/\/mau.hoabinhweb.com\/mevabe1\/#website\"},\"primaryImageOfPage\":{\"@id\":\"http:\/\/mau.hoabinhweb.com\/mevabe1\/san-pham\/sua-eurofit-babi-900g\/#primaryimage\"},\"datePublished\":\"2022-03-22T03:10:24+00:00\",\"dateModified\":\"2022-03-22T03:10:24+00:00\",\"breadcrumb\":{\"@id\":\"http:\/\/mau.hoabinhweb.com\/mevabe1\/san-pham\/sua-eurofit-babi-900g\/#breadcrumb\"},\"inLanguage\":\"vi\",\"potentialAction\":[{\"@type\":\"ReadAction\",\"target\":[\"http:\/\/mau.hoabinhweb.com\/mevabe1\/san-pham\/sua-eurofit-babi-900g\/\"]}]},{\"@type\":\"BreadcrumbList\",\"@id\":\"http:\/\/mau.hoabinhweb.com\/mevabe1\/san-pham\/sua-eurofit-babi-900g\/#breadcrumb\",\"itemListElement\":[{\"@type\":\"ListItem\",\"position\":1,\"name\":\"Trang ch\u1ee7\",\"item\":\"https:\/\/mau.hoabinhweb.com\/mevabe1\/\"},{\"@type\":\"ListItem\",\"position\":2,\"name\":\"C\u1eeda h\u00e0ng\",\"item\":\"http:\/\/mau.hoabinhweb.com\/mevabe1\/cua-hang\/\"},{\"@type\":\"ListItem\",\"position\":3,\"name\":\"S\u1eefa cho ng\u01b0\u1eddi gi\u00e0\",\"item\":\"http:\/\/mau.hoabinhweb.com\/mevabe1\/danh-muc\/sua-cho-nguoi-gia\/\"},{\"@type\":\"ListItem\",\"position\":4,\"name\":\"S\u1eefa Eurofit Babi 900g\"}]}]}<\/script>\n<!-- \/ Yoast SEO plugin. -->","yoast_head_json":{"title":"S\u1eefa Eurofit Babi 900g - S\u1eefa B\u1ec9m H\u1ea3i Nam","robots":{"index":"noindex","follow":"follow","max-snippet":"max-snippet:-1","max-image-preview":"max-image-preview:large","max-video-preview":"max-video-preview:-1"},"og_locale":"vi_VN","og_type":"article","og_title":"S\u1eefa Eurofit Babi 900g - S\u1eefa B\u1ec9m H\u1ea3i Nam","og_description":"H\u00e3ng s\u1ea3n xu\u1ea5t\u00a0 \u00a0 \u00a0:\u00a0\u00a0D\u01b0\u1ee3c Ph\u1ea9m \u0110\u00f4ng Nam \u00c1  Ph\u00ed V\u1eadn Chuy\u1ec3n :\u00a0Giao h\u00e0ng t\u1eadn n\u01a1i mi\u1ec5n ph\u00ed trong n\u1ed9i th\u00e0nh H\u00e0 N\u1ed9i, \u0110\u01a1n h\u00e0ng \u0111\u1eb7t tr\u01b0\u1edbc 14h giao h\u00e0ng tr\u01b0\u1edbc 5h, \u0110\u1eb7t sau 14h giao h\u00e0ng sang ng\u00e0y h\u00f4m sau, Ch\u1ee7 nh\u1eadt Ngh\u1ec9  T\u00ecnh Tr\u1ea1ng\u00a0 \u00a0 \u00a0 \u00a0 \u00a0:\u00a0C\u00f2n h\u00e0ng","og_url":"http:\/\/mau.hoabinhweb.com\/mevabe1\/san-pham\/sua-eurofit-babi-900g\/","og_site_name":"S\u1eefa B\u1ec9m H\u1ea3i Nam","og_image":[{"width":600,"height":600,"url":"http:\/\/mau.hoabinhweb.com\/mevabe1\/wp-content\/uploads\/2022\/03\/sanpham9.jpg","type":"image\/jpeg"}],"twitter_card":"summary_large_image","twitter_misc":{"\u01af\u1edbc t\u00ednh th\u1eddi gian \u0111\u1ecdc":"4 ph\u00fat"},"schema":{"@context":"https:\/\/schema.org","@graph":[{"@type":"WebSite","@id":"https:\/\/mau.hoabinhweb.com\/mevabe1\/#website","url":"https:\/\/mau.hoabinhweb.com\/mevabe1\/","name":"S\u1eefa B\u1ec9m H\u1ea3i Nam","description":"","potentialAction":[{"@type":"SearchAction","target":{"@type":"EntryPoint","urlTemplate":"https:\/\/mau.hoabinhweb.com\/mevabe1\/?s={search_term_string}"},"query-input":"required name=search_term_string"}],"inLanguage":"vi"},{"@type":"ImageObject","inLanguage":"vi","@id":"http:\/\/mau.hoabinhweb.com\/mevabe1\/san-pham\/sua-eurofit-babi-900g\/#primaryimage","url":"http:\/\/mau.hoabinhweb.com\/mevabe1\/wp-content\/uploads\/2022\/03\/sanpham9.jpg","contentUrl":"http:\/\/mau.hoabinhweb.com\/mevabe1\/wp-content\/uploads\/2022\/03\/sanpham9.jpg","width":600,"height":600,"caption":"Sanpham9"},{"@type":"WebPage","@id":"http:\/\/mau.hoabinhweb.com\/mevabe1\/san-pham\/sua-eurofit-babi-900g\/#webpage","url":"http:\/\/mau.hoabinhweb.com\/mevabe1\/san-pham\/sua-eurofit-babi-900g\/","name":"S\u1eefa Eurofit Babi 900g - S\u1eefa B\u1ec9m H\u1ea3i Nam","isPartOf":{"@id":"https:\/\/mau.hoabinhweb.com\/mevabe1\/#website"},"primaryImageOfPage":{"@id":"http:\/\/mau.hoabinhweb.com\/mevabe1\/san-pham\/sua-eurofit-babi-900g\/#primaryimage"},"datePublished":"2022-03-22T03:10:24+00:00","dateModified":"2022-03-22T03:10:24+00:00","breadcrumb":{"@id":"http:\/\/mau.hoabinhweb.com\/mevabe1\/san-pham\/sua-eurofit-babi-900g\/#breadcrumb"},"inLanguage":"vi","potentialAction":[{"@type":"ReadAction","target":["http:\/\/mau.hoabinhweb.com\/mevabe1\/san-pham\/sua-eurofit-babi-900g\/"]}]},{"@type":"BreadcrumbList","@id":"http:\/\/mau.hoabinhweb.com\/mevabe1\/san-pham\/sua-eurofit-babi-900g\/#breadcrumb","itemListElement":[{"@type":"ListItem","position":1,"name":"Trang ch\u1ee7","item":"https:\/\/mau.hoabinhweb.com\/mevabe1\/"},{"@type":"ListItem","position":2,"name":"C\u1eeda h\u00e0ng","item":"http:\/\/mau.hoabinhweb.com\/mevabe1\/cua-hang\/"},{"@type":"ListItem","position":3,"name":"S\u1eefa cho ng\u01b0\u1eddi gi\u00e0","item":"http:\/\/mau.hoabinhweb.com\/mevabe1\/danh-muc\/sua-cho-nguoi-gia\/"},{"@type":"ListItem","position":4,"name":"S\u1eefa Eurofit Babi 900g"}]}]}},"_links":{"self":[{"href":"http:\/\/mau.hoabinhweb.com\/mevabe1\/wp-json\/wp\/v2\/product\/34","targetHints":{"allow":["GET"]}}],"collection":[{"href":"http:\/\/mau.hoabinhweb.com\/mevabe1\/wp-json\/wp\/v2\/product"}],"about":[{"href":"http:\/\/mau.hoabinhweb.com\/mevabe1\/wp-json\/wp\/v2\/types\/product"}],"replies":[{"embeddable":true,"href":"http:\/\/mau.hoabinhweb.com\/mevabe1\/wp-json\/wp\/v2\/comments?post=34"}],"wp:featuredmedia":[{"embeddable":true,"href":"http:\/\/mau.hoabinhweb.com\/mevabe1\/wp-json\/wp\/v2\/media\/39"}],"wp:attachment":[{"href":"http:\/\/mau.hoabinhweb.com\/mevabe1\/wp-json\/wp\/v2\/media?parent=34"}],"wp:term":[{"taxonomy":"product_cat","embeddable":true,"href":"http:\/\/mau.hoabinhweb.com\/mevabe1\/wp-json\/wp\/v2\/product_cat?post=34"},{"taxonomy":"product_tag","embeddable":true,"href":"http:\/\/mau.hoabinhweb.com\/mevabe1\/wp-json\/wp\/v2\/product_tag?post=34"}],"curies":[{"name":"wp","href":"https:\/\/api.w.org\/{rel}","templated":true}]}}