{"id":33,"date":"2022-03-22T10:10:23","date_gmt":"2022-03-22T03:10:23","guid":{"rendered":"https:\/\/shopsuabimhainam.vn\/?post_type=product&amp;p=33"},"modified":"2022-03-22T10:10:23","modified_gmt":"2022-03-22T03:10:23","slug":"sua-dielac-grow-plus-2-900g","status":"publish","type":"product","link":"http:\/\/mau.hoabinhweb.com\/mevabe1\/san-pham\/sua-dielac-grow-plus-2-900g\/","title":{"rendered":"S\u1eefa Dielac Grow Plus 2+ 900g"},"content":{"rendered":"<p><strong>S\u1eefa Dielac Grow Plus 2+\u00a0c\u1ee7a Vinamilk d\u00e0nh ri\u00eang cho tr\u1ebb suy dinh d\u01b0\u1ee1ng th\u1ea5p c\u00f2i \u0111\u1ed9 tu\u1ed5i 2-10, \u0111ang l\u00e0 d\u00f2ng s\u1ea3n ph\u1ea9m \u0111\u01b0\u1ee3c nhi\u1ec1u m\u1eb9 tin d\u00f9ng hi\u1ec7n nay nh\u1edd t\u00ednh hi\u1ec7u qu\u1ea3 tuy\u1ec7t v\u1eddi c\u1ee7a n\u00f3 v\u00e0 gi\u00e1 th\u00e0nh v\u1eeba ph\u1ea3i.<\/strong><\/p>\n<div id=\"attachment_2114\" class=\"wp-caption aligncenter\">\n<p><img loading=\"lazy\" decoding=\"async\" class=\"wp-image-2114 size-full lazyloaded\" src=\"https:\/\/shopsuabim.vn\/wp-content\/uploads\/2018\/11\/sua-dielac-grow-plus-2.png\" sizes=\"auto, (max-width: 500px) 100vw, 500px\" srcset=\"https:\/\/shopsuabim.vn\/wp-content\/uploads\/2018\/11\/sua-dielac-grow-plus-2.png 500w, https:\/\/shopsuabim.vn\/wp-content\/uploads\/2018\/11\/sua-dielac-grow-plus-2-150x150.png 150w, https:\/\/shopsuabim.vn\/wp-content\/uploads\/2018\/11\/sua-dielac-grow-plus-2-300x300.png 300w, https:\/\/shopsuabim.vn\/wp-content\/uploads\/2018\/11\/sua-dielac-grow-plus-2-20x20.png 20w, https:\/\/shopsuabim.vn\/wp-content\/uploads\/2018\/11\/sua-dielac-grow-plus-2-45x45.png 45w, https:\/\/shopsuabim.vn\/wp-content\/uploads\/2018\/11\/sua-dielac-grow-plus-2-100x100.png 100w\" alt=\"S\u1eefa Dielac Grow Plus 2+ cho tr\u1ebb suy dinh d\u01b0\u1ee1ng th\u1ea5p c\u00f2i\" width=\"500\" height=\"500\" data-lazy-src=\"https:\/\/shopsuabim.vn\/wp-content\/uploads\/2018\/11\/sua-dielac-grow-plus-2.png\" data-lazy-srcset=\"https:\/\/shopsuabim.vn\/wp-content\/uploads\/2018\/11\/sua-dielac-grow-plus-2.png 500w, https:\/\/shopsuabim.vn\/wp-content\/uploads\/2018\/11\/sua-dielac-grow-plus-2-150x150.png 150w, https:\/\/shopsuabim.vn\/wp-content\/uploads\/2018\/11\/sua-dielac-grow-plus-2-300x300.png 300w, https:\/\/shopsuabim.vn\/wp-content\/uploads\/2018\/11\/sua-dielac-grow-plus-2-20x20.png 20w, https:\/\/shopsuabim.vn\/wp-content\/uploads\/2018\/11\/sua-dielac-grow-plus-2-45x45.png 45w, https:\/\/shopsuabim.vn\/wp-content\/uploads\/2018\/11\/sua-dielac-grow-plus-2-100x100.png 100w\" data-lazy-sizes=\"(max-width: 500px) 100vw, 500px\" data-was-processed=\"true\" \/><\/p>\n<p class=\"wp-caption-text\">S\u1eefa Dielac Grow Plus 2+ cho tr\u1ebb suy dinh d\u01b0\u1ee1ng th\u1ea5p c\u00f2i<\/p>\n<\/div>\n<h3><strong>Th\u00f4ng tin chung v\u1ec1 s\u1ea3n ph\u1ea9m S\u1eefa Dielac Grow Plus 2+<\/strong><\/h3>\n<p>T\u00ean s\u1ea3n ph\u1ea9m: S\u1eefa Dielac Grow Plus 2+<\/p>\n<p>Th\u01b0\u01a1ng hi\u1ec7u: H\u00e3ng Vinamilk<\/p>\n<p>N\u01a1i s\u1ea3n xu\u1ea5t: Vi\u1ec7t nam<\/p>\n<p>Th\u00e0nh ph\u1ea7n: S\u1eefa b\u1ed9t, ch\u1ea5t b\u00e9o, ch\u1ea5t b\u1ed9t \u0111\u01b0\u1eddng, axit folic, DHA, AA, Vitamin A, Vitamin C, Vitamin D3,\u2026<\/p>\n<h3><strong>S\u1eefa Dielac Grow Plus 2+ v\u00e0 gi\u00e1 tr\u1ecb dinh d\u01b0\u1ee1ng dinh d\u01b0\u1ee1ng hi\u1ec7u qu\u1ea3<\/strong><\/h3>\n<h4><strong>S\u1eefa Dielac Grow Plus 2+ cho tr\u1ebb kh\u1ea3 n\u0103ng ph\u00e1t tri\u1ec3n v\u01b0\u1ee3t tr\u1ed9i<\/strong><\/h4>\n<p>Tr\u1ebb em Vi\u1ec7t Nam giai \u0111o\u1ea1n tr\u00ean 2 tu\u1ed5i c\u00f3 t\u1ef7 l\u1ec7 th\u1ea5p c\u00f2i suy dinh d\u01b0\u1ee1ng kh\u00e1 l\u1edbn (kho\u1ea3ng h\u01a1n 20%), \u0111\u00e2y l\u00e0 t\u00ecnh tr\u1ea1ng b\u00e1o \u0111\u1ed9ng \u0111\u1ed1i v\u1edbi s\u1ee9c kh\u1ecfe c\u1ee7a th\u1ebf h\u1ec7 t\u01b0\u01a1ng lai.<\/p>\n<p>Tr\u1ebb th\u1ea5p c\u00f2i k\u00e9o theo nhi\u1ec1u h\u1ec7 l\u1ee5y kh\u00f4ng t\u1ed1t nh\u01b0 thi\u1ebfu d\u01b0\u1ee1ng ch\u1ea5t cho s\u1ef1 ph\u00e1t tri\u1ec3n to\u00e0n di\u1ec7n, tr\u00ed n\u00e3o \u1ea3nh h\u01b0\u1edfng kh\u00f4ng nh\u1ecf\u2026<\/p>\n<p>V\u00ec th\u1ebf, h\u00e3y kh\u1eafc ph\u1ee5c t\u00ecnh tr\u1ea1ng \u0111\u00f3 \u1edf tr\u1ebb b\u1eb1ng c\u00e1ch b\u1ed5 sung l\u01b0\u1ee3ng dinh d\u01b0\u1ee1ng thi\u1ebfu h\u1ee5t m\u1ed9t c\u00e1ch nhanh ch\u00f3ng v\u00e0 ho\u00e0n h\u1ea3o nh\u1ea5t.<\/p>\n<p>C\u00e1c chuy\u00ean gia th\u1ea5y r\u00f5 t\u00ecnh tr\u1ea1ng tr\u1ebb em Vi\u1ec7t c\u0169ng nh\u01b0 hi\u1ec3u r\u00f5 c\u00e1ch ch\u0103m s\u00f3c c\u1ee7a cha m\u1eb9, \u0111\u00e3 t\u1eadn t\u00e2m nghi\u00ean c\u1ee9u \u0111\u01b0a ra c\u00f4ng th\u1ee9c s\u1ea3n xu\u1ea5t\u00a0<strong>S\u1eefa Dielac Grow Plus 2+<\/strong>\u00a0ho\u00e0n to\u00e0n m\u1edbi so v\u1edbi c\u00e1c d\u00f2ng s\u1eefa Dielac kh\u00e1c.<\/p>\n<div id=\"attachment_2115\" class=\"wp-caption aligncenter\">\n<p><img loading=\"lazy\" decoding=\"async\" class=\"wp-image-2115 size-full lazyloaded\" src=\"https:\/\/shopsuabim.vn\/wp-content\/uploads\/2018\/11\/S%E1%BB%AFa-Dielac-Grow-plus-2-t%C4%83ng-c%C3%A2n-cho-tr%E1%BA%BB-suy-dinh-d%C6%B0%E1%BB%A1ng.jpg\" sizes=\"auto, (max-width: 600px) 100vw, 600px\" srcset=\"https:\/\/shopsuabim.vn\/wp-content\/uploads\/2018\/11\/S\u1eefa-Dielac-Grow-plus-2-t\u0103ng-c\u00e2n-cho-tr\u1ebb-suy-dinh-d\u01b0\u1ee1ng.jpg 600w, https:\/\/shopsuabim.vn\/wp-content\/uploads\/2018\/11\/S\u1eefa-Dielac-Grow-plus-2-t\u0103ng-c\u00e2n-cho-tr\u1ebb-suy-dinh-d\u01b0\u1ee1ng-300x213.jpg 300w, https:\/\/shopsuabim.vn\/wp-content\/uploads\/2018\/11\/S\u1eefa-Dielac-Grow-plus-2-t\u0103ng-c\u00e2n-cho-tr\u1ebb-suy-dinh-d\u01b0\u1ee1ng-20x14.jpg 20w\" alt=\"S\u1eefa Dielac Grow plus 2+ t\u0103ng c\u00e2n cho tr\u1ebb ph\u00e1t tri\u1ec3n to\u00e0n di\u1ec7n\" width=\"600\" height=\"425\" data-lazy-src=\"https:\/\/shopsuabim.vn\/wp-content\/uploads\/2018\/11\/S\u1eefa-Dielac-Grow-plus-2-t\u0103ng-c\u00e2n-cho-tr\u1ebb-suy-dinh-d\u01b0\u1ee1ng.jpg\" data-lazy-srcset=\"https:\/\/shopsuabim.vn\/wp-content\/uploads\/2018\/11\/S\u1eefa-Dielac-Grow-plus-2-t\u0103ng-c\u00e2n-cho-tr\u1ebb-suy-dinh-d\u01b0\u1ee1ng.jpg 600w, https:\/\/shopsuabim.vn\/wp-content\/uploads\/2018\/11\/S\u1eefa-Dielac-Grow-plus-2-t\u0103ng-c\u00e2n-cho-tr\u1ebb-suy-dinh-d\u01b0\u1ee1ng-300x213.jpg 300w, https:\/\/shopsuabim.vn\/wp-content\/uploads\/2018\/11\/S\u1eefa-Dielac-Grow-plus-2-t\u0103ng-c\u00e2n-cho-tr\u1ebb-suy-dinh-d\u01b0\u1ee1ng-20x14.jpg 20w\" data-lazy-sizes=\"(max-width: 600px) 100vw, 600px\" data-was-processed=\"true\" \/><\/p>\n<p class=\"wp-caption-text\">S\u1eefa Dielac Grow plus 2+ t\u0103ng c\u00e2n cho tr\u1ebb ph\u00e1t tri\u1ec3n to\u00e0n di\u1ec7n<\/p>\n<\/div>\n<p>C\u00f4ng th\u1ee9c\u00a0<strong>S\u1eefa Dielac Grow Plus 2+<\/strong>\u00a0\u0111\u01b0\u1ee3c b\u1ed5 sung th\u00eam nhi\u1ec1u th\u00e0nh ph\u1ea7n d\u01b0\u1ee1ng ch\u1ea5t quan tr\u1ecdng nh\u1eb1m t\u1ea1o l\u00ean s\u1ef1 sinh tr\u01b0\u1edfng v\u01b0\u1ee3t tr\u1ed9i v\u1ec1 th\u1ec3 ch\u1ea5t cho b\u00e9 y\u00eau.<\/p>\n<p>Trong c\u00f4ng th\u1ee9c s\u1eefa \u0111\u01b0\u1ee3c b\u1ed5 sung th\u00eam h\u00e0m l\u01b0\u1ee3ng \u0111\u1ea1m \u0111\u1eb7c bi\u1ec7t l\u00e0 \u0111\u1ea1m WHEY, ch\u1ea5t b\u00e9o v\u00e0 c\u00e1c axit amin c\u1ea7n thi\u1ebft gi\u00fap t\u0103ng c\u00e2n nhanh.<\/p>\n<p>\u0110\u1ea1m Whey v\u00e0 ch\u1ea5t b\u00e9o b\u00e3o h\u00f2a gi\u00fap tr\u1ebb h\u1ea5p thu v\u00e0 chuy\u1ec3n h\u00f3a t\u1ed1i \u0111a b\u00f9 \u0111\u1eafp l\u01b0\u1ee3ng dinh d\u01b0\u1ee1ng thi\u1ebfu h\u1ee5t hi\u1ec7u qu\u1ea3 nh\u1ea5t.<\/p>\n<p>Ngo\u00e0i ra,\u00a0<strong>S\u1eefa Dielac Grow Plus 2+<\/strong>\u00a0\u0111\u01b0\u1ee3c b\u1ed5 sung th\u00eam 30% canxi v\u00e0 vitamin D so v\u1edbi c\u00f4ng th\u1ee9c tr\u01b0\u1edbc t\u1ea1o l\u00ean \u0111i\u1ec1u ki\u1ec7n ph\u00e1t tri\u1ec3n chi\u1ec1u cao l\u00fd t\u01b0\u1edfng d\u00e0nh cho b\u00e9.<\/p>\n<p>\u0110\u00e2y l\u00e0 m\u1ed9t trong nh\u1eefng \u0111i\u1ec3m m\u1edbi c\u1ee7a d\u00f2ng\u00a0<strong>S\u1eefa Dielac Grow Plus<\/strong>\u00a0d\u00e0nh ri\u00eang cho tr\u1ebb th\u1ea5p c\u00f2i.<\/p>\n<p>Nh\u1edd m\u1ed9t c\u00f4ng th\u1ee9c \u0111\u1ea7y \u0111\u1ee7 d\u01b0\u1ee1ng ch\u1ea5t t\u1eeb ch\u1ea5t \u0111\u1ea1m, ch\u1ea5t b\u1ed9t \u0111\u01b0\u1eddng, ch\u1ea5t b\u00e9o \u0111\u1ebfn c\u00e1c acid amin, kho\u00e1ng ch\u1ea5t, vitamin c\u00f2n \u0111\u01b0\u1ee3c b\u1ed5 sung n\u0103ng l\u01b0\u1ee3ng cao \u0111\u1ea3m b\u1ea3o mang \u0111\u1ebfn cho tr\u1ebb c\u01a1 h\u1ed9i t\u1ed1t nh\u1ea5t trong ph\u00e1t tri\u1ec3n.<\/p>\n<h4><strong>S\u1eefa Dielac Grow Plus 2+ t\u0103ng c\u01b0\u1eddng s\u1ee9c \u0111\u1ec1 kh\u00e1ng cho b\u00e9<\/strong><\/h4>\n<p>M\u1ed9t trong nh\u1eefng \u0111\u1eb7c \u0111i\u1ec3m n\u1ed5i b\u1eadt c\u1ee7a d\u00f2ng s\u1ea3n ph\u1ea9m\u00a0<strong>S\u1eefa Dielac Grow Plus 2+<\/strong>\u00a0n\u00e0y ch\u00ednh l\u00e0 kh\u1ea3 n\u0103ng t\u0103ng c\u01b0\u1eddng s\u1ee9c \u0111\u1ec1 kh\u00e1ng.<\/p>\n<p>\u0110\u00e2y l\u00e0 m\u1ed9t trong nh\u1eefng c\u00f4ng d\u1ee5ng v\u00f4 c\u00f9ng quan tr\u1ecdng, n\u00f3 gi\u00fap b\u00e9 kh\u1ecfe m\u1ea1nh h\u01a1n, vi\u1ec7c t\u0103ng c\u00e2n d\u1ec5 d\u00e0ng v\u00e0 s\u1ef1 ch\u0103m s\u00f3c c\u1ee7a m\u1eb9 c\u0169ng thu\u1eadn l\u1ee3i h\u01a1n.<\/p>\n<p>B\u00e9 suy dinh d\u01b0\u1ee1ng ngh\u0129a l\u00e0 c\u01a1 th\u1ec3 b\u00e9 thi\u1ebfu \u0111i nh\u1eefng d\u01b0\u1ee1ng ch\u1ea5t c\u1ea7n thi\u1ebft v\u00ec th\u1ebf kh\u00f4ng \u00edt c\u01a1 quan ch\u1ee9c n\u0103ng b\u1ecb \u1ea3nh h\u01b0\u1edfng.<\/p>\n<p>\u0110i\u1ec1u \u0111\u00f3 khi\u1ebfn c\u01a1 th\u1ec3 b\u00e9 kh\u00f4ng \u0111\u01b0\u1ee3c kh\u1ecfe, d\u1ec5 chiu t\u00e1c \u0111\u1ed9ng c\u1ee7a c\u00e1c t\u00e1c nh\u00e2n g\u00e2y b\u1ec7nh khi\u1ebfn c\u01a1 th\u1ec3 m\u1ec7t m\u1ecfi, hay m\u1eafc b\u1ec7nh h\u00f4 h\u1ea5p, \u0111\u01b0\u1eddng ru\u1ed9t\u2026.<\/p>\n<p>Nh\u1eb1m mang \u0111\u1ebfn cho b\u00e9 m\u1ed9t c\u01a1 th\u1ec3 kh\u1ecfe m\u1ea1nh, m\u1ed9t s\u1ee9c t\u0103ng tr\u01b0\u1edfng \u1ed5n \u0111\u1ecbnh nh\u1ea5t, c\u00f4ng th\u1ee9c s\u1ea3n xu\u1ea5t\u00a0<strong>S\u1eefa Dielac Grow Plus 2+<\/strong>\u00a0\u0111\u00e3 b\u1ed5 sung h\u00e0m l\u01b0\u1ee3ng s\u1eefa non cao.<\/p>\n<p>S\u1eefa non colostrum l\u00e0 h\u1ee3p ch\u1ea5t mang nhi\u1ec1u kh\u00e1ng th\u1ec3 \u0111\u00f3ng vai tr\u00f2 nh\u01b0 kh\u00e1ng sinh b\u1ea3o v\u1ec7 c\u01a1 th\u1ec3 b\u00e9.<\/p>\n<p>S\u1eefa non ch\u1ee9a nhi\u1ec1u IgG, IgA\u2026nh\u1eefng kh\u00e1ng th\u1ec3 t\u1ef1 nhi\u00ean c\u00f3 vai tr\u00f2 quan tr\u1ecdng trong h\u00ecnh th\u00e0nh h\u1ec7 mi\u1ec5n d\u1ecbch v\u00e0 s\u1ee9c \u0111\u1ec1 kh\u00e1ng cho b\u00e9.<\/p>\n<p>S\u1ef1 xu\u1ea5t hi\u1ec7n c\u1ee7a c\u00e1c kh\u00e1ng th\u1ec3 gi\u00fap b\u00e9 kh\u1ecfe m\u1ea1nh h\u01a1n m\u1ed7i ng\u00e0y, c\u01a1 th\u1ec3 \u0111\u01b0\u1ee3c b\u1ea3o v\u1ec7 b\u1edfi m\u1ed9t h\u1ec7 vi sinh v\u1eadt c\u00f3 l\u1ee3i t\u1ea1o h\u00e0ng r\u00e0o ch\u1eafn s\u1ef1 t\u1ea5n c\u00f4ng c\u1ee7a vi khu\u1ea9n g\u00e2y h\u1ea1i. \u0110i\u1ec1u \u0111\u00f3 gi\u00fap b\u00e9 kh\u1ecfe m\u1ea1nh t\u1eeb s\u00e2u b\u00ean trong.<\/p>\n","protected":false},"excerpt":{"rendered":"<ul>\n<li><strong>H\u00e3ng s\u1ea3n xu\u1ea5t\u00a0 \u00a0 \u00a0:\u00a0<\/strong>\u00a0H\u00e3ng Vinamilk<\/li>\n<li><strong>Ph\u00ed V\u1eadn Chuy\u1ec3n :\u00a0<\/strong>Giao h\u00e0ng t\u1eadn n\u01a1i mi\u1ec5n ph\u00ed trong n\u1ed9i th\u00e0nh H\u00e0 N\u1ed9i, \u0110\u01a1n h\u00e0ng \u0111\u1eb7t tr\u01b0\u1edbc 14h giao h\u00e0ng tr\u01b0\u1edbc 5h, \u0110\u1eb7t sau 14h giao h\u00e0ng sang ng\u00e0y h\u00f4m sau, Ch\u1ee7 nh\u1eadt Ngh\u1ec9<\/li>\n<li><strong>T\u00ecnh Tr\u1ea1ng\u00a0 \u00a0 \u00a0 \u00a0 \u00a0:<\/strong>\u00a0C\u00f2n h\u00e0ng<\/li>\n<\/ul>\n","protected":false},"featured_media":38,"comment_status":"closed","ping_status":"closed","template":"","meta":[],"product_cat":[17,18,19,20,21,22,23,24,25,26,27],"product_tag":[],"class_list":["post-33","product","type-product","status-publish","has-post-thumbnail","hentry","product_cat-sua-cho-nguoi-gia","product_cat-sua-cho-nguoi-suy-than","product_cat-sua-cho-nguoi-tieu-duong","product_cat-sua-cho-nguoi-ung-thu","product_cat-sua-danh-cho-ba-bau","product_cat-sua-ho-tro-he-tieu-hoa","product_cat-sua-nhap-khau","product_cat-sua-tang-can-cho-be","product_cat-sua-tang-can-cho-nguoi-gay","product_cat-sua-tang-chieu-cao-cho-be","product_cat-sua-trong-nuoc"],"yoast_head":"<!-- This site is optimized with the Yoast SEO plugin v18.9 - https:\/\/yoast.com\/wordpress\/plugins\/seo\/ -->\n<title>S\u1eefa Dielac Grow Plus 2+ 900g - S\u1eefa B\u1ec9m H\u1ea3i Nam<\/title>\n<meta name=\"robots\" content=\"noindex, follow, max-snippet:-1, max-image-preview:large, max-video-preview:-1\" \/>\n<meta property=\"og:locale\" content=\"vi_VN\" \/>\n<meta property=\"og:type\" content=\"article\" \/>\n<meta property=\"og:title\" content=\"S\u1eefa Dielac Grow Plus 2+ 900g - S\u1eefa B\u1ec9m H\u1ea3i Nam\" \/>\n<meta property=\"og:description\" content=\"H\u00e3ng s\u1ea3n xu\u1ea5t\u00a0 \u00a0 \u00a0:\u00a0\u00a0H\u00e3ng Vinamilk  Ph\u00ed V\u1eadn Chuy\u1ec3n :\u00a0Giao h\u00e0ng t\u1eadn n\u01a1i mi\u1ec5n ph\u00ed trong n\u1ed9i th\u00e0nh H\u00e0 N\u1ed9i, \u0110\u01a1n h\u00e0ng \u0111\u1eb7t tr\u01b0\u1edbc 14h giao h\u00e0ng tr\u01b0\u1edbc 5h, \u0110\u1eb7t sau 14h giao h\u00e0ng sang ng\u00e0y h\u00f4m sau, Ch\u1ee7 nh\u1eadt Ngh\u1ec9  T\u00ecnh Tr\u1ea1ng\u00a0 \u00a0 \u00a0 \u00a0 \u00a0:\u00a0C\u00f2n h\u00e0ng\" \/>\n<meta property=\"og:url\" content=\"http:\/\/mau.hoabinhweb.com\/mevabe1\/san-pham\/sua-dielac-grow-plus-2-900g\/\" \/>\n<meta property=\"og:site_name\" content=\"S\u1eefa B\u1ec9m H\u1ea3i Nam\" \/>\n<meta property=\"og:image\" content=\"http:\/\/mau.hoabinhweb.com\/mevabe1\/wp-content\/uploads\/2022\/03\/sanpham8.jpg\" \/>\n\t<meta property=\"og:image:width\" content=\"500\" \/>\n\t<meta property=\"og:image:height\" content=\"500\" \/>\n\t<meta property=\"og:image:type\" content=\"image\/jpeg\" \/>\n<meta name=\"twitter:card\" content=\"summary_large_image\" \/>\n<meta name=\"twitter:label1\" content=\"\u01af\u1edbc t\u00ednh th\u1eddi gian \u0111\u1ecdc\" \/>\n\t<meta name=\"twitter:data1\" content=\"5 ph\u00fat\" \/>\n<script type=\"application\/ld+json\" class=\"yoast-schema-graph\">{\"@context\":\"https:\/\/schema.org\",\"@graph\":[{\"@type\":\"WebSite\",\"@id\":\"https:\/\/mau.hoabinhweb.com\/mevabe1\/#website\",\"url\":\"https:\/\/mau.hoabinhweb.com\/mevabe1\/\",\"name\":\"S\u1eefa B\u1ec9m H\u1ea3i Nam\",\"description\":\"\",\"potentialAction\":[{\"@type\":\"SearchAction\",\"target\":{\"@type\":\"EntryPoint\",\"urlTemplate\":\"https:\/\/mau.hoabinhweb.com\/mevabe1\/?s={search_term_string}\"},\"query-input\":\"required name=search_term_string\"}],\"inLanguage\":\"vi\"},{\"@type\":\"ImageObject\",\"inLanguage\":\"vi\",\"@id\":\"http:\/\/mau.hoabinhweb.com\/mevabe1\/san-pham\/sua-dielac-grow-plus-2-900g\/#primaryimage\",\"url\":\"http:\/\/mau.hoabinhweb.com\/mevabe1\/wp-content\/uploads\/2022\/03\/sanpham8.jpg\",\"contentUrl\":\"http:\/\/mau.hoabinhweb.com\/mevabe1\/wp-content\/uploads\/2022\/03\/sanpham8.jpg\",\"width\":500,\"height\":500,\"caption\":\"Sanpham8\"},{\"@type\":\"WebPage\",\"@id\":\"http:\/\/mau.hoabinhweb.com\/mevabe1\/san-pham\/sua-dielac-grow-plus-2-900g\/#webpage\",\"url\":\"http:\/\/mau.hoabinhweb.com\/mevabe1\/san-pham\/sua-dielac-grow-plus-2-900g\/\",\"name\":\"S\u1eefa Dielac Grow Plus 2+ 900g - S\u1eefa B\u1ec9m H\u1ea3i Nam\",\"isPartOf\":{\"@id\":\"https:\/\/mau.hoabinhweb.com\/mevabe1\/#website\"},\"primaryImageOfPage\":{\"@id\":\"http:\/\/mau.hoabinhweb.com\/mevabe1\/san-pham\/sua-dielac-grow-plus-2-900g\/#primaryimage\"},\"datePublished\":\"2022-03-22T03:10:23+00:00\",\"dateModified\":\"2022-03-22T03:10:23+00:00\",\"breadcrumb\":{\"@id\":\"http:\/\/mau.hoabinhweb.com\/mevabe1\/san-pham\/sua-dielac-grow-plus-2-900g\/#breadcrumb\"},\"inLanguage\":\"vi\",\"potentialAction\":[{\"@type\":\"ReadAction\",\"target\":[\"http:\/\/mau.hoabinhweb.com\/mevabe1\/san-pham\/sua-dielac-grow-plus-2-900g\/\"]}]},{\"@type\":\"BreadcrumbList\",\"@id\":\"http:\/\/mau.hoabinhweb.com\/mevabe1\/san-pham\/sua-dielac-grow-plus-2-900g\/#breadcrumb\",\"itemListElement\":[{\"@type\":\"ListItem\",\"position\":1,\"name\":\"Trang ch\u1ee7\",\"item\":\"https:\/\/mau.hoabinhweb.com\/mevabe1\/\"},{\"@type\":\"ListItem\",\"position\":2,\"name\":\"C\u1eeda h\u00e0ng\",\"item\":\"http:\/\/mau.hoabinhweb.com\/mevabe1\/cua-hang\/\"},{\"@type\":\"ListItem\",\"position\":3,\"name\":\"S\u1eefa cho ng\u01b0\u1eddi gi\u00e0\",\"item\":\"http:\/\/mau.hoabinhweb.com\/mevabe1\/danh-muc\/sua-cho-nguoi-gia\/\"},{\"@type\":\"ListItem\",\"position\":4,\"name\":\"S\u1eefa Dielac Grow Plus 2+ 900g\"}]}]}<\/script>\n<!-- \/ Yoast SEO plugin. -->","yoast_head_json":{"title":"S\u1eefa Dielac Grow Plus 2+ 900g - S\u1eefa B\u1ec9m H\u1ea3i Nam","robots":{"index":"noindex","follow":"follow","max-snippet":"max-snippet:-1","max-image-preview":"max-image-preview:large","max-video-preview":"max-video-preview:-1"},"og_locale":"vi_VN","og_type":"article","og_title":"S\u1eefa Dielac Grow Plus 2+ 900g - S\u1eefa B\u1ec9m H\u1ea3i Nam","og_description":"H\u00e3ng s\u1ea3n xu\u1ea5t\u00a0 \u00a0 \u00a0:\u00a0\u00a0H\u00e3ng Vinamilk  Ph\u00ed V\u1eadn Chuy\u1ec3n :\u00a0Giao h\u00e0ng t\u1eadn n\u01a1i mi\u1ec5n ph\u00ed trong n\u1ed9i th\u00e0nh H\u00e0 N\u1ed9i, \u0110\u01a1n h\u00e0ng \u0111\u1eb7t tr\u01b0\u1edbc 14h giao h\u00e0ng tr\u01b0\u1edbc 5h, \u0110\u1eb7t sau 14h giao h\u00e0ng sang ng\u00e0y h\u00f4m sau, Ch\u1ee7 nh\u1eadt Ngh\u1ec9  T\u00ecnh Tr\u1ea1ng\u00a0 \u00a0 \u00a0 \u00a0 \u00a0:\u00a0C\u00f2n h\u00e0ng","og_url":"http:\/\/mau.hoabinhweb.com\/mevabe1\/san-pham\/sua-dielac-grow-plus-2-900g\/","og_site_name":"S\u1eefa B\u1ec9m H\u1ea3i Nam","og_image":[{"width":500,"height":500,"url":"http:\/\/mau.hoabinhweb.com\/mevabe1\/wp-content\/uploads\/2022\/03\/sanpham8.jpg","type":"image\/jpeg"}],"twitter_card":"summary_large_image","twitter_misc":{"\u01af\u1edbc t\u00ednh th\u1eddi gian \u0111\u1ecdc":"5 ph\u00fat"},"schema":{"@context":"https:\/\/schema.org","@graph":[{"@type":"WebSite","@id":"https:\/\/mau.hoabinhweb.com\/mevabe1\/#website","url":"https:\/\/mau.hoabinhweb.com\/mevabe1\/","name":"S\u1eefa B\u1ec9m H\u1ea3i Nam","description":"","potentialAction":[{"@type":"SearchAction","target":{"@type":"EntryPoint","urlTemplate":"https:\/\/mau.hoabinhweb.com\/mevabe1\/?s={search_term_string}"},"query-input":"required name=search_term_string"}],"inLanguage":"vi"},{"@type":"ImageObject","inLanguage":"vi","@id":"http:\/\/mau.hoabinhweb.com\/mevabe1\/san-pham\/sua-dielac-grow-plus-2-900g\/#primaryimage","url":"http:\/\/mau.hoabinhweb.com\/mevabe1\/wp-content\/uploads\/2022\/03\/sanpham8.jpg","contentUrl":"http:\/\/mau.hoabinhweb.com\/mevabe1\/wp-content\/uploads\/2022\/03\/sanpham8.jpg","width":500,"height":500,"caption":"Sanpham8"},{"@type":"WebPage","@id":"http:\/\/mau.hoabinhweb.com\/mevabe1\/san-pham\/sua-dielac-grow-plus-2-900g\/#webpage","url":"http:\/\/mau.hoabinhweb.com\/mevabe1\/san-pham\/sua-dielac-grow-plus-2-900g\/","name":"S\u1eefa Dielac Grow Plus 2+ 900g - S\u1eefa B\u1ec9m H\u1ea3i Nam","isPartOf":{"@id":"https:\/\/mau.hoabinhweb.com\/mevabe1\/#website"},"primaryImageOfPage":{"@id":"http:\/\/mau.hoabinhweb.com\/mevabe1\/san-pham\/sua-dielac-grow-plus-2-900g\/#primaryimage"},"datePublished":"2022-03-22T03:10:23+00:00","dateModified":"2022-03-22T03:10:23+00:00","breadcrumb":{"@id":"http:\/\/mau.hoabinhweb.com\/mevabe1\/san-pham\/sua-dielac-grow-plus-2-900g\/#breadcrumb"},"inLanguage":"vi","potentialAction":[{"@type":"ReadAction","target":["http:\/\/mau.hoabinhweb.com\/mevabe1\/san-pham\/sua-dielac-grow-plus-2-900g\/"]}]},{"@type":"BreadcrumbList","@id":"http:\/\/mau.hoabinhweb.com\/mevabe1\/san-pham\/sua-dielac-grow-plus-2-900g\/#breadcrumb","itemListElement":[{"@type":"ListItem","position":1,"name":"Trang ch\u1ee7","item":"https:\/\/mau.hoabinhweb.com\/mevabe1\/"},{"@type":"ListItem","position":2,"name":"C\u1eeda h\u00e0ng","item":"http:\/\/mau.hoabinhweb.com\/mevabe1\/cua-hang\/"},{"@type":"ListItem","position":3,"name":"S\u1eefa cho ng\u01b0\u1eddi gi\u00e0","item":"http:\/\/mau.hoabinhweb.com\/mevabe1\/danh-muc\/sua-cho-nguoi-gia\/"},{"@type":"ListItem","position":4,"name":"S\u1eefa Dielac Grow Plus 2+ 900g"}]}]}},"_links":{"self":[{"href":"http:\/\/mau.hoabinhweb.com\/mevabe1\/wp-json\/wp\/v2\/product\/33","targetHints":{"allow":["GET"]}}],"collection":[{"href":"http:\/\/mau.hoabinhweb.com\/mevabe1\/wp-json\/wp\/v2\/product"}],"about":[{"href":"http:\/\/mau.hoabinhweb.com\/mevabe1\/wp-json\/wp\/v2\/types\/product"}],"replies":[{"embeddable":true,"href":"http:\/\/mau.hoabinhweb.com\/mevabe1\/wp-json\/wp\/v2\/comments?post=33"}],"wp:featuredmedia":[{"embeddable":true,"href":"http:\/\/mau.hoabinhweb.com\/mevabe1\/wp-json\/wp\/v2\/media\/38"}],"wp:attachment":[{"href":"http:\/\/mau.hoabinhweb.com\/mevabe1\/wp-json\/wp\/v2\/media?parent=33"}],"wp:term":[{"taxonomy":"product_cat","embeddable":true,"href":"http:\/\/mau.hoabinhweb.com\/mevabe1\/wp-json\/wp\/v2\/product_cat?post=33"},{"taxonomy":"product_tag","embeddable":true,"href":"http:\/\/mau.hoabinhweb.com\/mevabe1\/wp-json\/wp\/v2\/product_tag?post=33"}],"curies":[{"name":"wp","href":"https:\/\/api.w.org\/{rel}","templated":true}]}}