{"id":32,"date":"2022-03-22T10:10:22","date_gmt":"2022-03-22T03:10:22","guid":{"rendered":"https:\/\/shopsuabimhainam.vn\/?post_type=product&amp;p=32"},"modified":"2022-03-22T10:10:22","modified_gmt":"2022-03-22T03:10:22","slug":"sua-dielac-grow-plus-1-900g","status":"publish","type":"product","link":"http:\/\/mau.hoabinhweb.com\/mevabe1\/san-pham\/sua-dielac-grow-plus-1-900g\/","title":{"rendered":"S\u1eefa Dielac Grow Plus 1+ 900g"},"content":{"rendered":"<p><strong>S\u1eefa Dielac Grow Plus 1+ t\u0103ng th\u00eam 30% Canxi, t\u0103ng g\u1ea5p \u0111\u00f4i Vitamin D3 gi\u00fap b\u00e9 cao l\u1edbn, kh\u1ecfe m\u1ea1nh h\u01a1n h\u1eb3n. Ngo\u00e0i ra, khi d\u00f9ng S\u1eefa Dielac Grow Plus 1+, c\u00e1c m\u1eb9 s\u1ebd th\u1ea5y s\u1ef1 thay \u0111\u1ed5i r\u00f5 r\u1ec7t v\u1ec1 kh\u1ea3 n\u0103ng ghi nh\u1edb, t\u01b0 duy c\u1ee7a b\u00e9 y\u00eau.<\/strong><\/p>\n<div id=\"attachment_2474\" class=\"wp-caption aligncenter\"><img loading=\"lazy\" decoding=\"async\" class=\"wp-image-2474 size-full lazyloaded\" src=\"https:\/\/shopsuabim.vn\/wp-content\/uploads\/2019\/02\/s%E1%BB%AFa-dielac-grow-plus-1-m%C3%A0u-%C4%91%E1%BB%8F.jpg\" sizes=\"auto, (max-width: 334px) 100vw, 334px\" srcset=\"https:\/\/shopsuabim.vn\/wp-content\/uploads\/2019\/02\/s\u1eefa-dielac-grow-plus-1-m\u00e0u-\u0111\u1ecf.jpg 334w, https:\/\/shopsuabim.vn\/wp-content\/uploads\/2019\/02\/s\u1eefa-dielac-grow-plus-1-m\u00e0u-\u0111\u1ecf-200x300.jpg 200w, https:\/\/shopsuabim.vn\/wp-content\/uploads\/2019\/02\/s\u1eefa-dielac-grow-plus-1-m\u00e0u-\u0111\u1ecf-13x20.jpg 13w\" alt=\"S\u1eefa Dielac Grow Plus 1+ 900g\" width=\"334\" height=\"500\" data-lazy-src=\"https:\/\/shopsuabim.vn\/wp-content\/uploads\/2019\/02\/s\u1eefa-dielac-grow-plus-1-m\u00e0u-\u0111\u1ecf.jpg\" data-lazy-srcset=\"https:\/\/shopsuabim.vn\/wp-content\/uploads\/2019\/02\/s\u1eefa-dielac-grow-plus-1-m\u00e0u-\u0111\u1ecf.jpg 334w, https:\/\/shopsuabim.vn\/wp-content\/uploads\/2019\/02\/s\u1eefa-dielac-grow-plus-1-m\u00e0u-\u0111\u1ecf-200x300.jpg 200w, https:\/\/shopsuabim.vn\/wp-content\/uploads\/2019\/02\/s\u1eefa-dielac-grow-plus-1-m\u00e0u-\u0111\u1ecf-13x20.jpg 13w\" data-lazy-sizes=\"(max-width: 334px) 100vw, 334px\" data-was-processed=\"true\" \/>\n<p class=\"wp-caption-text\">S\u1eefa Dielac Grow Plus 1+ 900g<\/p>\n<\/div>\n<p>T\u00ean s\u1ea3n ph\u1ea9m: S\u1eefa Dielac Grow Plus 1+<\/p>\n<p>Th\u01b0\u01a1ng hi\u1ec7u: H\u00e3ng Vinamilk<\/p>\n<p>N\u01a1i s\u1ea3n xu\u1ea5t: Vi\u1ec7t nam<\/p>\n<p>Tr\u1ecdng l\u01b0\u1ee3ng: 900g<\/p>\n<h3><strong>5 t\u00e1c \u0111\u1ed9ng to\u00e0n di\u1ec7n c\u1ee7a S\u1eefa Dielac Grow Plus 1+<\/strong><\/h3>\n<p>V\u1edbi ph\u00e1t minh \u0111\u1ed9c \u0111\u00e1o v\u1ec1 c\u00f4ng th\u1ee9c GainPro, S\u1eefa Dielac Grow Plus 1+ mang \u0111\u1ebfn hi\u1ec7u qu\u1ea3 to\u00e0n di\u1ec7n \u0111\u1ed1i v\u1edbi b\u00e9 suy dinh d\u01b0\u1ee1ng, th\u1ea5p c\u00f2i.<\/p>\n<p>H\u00e3y c\u00f9ng kh\u00e1m ph\u00e1 5 t\u00e1c \u0111\u1ed9ng c\u1ee7a s\u1eefa \u0111\u1ed1i v\u1edbi b\u00e9 y\u00eau d\u01b0\u1edbi \u0111\u00e2y.<\/p>\n<h4><strong><em>S\u1eefa Dielac Grow Plus 1+ c\u1ea3i thi\u1ec7n ti\u00eau h\u00f3a cho b\u00e9 y\u00eau<\/em><\/strong><\/h4>\n<p>V\u1ea5n \u0111\u1ec1 ti\u00eau h\u00f3a c\u1ee7a b\u00e9 l\u00e0 m\u1ed9t trong nh\u1eefng nh\u00e2n t\u1ed1 quan tr\u1ecdng quy\u1ebft \u0111\u1ecbnh \u0111\u1ebfn s\u1ef1 ph\u00e1t tri\u1ec3n c\u1ee7a b\u00e9.<\/p>\n<p>Tuy nhi\u00ean, do nh\u1eefng thay \u0111\u1ed5i v\u1ec1 dinh d\u01b0\u1ee1ng, thay \u0111\u1ed5i th\u1eddi ti\u1ebft, \u1ed1m v\u1eb7t ph\u1ea3i s\u1eed d\u1ee5ng kh\u00e1ng sinh d\u00e0i ng\u00e0y th\u1ef1c s\u1ef1 \u1ea3nh h\u01b0\u1edfng l\u1edbn \u0111\u1ebfn h\u1ec7 ti\u00eau h\u00f3a c\u1ee7a b\u00e9.<\/p>\n<p>H\u1ec7 vi khu\u1ea9n \u0111\u01b0\u1eddng ru\u1ed9t b\u1ecb r\u1ed1i lo\u1ea1n g\u00e2y n\u00ean c\u00e1c ch\u1ee9ng \u0111\u1ea7y h\u01a1i, b\u1ee5ng \u1eadm \u1ea1ch khi\u1ebfn b\u00e9 tr\u1edf n\u00ean bi\u1ebfng \u0103n.<\/p>\n<p>S\u1eefa Dielac Grow Plus 1+ cung c\u1ea5p ch\u1ea5t x\u01a1 h\u00f2a tan Inulin &amp; FOS v\u00e0 (Bifidobacterium) BB-12 nh\u1eb1m c\u00e2n b\u1eb1ng h\u1ec7 vi sinh \u0111\u01b0\u1eddng ru\u1ed9t, gi\u00fap b\u00e9 ti\u00eau h\u00f3a t\u1ed1t h\u01a1n, h\u1ea5p th\u1ee5 dinh d\u01b0\u1ee1ng t\u1ed1i \u01b0u.<\/p>\n<h4><strong><em>S\u1eefa Dielac Grow Plus 1+ ph\u00e1t tri\u1ec3n n\u00e3o b\u1ed9, t\u0103ng c\u01b0\u1eddng ghi nh\u1edb<\/em><\/strong><\/h4>\n<p>Thi\u1ec7t th\u00f2i l\u1edbn nh\u1ea5t c\u1ee7a b\u00e9 th\u1ea5p c\u00f2i so v\u1edbi b\u1ea1n b\u00e8 c\u00f9ng trang l\u1ee9a ch\u00ednh l\u00e0 dinh d\u01b0\u1ee1ng h\u1ea5p thu kh\u00f4ng \u0111\u1ee7, tr\u00ed n\u00e3o c\u0169ng k\u00e9m ph\u00e1t tri\u1ec3n h\u01a1n.<\/p>\n<p>N\u1ebfu b\u1ea1n th\u1ef1c s\u1ef1 kh\u00f4ng mu\u1ed1n nh\u00ecn th\u1ea5y b\u00e9 y\u00eau thua thi\u1ec7t, k\u00e9m c\u1ecfi h\u01a1n b\u1ea1n b\u00e8, h\u00e3y gi\u00fap con nh\u1eadn \u0111\u01b0\u1ee3c l\u01b0\u1ee3ng dinh d\u01b0\u1ee1ng cho n\u00e3o b\u1ed9 t\u1ed1t nh\u1ea5t t\u1eeb S\u1eefa Dielac Grow Plus 1+.<\/p>\n<p>M\u1ed7i ng\u00e0y, m\u1eb9 ch\u1ec9 c\u1ea7n b\u1ed5 sung cho b\u00e9 2 \u2013 3 ly S\u1eefa Dielac Grow Plus 1+ l\u00e0 \u0111\u00e3 gi\u00fap con c\u00f3 \u0111\u1ea7y \u0111\u1ee7 n\u0103ng l\u01b0\u1ee3ng \u0111\u1ec3 vui ch\u01a1i th\u1ecfa th\u00edch, kh\u00e1m ph\u00e1 th\u1ebf gi\u1edbi xung quanh r\u1ed3i \u0111\u1ea5y.<\/p>\n<div id=\"attachment_2475\" class=\"wp-caption alignnone\"><img loading=\"lazy\" decoding=\"async\" class=\"wp-image-2475 size-full lazyloaded\" src=\"https:\/\/shopsuabim.vn\/wp-content\/uploads\/2019\/02\/sua-dielac-grow-plus-co-tot-khong-e1550917132366.jpg\" sizes=\"auto, (max-width: 600px) 100vw, 600px\" srcset=\"https:\/\/shopsuabim.vn\/wp-content\/uploads\/2019\/02\/sua-dielac-grow-plus-co-tot-khong-e1550917132366.jpg 600w, https:\/\/shopsuabim.vn\/wp-content\/uploads\/2019\/02\/sua-dielac-grow-plus-co-tot-khong-e1550917132366-300x169.jpg 300w, https:\/\/shopsuabim.vn\/wp-content\/uploads\/2019\/02\/sua-dielac-grow-plus-co-tot-khong-e1550917132366-20x11.jpg 20w\" alt=\"S\u1eefa Dielac Grow Plus 1+ ph\u00e1t tri\u1ec3n to\u00e0n di\u1ec7n cho b\u00e9 y\u00eau\" width=\"600\" height=\"337\" data-lazy-src=\"https:\/\/shopsuabim.vn\/wp-content\/uploads\/2019\/02\/sua-dielac-grow-plus-co-tot-khong-e1550917132366.jpg\" data-lazy-srcset=\"https:\/\/shopsuabim.vn\/wp-content\/uploads\/2019\/02\/sua-dielac-grow-plus-co-tot-khong-e1550917132366.jpg 600w, https:\/\/shopsuabim.vn\/wp-content\/uploads\/2019\/02\/sua-dielac-grow-plus-co-tot-khong-e1550917132366-300x169.jpg 300w, https:\/\/shopsuabim.vn\/wp-content\/uploads\/2019\/02\/sua-dielac-grow-plus-co-tot-khong-e1550917132366-20x11.jpg 20w\" data-lazy-sizes=\"(max-width: 600px) 100vw, 600px\" data-was-processed=\"true\" \/>\n<p class=\"wp-caption-text\">S\u1eefa Dielac Grow Plus 1+ ph\u00e1t tri\u1ec3n to\u00e0n di\u1ec7n cho b\u00e9 y\u00eau<\/p>\n<\/div>\n<h4><strong><em>S\u1eefa Dielac Grow Plus 1+ b\u00e9 cao l\u1edbn, kh\u1ecfe m\u1ea1nh<\/em><\/strong><\/h4>\n<p>M\u1ed9t trong nh\u1eefng \u0111i\u1ec3m \u0111\u00e1ng ch\u00fa \u00fd c\u1ee7a S\u1eefa Dielac Grow Plus 1+ l\u00e0 vi\u1ec7c t\u0103ng th\u00eam 30% Canxi v\u00e0 t\u0103ng g\u1ea5p \u0111\u00f4i Vitamin D3.<\/p>\n<p>Nh\u1edd c\u00f3 s\u1ef1 thay \u0111\u1ed5i n\u00e0y, S\u1eefa Dielac Grow Plus 1+ \u0111\u00e3 v\u01b0\u1ee3t qua c\u00e1c d\u00f2ng s\u1eefa c\u00f4ng th\u1ee9c n\u1ed9i \u0111\u1ecba, tr\u1edf th\u00e0nh m\u1ed9t trong nh\u1eefng lo\u1ea1i s\u1eefa h\u1ed7 tr\u1ee3 t\u0103ng chi\u1ec1u cao v\u01b0\u1ee3t b\u1eadc.<\/p>\n<p>T\u1eeb nghi\u00ean c\u1ee9u th\u00f3i quen \u0103n u\u1ed1ng c\u1ee7a ng\u01b0\u1eddi Vi\u1ec7t, c\u00e1c chuy\u00ean gia dinh d\u01b0\u1ee1ng \u0111\u00e3 quy\u1ebft \u0111\u1ecbnh t\u0103ng h\u00e0m l\u01b0\u1ee3ng Canxi v\u01b0\u1ee3t tr\u1ed9i \u0111\u1ec3 b\u00f9 \u0111\u1eafp thi\u1ebfu h\u1ee5t Canxi t\u1eeb ngu\u1ed3n th\u1ef1c ph\u1ea9m.<\/p>\n<p>B\u1edfi th\u1ebf, b\u00e9 v\u1eabn \u0111\u01b0\u1ee3c cung c\u1ea5p \u0111\u1ee7 Canxi, vitamin D \u0111\u1ec3 ph\u00e1t tri\u1ec3n chi\u1ec1u cao \u0111\u1ea1t chu\u1ea9n so v\u1edbi b\u1ea1n b\u00e8.<\/p>\n<h4><strong><em>S\u1eefa Dielac Grow Plus 1+ x\u00e2y d\u1ef1ng h\u1ec7 mi\u1ec5n d\u1ecbch v\u1eefng ch\u1eafc<\/em><\/strong><\/h4>\n<p>Giai \u0111o\u1ea1n t\u1eeb 1 \u2013 2 tu\u1ed5i, c\u01a1 th\u1ec3 b\u00e9 c\u00f3 nhi\u1ec1u s\u1ef1 thay \u0111\u1ed5i, \u0111\u1eb7c bi\u1ec7t l\u00e0 th\u1eddi \u0111i\u1ec3m m\u1ecdc r\u0103ng li\u00ean t\u1ee5c, b\u00e9 ti\u1ebfp x\u00fac v\u1edbi th\u1ebf gi\u1edbi xung quanh nhi\u1ec1u h\u01a1n.<\/p>\n<p>\u0110\u00f3 l\u00e0 l\u00fd do t\u1ea1i sao b\u00e9 y\u00eau c\u1ee7a m\u1eb9 hay \u1ed1m v\u1eb7t, th\u1eadm ch\u00ed b\u1ecb \u1ed1m li\u00ean t\u1ee5c trong th\u1eddi gian d\u00e0i.<\/p>\n<p>\u0110\u1ec3 gi\u00fap b\u00e9 y\u00eau t\u1ef1 c\u1ea3i thi\u1ec7n h\u1ec7 mi\u1ec5n d\u1ecbch, c\u00f3 kh\u1ea3 n\u0103ng t\u1ef1 mi\u1ec5n v\u1edbi c\u00e1c m\u1ea7m b\u1ec7nh xung quanh th\u00ec b\u1ea1n c\u1ea7n ph\u1ea3i b\u1ed5 sung s\u1eefa non Colostrum cho b\u00e9.<\/p>\n<p>S\u1eefa Dielac Grow Plus 1+ cung c\u1ea5p l\u01b0\u1ee3ng l\u1edbn s\u1eefa non Colostrum, gi\u00fap b\u1ed5 sung kh\u00e1ng th\u1ec3 cho c\u01a1 th\u1ec3 b\u00e9. S\u1ed1 kh\u00e1ng th\u1ec3 s\u1ed1ng \u0111\u01b0\u1ee3c \u0111\u01b0a v\u00e0o c\u01a1 th\u1ec3 tr\u1edf th\u00e0nh th\u1ee9c \u0103n c\u1ee7a t\u1ebf b\u00e0o kh\u00e1ng th\u1ec3, c\u1ee7ng c\u1ed1 h\u1ec7 mi\u1ec5n d\u1ecbch t\u1ef1 mi\u1ec5n c\u1ee7a b\u00e9 y\u00eau.<\/p>\n<p>Nh\u00f3m vitamin v\u00e0 kho\u00e1ng ch\u1ea5t c\u1ea7n thi\u1ebft nh\u01b0: vitamin A, C, E, Selen, K\u1ebdm t\u1ea1o h\u00e0ng r\u00e0o c\u1ea7n thi\u1ebft cho h\u1ec7 th\u1ed1ng t\u1ebf b\u00e0o kh\u00e1ng th\u1ec3 c\u1ee7a b\u00e9 y\u00eau, b\u1ea3o v\u1ec7 b\u00e9 tr\u01b0\u1edbc m\u1ecdi nguy c\u01a1 b\u1ecb t\u1ea5n c\u00f4ng b\u1edfi virut, vi khu\u1ea9n.<\/p>\n","protected":false},"excerpt":{"rendered":"<ul>\n<li><strong>H\u00e3ng s\u1ea3n xu\u1ea5t\u00a0 \u00a0 \u00a0:\u00a0<\/strong>\u00a0H\u00e3ng Vinamilk<\/li>\n<li><strong>Ph\u00ed V\u1eadn Chuy\u1ec3n :\u00a0<\/strong>Giao h\u00e0ng t\u1eadn n\u01a1i mi\u1ec5n ph\u00ed trong n\u1ed9i th\u00e0nh H\u00e0 N\u1ed9i, \u0110\u01a1n h\u00e0ng \u0111\u1eb7t tr\u01b0\u1edbc 14h giao h\u00e0ng tr\u01b0\u1edbc 5h, \u0110\u1eb7t sau 14h giao h\u00e0ng sang ng\u00e0y h\u00f4m sau, Ch\u1ee7 nh\u1eadt Ngh\u1ec9<\/li>\n<li><strong>T\u00ecnh Tr\u1ea1ng\u00a0 \u00a0 \u00a0 \u00a0 \u00a0:<\/strong>\u00a0C\u00f2n h\u00e0ng<\/li>\n<\/ul>\n","protected":false},"featured_media":37,"comment_status":"closed","ping_status":"closed","template":"","meta":[],"product_cat":[17,18,19,20,21,22,23,24,25,26,27],"product_tag":[],"class_list":["post-32","product","type-product","status-publish","has-post-thumbnail","hentry","product_cat-sua-cho-nguoi-gia","product_cat-sua-cho-nguoi-suy-than","product_cat-sua-cho-nguoi-tieu-duong","product_cat-sua-cho-nguoi-ung-thu","product_cat-sua-danh-cho-ba-bau","product_cat-sua-ho-tro-he-tieu-hoa","product_cat-sua-nhap-khau","product_cat-sua-tang-can-cho-be","product_cat-sua-tang-can-cho-nguoi-gay","product_cat-sua-tang-chieu-cao-cho-be","product_cat-sua-trong-nuoc"],"yoast_head":"<!-- This site is optimized with the Yoast SEO plugin v18.9 - https:\/\/yoast.com\/wordpress\/plugins\/seo\/ -->\n<title>S\u1eefa Dielac Grow Plus 1+ 900g - S\u1eefa B\u1ec9m H\u1ea3i Nam<\/title>\n<meta name=\"robots\" content=\"noindex, follow, max-snippet:-1, max-image-preview:large, max-video-preview:-1\" \/>\n<meta property=\"og:locale\" content=\"vi_VN\" \/>\n<meta property=\"og:type\" content=\"article\" \/>\n<meta property=\"og:title\" content=\"S\u1eefa Dielac Grow Plus 1+ 900g - S\u1eefa B\u1ec9m H\u1ea3i Nam\" \/>\n<meta property=\"og:description\" content=\"H\u00e3ng s\u1ea3n xu\u1ea5t\u00a0 \u00a0 \u00a0:\u00a0\u00a0H\u00e3ng Vinamilk  Ph\u00ed V\u1eadn Chuy\u1ec3n :\u00a0Giao h\u00e0ng t\u1eadn n\u01a1i mi\u1ec5n ph\u00ed trong n\u1ed9i th\u00e0nh H\u00e0 N\u1ed9i, \u0110\u01a1n h\u00e0ng \u0111\u1eb7t tr\u01b0\u1edbc 14h giao h\u00e0ng tr\u01b0\u1edbc 5h, \u0110\u1eb7t sau 14h giao h\u00e0ng sang ng\u00e0y h\u00f4m sau, Ch\u1ee7 nh\u1eadt Ngh\u1ec9  T\u00ecnh Tr\u1ea1ng\u00a0 \u00a0 \u00a0 \u00a0 \u00a0:\u00a0C\u00f2n h\u00e0ng\" \/>\n<meta property=\"og:url\" content=\"http:\/\/mau.hoabinhweb.com\/mevabe1\/san-pham\/sua-dielac-grow-plus-1-900g\/\" \/>\n<meta property=\"og:site_name\" content=\"S\u1eefa B\u1ec9m H\u1ea3i Nam\" \/>\n<meta property=\"og:image\" content=\"http:\/\/mau.hoabinhweb.com\/mevabe1\/wp-content\/uploads\/2022\/03\/sanpham7.jpg\" \/>\n\t<meta property=\"og:image:width\" content=\"500\" \/>\n\t<meta property=\"og:image:height\" content=\"500\" \/>\n\t<meta property=\"og:image:type\" content=\"image\/jpeg\" \/>\n<meta name=\"twitter:card\" content=\"summary_large_image\" \/>\n<meta name=\"twitter:label1\" content=\"\u01af\u1edbc t\u00ednh th\u1eddi gian \u0111\u1ecdc\" \/>\n\t<meta name=\"twitter:data1\" content=\"5 ph\u00fat\" \/>\n<script type=\"application\/ld+json\" class=\"yoast-schema-graph\">{\"@context\":\"https:\/\/schema.org\",\"@graph\":[{\"@type\":\"WebSite\",\"@id\":\"https:\/\/mau.hoabinhweb.com\/mevabe1\/#website\",\"url\":\"https:\/\/mau.hoabinhweb.com\/mevabe1\/\",\"name\":\"S\u1eefa B\u1ec9m H\u1ea3i Nam\",\"description\":\"\",\"potentialAction\":[{\"@type\":\"SearchAction\",\"target\":{\"@type\":\"EntryPoint\",\"urlTemplate\":\"https:\/\/mau.hoabinhweb.com\/mevabe1\/?s={search_term_string}\"},\"query-input\":\"required name=search_term_string\"}],\"inLanguage\":\"vi\"},{\"@type\":\"ImageObject\",\"inLanguage\":\"vi\",\"@id\":\"http:\/\/mau.hoabinhweb.com\/mevabe1\/san-pham\/sua-dielac-grow-plus-1-900g\/#primaryimage\",\"url\":\"http:\/\/mau.hoabinhweb.com\/mevabe1\/wp-content\/uploads\/2022\/03\/sanpham7.jpg\",\"contentUrl\":\"http:\/\/mau.hoabinhweb.com\/mevabe1\/wp-content\/uploads\/2022\/03\/sanpham7.jpg\",\"width\":500,\"height\":500,\"caption\":\"Sanpham7\"},{\"@type\":\"WebPage\",\"@id\":\"http:\/\/mau.hoabinhweb.com\/mevabe1\/san-pham\/sua-dielac-grow-plus-1-900g\/#webpage\",\"url\":\"http:\/\/mau.hoabinhweb.com\/mevabe1\/san-pham\/sua-dielac-grow-plus-1-900g\/\",\"name\":\"S\u1eefa Dielac Grow Plus 1+ 900g - S\u1eefa B\u1ec9m H\u1ea3i Nam\",\"isPartOf\":{\"@id\":\"https:\/\/mau.hoabinhweb.com\/mevabe1\/#website\"},\"primaryImageOfPage\":{\"@id\":\"http:\/\/mau.hoabinhweb.com\/mevabe1\/san-pham\/sua-dielac-grow-plus-1-900g\/#primaryimage\"},\"datePublished\":\"2022-03-22T03:10:22+00:00\",\"dateModified\":\"2022-03-22T03:10:22+00:00\",\"breadcrumb\":{\"@id\":\"http:\/\/mau.hoabinhweb.com\/mevabe1\/san-pham\/sua-dielac-grow-plus-1-900g\/#breadcrumb\"},\"inLanguage\":\"vi\",\"potentialAction\":[{\"@type\":\"ReadAction\",\"target\":[\"http:\/\/mau.hoabinhweb.com\/mevabe1\/san-pham\/sua-dielac-grow-plus-1-900g\/\"]}]},{\"@type\":\"BreadcrumbList\",\"@id\":\"http:\/\/mau.hoabinhweb.com\/mevabe1\/san-pham\/sua-dielac-grow-plus-1-900g\/#breadcrumb\",\"itemListElement\":[{\"@type\":\"ListItem\",\"position\":1,\"name\":\"Trang ch\u1ee7\",\"item\":\"https:\/\/mau.hoabinhweb.com\/mevabe1\/\"},{\"@type\":\"ListItem\",\"position\":2,\"name\":\"C\u1eeda h\u00e0ng\",\"item\":\"http:\/\/mau.hoabinhweb.com\/mevabe1\/cua-hang\/\"},{\"@type\":\"ListItem\",\"position\":3,\"name\":\"S\u1eefa cho ng\u01b0\u1eddi gi\u00e0\",\"item\":\"http:\/\/mau.hoabinhweb.com\/mevabe1\/danh-muc\/sua-cho-nguoi-gia\/\"},{\"@type\":\"ListItem\",\"position\":4,\"name\":\"S\u1eefa Dielac Grow Plus 1+ 900g\"}]}]}<\/script>\n<!-- \/ Yoast SEO plugin. -->","yoast_head_json":{"title":"S\u1eefa Dielac Grow Plus 1+ 900g - S\u1eefa B\u1ec9m H\u1ea3i Nam","robots":{"index":"noindex","follow":"follow","max-snippet":"max-snippet:-1","max-image-preview":"max-image-preview:large","max-video-preview":"max-video-preview:-1"},"og_locale":"vi_VN","og_type":"article","og_title":"S\u1eefa Dielac Grow Plus 1+ 900g - S\u1eefa B\u1ec9m H\u1ea3i Nam","og_description":"H\u00e3ng s\u1ea3n xu\u1ea5t\u00a0 \u00a0 \u00a0:\u00a0\u00a0H\u00e3ng Vinamilk  Ph\u00ed V\u1eadn Chuy\u1ec3n :\u00a0Giao h\u00e0ng t\u1eadn n\u01a1i mi\u1ec5n ph\u00ed trong n\u1ed9i th\u00e0nh H\u00e0 N\u1ed9i, \u0110\u01a1n h\u00e0ng \u0111\u1eb7t tr\u01b0\u1edbc 14h giao h\u00e0ng tr\u01b0\u1edbc 5h, \u0110\u1eb7t sau 14h giao h\u00e0ng sang ng\u00e0y h\u00f4m sau, Ch\u1ee7 nh\u1eadt Ngh\u1ec9  T\u00ecnh Tr\u1ea1ng\u00a0 \u00a0 \u00a0 \u00a0 \u00a0:\u00a0C\u00f2n h\u00e0ng","og_url":"http:\/\/mau.hoabinhweb.com\/mevabe1\/san-pham\/sua-dielac-grow-plus-1-900g\/","og_site_name":"S\u1eefa B\u1ec9m H\u1ea3i Nam","og_image":[{"width":500,"height":500,"url":"http:\/\/mau.hoabinhweb.com\/mevabe1\/wp-content\/uploads\/2022\/03\/sanpham7.jpg","type":"image\/jpeg"}],"twitter_card":"summary_large_image","twitter_misc":{"\u01af\u1edbc t\u00ednh th\u1eddi gian \u0111\u1ecdc":"5 ph\u00fat"},"schema":{"@context":"https:\/\/schema.org","@graph":[{"@type":"WebSite","@id":"https:\/\/mau.hoabinhweb.com\/mevabe1\/#website","url":"https:\/\/mau.hoabinhweb.com\/mevabe1\/","name":"S\u1eefa B\u1ec9m H\u1ea3i Nam","description":"","potentialAction":[{"@type":"SearchAction","target":{"@type":"EntryPoint","urlTemplate":"https:\/\/mau.hoabinhweb.com\/mevabe1\/?s={search_term_string}"},"query-input":"required name=search_term_string"}],"inLanguage":"vi"},{"@type":"ImageObject","inLanguage":"vi","@id":"http:\/\/mau.hoabinhweb.com\/mevabe1\/san-pham\/sua-dielac-grow-plus-1-900g\/#primaryimage","url":"http:\/\/mau.hoabinhweb.com\/mevabe1\/wp-content\/uploads\/2022\/03\/sanpham7.jpg","contentUrl":"http:\/\/mau.hoabinhweb.com\/mevabe1\/wp-content\/uploads\/2022\/03\/sanpham7.jpg","width":500,"height":500,"caption":"Sanpham7"},{"@type":"WebPage","@id":"http:\/\/mau.hoabinhweb.com\/mevabe1\/san-pham\/sua-dielac-grow-plus-1-900g\/#webpage","url":"http:\/\/mau.hoabinhweb.com\/mevabe1\/san-pham\/sua-dielac-grow-plus-1-900g\/","name":"S\u1eefa Dielac Grow Plus 1+ 900g - S\u1eefa B\u1ec9m H\u1ea3i Nam","isPartOf":{"@id":"https:\/\/mau.hoabinhweb.com\/mevabe1\/#website"},"primaryImageOfPage":{"@id":"http:\/\/mau.hoabinhweb.com\/mevabe1\/san-pham\/sua-dielac-grow-plus-1-900g\/#primaryimage"},"datePublished":"2022-03-22T03:10:22+00:00","dateModified":"2022-03-22T03:10:22+00:00","breadcrumb":{"@id":"http:\/\/mau.hoabinhweb.com\/mevabe1\/san-pham\/sua-dielac-grow-plus-1-900g\/#breadcrumb"},"inLanguage":"vi","potentialAction":[{"@type":"ReadAction","target":["http:\/\/mau.hoabinhweb.com\/mevabe1\/san-pham\/sua-dielac-grow-plus-1-900g\/"]}]},{"@type":"BreadcrumbList","@id":"http:\/\/mau.hoabinhweb.com\/mevabe1\/san-pham\/sua-dielac-grow-plus-1-900g\/#breadcrumb","itemListElement":[{"@type":"ListItem","position":1,"name":"Trang ch\u1ee7","item":"https:\/\/mau.hoabinhweb.com\/mevabe1\/"},{"@type":"ListItem","position":2,"name":"C\u1eeda h\u00e0ng","item":"http:\/\/mau.hoabinhweb.com\/mevabe1\/cua-hang\/"},{"@type":"ListItem","position":3,"name":"S\u1eefa cho ng\u01b0\u1eddi gi\u00e0","item":"http:\/\/mau.hoabinhweb.com\/mevabe1\/danh-muc\/sua-cho-nguoi-gia\/"},{"@type":"ListItem","position":4,"name":"S\u1eefa Dielac Grow Plus 1+ 900g"}]}]}},"_links":{"self":[{"href":"http:\/\/mau.hoabinhweb.com\/mevabe1\/wp-json\/wp\/v2\/product\/32","targetHints":{"allow":["GET"]}}],"collection":[{"href":"http:\/\/mau.hoabinhweb.com\/mevabe1\/wp-json\/wp\/v2\/product"}],"about":[{"href":"http:\/\/mau.hoabinhweb.com\/mevabe1\/wp-json\/wp\/v2\/types\/product"}],"replies":[{"embeddable":true,"href":"http:\/\/mau.hoabinhweb.com\/mevabe1\/wp-json\/wp\/v2\/comments?post=32"}],"wp:featuredmedia":[{"embeddable":true,"href":"http:\/\/mau.hoabinhweb.com\/mevabe1\/wp-json\/wp\/v2\/media\/37"}],"wp:attachment":[{"href":"http:\/\/mau.hoabinhweb.com\/mevabe1\/wp-json\/wp\/v2\/media?parent=32"}],"wp:term":[{"taxonomy":"product_cat","embeddable":true,"href":"http:\/\/mau.hoabinhweb.com\/mevabe1\/wp-json\/wp\/v2\/product_cat?post=32"},{"taxonomy":"product_tag","embeddable":true,"href":"http:\/\/mau.hoabinhweb.com\/mevabe1\/wp-json\/wp\/v2\/product_tag?post=32"}],"curies":[{"name":"wp","href":"https:\/\/api.w.org\/{rel}","templated":true}]}}