{"id":31,"date":"2022-03-22T10:10:21","date_gmt":"2022-03-22T03:10:21","guid":{"rendered":"https:\/\/shopsuabimhainam.vn\/?post_type=product&amp;p=31"},"modified":"2022-03-22T10:10:21","modified_gmt":"2022-03-22T03:10:21","slug":"sua-diamond-nutrient-kid-2-700g","status":"publish","type":"product","link":"http:\/\/mau.hoabinhweb.com\/mevabe1\/san-pham\/sua-diamond-nutrient-kid-2-700g\/","title":{"rendered":"S\u1eefa Diamond Nutrient Kid 2 700g"},"content":{"rendered":"<p><strong>S\u1eefa Diamond Nutrient Kid 2\u00a0l\u00e0 gi\u1ea3i ph\u00e1p ho\u00e0n h\u1ea3o cho c\u00e1c b\u1eadc cha m\u1eb9, gi\u00fap kh\u1eafc ph\u1ee5c t\u00ecnh tr\u1ea1ng suy dinh d\u01b0\u1ee1ng, th\u1ea5p c\u00f2i \u1edf tr\u1ebb. S\u1ea3n ph\u1ea9m s\u1eefa ph\u00f9 h\u1ee3p cho nh\u1eefng tr\u1ebb l\u1edbn tr\u00ean 3 tu\u1ed5i, gi\u00fap con ph\u00e1t tri\u1ec3n m\u1ed9t c\u00e1ch to\u00e0n di\u1ec7n v\u00e0 t\u1ed1t nh\u1ea5t!<\/strong><\/p>\n<div id=\"attachment_3052\" class=\"wp-caption aligncenter\"><img loading=\"lazy\" decoding=\"async\" class=\"wp-image-3052 size-full lazyloaded\" src=\"https:\/\/shopsuabim.vn\/wp-content\/uploads\/2019\/08\/sua-diamond-nutrient-kid-2.jpg\" sizes=\"auto, (max-width: 480px) 100vw, 480px\" srcset=\"https:\/\/shopsuabim.vn\/wp-content\/uploads\/2019\/08\/sua-diamond-nutrient-kid-2.jpg 480w, https:\/\/shopsuabim.vn\/wp-content\/uploads\/2019\/08\/sua-diamond-nutrient-kid-2-288x300.jpg 288w, https:\/\/shopsuabim.vn\/wp-content\/uploads\/2019\/08\/sua-diamond-nutrient-kid-2-20x20.jpg 20w\" alt=\"S\u1eefa diamond nutrient kid t\u0103ng c\u00e2n cho tr\u1ebb suy dinh d\u01b0\u1ee1ng\" width=\"480\" height=\"500\" data-lazy-src=\"https:\/\/shopsuabim.vn\/wp-content\/uploads\/2019\/08\/sua-diamond-nutrient-kid-2.jpg\" data-lazy-srcset=\"https:\/\/shopsuabim.vn\/wp-content\/uploads\/2019\/08\/sua-diamond-nutrient-kid-2.jpg 480w, https:\/\/shopsuabim.vn\/wp-content\/uploads\/2019\/08\/sua-diamond-nutrient-kid-2-288x300.jpg 288w, https:\/\/shopsuabim.vn\/wp-content\/uploads\/2019\/08\/sua-diamond-nutrient-kid-2-20x20.jpg 20w\" data-lazy-sizes=\"(max-width: 480px) 100vw, 480px\" data-was-processed=\"true\" \/>\n<p class=\"wp-caption-text\">S\u1eefa diamond nutrient kid t\u0103ng c\u00e2n cho tr\u1ebb suy dinh d\u01b0\u1ee1ng<\/p>\n<\/div>\n<p>Sau 3 tu\u1ed5i, t\u1ed1c \u0111\u1ed9 t\u0103ng tr\u01b0\u1edfng c\u1ee7a tr\u1ebb gi\u1ea3m d\u1ea7n, kh\u00f4ng c\u00f2n nh\u01b0 tr\u01b0\u1edbc.<\/p>\n<p>\u0110\u1eb7c bi\u1ec7t, v\u00e0o th\u1eddi \u0111i\u1ec3m tr\u1ebb b\u1eaft \u0111\u1ea7u \u0111i nh\u00e0 tr\u1ebb, n\u1ebfu kh\u00f4ng ch\u00fa \u00fd cung c\u1ea5p \u0111\u1ea7y \u0111\u1ee7 c\u00e1c ch\u1ea5t dinh d\u01b0\u1ee1ng, tr\u1ebb s\u1ebd r\u1ea5t d\u1ec5 b\u1ecb th\u1ea5p c\u00f2i.<\/p>\n<p>Hi\u1ec7n t\u01b0\u1ee3ng con bi\u1ebfng \u0103n, suy dinh d\u01b0\u1ee1ng, ch\u1eadm t\u0103ng c\u00e2n l\u00e0 n\u1ed7i b\u1eadn t\u00e2m lo l\u1eafng cho tr\u1ebb, \u0111\u1ed3ng th\u1eddi \u1ea3nh h\u01b0\u1edfng t\u1edbi s\u1ef1 ph\u00e1t tri\u1ec3n sau n\u00e0y cho con.<\/p>\n<p>B\u1edfi v\u1eady, b\u00ean c\u1ea1nh nh\u1eefng kh\u1ea9u ph\u1ea7n \u0103n b\u00ecnh th\u01b0\u1eddng, c\u00e1c m\u1eb9 n\u00ean s\u1eed d\u1ee5ng s\u1eefa \u0111\u1ec3 b\u1ed5 sung ngu\u1ed3n dinh d\u01b0\u1ee1ng cho con.\u00a0<strong>S\u1eefa Diamond Nutrient Kid 2<\/strong>\u00a0l\u00e0 1 s\u1ef1 l\u1ef1a ch\u1ecdn ph\u00f9 h\u1ee3p.<\/p>\n<h3><strong>S\u1eefa Diamond Nutrient Kid 2 700g \u0111\u01b0\u1ee3c s\u1ea3n xu\u1ea5t \u1edf \u0111\u00e2u ?\u00a0<\/strong><\/h3>\n<p>S\u1eefa Diamond Nutrient Kid 2 l\u00e0 s\u1ea3n ph\u1ea9m ch\u1ea5t l\u01b0\u1ee3ng \u0111\u1ebfn t\u1eeb nh\u00e0 m\u00e1y s\u1ea3n xu\u1ea5t Eneright thu\u1ed9c c\u00f4ng ty TNHH Dinh d\u01b0\u1ee1ng th\u1ef1c ph\u1ea9m Eneright.<\/p>\n<p>Nh\u00e0 m\u00e1y s\u1ea3n xu\u1ea5t d\u1ef1a tr\u00ean c\u00f4ng ngh\u1ec7 d\u00e2y chuy\u1ec1n t\u1eeb Singapore, ngu\u1ed3n nguy\u00ean li\u1ec7u t\u1eeb c\u00e1c qu\u1ed1c gia h\u00e0ng \u0111\u1ea7u tr\u00ean th\u1ebf gi\u1edbi.<\/p>\n<p>S\u1ea3n ph\u1ea9m s\u1eefa \u0111\u1eb7c ch\u1ebf cho tr\u1ebb 3 tu\u1ed5i \u0111ang \u0111\u01b0\u1ee3c nhi\u1ec1u b\u00e0 m\u1eb9 Vi\u1ec7t Nam \u0111\u00f3n nh\u1eadn v\u00e0 \u0111\u00e1nh gi\u00e1 cao, mang \u0111\u1ebfn nh\u1eefng hi\u1ec7u qu\u1ea3 h\u1eefu \u00edch cho tr\u1ebb suy dinh d\u01b0\u1ee1ng v\u00e0 bi\u1ebfng \u0103n.<\/p>\n<div id=\"attachment_3053\" class=\"wp-caption aligncenter\"><img loading=\"lazy\" decoding=\"async\" class=\"wp-image-3053 size-full lazyloaded\" src=\"https:\/\/shopsuabim.vn\/wp-content\/uploads\/2019\/08\/H%C3%A3ng-eneright.jpg\" sizes=\"auto, (max-width: 500px) 100vw, 500px\" srcset=\"https:\/\/shopsuabim.vn\/wp-content\/uploads\/2019\/08\/H\u00e3ng-eneright.jpg 500w, https:\/\/shopsuabim.vn\/wp-content\/uploads\/2019\/08\/H\u00e3ng-eneright-300x229.jpg 300w, https:\/\/shopsuabim.vn\/wp-content\/uploads\/2019\/08\/H\u00e3ng-eneright-20x15.jpg 20w\" alt=\"H\u00e3ng s\u1eefa Eneright nutrition n\u1ed5i ti\u1ebfng v\u1ec1 c\u00e1c s\u1ea3n ph\u1ea9m dinh d\u01b0\u1ee1ng \u0111\u1eb7c tr\u1ecb\" width=\"500\" height=\"381\" data-lazy-src=\"https:\/\/shopsuabim.vn\/wp-content\/uploads\/2019\/08\/H\u00e3ng-eneright.jpg\" data-lazy-srcset=\"https:\/\/shopsuabim.vn\/wp-content\/uploads\/2019\/08\/H\u00e3ng-eneright.jpg 500w, https:\/\/shopsuabim.vn\/wp-content\/uploads\/2019\/08\/H\u00e3ng-eneright-300x229.jpg 300w, https:\/\/shopsuabim.vn\/wp-content\/uploads\/2019\/08\/H\u00e3ng-eneright-20x15.jpg 20w\" data-lazy-sizes=\"(max-width: 500px) 100vw, 500px\" data-was-processed=\"true\" \/>\n<p class=\"wp-caption-text\">H\u00e3ng s\u1eefa Eneright nutrition n\u1ed5i ti\u1ebfng v\u1ec1 c\u00e1c s\u1ea3n ph\u1ea9m dinh d\u01b0\u1ee1ng \u0111\u1eb7c tr\u1ecb<\/p>\n<\/div>\n<h3><strong>Nh\u1eefng c\u00f4ng d\u1ee5ng v\u01b0\u1ee3t tr\u1ed9i c\u1ee7a S\u1eefa Diamond Nutrient Kid 2<\/strong><\/h3>\n<p><strong>S\u1eefa Diamond Nutrient Kid<\/strong>\u00a0\u0111\u00e3 \u0111\u01b0\u1ee3c c\u00e1c chuy\u00ean gia v\u00e0 t\u1ed5 ch\u1ee9c y t\u1ebf\u00a0 khuy\u00ean d\u00f9ng cho tr\u1ebb ch\u1eadm l\u1edbn, bi\u1ebfng \u0103n.<\/p>\n<p><strong>V\u1edbi nh\u1eefng t\u00e1c d\u1ee5ng v\u01b0\u1ee3t tr\u1ed9i nh\u01b0:<\/strong><\/p>\n<h4><strong>Cung c\u1ea5p \u0111\u1ea7y \u0111\u1ee7 c\u00e1c ch\u1ea5t dinh d\u01b0\u1ee1ng cho tr\u1ebb<\/strong><\/h4>\n<p>S\u1ea3n ph\u1ea9m s\u1eefa cung c\u1ea5p kho\u1ea3ng 120 Kcal\/100ml, cao h\u01a1n so v\u1edbi nh\u1eefng lo\u1ea1i s\u1eefa th\u00f4ng th\u01b0\u1eddng kh\u00e1c( C\u00e1c lo\u1ea1i s\u1eefa th\u00f4ng th\u01b0\u1eddng ch\u1ec9 cung c\u1ea5p cho tr\u1ebb kho\u1ea3ng 60 Kcal\/100ml).<\/p>\n<p>V\u00ec th\u1ebf, v\u00f4 c\u00f9ng ph\u00f9 h\u1ee3p v\u1edbi nh\u1eefng tr\u1ebb trong \u0111\u1ed9 tu\u1ed5i t\u1eeb 3 tu\u1ed5i tr\u1edf l\u00ean, \u0111\u00e1p \u1ee9ng nh\u1eefng ho\u1ea1t \u0111\u1ed9ng ti\u00eau t\u1ed1n n\u0103ng l\u01b0\u1ee3ng h\u1eb1ng ng\u00e0y, khi\u1ebfn m\u1eb9 c\u00f3 th\u1ec3 ho\u00e0n to\u00e0n y\u00ean t\u00e2m tin t\u01b0\u1edfng.<\/p>\n<p>S\u1eefa\u00a0ch\u1ee9a h\u00e0m l\u01b0\u1ee3ng l\u1edbn c\u00e1c vitamin (vitamin nh\u00f3m B, vitamin A, vitamin D, vitamin C, vitamin E), c\u00e1c kho\u00e1ng ch\u1ea5t vi l\u01b0\u1ee3ng nh\u01b0 canxi, photpho, magie, s\u1eaft, k\u1ebdm\u2026 v\u00f4 c\u00f9ng quan tr\u1ecdng \u0111\u1ed1i v\u1edbi tr\u1ebb, nh\u1ea5t l\u00e0 nh\u1eefng tr\u1ebb suy dinh d\u01b0\u1ee1ng.<\/p>\n<p>B\u00ean c\u1ea1nh vi\u1ec7c cung c\u1ea5p dinh d\u01b0\u1ee1ng v\u00e0 n\u0103ng l\u01b0\u1ee3ng \u0111\u1ea7y \u0111\u1ee7, s\u1eefa c\u00f2n c\u00f3 t\u00e1c d\u1ee5ng t\u1ed1t trong h\u1ed7 tr\u1ee3 t\u1ed5ng h\u1ee3p h\u1ed3ng c\u1ea7u nh\u1edd h\u00e0m l\u01b0\u1ee3ng s\u1eaft v\u00e0 magie, gi\u00fap b\u00e9 ph\u00f2ng ch\u1ed1ng thi\u1ebfu m\u00e1u, g\u1ea7y v\u00e0 xanh xao.<\/p>\n<p>C\u00e1c ch\u1ea5t b\u00e9o c\u00f3 trong s\u1eefa \u0111\u01b0\u1ee3c l\u1ea5y t\u1eeb d\u1ea7u th\u1ef1c v\u1eadt oleic v\u00e0 ch\u1ea5t b\u00e9o kh\u00f4ng b\u00e3o h\u00f2a, ch\u1ea5t b\u00e9o chu\u1ed7i trung b\u00ecnh MCT gi\u00fap tr\u1ebb h\u1ea5p thu nhanh c\u00e1c ch\u1ea5t qua ni\u00eam m\u1ea1c ru\u1ed9t.<\/p>\n","protected":false},"excerpt":{"rendered":"<ul>\n<li><strong>H\u00e3ng s\u1ea3n xu\u1ea5t\u00a0 \u00a0 \u00a0:<\/strong>\u00a0Eneright<\/li>\n<li><strong>Ph\u00ed V\u1eadn Chuy\u1ec3n :\u00a0<\/strong>Giao h\u00e0ng t\u1eadn n\u01a1i mi\u1ec5n ph\u00ed trong n\u1ed9i th\u00e0nh H\u00e0 N\u1ed9i, \u0110\u01a1n h\u00e0ng \u0111\u1eb7t tr\u01b0\u1edbc 14h giao h\u00e0ng tr\u01b0\u1edbc 5h, \u0110\u1eb7t sau 14h giao h\u00e0ng sang ng\u00e0y h\u00f4m sau, Ch\u1ee7 nh\u1eadt Ngh\u1ec9<\/li>\n<\/ul>\n","protected":false},"featured_media":36,"comment_status":"closed","ping_status":"closed","template":"","meta":[],"product_cat":[17,18,19,20,21,22,23,24,25,26,27],"product_tag":[],"class_list":["post-31","product","type-product","status-publish","has-post-thumbnail","hentry","product_cat-sua-cho-nguoi-gia","product_cat-sua-cho-nguoi-suy-than","product_cat-sua-cho-nguoi-tieu-duong","product_cat-sua-cho-nguoi-ung-thu","product_cat-sua-danh-cho-ba-bau","product_cat-sua-ho-tro-he-tieu-hoa","product_cat-sua-nhap-khau","product_cat-sua-tang-can-cho-be","product_cat-sua-tang-can-cho-nguoi-gay","product_cat-sua-tang-chieu-cao-cho-be","product_cat-sua-trong-nuoc"],"yoast_head":"<!-- This site is optimized with the Yoast SEO plugin v18.9 - https:\/\/yoast.com\/wordpress\/plugins\/seo\/ -->\n<title>S\u1eefa Diamond Nutrient Kid 2 700g - S\u1eefa B\u1ec9m H\u1ea3i Nam<\/title>\n<meta name=\"robots\" content=\"noindex, follow, max-snippet:-1, max-image-preview:large, max-video-preview:-1\" \/>\n<meta property=\"og:locale\" content=\"vi_VN\" \/>\n<meta property=\"og:type\" content=\"article\" \/>\n<meta property=\"og:title\" content=\"S\u1eefa Diamond Nutrient Kid 2 700g - S\u1eefa B\u1ec9m H\u1ea3i Nam\" \/>\n<meta property=\"og:description\" content=\"H\u00e3ng s\u1ea3n xu\u1ea5t\u00a0 \u00a0 \u00a0:\u00a0Eneright  Ph\u00ed V\u1eadn Chuy\u1ec3n :\u00a0Giao h\u00e0ng t\u1eadn n\u01a1i mi\u1ec5n ph\u00ed trong n\u1ed9i th\u00e0nh H\u00e0 N\u1ed9i, \u0110\u01a1n h\u00e0ng \u0111\u1eb7t tr\u01b0\u1edbc 14h giao h\u00e0ng tr\u01b0\u1edbc 5h, \u0110\u1eb7t sau 14h giao h\u00e0ng sang ng\u00e0y h\u00f4m sau, Ch\u1ee7 nh\u1eadt Ngh\u1ec9\" \/>\n<meta property=\"og:url\" content=\"http:\/\/mau.hoabinhweb.com\/mevabe1\/san-pham\/sua-diamond-nutrient-kid-2-700g\/\" \/>\n<meta property=\"og:site_name\" content=\"S\u1eefa B\u1ec9m H\u1ea3i Nam\" \/>\n<meta property=\"og:image\" content=\"http:\/\/mau.hoabinhweb.com\/mevabe1\/wp-content\/uploads\/2022\/03\/sanpham6.jpg\" \/>\n\t<meta property=\"og:image:width\" content=\"480\" \/>\n\t<meta property=\"og:image:height\" content=\"500\" \/>\n\t<meta property=\"og:image:type\" content=\"image\/jpeg\" \/>\n<meta name=\"twitter:card\" content=\"summary_large_image\" \/>\n<meta name=\"twitter:label1\" content=\"\u01af\u1edbc t\u00ednh th\u1eddi gian \u0111\u1ecdc\" \/>\n\t<meta name=\"twitter:data1\" content=\"4 ph\u00fat\" \/>\n<script type=\"application\/ld+json\" class=\"yoast-schema-graph\">{\"@context\":\"https:\/\/schema.org\",\"@graph\":[{\"@type\":\"WebSite\",\"@id\":\"https:\/\/mau.hoabinhweb.com\/mevabe1\/#website\",\"url\":\"https:\/\/mau.hoabinhweb.com\/mevabe1\/\",\"name\":\"S\u1eefa B\u1ec9m H\u1ea3i Nam\",\"description\":\"\",\"potentialAction\":[{\"@type\":\"SearchAction\",\"target\":{\"@type\":\"EntryPoint\",\"urlTemplate\":\"https:\/\/mau.hoabinhweb.com\/mevabe1\/?s={search_term_string}\"},\"query-input\":\"required name=search_term_string\"}],\"inLanguage\":\"vi\"},{\"@type\":\"ImageObject\",\"inLanguage\":\"vi\",\"@id\":\"http:\/\/mau.hoabinhweb.com\/mevabe1\/san-pham\/sua-diamond-nutrient-kid-2-700g\/#primaryimage\",\"url\":\"http:\/\/mau.hoabinhweb.com\/mevabe1\/wp-content\/uploads\/2022\/03\/sanpham6.jpg\",\"contentUrl\":\"http:\/\/mau.hoabinhweb.com\/mevabe1\/wp-content\/uploads\/2022\/03\/sanpham6.jpg\",\"width\":480,\"height\":500,\"caption\":\"Sanpham6\"},{\"@type\":\"WebPage\",\"@id\":\"http:\/\/mau.hoabinhweb.com\/mevabe1\/san-pham\/sua-diamond-nutrient-kid-2-700g\/#webpage\",\"url\":\"http:\/\/mau.hoabinhweb.com\/mevabe1\/san-pham\/sua-diamond-nutrient-kid-2-700g\/\",\"name\":\"S\u1eefa Diamond Nutrient Kid 2 700g - S\u1eefa B\u1ec9m H\u1ea3i Nam\",\"isPartOf\":{\"@id\":\"https:\/\/mau.hoabinhweb.com\/mevabe1\/#website\"},\"primaryImageOfPage\":{\"@id\":\"http:\/\/mau.hoabinhweb.com\/mevabe1\/san-pham\/sua-diamond-nutrient-kid-2-700g\/#primaryimage\"},\"datePublished\":\"2022-03-22T03:10:21+00:00\",\"dateModified\":\"2022-03-22T03:10:21+00:00\",\"breadcrumb\":{\"@id\":\"http:\/\/mau.hoabinhweb.com\/mevabe1\/san-pham\/sua-diamond-nutrient-kid-2-700g\/#breadcrumb\"},\"inLanguage\":\"vi\",\"potentialAction\":[{\"@type\":\"ReadAction\",\"target\":[\"http:\/\/mau.hoabinhweb.com\/mevabe1\/san-pham\/sua-diamond-nutrient-kid-2-700g\/\"]}]},{\"@type\":\"BreadcrumbList\",\"@id\":\"http:\/\/mau.hoabinhweb.com\/mevabe1\/san-pham\/sua-diamond-nutrient-kid-2-700g\/#breadcrumb\",\"itemListElement\":[{\"@type\":\"ListItem\",\"position\":1,\"name\":\"Trang ch\u1ee7\",\"item\":\"https:\/\/mau.hoabinhweb.com\/mevabe1\/\"},{\"@type\":\"ListItem\",\"position\":2,\"name\":\"C\u1eeda h\u00e0ng\",\"item\":\"http:\/\/mau.hoabinhweb.com\/mevabe1\/cua-hang\/\"},{\"@type\":\"ListItem\",\"position\":3,\"name\":\"S\u1eefa cho ng\u01b0\u1eddi gi\u00e0\",\"item\":\"http:\/\/mau.hoabinhweb.com\/mevabe1\/danh-muc\/sua-cho-nguoi-gia\/\"},{\"@type\":\"ListItem\",\"position\":4,\"name\":\"S\u1eefa Diamond Nutrient Kid 2 700g\"}]}]}<\/script>\n<!-- \/ Yoast SEO plugin. -->","yoast_head_json":{"title":"S\u1eefa Diamond Nutrient Kid 2 700g - S\u1eefa B\u1ec9m H\u1ea3i Nam","robots":{"index":"noindex","follow":"follow","max-snippet":"max-snippet:-1","max-image-preview":"max-image-preview:large","max-video-preview":"max-video-preview:-1"},"og_locale":"vi_VN","og_type":"article","og_title":"S\u1eefa Diamond Nutrient Kid 2 700g - S\u1eefa B\u1ec9m H\u1ea3i Nam","og_description":"H\u00e3ng s\u1ea3n xu\u1ea5t\u00a0 \u00a0 \u00a0:\u00a0Eneright  Ph\u00ed V\u1eadn Chuy\u1ec3n :\u00a0Giao h\u00e0ng t\u1eadn n\u01a1i mi\u1ec5n ph\u00ed trong n\u1ed9i th\u00e0nh H\u00e0 N\u1ed9i, \u0110\u01a1n h\u00e0ng \u0111\u1eb7t tr\u01b0\u1edbc 14h giao h\u00e0ng tr\u01b0\u1edbc 5h, \u0110\u1eb7t sau 14h giao h\u00e0ng sang ng\u00e0y h\u00f4m sau, Ch\u1ee7 nh\u1eadt Ngh\u1ec9","og_url":"http:\/\/mau.hoabinhweb.com\/mevabe1\/san-pham\/sua-diamond-nutrient-kid-2-700g\/","og_site_name":"S\u1eefa B\u1ec9m H\u1ea3i Nam","og_image":[{"width":480,"height":500,"url":"http:\/\/mau.hoabinhweb.com\/mevabe1\/wp-content\/uploads\/2022\/03\/sanpham6.jpg","type":"image\/jpeg"}],"twitter_card":"summary_large_image","twitter_misc":{"\u01af\u1edbc t\u00ednh th\u1eddi gian \u0111\u1ecdc":"4 ph\u00fat"},"schema":{"@context":"https:\/\/schema.org","@graph":[{"@type":"WebSite","@id":"https:\/\/mau.hoabinhweb.com\/mevabe1\/#website","url":"https:\/\/mau.hoabinhweb.com\/mevabe1\/","name":"S\u1eefa B\u1ec9m H\u1ea3i Nam","description":"","potentialAction":[{"@type":"SearchAction","target":{"@type":"EntryPoint","urlTemplate":"https:\/\/mau.hoabinhweb.com\/mevabe1\/?s={search_term_string}"},"query-input":"required name=search_term_string"}],"inLanguage":"vi"},{"@type":"ImageObject","inLanguage":"vi","@id":"http:\/\/mau.hoabinhweb.com\/mevabe1\/san-pham\/sua-diamond-nutrient-kid-2-700g\/#primaryimage","url":"http:\/\/mau.hoabinhweb.com\/mevabe1\/wp-content\/uploads\/2022\/03\/sanpham6.jpg","contentUrl":"http:\/\/mau.hoabinhweb.com\/mevabe1\/wp-content\/uploads\/2022\/03\/sanpham6.jpg","width":480,"height":500,"caption":"Sanpham6"},{"@type":"WebPage","@id":"http:\/\/mau.hoabinhweb.com\/mevabe1\/san-pham\/sua-diamond-nutrient-kid-2-700g\/#webpage","url":"http:\/\/mau.hoabinhweb.com\/mevabe1\/san-pham\/sua-diamond-nutrient-kid-2-700g\/","name":"S\u1eefa Diamond Nutrient Kid 2 700g - S\u1eefa B\u1ec9m H\u1ea3i Nam","isPartOf":{"@id":"https:\/\/mau.hoabinhweb.com\/mevabe1\/#website"},"primaryImageOfPage":{"@id":"http:\/\/mau.hoabinhweb.com\/mevabe1\/san-pham\/sua-diamond-nutrient-kid-2-700g\/#primaryimage"},"datePublished":"2022-03-22T03:10:21+00:00","dateModified":"2022-03-22T03:10:21+00:00","breadcrumb":{"@id":"http:\/\/mau.hoabinhweb.com\/mevabe1\/san-pham\/sua-diamond-nutrient-kid-2-700g\/#breadcrumb"},"inLanguage":"vi","potentialAction":[{"@type":"ReadAction","target":["http:\/\/mau.hoabinhweb.com\/mevabe1\/san-pham\/sua-diamond-nutrient-kid-2-700g\/"]}]},{"@type":"BreadcrumbList","@id":"http:\/\/mau.hoabinhweb.com\/mevabe1\/san-pham\/sua-diamond-nutrient-kid-2-700g\/#breadcrumb","itemListElement":[{"@type":"ListItem","position":1,"name":"Trang ch\u1ee7","item":"https:\/\/mau.hoabinhweb.com\/mevabe1\/"},{"@type":"ListItem","position":2,"name":"C\u1eeda h\u00e0ng","item":"http:\/\/mau.hoabinhweb.com\/mevabe1\/cua-hang\/"},{"@type":"ListItem","position":3,"name":"S\u1eefa cho ng\u01b0\u1eddi gi\u00e0","item":"http:\/\/mau.hoabinhweb.com\/mevabe1\/danh-muc\/sua-cho-nguoi-gia\/"},{"@type":"ListItem","position":4,"name":"S\u1eefa Diamond Nutrient Kid 2 700g"}]}]}},"_links":{"self":[{"href":"http:\/\/mau.hoabinhweb.com\/mevabe1\/wp-json\/wp\/v2\/product\/31","targetHints":{"allow":["GET"]}}],"collection":[{"href":"http:\/\/mau.hoabinhweb.com\/mevabe1\/wp-json\/wp\/v2\/product"}],"about":[{"href":"http:\/\/mau.hoabinhweb.com\/mevabe1\/wp-json\/wp\/v2\/types\/product"}],"replies":[{"embeddable":true,"href":"http:\/\/mau.hoabinhweb.com\/mevabe1\/wp-json\/wp\/v2\/comments?post=31"}],"wp:featuredmedia":[{"embeddable":true,"href":"http:\/\/mau.hoabinhweb.com\/mevabe1\/wp-json\/wp\/v2\/media\/36"}],"wp:attachment":[{"href":"http:\/\/mau.hoabinhweb.com\/mevabe1\/wp-json\/wp\/v2\/media?parent=31"}],"wp:term":[{"taxonomy":"product_cat","embeddable":true,"href":"http:\/\/mau.hoabinhweb.com\/mevabe1\/wp-json\/wp\/v2\/product_cat?post=31"},{"taxonomy":"product_tag","embeddable":true,"href":"http:\/\/mau.hoabinhweb.com\/mevabe1\/wp-json\/wp\/v2\/product_tag?post=31"}],"curies":[{"name":"wp","href":"https:\/\/api.w.org\/{rel}","templated":true}]}}