{"id":26,"date":"2022-03-22T10:06:11","date_gmt":"2022-03-22T03:06:11","guid":{"rendered":"https:\/\/shopsuabimhainam.vn\/?post_type=product&amp;p=26"},"modified":"2022-03-22T10:06:11","modified_gmt":"2022-03-22T03:06:11","slug":"sua-devondale-full-cream-200ml","status":"publish","type":"product","link":"http:\/\/mau.hoabinhweb.com\/mevabe1\/san-pham\/sua-devondale-full-cream-200ml\/","title":{"rendered":"S\u1eefa Devondale Full Cream 200ml"},"content":{"rendered":"<p><strong>S<\/strong><strong>\u1eefa Devondale full cream 200ml<\/strong>\u00a0m\u1ed9t d\u00f2ng s\u1eefa t\u01b0\u01a1i ch\u1ea5t l\u01b0\u1ee3ng cao \u0111\u1ebfn t\u1eeb \u00dac. S\u1ea3n ph\u1ea9m \u0111\u01b0\u1ee3c s\u1ea3n xu\u1ea5t b\u1eb1ng 100% ngu\u1ed3n s\u1eefa b\u00f2 t\u01b0\u01a1i nguy\u00ean ch\u1ea5t t\u1eeb c\u00f4ng ngh\u1ec7 hi\u1ec7n \u0111\u1ea1i. T\u1ea5t c\u1ea3 \u0111\u1ea3m b\u1ea3o mang t\u1edbi cho m\u1ecdi ng\u01b0\u1eddi d\u00f9ng ngu\u1ed3n dinh d\u01b0\u1ee1ng ho\u00e0n h\u1ea3o nh\u1ea5t.<\/p>\n<div id=\"attachment_2544\" class=\"wp-caption alignnone\"><img loading=\"lazy\" decoding=\"async\" class=\"wp-image-2544 size-full lazyloaded\" src=\"https:\/\/shopsuabim.vn\/wp-content\/uploads\/2019\/03\/sua-nguyen-kem-devondale-200ml-thung-24-hop_2.jpg\" sizes=\"auto, (max-width: 658px) 100vw, 658px\" srcset=\"https:\/\/shopsuabim.vn\/wp-content\/uploads\/2019\/03\/sua-nguyen-kem-devondale-200ml-thung-24-hop_2.jpg 658w, https:\/\/shopsuabim.vn\/wp-content\/uploads\/2019\/03\/sua-nguyen-kem-devondale-200ml-thung-24-hop_2-300x228.jpg 300w, https:\/\/shopsuabim.vn\/wp-content\/uploads\/2019\/03\/sua-nguyen-kem-devondale-200ml-thung-24-hop_2-20x15.jpg 20w\" alt=\"S\u1eefa devondale full cream 200ml\" width=\"658\" height=\"500\" data-lazy-src=\"https:\/\/shopsuabim.vn\/wp-content\/uploads\/2019\/03\/sua-nguyen-kem-devondale-200ml-thung-24-hop_2.jpg\" data-lazy-srcset=\"https:\/\/shopsuabim.vn\/wp-content\/uploads\/2019\/03\/sua-nguyen-kem-devondale-200ml-thung-24-hop_2.jpg 658w, https:\/\/shopsuabim.vn\/wp-content\/uploads\/2019\/03\/sua-nguyen-kem-devondale-200ml-thung-24-hop_2-300x228.jpg 300w, https:\/\/shopsuabim.vn\/wp-content\/uploads\/2019\/03\/sua-nguyen-kem-devondale-200ml-thung-24-hop_2-20x15.jpg 20w\" data-lazy-sizes=\"(max-width: 658px) 100vw, 658px\" data-was-processed=\"true\" \/>\n<p class=\"wp-caption-text\">S\u1eefa devondale full cream 200ml<\/p>\n<\/div>\n<p>T\u00ean s\u1ea3n ph\u1ea9m: S\u1eefa devondale full cream 200ml<\/p>\n<p>Th\u01b0\u01a1ng hi\u1ec7u: H\u00e3ng Devondale<\/p>\n<p>N\u01a1i s\u1ea3n xu\u1ea5t: \u00dac<\/p>\n<p>Tr\u1ecdng l\u01b0\u1ee3ng: 200ml th\u00f9ng 24 h\u1ed9p<\/p>\n<h3><strong>\u01afu \u0111i\u1ec3m n\u1ed9i b\u1eadt v\u1ec1 dinh d\u01b0\u1ee1ng c\u1ee7a s\u1ea3n ph\u1ea9m S\u1eefa Devondale full cream 200ml<\/strong><\/h3>\n<p><strong>S<\/strong><strong>\u1eefa devondale full cream 200ml<\/strong>\u00a0mang nhi\u1ec1u \u01b0u \u0111i\u1ec3m n\u1ed5i b\u1eadt v\u1ec1 dinh d\u01b0\u1ee1ng c\u0169ng nh\u01b0 ngu\u1ed3n g\u1ed1c xu\u1ea5t x\u1ee9. M\u1ed9t v\u00e0i \u01b0u \u0111i\u1ec3m c\u00f3 th\u1ec3 k\u1ec3 \u0111\u1ebfn nh\u01b0 sau:<\/p>\n<h4><strong><em>D\u00f2ng s\u1eefa uy t\u00edn, \u0111\u1ea3m b\u1ea3o ch\u1ea5t l\u01b0\u1ee3ng<\/em><\/strong><\/h4>\n<p>\u01afu \u0111i\u1ec3m \u0111\u1ea7u ti\u00ean c\u1ee7a s\u1ea3n ph\u1ea9m lu\u00f4n khi\u1ebfn ch\u00fang tr\u1edf th\u00e0nh l\u1ef1a ch\u1ecdn s\u1ed1 1 c\u1ee7a ng\u01b0\u1eddi ti\u00eau d\u00f9ng ch\u00ednh l\u00e0 s\u1ef1 uy t\u00edn trong ngu\u1ed3n g\u1ed1c.<\/p>\n<p>\u0110\u00e2y l\u00e0 d\u00f2ng s\u1eefa c\u00f3 ngu\u1ed3n g\u1ed1c t\u1eeb \u00dac. Ch\u00fang \u0111\u01b0\u1ee3c s\u1ea3n xu\u1ea5t b\u1eb1ng d\u00e2y chuy\u1ec1n hi\u1ec7n \u0111\u1ea1i v\u1edbi nh\u1eefng tu\u00e2n th\u1ee7 g\u1eaft gao v\u1ec1 ti\u00eau chu\u1ea9n an to\u00e0n v\u1ec7 sinh th\u1ef1c ph\u1ea9m\u2026 T\u1ea5t c\u1ea3 mang \u0111\u1ebfn s\u1ef1 an to\u00e0n t\u1ed1i \u01b0u cho ng\u01b0\u1eddi d\u00f9ng.<\/p>\n<p>S\u1ea3n ph\u1ea9m \u0111\u1ea3m b\u1ea3o 100% t\u1eeb s\u1eefa b\u00f2 t\u01b0\u01a1i nguy\u00ean ch\u1ea5t. S\u1eefa \u0111\u01b0\u1ee3c l\u1ea5y t\u1eeb c\u00e1c ngu\u1ed3n n\u00f4ng trai S\u1ea0CH kh\u00f4ng ch\u1ea5t b\u1ea3o qu\u1ea3n, kh\u00f4ng t\u1ed3n d\u01b0 h\u00f3a ch\u1ea5t\u2026<\/p>\n<p>S\u1eefa sau khi v\u1eaft \u0111\u01b0\u1ee3c x\u1eed l\u00fd ngay trong v\u00f2ng 12 gi\u1edd b\u1eb1ng c\u00f4ng ngh\u1ec7 cao nh\u1eb1m \u0111\u1ea3m b\u1ea3o lo\u1ea1i b\u1ecf c\u00e1c t\u1ea1p ch\u1ea5t v\u00e0 vi khu\u1ea9n t\u1ed1i \u0111a.<\/p>\n<div id=\"attachment_2545\" class=\"wp-caption aligncenter\"><img loading=\"lazy\" decoding=\"async\" class=\"wp-image-2545 size-full lazyloaded\" src=\"https:\/\/shopsuabim.vn\/wp-content\/uploads\/2019\/03\/H%C3%A3ng-S%E1%BB%AFa-Devondale-e1551483586585.jpg\" sizes=\"auto, (max-width: 600px) 100vw, 600px\" srcset=\"https:\/\/shopsuabim.vn\/wp-content\/uploads\/2019\/03\/H\u00e3ng-S\u1eefa-Devondale-e1551483586585.jpg 600w, https:\/\/shopsuabim.vn\/wp-content\/uploads\/2019\/03\/H\u00e3ng-S\u1eefa-Devondale-e1551483586585-300x180.jpg 300w, https:\/\/shopsuabim.vn\/wp-content\/uploads\/2019\/03\/H\u00e3ng-S\u1eefa-Devondale-e1551483586585-20x12.jpg 20w\" alt=\"H\u00e3ng Devondale n\u1ed5i ti\u1ebfng v\u1ec1 c\u00e1c d\u00f2ng s\u1eefa t\u01b0\u01a1i\" width=\"600\" height=\"360\" data-lazy-src=\"https:\/\/shopsuabim.vn\/wp-content\/uploads\/2019\/03\/H\u00e3ng-S\u1eefa-Devondale-e1551483586585.jpg\" data-lazy-srcset=\"https:\/\/shopsuabim.vn\/wp-content\/uploads\/2019\/03\/H\u00e3ng-S\u1eefa-Devondale-e1551483586585.jpg 600w, https:\/\/shopsuabim.vn\/wp-content\/uploads\/2019\/03\/H\u00e3ng-S\u1eefa-Devondale-e1551483586585-300x180.jpg 300w, https:\/\/shopsuabim.vn\/wp-content\/uploads\/2019\/03\/H\u00e3ng-S\u1eefa-Devondale-e1551483586585-20x12.jpg 20w\" data-lazy-sizes=\"(max-width: 600px) 100vw, 600px\" data-was-processed=\"true\" \/>\n<p class=\"wp-caption-text\">H\u00e3ng Devondale n\u1ed5i ti\u1ebfng v\u1ec1 c\u00e1c d\u00f2ng s\u1eefa t\u01b0\u01a1i<\/p>\n<\/div>\n<h4><strong><em>Ngu\u1ed3n dinh d\u01b0\u1ee1ng \u0111\u1eb7c bi\u1ec7t<\/em><\/strong><\/h4>\n<p><strong>S<\/strong><strong>\u1eefa devondale full cream 200ml<\/strong>\u00a0100% t\u1eeb s\u1eefa b\u00f2 t\u01b0\u01a1i nguy\u00ean ch\u1ea5t do \u0111\u00f3 ch\u00fang mang \u0111\u1ebfn h\u1ec7 dinh d\u01b0\u1ee1ng \u0111\u1ea7y \u0111\u1ee7, b\u1ed5 sung c\u00e1c d\u01b0\u1ee1ng ch\u1ea5t t\u1ed1i \u01b0u cho c\u01a1 th\u1ec3.<\/p>\n<p>Trong s\u1eefa c\u00f3 c\u00e1c th\u00e0nh ph\u1ea7n ch\u00ednh g\u1ed3m:<\/p>\n<p>Vitamin: A, C, D, K1, E, vitamin nh\u00f3m B<\/p>\n<p>Kho\u00e1ng ch\u1ea5t: canxi, magie, photpho, s\u1eaft, k\u1ebdm, \u0111\u1ed3ng, selem\u2026<\/p>\n<p>D\u01b0\u1ee1ng ch\u1ea5t: \u0111\u1ea1m, ch\u1ea5t b\u00e9o, ch\u1ea5t x\u01a1 h\u00f2a tan\u2026<\/p>\n<h4><strong><em>S\u1eefa mang \u0111\u1ebfn s\u1ef1 ph\u00e1t tri\u1ec3n h\u1ec7 x\u01b0\u01a1ng ch\u1eafc kh\u1ecfe<\/em><\/strong><\/h4>\n<p>Ngu\u1ed3n s\u1eefa t\u01b0\u01a1i lu\u00f4n l\u00e0 \u0111\u1eb7c bi\u1ec7t v\u1edbi vai tr\u00f2 quan tr\u1ecdng trong ph\u00e1t tri\u1ec3n h\u1ec7 x\u01b0\u01a1ng.<\/p>\n<p>Nhi\u1ec1u nghi\u00ean c\u1ee9u \u0111\u00e3 ch\u1ec9 ra c\u00e1c th\u00e0nh ph\u1ea7n h\u1ed7 tr\u1ee3 h\u1ec7 x\u01b0\u01a1ng ph\u00e1t tri\u1ec3n nh\u01b0 canxi, vitamin D, vitamin K c\u00f9ng magie, photphpo trong s\u1eefa b\u00f2 t\u01b0\u01a1i cao h\u01a1n nhi\u1ec1u so v\u1edbi s\u1eefa b\u1ed9t.<\/p>\n<p>V\u00ec th\u1ebf, s\u1eed d\u1ee5ng\u00a0<strong>S<\/strong><strong>\u1eefa devondale full cream 200ml<\/strong>\u00a0m\u1ed7i ng\u00e0y s\u1ebd gi\u00fap h\u1ec7 x\u01b0\u01a1ng ch\u1eafc kh\u1ecfe do \u0111\u00f3 gi\u00fap chi\u1ec1u cao ph\u00e1t tri\u1ec3n, ph\u00f2ng ch\u1ed1ng lo\u00e3ng x\u01b0\u01a1ng.<\/p>\n<p>\u0110i\u1ec1u \u0111\u00f3 gi\u00fap ng\u01b0\u1eddi ti\u00eau d\u00f9ng m\u1ecdi l\u1ee9a tu\u1ed5i c\u00f3 h\u1ec7 x\u01b0\u01a1ng ch\u1eafc kh\u1ecfe v\u00e0 t\u1ed1t nh\u1ea5t trong ph\u00f2ng b\u1ec7nh v\u1ec1 x\u01b0\u01a1ng.<\/p>\n","protected":false},"excerpt":{"rendered":"<ul>\n<li><strong>H\u00e3ng s\u1ea3n xu\u1ea5t\u00a0 \u00a0 \u00a0:\u00a0<\/strong>\u00a0H\u00e3ng Morinaga<\/li>\n<li><strong>Ph\u00ed V\u1eadn Chuy\u1ec3n :\u00a0<\/strong>Giao h\u00e0ng t\u1eadn n\u01a1i mi\u1ec5n ph\u00ed trong n\u1ed9i th\u00e0nh H\u00e0 N\u1ed9i, \u0110\u01a1n h\u00e0ng \u0111\u1eb7t tr\u01b0\u1edbc 14h giao h\u00e0ng tr\u01b0\u1edbc 5h, \u0110\u1eb7t sau 14h giao h\u00e0ng sang ng\u00e0y h\u00f4m sau, Ch\u1ee7 nh\u1eadt Ngh\u1ec9<\/li>\n<li><strong>T\u00ecnh Tr\u1ea1ng\u00a0 \u00a0 \u00a0 \u00a0 \u00a0:<\/strong>\u00a0C\u00f2n h\u00e0ng<\/li>\n<\/ul>\n","protected":false},"featured_media":30,"comment_status":"closed","ping_status":"closed","template":"","meta":[],"product_cat":[17,18,19,20,21,22,23,24,25,26,27],"product_tag":[],"class_list":["post-26","product","type-product","status-publish","has-post-thumbnail","hentry","product_cat-sua-cho-nguoi-gia","product_cat-sua-cho-nguoi-suy-than","product_cat-sua-cho-nguoi-tieu-duong","product_cat-sua-cho-nguoi-ung-thu","product_cat-sua-danh-cho-ba-bau","product_cat-sua-ho-tro-he-tieu-hoa","product_cat-sua-nhap-khau","product_cat-sua-tang-can-cho-be","product_cat-sua-tang-can-cho-nguoi-gay","product_cat-sua-tang-chieu-cao-cho-be","product_cat-sua-trong-nuoc"],"yoast_head":"<!-- This site is optimized with the Yoast SEO plugin v18.9 - https:\/\/yoast.com\/wordpress\/plugins\/seo\/ -->\n<title>S\u1eefa Devondale Full Cream 200ml - S\u1eefa B\u1ec9m H\u1ea3i Nam<\/title>\n<meta name=\"robots\" content=\"noindex, follow, max-snippet:-1, max-image-preview:large, max-video-preview:-1\" \/>\n<meta property=\"og:locale\" content=\"vi_VN\" \/>\n<meta property=\"og:type\" content=\"article\" \/>\n<meta property=\"og:title\" content=\"S\u1eefa Devondale Full Cream 200ml - S\u1eefa B\u1ec9m H\u1ea3i Nam\" \/>\n<meta property=\"og:description\" content=\"H\u00e3ng s\u1ea3n xu\u1ea5t\u00a0 \u00a0 \u00a0:\u00a0\u00a0H\u00e3ng Morinaga  Ph\u00ed V\u1eadn Chuy\u1ec3n :\u00a0Giao h\u00e0ng t\u1eadn n\u01a1i mi\u1ec5n ph\u00ed trong n\u1ed9i th\u00e0nh H\u00e0 N\u1ed9i, \u0110\u01a1n h\u00e0ng \u0111\u1eb7t tr\u01b0\u1edbc 14h giao h\u00e0ng tr\u01b0\u1edbc 5h, \u0110\u1eb7t sau 14h giao h\u00e0ng sang ng\u00e0y h\u00f4m sau, Ch\u1ee7 nh\u1eadt Ngh\u1ec9  T\u00ecnh Tr\u1ea1ng\u00a0 \u00a0 \u00a0 \u00a0 \u00a0:\u00a0C\u00f2n h\u00e0ng\" \/>\n<meta property=\"og:url\" content=\"http:\/\/mau.hoabinhweb.com\/mevabe1\/san-pham\/sua-devondale-full-cream-200ml\/\" \/>\n<meta property=\"og:site_name\" content=\"S\u1eefa B\u1ec9m H\u1ea3i Nam\" \/>\n<meta property=\"og:image\" content=\"http:\/\/mau.hoabinhweb.com\/mevabe1\/wp-content\/uploads\/2022\/03\/sanpham5.jpg\" \/>\n\t<meta property=\"og:image:width\" content=\"658\" \/>\n\t<meta property=\"og:image:height\" content=\"500\" \/>\n\t<meta property=\"og:image:type\" content=\"image\/jpeg\" \/>\n<meta name=\"twitter:card\" content=\"summary_large_image\" \/>\n<meta name=\"twitter:label1\" content=\"\u01af\u1edbc t\u00ednh th\u1eddi gian \u0111\u1ecdc\" \/>\n\t<meta name=\"twitter:data1\" content=\"3 ph\u00fat\" \/>\n<script type=\"application\/ld+json\" class=\"yoast-schema-graph\">{\"@context\":\"https:\/\/schema.org\",\"@graph\":[{\"@type\":\"WebSite\",\"@id\":\"https:\/\/mau.hoabinhweb.com\/mevabe1\/#website\",\"url\":\"https:\/\/mau.hoabinhweb.com\/mevabe1\/\",\"name\":\"S\u1eefa B\u1ec9m H\u1ea3i Nam\",\"description\":\"\",\"potentialAction\":[{\"@type\":\"SearchAction\",\"target\":{\"@type\":\"EntryPoint\",\"urlTemplate\":\"https:\/\/mau.hoabinhweb.com\/mevabe1\/?s={search_term_string}\"},\"query-input\":\"required name=search_term_string\"}],\"inLanguage\":\"vi\"},{\"@type\":\"ImageObject\",\"inLanguage\":\"vi\",\"@id\":\"http:\/\/mau.hoabinhweb.com\/mevabe1\/san-pham\/sua-devondale-full-cream-200ml\/#primaryimage\",\"url\":\"http:\/\/mau.hoabinhweb.com\/mevabe1\/wp-content\/uploads\/2022\/03\/sanpham5.jpg\",\"contentUrl\":\"http:\/\/mau.hoabinhweb.com\/mevabe1\/wp-content\/uploads\/2022\/03\/sanpham5.jpg\",\"width\":658,\"height\":500,\"caption\":\"Sanpham5\"},{\"@type\":\"WebPage\",\"@id\":\"http:\/\/mau.hoabinhweb.com\/mevabe1\/san-pham\/sua-devondale-full-cream-200ml\/#webpage\",\"url\":\"http:\/\/mau.hoabinhweb.com\/mevabe1\/san-pham\/sua-devondale-full-cream-200ml\/\",\"name\":\"S\u1eefa Devondale Full Cream 200ml - S\u1eefa B\u1ec9m H\u1ea3i Nam\",\"isPartOf\":{\"@id\":\"https:\/\/mau.hoabinhweb.com\/mevabe1\/#website\"},\"primaryImageOfPage\":{\"@id\":\"http:\/\/mau.hoabinhweb.com\/mevabe1\/san-pham\/sua-devondale-full-cream-200ml\/#primaryimage\"},\"datePublished\":\"2022-03-22T03:06:11+00:00\",\"dateModified\":\"2022-03-22T03:06:11+00:00\",\"breadcrumb\":{\"@id\":\"http:\/\/mau.hoabinhweb.com\/mevabe1\/san-pham\/sua-devondale-full-cream-200ml\/#breadcrumb\"},\"inLanguage\":\"vi\",\"potentialAction\":[{\"@type\":\"ReadAction\",\"target\":[\"http:\/\/mau.hoabinhweb.com\/mevabe1\/san-pham\/sua-devondale-full-cream-200ml\/\"]}]},{\"@type\":\"BreadcrumbList\",\"@id\":\"http:\/\/mau.hoabinhweb.com\/mevabe1\/san-pham\/sua-devondale-full-cream-200ml\/#breadcrumb\",\"itemListElement\":[{\"@type\":\"ListItem\",\"position\":1,\"name\":\"Trang ch\u1ee7\",\"item\":\"https:\/\/mau.hoabinhweb.com\/mevabe1\/\"},{\"@type\":\"ListItem\",\"position\":2,\"name\":\"C\u1eeda h\u00e0ng\",\"item\":\"http:\/\/mau.hoabinhweb.com\/mevabe1\/cua-hang\/\"},{\"@type\":\"ListItem\",\"position\":3,\"name\":\"S\u1eefa cho ng\u01b0\u1eddi gi\u00e0\",\"item\":\"http:\/\/mau.hoabinhweb.com\/mevabe1\/danh-muc\/sua-cho-nguoi-gia\/\"},{\"@type\":\"ListItem\",\"position\":4,\"name\":\"S\u1eefa Devondale Full Cream 200ml\"}]}]}<\/script>\n<!-- \/ Yoast SEO plugin. -->","yoast_head_json":{"title":"S\u1eefa Devondale Full Cream 200ml - S\u1eefa B\u1ec9m H\u1ea3i Nam","robots":{"index":"noindex","follow":"follow","max-snippet":"max-snippet:-1","max-image-preview":"max-image-preview:large","max-video-preview":"max-video-preview:-1"},"og_locale":"vi_VN","og_type":"article","og_title":"S\u1eefa Devondale Full Cream 200ml - S\u1eefa B\u1ec9m H\u1ea3i Nam","og_description":"H\u00e3ng s\u1ea3n xu\u1ea5t\u00a0 \u00a0 \u00a0:\u00a0\u00a0H\u00e3ng Morinaga  Ph\u00ed V\u1eadn Chuy\u1ec3n :\u00a0Giao h\u00e0ng t\u1eadn n\u01a1i mi\u1ec5n ph\u00ed trong n\u1ed9i th\u00e0nh H\u00e0 N\u1ed9i, \u0110\u01a1n h\u00e0ng \u0111\u1eb7t tr\u01b0\u1edbc 14h giao h\u00e0ng tr\u01b0\u1edbc 5h, \u0110\u1eb7t sau 14h giao h\u00e0ng sang ng\u00e0y h\u00f4m sau, Ch\u1ee7 nh\u1eadt Ngh\u1ec9  T\u00ecnh Tr\u1ea1ng\u00a0 \u00a0 \u00a0 \u00a0 \u00a0:\u00a0C\u00f2n h\u00e0ng","og_url":"http:\/\/mau.hoabinhweb.com\/mevabe1\/san-pham\/sua-devondale-full-cream-200ml\/","og_site_name":"S\u1eefa B\u1ec9m H\u1ea3i Nam","og_image":[{"width":658,"height":500,"url":"http:\/\/mau.hoabinhweb.com\/mevabe1\/wp-content\/uploads\/2022\/03\/sanpham5.jpg","type":"image\/jpeg"}],"twitter_card":"summary_large_image","twitter_misc":{"\u01af\u1edbc t\u00ednh th\u1eddi gian \u0111\u1ecdc":"3 ph\u00fat"},"schema":{"@context":"https:\/\/schema.org","@graph":[{"@type":"WebSite","@id":"https:\/\/mau.hoabinhweb.com\/mevabe1\/#website","url":"https:\/\/mau.hoabinhweb.com\/mevabe1\/","name":"S\u1eefa B\u1ec9m H\u1ea3i Nam","description":"","potentialAction":[{"@type":"SearchAction","target":{"@type":"EntryPoint","urlTemplate":"https:\/\/mau.hoabinhweb.com\/mevabe1\/?s={search_term_string}"},"query-input":"required name=search_term_string"}],"inLanguage":"vi"},{"@type":"ImageObject","inLanguage":"vi","@id":"http:\/\/mau.hoabinhweb.com\/mevabe1\/san-pham\/sua-devondale-full-cream-200ml\/#primaryimage","url":"http:\/\/mau.hoabinhweb.com\/mevabe1\/wp-content\/uploads\/2022\/03\/sanpham5.jpg","contentUrl":"http:\/\/mau.hoabinhweb.com\/mevabe1\/wp-content\/uploads\/2022\/03\/sanpham5.jpg","width":658,"height":500,"caption":"Sanpham5"},{"@type":"WebPage","@id":"http:\/\/mau.hoabinhweb.com\/mevabe1\/san-pham\/sua-devondale-full-cream-200ml\/#webpage","url":"http:\/\/mau.hoabinhweb.com\/mevabe1\/san-pham\/sua-devondale-full-cream-200ml\/","name":"S\u1eefa Devondale Full Cream 200ml - S\u1eefa B\u1ec9m H\u1ea3i Nam","isPartOf":{"@id":"https:\/\/mau.hoabinhweb.com\/mevabe1\/#website"},"primaryImageOfPage":{"@id":"http:\/\/mau.hoabinhweb.com\/mevabe1\/san-pham\/sua-devondale-full-cream-200ml\/#primaryimage"},"datePublished":"2022-03-22T03:06:11+00:00","dateModified":"2022-03-22T03:06:11+00:00","breadcrumb":{"@id":"http:\/\/mau.hoabinhweb.com\/mevabe1\/san-pham\/sua-devondale-full-cream-200ml\/#breadcrumb"},"inLanguage":"vi","potentialAction":[{"@type":"ReadAction","target":["http:\/\/mau.hoabinhweb.com\/mevabe1\/san-pham\/sua-devondale-full-cream-200ml\/"]}]},{"@type":"BreadcrumbList","@id":"http:\/\/mau.hoabinhweb.com\/mevabe1\/san-pham\/sua-devondale-full-cream-200ml\/#breadcrumb","itemListElement":[{"@type":"ListItem","position":1,"name":"Trang ch\u1ee7","item":"https:\/\/mau.hoabinhweb.com\/mevabe1\/"},{"@type":"ListItem","position":2,"name":"C\u1eeda h\u00e0ng","item":"http:\/\/mau.hoabinhweb.com\/mevabe1\/cua-hang\/"},{"@type":"ListItem","position":3,"name":"S\u1eefa cho ng\u01b0\u1eddi gi\u00e0","item":"http:\/\/mau.hoabinhweb.com\/mevabe1\/danh-muc\/sua-cho-nguoi-gia\/"},{"@type":"ListItem","position":4,"name":"S\u1eefa Devondale Full Cream 200ml"}]}]}},"_links":{"self":[{"href":"http:\/\/mau.hoabinhweb.com\/mevabe1\/wp-json\/wp\/v2\/product\/26","targetHints":{"allow":["GET"]}}],"collection":[{"href":"http:\/\/mau.hoabinhweb.com\/mevabe1\/wp-json\/wp\/v2\/product"}],"about":[{"href":"http:\/\/mau.hoabinhweb.com\/mevabe1\/wp-json\/wp\/v2\/types\/product"}],"replies":[{"embeddable":true,"href":"http:\/\/mau.hoabinhweb.com\/mevabe1\/wp-json\/wp\/v2\/comments?post=26"}],"wp:featuredmedia":[{"embeddable":true,"href":"http:\/\/mau.hoabinhweb.com\/mevabe1\/wp-json\/wp\/v2\/media\/30"}],"wp:attachment":[{"href":"http:\/\/mau.hoabinhweb.com\/mevabe1\/wp-json\/wp\/v2\/media?parent=26"}],"wp:term":[{"taxonomy":"product_cat","embeddable":true,"href":"http:\/\/mau.hoabinhweb.com\/mevabe1\/wp-json\/wp\/v2\/product_cat?post=26"},{"taxonomy":"product_tag","embeddable":true,"href":"http:\/\/mau.hoabinhweb.com\/mevabe1\/wp-json\/wp\/v2\/product_tag?post=26"}],"curies":[{"name":"wp","href":"https:\/\/api.w.org\/{rel}","templated":true}]}}