{"id":25,"date":"2022-03-22T10:06:10","date_gmt":"2022-03-22T03:06:10","guid":{"rendered":"https:\/\/shopsuabimhainam.vn\/?post_type=product&amp;p=25"},"modified":"2022-03-22T10:06:10","modified_gmt":"2022-03-22T03:06:10","slug":"sua-devondale-bot-1kg","status":"publish","type":"product","link":"http:\/\/mau.hoabinhweb.com\/mevabe1\/san-pham\/sua-devondale-bot-1kg\/","title":{"rendered":"S\u1eefa Devondale B\u1ed9t 1kg"},"content":{"rendered":"<p><strong>S\u1eefa Devondale b\u1ed9t 1kg ch\u1ee9a h\u00e0m l\u01b0\u1ee3ng canxi cao, c\u00f4ng ngh\u1ec7 ch\u1ebf bi\u1ebfn s\u1eefa t\u01b0\u01a1i \u0111\u1ed9c \u0111\u00e1o gi\u1eef nguy\u00ean h\u01b0\u01a1ng v\u1ecb th\u01a1m ngon, b\u00e9o ng\u1eady c\u1ee7a s\u1eefa b\u00f2 nguy\u00ean ch\u1ea5t. D\u00f2ng s\u1eefa \u0111\u01b0\u1ee3c tin d\u00f9ng nh\u1ea5t t\u1ea1i \u00dac, c\u00f3 m\u1eb7t tr\u00ean h\u01a1n 100 qu\u1ed1c gia kh\u00e1c nhau, trong \u0111\u00f3 c\u00f3 Vi\u1ec7t Nam.<\/strong><\/p>\n<div id=\"attachment_2369\" class=\"wp-caption aligncenter\"><img loading=\"lazy\" decoding=\"async\" class=\"wp-image-2369 size-full lazyloaded\" src=\"https:\/\/shopsuabim.vn\/wp-content\/uploads\/2019\/02\/hinh-anh-sua-devondale.jpg\" sizes=\"auto, (max-width: 500px) 100vw, 500px\" srcset=\"https:\/\/shopsuabim.vn\/wp-content\/uploads\/2019\/02\/hinh-anh-sua-devondale.jpg 500w, https:\/\/shopsuabim.vn\/wp-content\/uploads\/2019\/02\/hinh-anh-sua-devondale-150x150.jpg 150w, https:\/\/shopsuabim.vn\/wp-content\/uploads\/2019\/02\/hinh-anh-sua-devondale-300x300.jpg 300w, https:\/\/shopsuabim.vn\/wp-content\/uploads\/2019\/02\/hinh-anh-sua-devondale-20x20.jpg 20w, https:\/\/shopsuabim.vn\/wp-content\/uploads\/2019\/02\/hinh-anh-sua-devondale-45x45.jpg 45w, https:\/\/shopsuabim.vn\/wp-content\/uploads\/2019\/02\/hinh-anh-sua-devondale-100x100.jpg 100w\" alt=\"T\u00fai s\u1eefa b\u1ed9t nguy\u00ean kem devondale c\u1ee7a \u00fac 1kg\" width=\"500\" height=\"500\" data-lazy-src=\"https:\/\/shopsuabim.vn\/wp-content\/uploads\/2019\/02\/hinh-anh-sua-devondale.jpg\" data-lazy-srcset=\"https:\/\/shopsuabim.vn\/wp-content\/uploads\/2019\/02\/hinh-anh-sua-devondale.jpg 500w, https:\/\/shopsuabim.vn\/wp-content\/uploads\/2019\/02\/hinh-anh-sua-devondale-150x150.jpg 150w, https:\/\/shopsuabim.vn\/wp-content\/uploads\/2019\/02\/hinh-anh-sua-devondale-300x300.jpg 300w, https:\/\/shopsuabim.vn\/wp-content\/uploads\/2019\/02\/hinh-anh-sua-devondale-20x20.jpg 20w, https:\/\/shopsuabim.vn\/wp-content\/uploads\/2019\/02\/hinh-anh-sua-devondale-45x45.jpg 45w, https:\/\/shopsuabim.vn\/wp-content\/uploads\/2019\/02\/hinh-anh-sua-devondale-100x100.jpg 100w\" data-lazy-sizes=\"(max-width: 500px) 100vw, 500px\" data-was-processed=\"true\" \/>\n<p class=\"wp-caption-text\">T\u00fai s\u1eefa b\u1ed9t nguy\u00ean kem devondale c\u1ee7a \u00fac 1kg<\/p>\n<\/div>\n<h2><strong>Nh\u1eefng th\u00f4ng tin c\u1ea7n bi\u1ebft v\u1ec1 S\u1eefa Devondale b\u1ed9t nguy\u00ean kem<\/strong><\/h2>\n<p>T\u00ean s\u1ea3n ph\u1ea9m: S\u1eefa Devondale b\u1ed9t nguy\u00ean kem 1kg<\/p>\n<p>Th\u01b0\u01a1ng hi\u1ec7u: H\u00e3ng Devondale<\/p>\n<p>N\u01a1i s\u1ea3n xu\u1ea5t: \u00dac<\/p>\n<p>Tr\u1ecdng l\u01b0\u1ee3ng: 1kg<\/p>\n<h2><strong>S\u1eefa b\u1ed9t Devondale nguy\u00ean kem \u0111\u01b0\u1ee3c s\u1ea3n xu\u1ea5t b\u1edfi th\u01b0\u01a1ng hi\u1ec7u s\u1eefa h\u00e0ng \u0111\u1ea7u n\u01b0\u1edbc \u00dac<\/strong><\/h2>\n<p>S\u1eefa Devondale b\u1ed9t nguy\u00ean kem \u0111\u01b0\u1ee3c s\u1ea3n xu\u1ea5t b\u1edfi c\u00f4ng ty Devondale Murray Goulburn v\u1edbi g\u1ea7n 70 n\u0103m kinh nghi\u1ec7m.<\/p>\n<p>\u0110\u00e2y l\u00e0 m\u1ed9t trong nh\u1eefng c\u00f4ng ty s\u1ea3n xu\u1ea5t s\u1eefa danh ti\u1ebfng c\u1ee7a n\u01b0\u1edbc \u00dac. S\u1edf h\u1eefu h\u01a1n 2500 n\u00f4ng tr\u1ea1i b\u00f2 s\u1eefa \u0111\u1ea1t ti\u00eau chu\u1ea9n c\u1ee7a ch\u00ednh ph\u1ee7 \u00dac, c\u00f4ng ngh\u1ec7 ch\u0103n th\u1ea3, ch\u1ebf bi\u1ebfn s\u1eefa hi\u1ec7n \u0111\u1ea1i nh\u1ea5t.<\/p>\n<p>Devondale Murray Goulburn mang \u0111\u1ebfn d\u00f2ng s\u1eefa t\u01b0\u01a1i c\u00f4 \u0111\u1eb7c d\u1ea1ng b\u1ed9t th\u01a1m ngon. \u0110\u00e2y l\u00e0 d\u00f2ng s\u1eefa thu\u1ea7n ch\u1ee7ng, nguy\u00ean ch\u1ea5t, kh\u00f4ng c\u00f3 th\u00eam b\u1ea5t c\u1ee9 ph\u1ee5 gia hay c\u00e1c nguy\u00ean t\u1ed1 vi l\u01b0\u1ee3ng nh\u00e2n t\u1ea1o n\u00ean an to\u00e0n tuy\u1ec7t \u0111\u1ed1i v\u1edbi ng\u01b0\u1eddi s\u1eed d\u1ee5ng.<\/p>\n<p>S\u1eefa t\u01b0\u01a1i d\u1ea1ng b\u1ed9t Devondale \u0111\u00e3 v\u00e0 \u0111ang \u0111\u01b0\u1ee3c ng\u01b0\u1eddi ti\u00eau d\u00f9ng kh\u1eafp th\u1ebf gi\u1edbi tin t\u01b0\u1edfng l\u1ef1a ch\u1ecdn.<\/p>\n<h2><strong>S\u1eefa b\u1ed9t Devondale \u0111\u01b0\u1ee3c thi\u1ebft k\u1ebf bao b\u00ec m\u1edbi l\u1ea1<\/strong><\/h2>\n<p>\u0110\u1ec3 kh\u1eb3ng \u0111\u1ecbnh \u0111\u01b0\u1ee3c th\u01b0\u01a1ng hi\u1ec7u, tr\u00e1nh vi\u1ec7c l\u00e0m nh\u00e1i, l\u00e0m gi\u1ea3 bao b\u00ec s\u1ea3n ph\u1ea9m, nh\u00e0 s\u1ea3n xu\u1ea5t Devondale Murray Goulburn \u0111\u00e3 \u0111\u1ea7u t\u01b0 k\u1ef9 l\u01b0\u1ee1ng cho S\u1eefa Devondale b\u1ed9t 1kg.<\/p>\n<p>Thi\u1ebft k\u1ebf bao b\u00ec s\u1eed d\u1ee5ng \u00e1nh kim \u0111\u1ed9c \u0111\u00e1o kh\u1eb3ng \u0111\u1ecbnh ch\u1ea5t l\u01b0\u1ee3ng s\u1eefa cao c\u1ea5p.<\/p>\n<div id=\"attachment_2370\" class=\"wp-caption aligncenter\"><img loading=\"lazy\" decoding=\"async\" class=\"wp-image-2370 size-full lazyloaded\" src=\"https:\/\/shopsuabim.vn\/wp-content\/uploads\/2019\/02\/sua-bot-devondale.jpg\" sizes=\"auto, (max-width: 600px) 100vw, 600px\" srcset=\"https:\/\/shopsuabim.vn\/wp-content\/uploads\/2019\/02\/sua-bot-devondale.jpg 600w, https:\/\/shopsuabim.vn\/wp-content\/uploads\/2019\/02\/sua-bot-devondale-300x242.jpg 300w, https:\/\/shopsuabim.vn\/wp-content\/uploads\/2019\/02\/sua-bot-devondale-20x16.jpg 20w\" alt=\"H\u00ecnh \u1ea3nh t\u00fai s\u1eefa devondale nguy\u00ean kem 1kg\" width=\"600\" height=\"483\" data-lazy-src=\"https:\/\/shopsuabim.vn\/wp-content\/uploads\/2019\/02\/sua-bot-devondale.jpg\" data-lazy-srcset=\"https:\/\/shopsuabim.vn\/wp-content\/uploads\/2019\/02\/sua-bot-devondale.jpg 600w, https:\/\/shopsuabim.vn\/wp-content\/uploads\/2019\/02\/sua-bot-devondale-300x242.jpg 300w, https:\/\/shopsuabim.vn\/wp-content\/uploads\/2019\/02\/sua-bot-devondale-20x16.jpg 20w\" data-lazy-sizes=\"(max-width: 600px) 100vw, 600px\" data-was-processed=\"true\" \/>\n<p class=\"wp-caption-text\">H\u00ecnh \u1ea3nh t\u00fai s\u1eefa devondale nguy\u00ean kem 1kg<\/p>\n<\/div>\n<h2><strong>S\u1eefa Devondale b\u1ed9t 1kg \u0111\u01b0\u1ee3c c\u00f4ng ty C\u00f4ng ty TNHH DKSH Vi\u1ec7t Nam nh\u1eadp kh\u1ea9u v\u00e0 ph\u00e2n ph\u1ed1i ch\u00ednh th\u1ee9c t\u1ea1i Vi\u1ec7t Nam t\u1eeb th\u00e1ng 08\/2013<\/strong><\/h2>\n<p>Nh\u1eefng kh\u00e1ch h\u00e0ng mu\u1ed1n s\u1eed d\u1ee5ng S\u1eefa Devondale b\u1ed9t 1kg ch\u00ednh h\u00e3ng t\u1ea1i Vi\u1ec7t Nam \u0111\u00e3 c\u00f3 th\u1ec3 t\u00ecm mua s\u1ea3n ph\u1ea9m th\u00f4ng qua c\u00e1c c\u1eeda h\u00e0ng s\u1eefa l\u1edbn m\u00e0 kh\u00f4ng c\u1ea7n ph\u1ea3i mua h\u00e0ng x\u00e1ch tay tr\u00f4i n\u1ed5i.<\/p>\n<p>H\u01a1n 15 n\u0103m c\u00f3 m\u1eb7t tr\u00ean th\u1ecb tr\u01b0\u1eddng, s\u1eefa Devondale b\u1ed9t 1kg l\u1ecdt top nh\u1eefng s\u1ea3n ph\u1ea9m s\u1eefa b\u00e1n ch\u1ea1y nh\u1ea5t, \u0111\u01b0\u1ee3c t\u00ecm mua nhi\u1ec1u nh\u1ea5t.<\/p>\n<p>N\u1ebfu c\u00e1c m\u1eb9 c\u0169ng mu\u1ed1n s\u1eed d\u1ee5ng s\u1eefa s\u1ea1ch, \u0111\u1ea3m b\u1ea3o v\u1ec7 sinh tuy\u1ec7t \u0111\u1ed1i cho nh\u1eefng ng\u01b0\u1eddi th\u00e2n y\u00eau c\u1ee7a m\u00ecnh, h\u00e3y t\u00ecm mua ngay s\u1eefa Devondale b\u1ed9t 1kg.<\/p>\n<h2><strong>Th\u00e0nh ph\u1ea7n dinh d\u01b0\u1ee1ng trong S\u1eefa Devondale b\u1ed9t nguy\u00ean kem.<\/strong><\/h2>\n<p>\u0110\u1ec3 qu\u00fd kh\u00e1ch h\u00e0ng c\u00f3 th\u1ec3 hi\u1ec3u r\u00f5 v\u1ec1 th\u00e0nh ph\u1ea7n dinh d\u01b0\u1ee1ng trong S\u1eefa Devondale b\u1ed9t 1kg, Suabim.vn s\u1ebd ph\u00e2n t\u00edch c\u1ee5 th\u1ec3 v\u1ec1 h\u00e0m l\u01b0\u1ee3ng c\u00e1c ch\u1ea5t trong s\u1eefa.<\/p>\n<p>+ Tr\u01b0\u1edbc h\u1ebft, b\u1ea1n ph\u1ea3i hi\u1ec3u r\u1eb1ng, S\u1eefa Devondale b\u1ed9t 1kg l\u00e0 s\u1eefa t\u01b0\u01a1i nguy\u00ean ch\u1ea5t \u0111\u01b0\u1ee3c c\u00f4 \u0111\u1eb7c \u1edf d\u1ea1ng b\u1ed9t.<\/p>\n<p>Th\u00e0nh ph\u1ea7n c\u1ee7a s\u1eefa kh\u00f4ng b\u1ecb t\u00e1c \u0111\u1ed9ng, kh\u00f4ng th\u00eam ph\u1ee5 gia n\u00e0o kh\u00e1c. Do \u0111\u00f3, \u0111\u1ea3m b\u1ea3o ngu\u1ed3n s\u1eefa t\u01b0\u01a1i ngon nh\u1ea5t.<\/p>\n<p>H\u01a1n n\u1eefa, s\u1eefa \u0111\u01b0\u1ee3c c\u00f4 \u0111\u1eb7c \u1edf d\u1ea1ng b\u1ed9t c\u00f3 kh\u1ea3 n\u0103ng l\u01b0u gi\u1eef l\u00e2u h\u01a1n. Kh\u00e1c h\u1eb3n v\u1edbi nh\u1eefng d\u00f2ng s\u1eefa t\u01b0\u01a1i u\u1ed1ng s\u1eb5n tr\u00ean th\u1ecb tr\u01b0\u1eddng d\u1ec5 b\u1ecb h\u1ecfng, ph\u1ea3i th\u00eam ph\u1ee5 gia b\u1ea3o qu\u1ea3n.<\/p>\n<p>D\u00f9 nh\u1eefng ph\u1ee5 gia n\u00e0y \u0111\u01b0\u1ee3c cho ph\u00e9p s\u1eed d\u1ee5ng nh\u01b0ng v\u1eabn \u1ea3nh h\u01b0\u1edfng c\u01a1 th\u1ec3 ng\u01b0\u1eddi d\u00f9ng.<\/p>\n","protected":false},"excerpt":{"rendered":"<ul>\n<li><strong>H\u00e3ng s\u1ea3n xu\u1ea5t\u00a0 \u00a0 \u00a0:\u00a0<\/strong>\u00a0H\u00e3ng Devondale_\u00dac<\/li>\n<li><strong>Ph\u00ed V\u1eadn Chuy\u1ec3n :\u00a0<\/strong>Giao h\u00e0ng t\u1eadn n\u01a1i mi\u1ec5n ph\u00ed trong n\u1ed9i th\u00e0nh H\u00e0 N\u1ed9i, \u0110\u01a1n h\u00e0ng \u0111\u1eb7t tr\u01b0\u1edbc 14h giao h\u00e0ng tr\u01b0\u1edbc 5h, \u0110\u1eb7t sau 14h giao h\u00e0ng sang ng\u00e0y h\u00f4m sau, Ch\u1ee7 nh\u1eadt Ngh\u1ec9<\/li>\n<\/ul>\n","protected":false},"featured_media":29,"comment_status":"closed","ping_status":"closed","template":"","meta":[],"product_cat":[17,18,19,20,21,22,23,24,25,26,27],"product_tag":[],"class_list":["post-25","product","type-product","status-publish","has-post-thumbnail","hentry","product_cat-sua-cho-nguoi-gia","product_cat-sua-cho-nguoi-suy-than","product_cat-sua-cho-nguoi-tieu-duong","product_cat-sua-cho-nguoi-ung-thu","product_cat-sua-danh-cho-ba-bau","product_cat-sua-ho-tro-he-tieu-hoa","product_cat-sua-nhap-khau","product_cat-sua-tang-can-cho-be","product_cat-sua-tang-can-cho-nguoi-gay","product_cat-sua-tang-chieu-cao-cho-be","product_cat-sua-trong-nuoc"],"yoast_head":"<!-- This site is optimized with the Yoast SEO plugin v18.9 - https:\/\/yoast.com\/wordpress\/plugins\/seo\/ -->\n<title>S\u1eefa Devondale B\u1ed9t 1kg - S\u1eefa B\u1ec9m H\u1ea3i Nam<\/title>\n<meta name=\"robots\" content=\"noindex, follow, max-snippet:-1, max-image-preview:large, max-video-preview:-1\" \/>\n<meta property=\"og:locale\" content=\"vi_VN\" \/>\n<meta property=\"og:type\" content=\"article\" \/>\n<meta property=\"og:title\" content=\"S\u1eefa Devondale B\u1ed9t 1kg - S\u1eefa B\u1ec9m H\u1ea3i Nam\" \/>\n<meta property=\"og:description\" content=\"H\u00e3ng s\u1ea3n xu\u1ea5t\u00a0 \u00a0 \u00a0:\u00a0\u00a0H\u00e3ng Devondale_\u00dac  Ph\u00ed V\u1eadn Chuy\u1ec3n :\u00a0Giao h\u00e0ng t\u1eadn n\u01a1i mi\u1ec5n ph\u00ed trong n\u1ed9i th\u00e0nh H\u00e0 N\u1ed9i, \u0110\u01a1n h\u00e0ng \u0111\u1eb7t tr\u01b0\u1edbc 14h giao h\u00e0ng tr\u01b0\u1edbc 5h, \u0110\u1eb7t sau 14h giao h\u00e0ng sang ng\u00e0y h\u00f4m sau, Ch\u1ee7 nh\u1eadt Ngh\u1ec9\" \/>\n<meta property=\"og:url\" content=\"http:\/\/mau.hoabinhweb.com\/mevabe1\/san-pham\/sua-devondale-bot-1kg\/\" \/>\n<meta property=\"og:site_name\" content=\"S\u1eefa B\u1ec9m H\u1ea3i Nam\" \/>\n<meta property=\"og:image\" content=\"http:\/\/mau.hoabinhweb.com\/mevabe1\/wp-content\/uploads\/2022\/03\/sanpham4.jpg\" \/>\n\t<meta property=\"og:image:width\" content=\"500\" \/>\n\t<meta property=\"og:image:height\" content=\"500\" \/>\n\t<meta property=\"og:image:type\" content=\"image\/jpeg\" \/>\n<meta name=\"twitter:card\" content=\"summary_large_image\" \/>\n<meta name=\"twitter:label1\" content=\"\u01af\u1edbc t\u00ednh th\u1eddi gian \u0111\u1ecdc\" \/>\n\t<meta name=\"twitter:data1\" content=\"4 ph\u00fat\" \/>\n<script type=\"application\/ld+json\" class=\"yoast-schema-graph\">{\"@context\":\"https:\/\/schema.org\",\"@graph\":[{\"@type\":\"WebSite\",\"@id\":\"https:\/\/mau.hoabinhweb.com\/mevabe1\/#website\",\"url\":\"https:\/\/mau.hoabinhweb.com\/mevabe1\/\",\"name\":\"S\u1eefa B\u1ec9m H\u1ea3i Nam\",\"description\":\"\",\"potentialAction\":[{\"@type\":\"SearchAction\",\"target\":{\"@type\":\"EntryPoint\",\"urlTemplate\":\"https:\/\/mau.hoabinhweb.com\/mevabe1\/?s={search_term_string}\"},\"query-input\":\"required name=search_term_string\"}],\"inLanguage\":\"vi\"},{\"@type\":\"ImageObject\",\"inLanguage\":\"vi\",\"@id\":\"http:\/\/mau.hoabinhweb.com\/mevabe1\/san-pham\/sua-devondale-bot-1kg\/#primaryimage\",\"url\":\"http:\/\/mau.hoabinhweb.com\/mevabe1\/wp-content\/uploads\/2022\/03\/sanpham4.jpg\",\"contentUrl\":\"http:\/\/mau.hoabinhweb.com\/mevabe1\/wp-content\/uploads\/2022\/03\/sanpham4.jpg\",\"width\":500,\"height\":500,\"caption\":\"Sanpham4\"},{\"@type\":\"WebPage\",\"@id\":\"http:\/\/mau.hoabinhweb.com\/mevabe1\/san-pham\/sua-devondale-bot-1kg\/#webpage\",\"url\":\"http:\/\/mau.hoabinhweb.com\/mevabe1\/san-pham\/sua-devondale-bot-1kg\/\",\"name\":\"S\u1eefa Devondale B\u1ed9t 1kg - S\u1eefa B\u1ec9m H\u1ea3i Nam\",\"isPartOf\":{\"@id\":\"https:\/\/mau.hoabinhweb.com\/mevabe1\/#website\"},\"primaryImageOfPage\":{\"@id\":\"http:\/\/mau.hoabinhweb.com\/mevabe1\/san-pham\/sua-devondale-bot-1kg\/#primaryimage\"},\"datePublished\":\"2022-03-22T03:06:10+00:00\",\"dateModified\":\"2022-03-22T03:06:10+00:00\",\"breadcrumb\":{\"@id\":\"http:\/\/mau.hoabinhweb.com\/mevabe1\/san-pham\/sua-devondale-bot-1kg\/#breadcrumb\"},\"inLanguage\":\"vi\",\"potentialAction\":[{\"@type\":\"ReadAction\",\"target\":[\"http:\/\/mau.hoabinhweb.com\/mevabe1\/san-pham\/sua-devondale-bot-1kg\/\"]}]},{\"@type\":\"BreadcrumbList\",\"@id\":\"http:\/\/mau.hoabinhweb.com\/mevabe1\/san-pham\/sua-devondale-bot-1kg\/#breadcrumb\",\"itemListElement\":[{\"@type\":\"ListItem\",\"position\":1,\"name\":\"Trang ch\u1ee7\",\"item\":\"https:\/\/mau.hoabinhweb.com\/mevabe1\/\"},{\"@type\":\"ListItem\",\"position\":2,\"name\":\"C\u1eeda h\u00e0ng\",\"item\":\"http:\/\/mau.hoabinhweb.com\/mevabe1\/cua-hang\/\"},{\"@type\":\"ListItem\",\"position\":3,\"name\":\"S\u1eefa cho ng\u01b0\u1eddi gi\u00e0\",\"item\":\"http:\/\/mau.hoabinhweb.com\/mevabe1\/danh-muc\/sua-cho-nguoi-gia\/\"},{\"@type\":\"ListItem\",\"position\":4,\"name\":\"S\u1eefa Devondale B\u1ed9t 1kg\"}]}]}<\/script>\n<!-- \/ Yoast SEO plugin. -->","yoast_head_json":{"title":"S\u1eefa Devondale B\u1ed9t 1kg - S\u1eefa B\u1ec9m H\u1ea3i Nam","robots":{"index":"noindex","follow":"follow","max-snippet":"max-snippet:-1","max-image-preview":"max-image-preview:large","max-video-preview":"max-video-preview:-1"},"og_locale":"vi_VN","og_type":"article","og_title":"S\u1eefa Devondale B\u1ed9t 1kg - S\u1eefa B\u1ec9m H\u1ea3i Nam","og_description":"H\u00e3ng s\u1ea3n xu\u1ea5t\u00a0 \u00a0 \u00a0:\u00a0\u00a0H\u00e3ng Devondale_\u00dac  Ph\u00ed V\u1eadn Chuy\u1ec3n :\u00a0Giao h\u00e0ng t\u1eadn n\u01a1i mi\u1ec5n ph\u00ed trong n\u1ed9i th\u00e0nh H\u00e0 N\u1ed9i, \u0110\u01a1n h\u00e0ng \u0111\u1eb7t tr\u01b0\u1edbc 14h giao h\u00e0ng tr\u01b0\u1edbc 5h, \u0110\u1eb7t sau 14h giao h\u00e0ng sang ng\u00e0y h\u00f4m sau, Ch\u1ee7 nh\u1eadt Ngh\u1ec9","og_url":"http:\/\/mau.hoabinhweb.com\/mevabe1\/san-pham\/sua-devondale-bot-1kg\/","og_site_name":"S\u1eefa B\u1ec9m H\u1ea3i Nam","og_image":[{"width":500,"height":500,"url":"http:\/\/mau.hoabinhweb.com\/mevabe1\/wp-content\/uploads\/2022\/03\/sanpham4.jpg","type":"image\/jpeg"}],"twitter_card":"summary_large_image","twitter_misc":{"\u01af\u1edbc t\u00ednh th\u1eddi gian \u0111\u1ecdc":"4 ph\u00fat"},"schema":{"@context":"https:\/\/schema.org","@graph":[{"@type":"WebSite","@id":"https:\/\/mau.hoabinhweb.com\/mevabe1\/#website","url":"https:\/\/mau.hoabinhweb.com\/mevabe1\/","name":"S\u1eefa B\u1ec9m H\u1ea3i Nam","description":"","potentialAction":[{"@type":"SearchAction","target":{"@type":"EntryPoint","urlTemplate":"https:\/\/mau.hoabinhweb.com\/mevabe1\/?s={search_term_string}"},"query-input":"required name=search_term_string"}],"inLanguage":"vi"},{"@type":"ImageObject","inLanguage":"vi","@id":"http:\/\/mau.hoabinhweb.com\/mevabe1\/san-pham\/sua-devondale-bot-1kg\/#primaryimage","url":"http:\/\/mau.hoabinhweb.com\/mevabe1\/wp-content\/uploads\/2022\/03\/sanpham4.jpg","contentUrl":"http:\/\/mau.hoabinhweb.com\/mevabe1\/wp-content\/uploads\/2022\/03\/sanpham4.jpg","width":500,"height":500,"caption":"Sanpham4"},{"@type":"WebPage","@id":"http:\/\/mau.hoabinhweb.com\/mevabe1\/san-pham\/sua-devondale-bot-1kg\/#webpage","url":"http:\/\/mau.hoabinhweb.com\/mevabe1\/san-pham\/sua-devondale-bot-1kg\/","name":"S\u1eefa Devondale B\u1ed9t 1kg - S\u1eefa B\u1ec9m H\u1ea3i Nam","isPartOf":{"@id":"https:\/\/mau.hoabinhweb.com\/mevabe1\/#website"},"primaryImageOfPage":{"@id":"http:\/\/mau.hoabinhweb.com\/mevabe1\/san-pham\/sua-devondale-bot-1kg\/#primaryimage"},"datePublished":"2022-03-22T03:06:10+00:00","dateModified":"2022-03-22T03:06:10+00:00","breadcrumb":{"@id":"http:\/\/mau.hoabinhweb.com\/mevabe1\/san-pham\/sua-devondale-bot-1kg\/#breadcrumb"},"inLanguage":"vi","potentialAction":[{"@type":"ReadAction","target":["http:\/\/mau.hoabinhweb.com\/mevabe1\/san-pham\/sua-devondale-bot-1kg\/"]}]},{"@type":"BreadcrumbList","@id":"http:\/\/mau.hoabinhweb.com\/mevabe1\/san-pham\/sua-devondale-bot-1kg\/#breadcrumb","itemListElement":[{"@type":"ListItem","position":1,"name":"Trang ch\u1ee7","item":"https:\/\/mau.hoabinhweb.com\/mevabe1\/"},{"@type":"ListItem","position":2,"name":"C\u1eeda h\u00e0ng","item":"http:\/\/mau.hoabinhweb.com\/mevabe1\/cua-hang\/"},{"@type":"ListItem","position":3,"name":"S\u1eefa cho ng\u01b0\u1eddi gi\u00e0","item":"http:\/\/mau.hoabinhweb.com\/mevabe1\/danh-muc\/sua-cho-nguoi-gia\/"},{"@type":"ListItem","position":4,"name":"S\u1eefa Devondale B\u1ed9t 1kg"}]}]}},"_links":{"self":[{"href":"http:\/\/mau.hoabinhweb.com\/mevabe1\/wp-json\/wp\/v2\/product\/25","targetHints":{"allow":["GET"]}}],"collection":[{"href":"http:\/\/mau.hoabinhweb.com\/mevabe1\/wp-json\/wp\/v2\/product"}],"about":[{"href":"http:\/\/mau.hoabinhweb.com\/mevabe1\/wp-json\/wp\/v2\/types\/product"}],"replies":[{"embeddable":true,"href":"http:\/\/mau.hoabinhweb.com\/mevabe1\/wp-json\/wp\/v2\/comments?post=25"}],"wp:featuredmedia":[{"embeddable":true,"href":"http:\/\/mau.hoabinhweb.com\/mevabe1\/wp-json\/wp\/v2\/media\/29"}],"wp:attachment":[{"href":"http:\/\/mau.hoabinhweb.com\/mevabe1\/wp-json\/wp\/v2\/media?parent=25"}],"wp:term":[{"taxonomy":"product_cat","embeddable":true,"href":"http:\/\/mau.hoabinhweb.com\/mevabe1\/wp-json\/wp\/v2\/product_cat?post=25"},{"taxonomy":"product_tag","embeddable":true,"href":"http:\/\/mau.hoabinhweb.com\/mevabe1\/wp-json\/wp\/v2\/product_tag?post=25"}],"curies":[{"name":"wp","href":"https:\/\/api.w.org\/{rel}","templated":true}]}}